{"id":381,"date":"2023-03-15T17:35:24","date_gmt":"2023-03-15T17:35:24","guid":{"rendered":"https:\/\/livecasinofinder.com\/?page_id=381"},"modified":"2025-06-03T11:06:50","modified_gmt":"2025-06-03T11:06:50","slug":"about-us","status":"publish","type":"page","link":"https:\/\/livecasinofinder.com\/hu\/about-us\/","title":{"rendered":"R\u00f3lunk"},"content":{"rendered":"<p>\u00dcdv\u00f6z\u00f6lj\u00fck a livecasinofinder.com oldalon, az \u00d6n megb\u00edzhat\u00f3 forr\u00e1sa az elfogulatlan \u00e9s informat\u00edv live casino v\u00e9lem\u00e9nyekhez. Els\u0151dleges k\u00fcldet\u00e9s\u00fcnk, hogy pontos \u00e9s naprak\u00e9sz inform\u00e1ci\u00f3kkal l\u00e1ssuk el olvas\u00f3inkat a legmegb\u00edzhat\u00f3bb \u00e9s legmegb\u00edzhat\u00f3bb online kaszin\u00f3kr\u00f3l, a felel\u0151s szerencsej\u00e1t\u00e9k-gyakorlatok el\u0151mozd\u00edt\u00e1s\u00e1ra \u00f6sszpontos\u00edtva.<\/p>\n<p>A livecasinofinder.hu-n\u00e1l arra t\u00f6reksz\u00fcnk, hogy pontos \u00e9s informat\u00edv v\u00e9lem\u00e9nyeket adjunk \u00d6nnek az online el\u00e9rhet\u0151 legjobb live casino-kr\u0151l. Els\u0151dleges k\u00fcldet\u00e9s\u00fcnk, hogy seg\u00edts\u00fcnk \u00d6nnek t\u00e1j\u00e9kozott d\u00f6nt\u00e9seket hozni arr\u00f3l, hogy hol j\u00e1tszhat online.<\/p>\n<h2>Csapatunk<\/h2>\n<p><a href=\"\/hu\/recommends\/reg\/\" target=\"_blank\" rel=\"noreferrer noopener nofollow\"><img decoding=\"async\" class=\"wp-image-392 alignright\" src=\"https:\/\/livecasinofinder.com\/wp-content\/uploads\/2023\/03\/team.jpg\" alt=\"\u00c9l\u0151 kaszin\u00f3 csapat.\" width=\"346\" height=\"192\" srcset=\"https:\/\/livecasinofinder.com\/wp-content\/uploads\/2023\/03\/team.jpg 597w, https:\/\/livecasinofinder.com\/wp-content\/uploads\/2023\/03\/team-300x166.jpg 300w, https:\/\/livecasinofinder.com\/wp-content\/uploads\/2023\/03\/team-18x10.jpg 18w, https:\/\/livecasinofinder.com\/wp-content\/uploads\/2023\/03\/team-72x40.jpg 72w, https:\/\/livecasinofinder.com\/wp-content\/uploads\/2023\/03\/team-58x32.jpg 58w, https:\/\/livecasinofinder.com\/wp-content\/uploads\/2023\/03\/team-144x80.jpg 144w, https:\/\/livecasinofinder.com\/wp-content\/uploads\/2023\/03\/team-243x135.jpg 243w\" sizes=\"(max-width: 346px) 100vw, 346px\" \/><\/a><\/p>\n<p>Tapasztalt \u00e9s hozz\u00e1\u00e9rt\u0151 \u00e9rt\u00e9kel\u0151kb\u0151l \u00e1ll\u00f3 csapatunk elk\u00f6telezett amellett, hogy olvas\u00f3inkat a lehet\u0151 legjobb inform\u00e1ci\u00f3kkal l\u00e1ssa el. Hisz\u00fcnk a kiterjedt kutat\u00e1s \u00e9s elemz\u00e9s fontoss\u00e1g\u00e1ban, \u00e9s arra t\u00f6reksz\u00fcnk, hogy meg\u00e1llap\u00edt\u00e1saink alapj\u00e1n \u0151szinte \u00e9s p\u00e1rtatlan \u00e9rt\u00e9kel\u00e9seket adjunk.<\/p>\n<h2>El\u0151nyeink<\/h2>\n<p><a href=\"\/hu\/recommends\/reg\/\" target=\"_blank\" rel=\"noreferrer noopener nofollow\"><img decoding=\"async\" class=\"wp-image-384 alignleft\" src=\"https:\/\/livecasinofinder.com\/wp-content\/uploads\/2023\/03\/advantages.jpg\" alt=\"Lucasoilraceway.com el\u0151ny\u00f6k.\" width=\"496\" height=\"498\" srcset=\"https:\/\/livecasinofinder.com\/wp-content\/uploads\/2023\/03\/advantages.jpg 463w, https:\/\/livecasinofinder.com\/wp-content\/uploads\/2023\/03\/advantages-300x300.jpg 300w, https:\/\/livecasinofinder.com\/wp-content\/uploads\/2023\/03\/advantages-150x150.jpg 150w, https:\/\/livecasinofinder.com\/wp-content\/uploads\/2023\/03\/advantages-12x12.jpg 12w, https:\/\/livecasinofinder.com\/wp-content\/uploads\/2023\/03\/advantages-40x40.jpg 40w, https:\/\/livecasinofinder.com\/wp-content\/uploads\/2023\/03\/advantages-50x50.jpg 50w, https:\/\/livecasinofinder.com\/wp-content\/uploads\/2023\/03\/advantages-100x100.jpg 100w, https:\/\/livecasinofinder.com\/wp-content\/uploads\/2023\/03\/advantages-120x120.jpg 120w, https:\/\/livecasinofinder.com\/wp-content\/uploads\/2023\/03\/advantages-135x135.jpg 135w, https:\/\/livecasinofinder.com\/wp-content\/uploads\/2023\/03\/advantages-270x270.jpg 270w, https:\/\/livecasinofinder.com\/wp-content\/uploads\/2023\/03\/advantages-32x32.jpg 32w, https:\/\/livecasinofinder.com\/wp-content\/uploads\/2023\/03\/advantages-80x80.jpg 80w, https:\/\/livecasinofinder.com\/wp-content\/uploads\/2023\/03\/advantages-134x135.jpg 134w\" sizes=\"(max-width: 496px) 100vw, 496px\" \/><\/a><\/p>\n<p>A livecasinofinder.com v\u00e1laszt\u00e1s\u00e1nak egyik el\u0151nye a felel\u0151s szerencsej\u00e1t\u00e9k ir\u00e1nti elk\u00f6telezetts\u00e9g\u00fcnk. B\u00fcszk\u00e9k vagyunk a biztons\u00e1gos \u00e9s ellen\u0151rz\u00f6tt szerencsej\u00e1t\u00e9k-gyakorlatok n\u00e9pszer\u0171s\u00edt\u00e9s\u00e9re, \u00e9s c\u00e9lunk, hogy pontos \u00e9s naprak\u00e9sz inform\u00e1ci\u00f3kkal l\u00e1ssuk el olvas\u00f3inkat, hogy seg\u00edts\u00fck \u0151ket az online szerencsej\u00e1t\u00e9kkal kapcsolatos megalapozott d\u00f6nt\u00e9sek meghozatal\u00e1ban.<\/p>\n<p>Egy m\u00e1sik el\u0151ny\u00fcnk az informat\u00edv tartalomra val\u00f3 \u00f6sszpontos\u00edt\u00e1s. Tartalmunkat \u00fagy tervezt\u00fck, hogy hasznos \u00e9s informat\u00edv legyen, \u00e9s olvas\u00f3inknak megadjuk a sz\u00fcks\u00e9ges inform\u00e1ci\u00f3kat, hogy eld\u00f6nthess\u00e9k, hol j\u00e1tszanak online szerencsej\u00e1t\u00e9kot. Meg\u00e9rtj\u00fck, hogy az online szerencsej\u00e1t\u00e9k egyszerre lehet izgalmas \u00e9s megterhel\u0151, \u00e9s igyeksz\u00fcnk leegyszer\u0171s\u00edteni a folyamatot azzal, hogy r\u00e9szletes \u00e9s k\u00f6nnyen \u00e9rthet\u0151 \u00e9rt\u00e9kel\u00e9seket ny\u00fajtunk.<\/p>\n<p>F\u00fcggetlen webhelyk\u00e9nt nem \u00e1llunk kapcsolatban az \u00e1ltalunk vizsg\u00e1lt online kaszin\u00f3kkal, \u00edgy sz\u00e9lesk\u00f6r\u0171 kutat\u00e1son \u00e9s elemz\u00e9sen alapul\u00f3, elfogulatlan \u00e9s objekt\u00edv v\u00e9lem\u00e9nyeket tudunk adni. B\u00fcszk\u00e9k vagyunk arra, hogy elk\u00f6telezettek vagyunk a felel\u0151s szerencsej\u00e1t\u00e9k-gyakorlatok el\u0151mozd\u00edt\u00e1sa mellett, \u00e9s arra, hogy az eg\u00e9szs\u00e9ges \u00e9s \u00e9lvezetes j\u00e1t\u00e9k\u00e9lm\u00e9nyre \u00f6sszpontos\u00edtunk.<\/p>\n<p>Folyamatosan figyelemmel k\u00eds\u00e9rj\u00fck az online kaszin\u00f3piacot, \u00e9s ennek megfelel\u0151en friss\u00edtj\u00fck v\u00e9lem\u00e9nyeinket, hogy olvas\u00f3ink mindig az \u00e9lvonalban maradhassanak, \u00e9s megalapozott d\u00f6nt\u00e9seket hozhassanak. Elk\u00f6telezettek vagyunk amellett, hogy a lehet\u0151 legjobb szolg\u00e1ltat\u00e1st ny\u00fajtsuk olvas\u00f3inknak \u00e9s partnereinknek, \u00e9s sz\u00edvesen fogadjuk a visszajelz\u00e9seket \u00e9s javaslatokat. Ha b\u00e1rmilyen k\u00e9rd\u00e9se vagy \u00e9szrev\u00e9tele van, k\u00e9rj\u00fck, ne habozzon kapcsolatba l\u00e9pni vel\u00fcnk.<\/p>\n<h2>K\u00f6vetkeztet\u00e9s<\/h2>\n<p>K\u00f6sz\u00f6nj\u00fck, hogy a livecasinofinder.com-ot v\u00e1lasztotta az live casino \u00e9rt\u00e9kel\u00e9sek megb\u00edzhat\u00f3 forr\u00e1sak\u00e9nt. Elk\u00f6telezettek vagyunk amellett, hogy a lehet\u0151 legjobb szolg\u00e1ltat\u00e1st ny\u00fajtsuk olvas\u00f3inknak \u00e9s partnereinknek, \u00e9s sz\u00edvesen fogadjuk a visszajelz\u00e9seket \u00e9s javaslatokat. Ha b\u00e1rmilyen k\u00e9rd\u00e9se vagy \u00e9szrev\u00e9tele van, k\u00e9rj\u00fck, ne habozzon kapcsolatba l\u00e9pni vel\u00fcnk. V\u00e1rjuk, hogy seg\u00edts\u00fcnk \u00d6nnek t\u00e1j\u00e9kozott d\u00f6nt\u00e9seket hozni, \u00e9s \u00e9lvezhet\u0151 \u00e9s biztons\u00e1gos online szerencsej\u00e1t\u00e9k-\u00e9lm\u00e9nyt ny\u00fajtani.<\/p>","protected":false},"excerpt":{"rendered":"<p>\u00dcdv\u00f6z\u00f6lj\u00fck a livecasinofinder.com oldalon, az \u00d6n megb\u00edzhat\u00f3 forr\u00e1sa az elfogulatlan \u00e9s informat\u00edv live casino \u00e9rt\u00e9kel\u00e9sekhez. Els\u0151dleges k\u00fcldet\u00e9s\u00fcnk, hogy pontos \u00e9s naprak\u00e9sz inform\u00e1ci\u00f3kkal l\u00e1ssuk el olvas\u00f3inkat a legmegb\u00edzhat\u00f3bb \u00e9s legmegb\u00edzhat\u00f3bb online kaszin\u00f3kr\u00f3l, a felel\u0151s szerencsej\u00e1t\u00e9k-gyakorlatok el\u0151mozd\u00edt\u00e1s\u00e1ra \u00f6sszpontos\u00edtva. A livecasinofinder.com-n\u00e1l arra t\u00f6reksz\u00fcnk, hogy pontos \u00e9s informat\u00edv \u00e9rt\u00e9kel\u00e9seket ny\u00fajtsunk \u00d6nnek a [...]<\/p>","protected":false},"author":1,"featured_media":0,"parent":0,"menu_order":0,"comment_status":"closed","ping_status":"closed","template":"page-full-width.php","meta":{"_lmt_disableupdate":"no","_lmt_disable":"no","footnotes":""},"class_list":["post-381","page","type-page","status-publish","hentry"],"yoast_head":"<!-- This site is optimized with the Yoast SEO plugin v26.4 - https:\/\/yoast.com\/wordpress\/plugins\/seo\/ -->\n<title>About Us - Live Casino Finder Team and Mission<\/title>\n<meta name=\"description\" content=\"Learn how Live Casino Finder helps you choose the best live casinos with trusted reviews and expert guidance for a confident gaming experience.\" \/>\n<meta name=\"robots\" content=\"index, follow, max-snippet:-1, max-image-preview:large, max-video-preview:-1\" \/>\n<link rel=\"canonical\" href=\"https:\/\/livecasinofinder.com\/wp-json\/wp\/v2\/pages\/381\/\" \/>\n<meta property=\"og:locale\" content=\"hu_HU\" \/>\n<meta property=\"og:type\" content=\"article\" \/>\n<meta property=\"og:title\" content=\"About Us - Live Casino Finder Team and Mission\" \/>\n<meta property=\"og:description\" content=\"Learn how Live Casino Finder helps you choose the best live casinos with trusted reviews and expert guidance for a confident gaming experience.\" \/>\n<meta property=\"og:url\" content=\"https:\/\/livecasinofinder.com\/hu\/about-us\/\" \/>\n<meta property=\"og:site_name\" content=\"livecasinofinder.com\" \/>\n<meta property=\"article:modified_time\" content=\"2025-06-03T11:06:50+00:00\" \/>\n<meta property=\"og:image\" content=\"https:\/\/livecasinofinder.com\/wp-content\/uploads\/2023\/03\/team.jpg\" \/>\n\t<meta property=\"og:image:width\" content=\"597\" \/>\n\t<meta property=\"og:image:height\" content=\"331\" \/>\n\t<meta property=\"og:image:type\" content=\"image\/jpeg\" \/>\n<meta name=\"twitter:card\" content=\"summary_large_image\" \/>\n<meta name=\"twitter:label1\" content=\"Becs\u00fclt olvas\u00e1si id\u0151\" \/>\n\t<meta name=\"twitter:data1\" content=\"3 perc\" \/>\n<!-- \/ Yoast SEO plugin. -->","yoast_head_json":{"title":"About Us - Live Casino Finder Team and Mission","description":"Learn how Live Casino Finder helps you choose the best live casinos with trusted reviews and expert guidance for a confident gaming experience.","robots":{"index":"index","follow":"follow","max-snippet":"max-snippet:-1","max-image-preview":"max-image-preview:large","max-video-preview":"max-video-preview:-1"},"canonical":"https:\/\/livecasinofinder.com\/wp-json\/wp\/v2\/pages\/381\/","og_locale":"hu_HU","og_type":"article","og_title":"About Us - Live Casino Finder Team and Mission","og_description":"Learn how Live Casino Finder helps you choose the best live casinos with trusted reviews and expert guidance for a confident gaming experience.","og_url":"https:\/\/livecasinofinder.com\/hu\/about-us\/","og_site_name":"livecasinofinder.com","article_modified_time":"2025-06-03T11:06:50+00:00","og_image":[{"width":597,"height":331,"url":"https:\/\/livecasinofinder.com\/wp-content\/uploads\/2023\/03\/team.jpg","type":"image\/jpeg"}],"twitter_card":"summary_large_image","twitter_misc":{"Becs\u00fclt olvas\u00e1si id\u0151":"3 perc"},"schema":{"@context":"https:\/\/schema.org","@graph":[{"@type":"WebPage","@id":"https:\/\/livecasinofinder.com\/about-us\/","url":"https:\/\/livecasinofinder.com\/about-us\/","name":"About Us - Live Casino Finder Team and Mission","isPartOf":{"@id":"https:\/\/livecasinofinder.com\/ja\/#website"},"primaryImageOfPage":{"@id":"https:\/\/livecasinofinder.com\/about-us\/#primaryimage"},"image":{"@id":"https:\/\/livecasinofinder.com\/about-us\/#primaryimage"},"thumbnailUrl":"https:\/\/livecasinofinder.com\/wp-content\/uploads\/2023\/03\/team.jpg","datePublished":"2023-03-15T17:35:24+00:00","dateModified":"2025-06-03T11:06:50+00:00","description":"Learn how Live Casino Finder helps you choose the best live casinos with trusted reviews and expert guidance for a confident gaming experience.","breadcrumb":{"@id":"https:\/\/livecasinofinder.com\/about-us\/#breadcrumb"},"inLanguage":"hu","potentialAction":[{"@type":"ReadAction","target":["https:\/\/livecasinofinder.com\/about-us\/"]}]},{"@type":"ImageObject","inLanguage":"hu","@id":"https:\/\/livecasinofinder.com\/about-us\/#primaryimage","url":"https:\/\/livecasinofinder.com\/wp-content\/uploads\/2023\/03\/team.jpg","contentUrl":"https:\/\/livecasinofinder.com\/wp-content\/uploads\/2023\/03\/team.jpg"},{"@type":"BreadcrumbList","@id":"https:\/\/livecasinofinder.com\/about-us\/#breadcrumb","itemListElement":[{"@type":"ListItem","position":1,"name":"LiveCasinoFinder.com","item":"https:\/\/livecasinofinder.com\/fr\/"},{"@type":"ListItem","position":2,"name":"About Us"}]},{"@type":"WebSite","@id":"https:\/\/livecasinofinder.com\/ja\/#website","url":"https:\/\/livecasinofinder.com\/ja\/","name":"livecasinofinder","description":"","publisher":{"@id":"https:\/\/livecasinofinder.com\/ja\/#organization"},"alternateName":"Lucas oil raceway live casino","potentialAction":[{"@type":"SearchAction","target":{"@type":"EntryPoint","urlTemplate":"https:\/\/livecasinofinder.com\/ja\/?s={search_term_string}"},"query-input":{"@type":"PropertyValueSpecification","valueRequired":true,"valueName":"search_term_string"}}],"inLanguage":"hu"},{"@type":"Organization","@id":"https:\/\/livecasinofinder.com\/ja\/#organization","name":"\u00c9l\u0151 kaszin\u00f3 keres\u0151","alternateName":"Lucas oil raceway live casino","url":"https:\/\/livecasinofinder.com\/ja\/","logo":{"@type":"ImageObject","inLanguage":"hu","@id":"https:\/\/livecasinofinder.com\/ja\/#\/schema\/logo\/image\/","url":"https:\/\/livecasinofinder.com\/wp-content\/uploads\/2023\/04\/livecasinofinder-logo.png","contentUrl":"https:\/\/livecasinofinder.com\/wp-content\/uploads\/2023\/04\/livecasinofinder-logo.png","width":1600,"height":453,"caption":"Live Casino Finder"},"image":{"@id":"https:\/\/livecasinofinder.com\/ja\/#\/schema\/logo\/image\/"}}]}},"_links":{"self":[{"href":"https:\/\/livecasinofinder.com\/hu\/wp-json\/wp\/v2\/pages\/381","targetHints":{"allow":["GET"]}}],"collection":[{"href":"https:\/\/livecasinofinder.com\/hu\/wp-json\/wp\/v2\/pages"}],"about":[{"href":"https:\/\/livecasinofinder.com\/hu\/wp-json\/wp\/v2\/types\/page"}],"author":[{"embeddable":true,"href":"https:\/\/livecasinofinder.com\/hu\/wp-json\/wp\/v2\/users\/1"}],"replies":[{"embeddable":true,"href":"https:\/\/livecasinofinder.com\/hu\/wp-json\/wp\/v2\/comments?post=381"}],"version-history":[{"count":0,"href":"https:\/\/livecasinofinder.com\/hu\/wp-json\/wp\/v2\/pages\/381\/revisions"}],"wp:attachment":[{"href":"https:\/\/livecasinofinder.com\/hu\/wp-json\/wp\/v2\/media?parent=381"}],"curies":[{"name":"wp","href":"https:\/\/api.w.org\/{rel}","templated":true}]}}