{"id":2113,"date":"2023-06-20T14:28:59","date_gmt":"2023-06-20T14:28:59","guid":{"rendered":"https:\/\/livecasinofinder.com\/?page_id=2113"},"modified":"2025-06-03T11:11:51","modified_gmt":"2025-06-03T11:11:51","slug":"terms-and-conditions","status":"publish","type":"page","link":"https:\/\/livecasinofinder.com\/hu\/terms-and-conditions\/","title":{"rendered":"Felt\u00e9telek \u00e9s felt\u00e9telek"},"content":{"rendered":"<p>\u00dcdv\u00f6z\u00f6lj\u00fck a LiveCasinoFinder.com oldalon. Az al\u00e1bbi \u00c1ltal\u00e1nos Szerz\u0151d\u00e9si Felt\u00e9telek szab\u00e1lyozz\u00e1k az al\u00e1bbi weboldal haszn\u00e1lat\u00e1t <a href=\"\/hu\/\">LiveCasinoFinder.com weboldal<\/a>. Felt\u00e9tlen\u00fcl olvassa el \u00e9s \u00e9rtse meg ezeket az \u00c1ltal\u00e1nos Szerz\u0151d\u00e9si Felt\u00e9teleket, miel\u0151tt ig\u00e9nybe venn\u00e9 szolg\u00e1ltat\u00e1sainkat.<\/p>\n<div id=\"ez-toc-container\" class=\"ez-toc-v2_0_63 counter-hierarchy ez-toc-counter ez-toc-grey ez-toc-container-direction\">\n<label for=\"ez-toc-cssicon-toggle-item-69e3353557e78\" class=\"ez-toc-cssicon-toggle-label\"><span class=\"ez-toc-cssicon\"><span class=\"eztoc-hide\" style=\"display:none;\">Toggle<\/span><span class=\"ez-toc-icon-toggle-span\"><svg style=\"fill: #999;color:#999\" xmlns=\"http:\/\/www.w3.org\/2000\/svg\" class=\"list-377408\" width=\"20px\" height=\"20px\" viewbox=\"0 0 24 24\" fill=\"none\"><path d=\"M6 6H4v2h2V6zm14 0H8v2h12V6zM4 11h2v2H4v-2zm16 0H8v2h12v-2zM4 16h2v2H4v-2zm16 0H8v2h12v-2z\" fill=\"currentColor\"><\/path><\/svg><svg style=\"fill: #999;color:#999\" class=\"arrow-unsorted-368013\" xmlns=\"http:\/\/www.w3.org\/2000\/svg\" width=\"10px\" height=\"10px\" viewbox=\"0 0 24 24\" version=\"1.2\" baseprofile=\"tiny\"><path d=\"M18.2 9.3l-6.2-6.3-6.2 6.3c-.2.2-.3.4-.3.7s.1.5.3.7c.2.2.4.3.7.3h11c.3 0 .5-.1.7-.3.2-.2.3-.5.3-.7s-.1-.5-.3-.7zM5.8 14.7l6.2 6.3 6.2-6.3c.2-.2.3-.5.3-.7s-.1-.5-.3-.7c-.2-.2-.4-.3-.7-.3h-11c-.3 0-.5.1-.7.3-.2.2-.3.5-.3.7s.1.5.3.7z\"\/><\/svg><\/span><\/span><\/label><input type=\"checkbox\"  id=\"ez-toc-cssicon-toggle-item-69e3353557e78\" checked aria-label=\"Toggle\" \/><nav><ul class='ez-toc-list ez-toc-list-level-1' ><li class='ez-toc-page-1 ez-toc-heading-level-2'><a class=\"ez-toc-link ez-toc-heading-1\" href=\"https:\/\/livecasinofinder.com\/hu\/terms-and-conditions\/#Purpose_of_the_Terms_and_Conditions_and_Information\" title=\"Az \u00c1ltal\u00e1nos Szerz\u0151d\u00e9si Felt\u00e9telek \u00e9s Inform\u00e1ci\u00f3k c\u00e9lja\">Az \u00c1ltal\u00e1nos Szerz\u0151d\u00e9si Felt\u00e9telek \u00e9s Inform\u00e1ci\u00f3k c\u00e9lja<\/a><\/li><li class='ez-toc-page-1 ez-toc-heading-level-2'><a class=\"ez-toc-link ez-toc-heading-2\" href=\"https:\/\/livecasinofinder.com\/hu\/terms-and-conditions\/#Disclaimer_and_Legal_Advice\" title=\"Jogi nyilatkozat \u00e9s jogi tan\u00e1csad\u00e1s\">Jogi nyilatkozat \u00e9s jogi tan\u00e1csad\u00e1s<\/a><\/li><li class='ez-toc-page-1 ez-toc-heading-level-2'><a class=\"ez-toc-link ez-toc-heading-3\" href=\"https:\/\/livecasinofinder.com\/hu\/terms-and-conditions\/#LiveCasinoFindercom_as_an_Independent_Gambling_Directory_and_Information_Service\" title=\"LiveCasinoFinder.com mint f\u00fcggetlen szerencsej\u00e1t\u00e9k k\u00f6nyvt\u00e1r \u00e9s inform\u00e1ci\u00f3s szolg\u00e1ltat\u00e1s\">LiveCasinoFinder.com mint f\u00fcggetlen szerencsej\u00e1t\u00e9k k\u00f6nyvt\u00e1r \u00e9s inform\u00e1ci\u00f3s szolg\u00e1ltat\u00e1s<\/a><\/li><li class='ez-toc-page-1 ez-toc-heading-level-2'><a class=\"ez-toc-link ez-toc-heading-4\" href=\"https:\/\/livecasinofinder.com\/hu\/terms-and-conditions\/#Accuracy_of_Information\" title=\"Az inform\u00e1ci\u00f3 pontoss\u00e1ga\">Az inform\u00e1ci\u00f3 pontoss\u00e1ga<\/a><\/li><li class='ez-toc-page-1 ez-toc-heading-level-2'><a class=\"ez-toc-link ez-toc-heading-5\" href=\"https:\/\/livecasinofinder.com\/hu\/terms-and-conditions\/#User_Responsibility_for_Legality_of_Games_and_Wagers\" title=\"Felhaszn\u00e1l\u00f3i felel\u0151ss\u00e9g a j\u00e1t\u00e9kok \u00e9s fogad\u00e1sok jogszer\u0171s\u00e9g\u00e9\u00e9rt\">Felhaszn\u00e1l\u00f3i felel\u0151ss\u00e9g a j\u00e1t\u00e9kok \u00e9s fogad\u00e1sok jogszer\u0171s\u00e9g\u00e9\u00e9rt<\/a><\/li><li class='ez-toc-page-1 ez-toc-heading-level-2'><a class=\"ez-toc-link ez-toc-heading-6\" href=\"https:\/\/livecasinofinder.com\/hu\/terms-and-conditions\/#Limitation_of_Liability\" title=\"A felel\u0151ss\u00e9g korl\u00e1toz\u00e1sa\">A felel\u0151ss\u00e9g korl\u00e1toz\u00e1sa<\/a><\/li><li class='ez-toc-page-1 ez-toc-heading-level-2'><a class=\"ez-toc-link ez-toc-heading-7\" href=\"https:\/\/livecasinofinder.com\/hu\/terms-and-conditions\/#Modification_of_Information_and_Future_Obligations\" title=\"Az inform\u00e1ci\u00f3k \u00e9s a j\u00f6v\u0151beli k\u00f6telezetts\u00e9gek m\u00f3dos\u00edt\u00e1sa\">Az inform\u00e1ci\u00f3k \u00e9s a j\u00f6v\u0151beli k\u00f6telezetts\u00e9gek m\u00f3dos\u00edt\u00e1sa<\/a><\/li><li class='ez-toc-page-1 ez-toc-heading-level-2'><a class=\"ez-toc-link ez-toc-heading-8\" href=\"https:\/\/livecasinofinder.com\/hu\/terms-and-conditions\/#Trademarks_and_Copyrights\" title=\"V\u00e9djegyek \u00e9s szerz\u0151i jogok\">V\u00e9djegyek \u00e9s szerz\u0151i jogok<\/a><\/li><li class='ez-toc-page-1 ez-toc-heading-level-2'><a class=\"ez-toc-link ez-toc-heading-9\" href=\"https:\/\/livecasinofinder.com\/hu\/terms-and-conditions\/#Copying_and_Transmission_Restrictions\" title=\"M\u00e1sol\u00e1si \u00e9s tov\u00e1bb\u00edt\u00e1si korl\u00e1toz\u00e1sok\">M\u00e1sol\u00e1si \u00e9s tov\u00e1bb\u00edt\u00e1si korl\u00e1toz\u00e1sok<\/a><\/li><li class='ez-toc-page-1 ez-toc-heading-level-2'><a class=\"ez-toc-link ez-toc-heading-10\" href=\"https:\/\/livecasinofinder.com\/hu\/terms-and-conditions\/#Intellectual_Property_Rights\" title=\"Szellemi tulajdonjogok\">Szellemi tulajdonjogok<\/a><\/li><li class='ez-toc-page-1 ez-toc-heading-level-2'><a class=\"ez-toc-link ez-toc-heading-11\" href=\"https:\/\/livecasinofinder.com\/hu\/terms-and-conditions\/#Information_Accuracy_and_Reporting\" title=\"Inform\u00e1ci\u00f3k pontoss\u00e1ga \u00e9s jelent\u00e9st\u00e9tel\">Inform\u00e1ci\u00f3k pontoss\u00e1ga \u00e9s jelent\u00e9st\u00e9tel<\/a><\/li><li class='ez-toc-page-1 ez-toc-heading-level-2'><a class=\"ez-toc-link ez-toc-heading-12\" href=\"https:\/\/livecasinofinder.com\/hu\/terms-and-conditions\/#Content_Removal_and_Discretion_of_livecasinofindercom\" title=\"A livecasinofinder.com tartalm\u00e1nak elt\u00e1vol\u00edt\u00e1sa \u00e9s diszkr\u00e9ci\u00f3ja\">A livecasinofinder.com tartalm\u00e1nak elt\u00e1vol\u00edt\u00e1sa \u00e9s diszkr\u00e9ci\u00f3ja<\/a><\/li><li class='ez-toc-page-1 ez-toc-heading-level-2'><a class=\"ez-toc-link ez-toc-heading-13\" href=\"https:\/\/livecasinofinder.com\/hu\/terms-and-conditions\/#Live_Casino_Finder_Complaints_Service\" title=\"\u00c9l\u0151 kaszin\u00f3 Finder Panaszszolg\u00e1lat\">\u00c9l\u0151 kaszin\u00f3 Finder Panaszszolg\u00e1lat<\/a><\/li><li class='ez-toc-page-1 ez-toc-heading-level-2'><a class=\"ez-toc-link ez-toc-heading-14\" href=\"https:\/\/livecasinofinder.com\/hu\/terms-and-conditions\/#Terms_and_Conditions_of_LiveCasinoFindercom\" title=\"A LiveCasinoFinder.com \u00c1ltal\u00e1nos Szerz\u0151d\u00e9si Felt\u00e9telek \u00e9s Felt\u00e9telek\">A LiveCasinoFinder.com \u00c1ltal\u00e1nos Szerz\u0151d\u00e9si Felt\u00e9telek \u00e9s Felt\u00e9telek<\/a><\/li><li class='ez-toc-page-1 ez-toc-heading-level-2'><a class=\"ez-toc-link ez-toc-heading-15\" href=\"https:\/\/livecasinofinder.com\/hu\/terms-and-conditions\/#Conclusion\" title=\"K\u00f6vetkeztet\u00e9s\">K\u00f6vetkeztet\u00e9s<\/a><\/li><\/ul><\/nav><\/div>\n\n<h2><span class=\"ez-toc-section\" id=\"Purpose_of_the_Terms_and_Conditions_and_Information\"><\/span>Az \u00c1ltal\u00e1nos Szerz\u0151d\u00e9si Felt\u00e9telek \u00e9s Inform\u00e1ci\u00f3k c\u00e9lja<span class=\"ez-toc-section-end\"><\/span><\/h2>\n<p>Az itt meghat\u00e1rozott \u00c1ltal\u00e1nos Szerz\u0151d\u00e9si Felt\u00e9telek c\u00e9lja, hogy felv\u00e1zolja a LiveCasinoFinder.com \u00e9s a felhaszn\u00e1l\u00f3k k\u00f6z\u00f6tti kapcsolatot meghat\u00e1roz\u00f3 szab\u00e1lyokat \u00e9s el\u0151\u00edr\u00e1sokat. A felhaszn\u00e1l\u00f3k sz\u00e1m\u00e1ra alapvet\u0151 fontoss\u00e1g\u00fa, hogy meg\u00e9rts\u00e9k a LiveCasinoFinder.com \u00e1ltal ny\u00fajtott szolg\u00e1ltat\u00e1sok ig\u00e9nybev\u00e9tel\u00e9vel kapcsolatos jogaikat, k\u00f6telezetts\u00e9geiket \u00e9s korl\u00e1taikat.<\/p>\n<h2><span class=\"ez-toc-section\" id=\"Disclaimer_and_Legal_Advice\"><\/span>Jogi nyilatkozat \u00e9s jogi tan\u00e1csad\u00e1s<span class=\"ez-toc-section-end\"><\/span><\/h2>\n<p>Felh\u00edvjuk figyelm\u00e9t, hogy a LiveCasinoFinder.com tartalma kiz\u00e1r\u00f3lag t\u00e1j\u00e9koztat\u00f3 jelleg\u0171. A weboldalon semmi sem tekinthet\u0151 jogi tan\u00e1csad\u00e1snak. A felhaszn\u00e1l\u00f3knak jogi k\u00e9rd\u00e9sekben, k\u00fcl\u00f6n\u00f6sen az online szerencsej\u00e1t\u00e9kokkal kapcsolatban, jogi tan\u00e1csad\u00f3val kell konzult\u00e1lniuk.<\/p>\n<h2><span class=\"ez-toc-section\" id=\"LiveCasinoFindercom_as_an_Independent_Gambling_Directory_and_Information_Service\"><\/span>LiveCasinoFinder.com mint f\u00fcggetlen szerencsej\u00e1t\u00e9k k\u00f6nyvt\u00e1r \u00e9s inform\u00e1ci\u00f3s szolg\u00e1ltat\u00e1s<span class=\"ez-toc-section-end\"><\/span><\/h2>\n<p>A LiveCasinoFinder.com egy f\u00fcggetlen online k\u00f6nyvt\u00e1r \u00e9s inform\u00e1ci\u00f3s szolg\u00e1ltat\u00e1s, amely \u00e9rt\u00e9kel\u00e9seket \u00e9s betekint\u00e9st ny\u00fajt az live casino-kbe. Nem \u00fczemeltet\u00fcnk semmilyen szerencsej\u00e1t\u00e9k-szolg\u00e1ltat\u00e1st, \u00e9s nem \u00e1llunk kapcsolatban egyetlen kaszin\u00f3\u00fczemeltet\u0151vel sem.<\/p>\n<h2><span class=\"ez-toc-section\" id=\"Accuracy_of_Information\"><\/span>Az inform\u00e1ci\u00f3 pontoss\u00e1ga<span class=\"ez-toc-section-end\"><\/span><\/h2>\n<p>B\u00e1r a LiveCasinoFinder.com jelent\u0151s er\u0151fesz\u00edt\u00e9seket tesz annak \u00e9rdek\u00e9ben, hogy a megadott inform\u00e1ci\u00f3k pontosak \u00e9s naprak\u00e9szek legyenek, nem tudjuk garant\u00e1lni azok abszol\u00fat pontoss\u00e1g\u00e1t. A felhaszn\u00e1l\u00f3kat arra \u00f6szt\u00f6n\u00f6zz\u00fck, hogy diszkr\u00e9ci\u00f3val j\u00e1rjanak el, \u00e9s \u00f6n\u00e1ll\u00f3an ellen\u0151rizz\u00e9k az inform\u00e1ci\u00f3kat.<\/p>\n<h2><span class=\"ez-toc-section\" id=\"User_Responsibility_for_Legality_of_Games_and_Wagers\"><\/span>Felhaszn\u00e1l\u00f3i felel\u0151ss\u00e9g a j\u00e1t\u00e9kok \u00e9s fogad\u00e1sok jogszer\u0171s\u00e9g\u00e9\u00e9rt<span class=\"ez-toc-section-end\"><\/span><\/h2>\n<p>A LiveCasinoFinder.com felhaszn\u00e1l\u00f3jak\u00e9nt kiz\u00e1r\u00f3lag \u00d6n felel\u0151s az\u00e9rt, hogy megfeleljen az \u00d6n joghat\u00f3s\u00e1g\u00e1ban a szerencsej\u00e1t\u00e9kokra vonatkoz\u00f3 t\u00f6rv\u00e9nyeknek \u00e9s szab\u00e1lyoz\u00e1soknak. Ez mag\u00e1ban foglalja az \u00d6n \u00e1ltal j\u00e1tszott j\u00e1t\u00e9kok \u00e9s fogad\u00e1sok jogszer\u0171s\u00e9g\u00e9t is.<\/p>\n<h2><span class=\"ez-toc-section\" id=\"Limitation_of_Liability\"><\/span>A felel\u0151ss\u00e9g korl\u00e1toz\u00e1sa<span class=\"ez-toc-section-end\"><\/span><\/h2>\n<p>A LiveCasinoFinder.com haszn\u00e1lat\u00e1val \u00d6n beleegyezik, hogy mentes\u00edti az oldalt, annak alkalmazottait \u00e9s le\u00e1nyv\u00e1llalatait minden olyan k\u00f6vetel\u00e9s, k\u00e1r vagy egy\u00e9b felel\u0151ss\u00e9g al\u00f3l, amely a ny\u00fajtott inform\u00e1ci\u00f3k vagy szolg\u00e1ltat\u00e1sok haszn\u00e1lat\u00e1b\u00f3l eredhet.<\/p>\n<h2><span class=\"ez-toc-section\" id=\"Modification_of_Information_and_Future_Obligations\"><\/span>Az inform\u00e1ci\u00f3k \u00e9s a j\u00f6v\u0151beli k\u00f6telezetts\u00e9gek m\u00f3dos\u00edt\u00e1sa<span class=\"ez-toc-section-end\"><\/span><\/h2>\n<p>A LiveCasinoFinder.com fenntartja a jogot, hogy el\u0151zetes \u00e9rtes\u00edt\u00e9s n\u00e9lk\u00fcl m\u00f3dos\u00edtsa vagy elt\u00e1vol\u00edtsa a megadott inform\u00e1ci\u00f3kat. Javasoljuk a felhaszn\u00e1l\u00f3knak, hogy rendszeresen tekints\u00e9k \u00e1t az \u00c1ltal\u00e1nos Szerz\u0151d\u00e9si Felt\u00e9teleket az esetleges friss\u00edt\u00e9sek miatt.<\/p>\n<h2><span class=\"ez-toc-section\" id=\"Trademarks_and_Copyrights\"><\/span>V\u00e9djegyek \u00e9s szerz\u0151i jogok<span class=\"ez-toc-section-end\"><\/span><\/h2>\n<p>Minden tartalom, bele\u00e9rtve a LiveCasinoFinder.com weboldalon tal\u00e1lhat\u00f3 sz\u00f6vegeket, k\u00e9peket \u00e9s log\u00f3kat, az oldal vagy annak tartalomszolg\u00e1ltat\u00f3i tulajdon\u00e1t k\u00e9pezi, \u00e9s a nemzetk\u00f6zi szerz\u0151i jogi t\u00f6rv\u00e9nyek v\u00e9delme alatt \u00e1ll.<\/p>\n<h2><span class=\"ez-toc-section\" id=\"Copying_and_Transmission_Restrictions\"><\/span>M\u00e1sol\u00e1si \u00e9s tov\u00e1bb\u00edt\u00e1si korl\u00e1toz\u00e1sok<span class=\"ez-toc-section-end\"><\/span><\/h2>\n<p>A felhaszn\u00e1l\u00f3knak tilos a LiveCasinoFinder.com tartalm\u00e1nak b\u00e1rmely r\u00e9sz\u00e9t m\u00e1solni, \u00fajraosztani vagy \u00fajra k\u00f6zz\u00e9tenni a weboldal tulajdonosainak kifejezett \u00edr\u00e1sos enged\u00e9lye n\u00e9lk\u00fcl.<\/p>\n<h2><span class=\"ez-toc-section\" id=\"Intellectual_Property_Rights\"><\/span>Szellemi tulajdonjogok<span class=\"ez-toc-section-end\"><\/span><\/h2>\n<p>A LiveCasinoFinder.com szellemi tulajdonjogokkal rendelkezik a weboldalon tal\u00e1lhat\u00f3 tartalom, szolg\u00e1ltat\u00e1sok \u00e9s v\u00e9djegyek felett. Ezen tulajdons\u00e1gok b\u00e1rmelyik\u00e9nek jogosulatlan haszn\u00e1lata szigor\u00faan tilos, \u00e9s jogi l\u00e9p\u00e9seket vonhat maga ut\u00e1n.<\/p>\n<h2><span class=\"ez-toc-section\" id=\"Information_Accuracy_and_Reporting\"><\/span>Inform\u00e1ci\u00f3k pontoss\u00e1ga \u00e9s jelent\u00e9st\u00e9tel<span class=\"ez-toc-section-end\"><\/span><\/h2>\n<p>Ha a LiveCasinoFinder.com oldalon olyan inform\u00e1ci\u00f3t tal\u00e1l, amely pontatlan vagy f\u00e9lrevezet\u0151, k\u00e9rj\u00fck, jelezze nek\u00fcnk. A kiv\u00e1l\u00f3s\u00e1gra t\u00f6reksz\u00fcnk, \u00e9s nagyra \u00e9rt\u00e9kelj\u00fck felhaszn\u00e1l\u00f3ink egy\u00fcttm\u0171k\u00f6d\u00e9s\u00e9t oldalunk integrit\u00e1s\u00e1nak fenntart\u00e1s\u00e1ban.<\/p>\n<h2><span class=\"ez-toc-section\" id=\"Content_Removal_and_Discretion_of_livecasinofindercom\"><\/span>A livecasinofinder.com tartalm\u00e1nak elt\u00e1vol\u00edt\u00e1sa \u00e9s diszkr\u00e9ci\u00f3ja<span class=\"ez-toc-section-end\"><\/span><\/h2>\n<p>A tartalom elt\u00e1vol\u00edthat\u00f3 vagy m\u00f3dos\u00edthat\u00f3 a livecasinofinder.com saj\u00e1t bel\u00e1t\u00e1sa szerint, az ir\u00e1nyelveinkkel \u00e9s az alkalmazand\u00f3 t\u00f6rv\u00e9nyekkel \u00f6sszhangban.<\/p>\n<h2><span class=\"ez-toc-section\" id=\"Live_Casino_Finder_Complaints_Service\"><\/span>\u00c9l\u0151 kaszin\u00f3 Finder Panaszszolg\u00e1lat<span class=\"ez-toc-section-end\"><\/span><\/h2>\n<p>Ha b\u00e1rmilyen panasza vagy probl\u00e9m\u00e1ja van a LiveCasinoFinder.com \u00e1ltal ny\u00fajtott szolg\u00e1ltat\u00e1sokkal kapcsolatban, k\u00e9rj\u00fck, l\u00e9pjen kapcsolatba vel\u00fcnk a Panaszszolg\u00e1latunkon kereszt\u00fcl. Nagyra \u00e9rt\u00e9kelj\u00fck visszajelz\u00e9seit, \u00e9s lehet\u0151s\u00e9geinkhez m\u00e9rten a lehet\u0151 legjobban fogjuk kezelni agg\u00e1lyait.<\/p>\n<h2><span class=\"ez-toc-section\" id=\"Terms_and_Conditions_of_LiveCasinoFindercom\"><\/span>A LiveCasinoFinder.com \u00c1ltal\u00e1nos Szerz\u0151d\u00e9si Felt\u00e9telek \u00e9s Felt\u00e9telek<span class=\"ez-toc-section-end\"><\/span><\/h2>\n<p>Az oldal haszn\u00e1lat\u00e1val \u00d6n elfogadja az ebben a dokumentumban ismertetett \u00c1ltal\u00e1nos Szerz\u0151d\u00e9si Felt\u00e9teleket. Ha a jelen \u00c1ltal\u00e1nos Szerz\u0151d\u00e9si Felt\u00e9telek friss\u00edt\u00e9s\u00e9t k\u00f6vet\u0151en tov\u00e1bbra is haszn\u00e1lja a webhelyet, az a v\u00e1ltoz\u00e1sok elfogad\u00e1s\u00e1t jelenti.<\/p>\n<h2><span class=\"ez-toc-section\" id=\"Conclusion\"><\/span>K\u00f6vetkeztet\u00e9s<span class=\"ez-toc-section-end\"><\/span><\/h2>\n<p>A LiveCasinoFinder.com haszn\u00e1lat\u00e1val \u00d6n elfogadja a jelen dokumentumban meghat\u00e1rozott \u00c1ltal\u00e1nos Szerz\u0151d\u00e9si Felt\u00e9teleket. Az \u00d6n felel\u0151ss\u00e9ge, hogy folyamatosan t\u00e1j\u00e9koz\u00f3djon ezekr\u0151l az \u00c1ltal\u00e1nos Szerz\u0151d\u00e9si Felt\u00e9telekr\u0151l, \u00e9s hogy felel\u0151ss\u00e9gteljesen \u00e9s a t\u00f6rv\u00e9nyes keretek k\u00f6z\u00f6tt haszn\u00e1lja ezt az oldalt \u00e9s az ott tal\u00e1lhat\u00f3 inform\u00e1ci\u00f3kat.<\/p>","protected":false},"excerpt":{"rendered":"<p>\u00dcdv\u00f6z\u00f6lj\u00fck a LiveCasinoFinder.com oldalon. A LiveCasinoFinder.com weboldal haszn\u00e1lat\u00e1t az al\u00e1bbi \u00c1ltal\u00e1nos Szerz\u0151d\u00e9si Felt\u00e9telek szab\u00e1lyozz\u00e1k. Felt\u00e9tlen\u00fcl olvassa el \u00e9s \u00e9rtse meg ezeket az \u00c1ltal\u00e1nos Szerz\u0151d\u00e9si Felt\u00e9teleket, miel\u0151tt ig\u00e9nybe venn\u00e9 szolg\u00e1ltat\u00e1sainkat. Az \u00c1ltal\u00e1nos Szerz\u0151d\u00e9si Felt\u00e9telek \u00e9s Inform\u00e1ci\u00f3k c\u00e9lja Az itt meghat\u00e1rozott \u00c1ltal\u00e1nos Szerz\u0151d\u00e9si Felt\u00e9telek c\u00e9lja, hogy felv\u00e1zolja azokat a szab\u00e1lyokat \u00e9s el\u0151\u00edr\u00e1sokat, amelyek a [...]<\/p>","protected":false},"author":1,"featured_media":0,"parent":0,"menu_order":0,"comment_status":"closed","ping_status":"closed","template":"page-no-sidebar.php","meta":{"_lmt_disableupdate":"no","_lmt_disable":"no","footnotes":""},"class_list":["post-2113","page","type-page","status-publish","hentry"],"yoast_head":"<!-- This site is optimized with the Yoast SEO plugin v26.4 - https:\/\/yoast.com\/wordpress\/plugins\/seo\/ -->\n<title>Terms and Conditions Overview<\/title>\n<meta name=\"description\" content=\"Review the terms and conditions of Live Casino Finder to understand your rights and responsibilities while using our site and services.\" \/>\n<meta name=\"robots\" content=\"index, follow, max-snippet:-1, max-image-preview:large, max-video-preview:-1\" \/>\n<link rel=\"canonical\" href=\"https:\/\/livecasinofinder.com\/wp-json\/wp\/v2\/pages\/2113\/\" \/>\n<meta property=\"og:locale\" content=\"hu_HU\" \/>\n<meta property=\"og:type\" content=\"article\" \/>\n<meta property=\"og:title\" content=\"Terms and Conditions Overview\" \/>\n<meta property=\"og:description\" content=\"Review the terms and conditions of Live Casino Finder to understand your rights and responsibilities while using our site and services.\" \/>\n<meta property=\"og:url\" content=\"https:\/\/livecasinofinder.com\/hu\/terms-and-conditions\/\" \/>\n<meta property=\"og:site_name\" content=\"livecasinofinder.com\" \/>\n<meta property=\"article:modified_time\" content=\"2025-06-03T11:11:51+00:00\" \/>\n<meta property=\"og:image\" content=\"https:\/\/livecasinofinder.com\/wp-content\/uploads\/2023\/03\/lucasoilraceway-logo-1.png\" \/>\n\t<meta property=\"og:image:width\" content=\"427\" \/>\n\t<meta property=\"og:image:height\" content=\"145\" \/>\n\t<meta property=\"og:image:type\" content=\"image\/png\" \/>\n<meta name=\"twitter:card\" content=\"summary_large_image\" \/>\n<meta name=\"twitter:label1\" content=\"Becs\u00fclt olvas\u00e1si id\u0151\" \/>\n\t<meta name=\"twitter:data1\" content=\"3 perc\" \/>\n<!-- \/ Yoast SEO plugin. -->","yoast_head_json":{"title":"Terms and Conditions Overview","description":"Review the terms and conditions of Live Casino Finder to understand your rights and responsibilities while using our site and services.","robots":{"index":"index","follow":"follow","max-snippet":"max-snippet:-1","max-image-preview":"max-image-preview:large","max-video-preview":"max-video-preview:-1"},"canonical":"https:\/\/livecasinofinder.com\/wp-json\/wp\/v2\/pages\/2113\/","og_locale":"hu_HU","og_type":"article","og_title":"Terms and Conditions Overview","og_description":"Review the terms and conditions of Live Casino Finder to understand your rights and responsibilities while using our site and services.","og_url":"https:\/\/livecasinofinder.com\/hu\/terms-and-conditions\/","og_site_name":"livecasinofinder.com","article_modified_time":"2025-06-03T11:11:51+00:00","og_image":[{"width":427,"height":145,"url":"https:\/\/livecasinofinder.com\/wp-content\/uploads\/2023\/03\/lucasoilraceway-logo-1.png","type":"image\/png"}],"twitter_card":"summary_large_image","twitter_misc":{"Becs\u00fclt olvas\u00e1si id\u0151":"3 perc"},"schema":{"@context":"https:\/\/schema.org","@graph":[{"@type":"WebPage","@id":"https:\/\/livecasinofinder.com\/terms-and-conditions\/","url":"https:\/\/livecasinofinder.com\/terms-and-conditions\/","name":"Terms and Conditions Overview","isPartOf":{"@id":"https:\/\/livecasinofinder.com\/ja\/#website"},"datePublished":"2023-06-20T14:28:59+00:00","dateModified":"2025-06-03T11:11:51+00:00","description":"Review the terms and conditions of Live Casino Finder to understand your rights and responsibilities while using our site and services.","breadcrumb":{"@id":"https:\/\/livecasinofinder.com\/terms-and-conditions\/#breadcrumb"},"inLanguage":"hu","potentialAction":[{"@type":"ReadAction","target":["https:\/\/livecasinofinder.com\/terms-and-conditions\/"]}]},{"@type":"BreadcrumbList","@id":"https:\/\/livecasinofinder.com\/terms-and-conditions\/#breadcrumb","itemListElement":[{"@type":"ListItem","position":1,"name":"LiveCasinoFinder.com","item":"https:\/\/livecasinofinder.com\/fr\/"},{"@type":"ListItem","position":2,"name":"Terms and Conditions"}]},{"@type":"WebSite","@id":"https:\/\/livecasinofinder.com\/ja\/#website","url":"https:\/\/livecasinofinder.com\/ja\/","name":"livecasinofinder","description":"","publisher":{"@id":"https:\/\/livecasinofinder.com\/ja\/#organization"},"alternateName":"Lucas oil raceway live casino","potentialAction":[{"@type":"SearchAction","target":{"@type":"EntryPoint","urlTemplate":"https:\/\/livecasinofinder.com\/ja\/?s={search_term_string}"},"query-input":{"@type":"PropertyValueSpecification","valueRequired":true,"valueName":"search_term_string"}}],"inLanguage":"hu"},{"@type":"Organization","@id":"https:\/\/livecasinofinder.com\/ja\/#organization","name":"\u00c9l\u0151 kaszin\u00f3 keres\u0151","alternateName":"Lucas oil raceway live casino","url":"https:\/\/livecasinofinder.com\/ja\/","logo":{"@type":"ImageObject","inLanguage":"hu","@id":"https:\/\/livecasinofinder.com\/ja\/#\/schema\/logo\/image\/","url":"https:\/\/livecasinofinder.com\/wp-content\/uploads\/2023\/04\/livecasinofinder-logo.png","contentUrl":"https:\/\/livecasinofinder.com\/wp-content\/uploads\/2023\/04\/livecasinofinder-logo.png","width":1600,"height":453,"caption":"Live Casino Finder"},"image":{"@id":"https:\/\/livecasinofinder.com\/ja\/#\/schema\/logo\/image\/"}}]}},"_links":{"self":[{"href":"https:\/\/livecasinofinder.com\/hu\/wp-json\/wp\/v2\/pages\/2113","targetHints":{"allow":["GET"]}}],"collection":[{"href":"https:\/\/livecasinofinder.com\/hu\/wp-json\/wp\/v2\/pages"}],"about":[{"href":"https:\/\/livecasinofinder.com\/hu\/wp-json\/wp\/v2\/types\/page"}],"author":[{"embeddable":true,"href":"https:\/\/livecasinofinder.com\/hu\/wp-json\/wp\/v2\/users\/1"}],"replies":[{"embeddable":true,"href":"https:\/\/livecasinofinder.com\/hu\/wp-json\/wp\/v2\/comments?post=2113"}],"version-history":[{"count":0,"href":"https:\/\/livecasinofinder.com\/hu\/wp-json\/wp\/v2\/pages\/2113\/revisions"}],"wp:attachment":[{"href":"https:\/\/livecasinofinder.com\/hu\/wp-json\/wp\/v2\/media?parent=2113"}],"curies":[{"name":"wp","href":"https:\/\/api.w.org\/{rel}","templated":true}]}}