{"id":2111,"date":"2023-06-20T14:33:04","date_gmt":"2023-06-20T14:33:04","guid":{"rendered":"https:\/\/livecasinofinder.com\/?page_id=2111"},"modified":"2025-06-03T11:11:12","modified_gmt":"2025-06-03T11:11:12","slug":"responsible-gaming","status":"publish","type":"page","link":"https:\/\/livecasinofinder.com\/hu\/responsible-gaming\/","title":{"rendered":"Felel\u0151s szerencsej\u00e1t\u00e9k"},"content":{"rendered":"<p>\u00dcdv\u00f6z\u00f6lj\u00fck a <a href=\"\/hu\/live-casinos\/\">\u00c9l\u0151 kaszin\u00f3<\/a> Finder, ahol a felel\u0151s j\u00e1t\u00e9k a platformunk sarokk\u00f6ve. Elk\u00f6telezettek vagyunk a felel\u0151s szerencsej\u00e1t\u00e9k-gyakorlatok t\u00e1mogat\u00e1sa, valamint a biztons\u00e1gos \u00e9s \u00e9lvezetes k\u00f6rnyezet megteremt\u00e9se ir\u00e1nt felhaszn\u00e1l\u00f3ink sz\u00e1m\u00e1ra. A szerencsej\u00e1t\u00e9kok kock\u00e1zatainak \u00e9s a ment\u00e1lis eg\u00e9szs\u00e9gre gyakorolt lehets\u00e9ges hat\u00e1sainak m\u00e9ly meg\u00e9rt\u00e9s\u00e9vel arra t\u00f6reksz\u00fcnk, hogy a j\u00e1t\u00e9kosok sz\u00e1m\u00e1ra lehet\u0151v\u00e9 tegy\u00fck a felel\u0151s szerencsej\u00e1t\u00e9k-gyakorlatok alkalmaz\u00e1s\u00e1t.<\/p>\n<div id=\"ez-toc-container\" class=\"ez-toc-v2_0_63 counter-hierarchy ez-toc-counter ez-toc-grey ez-toc-container-direction\">\n<label for=\"ez-toc-cssicon-toggle-item-69de284683066\" class=\"ez-toc-cssicon-toggle-label\"><span class=\"ez-toc-cssicon\"><span class=\"eztoc-hide\" style=\"display:none;\">Toggle<\/span><span class=\"ez-toc-icon-toggle-span\"><svg style=\"fill: #999;color:#999\" xmlns=\"http:\/\/www.w3.org\/2000\/svg\" class=\"list-377408\" width=\"20px\" height=\"20px\" viewbox=\"0 0 24 24\" fill=\"none\"><path d=\"M6 6H4v2h2V6zm14 0H8v2h12V6zM4 11h2v2H4v-2zm16 0H8v2h12v-2zM4 16h2v2H4v-2zm16 0H8v2h12v-2z\" fill=\"currentColor\"><\/path><\/svg><svg style=\"fill: #999;color:#999\" class=\"arrow-unsorted-368013\" xmlns=\"http:\/\/www.w3.org\/2000\/svg\" width=\"10px\" height=\"10px\" viewbox=\"0 0 24 24\" version=\"1.2\" baseprofile=\"tiny\"><path d=\"M18.2 9.3l-6.2-6.3-6.2 6.3c-.2.2-.3.4-.3.7s.1.5.3.7c.2.2.4.3.7.3h11c.3 0 .5-.1.7-.3.2-.2.3-.5.3-.7s-.1-.5-.3-.7zM5.8 14.7l6.2 6.3 6.2-6.3c.2-.2.3-.5.3-.7s-.1-.5-.3-.7c-.2-.2-.4-.3-.7-.3h-11c-.3 0-.5.1-.7.3-.2.2-.3.5-.3.7s.1.5.3.7z\"\/><\/svg><\/span><\/span><\/label><input type=\"checkbox\"  id=\"ez-toc-cssicon-toggle-item-69de284683066\" checked aria-label=\"Toggle\" \/><nav><ul class='ez-toc-list ez-toc-list-level-1' ><li class='ez-toc-page-1 ez-toc-heading-level-2'><a class=\"ez-toc-link ez-toc-heading-1\" href=\"https:\/\/livecasinofinder.com\/hu\/responsible-gaming\/#The_Imperative_of_Responsible_Gaming\" title=\"A felel\u0151ss\u00e9gteljes szerencsej\u00e1t\u00e9k sz\u00fcks\u00e9gszer\u0171s\u00e9ge\">A felel\u0151ss\u00e9gteljes szerencsej\u00e1t\u00e9k sz\u00fcks\u00e9gszer\u0171s\u00e9ge<\/a><\/li><li class='ez-toc-page-1 ez-toc-heading-level-2'><a class=\"ez-toc-link ez-toc-heading-2\" href=\"https:\/\/livecasinofinder.com\/hu\/responsible-gaming\/#The_Intricacies_of_Gambling_Risks\" title=\"A szerencsej\u00e1t\u00e9k-kock\u00e1zatok bonyolults\u00e1ga\">A szerencsej\u00e1t\u00e9k-kock\u00e1zatok bonyolults\u00e1ga<\/a><\/li><li class='ez-toc-page-1 ez-toc-heading-level-2'><a class=\"ez-toc-link ez-toc-heading-3\" href=\"https:\/\/livecasinofinder.com\/hu\/responsible-gaming\/#Recognizing_Gambling_Addiction\" title=\"A szerencsej\u00e1t\u00e9k-f\u00fcgg\u0151s\u00e9g felismer\u00e9se\">A szerencsej\u00e1t\u00e9k-f\u00fcgg\u0151s\u00e9g felismer\u00e9se<\/a><\/li><li class='ez-toc-page-1 ez-toc-heading-level-2'><a class=\"ez-toc-link ez-toc-heading-4\" href=\"https:\/\/livecasinofinder.com\/hu\/responsible-gaming\/#Gambling_and_Mental_Health\" title=\"Szerencsej\u00e1t\u00e9k \u00e9s ment\u00e1lis eg\u00e9szs\u00e9g\">Szerencsej\u00e1t\u00e9k \u00e9s ment\u00e1lis eg\u00e9szs\u00e9g<\/a><\/li><li class='ez-toc-page-1 ez-toc-heading-level-2'><a class=\"ez-toc-link ez-toc-heading-5\" href=\"https:\/\/livecasinofinder.com\/hu\/responsible-gaming\/#Effective_Strategies_for_Responsible_Gambling\" title=\"Hat\u00e9kony strat\u00e9gi\u00e1k a felel\u0151s szerencsej\u00e1t\u00e9khoz\">Hat\u00e9kony strat\u00e9gi\u00e1k a felel\u0151s szerencsej\u00e1t\u00e9khoz<\/a><\/li><li class='ez-toc-page-1 ez-toc-heading-level-2'><a class=\"ez-toc-link ez-toc-heading-6\" href=\"https:\/\/livecasinofinder.com\/hu\/responsible-gaming\/#Tools_and_Resources_for_Responsible_Gambling\" title=\"Eszk\u00f6z\u00f6k \u00e9s forr\u00e1sok a felel\u0151s szerencsej\u00e1t\u00e9khoz\">Eszk\u00f6z\u00f6k \u00e9s forr\u00e1sok a felel\u0151s szerencsej\u00e1t\u00e9khoz<\/a><\/li><li class='ez-toc-page-1 ez-toc-heading-level-2'><a class=\"ez-toc-link ez-toc-heading-7\" href=\"https:\/\/livecasinofinder.com\/hu\/responsible-gaming\/#The_Role_of_Online_Gaming_Operators_in_Responsible_Gambling\" title=\"Az online szerencsej\u00e1t\u00e9k-szolg\u00e1ltat\u00f3k szerepe a felel\u0151s szerencsej\u00e1t\u00e9kban\">Az online szerencsej\u00e1t\u00e9k-szolg\u00e1ltat\u00f3k szerepe a felel\u0151s szerencsej\u00e1t\u00e9kban<\/a><\/li><li class='ez-toc-page-1 ez-toc-heading-level-2'><a class=\"ez-toc-link ez-toc-heading-8\" href=\"https:\/\/livecasinofinder.com\/hu\/responsible-gaming\/#Preventative_Measures_for_Player_Protection\" title=\"Megel\u0151z\u0151 int\u00e9zked\u00e9sek a j\u00e1t\u00e9kosok v\u00e9delm\u00e9re\">Megel\u0151z\u0151 int\u00e9zked\u00e9sek a j\u00e1t\u00e9kosok v\u00e9delm\u00e9re<\/a><\/li><\/ul><\/nav><\/div>\n\n<h2><span class=\"ez-toc-section\" id=\"The_Imperative_of_Responsible_Gaming\"><\/span>A felel\u0151ss\u00e9gteljes szerencsej\u00e1t\u00e9k sz\u00fcks\u00e9gszer\u0171s\u00e9ge<span class=\"ez-toc-section-end\"><\/span><\/h2>\n<p>A Live Casino Finder-n\u00e9l a felel\u0151s j\u00e1t\u00e9k nem csak egy koncepci\u00f3, hanem alapvet\u0151 \u00e9rt\u00e9k, amely a m\u0171k\u00f6d\u00e9s\u00fcnket vez\u00e9rli. Hissz\u00fck, hogy b\u00e1r a szerencsej\u00e1t\u00e9k izgalmas lehet, alapvet\u0151 fontoss\u00e1g\u00fa, hogy a szerencsej\u00e1t\u00e9k felel\u0151ss\u00e9gteljes keretek k\u00f6z\u00f6tt \u00e9lvezhet\u0151 tev\u00e9kenys\u00e9g maradjon. C\u00e9lunk, hogy olyan k\u00f6rnyezetet biztos\u00edtsunk, ahol a j\u00e1t\u00e9kosok megalapozott d\u00f6nt\u00e9seket hozhatnak, \u00e9s felel\u0151ss\u00e9gteljesen \u00e9lhetik \u00e1t az live casino j\u00e1t\u00e9kok izgalm\u00e1t.<\/p>\n<h2><span class=\"ez-toc-section\" id=\"The_Intricacies_of_Gambling_Risks\"><\/span>A szerencsej\u00e1t\u00e9k-kock\u00e1zatok bonyolults\u00e1ga<span class=\"ez-toc-section-end\"><\/span><\/h2>\n<p>Felismerj\u00fck annak fontoss\u00e1g\u00e1t, hogy felhaszn\u00e1l\u00f3inkat a szerencsej\u00e1t\u00e9kok kock\u00e1zataival kapcsolatos ismeretekkel l\u00e1ssuk el. Ezeknek a kock\u00e1zatoknak a meg\u00e9rt\u00e9se, bele\u00e9rtve a p\u00e9nz\u00fcgyi vesztes\u00e9gek lehet\u0151s\u00e9g\u00e9t is, d\u00f6nt\u0151 fontoss\u00e1g\u00fa a megalapozott d\u00f6nt\u00e9sek meghozatal\u00e1hoz. Azzal, hogy a j\u00e1t\u00e9kosok tiszt\u00e1ban vannak ezekkel az \u00f6sszetett t\u00e9nyez\u0151kkel, felel\u0151ss\u00e9gteljesen vehetnek r\u00e9szt az live casino szerencsej\u00e1t\u00e9kban, \u00e9s megtarthatj\u00e1k a fogad\u00e1si tev\u00e9kenys\u00e9g\u00fck feletti ellen\u0151rz\u00e9st.<\/p>\n<h2><span class=\"ez-toc-section\" id=\"Recognizing_Gambling_Addiction\"><\/span>A szerencsej\u00e1t\u00e9k-f\u00fcgg\u0151s\u00e9g felismer\u00e9se<span class=\"ez-toc-section-end\"><\/span><\/h2>\n<p>Az \u00c9l\u0151 Kaszin\u00f3 keres\u0151n\u00e9l elk\u00f6telezettek vagyunk a szerencsej\u00e1t\u00e9k-f\u00fcgg\u0151s\u00e9g felismer\u00e9se \u00e9s kezel\u00e9se ir\u00e1nt. Meg\u00e9rtj\u00fck, hogy a szerencsej\u00e1t\u00e9k egyesek sz\u00e1m\u00e1ra komoly probl\u00e9m\u00e1v\u00e1 v\u00e1lhat, ami hat\u00e1ssal lehet a szem\u00e9lyes \u00e9s p\u00e9nz\u00fcgyi j\u00f3l\u00e9t\u00fckre. Arra b\u00e1tor\u00edtjuk felhaszn\u00e1l\u00f3inkat, hogy legyenek \u00f6ntudatosak, \u00e9s azonnal keressenek seg\u00edts\u00e9get, ha azt gyan\u00edtj\u00e1k, hogy szerencsej\u00e1t\u00e9k-f\u00fcgg\u0151s\u00e9ggel k\u00fczdenek.<\/p>\n<h2><span class=\"ez-toc-section\" id=\"Gambling_and_Mental_Health\"><\/span>Szerencsej\u00e1t\u00e9k \u00e9s ment\u00e1lis eg\u00e9szs\u00e9g<span class=\"ez-toc-section-end\"><\/span><\/h2>\n<p>Tiszt\u00e1ban vagyunk a szerencsej\u00e1t\u00e9k \u00e9s a ment\u00e1lis eg\u00e9szs\u00e9g k\u00f6z\u00f6tti jelent\u0151s \u00f6sszef\u00fcgg\u00e9ssel. Ez\u00e9rt elk\u00f6telezettek vagyunk a pozit\u00edv \u00e9s eg\u00e9szs\u00e9ges gondolkod\u00e1sm\u00f3d el\u0151mozd\u00edt\u00e1sa mellett felhaszn\u00e1l\u00f3ink k\u00f6r\u00e9ben. C\u00e9lunk, hogy olyan k\u00f6rnyezetet teremts\u00fcnk, ahol a j\u00e1t\u00e9kosok felel\u0151ss\u00e9gteljesen \u00e9lvezhetik az live casino szerencsej\u00e1t\u00e9kot an\u00e9lk\u00fcl, hogy ment\u00e1lis j\u00f3l\u00e9t\u00fcket vesz\u00e9lyeztetn\u00e9k.<\/p>\n<h2><span class=\"ez-toc-section\" id=\"Effective_Strategies_for_Responsible_Gambling\"><\/span>Hat\u00e9kony strat\u00e9gi\u00e1k a felel\u0151s szerencsej\u00e1t\u00e9khoz<span class=\"ez-toc-section-end\"><\/span><\/h2>\n<p>A felel\u0151ss\u00e9gteljes szerencsej\u00e1t\u00e9k el\u0151seg\u00edt\u00e9se \u00e9rdek\u00e9ben olyan hat\u00e9kony strat\u00e9gi\u00e1k megval\u00f3s\u00edt\u00e1sa mellett foglalunk \u00e1ll\u00e1st, amelyek lehet\u0151v\u00e9 teszik a j\u00e1t\u00e9kosok sz\u00e1m\u00e1ra a fogad\u00e1si tev\u00e9kenys\u00e9g\u00fck feletti ellen\u0151rz\u00e9s fenntart\u00e1s\u00e1t. \u00cdme n\u00e9h\u00e1ny \u00e1ltalunk t\u00e1mogatott kulcsfontoss\u00e1g\u00fa gyakorlat:<\/p>\n<p>A meghat\u00e1rozott k\u00f6lts\u00e9gvet\u00e9s betart\u00e1sa: \u00c1ll\u00edtson be egy k\u00f6lts\u00e9gvet\u00e9st az live casino j\u00e1t\u00e9kra, \u00e9s tartsa be azt. Csak olyan \u00f6sszeget tegyen fel, amely sz\u00e1modra k\u00e9nyelmes, biztos\u00edtva, hogy ez ne befoly\u00e1solja a p\u00e9nz\u00fcgyi stabilit\u00e1sodat.<\/p>\n<p>Rendszeres sz\u00fcnetek a szerencsej\u00e1t\u00e9kokt\u00f3l: Tartson sz\u00fcneteket az live casino j\u00e1t\u00e9kban, hogy a j\u00e1t\u00e9k sz\u00f3rakoztat\u00f3 tev\u00e9kenys\u00e9g maradjon, \u00e9s ne em\u00e9sszen fel t\u00falzottan sok id\u0151t vagy energi\u00e1t.<\/p>\n<p>\u00c1lljon ellen a vesztes\u00e9gek hajszol\u00e1s\u00e1nak: Fogadja el, hogy a vesztes\u00e9gek a szerencsej\u00e1t\u00e9k r\u00e9szei, \u00e9s ker\u00fclje a vesztes\u00e9gek \u00fcld\u00f6z\u00e9s\u00e9t a t\u00e9tek n\u00f6vel\u00e9s\u00e9vel. Ehelyett l\u00e9pjen egyet h\u00e1tra, \u00e9s \u00e9rt\u00e9kelje \u00fajra a megk\u00f6zel\u00edt\u00e9s\u00e9t.<\/p>\n<p>Id\u0151szer\u0171 seg\u00edts\u00e9g k\u00e9r\u00e9se: Ha azt gyan\u00edtja, hogy \u00d6n vagy egy ismer\u0151se szerencsej\u00e1t\u00e9k-f\u00fcgg\u0151s\u00e9ggel k\u00fczd, azonnal keressen seg\u00edts\u00e9get. A korai beavatkoz\u00e1s kulcsfontoss\u00e1g\u00fa a probl\u00e9ma hat\u00e9kony kezel\u00e9s\u00e9hez.<\/p>\n<h2><span class=\"ez-toc-section\" id=\"Tools_and_Resources_for_Responsible_Gambling\"><\/span>Eszk\u00f6z\u00f6k \u00e9s forr\u00e1sok a felel\u0151s szerencsej\u00e1t\u00e9khoz<span class=\"ez-toc-section-end\"><\/span><\/h2>\n<p>Sz\u00e1mos eszk\u00f6zt \u00e9s forr\u00e1st biztos\u00edtunk a felel\u0151s szerencsej\u00e1t\u00e9k-gyakorlatok t\u00e1mogat\u00e1s\u00e1ra:<\/p>\n<p>National \u00e9s helyi seg\u00e9lyvonalak: Hozz\u00e1f\u00e9r\u00e9s a probl\u00e9m\u00e1s szerencsej\u00e1t\u00e9kban \u00e9rintett szem\u00e9lyek seg\u00edt\u00e9s\u00e9re szolg\u00e1l\u00f3 seg\u00e9lyvonalakhoz. A seg\u00edts\u00e9g csak egy telefonh\u00edv\u00e1snyira van.<\/p>\n<p>\u00d6nkiz\u00e1r\u00e1si rendszerek: Haszn\u00e1lja ki az \u00f6nkiz\u00e1r\u00e1si lehet\u0151s\u00e9geket, amelyek lehet\u0151v\u00e9 teszik, hogy sz\u00fcnetet tartson az live casino j\u00e1t\u00e9kban, ha \u00fagy \u00e9rzi, hogy ez sz\u00fcks\u00e9ges. Ezek a rendszerek lehet\u0151v\u00e9 teszik az egy\u00e9nek sz\u00e1m\u00e1ra, hogy visszanyerj\u00e9k a fogad\u00e1si tev\u00e9kenys\u00e9g\u00fck feletti ellen\u0151rz\u00e9st.<\/p>\n<p>Szerencsej\u00e1t\u00e9k-ter\u00e1pi\u00e1s programok: T\u00e1mogatjuk \u00e9s n\u00e9pszer\u0171s\u00edtj\u00fck a szerencsej\u00e1t\u00e9k-ter\u00e1pi\u00e1s programokat, amelyek c\u00e9lja a r\u00e1szorul\u00f3k seg\u00edt\u00e9se. Ezek a programok szakmai \u00fatmutat\u00e1st \u00e9s t\u00e1mogat\u00e1st ny\u00fajtanak a szerencsej\u00e1t\u00e9kkal kapcsolatos probl\u00e9m\u00e1kkal k\u00fczd\u0151 egy\u00e9neknek.<\/p>\n<h2><span class=\"ez-toc-section\" id=\"The_Role_of_Online_Gaming_Operators_in_Responsible_Gambling\"><\/span>Az online szerencsej\u00e1t\u00e9k-szolg\u00e1ltat\u00f3k szerepe a felel\u0151s szerencsej\u00e1t\u00e9kban<span class=\"ez-toc-section-end\"><\/span><\/h2>\n<p>Online szerencsej\u00e1t\u00e9k-\u00fczemeltet\u0151k\u00e9nt tiszt\u00e1ban vagyunk azzal, hogy felel\u0151ss\u00e9ggel tartozunk a biztons\u00e1gos \u00e9s felel\u0151ss\u00e9gteljes szerencsej\u00e1t\u00e9k-k\u00f6rnyezet biztos\u00edt\u00e1s\u00e1\u00e9rt. \u00cdme, hogyan tartjuk fenn a j\u00e1t\u00e9kosok v\u00e9delm\u00e9t:<\/p>\n<p>Szigor\u00fa ipari el\u0151\u00edr\u00e1sok \u00e9s szabv\u00e1nyok: A tisztess\u00e9ges j\u00e1t\u00e9k, a j\u00e1t\u00e9kosok biztons\u00e1ga \u00e9s a felel\u0151s szerencsej\u00e1t\u00e9k-gyakorlatok biztos\u00edt\u00e1sa \u00e9rdek\u00e9ben betartjuk a szigor\u00fa ipar\u00e1gi el\u0151\u00edr\u00e1sokat \u00e9s szabv\u00e1nyokat. Ezek az int\u00e9zked\u00e9sek a felhaszn\u00e1l\u00f3ink v\u00e9delm\u00e9t \u00e9s a platformunk integrit\u00e1s\u00e1nak fenntart\u00e1s\u00e1t szolg\u00e1lj\u00e1k.<\/p>\n<p>V\u00e1llalati t\u00e1rsadalmi felel\u0151ss\u00e9gv\u00e1llal\u00e1s: Komolyan vessz\u00fck a v\u00e1llalati t\u00e1rsadalmi felel\u0151ss\u00e9gv\u00e1llal\u00e1st. Akt\u00edvan egy\u00fcttm\u0171k\u00f6d\u00fcnk olyan szervezetekkel \u00e9s kezdem\u00e9nyez\u00e9sekkel, amelyek el\u0151seg\u00edtik a felel\u0151s szerencsej\u00e1t\u00e9kot \u00e9s t\u00e1mogatj\u00e1k a szerencsej\u00e1t\u00e9k-f\u00fcgg\u0151s\u00e9gben \u00e9rintetteket.<\/p>\n<h2><span class=\"ez-toc-section\" id=\"Preventative_Measures_for_Player_Protection\"><\/span>Megel\u0151z\u0151 int\u00e9zked\u00e9sek a j\u00e1t\u00e9kosok v\u00e9delm\u00e9re<span class=\"ez-toc-section-end\"><\/span><\/h2>\n<p>Megel\u0151z\u0151 int\u00e9zked\u00e9seket hajtunk v\u00e9gre j\u00e1t\u00e9kosaink v\u00e9delme \u00e9rdek\u00e9ben, bele\u00e9rtve a robusztus korellen\u0151rz\u00e9si folyamatokat, a biztons\u00e1gos tranzakci\u00f3kat \u00e9s a szigor\u00fa adatv\u00e9delmi protokollokat. Ezeket az int\u00e9zked\u00e9seket \u00fagy tervezt\u00fck, hogy mindenki sz\u00e1m\u00e1ra biztons\u00e1gos \u00e9s felel\u0151ss\u00e9gteljes fogad\u00e1si k\u00f6rnyezetet teremtsenek.<\/p>\n<p>Az Live Casino Finder-n\u00e9l hisz\u00fcnk abban, hogy a felel\u0151s j\u00e1t\u00e9k a felejthetetlen live casino \u00e9lm\u00e9nyek kulcsa. Csatlakozzon hozz\u00e1nk m\u00e9g ma, \u00e9s induljon el egy izgalmas \u00e9s felel\u0151ss\u00e9gteljes szerencsej\u00e1t\u00e9kos utaz\u00e1sra.<\/p>","protected":false},"excerpt":{"rendered":"<p>\u00dcdv\u00f6z\u00f6lj\u00fck az Live Casino Finder oldal\u00e1n, ahol platformunk sarokk\u00f6ve a felel\u0151s j\u00e1t\u00e9k. Elk\u00f6telezettek vagyunk a felel\u0151s szerencsej\u00e1t\u00e9k-gyakorlatok mellett, \u00e9s biztons\u00e1gos \u00e9s \u00e9lvezetes k\u00f6rnyezetet teremt\u00fcnk felhaszn\u00e1l\u00f3ink sz\u00e1m\u00e1ra. A szerencsej\u00e1t\u00e9kok kock\u00e1zatainak \u00e9s a ment\u00e1lis eg\u00e9szs\u00e9gre gyakorolt lehets\u00e9ges hat\u00e1sainak m\u00e9ly meg\u00e9rt\u00e9s\u00e9vel arra t\u00f6reksz\u00fcnk, hogy k\u00e9pess\u00e9 tegy\u00fck [...]<\/p>","protected":false},"author":1,"featured_media":0,"parent":0,"menu_order":0,"comment_status":"closed","ping_status":"closed","template":"page-no-sidebar.php","meta":{"_lmt_disableupdate":"no","_lmt_disable":"no","footnotes":""},"class_list":["post-2111","page","type-page","status-publish","hentry"],"yoast_head":"<!-- This site is optimized with the Yoast SEO plugin v26.4 - https:\/\/yoast.com\/wordpress\/plugins\/seo\/ -->\n<title>Responsible Gaming Guidelines<\/title>\n<meta name=\"description\" content=\"Learn about responsible gaming practices with Live Casino Finder to help you enjoy live casinos safely and make informed decisions while playing.\" \/>\n<meta name=\"robots\" content=\"index, follow, max-snippet:-1, max-image-preview:large, max-video-preview:-1\" \/>\n<link rel=\"canonical\" href=\"https:\/\/livecasinofinder.com\/wp-json\/wp\/v2\/pages\/2111\/\" \/>\n<meta property=\"og:locale\" content=\"hu_HU\" \/>\n<meta property=\"og:type\" content=\"article\" \/>\n<meta property=\"og:title\" content=\"Responsible Gaming Guidelines\" \/>\n<meta property=\"og:description\" content=\"Learn about responsible gaming practices with Live Casino Finder to help you enjoy live casinos safely and make informed decisions while playing.\" \/>\n<meta property=\"og:url\" content=\"https:\/\/livecasinofinder.com\/hu\/responsible-gaming\/\" \/>\n<meta property=\"og:site_name\" content=\"livecasinofinder.com\" \/>\n<meta property=\"article:modified_time\" content=\"2025-06-03T11:11:12+00:00\" \/>\n<meta property=\"og:image\" content=\"https:\/\/livecasinofinder.com\/wp-content\/uploads\/2023\/03\/lucasoilraceway-logo-1.png\" \/>\n\t<meta property=\"og:image:width\" content=\"427\" \/>\n\t<meta property=\"og:image:height\" content=\"145\" \/>\n\t<meta property=\"og:image:type\" content=\"image\/png\" \/>\n<meta name=\"twitter:card\" content=\"summary_large_image\" \/>\n<meta name=\"twitter:label1\" content=\"Becs\u00fclt olvas\u00e1si id\u0151\" \/>\n\t<meta name=\"twitter:data1\" content=\"4 perc\" \/>\n<!-- \/ Yoast SEO plugin. -->","yoast_head_json":{"title":"Responsible Gaming Guidelines","description":"Learn about responsible gaming practices with Live Casino Finder to help you enjoy live casinos safely and make informed decisions while playing.","robots":{"index":"index","follow":"follow","max-snippet":"max-snippet:-1","max-image-preview":"max-image-preview:large","max-video-preview":"max-video-preview:-1"},"canonical":"https:\/\/livecasinofinder.com\/wp-json\/wp\/v2\/pages\/2111\/","og_locale":"hu_HU","og_type":"article","og_title":"Responsible Gaming Guidelines","og_description":"Learn about responsible gaming practices with Live Casino Finder to help you enjoy live casinos safely and make informed decisions while playing.","og_url":"https:\/\/livecasinofinder.com\/hu\/responsible-gaming\/","og_site_name":"livecasinofinder.com","article_modified_time":"2025-06-03T11:11:12+00:00","og_image":[{"width":427,"height":145,"url":"https:\/\/livecasinofinder.com\/wp-content\/uploads\/2023\/03\/lucasoilraceway-logo-1.png","type":"image\/png"}],"twitter_card":"summary_large_image","twitter_misc":{"Becs\u00fclt olvas\u00e1si id\u0151":"4 perc"},"schema":{"@context":"https:\/\/schema.org","@graph":[{"@type":"WebPage","@id":"https:\/\/livecasinofinder.com\/responsible-gaming\/","url":"https:\/\/livecasinofinder.com\/responsible-gaming\/","name":"Responsible Gaming Guidelines","isPartOf":{"@id":"https:\/\/livecasinofinder.com\/ja\/#website"},"datePublished":"2023-06-20T14:33:04+00:00","dateModified":"2025-06-03T11:11:12+00:00","description":"Learn about responsible gaming practices with Live Casino Finder to help you enjoy live casinos safely and make informed decisions while playing.","breadcrumb":{"@id":"https:\/\/livecasinofinder.com\/responsible-gaming\/#breadcrumb"},"inLanguage":"hu","potentialAction":[{"@type":"ReadAction","target":["https:\/\/livecasinofinder.com\/responsible-gaming\/"]}]},{"@type":"BreadcrumbList","@id":"https:\/\/livecasinofinder.com\/responsible-gaming\/#breadcrumb","itemListElement":[{"@type":"ListItem","position":1,"name":"LiveCasinoFinder.com","item":"https:\/\/livecasinofinder.com\/fr\/"},{"@type":"ListItem","position":2,"name":"Responsible Gaming"}]},{"@type":"WebSite","@id":"https:\/\/livecasinofinder.com\/ja\/#website","url":"https:\/\/livecasinofinder.com\/ja\/","name":"livecasinofinder","description":"","publisher":{"@id":"https:\/\/livecasinofinder.com\/ja\/#organization"},"alternateName":"Lucas oil raceway live casino","potentialAction":[{"@type":"SearchAction","target":{"@type":"EntryPoint","urlTemplate":"https:\/\/livecasinofinder.com\/ja\/?s={search_term_string}"},"query-input":{"@type":"PropertyValueSpecification","valueRequired":true,"valueName":"search_term_string"}}],"inLanguage":"hu"},{"@type":"Organization","@id":"https:\/\/livecasinofinder.com\/ja\/#organization","name":"\u00c9l\u0151 kaszin\u00f3 keres\u0151","alternateName":"Lucas oil raceway live casino","url":"https:\/\/livecasinofinder.com\/ja\/","logo":{"@type":"ImageObject","inLanguage":"hu","@id":"https:\/\/livecasinofinder.com\/ja\/#\/schema\/logo\/image\/","url":"https:\/\/livecasinofinder.com\/wp-content\/uploads\/2023\/04\/livecasinofinder-logo.png","contentUrl":"https:\/\/livecasinofinder.com\/wp-content\/uploads\/2023\/04\/livecasinofinder-logo.png","width":1600,"height":453,"caption":"Live Casino Finder"},"image":{"@id":"https:\/\/livecasinofinder.com\/ja\/#\/schema\/logo\/image\/"}}]}},"_links":{"self":[{"href":"https:\/\/livecasinofinder.com\/hu\/wp-json\/wp\/v2\/pages\/2111","targetHints":{"allow":["GET"]}}],"collection":[{"href":"https:\/\/livecasinofinder.com\/hu\/wp-json\/wp\/v2\/pages"}],"about":[{"href":"https:\/\/livecasinofinder.com\/hu\/wp-json\/wp\/v2\/types\/page"}],"author":[{"embeddable":true,"href":"https:\/\/livecasinofinder.com\/hu\/wp-json\/wp\/v2\/users\/1"}],"replies":[{"embeddable":true,"href":"https:\/\/livecasinofinder.com\/hu\/wp-json\/wp\/v2\/comments?post=2111"}],"version-history":[{"count":0,"href":"https:\/\/livecasinofinder.com\/hu\/wp-json\/wp\/v2\/pages\/2111\/revisions"}],"wp:attachment":[{"href":"https:\/\/livecasinofinder.com\/hu\/wp-json\/wp\/v2\/media?parent=2111"}],"curies":[{"name":"wp","href":"https:\/\/api.w.org\/{rel}","templated":true}]}}