{"id":2109,"date":"2023-06-20T14:37:04","date_gmt":"2023-06-20T14:37:04","guid":{"rendered":"https:\/\/livecasinofinder.com\/?page_id=2109"},"modified":"2023-06-20T14:37:04","modified_gmt":"2023-06-20T14:37:04","slug":"privacy-policy","status":"publish","type":"page","link":"https:\/\/livecasinofinder.com\/hu\/privacy-policy\/","title":{"rendered":"Adatv\u00e9delmi ir\u00e1nyelvek"},"content":{"rendered":"<p>A  c\u00edmen. <a href=\"\/hu\/\">LiveCasinoFinder.com<\/a>, tiszt\u00e1ban vagyunk azzal, hogy fontos az \u00d6n mag\u00e1n\u00e9let\u00e9nek v\u00e9delme \u00e9s az \u00d6n szem\u00e9lyes adatainak bizalmas kezel\u00e9se. Ez az adatv\u00e9delmi szab\u00e1lyzat ismerteti az adatv\u00e9delem ir\u00e1nti rend\u00edthetetlen elk\u00f6telezetts\u00e9g\u00fcnket, \u00e9s biztos\u00edtja a biztons\u00e1gos \u00e9s \u00e9lvezetes \u00e9lm\u00e9nyt a platformunkon.<\/p>\n<div id=\"ez-toc-container\" class=\"ez-toc-v2_0_63 counter-hierarchy ez-toc-counter ez-toc-grey ez-toc-container-direction\">\n<label for=\"ez-toc-cssicon-toggle-item-69d70d458d95d\" class=\"ez-toc-cssicon-toggle-label\"><span class=\"ez-toc-cssicon\"><span class=\"eztoc-hide\" style=\"display:none;\">Toggle<\/span><span class=\"ez-toc-icon-toggle-span\"><svg style=\"fill: #999;color:#999\" xmlns=\"http:\/\/www.w3.org\/2000\/svg\" class=\"list-377408\" width=\"20px\" height=\"20px\" viewbox=\"0 0 24 24\" fill=\"none\"><path d=\"M6 6H4v2h2V6zm14 0H8v2h12V6zM4 11h2v2H4v-2zm16 0H8v2h12v-2zM4 16h2v2H4v-2zm16 0H8v2h12v-2z\" fill=\"currentColor\"><\/path><\/svg><svg style=\"fill: #999;color:#999\" class=\"arrow-unsorted-368013\" xmlns=\"http:\/\/www.w3.org\/2000\/svg\" width=\"10px\" height=\"10px\" viewbox=\"0 0 24 24\" version=\"1.2\" baseprofile=\"tiny\"><path d=\"M18.2 9.3l-6.2-6.3-6.2 6.3c-.2.2-.3.4-.3.7s.1.5.3.7c.2.2.4.3.7.3h11c.3 0 .5-.1.7-.3.2-.2.3-.5.3-.7s-.1-.5-.3-.7zM5.8 14.7l6.2 6.3 6.2-6.3c.2-.2.3-.5.3-.7s-.1-.5-.3-.7c-.2-.2-.4-.3-.7-.3h-11c-.3 0-.5.1-.7.3-.2.2-.3.5-.3.7s.1.5.3.7z\"\/><\/svg><\/span><\/span><\/label><input type=\"checkbox\"  id=\"ez-toc-cssicon-toggle-item-69d70d458d95d\" checked aria-label=\"Toggle\" \/><nav><ul class='ez-toc-list ez-toc-list-level-1' ><li class='ez-toc-page-1 ez-toc-heading-level-2'><a class=\"ez-toc-link ez-toc-heading-1\" href=\"https:\/\/livecasinofinder.com\/hu\/privacy-policy\/#Our_Pledge_to_Safeguard_Your_Privacy\" title=\"\u00cdg\u00e9ret\u00fcnk az \u00d6n adatainak v\u00e9delm\u00e9re\">\u00cdg\u00e9ret\u00fcnk az \u00d6n adatainak v\u00e9delm\u00e9re<\/a><\/li><li class='ez-toc-page-1 ez-toc-heading-level-2'><a class=\"ez-toc-link ez-toc-heading-2\" href=\"https:\/\/livecasinofinder.com\/hu\/privacy-policy\/#Data_Collection_Our_Practices\" title=\"Adatgy\u0171jt\u00e9s: Gyakorlatunk\">Adatgy\u0171jt\u00e9s: Gyakorlatunk<\/a><\/li><li class='ez-toc-page-1 ez-toc-heading-level-2'><a class=\"ez-toc-link ez-toc-heading-3\" href=\"https:\/\/livecasinofinder.com\/hu\/privacy-policy\/#The_Use_of_Your_Information\" title=\"Az \u00d6n adatainak felhaszn\u00e1l\u00e1sa\">Az \u00d6n adatainak felhaszn\u00e1l\u00e1sa<\/a><\/li><li class='ez-toc-page-1 ez-toc-heading-level-2'><a class=\"ez-toc-link ez-toc-heading-4\" href=\"https:\/\/livecasinofinder.com\/hu\/privacy-policy\/#Information_Disclosure_and_Sharing\" title=\"Inform\u00e1ci\u00f3k k\u00f6zz\u00e9t\u00e9tele \u00e9s megoszt\u00e1sa\">Inform\u00e1ci\u00f3k k\u00f6zz\u00e9t\u00e9tele \u00e9s megoszt\u00e1sa<\/a><\/li><li class='ez-toc-page-1 ez-toc-heading-level-2'><a class=\"ez-toc-link ez-toc-heading-5\" href=\"https:\/\/livecasinofinder.com\/hu\/privacy-policy\/#Our_Security_Measures\" title=\"Biztons\u00e1gi int\u00e9zked\u00e9seink\">Biztons\u00e1gi int\u00e9zked\u00e9seink<\/a><\/li><li class='ez-toc-page-1 ez-toc-heading-level-2'><a class=\"ez-toc-link ez-toc-heading-6\" href=\"https:\/\/livecasinofinder.com\/hu\/privacy-policy\/#The_Role_of_Cookies\" title=\"A s\u00fctik szerepe\">A s\u00fctik szerepe<\/a><\/li><li class='ez-toc-page-1 ez-toc-heading-level-2'><a class=\"ez-toc-link ez-toc-heading-7\" href=\"https:\/\/livecasinofinder.com\/hu\/privacy-policy\/#Third-Party_Links\" title=\"Harmadik f\u00e9lt\u0151l sz\u00e1rmaz\u00f3 linkek\">Harmadik f\u00e9lt\u0151l sz\u00e1rmaz\u00f3 linkek<\/a><\/li><li class='ez-toc-page-1 ez-toc-heading-level-2'><a class=\"ez-toc-link ez-toc-heading-8\" href=\"https:\/\/livecasinofinder.com\/hu\/privacy-policy\/#Policy_on_Childrens_Privacy\" title=\"Gyermekek adatv\u00e9delm\u00e9re vonatkoz\u00f3 politika\">Gyermekek adatv\u00e9delm\u00e9re vonatkoz\u00f3 politika<\/a><\/li><li class='ez-toc-page-1 ez-toc-heading-level-2'><a class=\"ez-toc-link ez-toc-heading-9\" href=\"https:\/\/livecasinofinder.com\/hu\/privacy-policy\/#Changes_to_This_Privacy_Policy\" title=\"Az Adatv\u00e9delmi szab\u00e1lyzat m\u00f3dos\u00edt\u00e1sai\">Az Adatv\u00e9delmi szab\u00e1lyzat m\u00f3dos\u00edt\u00e1sai<\/a><\/li><li class='ez-toc-page-1 ez-toc-heading-level-2'><a class=\"ez-toc-link ez-toc-heading-10\" href=\"https:\/\/livecasinofinder.com\/hu\/privacy-policy\/#Your_Rights_to_Your_Personal_Information\" title=\"Az \u00d6n szem\u00e9lyes adataihoz f\u0171z\u0151d\u0151 jogai\">Az \u00d6n szem\u00e9lyes adataihoz f\u0171z\u0151d\u0151 jogai<\/a><\/li><li class='ez-toc-page-1 ez-toc-heading-level-2'><a class=\"ez-toc-link ez-toc-heading-11\" href=\"https:\/\/livecasinofinder.com\/hu\/privacy-policy\/#Retention_of_Data\" title=\"Az adatok meg\u0151rz\u00e9se\">Az adatok meg\u0151rz\u00e9se<\/a><\/li><li class='ez-toc-page-1 ez-toc-heading-level-2'><a class=\"ez-toc-link ez-toc-heading-12\" href=\"https:\/\/livecasinofinder.com\/hu\/privacy-policy\/#International_Data_Transfers\" title=\"Nemzetk\u00f6zi adattov\u00e1bb\u00edt\u00e1sok\">Nemzetk\u00f6zi adattov\u00e1bb\u00edt\u00e1sok<\/a><\/li><\/ul><\/nav><\/div>\n\n<h2><span class=\"ez-toc-section\" id=\"Our_Pledge_to_Safeguard_Your_Privacy\"><\/span>\u00cdg\u00e9ret\u00fcnk az \u00d6n adatainak v\u00e9delm\u00e9re<span class=\"ez-toc-section-end\"><\/span><\/h2>\n<p>Nagyra \u00e9rt\u00e9kelj\u00fck az \u00d6n mag\u00e1n\u00e9let\u00e9t, \u00e9s szem\u00e9lyes adatainak v\u00e9delm\u00e9t priorit\u00e1sk\u00e9nt kezelj\u00fck. Szigor\u00fa adatv\u00e9delmi gyakorlatot vezett\u00fcnk be, \u00e9s betartjuk a vonatkoz\u00f3 adatv\u00e9delmi t\u00f6rv\u00e9nyeket, hogy az \u00d6n adatai biztons\u00e1gban \u00e9s bizalmasan kezelhet\u0151k maradjanak.<\/p>\n<h2><span class=\"ez-toc-section\" id=\"Data_Collection_Our_Practices\"><\/span>Adatgy\u0171jt\u00e9s: Gyakorlatunk<span class=\"ez-toc-section-end\"><\/span><\/h2>\n<p>Annak \u00e9rdek\u00e9ben, hogy z\u00f6kken\u0151mentes \u00e9s szem\u00e9lyre szabott \u00e9lm\u00e9nyt ny\u00fajtsunk \u00d6nnek, bizonyos inform\u00e1ci\u00f3kat gy\u0171jthet\u00fcnk \u00d6nt\u0151l. Ezek az inform\u00e1ci\u00f3k k\u00f6z\u00e9 tartozhat az \u00d6n neve, el\u00e9rhet\u0151s\u00e9gei \u00e9s a platformunkon val\u00f3 b\u00f6ng\u00e9sz\u00e9si szok\u00e1sai. Biztos lehet benne, hogy csak a sz\u00fcks\u00e9ges adatokat gy\u0171jtj\u00fck, amelyek sz\u00fcks\u00e9gesek az \u00d6n \u00e9lm\u00e9ny\u00e9nek fokoz\u00e1s\u00e1hoz \u00e9s szolg\u00e1ltat\u00e1saink fejleszt\u00e9s\u00e9hez.<\/p>\n<h2><span class=\"ez-toc-section\" id=\"The_Use_of_Your_Information\"><\/span>Az \u00d6n adatainak felhaszn\u00e1l\u00e1sa<span class=\"ez-toc-section-end\"><\/span><\/h2>\n<p>Az \u00d6nt\u0151l gy\u0171jt\u00f6tt inform\u00e1ci\u00f3kat k\u00fcl\u00f6nb\u00f6z\u0151 c\u00e9lokra haszn\u00e1ljuk fel, t\u00f6bbek k\u00f6z\u00f6tt, de nem kiz\u00e1r\u00f3lagosan:<\/p>\n<ol>\n<li>A LiveCasinoFinder.com webhelyen szerzett tapasztalatainak szem\u00e9lyre szab\u00e1sa<\/li>\n<li>Az \u00d6n k\u00e9r\u00e9seinek \u00e9s tranzakci\u00f3inak hat\u00e9kony feldolgoz\u00e1sa<\/li>\n<li>Fontos friss\u00edt\u00e9sek \u00e9s prom\u00f3ci\u00f3k kommunik\u00e1l\u00e1sa<\/li>\n<li>Az adatok elemz\u00e9se szolg\u00e1ltat\u00e1saink jav\u00edt\u00e1sa \u00e9s az \u00d6n preferenci\u00e1ihoz val\u00f3 igaz\u00edt\u00e1sa \u00e9rdek\u00e9ben<\/li>\n<\/ol>\n<h2><span class=\"ez-toc-section\" id=\"Information_Disclosure_and_Sharing\"><\/span>Inform\u00e1ci\u00f3k k\u00f6zz\u00e9t\u00e9tele \u00e9s megoszt\u00e1sa<span class=\"ez-toc-section-end\"><\/span><\/h2>\n<p>A LiveCasinoFinder.com tiszteletben tartja az \u00d6n adatainak bizalmas kezel\u00e9s\u00e9t. Nem adjuk el, nem keresked\u00fcnk az \u00d6n szem\u00e9lyes adataival, \u00e9s nem osztjuk meg azokat harmadik felekkel, kiv\u00e9ve, ha ez sz\u00fcks\u00e9ges szolg\u00e1ltat\u00e1saink ny\u00fajt\u00e1s\u00e1hoz, vagy ha azt t\u00f6rv\u00e9ny \u00edrja el\u0151. Megoszthatjuk az \u00d6n adatait megb\u00edzhat\u00f3 partnerekkel, p\u00e9ld\u00e1ul fizet\u00e9si szolg\u00e1ltat\u00f3kkal, kiz\u00e1r\u00f3lag a szolg\u00e1ltat\u00e1saink \u00d6nnek t\u00f6rt\u00e9n\u0151 ny\u00fajt\u00e1sa c\u00e9lj\u00e1b\u00f3l.<\/p>\n<h2><span class=\"ez-toc-section\" id=\"Our_Security_Measures\"><\/span>Biztons\u00e1gi int\u00e9zked\u00e9seink<span class=\"ez-toc-section-end\"><\/span><\/h2>\n<p>Er\u0151s biztons\u00e1gi int\u00e9zked\u00e9seket vezett\u00fcnk be, hogy megv\u00e9dj\u00fck szem\u00e9lyes adatait a jogosulatlan hozz\u00e1f\u00e9r\u00e9st\u0151l, nyilv\u00e1noss\u00e1gra hozatalt\u00f3l, megv\u00e1ltoztat\u00e1st\u00f3l vagy megsemmis\u00edt\u00e9st\u0151l. Fejlett biztons\u00e1gi rendszereink, titkos\u00edt\u00e1si protokolljaink \u00e9s szigor\u00fa hozz\u00e1f\u00e9r\u00e9s-ellen\u0151rz\u00e9seink biztos\u00edtj\u00e1k az \u00d6n adatainak maxim\u00e1lis v\u00e9delm\u00e9t. Rendszeresen fel\u00fclvizsg\u00e1ljuk \u00e9s friss\u00edtj\u00fck biztons\u00e1gi int\u00e9zked\u00e9seinket, hogy stay megel\u0151zz\u00fck a felmer\u00fcl\u0151 fenyeget\u00e9seket, \u00e9s biztons\u00e1gos k\u00f6rnyezetet tartsunk fenn felhaszn\u00e1l\u00f3ink sz\u00e1m\u00e1ra.<\/p>\n<h2><span class=\"ez-toc-section\" id=\"The_Role_of_Cookies\"><\/span>A s\u00fctik szerepe<span class=\"ez-toc-section-end\"><\/span><\/h2>\n<p>A LiveCasinoFinder.com s\u00fctiket haszn\u00e1l, hogy jav\u00edtsa a b\u00f6ng\u00e9sz\u00e9si \u00e9lm\u00e9nyt a platformunkon. A s\u00fctik olyan kis sz\u00f6veges f\u00e1jlok, amelyeket az \u00d6n eszk\u00f6z\u00e9n t\u00e1rolunk, lehet\u0151v\u00e9 t\u00e9ve sz\u00e1munkra, hogy felismerj\u00fck \u00d6nt, \u00e9s az \u00d6n preferenci\u00e1i alapj\u00e1n testre szabjuk az \u00e9lm\u00e9nyt. Lehet\u0151s\u00e9ge van arra, hogy a b\u00f6ng\u00e9sz\u0151 be\u00e1ll\u00edt\u00e1sain kereszt\u00fcl kezelje a s\u00fctikre vonatkoz\u00f3 be\u00e1ll\u00edt\u00e1sait. Felh\u00edvjuk azonban figyelm\u00e9t, hogy a s\u00fctik letilt\u00e1sa korl\u00e1tozhat bizonyos funkci\u00f3kat vagy funkci\u00f3kat a weboldalunkon.<\/p>\n<h2><span class=\"ez-toc-section\" id=\"Third-Party_Links\"><\/span>Harmadik f\u00e9lt\u0151l sz\u00e1rmaz\u00f3 linkek<span class=\"ez-toc-section-end\"><\/span><\/h2>\n<p>Platformunk tartalmazhat harmadik felek weboldalaira vagy szolg\u00e1ltat\u00e1saira mutat\u00f3 linkeket. Felh\u00edvjuk figyelm\u00e9t, hogy ezeknek a weboldalaknak saj\u00e1t adatv\u00e9delmi szab\u00e1lyzata van, amely elt\u00e9rhet a mi\u00e9nkt\u0151l. Javasoljuk, hogy tekintse \u00e1t a platformunkon kereszt\u00fcl megl\u00e1togatott harmadik f\u00e9l webhelyek adatv\u00e9delmi gyakorlat\u00e1t, mivel nem \u00e1ll m\u00f3dunkban ellen\u0151rizni ezek adatgy\u0171jt\u00e9s\u00e9t vagy felhaszn\u00e1l\u00e1s\u00e1t.<\/p>\n<h2><span class=\"ez-toc-section\" id=\"Policy_on_Childrens_Privacy\"><\/span>Gyermekek adatv\u00e9delm\u00e9re vonatkoz\u00f3 politika<span class=\"ez-toc-section-end\"><\/span><\/h2>\n<p>A LiveCasinoFinder.com olyan szem\u00e9lyek sz\u00e1m\u00e1ra k\u00e9sz\u00fclt, akik legal\u00e1bb 18 \u00e9vesek, vagy bet\u00f6lt\u00f6tt\u00e9k a joghat\u00f3s\u00e1gukban az online szerencsej\u00e1t\u00e9kokra vonatkoz\u00f3 t\u00f6rv\u00e9nyes korhat\u00e1rt. Tudatosan nem gy\u0171jt\u00fcnk vagy t\u00e1rolunk szem\u00e9lyes adatokat a t\u00f6rv\u00e9nyes korhat\u00e1r alatti szem\u00e9lyekr\u0151l. Ha tudom\u00e1st szerz\u00fcnk ilyen inform\u00e1ci\u00f3kr\u00f3l, azonnal t\u00f6r\u00f6lj\u00fck azokat a nyilv\u00e1ntart\u00e1sunkb\u00f3l.<\/p>\n<h2><span class=\"ez-toc-section\" id=\"Changes_to_This_Privacy_Policy\"><\/span>Az Adatv\u00e9delmi szab\u00e1lyzat m\u00f3dos\u00edt\u00e1sai<span class=\"ez-toc-section-end\"><\/span><\/h2>\n<p>Az Adatv\u00e9delmi szab\u00e1lyzatunkat rendszeresen friss\u00edthetj\u00fck, hogy az t\u00fckr\u00f6zze a gyakorlatunkban, a jogi k\u00f6vetelm\u00e9nyekben vagy a szolg\u00e1ltat\u00e1sainkban bek\u00f6vetkezett v\u00e1ltoz\u00e1sokat. A jelen szab\u00e1lyzat m\u00f3dos\u00edt\u00e1sair\u00f3l a platformunkon megjelen\u0151, j\u00f3l l\u00e1that\u00f3 \u00e9rtes\u00edt\u00e9seken kereszt\u00fcl t\u00e1j\u00e9koztatjuk \u00d6nt. Javasoljuk, hogy rendszeresen tekintse \u00e1t adatv\u00e9delmi szab\u00e1lyzatunkat, hogy stay t\u00e1j\u00e9koz\u00f3djon arr\u00f3l, hogyan v\u00e9dj\u00fck az \u00d6n adatait.<\/p>\n<h2><span class=\"ez-toc-section\" id=\"Your_Rights_to_Your_Personal_Information\"><\/span>Az \u00d6n szem\u00e9lyes adataihoz f\u0171z\u0151d\u0151 jogai<span class=\"ez-toc-section-end\"><\/span><\/h2>\n<p>A LiveCasinoFinder.com felhaszn\u00e1l\u00f3jak\u00e9nt bizonyos jogokkal rendelkezik szem\u00e9lyes adatai tekintet\u00e9ben. Ezek a jogok a k\u00f6vetkez\u0151k lehetnek:<\/p>\n<ol>\n<li>Hozz\u00e1f\u00e9r\u00e9s az \u00d6nr\u0151l t\u00e1rolt szem\u00e9lyes adatokhoz<\/li>\n<li>Az \u00d6n adatainak jav\u00edt\u00e1sa vagy friss\u00edt\u00e9se<\/li>\n<li>Bizonyos k\u00f6r\u00fclm\u00e9nyek k\u00f6z\u00f6tt k\u00e9rheti szem\u00e9lyes adatainak t\u00f6rl\u00e9s\u00e9t.<\/li>\n<li>Az adatok feldolgoz\u00e1s\u00e1nak korl\u00e1toz\u00e1s\u00e1hoz vagy tiltakoz\u00e1shoz val\u00f3 jog<\/li>\n<li>Az adathordozhat\u00f3s\u00e1ghoz val\u00f3 jog, amely lehet\u0151v\u00e9 teszi, hogy \u00d6n struktur\u00e1lt, \u00e1ltal\u00e1nosan haszn\u00e1lt \u00e9s g\u00e9ppel olvashat\u00f3 form\u00e1tumban megkapja adatainak m\u00e1solat\u00e1t.<\/li>\n<\/ol>\n<p>Ha \u00e9lni szeretne jogaival, vagy felvil\u00e1gos\u00edt\u00e1st szeretne k\u00e9rni b\u00e1rmilyen, az adatv\u00e9delemmel kapcsolatos k\u00e9rd\u00e9sben, k\u00e9rj\u00fck, vegye fel a kapcsolatot az erre szakosodott \u00fcgyf\u00e9lszolg\u00e1latunkkal. Az\u00e9rt vagyunk itt, hogy azonnal seg\u00edts\u00fcnk \u00d6nnek.<\/p>\n<h2><span class=\"ez-toc-section\" id=\"Retention_of_Data\"><\/span>Az adatok meg\u0151rz\u00e9se<span class=\"ez-toc-section-end\"><\/span><\/h2>\n<p>Szem\u00e9lyes adatait csak addig \u0151rizz\u00fck meg, am\u00edg az a jelen Adatv\u00e9delmi szab\u00e1lyzatban meghat\u00e1rozott c\u00e9lok teljes\u00edt\u00e9s\u00e9hez sz\u00fcks\u00e9ges, illetve ameddig azt a t\u00f6rv\u00e9ny el\u0151\u00edrja. Amint az \u00d6n adataira m\u00e1r nincs sz\u00fcks\u00e9g\u00fcnk, az adatmeg\u0151rz\u00e9si gyakorlatunknak megfelel\u0151en biztons\u00e1gosan megsemmis\u00edtj\u00fck azokat.<\/p>\n<h2><span class=\"ez-toc-section\" id=\"International_Data_Transfers\"><\/span>Nemzetk\u00f6zi adattov\u00e1bb\u00edt\u00e1sok<span class=\"ez-toc-section-end\"><\/span><\/h2>\n<p>Glob\u00e1lis platformk\u00e9nt a LiveCasinoFinder.com az \u00d6n szem\u00e9lyes adatait a vil\u00e1g k\u00fcl\u00f6nb\u00f6z\u0151 pontjain tov\u00e1bb\u00edthatja \u00e9s feldolgozhatja. Biztos\u00edtjuk, hogy megfelel\u0151 biztos\u00edt\u00e9kokat alkalmazunk az \u00d6n adatainak v\u00e9delme \u00e9rdek\u00e9ben a nemzetk\u00f6zi adattov\u00e1bb\u00edt\u00e1s sor\u00e1n, \u00e9s megfelel\u00fcnk az alkalmazand\u00f3 adatv\u00e9delmi t\u00f6rv\u00e9nyeknek.<\/p>\n<p>A LiveCasinoFinder.com-on elk\u00f6telezettek vagyunk amellett, hogy biztons\u00e1gos, \u00e1tl\u00e1that\u00f3 \u00e9s \u00e9lvezetes j\u00e1t\u00e9kk\u00f6rnyezetet biztos\u00edtsunk, mik\u00f6zben v\u00e9dj\u00fck az \u00d6n mag\u00e1n\u00e9let\u00e9t. Az \u00d6n bizalma \u00e9s el\u00e9gedetts\u00e9ge a legf\u0151bb priorit\u00e1sunk.<\/p>","protected":false},"excerpt":{"rendered":"<p>A LiveCasinoFinder.com-n\u00e1l tiszt\u00e1ban vagyunk azzal, hogy mennyire fontos az \u00d6n mag\u00e1n\u00e9let\u00e9nek v\u00e9delme \u00e9s szem\u00e9lyes adatainak bizalmas kezel\u00e9se. Ez az Adatv\u00e9delmi szab\u00e1lyzat ismerteti az adatv\u00e9delem ir\u00e1nti megingathatatlan elk\u00f6telezetts\u00e9g\u00fcnket, biztos\u00edtva a biztons\u00e1gos \u00e9s \u00e9lvezetes \u00e9lm\u00e9nyt a platformunkon. \u00cdg\u00e9ret\u00fcnk az \u00d6n adatainak v\u00e9delme \u00e9rdek\u00e9ben Nagyra \u00e9rt\u00e9kelj\u00fck az \u00d6n adatainak v\u00e9delm\u00e9t, \u00e9s priorit\u00e1sk\u00e9nt kezelj\u00fck szem\u00e9lyes adatainak v\u00e9delm\u00e9t. [...]<\/p>","protected":false},"author":1,"featured_media":0,"parent":0,"menu_order":0,"comment_status":"closed","ping_status":"closed","template":"page-no-sidebar.php","meta":{"_lmt_disableupdate":"no","_lmt_disable":"no","footnotes":""},"class_list":["post-2109","page","type-page","status-publish","hentry"],"yoast_head":"<!-- This site is optimized with the Yoast SEO plugin v26.4 - https:\/\/yoast.com\/wordpress\/plugins\/seo\/ -->\n<title>Protecting Your Privacy | LiveCasinoFinder.com Privacy Policy<\/title>\n<meta name=\"description\" content=\"At LiveCasinoFinder.com, we prioritize the protection of your data. Our Privacy Policy outlines our commitment to safeguarding your personal information.\" \/>\n<meta name=\"robots\" content=\"index, follow, max-snippet:-1, max-image-preview:large, max-video-preview:-1\" \/>\n<link rel=\"canonical\" href=\"https:\/\/livecasinofinder.com\/wp-json\/wp\/v2\/pages\/2109\/\" \/>\n<meta property=\"og:locale\" content=\"hu_HU\" \/>\n<meta property=\"og:type\" content=\"article\" \/>\n<meta property=\"og:title\" content=\"Protecting Your Privacy | LiveCasinoFinder.com Privacy Policy\" \/>\n<meta property=\"og:description\" content=\"At LiveCasinoFinder.com, we prioritize the protection of your data. Our Privacy Policy outlines our commitment to safeguarding your personal information.\" \/>\n<meta property=\"og:url\" content=\"https:\/\/livecasinofinder.com\/hu\/privacy-policy\/\" \/>\n<meta property=\"og:site_name\" content=\"livecasinofinder.com\" \/>\n<meta property=\"og:image\" content=\"https:\/\/livecasinofinder.com\/wp-content\/uploads\/2023\/03\/lucasoilraceway-logo-1.png\" \/>\n\t<meta property=\"og:image:width\" content=\"427\" \/>\n\t<meta property=\"og:image:height\" content=\"145\" \/>\n\t<meta property=\"og:image:type\" content=\"image\/png\" \/>\n<meta name=\"twitter:card\" content=\"summary_large_image\" \/>\n<meta name=\"twitter:label1\" content=\"Becs\u00fclt olvas\u00e1si id\u0151\" \/>\n\t<meta name=\"twitter:data1\" content=\"4 perc\" \/>\n<!-- \/ Yoast SEO plugin. -->","yoast_head_json":{"title":"Az \u00d6n adatainak v\u00e9delme | LiveCasinoFinder.com Adatv\u00e9delmi szab\u00e1lyzat","description":"A LiveCasinoFinder.com-n\u00e1l az \u00d6n adatainak v\u00e9delm\u00e9t kiemelten kezelj\u00fck. Adatv\u00e9delmi szab\u00e1lyzatunk ismerteti az \u00d6n szem\u00e9lyes adatainak v\u00e9delme ir\u00e1nti elk\u00f6telezetts\u00e9g\u00fcnket.","robots":{"index":"index","follow":"follow","max-snippet":"max-snippet:-1","max-image-preview":"max-image-preview:large","max-video-preview":"max-video-preview:-1"},"canonical":"https:\/\/livecasinofinder.com\/wp-json\/wp\/v2\/pages\/2109\/","og_locale":"hu_HU","og_type":"article","og_title":"Protecting Your Privacy | LiveCasinoFinder.com Privacy Policy","og_description":"At LiveCasinoFinder.com, we prioritize the protection of your data. Our Privacy Policy outlines our commitment to safeguarding your personal information.","og_url":"https:\/\/livecasinofinder.com\/hu\/privacy-policy\/","og_site_name":"livecasinofinder.com","og_image":[{"width":427,"height":145,"url":"https:\/\/livecasinofinder.com\/wp-content\/uploads\/2023\/03\/lucasoilraceway-logo-1.png","type":"image\/png"}],"twitter_card":"summary_large_image","twitter_misc":{"Becs\u00fclt olvas\u00e1si id\u0151":"4 perc"},"schema":{"@context":"https:\/\/schema.org","@graph":[{"@type":"WebPage","@id":"https:\/\/livecasinofinder.com\/privacy-policy\/","url":"https:\/\/livecasinofinder.com\/privacy-policy\/","name":"Az \u00d6n adatainak v\u00e9delme | LiveCasinoFinder.com Adatv\u00e9delmi szab\u00e1lyzat","isPartOf":{"@id":"https:\/\/livecasinofinder.com\/ja\/#website"},"datePublished":"2023-06-20T14:37:04+00:00","description":"A LiveCasinoFinder.com-n\u00e1l az \u00d6n adatainak v\u00e9delm\u00e9t kiemelten kezelj\u00fck. Adatv\u00e9delmi szab\u00e1lyzatunk ismerteti az \u00d6n szem\u00e9lyes adatainak v\u00e9delme ir\u00e1nti elk\u00f6telezetts\u00e9g\u00fcnket.","breadcrumb":{"@id":"https:\/\/livecasinofinder.com\/privacy-policy\/#breadcrumb"},"inLanguage":"hu","potentialAction":[{"@type":"ReadAction","target":["https:\/\/livecasinofinder.com\/privacy-policy\/"]}]},{"@type":"BreadcrumbList","@id":"https:\/\/livecasinofinder.com\/privacy-policy\/#breadcrumb","itemListElement":[{"@type":"ListItem","position":1,"name":"LiveCasinoFinder.com","item":"https:\/\/livecasinofinder.com\/fr\/"},{"@type":"ListItem","position":2,"name":"Privacy Policy"}]},{"@type":"WebSite","@id":"https:\/\/livecasinofinder.com\/ja\/#website","url":"https:\/\/livecasinofinder.com\/ja\/","name":"livecasinofinder","description":"","publisher":{"@id":"https:\/\/livecasinofinder.com\/ja\/#organization"},"alternateName":"Lucas oil raceway live casino","potentialAction":[{"@type":"SearchAction","target":{"@type":"EntryPoint","urlTemplate":"https:\/\/livecasinofinder.com\/ja\/?s={search_term_string}"},"query-input":{"@type":"PropertyValueSpecification","valueRequired":true,"valueName":"search_term_string"}}],"inLanguage":"hu"},{"@type":"Organization","@id":"https:\/\/livecasinofinder.com\/ja\/#organization","name":"\u00c9l\u0151 kaszin\u00f3 keres\u0151","alternateName":"Lucas oil raceway live casino","url":"https:\/\/livecasinofinder.com\/ja\/","logo":{"@type":"ImageObject","inLanguage":"hu","@id":"https:\/\/livecasinofinder.com\/ja\/#\/schema\/logo\/image\/","url":"https:\/\/livecasinofinder.com\/wp-content\/uploads\/2023\/04\/livecasinofinder-logo.png","contentUrl":"https:\/\/livecasinofinder.com\/wp-content\/uploads\/2023\/04\/livecasinofinder-logo.png","width":1600,"height":453,"caption":"Live Casino Finder"},"image":{"@id":"https:\/\/livecasinofinder.com\/ja\/#\/schema\/logo\/image\/"}}]}},"_links":{"self":[{"href":"https:\/\/livecasinofinder.com\/hu\/wp-json\/wp\/v2\/pages\/2109","targetHints":{"allow":["GET"]}}],"collection":[{"href":"https:\/\/livecasinofinder.com\/hu\/wp-json\/wp\/v2\/pages"}],"about":[{"href":"https:\/\/livecasinofinder.com\/hu\/wp-json\/wp\/v2\/types\/page"}],"author":[{"embeddable":true,"href":"https:\/\/livecasinofinder.com\/hu\/wp-json\/wp\/v2\/users\/1"}],"replies":[{"embeddable":true,"href":"https:\/\/livecasinofinder.com\/hu\/wp-json\/wp\/v2\/comments?post=2109"}],"version-history":[{"count":0,"href":"https:\/\/livecasinofinder.com\/hu\/wp-json\/wp\/v2\/pages\/2109\/revisions"}],"wp:attachment":[{"href":"https:\/\/livecasinofinder.com\/hu\/wp-json\/wp\/v2\/media?parent=2109"}],"curies":[{"name":"wp","href":"https:\/\/api.w.org\/{rel}","templated":true}]}}