{"id":2107,"date":"2023-06-20T14:36:44","date_gmt":"2023-06-20T14:36:44","guid":{"rendered":"https:\/\/livecasinofinder.com\/?page_id=2107"},"modified":"2025-06-03T11:09:24","modified_gmt":"2025-06-03T11:09:24","slug":"disclaimer","status":"publish","type":"page","link":"https:\/\/livecasinofinder.com\/hu\/disclaimer\/","title":{"rendered":"Felel\u0151ss\u00e9gi nyilatkozat"},"content":{"rendered":"<p>A LiveCasinoFinder.com a kvintesszenci\u00e1lis \u00fatmutat\u00f3 minden szerencsej\u00e1t\u00e9k-rajong\u00f3 sz\u00e1m\u00e1ra!\u00a0<em>Gondolkodott m\u00e1r azon, hogy melyik live casino-t pr\u00f3b\u00e1lja ki?<\/em>\u00a0Weboldalunk jelz\u0151f\u00e9nyk\u00e9nt m\u0171k\u00f6dik, amely elkalauzolja \u00d6nt az \u00e9l\u0151 online kaszin\u00f3k rejt\u00e9lyes vil\u00e1g\u00e1ban. A LiveCasinoFinder.com seg\u00edt megtal\u00e1lni a <a href=\"\/hu\/live-casinos\/\">legjobb live casinos<\/a>, \u00f6sszehasonl\u00edthatja a funkci\u00f3kat, \u00e9s m\u00e9g n\u00e9h\u00e1ny super-\u00e9des b\u00f3nuszt is elkaphat.<\/p>\n<div id=\"ez-toc-container\" class=\"ez-toc-v2_0_63 counter-hierarchy ez-toc-counter ez-toc-grey ez-toc-container-direction\">\n<label for=\"ez-toc-cssicon-toggle-item-69e400af0f0eb\" class=\"ez-toc-cssicon-toggle-label\"><span class=\"ez-toc-cssicon\"><span class=\"eztoc-hide\" style=\"display:none;\">Toggle<\/span><span class=\"ez-toc-icon-toggle-span\"><svg style=\"fill: #999;color:#999\" xmlns=\"http:\/\/www.w3.org\/2000\/svg\" class=\"list-377408\" width=\"20px\" height=\"20px\" viewbox=\"0 0 24 24\" fill=\"none\"><path d=\"M6 6H4v2h2V6zm14 0H8v2h12V6zM4 11h2v2H4v-2zm16 0H8v2h12v-2zM4 16h2v2H4v-2zm16 0H8v2h12v-2z\" fill=\"currentColor\"><\/path><\/svg><svg style=\"fill: #999;color:#999\" class=\"arrow-unsorted-368013\" xmlns=\"http:\/\/www.w3.org\/2000\/svg\" width=\"10px\" height=\"10px\" viewbox=\"0 0 24 24\" version=\"1.2\" baseprofile=\"tiny\"><path d=\"M18.2 9.3l-6.2-6.3-6.2 6.3c-.2.2-.3.4-.3.7s.1.5.3.7c.2.2.4.3.7.3h11c.3 0 .5-.1.7-.3.2-.2.3-.5.3-.7s-.1-.5-.3-.7zM5.8 14.7l6.2 6.3 6.2-6.3c.2-.2.3-.5.3-.7s-.1-.5-.3-.7c-.2-.2-.4-.3-.7-.3h-11c-.3 0-.5.1-.7.3-.2.2-.3.5-.3.7s.1.5.3.7z\"\/><\/svg><\/span><\/span><\/label><input type=\"checkbox\"  id=\"ez-toc-cssicon-toggle-item-69e400af0f0eb\" checked aria-label=\"Toggle\" \/><nav><ul class='ez-toc-list ez-toc-list-level-1' ><li class='ez-toc-page-1 ez-toc-heading-level-2'><a class=\"ez-toc-link ez-toc-heading-1\" href=\"https:\/\/livecasinofinder.com\/hu\/disclaimer\/#Objective_of_LiveCasinoFindercom\" title=\"A LiveCasinoFinder.com c\u00e9lkit\u0171z\u00e9se\">A LiveCasinoFinder.com c\u00e9lkit\u0171z\u00e9se<\/a><\/li><li class='ez-toc-page-1 ez-toc-heading-level-2'><a class=\"ez-toc-link ez-toc-heading-2\" href=\"https:\/\/livecasinofinder.com\/hu\/disclaimer\/#Limitations_and_Liability\" title=\"Korl\u00e1toz\u00e1sok \u00e9s felel\u0151ss\u00e9g\">Korl\u00e1toz\u00e1sok \u00e9s felel\u0151ss\u00e9g<\/a><ul class='ez-toc-list-level-3' ><li class='ez-toc-heading-level-3'><a class=\"ez-toc-link ez-toc-heading-3\" href=\"https:\/\/livecasinofinder.com\/hu\/disclaimer\/#Validity_of_Information\" title=\"Az inform\u00e1ci\u00f3 \u00e9rv\u00e9nyess\u00e9ge\">Az inform\u00e1ci\u00f3 \u00e9rv\u00e9nyess\u00e9ge<\/a><\/li><li class='ez-toc-page-1 ez-toc-heading-level-3'><a class=\"ez-toc-link ez-toc-heading-4\" href=\"https:\/\/livecasinofinder.com\/hu\/disclaimer\/#User_Responsibilities\" title=\"Felhaszn\u00e1l\u00f3i felel\u0151ss\u00e9gek\">Felhaszn\u00e1l\u00f3i felel\u0151ss\u00e9gek<\/a><ul class='ez-toc-list-level-4' ><li class='ez-toc-heading-level-4'><a class=\"ez-toc-link ez-toc-heading-5\" href=\"https:\/\/livecasinofinder.com\/hu\/disclaimer\/#Age_Restrictions\" title=\"Korhat\u00e1rok\">Korhat\u00e1rok<\/a><\/li><li class='ez-toc-page-1 ez-toc-heading-level-4'><a class=\"ez-toc-link ez-toc-heading-6\" href=\"https:\/\/livecasinofinder.com\/hu\/disclaimer\/#Responsible_Gambling\" title=\"Felel\u0151s szerencsej\u00e1t\u00e9k\">Felel\u0151s szerencsej\u00e1t\u00e9k<\/a><\/li><\/ul><\/li><\/ul><\/li><li class='ez-toc-page-1 ez-toc-heading-level-2'><a class=\"ez-toc-link ez-toc-heading-7\" href=\"https:\/\/livecasinofinder.com\/hu\/disclaimer\/#Third-Party_Content_and_Links\" title=\"Harmadik f\u00e9lt\u0151l sz\u00e1rmaz\u00f3 tartalom \u00e9s linkek\">Harmadik f\u00e9lt\u0151l sz\u00e1rmaz\u00f3 tartalom \u00e9s linkek<\/a><ul class='ez-toc-list-level-3' ><li class='ez-toc-heading-level-3'><a class=\"ez-toc-link ez-toc-heading-8\" href=\"https:\/\/livecasinofinder.com\/hu\/disclaimer\/#External_Links\" title=\"K\u00fcls\u0151 linkek\">K\u00fcls\u0151 linkek<\/a><\/li><li class='ez-toc-page-1 ez-toc-heading-level-3'><a class=\"ez-toc-link ez-toc-heading-9\" href=\"https:\/\/livecasinofinder.com\/hu\/disclaimer\/#Affiliations_and_Partnerships\" title=\"Kapcsolatok \u00e9s partners\u00e9gek\">Kapcsolatok \u00e9s partners\u00e9gek<\/a><\/li><\/ul><\/li><li class='ez-toc-page-1 ez-toc-heading-level-2'><a class=\"ez-toc-link ez-toc-heading-10\" href=\"https:\/\/livecasinofinder.com\/hu\/disclaimer\/#Intellectual_Property\" title=\"Szellemi tulajdon\">Szellemi tulajdon<\/a><ul class='ez-toc-list-level-3' ><li class='ez-toc-heading-level-3'><a class=\"ez-toc-link ez-toc-heading-11\" href=\"https:\/\/livecasinofinder.com\/hu\/disclaimer\/#Copyrights\" title=\"Szerz\u0151i jogok\">Szerz\u0151i jogok<\/a><\/li><li class='ez-toc-page-1 ez-toc-heading-level-3'><a class=\"ez-toc-link ez-toc-heading-12\" href=\"https:\/\/livecasinofinder.com\/hu\/disclaimer\/#Use_of_Content\" title=\"A tartalom felhaszn\u00e1l\u00e1sa\">A tartalom felhaszn\u00e1l\u00e1sa<\/a><\/li><li class='ez-toc-page-1 ez-toc-heading-level-3'><a class=\"ez-toc-link ez-toc-heading-13\" href=\"https:\/\/livecasinofinder.com\/hu\/disclaimer\/#Indemnification\" title=\"K\u00e1rtalan\u00edt\u00e1s\">K\u00e1rtalan\u00edt\u00e1s<\/a><\/li><\/ul><\/li><li class='ez-toc-page-1 ez-toc-heading-level-2'><a class=\"ez-toc-link ez-toc-heading-14\" href=\"https:\/\/livecasinofinder.com\/hu\/disclaimer\/#Governing_Law_and_Jurisdiction\" title=\"Ir\u00e1nyad\u00f3 jog \u00e9s joghat\u00f3s\u00e1g\">Ir\u00e1nyad\u00f3 jog \u00e9s joghat\u00f3s\u00e1g<\/a><\/li><li class='ez-toc-page-1 ez-toc-heading-level-2'><a class=\"ez-toc-link ez-toc-heading-15\" href=\"https:\/\/livecasinofinder.com\/hu\/disclaimer\/#Updates_to_Disclaimer\" title=\"A jogi nyilatkozat friss\u00edt\u00e9sei\">A jogi nyilatkozat friss\u00edt\u00e9sei<\/a><\/li><li class='ez-toc-page-1 ez-toc-heading-level-2'><a class=\"ez-toc-link ez-toc-heading-16\" href=\"https:\/\/livecasinofinder.com\/hu\/disclaimer\/#Contact_Information\" title=\"Kapcsolattart\u00e1si inform\u00e1ci\u00f3k\">Kapcsolattart\u00e1si inform\u00e1ci\u00f3k<\/a><\/li><li class='ez-toc-page-1 ez-toc-heading-level-2'><a class=\"ez-toc-link ez-toc-heading-17\" href=\"https:\/\/livecasinofinder.com\/hu\/disclaimer\/#Conclusion\" title=\"K\u00f6vetkeztet\u00e9s\">K\u00f6vetkeztet\u00e9s<\/a><\/li><\/ul><\/nav><\/div>\n\n<h2><span class=\"ez-toc-section\" id=\"Objective_of_LiveCasinoFindercom\"><\/span>A LiveCasinoFinder.com c\u00e9lkit\u0171z\u00e9se<span class=\"ez-toc-section-end\"><\/span><\/h2>\n<p>A LiveCasinoFinder.com-nak egy c\u00e9lja van:\u00a0<em>hogy az online szerencsej\u00e1t\u00e9kos utaz\u00e1sa sim\u00e1bb legyen, mint egy soros fl\u00f6ss.<\/em>. Megb\u00edzhat\u00f3 inform\u00e1ci\u00f3kat, szak\u00e9rt\u0151i megl\u00e1t\u00e1sokat \u00e9s kiv\u00e1l\u00f3 strat\u00e9gi\u00e1kat k\u00edn\u00e1lunk \u00d6nnek. Ne feledje azonban, hogy mi vagyunk az \u00d6n Frod\u00f3j\u00e1nak Gandalfja; a v\u00e9gs\u0151 k\u00fcldet\u00e9st \u00d6nnek kell teljes\u00edtenie.<\/p>\n<h2><span class=\"ez-toc-section\" id=\"Limitations_and_Liability\"><\/span>Korl\u00e1toz\u00e1sok \u00e9s felel\u0151ss\u00e9g<span class=\"ez-toc-section-end\"><\/span><\/h2>\n<p>Mint egy mer\u00e9sz kal\u00f3zkaland, az ide vezet\u0151 \u00fat saj\u00e1t felel\u0151ss\u00e9gre t\u00f6rt\u00e9nik. Nem v\u00e1llalunk felel\u0151ss\u00e9get semmilyen vesztes\u00e9g\u00e9rt vagy k\u00e1r\u00e9rt. Kincses t\u00e9rk\u00e9peink csak \u00fatmutat\u00f3k, a kock\u00e1zatot \u00f6n\u00f6k v\u00e1llalj\u00e1k.<\/p>\n<h3><span class=\"ez-toc-section\" id=\"Validity_of_Information\"><\/span>Az inform\u00e1ci\u00f3 \u00e9rv\u00e9nyess\u00e9ge<span class=\"ez-toc-section-end\"><\/span><\/h3>\n<p>Sz\u00edv\u00fcnket-lelk\u00fcnket beleadtuk abba, hogy a legpontosabb \u00e9s legfrissebb inform\u00e1ci\u00f3kat ny\u00fajtsuk \u00d6nnek. Azonban, ak\u00e1rcsak a p\u00f3kerben, n\u00e9ha a dolgok kisz\u00e1m\u00edthatatlanul v\u00e1ltoznak. K\u00f6vetkez\u00e9sk\u00e9ppen nem tudjuk garant\u00e1lni, hogy minden, amit itt tal\u00e1lsz, mindig olyan friss lesz, mint egy sz\u00e1zszorsz\u00e9p.<\/p>\n<h3><span class=\"ez-toc-section\" id=\"User_Responsibilities\"><\/span>Felhaszn\u00e1l\u00f3i felel\u0151ss\u00e9gek<span class=\"ez-toc-section-end\"><\/span><\/h3>\n<h4><span class=\"ez-toc-section\" id=\"Age_Restrictions\"><\/span>Korhat\u00e1rok<span class=\"ez-toc-section-end\"><\/span><\/h4>\n<p>El\u00e9g id\u0151s vagy ahhoz, hogy kock\u00e1ztass? Miel\u0151tt bel\u00e9pne a LiveCasinoFinder.com izgalmas vil\u00e1g\u00e1ba, gy\u0151z\u0151dj\u00f6n meg r\u00f3la, hogy bet\u00f6lt\u00f6tte a szerencsej\u00e1t\u00e9khoz sz\u00fcks\u00e9ges korhat\u00e1rt. Ha nem, itt az ideje, hogy elt\u0171nj\u00f6n innen!<\/p>\n<h4><span class=\"ez-toc-section\" id=\"Responsible_Gambling\"><\/span>Felel\u0151s szerencsej\u00e1t\u00e9k<span class=\"ez-toc-section-end\"><\/span><\/h4>\n<p>A szerencsej\u00e1t\u00e9k olyan, mint a j\u00f3 bor kortyolgat\u00e1sa - felel\u0151ss\u00e9gteljesen kell elj\u00e1rni. Ne feledje, hogy mindig legyen esze, \u00e9s soha ne j\u00e1tsszon t\u00f6bbet, mint amennyit megengedhet mag\u00e1nak, hogy elvesz\u00edtsen. Gondoljon r\u00e1 \u00fagy, mint egy bar\u00e1ti j\u00e1t\u00e9kestre; sz\u00f3rakozni j\u00f6tt, nem pedig az\u00e9rt, hogy ki\u00fcr\u00edtse a megtakar\u00edt\u00e1sait!<\/p>\n<h2><span class=\"ez-toc-section\" id=\"Third-Party_Content_and_Links\"><\/span>Harmadik f\u00e9lt\u0151l sz\u00e1rmaz\u00f3 tartalom \u00e9s linkek<span class=\"ez-toc-section-end\"><\/span><\/h2>\n<h3><span class=\"ez-toc-section\" id=\"External_Links\"><\/span>K\u00fcls\u0151 linkek<span class=\"ez-toc-section-end\"><\/span><\/h3>\n<p><em>Van kedved \u00faj birodalmakat felfedezni?<\/em>\u00a0Harmadik f\u00e9l webhelyeire mutat\u00f3 linkeket biztos\u00edtunk. L\u00e9pj azonban \u00f3vatosan, fiatal felfedez\u0151. Nem vagyunk felel\u0151sek semmilyen s\u00e1rk\u00e1ny\u00e9rt vagy tartalom\u00e9rt, amivel ott tal\u00e1lkozhatsz.<\/p>\n<h3><span class=\"ez-toc-section\" id=\"Affiliations_and_Partnerships\"><\/span>Kapcsolatok \u00e9s partners\u00e9gek<span class=\"ez-toc-section-end\"><\/span><\/h3>\n<p>B\u00fcszk\u00e9k vagyunk arra, hogy az ipar\u00e1g n\u00e9h\u00e1ny kir\u00e1lyi tagj\u00e1val \u00e1llhatunk kapcsolatban. Becs\u00fcletess\u00e9g\u00fcnk azonban \u00e9rintetlen marad, \u00e9s v\u00e9lem\u00e9ny\u00fcnk nem v\u00e1ltozik. Nem a partners\u00e9gek ir\u00e1ny\u00edtanak minket, hanem mi ir\u00e1ny\u00edtjuk \u0151ket!<\/p>\n<h2><span class=\"ez-toc-section\" id=\"Intellectual_Property\"><\/span>Szellemi tulajdon<span class=\"ez-toc-section-end\"><\/span><\/h2>\n<h3><span class=\"ez-toc-section\" id=\"Copyrights\"><\/span>Szerz\u0151i jogok<span class=\"ez-toc-section-end\"><\/span><\/h3>\n<p>Tartalmunk olyan egyedi, mint az egyszarv\u00fa, \u00e9s a szerz\u0151i jogi t\u00f6rv\u00e9nyek b\u0171v\u00f6s pajzsa v\u00e9di. Tiszteld a birodalmat, ne orvvad\u00e1szd el a tartalmainkat!<\/p>\n<h3><span class=\"ez-toc-section\" id=\"Use_of_Content\"><\/span>A tartalom felhaszn\u00e1l\u00e1sa<span class=\"ez-toc-section-end\"><\/span><\/h3>\n<p>Nyugodtan haszn\u00e1ld fel a tartalmunkat, de ne feledd, hogy a var\u00e1zslatos forr\u00e1st, a LiveCasinoFinder.com-ot jel\u00f6ld meg.\u00a0<em>Te nem adn\u00e1l hitelt egy var\u00e1zsl\u00f3nak, aki kincses t\u00e9rk\u00e9pet adott neked?<\/em><\/p>\n<h3><span class=\"ez-toc-section\" id=\"Indemnification\"><\/span>K\u00e1rtalan\u00edt\u00e1s<span class=\"ez-toc-section-end\"><\/span><\/h3>\n<p>Ha a tettei jogi bajokhoz vezetnek, az olyan, mintha egyed\u00fcl j\u00e1rna a deszk\u00e1n; nem fogunk osztozni a buk\u00e1son. K\u00e1rtalan\u00edtasz minket minden olyan k\u00f6vetel\u00e9ssel szemben, amely a kincses t\u00e9rk\u00e9peink haszn\u00e1lata miatt mer\u00fcl fel.<\/p>\n<h2><span class=\"ez-toc-section\" id=\"Governing_Law_and_Jurisdiction\"><\/span>Ir\u00e1nyad\u00f3 jog \u00e9s joghat\u00f3s\u00e1g<span class=\"ez-toc-section-end\"><\/span><\/h2>\n<p>A LiveCasinoFinder.com ter\u00fclet\u00e9t szab\u00e1lyoz\u00f3 t\u00f6rv\u00e9nyek szigor\u00faak \u00e9s k\u00f6telez\u0151 \u00e9rv\u00e9ny\u0171ek. Minden vit\u00e1s k\u00e9rd\u00e9st a jogi sasok \u00e9ber szemei alatt kell megoldani, az orsz\u00e1g t\u00f6rv\u00e9nyeinek megfelel\u0151en.<\/p>\n<h2><span class=\"ez-toc-section\" id=\"Updates_to_Disclaimer\"><\/span>A jogi nyilatkozat friss\u00edt\u00e9sei<span class=\"ez-toc-section-end\"><\/span><\/h2>\n<p>Ezt a nyilatkozatot friss\u00edthetj\u00fck, mint egy haj\u00f3, amelyik ir\u00e1nyt v\u00e1ltoztat. Tartsa a t\u00e1vcs\u00f6v\u00e9t ezen az oldalon, hogy stay t\u00e1j\u00e9kozott legyen.<\/p>\n<h2><span class=\"ez-toc-section\" id=\"Contact_Information\"><\/span>Kapcsolattart\u00e1si inform\u00e1ci\u00f3k<span class=\"ez-toc-section-end\"><\/span><\/h2>\n<p>Ha el kell \u00e9rnie minket, k\u00fcldj\u00f6n nek\u00fcnk \u00fczenetet egy \u00fcvegben, vagy l\u00e9pjen kapcsolatba vel\u00fcnk a weboldalunkon kereszt\u00fcl. \u00dagy \u00e9rt\u00e9kelj\u00fck a visszajelz\u00e9seket, mint kal\u00f3z az aranyat!<\/p>\n<h2><span class=\"ez-toc-section\" id=\"Conclusion\"><\/span>K\u00f6vetkeztet\u00e9s<span class=\"ez-toc-section-end\"><\/span><\/h2>\n<p>Teh\u00e1t, kalandv\u00e1gy\u00f3 bar\u00e1taim, ez a LiveCasinoFinder.com hivatalos nyilatkozat\u00e1nak tekercse. Ne feledj\u00e9tek, a nagy hatalommal (vagy inform\u00e1ci\u00f3val, ebben az esetben) nagy felel\u0151ss\u00e9g is j\u00e1r. Haszn\u00e1lj\u00e1tok b\u00f6lcsen a kincses t\u00e9rk\u00e9peket, \u00e9s legyen a k\u00fcldet\u00e9setek gazdags\u00e1ggal teli!<\/p>","protected":false},"excerpt":{"rendered":"<p>A LiveCasinoFinder.com a kvintesszenci\u00e1lis \u00fatmutat\u00f3 minden szerencsej\u00e1t\u00e9k-rajong\u00f3 sz\u00e1m\u00e1ra! Volt m\u00e1r valaha tan\u00e1cstalan, hogy melyik live casino-t pr\u00f3b\u00e1lja ki? Weboldalunk jelz\u0151f\u00e9nyk\u00e9nt m\u0171k\u00f6dik, \u00e9s elkalauzolja \u00d6nt az \u00e9l\u0151 online kaszin\u00f3k rejt\u00e9lyes vil\u00e1g\u00e1ban. A LiveCasinoFinder.com seg\u00edt megtal\u00e1lni a legjobb live casino-ket, \u00f6sszehasonl\u00edtani a funkci\u00f3kat, \u00e9s m\u00e9g n\u00e9h\u00e1ny super-\u00e9des b\u00f3nuszt is elcs\u00edphet. C\u00e9lja [...]<\/p>","protected":false},"author":1,"featured_media":0,"parent":0,"menu_order":0,"comment_status":"closed","ping_status":"closed","template":"page-no-sidebar.php","meta":{"_lmt_disableupdate":"no","_lmt_disable":"no","footnotes":""},"class_list":["post-2107","page","type-page","status-publish","hentry"],"yoast_head":"<!-- This site is optimized with the Yoast SEO plugin v26.4 - https:\/\/yoast.com\/wordpress\/plugins\/seo\/ -->\n<title>Disclaimer and Important Information<\/title>\n<meta name=\"description\" content=\"Read Live Casino Finder\u2019s disclaimer to understand our policies and ensure a clear and transparent experience when using our live casino guides and reviews.\" \/>\n<meta name=\"robots\" content=\"index, follow, max-snippet:-1, max-image-preview:large, max-video-preview:-1\" \/>\n<link rel=\"canonical\" href=\"https:\/\/livecasinofinder.com\/wp-json\/wp\/v2\/pages\/2107\/\" \/>\n<meta property=\"og:locale\" content=\"hu_HU\" \/>\n<meta property=\"og:type\" content=\"article\" \/>\n<meta property=\"og:title\" content=\"Disclaimer and Important Information\" \/>\n<meta property=\"og:description\" content=\"Read Live Casino Finder\u2019s disclaimer to understand our policies and ensure a clear and transparent experience when using our live casino guides and reviews.\" \/>\n<meta property=\"og:url\" content=\"https:\/\/livecasinofinder.com\/hu\/disclaimer\/\" \/>\n<meta property=\"og:site_name\" content=\"livecasinofinder.com\" \/>\n<meta property=\"article:modified_time\" content=\"2025-06-03T11:09:24+00:00\" \/>\n<meta property=\"og:image\" content=\"https:\/\/livecasinofinder.com\/wp-content\/uploads\/2023\/03\/lucasoilraceway-logo-1.png\" \/>\n\t<meta property=\"og:image:width\" content=\"427\" \/>\n\t<meta property=\"og:image:height\" content=\"145\" \/>\n\t<meta property=\"og:image:type\" content=\"image\/png\" \/>\n<meta name=\"twitter:card\" content=\"summary_large_image\" \/>\n<meta name=\"twitter:label1\" content=\"Becs\u00fclt olvas\u00e1si id\u0151\" \/>\n\t<meta name=\"twitter:data1\" content=\"3 perc\" \/>\n<!-- \/ Yoast SEO plugin. -->","yoast_head_json":{"title":"Disclaimer and Important Information","description":"Read Live Casino Finder\u2019s disclaimer to understand our policies and ensure a clear and transparent experience when using our live casino guides and reviews.","robots":{"index":"index","follow":"follow","max-snippet":"max-snippet:-1","max-image-preview":"max-image-preview:large","max-video-preview":"max-video-preview:-1"},"canonical":"https:\/\/livecasinofinder.com\/wp-json\/wp\/v2\/pages\/2107\/","og_locale":"hu_HU","og_type":"article","og_title":"Disclaimer and Important Information","og_description":"Read Live Casino Finder\u2019s disclaimer to understand our policies and ensure a clear and transparent experience when using our live casino guides and reviews.","og_url":"https:\/\/livecasinofinder.com\/hu\/disclaimer\/","og_site_name":"livecasinofinder.com","article_modified_time":"2025-06-03T11:09:24+00:00","og_image":[{"width":427,"height":145,"url":"https:\/\/livecasinofinder.com\/wp-content\/uploads\/2023\/03\/lucasoilraceway-logo-1.png","type":"image\/png"}],"twitter_card":"summary_large_image","twitter_misc":{"Becs\u00fclt olvas\u00e1si id\u0151":"3 perc"},"schema":{"@context":"https:\/\/schema.org","@graph":[{"@type":"WebPage","@id":"https:\/\/livecasinofinder.com\/disclaimer\/","url":"https:\/\/livecasinofinder.com\/disclaimer\/","name":"Disclaimer and Important Information","isPartOf":{"@id":"https:\/\/livecasinofinder.com\/ja\/#website"},"datePublished":"2023-06-20T14:36:44+00:00","dateModified":"2025-06-03T11:09:24+00:00","description":"Read Live Casino Finder\u2019s disclaimer to understand our policies and ensure a clear and transparent experience when using our live casino guides and reviews.","breadcrumb":{"@id":"https:\/\/livecasinofinder.com\/disclaimer\/#breadcrumb"},"inLanguage":"hu","potentialAction":[{"@type":"ReadAction","target":["https:\/\/livecasinofinder.com\/disclaimer\/"]}]},{"@type":"BreadcrumbList","@id":"https:\/\/livecasinofinder.com\/disclaimer\/#breadcrumb","itemListElement":[{"@type":"ListItem","position":1,"name":"LiveCasinoFinder.com","item":"https:\/\/livecasinofinder.com\/fr\/"},{"@type":"ListItem","position":2,"name":"Disclaimer"}]},{"@type":"WebSite","@id":"https:\/\/livecasinofinder.com\/ja\/#website","url":"https:\/\/livecasinofinder.com\/ja\/","name":"livecasinofinder","description":"","publisher":{"@id":"https:\/\/livecasinofinder.com\/ja\/#organization"},"alternateName":"Lucas oil raceway live casino","potentialAction":[{"@type":"SearchAction","target":{"@type":"EntryPoint","urlTemplate":"https:\/\/livecasinofinder.com\/ja\/?s={search_term_string}"},"query-input":{"@type":"PropertyValueSpecification","valueRequired":true,"valueName":"search_term_string"}}],"inLanguage":"hu"},{"@type":"Organization","@id":"https:\/\/livecasinofinder.com\/ja\/#organization","name":"\u00c9l\u0151 kaszin\u00f3 keres\u0151","alternateName":"Lucas oil raceway live casino","url":"https:\/\/livecasinofinder.com\/ja\/","logo":{"@type":"ImageObject","inLanguage":"hu","@id":"https:\/\/livecasinofinder.com\/ja\/#\/schema\/logo\/image\/","url":"https:\/\/livecasinofinder.com\/wp-content\/uploads\/2023\/04\/livecasinofinder-logo.png","contentUrl":"https:\/\/livecasinofinder.com\/wp-content\/uploads\/2023\/04\/livecasinofinder-logo.png","width":1600,"height":453,"caption":"Live Casino Finder"},"image":{"@id":"https:\/\/livecasinofinder.com\/ja\/#\/schema\/logo\/image\/"}}]}},"_links":{"self":[{"href":"https:\/\/livecasinofinder.com\/hu\/wp-json\/wp\/v2\/pages\/2107","targetHints":{"allow":["GET"]}}],"collection":[{"href":"https:\/\/livecasinofinder.com\/hu\/wp-json\/wp\/v2\/pages"}],"about":[{"href":"https:\/\/livecasinofinder.com\/hu\/wp-json\/wp\/v2\/types\/page"}],"author":[{"embeddable":true,"href":"https:\/\/livecasinofinder.com\/hu\/wp-json\/wp\/v2\/users\/1"}],"replies":[{"embeddable":true,"href":"https:\/\/livecasinofinder.com\/hu\/wp-json\/wp\/v2\/comments?post=2107"}],"version-history":[{"count":0,"href":"https:\/\/livecasinofinder.com\/hu\/wp-json\/wp\/v2\/pages\/2107\/revisions"}],"wp:attachment":[{"href":"https:\/\/livecasinofinder.com\/hu\/wp-json\/wp\/v2\/media?parent=2107"}],"curies":[{"name":"wp","href":"https:\/\/api.w.org\/{rel}","templated":true}]}}