{"id":2105,"date":"2023-06-20T14:36:13","date_gmt":"2023-06-20T14:36:13","guid":{"rendered":"https:\/\/livecasinofinder.com\/?page_id=2105"},"modified":"2025-06-03T11:10:21","modified_gmt":"2025-06-03T11:10:21","slug":"cookie-policy","status":"publish","type":"page","link":"https:\/\/livecasinofinder.com\/hu\/cookie-policy\/","title":{"rendered":"Cookie szab\u00e1lyzat"},"content":{"rendered":"<p>\u00dcdv\u00f6z\u00f6lj\u00fck a <a href=\"\/hu\/\">\u00c9l\u0151 kaszin\u00f3 keres\u0151<\/a>, a v\u00e9gs\u0151 c\u00e9lpont minden live casino j\u00e1t\u00e9kkal kapcsolatos dologhoz! C\u00e9lunk, hogy olyan mag\u00e1val ragad\u00f3 \u00e9s izgalmas online szerencsej\u00e1t\u00e9k-\u00e9lm\u00e9nyt ny\u00fajtsunk \u00d6nnek, amilyen nincs m\u00e9g egy. Ahogy elindulunk ezen a felemel\u0151 utaz\u00e1son together, szeretn\u00e9nk megvil\u00e1g\u00edtani az \u00e1tfog\u00f3 Cookie szab\u00e1lyzatunkat. Az \u00e1tl\u00e1that\u00f3s\u00e1g, az adatv\u00e9delem \u00e9s a kiv\u00e9teles felhaszn\u00e1l\u00f3i \u00e9lm\u00e9ny ny\u00fajt\u00e1sa ir\u00e1nti elk\u00f6telezetts\u00e9g\u00fcnk minden tev\u00e9kenys\u00e9g\u00fcnk el\u0151ter\u00e9ben \u00e1ll.<\/p>\n<div id=\"ez-toc-container\" class=\"ez-toc-v2_0_63 counter-hierarchy ez-toc-counter ez-toc-grey ez-toc-container-direction\">\n<label for=\"ez-toc-cssicon-toggle-item-69e9873f17fd5\" class=\"ez-toc-cssicon-toggle-label\"><span class=\"ez-toc-cssicon\"><span class=\"eztoc-hide\" style=\"display:none;\">Toggle<\/span><span class=\"ez-toc-icon-toggle-span\"><svg style=\"fill: #999;color:#999\" xmlns=\"http:\/\/www.w3.org\/2000\/svg\" class=\"list-377408\" width=\"20px\" height=\"20px\" viewbox=\"0 0 24 24\" fill=\"none\"><path d=\"M6 6H4v2h2V6zm14 0H8v2h12V6zM4 11h2v2H4v-2zm16 0H8v2h12v-2zM4 16h2v2H4v-2zm16 0H8v2h12v-2z\" fill=\"currentColor\"><\/path><\/svg><svg style=\"fill: #999;color:#999\" class=\"arrow-unsorted-368013\" xmlns=\"http:\/\/www.w3.org\/2000\/svg\" width=\"10px\" height=\"10px\" viewbox=\"0 0 24 24\" version=\"1.2\" baseprofile=\"tiny\"><path d=\"M18.2 9.3l-6.2-6.3-6.2 6.3c-.2.2-.3.4-.3.7s.1.5.3.7c.2.2.4.3.7.3h11c.3 0 .5-.1.7-.3.2-.2.3-.5.3-.7s-.1-.5-.3-.7zM5.8 14.7l6.2 6.3 6.2-6.3c.2-.2.3-.5.3-.7s-.1-.5-.3-.7c-.2-.2-.4-.3-.7-.3h-11c-.3 0-.5.1-.7.3-.2.2-.3.5-.3.7s.1.5.3.7z\"\/><\/svg><\/span><\/span><\/label><input type=\"checkbox\"  id=\"ez-toc-cssicon-toggle-item-69e9873f17fd5\" checked aria-label=\"Toggle\" \/><nav><ul class='ez-toc-list ez-toc-list-level-1' ><li class='ez-toc-page-1 ez-toc-heading-level-2'><a class=\"ez-toc-link ez-toc-heading-1\" href=\"https:\/\/livecasinofinder.com\/hu\/cookie-policy\/#Live_Casino_Finder_Comprehensive_Cookie_Policy\" title=\"Live Casino Finder \u00c1tfog\u00f3 Cookie szab\u00e1lyzat\">Live Casino Finder \u00c1tfog\u00f3 Cookie szab\u00e1lyzat<\/a><\/li><li class='ez-toc-page-1 ez-toc-heading-level-2'><a class=\"ez-toc-link ez-toc-heading-2\" href=\"https:\/\/livecasinofinder.com\/hu\/cookie-policy\/#Exploring_the_Concept_of_Cookies\" title=\"A s\u00fctik fogalm\u00e1nak felfedez\u00e9se\">A s\u00fctik fogalm\u00e1nak felfedez\u00e9se<\/a><\/li><li class='ez-toc-page-1 ez-toc-heading-level-2'><a class=\"ez-toc-link ez-toc-heading-3\" href=\"https:\/\/livecasinofinder.com\/hu\/cookie-policy\/#Our_Application_of_Cookies\" title=\"A s\u00fctik alkalmaz\u00e1sa\">A s\u00fctik alkalmaz\u00e1sa<\/a><\/li><li class='ez-toc-page-1 ez-toc-heading-level-2'><a class=\"ez-toc-link ez-toc-heading-4\" href=\"https:\/\/livecasinofinder.com\/hu\/cookie-policy\/#Categories_of_Cookies_We_Use\" title=\"Az \u00e1ltalunk haszn\u00e1lt s\u00fctik kateg\u00f3ri\u00e1i\">Az \u00e1ltalunk haszn\u00e1lt s\u00fctik kateg\u00f3ri\u00e1i<\/a><\/li><li class='ez-toc-page-1 ez-toc-heading-level-2'><a class=\"ez-toc-link ez-toc-heading-5\" href=\"https:\/\/livecasinofinder.com\/hu\/cookie-policy\/#Managing_Your_Cookie_Preferences\" title=\"A cookie-be\u00e1ll\u00edt\u00e1sok kezel\u00e9se\">A cookie-be\u00e1ll\u00edt\u00e1sok kezel\u00e9se<\/a><\/li><\/ul><\/nav><\/div>\n\n<h2><span class=\"ez-toc-section\" id=\"Live_Casino_Finder_Comprehensive_Cookie_Policy\"><\/span>Live Casino Finder \u00c1tfog\u00f3 Cookie szab\u00e1lyzat<span class=\"ez-toc-section-end\"><\/span><\/h2>\n<p>Az Live Casino Finder-n\u00e9l kiemelten kezelj\u00fck az \u00d6n adatv\u00e9delm\u00e9t, mik\u00f6zben szem\u00e9lyre szabott \u00e9s z\u00f6kken\u0151mentes b\u00f6ng\u00e9sz\u00e9si \u00e9lm\u00e9nyt k\u00edn\u00e1lunk. \u00c1tfog\u00f3 Cookie-szab\u00e1lyzatunkat \u00fagy tervezt\u00fck, hogy egy\u00e9rtelm\u0171s\u00e9get \u00e9s biztos\u00edt\u00e9kot ny\u00fajtson \u00d6nnek, biztos\u00edtva, hogy mag\u00e1n\u00e9let\u00e9nek v\u00e9delme megmaradjon, mik\u00f6zben felfedezi az live casino szerencsej\u00e1t\u00e9kok mag\u00e1val ragad\u00f3 vil\u00e1g\u00e1t.<\/p>\n<h2><span class=\"ez-toc-section\" id=\"Exploring_the_Concept_of_Cookies\"><\/span>A s\u00fctik fogalm\u00e1nak felfedez\u00e9se<span class=\"ez-toc-section-end\"><\/span><\/h2>\n<p>A s\u00fctik olyan kis sz\u00f6veges f\u00e1jlok, amelyeket az \u00d6n eszk\u00f6z\u00e9re k\u00fcld\u00fcnk, amikor megl\u00e1togatja a weboldalunkat. Ezek a digit\u00e1lis csod\u00e1k d\u00f6nt\u0151 szerepet j\u00e1tszanak abban, hogy optimaliz\u00e1ljuk az \u00d6n n\u00e1lunk t\u00f6lt\u00f6tt idej\u00e9t. Az\u00e1ltal, hogy lehet\u0151v\u00e9 teszik sz\u00e1munkra, hogy felismerj\u00fck \u00e9s megjegyezz\u00fck \u00d6nt, a s\u00fctik lehet\u0151v\u00e9 teszik a z\u00f6kken\u0151mentes \u00e9s szem\u00e9lyre szabott, az \u00d6n preferenci\u00e1ira szabott utaz\u00e1st. Az \u00c9l\u0151 Kaszin\u00f3 Keres\u0151n\u00e9l kihaszn\u00e1ljuk a s\u00fctik erej\u00e9t, hogy az \u00d6n \u00e9lm\u00e9ny\u00e9t m\u00e9g \u00e9lvezetesebb\u00e9, hat\u00e9konyabb\u00e1 \u00e9s interakt\u00edvabb\u00e1 tegy\u00fck.<\/p>\n<h2><span class=\"ez-toc-section\" id=\"Our_Application_of_Cookies\"><\/span>A s\u00fctik alkalmaz\u00e1sa<span class=\"ez-toc-section-end\"><\/span><\/h2>\n<p>A cookie-kat kihaszn\u00e1lva \u00faj magass\u00e1gokba emelj\u00fck az live casino j\u00e1t\u00e9kkalandj\u00e1t. Ezek a hat\u00e9kony eszk\u00f6z\u00f6k seg\u00edtenek nek\u00fcnk abban, hogy szem\u00e9lyre szabott \u00e9s felhaszn\u00e1l\u00f3-k\u00f6zpont\u00fa \u00e9lm\u00e9nyt ny\u00fajtsunk. A cookie-k haszn\u00e1lat\u00e1val eml\u00e9kezni tudunk a preferenci\u00e1ira, \u00edgy biztos\u00edtva, hogy minden egyes l\u00e1togat\u00e1sunk olyan legyen, mint egy szem\u00e9lyre szabott megh\u00edv\u00e1s az izgalmak vil\u00e1g\u00e1ba. Whethegy\u00fcnk szem\u00e9lyre szabott j\u00e1t\u00e9kaj\u00e1nlatokat, eml\u00e9kezz\u00fcnk a prefer\u00e1lt be\u00e1ll\u00edt\u00e1sokra, vagy biztos\u00edtsunk \u00d6nnek exkluz\u00edv prom\u00f3ci\u00f3kat, a s\u00fctik lehet\u0151v\u00e9 teszik sz\u00e1munkra, hogy felejthetetlen \u00e9lm\u00e9nyt ny\u00fajtsunk csak \u00d6nnek.<\/p>\n<h2><span class=\"ez-toc-section\" id=\"Categories_of_Cookies_We_Use\"><\/span>Az \u00e1ltalunk haszn\u00e1lt s\u00fctik kateg\u00f3ri\u00e1i<span class=\"ez-toc-section-end\"><\/span><\/h2>\n<ol>\n<li>Sz\u00fcks\u00e9ges s\u00fctik: Ezek a s\u00fctik elengedhetetlenek weboldalunk alapvet\u0151 m\u0171k\u00f6d\u00e9s\u00e9hez. Olyan kritikus funkci\u00f3kat tesznek lehet\u0151v\u00e9, mint a biztons\u00e1gos bejelentkez\u00e9s, a fi\u00f3kkezel\u00e9s \u00e9s a z\u00f6kken\u0151mentes tranzakci\u00f3k, biztos\u00edtva, hogy a j\u00e1t\u00e9k\u00e9lm\u00e9ny z\u00f6kken\u0151mentes \u00e9s zavartalan maradjon.<\/li>\n<li>Teljes\u00edtm\u00e9nys\u00fctik: live casino j\u00e1t\u00e9k\u00e9lm\u00e9nyt k\u00edn\u00e1lunk \u00d6nnek. A teljes\u00edtm\u00e9nys\u00fctik lehet\u0151v\u00e9 teszik sz\u00e1munkra, hogy betekint\u00e9st nyerj\u00fcnk abba, hogyan navig\u00e1lsz a weboldalunkon, \u00edgy elemezhetj\u00fck \u00e9s optimaliz\u00e1lhatjuk platformunk teljes\u00edtm\u00e9ny\u00e9t. Szolg\u00e1ltat\u00e1saink folyamatos fejleszt\u00e9s\u00e9vel biztos\u00edtjuk, hogy j\u00e1t\u00e9k\u00e9lm\u00e9nye gyors, megb\u00edzhat\u00f3 \u00e9s kiv\u00e9teles legyen.<\/li>\n<li>Funkcionalit\u00e1s S\u00fctik: A szem\u00e9lyre szab\u00e1s ir\u00e1nti elk\u00f6telezetts\u00e9g\u00fcnket t\u00fckr\u00f6zi a funkcion\u00e1lis s\u00fctik haszn\u00e1lata. Ezek a s\u00fctik lehet\u0151v\u00e9 teszik sz\u00e1munkra, hogy megjegyezz\u00fck az \u00d6n preferenci\u00e1it, \u00e9s \u00edgy szem\u00e9lyre szabott \u00e9s mag\u00e1val ragad\u00f3 j\u00e1t\u00e9kk\u00f6rnyezetet hozzunk l\u00e9tre, csak az \u00d6n sz\u00e1m\u00e1ra. A nyelvi preferenci\u00e1inak megjegyz\u00e9st\u0151l kezdve a relev\u00e1ns j\u00e1t\u00e9klehet\u0151s\u00e9gek felaj\u00e1nl\u00e1s\u00e1ig a funkcionalit\u00e1si s\u00fctik felejthetetlenn\u00e9 teszik az live casino j\u00e1t\u00e9kkalandj\u00e1t.<\/li>\n<\/ol>\n<h2><span class=\"ez-toc-section\" id=\"Managing_Your_Cookie_Preferences\"><\/span>A cookie-be\u00e1ll\u00edt\u00e1sok kezel\u00e9se<span class=\"ez-toc-section-end\"><\/span><\/h2>\n<p>\u00dagy v\u00e9lj\u00fck, hogy \u00d6nnek kell rendelkeznie az adatv\u00e9delem \u00e9s a b\u00f6ng\u00e9sz\u00e9si \u00e9lm\u00e9ny feletti ellen\u0151rz\u00e9ssel. Az \u00c9l\u0151 Kaszin\u00f3keres\u0151 egyszer\u0171 lehet\u0151s\u00e9geket biztos\u00edt \u00d6nnek a cookie-be\u00e1ll\u00edt\u00e1sok kezel\u00e9s\u00e9re az \u00d6n preferenci\u00e1inak megfelel\u0151en. A b\u00f6ng\u00e9sz\u0151j\u00e9n kereszt\u00fcl m\u00f3dos\u00edthatja a be\u00e1ll\u00edt\u00e1sait, \u00e9s kiv\u00e1laszthatja, hogy elfogadja vagy elutas\u00edtja a s\u00fctiket. Felh\u00edvjuk azonban figyelm\u00e9t, hogy a s\u00fctik letilt\u00e1sa korl\u00e1tozhatja weboldalunk bizonyos funkci\u00f3it \u00e9s funkci\u00f3it. Arra t\u00f6reksz\u00fcnk, hogy megtal\u00e1ljuk a t\u00f6k\u00e9letes egyens\u00falyt a szem\u00e9lyre szab\u00e1s \u00e9s az adatv\u00e9delem k\u00f6z\u00f6tt, biztos\u00edtva, hogy az \u00d6n utaz\u00e1sa az Live Casino Finderrel biztons\u00e1gos, z\u00f6kken\u0151mentes \u00e9s az \u00d6n k\u00edv\u00e1ns\u00e1gaihoz igaz\u00edtott legyen.<\/p>\n<p>\u00d6sszefoglalva, az \u00c9l\u0151 Kaszin\u00f3 Finder \u00e1tfog\u00f3 s\u00fctikre vonatkoz\u00f3 szab\u00e1lyzata megmutatja rend\u00edthetetlen elk\u00f6telezetts\u00e9g\u00fcnket az \u00e1tl\u00e1that\u00f3s\u00e1g, az adatv\u00e9delem \u00e9s a rendk\u00edv\u00fcli live casino j\u00e1t\u00e9k\u00e9lm\u00e9ny biztos\u00edt\u00e1sa ir\u00e1nt. A s\u00fctik erej\u00e9vel c\u00e9lunk, hogy szem\u00e9lyre szabott \u00e9s mag\u00e1val ragad\u00f3 utaz\u00e1st hozzunk l\u00e9tre, amelyet az \u00d6n preferenci\u00e1ira szabunk. Csatlakozzon hozz\u00e1nk, \u00e9s fedezze fel az live casino j\u00e1t\u00e9k mag\u00e1val ragad\u00f3 vil\u00e1g\u00e1t, tudva, hogy tiszteletben tartjuk a mag\u00e1n\u00e9let\u00e9t, optimaliz\u00e1ljuk az \u00e9lm\u00e9ny\u00e9t, \u00e9s az el\u00e9gedetts\u00e9ge a legfontosabb priorit\u00e1sunk. \u00dcdv\u00f6z\u00f6lj\u00fck az \u00e9l\u0151 kaszin\u00f3keres\u0151n, ahol az \u00e9l\u0151 szerencsej\u00e1t\u00e9k izgalma v\u00e1r!<\/p>","protected":false},"excerpt":{"rendered":"<p>\u00dcdv\u00f6z\u00f6lj\u00fck a Live Casino Finder, a v\u00e9gs\u0151 c\u00e9lpontja minden live casino j\u00e1t\u00e9knak! C\u00e9lunk, hogy olyan mag\u00e1val ragad\u00f3 \u00e9s izgalmas online szerencsej\u00e1t\u00e9k-\u00e9lm\u00e9nyt ny\u00fajtsunk \u00d6nnek, amilyen nincs m\u00e9g egy. Ahogy elindulunk ezen az izgalmas utaz\u00e1son together, szeretn\u00e9nk r\u00e1vil\u00e1g\u00edtani az \u00e1tfog\u00f3 Cookie szab\u00e1lyzatunkra. Az \u00e1tl\u00e1that\u00f3s\u00e1g, az adatv\u00e9delem \u00e9s a [...]<\/p>","protected":false},"author":1,"featured_media":0,"parent":0,"menu_order":0,"comment_status":"closed","ping_status":"closed","template":"page-no-sidebar.php","meta":{"_lmt_disableupdate":"no","_lmt_disable":"no","footnotes":""},"class_list":["post-2105","page","type-page","status-publish","hentry"],"yoast_head":"<!-- This site is optimized with the Yoast SEO plugin v26.4 - https:\/\/yoast.com\/wordpress\/plugins\/seo\/ -->\n<title>Cookie Policy and Data Use<\/title>\n<meta name=\"description\" content=\"Understand how Live Casino Finder uses cookies to improve your experience and provide relevant content while protecting your privacy and data security.\" \/>\n<meta name=\"robots\" content=\"index, follow, max-snippet:-1, max-image-preview:large, max-video-preview:-1\" \/>\n<link rel=\"canonical\" href=\"https:\/\/livecasinofinder.com\/wp-json\/wp\/v2\/pages\/2105\/\" \/>\n<meta property=\"og:locale\" content=\"hu_HU\" \/>\n<meta property=\"og:type\" content=\"article\" \/>\n<meta property=\"og:title\" content=\"Cookie Policy and Data Use\" \/>\n<meta property=\"og:description\" content=\"Understand how Live Casino Finder uses cookies to improve your experience and provide relevant content while protecting your privacy and data security.\" \/>\n<meta property=\"og:url\" content=\"https:\/\/livecasinofinder.com\/hu\/cookie-policy\/\" \/>\n<meta property=\"og:site_name\" content=\"livecasinofinder.com\" \/>\n<meta property=\"article:modified_time\" content=\"2025-06-03T11:10:21+00:00\" \/>\n<meta property=\"og:image\" content=\"https:\/\/livecasinofinder.com\/wp-content\/uploads\/2023\/03\/lucasoilraceway-logo-1.png\" \/>\n\t<meta property=\"og:image:width\" content=\"427\" \/>\n\t<meta property=\"og:image:height\" content=\"145\" \/>\n\t<meta property=\"og:image:type\" content=\"image\/png\" \/>\n<meta name=\"twitter:card\" content=\"summary_large_image\" \/>\n<meta name=\"twitter:label1\" content=\"Becs\u00fclt olvas\u00e1si id\u0151\" \/>\n\t<meta name=\"twitter:data1\" content=\"3 perc\" \/>\n<!-- \/ Yoast SEO plugin. -->","yoast_head_json":{"title":"Cookie Policy and Data Use","description":"Understand how Live Casino Finder uses cookies to improve your experience and provide relevant content while protecting your privacy and data security.","robots":{"index":"index","follow":"follow","max-snippet":"max-snippet:-1","max-image-preview":"max-image-preview:large","max-video-preview":"max-video-preview:-1"},"canonical":"https:\/\/livecasinofinder.com\/wp-json\/wp\/v2\/pages\/2105\/","og_locale":"hu_HU","og_type":"article","og_title":"Cookie Policy and Data Use","og_description":"Understand how Live Casino Finder uses cookies to improve your experience and provide relevant content while protecting your privacy and data security.","og_url":"https:\/\/livecasinofinder.com\/hu\/cookie-policy\/","og_site_name":"livecasinofinder.com","article_modified_time":"2025-06-03T11:10:21+00:00","og_image":[{"width":427,"height":145,"url":"https:\/\/livecasinofinder.com\/wp-content\/uploads\/2023\/03\/lucasoilraceway-logo-1.png","type":"image\/png"}],"twitter_card":"summary_large_image","twitter_misc":{"Becs\u00fclt olvas\u00e1si id\u0151":"3 perc"},"schema":{"@context":"https:\/\/schema.org","@graph":[{"@type":"WebPage","@id":"https:\/\/livecasinofinder.com\/cookie-policy\/","url":"https:\/\/livecasinofinder.com\/cookie-policy\/","name":"Cookie Policy and Data Use","isPartOf":{"@id":"https:\/\/livecasinofinder.com\/ja\/#website"},"datePublished":"2023-06-20T14:36:13+00:00","dateModified":"2025-06-03T11:10:21+00:00","description":"Understand how Live Casino Finder uses cookies to improve your experience and provide relevant content while protecting your privacy and data security.","breadcrumb":{"@id":"https:\/\/livecasinofinder.com\/cookie-policy\/#breadcrumb"},"inLanguage":"hu","potentialAction":[{"@type":"ReadAction","target":["https:\/\/livecasinofinder.com\/cookie-policy\/"]}]},{"@type":"BreadcrumbList","@id":"https:\/\/livecasinofinder.com\/cookie-policy\/#breadcrumb","itemListElement":[{"@type":"ListItem","position":1,"name":"LiveCasinoFinder.com","item":"https:\/\/livecasinofinder.com\/fr\/"},{"@type":"ListItem","position":2,"name":"Cookie Policy"}]},{"@type":"WebSite","@id":"https:\/\/livecasinofinder.com\/ja\/#website","url":"https:\/\/livecasinofinder.com\/ja\/","name":"livecasinofinder","description":"","publisher":{"@id":"https:\/\/livecasinofinder.com\/ja\/#organization"},"alternateName":"Lucas oil raceway live casino","potentialAction":[{"@type":"SearchAction","target":{"@type":"EntryPoint","urlTemplate":"https:\/\/livecasinofinder.com\/ja\/?s={search_term_string}"},"query-input":{"@type":"PropertyValueSpecification","valueRequired":true,"valueName":"search_term_string"}}],"inLanguage":"hu"},{"@type":"Organization","@id":"https:\/\/livecasinofinder.com\/ja\/#organization","name":"\u00c9l\u0151 kaszin\u00f3 keres\u0151","alternateName":"Lucas oil raceway live casino","url":"https:\/\/livecasinofinder.com\/ja\/","logo":{"@type":"ImageObject","inLanguage":"hu","@id":"https:\/\/livecasinofinder.com\/ja\/#\/schema\/logo\/image\/","url":"https:\/\/livecasinofinder.com\/wp-content\/uploads\/2023\/04\/livecasinofinder-logo.png","contentUrl":"https:\/\/livecasinofinder.com\/wp-content\/uploads\/2023\/04\/livecasinofinder-logo.png","width":1600,"height":453,"caption":"Live Casino Finder"},"image":{"@id":"https:\/\/livecasinofinder.com\/ja\/#\/schema\/logo\/image\/"}}]}},"_links":{"self":[{"href":"https:\/\/livecasinofinder.com\/hu\/wp-json\/wp\/v2\/pages\/2105","targetHints":{"allow":["GET"]}}],"collection":[{"href":"https:\/\/livecasinofinder.com\/hu\/wp-json\/wp\/v2\/pages"}],"about":[{"href":"https:\/\/livecasinofinder.com\/hu\/wp-json\/wp\/v2\/types\/page"}],"author":[{"embeddable":true,"href":"https:\/\/livecasinofinder.com\/hu\/wp-json\/wp\/v2\/users\/1"}],"replies":[{"embeddable":true,"href":"https:\/\/livecasinofinder.com\/hu\/wp-json\/wp\/v2\/comments?post=2105"}],"version-history":[{"count":0,"href":"https:\/\/livecasinofinder.com\/hu\/wp-json\/wp\/v2\/pages\/2105\/revisions"}],"wp:attachment":[{"href":"https:\/\/livecasinofinder.com\/hu\/wp-json\/wp\/v2\/media?parent=2105"}],"curies":[{"name":"wp","href":"https:\/\/api.w.org\/{rel}","templated":true}]}}