{"id":2113,"date":"2023-06-20T14:28:59","date_gmt":"2023-06-20T14:28:59","guid":{"rendered":"https:\/\/livecasinofinder.com\/?page_id=2113"},"modified":"2025-06-03T11:11:51","modified_gmt":"2025-06-03T11:11:51","slug":"terms-and-conditions","status":"publish","type":"page","link":"https:\/\/livecasinofinder.com\/fr\/terms-and-conditions\/","title":{"rendered":"Conditions g\u00e9n\u00e9rales d'utilisation"},"content":{"rendered":"<p>Bienvenue sur LiveCasinoFinder.com. Les conditions g\u00e9n\u00e9rales suivantes r\u00e9gissent l'utilisation du site Web de LiveCasinoFinder. <a href=\"\/fr\/\">Site web de LiveCasinoFinder.com<\/a>. Il est imp\u00e9ratif que vous lisiez et compreniez ces conditions avant d'utiliser nos services.<\/p>\n<div id=\"ez-toc-container\" class=\"ez-toc-v2_0_63 counter-hierarchy ez-toc-counter ez-toc-grey ez-toc-container-direction\">\n<label for=\"ez-toc-cssicon-toggle-item-69d9150529eae\" class=\"ez-toc-cssicon-toggle-label\"><span class=\"ez-toc-cssicon\"><span class=\"eztoc-hide\" style=\"display:none;\">Toggle<\/span><span class=\"ez-toc-icon-toggle-span\"><svg style=\"fill: #999;color:#999\" xmlns=\"http:\/\/www.w3.org\/2000\/svg\" class=\"list-377408\" width=\"20px\" height=\"20px\" viewbox=\"0 0 24 24\" fill=\"none\"><path d=\"M6 6H4v2h2V6zm14 0H8v2h12V6zM4 11h2v2H4v-2zm16 0H8v2h12v-2zM4 16h2v2H4v-2zm16 0H8v2h12v-2z\" fill=\"currentColor\"><\/path><\/svg><svg style=\"fill: #999;color:#999\" class=\"arrow-unsorted-368013\" xmlns=\"http:\/\/www.w3.org\/2000\/svg\" width=\"10px\" height=\"10px\" viewbox=\"0 0 24 24\" version=\"1.2\" baseprofile=\"tiny\"><path d=\"M18.2 9.3l-6.2-6.3-6.2 6.3c-.2.2-.3.4-.3.7s.1.5.3.7c.2.2.4.3.7.3h11c.3 0 .5-.1.7-.3.2-.2.3-.5.3-.7s-.1-.5-.3-.7zM5.8 14.7l6.2 6.3 6.2-6.3c.2-.2.3-.5.3-.7s-.1-.5-.3-.7c-.2-.2-.4-.3-.7-.3h-11c-.3 0-.5.1-.7.3-.2.2-.3.5-.3.7s.1.5.3.7z\"\/><\/svg><\/span><\/span><\/label><input type=\"checkbox\"  id=\"ez-toc-cssicon-toggle-item-69d9150529eae\" checked aria-label=\"Toggle\" \/><nav><ul class='ez-toc-list ez-toc-list-level-1' ><li class='ez-toc-page-1 ez-toc-heading-level-2'><a class=\"ez-toc-link ez-toc-heading-1\" href=\"https:\/\/livecasinofinder.com\/fr\/terms-and-conditions\/#Purpose_of_the_Terms_and_Conditions_and_Information\" title=\"Objet des conditions g\u00e9n\u00e9rales et des informations\">Objet des conditions g\u00e9n\u00e9rales et des informations<\/a><\/li><li class='ez-toc-page-1 ez-toc-heading-level-2'><a class=\"ez-toc-link ez-toc-heading-2\" href=\"https:\/\/livecasinofinder.com\/fr\/terms-and-conditions\/#Disclaimer_and_Legal_Advice\" title=\"Clause de non-responsabilit\u00e9 et avis juridique\">Clause de non-responsabilit\u00e9 et avis juridique<\/a><\/li><li class='ez-toc-page-1 ez-toc-heading-level-2'><a class=\"ez-toc-link ez-toc-heading-3\" href=\"https:\/\/livecasinofinder.com\/fr\/terms-and-conditions\/#LiveCasinoFindercom_as_an_Independent_Gambling_Directory_and_Information_Service\" title=\"LiveCasinoFinder.com, un annuaire et un service d&#039;information ind\u00e9pendants sur les jeux d&#039;argent\">LiveCasinoFinder.com, un annuaire et un service d'information ind\u00e9pendants sur les jeux d'argent<\/a><\/li><li class='ez-toc-page-1 ez-toc-heading-level-2'><a class=\"ez-toc-link ez-toc-heading-4\" href=\"https:\/\/livecasinofinder.com\/fr\/terms-and-conditions\/#Accuracy_of_Information\" title=\"Exactitude des informations\">Exactitude des informations<\/a><\/li><li class='ez-toc-page-1 ez-toc-heading-level-2'><a class=\"ez-toc-link ez-toc-heading-5\" href=\"https:\/\/livecasinofinder.com\/fr\/terms-and-conditions\/#User_Responsibility_for_Legality_of_Games_and_Wagers\" title=\"Responsabilit\u00e9 de l&#039;utilisateur quant \u00e0 la l\u00e9galit\u00e9 des jeux et des paris\">Responsabilit\u00e9 de l'utilisateur quant \u00e0 la l\u00e9galit\u00e9 des jeux et des paris<\/a><\/li><li class='ez-toc-page-1 ez-toc-heading-level-2'><a class=\"ez-toc-link ez-toc-heading-6\" href=\"https:\/\/livecasinofinder.com\/fr\/terms-and-conditions\/#Limitation_of_Liability\" title=\"Limitation de la responsabilit\u00e9\">Limitation de la responsabilit\u00e9<\/a><\/li><li class='ez-toc-page-1 ez-toc-heading-level-2'><a class=\"ez-toc-link ez-toc-heading-7\" href=\"https:\/\/livecasinofinder.com\/fr\/terms-and-conditions\/#Modification_of_Information_and_Future_Obligations\" title=\"Modification des informations et des obligations futures\">Modification des informations et des obligations futures<\/a><\/li><li class='ez-toc-page-1 ez-toc-heading-level-2'><a class=\"ez-toc-link ez-toc-heading-8\" href=\"https:\/\/livecasinofinder.com\/fr\/terms-and-conditions\/#Trademarks_and_Copyrights\" title=\"Marques et droits d&#039;auteur\">Marques et droits d'auteur<\/a><\/li><li class='ez-toc-page-1 ez-toc-heading-level-2'><a class=\"ez-toc-link ez-toc-heading-9\" href=\"https:\/\/livecasinofinder.com\/fr\/terms-and-conditions\/#Copying_and_Transmission_Restrictions\" title=\"Restrictions en mati\u00e8re de copie et de transmission\">Restrictions en mati\u00e8re de copie et de transmission<\/a><\/li><li class='ez-toc-page-1 ez-toc-heading-level-2'><a class=\"ez-toc-link ez-toc-heading-10\" href=\"https:\/\/livecasinofinder.com\/fr\/terms-and-conditions\/#Intellectual_Property_Rights\" title=\"Droits de propri\u00e9t\u00e9 intellectuelle\">Droits de propri\u00e9t\u00e9 intellectuelle<\/a><\/li><li class='ez-toc-page-1 ez-toc-heading-level-2'><a class=\"ez-toc-link ez-toc-heading-11\" href=\"https:\/\/livecasinofinder.com\/fr\/terms-and-conditions\/#Information_Accuracy_and_Reporting\" title=\"Exactitude de l&#039;information et rapports\">Exactitude de l'information et rapports<\/a><\/li><li class='ez-toc-page-1 ez-toc-heading-level-2'><a class=\"ez-toc-link ez-toc-heading-12\" href=\"https:\/\/livecasinofinder.com\/fr\/terms-and-conditions\/#Content_Removal_and_Discretion_of_livecasinofindercom\" title=\"Retrait de contenu et discr\u00e9tion de livecasinofinder.com\">Retrait de contenu et discr\u00e9tion de livecasinofinder.com<\/a><\/li><li class='ez-toc-page-1 ez-toc-heading-level-2'><a class=\"ez-toc-link ez-toc-heading-13\" href=\"https:\/\/livecasinofinder.com\/fr\/terms-and-conditions\/#Live_Casino_Finder_Complaints_Service\" title=\"Service de r\u00e9clamations Live Casino Finder\">Service de r\u00e9clamations Live Casino Finder<\/a><\/li><li class='ez-toc-page-1 ez-toc-heading-level-2'><a class=\"ez-toc-link ez-toc-heading-14\" href=\"https:\/\/livecasinofinder.com\/fr\/terms-and-conditions\/#Terms_and_Conditions_of_LiveCasinoFindercom\" title=\"Conditions g\u00e9n\u00e9rales de LiveCasinoFinder.com\">Conditions g\u00e9n\u00e9rales de LiveCasinoFinder.com<\/a><\/li><li class='ez-toc-page-1 ez-toc-heading-level-2'><a class=\"ez-toc-link ez-toc-heading-15\" href=\"https:\/\/livecasinofinder.com\/fr\/terms-and-conditions\/#Conclusion\" title=\"Comment effectuer un d\u00e9p\u00f4t casino en ligne avec virement bancaire - Conclusion\">Comment effectuer un d\u00e9p\u00f4t casino en ligne avec virement bancaire - Conclusion<\/a><\/li><\/ul><\/nav><\/div>\n\n<h2><span class=\"ez-toc-section\" id=\"Purpose_of_the_Terms_and_Conditions_and_Information\"><\/span>Objet des conditions g\u00e9n\u00e9rales et des informations<span class=\"ez-toc-section-end\"><\/span><\/h2>\n<p>Les Termes et Conditions stipul\u00e9s ici ont pour but d'exposer les r\u00e8gles et r\u00e8glements qui dictent la relation entre LiveCasinoFinder.com et ses utilisateurs. Il est essentiel que les utilisateurs comprennent leurs droits, leurs obligations et les limites de l'utilisation des services fournis par LiveCasinoFinder.com.<\/p>\n<h2><span class=\"ez-toc-section\" id=\"Disclaimer_and_Legal_Advice\"><\/span>Clause de non-responsabilit\u00e9 et avis juridique<span class=\"ez-toc-section-end\"><\/span><\/h2>\n<p>Veuillez noter que le contenu de LiveCasinoFinder.com est uniquement destin\u00e9 \u00e0 des fins d'information. Rien sur ce site ne doit \u00eatre consid\u00e9r\u00e9 comme un conseil juridique. Les utilisateurs doivent consulter un conseiller juridique pour toute question juridique, en particulier en ce qui concerne les jeux d'argent en ligne.<\/p>\n<h2><span class=\"ez-toc-section\" id=\"LiveCasinoFindercom_as_an_Independent_Gambling_Directory_and_Information_Service\"><\/span>LiveCasinoFinder.com, un annuaire et un service d'information ind\u00e9pendants sur les jeux d'argent<span class=\"ez-toc-section-end\"><\/span><\/h2>\n<p>LiveCasinoFinder.com est un annuaire en ligne ind\u00e9pendant et un service d'information qui offre des revues et des informations sur les live casinos. Nous n'exploitons aucun service de jeu et ne sommes affili\u00e9s \u00e0 aucun op\u00e9rateur de casino.<\/p>\n<h2><span class=\"ez-toc-section\" id=\"Accuracy_of_Information\"><\/span>Exactitude des informations<span class=\"ez-toc-section-end\"><\/span><\/h2>\n<p>Bien que LiveCasinoFinder.com fasse des efforts consid\u00e9rables pour s'assurer que les informations fournies sont exactes et \u00e0 jour, nous ne pouvons pas garantir leur exactitude absolue. Les utilisateurs sont encourag\u00e9s \u00e0 faire preuve de discernement et \u00e0 v\u00e9rifier les informations de mani\u00e8re ind\u00e9pendante.<\/p>\n<h2><span class=\"ez-toc-section\" id=\"User_Responsibility_for_Legality_of_Games_and_Wagers\"><\/span>Responsabilit\u00e9 de l'utilisateur quant \u00e0 la l\u00e9galit\u00e9 des jeux et des paris<span class=\"ez-toc-section-end\"><\/span><\/h2>\n<p>En tant qu'utilisateur de LiveCasinoFinder.com, vous \u00eates seul responsable du respect des lois et r\u00e9glementations relatives aux jeux d'argent dans votre juridiction. Cela inclut la l\u00e9galit\u00e9 des jeux et des paris auxquels vous participez.<\/p>\n<h2><span class=\"ez-toc-section\" id=\"Limitation_of_Liability\"><\/span>Limitation de la responsabilit\u00e9<span class=\"ez-toc-section-end\"><\/span><\/h2>\n<p>En utilisant LiveCasinoFinder.com, vous acceptez d'indemniser le site, ses employ\u00e9s et ses affili\u00e9s contre toute r\u00e9clamation, tout dommage ou toute autre responsabilit\u00e9 pouvant r\u00e9sulter de l'utilisation des informations ou des services fournis.<\/p>\n<h2><span class=\"ez-toc-section\" id=\"Modification_of_Information_and_Future_Obligations\"><\/span>Modification des informations et des obligations futures<span class=\"ez-toc-section-end\"><\/span><\/h2>\n<p>LiveCasinoFinder.com se r\u00e9serve le droit de modifier ou de supprimer toute information fournie sans pr\u00e9avis. Il est conseill\u00e9 aux utilisateurs de consulter r\u00e9guli\u00e8rement les conditions g\u00e9n\u00e9rales pour prendre connaissance des \u00e9ventuelles mises \u00e0 jour.<\/p>\n<h2><span class=\"ez-toc-section\" id=\"Trademarks_and_Copyrights\"><\/span>Marques et droits d'auteur<span class=\"ez-toc-section-end\"><\/span><\/h2>\n<p>Tout le contenu, y compris les textes, les images et les logos sur LiveCasinoFinder.com, est la propri\u00e9t\u00e9 du site ou de ses fournisseurs de contenu et est prot\u00e9g\u00e9 par les lois internationales sur les droits d'auteur.<\/p>\n<h2><span class=\"ez-toc-section\" id=\"Copying_and_Transmission_Restrictions\"><\/span>Restrictions en mati\u00e8re de copie et de transmission<span class=\"ez-toc-section-end\"><\/span><\/h2>\n<p>Il est interdit aux utilisateurs de copier, redistribuer ou republier toute partie du contenu de LiveCasinoFinder.com sans l'autorisation \u00e9crite explicite des propri\u00e9taires du site.<\/p>\n<h2><span class=\"ez-toc-section\" id=\"Intellectual_Property_Rights\"><\/span>Droits de propri\u00e9t\u00e9 intellectuelle<span class=\"ez-toc-section-end\"><\/span><\/h2>\n<p>LiveCasinoFinder.com d\u00e9tient les droits de propri\u00e9t\u00e9 intellectuelle sur le contenu, les services et les marques d\u00e9pos\u00e9es de ce site. L'utilisation non autoris\u00e9e de l'une de ces propri\u00e9t\u00e9s est strictement interdite et peut faire l'objet d'une action en justice.<\/p>\n<h2><span class=\"ez-toc-section\" id=\"Information_Accuracy_and_Reporting\"><\/span>Exactitude de l'information et rapports<span class=\"ez-toc-section-end\"><\/span><\/h2>\n<p>Si vous trouvez des informations inexactes ou trompeuses sur LiveCasinoFinder.com, veuillez nous les signaler. Nous visons l'excellence et appr\u00e9cions la coop\u00e9ration de nos utilisateurs pour maintenir l'int\u00e9grit\u00e9 de notre site.<\/p>\n<h2><span class=\"ez-toc-section\" id=\"Content_Removal_and_Discretion_of_livecasinofindercom\"><\/span>Retrait de contenu et discr\u00e9tion de livecasinofinder.com<span class=\"ez-toc-section-end\"><\/span><\/h2>\n<p>Le contenu peut \u00eatre supprim\u00e9 ou modifi\u00e9 \u00e0 la discr\u00e9tion de livecasinofinder.com conform\u00e9ment \u00e0 nos politiques et aux lois applicables.<\/p>\n<h2><span class=\"ez-toc-section\" id=\"Live_Casino_Finder_Complaints_Service\"><\/span>Service de r\u00e9clamations Live Casino Finder<span class=\"ez-toc-section-end\"><\/span><\/h2>\n<p>Si vous avez des plaintes ou des probl\u00e8mes concernant les services fournis par LiveCasinoFinder.com, veuillez nous contacter par le biais de notre service de plaintes. Nous appr\u00e9cions vos commentaires et nous r\u00e9pondrons \u00e0 vos pr\u00e9occupations au mieux de nos capacit\u00e9s.<\/p>\n<h2><span class=\"ez-toc-section\" id=\"Terms_and_Conditions_of_LiveCasinoFindercom\"><\/span>Conditions g\u00e9n\u00e9rales de LiveCasinoFinder.com<span class=\"ez-toc-section-end\"><\/span><\/h2>\n<p>En utilisant ce site, vous acceptez les conditions g\u00e9n\u00e9rales d\u00e9crites dans le pr\u00e9sent document. En continuant \u00e0 utiliser le site apr\u00e8s toute mise \u00e0 jour des pr\u00e9sentes conditions g\u00e9n\u00e9rales, vous acceptez les modifications.<\/p>\n<h2><span class=\"ez-toc-section\" id=\"Conclusion\"><\/span>Comment effectuer un d\u00e9p\u00f4t casino en ligne avec virement bancaire - Conclusion<span class=\"ez-toc-section-end\"><\/span><\/h2>\n<p>En utilisant LiveCasinoFinder.com, vous acceptez les termes et conditions \u00e9nonc\u00e9s dans ce document. Il est de votre responsabilit\u00e9 de rester inform\u00e9 de ces termes et conditions et d'utiliser ce site et ses informations de mani\u00e8re responsable et dans les limites de la loi.<\/p>","protected":false},"excerpt":{"rendered":"<p>Bienvenue sur le site LiveCasinoFinder.com. Les conditions g\u00e9n\u00e9rales suivantes r\u00e9gissent l'utilisation du site Internet LiveCasinoFinder.com. Il est imp\u00e9ratif que vous lisiez et compreniez ces termes et conditions avant d'utiliser nos services. Objectif des Termes et Conditions et Informations Les Termes et Conditions stipul\u00e9s ici ont pour but de souligner les r\u00e8gles et r\u00e8glements qui dictent les [...]<\/p>","protected":false},"author":1,"featured_media":0,"parent":0,"menu_order":0,"comment_status":"closed","ping_status":"closed","template":"page-no-sidebar.php","meta":{"_lmt_disableupdate":"no","_lmt_disable":"no","footnotes":""},"class_list":["post-2113","page","type-page","status-publish","hentry"],"yoast_head":"<!-- This site is optimized with the Yoast SEO plugin v26.4 - https:\/\/yoast.com\/wordpress\/plugins\/seo\/ -->\n<title>Terms and Conditions Overview<\/title>\n<meta name=\"description\" content=\"Review the terms and conditions of Live Casino Finder to understand your rights and responsibilities while using our site and services.\" \/>\n<meta name=\"robots\" content=\"index, follow, max-snippet:-1, max-image-preview:large, max-video-preview:-1\" \/>\n<link rel=\"canonical\" href=\"https:\/\/livecasinofinder.com\/wp-json\/wp\/v2\/pages\/2113\/\" \/>\n<meta property=\"og:locale\" content=\"fr_FR\" \/>\n<meta property=\"og:type\" content=\"article\" \/>\n<meta property=\"og:title\" content=\"Terms and Conditions Overview\" \/>\n<meta property=\"og:description\" content=\"Review the terms and conditions of Live Casino Finder to understand your rights and responsibilities while using our site and services.\" \/>\n<meta property=\"og:url\" content=\"https:\/\/livecasinofinder.com\/fr\/terms-and-conditions\/\" \/>\n<meta property=\"og:site_name\" content=\"livecasinofinder.com\" \/>\n<meta property=\"article:modified_time\" content=\"2025-06-03T11:11:51+00:00\" \/>\n<meta property=\"og:image\" content=\"https:\/\/livecasinofinder.com\/wp-content\/uploads\/2023\/03\/lucasoilraceway-logo-1.png\" \/>\n\t<meta property=\"og:image:width\" content=\"427\" \/>\n\t<meta property=\"og:image:height\" content=\"145\" \/>\n\t<meta property=\"og:image:type\" content=\"image\/png\" \/>\n<meta name=\"twitter:card\" content=\"summary_large_image\" \/>\n<meta name=\"twitter:label1\" content=\"Dur\u00e9e de lecture estim\u00e9e\" \/>\n\t<meta name=\"twitter:data1\" content=\"3 minutes\" \/>\n<!-- \/ Yoast SEO plugin. -->","yoast_head_json":{"title":"Terms and Conditions Overview","description":"Review the terms and conditions of Live Casino Finder to understand your rights and responsibilities while using our site and services.","robots":{"index":"index","follow":"follow","max-snippet":"max-snippet:-1","max-image-preview":"max-image-preview:large","max-video-preview":"max-video-preview:-1"},"canonical":"https:\/\/livecasinofinder.com\/wp-json\/wp\/v2\/pages\/2113\/","og_locale":"fr_FR","og_type":"article","og_title":"Terms and Conditions Overview","og_description":"Review the terms and conditions of Live Casino Finder to understand your rights and responsibilities while using our site and services.","og_url":"https:\/\/livecasinofinder.com\/fr\/terms-and-conditions\/","og_site_name":"livecasinofinder.com","article_modified_time":"2025-06-03T11:11:51+00:00","og_image":[{"width":427,"height":145,"url":"https:\/\/livecasinofinder.com\/wp-content\/uploads\/2023\/03\/lucasoilraceway-logo-1.png","type":"image\/png"}],"twitter_card":"summary_large_image","twitter_misc":{"Dur\u00e9e de lecture estim\u00e9e":"3 minutes"},"schema":{"@context":"https:\/\/schema.org","@graph":[{"@type":"WebPage","@id":"https:\/\/livecasinofinder.com\/terms-and-conditions\/","url":"https:\/\/livecasinofinder.com\/terms-and-conditions\/","name":"Terms and Conditions Overview","isPartOf":{"@id":"https:\/\/livecasinofinder.com\/ja\/#website"},"datePublished":"2023-06-20T14:28:59+00:00","dateModified":"2025-06-03T11:11:51+00:00","description":"Review the terms and conditions of Live Casino Finder to understand your rights and responsibilities while using our site and services.","breadcrumb":{"@id":"https:\/\/livecasinofinder.com\/terms-and-conditions\/#breadcrumb"},"inLanguage":"fr-FR","potentialAction":[{"@type":"ReadAction","target":["https:\/\/livecasinofinder.com\/terms-and-conditions\/"]}]},{"@type":"BreadcrumbList","@id":"https:\/\/livecasinofinder.com\/terms-and-conditions\/#breadcrumb","itemListElement":[{"@type":"ListItem","position":1,"name":"LiveCasinoFinder.com","item":"https:\/\/livecasinofinder.com\/fr\/"},{"@type":"ListItem","position":2,"name":"Terms and Conditions"}]},{"@type":"WebSite","@id":"https:\/\/livecasinofinder.com\/ja\/#website","url":"https:\/\/livecasinofinder.com\/ja\/","name":"livecasinofinder","description":"","publisher":{"@id":"https:\/\/livecasinofinder.com\/ja\/#organization"},"alternateName":"Lucas oil raceway live casino","potentialAction":[{"@type":"SearchAction","target":{"@type":"EntryPoint","urlTemplate":"https:\/\/livecasinofinder.com\/ja\/?s={search_term_string}"},"query-input":{"@type":"PropertyValueSpecification","valueRequired":true,"valueName":"search_term_string"}}],"inLanguage":"fr-FR"},{"@type":"Organization","@id":"https:\/\/livecasinofinder.com\/ja\/#organization","name":"Recherche de casinos en direct","alternateName":"Lucas oil raceway live casino","url":"https:\/\/livecasinofinder.com\/ja\/","logo":{"@type":"ImageObject","inLanguage":"fr-FR","@id":"https:\/\/livecasinofinder.com\/ja\/#\/schema\/logo\/image\/","url":"https:\/\/livecasinofinder.com\/wp-content\/uploads\/2023\/04\/livecasinofinder-logo.png","contentUrl":"https:\/\/livecasinofinder.com\/wp-content\/uploads\/2023\/04\/livecasinofinder-logo.png","width":1600,"height":453,"caption":"Live Casino Finder"},"image":{"@id":"https:\/\/livecasinofinder.com\/ja\/#\/schema\/logo\/image\/"}}]}},"_links":{"self":[{"href":"https:\/\/livecasinofinder.com\/fr\/wp-json\/wp\/v2\/pages\/2113","targetHints":{"allow":["GET"]}}],"collection":[{"href":"https:\/\/livecasinofinder.com\/fr\/wp-json\/wp\/v2\/pages"}],"about":[{"href":"https:\/\/livecasinofinder.com\/fr\/wp-json\/wp\/v2\/types\/page"}],"author":[{"embeddable":true,"href":"https:\/\/livecasinofinder.com\/fr\/wp-json\/wp\/v2\/users\/1"}],"replies":[{"embeddable":true,"href":"https:\/\/livecasinofinder.com\/fr\/wp-json\/wp\/v2\/comments?post=2113"}],"version-history":[{"count":0,"href":"https:\/\/livecasinofinder.com\/fr\/wp-json\/wp\/v2\/pages\/2113\/revisions"}],"wp:attachment":[{"href":"https:\/\/livecasinofinder.com\/fr\/wp-json\/wp\/v2\/media?parent=2113"}],"curies":[{"name":"wp","href":"https:\/\/api.w.org\/{rel}","templated":true}]}}