{"id":2111,"date":"2023-06-20T14:33:04","date_gmt":"2023-06-20T14:33:04","guid":{"rendered":"https:\/\/livecasinofinder.com\/?page_id=2111"},"modified":"2025-06-03T11:11:12","modified_gmt":"2025-06-03T11:11:12","slug":"responsible-gaming","status":"publish","type":"page","link":"https:\/\/livecasinofinder.com\/fr\/responsible-gaming\/","title":{"rendered":"Jeu responsable"},"content":{"rendered":"<p>Bienvenue \u00e0 <a href=\"\/fr\/live-casinos\/\">Casino en direct<\/a> Finder, o\u00f9 le jeu responsable est la pierre angulaire de notre plateforme. Nous nous engageons \u00e0 promouvoir des pratiques de jeu responsables et \u00e0 cr\u00e9er un environnement s\u00fbr et agr\u00e9able pour nos utilisateurs. Gr\u00e2ce \u00e0 notre connaissance approfondie des risques li\u00e9s au jeu et de leur impact potentiel sur la sant\u00e9 mentale, nous nous effor\u00e7ons de donner aux joueurs les moyens de s'engager dans des pratiques de jeu responsables.<\/p>\n<div id=\"ez-toc-container\" class=\"ez-toc-v2_0_63 counter-hierarchy ez-toc-counter ez-toc-grey ez-toc-container-direction\">\n<label for=\"ez-toc-cssicon-toggle-item-69e9baa52d496\" class=\"ez-toc-cssicon-toggle-label\"><span class=\"ez-toc-cssicon\"><span class=\"eztoc-hide\" style=\"display:none;\">Toggle<\/span><span class=\"ez-toc-icon-toggle-span\"><svg style=\"fill: #999;color:#999\" xmlns=\"http:\/\/www.w3.org\/2000\/svg\" class=\"list-377408\" width=\"20px\" height=\"20px\" viewbox=\"0 0 24 24\" fill=\"none\"><path d=\"M6 6H4v2h2V6zm14 0H8v2h12V6zM4 11h2v2H4v-2zm16 0H8v2h12v-2zM4 16h2v2H4v-2zm16 0H8v2h12v-2z\" fill=\"currentColor\"><\/path><\/svg><svg style=\"fill: #999;color:#999\" class=\"arrow-unsorted-368013\" xmlns=\"http:\/\/www.w3.org\/2000\/svg\" width=\"10px\" height=\"10px\" viewbox=\"0 0 24 24\" version=\"1.2\" baseprofile=\"tiny\"><path d=\"M18.2 9.3l-6.2-6.3-6.2 6.3c-.2.2-.3.4-.3.7s.1.5.3.7c.2.2.4.3.7.3h11c.3 0 .5-.1.7-.3.2-.2.3-.5.3-.7s-.1-.5-.3-.7zM5.8 14.7l6.2 6.3 6.2-6.3c.2-.2.3-.5.3-.7s-.1-.5-.3-.7c-.2-.2-.4-.3-.7-.3h-11c-.3 0-.5.1-.7.3-.2.2-.3.5-.3.7s.1.5.3.7z\"\/><\/svg><\/span><\/span><\/label><input type=\"checkbox\"  id=\"ez-toc-cssicon-toggle-item-69e9baa52d496\" checked aria-label=\"Toggle\" \/><nav><ul class='ez-toc-list ez-toc-list-level-1' ><li class='ez-toc-page-1 ez-toc-heading-level-2'><a class=\"ez-toc-link ez-toc-heading-1\" href=\"https:\/\/livecasinofinder.com\/fr\/responsible-gaming\/#The_Imperative_of_Responsible_Gaming\" title=\"L&#039;imp\u00e9ratif du jeu responsable\">L'imp\u00e9ratif du jeu responsable<\/a><\/li><li class='ez-toc-page-1 ez-toc-heading-level-2'><a class=\"ez-toc-link ez-toc-heading-2\" href=\"https:\/\/livecasinofinder.com\/fr\/responsible-gaming\/#The_Intricacies_of_Gambling_Risks\" title=\"La complexit\u00e9 des risques li\u00e9s aux jeux d&#039;argent\">La complexit\u00e9 des risques li\u00e9s aux jeux d'argent<\/a><\/li><li class='ez-toc-page-1 ez-toc-heading-level-2'><a class=\"ez-toc-link ez-toc-heading-3\" href=\"https:\/\/livecasinofinder.com\/fr\/responsible-gaming\/#Recognizing_Gambling_Addiction\" title=\"Reconna\u00eetre la d\u00e9pendance au jeu\">Reconna\u00eetre la d\u00e9pendance au jeu<\/a><\/li><li class='ez-toc-page-1 ez-toc-heading-level-2'><a class=\"ez-toc-link ez-toc-heading-4\" href=\"https:\/\/livecasinofinder.com\/fr\/responsible-gaming\/#Gambling_and_Mental_Health\" title=\"Jeux de hasard et sant\u00e9 mentale\">Jeux de hasard et sant\u00e9 mentale<\/a><\/li><li class='ez-toc-page-1 ez-toc-heading-level-2'><a class=\"ez-toc-link ez-toc-heading-5\" href=\"https:\/\/livecasinofinder.com\/fr\/responsible-gaming\/#Effective_Strategies_for_Responsible_Gambling\" title=\"Strat\u00e9gies efficaces pour un jeu responsable\">Strat\u00e9gies efficaces pour un jeu responsable<\/a><\/li><li class='ez-toc-page-1 ez-toc-heading-level-2'><a class=\"ez-toc-link ez-toc-heading-6\" href=\"https:\/\/livecasinofinder.com\/fr\/responsible-gaming\/#Tools_and_Resources_for_Responsible_Gambling\" title=\"Outils et ressources pour le jeu responsable\">Outils et ressources pour le jeu responsable<\/a><\/li><li class='ez-toc-page-1 ez-toc-heading-level-2'><a class=\"ez-toc-link ez-toc-heading-7\" href=\"https:\/\/livecasinofinder.com\/fr\/responsible-gaming\/#The_Role_of_Online_Gaming_Operators_in_Responsible_Gambling\" title=\"Le r\u00f4le des op\u00e9rateurs de jeux en ligne dans le jeu responsable\">Le r\u00f4le des op\u00e9rateurs de jeux en ligne dans le jeu responsable<\/a><\/li><li class='ez-toc-page-1 ez-toc-heading-level-2'><a class=\"ez-toc-link ez-toc-heading-8\" href=\"https:\/\/livecasinofinder.com\/fr\/responsible-gaming\/#Preventative_Measures_for_Player_Protection\" title=\"Mesures pr\u00e9ventives pour la protection des joueurs\">Mesures pr\u00e9ventives pour la protection des joueurs<\/a><\/li><\/ul><\/nav><\/div>\n\n<h2><span class=\"ez-toc-section\" id=\"The_Imperative_of_Responsible_Gaming\"><\/span>L'imp\u00e9ratif du jeu responsable<span class=\"ez-toc-section-end\"><\/span><\/h2>\n<p>Chez Live Casino Finder, le jeu responsable n'est pas seulement un concept, mais une valeur fondamentale qui guide nos op\u00e9rations. Nous pensons que si les jeux d'argent peuvent \u00eatre passionnants, il est essentiel de s'assurer qu'ils restent une activit\u00e9 pratiqu\u00e9e dans des limites responsables. Notre objectif est de fournir un environnement o\u00f9 les joueurs peuvent prendre des d\u00e9cisions \u00e9clair\u00e9es et vivre l'excitation des jeux live casino de mani\u00e8re responsable.<\/p>\n<h2><span class=\"ez-toc-section\" id=\"The_Intricacies_of_Gambling_Risks\"><\/span>La complexit\u00e9 des risques li\u00e9s aux jeux d'argent<span class=\"ez-toc-section-end\"><\/span><\/h2>\n<p>Nous reconnaissons l'importance de fournir \u00e0 nos utilisateurs des connaissances sur les subtilit\u00e9s des risques li\u00e9s aux jeux d'argent. La compr\u00e9hension de ces risques, y compris le potentiel de perte financi\u00e8re, est cruciale pour faire des choix \u00e9clair\u00e9s. En \u00e9tant conscients de ces complexit\u00e9s, les joueurs peuvent s'engager dans le jeu live casino de mani\u00e8re responsable et garder le contr\u00f4le de leurs activit\u00e9s de pari.<\/p>\n<h2><span class=\"ez-toc-section\" id=\"Recognizing_Gambling_Addiction\"><\/span>Reconna\u00eetre la d\u00e9pendance au jeu<span class=\"ez-toc-section-end\"><\/span><\/h2>\n<p>Chez Live Casino Finder, nous nous engageons \u00e0 reconna\u00eetre et \u00e0 traiter la d\u00e9pendance au jeu. Nous comprenons que le jeu peut devenir un probl\u00e8me s\u00e9rieux pour certains individus, ayant un impact sur leur bien-\u00eatre personnel et financier. Nous encourageons nos utilisateurs \u00e0 \u00eatre conscients d'eux-m\u00eames et \u00e0 demander de l'aide rapidement s'ils pensent \u00eatre aux prises avec une d\u00e9pendance au jeu.<\/p>\n<h2><span class=\"ez-toc-section\" id=\"Gambling_and_Mental_Health\"><\/span>Jeux de hasard et sant\u00e9 mentale<span class=\"ez-toc-section-end\"><\/span><\/h2>\n<p>Nous sommes conscients du lien \u00e9troit qui existe entre le jeu et la sant\u00e9 mentale. C'est pourquoi nous nous engageons \u00e0 promouvoir un \u00e9tat d'esprit positif et sain parmi nos utilisateurs. Notre objectif est de cr\u00e9er un environnement o\u00f9 les joueurs peuvent appr\u00e9cier les jeux live casino de mani\u00e8re responsable sans compromettre leur bien-\u00eatre mental.<\/p>\n<h2><span class=\"ez-toc-section\" id=\"Effective_Strategies_for_Responsible_Gambling\"><\/span>Strat\u00e9gies efficaces pour un jeu responsable<span class=\"ez-toc-section-end\"><\/span><\/h2>\n<p>Pour favoriser le jeu responsable, nous pr\u00e9conisons la mise en \u0153uvre de strat\u00e9gies efficaces qui permettent aux joueurs de garder le contr\u00f4le de leurs activit\u00e9s de paris. Voici quelques pratiques cl\u00e9s que nous encourageons :<\/p>\n<p>S'en tenir \u00e0 un budget d\u00e9fini : Fixez un budget pour les jeux live casino et respectez-le. Ne misez qu'un montant qui vous convient, en veillant \u00e0 ce qu'il n'ait pas d'incidence sur votre stabilit\u00e9 financi\u00e8re.<\/p>\n<p>Faire des pauses r\u00e9guli\u00e8res : Faites des pauses dans les jeux d'argent live casino pour vous assurer qu'ils restent une activit\u00e9 divertissante et qu'ils ne consomment pas trop de temps ou d'\u00e9nergie.<\/p>\n<p>R\u00e9sistez \u00e0 l'envie de courir apr\u00e8s les pertes : Acceptez que les pertes fassent partie du jeu et \u00e9vitez de les poursuivre en augmentant vos mises. Prenez plut\u00f4t du recul et r\u00e9\u00e9valuez votre approche.<\/p>\n<p>Chercher de l'aide au bon moment : Si vous pensez que vous ou une personne de votre entourage \u00eates aux prises avec une d\u00e9pendance au jeu, demandez de l'aide sans tarder. Une intervention pr\u00e9coce est essentielle pour traiter efficacement le probl\u00e8me.<\/p>\n<h2><span class=\"ez-toc-section\" id=\"Tools_and_Resources_for_Responsible_Gambling\"><\/span>Outils et ressources pour le jeu responsable<span class=\"ez-toc-section-end\"><\/span><\/h2>\n<p>Nous fournissons une s\u00e9rie d'outils et de ressources pour soutenir les pratiques de jeu responsable :<\/p>\n<p>National et les lignes d'assistance locales : Acc\u00e9dez \u00e0 des lignes d'assistance d\u00e9di\u00e9es \u00e0 l'aide aux personnes touch\u00e9es par le jeu excessif. Il suffit d'un coup de fil pour obtenir de l'aide.<\/p>\n<p>Syst\u00e8mes d'auto-exclusion : Profitez des options d'auto-exclusion, qui vous permettent de faire une pause dans les jeux live casino si vous le jugez n\u00e9cessaire. Ces programmes permettent aux individus de reprendre le contr\u00f4le de leurs activit\u00e9s de paris.<\/p>\n<p>Programmes de th\u00e9rapie par le jeu : Nous soutenons et encourageons les programmes de th\u00e9rapie par le jeu con\u00e7us pour aider les personnes qui en ont besoin. Ces programmes offrent des conseils et un soutien professionnels aux personnes qui luttent contre des probl\u00e8mes li\u00e9s au jeu.<\/p>\n<h2><span class=\"ez-toc-section\" id=\"The_Role_of_Online_Gaming_Operators_in_Responsible_Gambling\"><\/span>Le r\u00f4le des op\u00e9rateurs de jeux en ligne dans le jeu responsable<span class=\"ez-toc-section-end\"><\/span><\/h2>\n<p>En tant qu'op\u00e9rateur de jeux en ligne, nous sommes conscients de la responsabilit\u00e9 qui nous incombe de garantir un environnement de jeu s\u00fbr et responsable. Voici comment nous assurons la protection des joueurs :<\/p>\n<p>R\u00e9glementations et normes strictes de l'industrie : Nous adh\u00e9rons \u00e0 des r\u00e9glementations et normes industrielles strictes afin de garantir l'\u00e9quit\u00e9, la s\u00e9curit\u00e9 des joueurs et des pratiques de jeu responsables. Ces mesures sont en place pour prot\u00e9ger nos utilisateurs et maintenir l'int\u00e9grit\u00e9 de notre plateforme.<\/p>\n<p>Responsabilit\u00e9 sociale des entreprises : Nous prenons au s\u00e9rieux notre responsabilit\u00e9 sociale d'entreprise. Nous collaborons activement avec des organisations et des initiatives qui promeuvent le jeu responsable et soutiennent les personnes touch\u00e9es par la d\u00e9pendance au jeu.<\/p>\n<h2><span class=\"ez-toc-section\" id=\"Preventative_Measures_for_Player_Protection\"><\/span>Mesures pr\u00e9ventives pour la protection des joueurs<span class=\"ez-toc-section-end\"><\/span><\/h2>\n<p>Nous mettons en \u0153uvre des mesures pr\u00e9ventives pour prot\u00e9ger nos joueurs, y compris des processus robustes de v\u00e9rification de l'\u00e2ge, des transactions s\u00e9curis\u00e9es et des protocoles stricts de protection des donn\u00e9es. Ces mesures sont con\u00e7ues pour cr\u00e9er un environnement de pari s\u00fbr et responsable pour tous.<\/p>\n<p>Chez Live Casino Finder, nous pensons que le jeu responsable est la cl\u00e9 d'exp\u00e9riences live casino inoubliables. Rejoignez-nous d\u00e8s aujourd'hui et embarquez pour un voyage exaltant et responsable.<\/p>","protected":false},"excerpt":{"rendered":"<p>Bienvenue sur Live Casino Finder, o\u00f9 le jeu responsable est la pierre angulaire de notre plateforme. Nous nous engageons \u00e0 promouvoir des pratiques de jeu responsables et \u00e0 cr\u00e9er un environnement s\u00fbr et agr\u00e9able pour nos utilisateurs. Avec une compr\u00e9hension profonde des complexit\u00e9s des risques li\u00e9s au jeu et de l'impact potentiel sur la sant\u00e9 mentale, nous nous effor\u00e7ons d'habiliter [...]<\/p>","protected":false},"author":1,"featured_media":0,"parent":0,"menu_order":0,"comment_status":"closed","ping_status":"closed","template":"page-no-sidebar.php","meta":{"_lmt_disableupdate":"no","_lmt_disable":"no","footnotes":""},"class_list":["post-2111","page","type-page","status-publish","hentry"],"yoast_head":"<!-- This site is optimized with the Yoast SEO plugin v26.4 - https:\/\/yoast.com\/wordpress\/plugins\/seo\/ -->\n<title>Responsible Gaming Guidelines<\/title>\n<meta name=\"description\" content=\"Learn about responsible gaming practices with Live Casino Finder to help you enjoy live casinos safely and make informed decisions while playing.\" \/>\n<meta name=\"robots\" content=\"index, follow, max-snippet:-1, max-image-preview:large, max-video-preview:-1\" \/>\n<link rel=\"canonical\" href=\"https:\/\/livecasinofinder.com\/wp-json\/wp\/v2\/pages\/2111\/\" \/>\n<meta property=\"og:locale\" content=\"fr_FR\" \/>\n<meta property=\"og:type\" content=\"article\" \/>\n<meta property=\"og:title\" content=\"Responsible Gaming Guidelines\" \/>\n<meta property=\"og:description\" content=\"Learn about responsible gaming practices with Live Casino Finder to help you enjoy live casinos safely and make informed decisions while playing.\" \/>\n<meta property=\"og:url\" content=\"https:\/\/livecasinofinder.com\/fr\/responsible-gaming\/\" \/>\n<meta property=\"og:site_name\" content=\"livecasinofinder.com\" \/>\n<meta property=\"article:modified_time\" content=\"2025-06-03T11:11:12+00:00\" \/>\n<meta property=\"og:image\" content=\"https:\/\/livecasinofinder.com\/wp-content\/uploads\/2023\/03\/lucasoilraceway-logo-1.png\" \/>\n\t<meta property=\"og:image:width\" content=\"427\" \/>\n\t<meta property=\"og:image:height\" content=\"145\" \/>\n\t<meta property=\"og:image:type\" content=\"image\/png\" \/>\n<meta name=\"twitter:card\" content=\"summary_large_image\" \/>\n<meta name=\"twitter:label1\" content=\"Dur\u00e9e de lecture estim\u00e9e\" \/>\n\t<meta name=\"twitter:data1\" content=\"4 minutes\" \/>\n<!-- \/ Yoast SEO plugin. -->","yoast_head_json":{"title":"Responsible Gaming Guidelines","description":"Learn about responsible gaming practices with Live Casino Finder to help you enjoy live casinos safely and make informed decisions while playing.","robots":{"index":"index","follow":"follow","max-snippet":"max-snippet:-1","max-image-preview":"max-image-preview:large","max-video-preview":"max-video-preview:-1"},"canonical":"https:\/\/livecasinofinder.com\/wp-json\/wp\/v2\/pages\/2111\/","og_locale":"fr_FR","og_type":"article","og_title":"Responsible Gaming Guidelines","og_description":"Learn about responsible gaming practices with Live Casino Finder to help you enjoy live casinos safely and make informed decisions while playing.","og_url":"https:\/\/livecasinofinder.com\/fr\/responsible-gaming\/","og_site_name":"livecasinofinder.com","article_modified_time":"2025-06-03T11:11:12+00:00","og_image":[{"width":427,"height":145,"url":"https:\/\/livecasinofinder.com\/wp-content\/uploads\/2023\/03\/lucasoilraceway-logo-1.png","type":"image\/png"}],"twitter_card":"summary_large_image","twitter_misc":{"Dur\u00e9e de lecture estim\u00e9e":"4 minutes"},"schema":{"@context":"https:\/\/schema.org","@graph":[{"@type":"WebPage","@id":"https:\/\/livecasinofinder.com\/responsible-gaming\/","url":"https:\/\/livecasinofinder.com\/responsible-gaming\/","name":"Responsible Gaming Guidelines","isPartOf":{"@id":"https:\/\/livecasinofinder.com\/ja\/#website"},"datePublished":"2023-06-20T14:33:04+00:00","dateModified":"2025-06-03T11:11:12+00:00","description":"Learn about responsible gaming practices with Live Casino Finder to help you enjoy live casinos safely and make informed decisions while playing.","breadcrumb":{"@id":"https:\/\/livecasinofinder.com\/responsible-gaming\/#breadcrumb"},"inLanguage":"fr-FR","potentialAction":[{"@type":"ReadAction","target":["https:\/\/livecasinofinder.com\/responsible-gaming\/"]}]},{"@type":"BreadcrumbList","@id":"https:\/\/livecasinofinder.com\/responsible-gaming\/#breadcrumb","itemListElement":[{"@type":"ListItem","position":1,"name":"LiveCasinoFinder.com","item":"https:\/\/livecasinofinder.com\/fr\/"},{"@type":"ListItem","position":2,"name":"Responsible Gaming"}]},{"@type":"WebSite","@id":"https:\/\/livecasinofinder.com\/ja\/#website","url":"https:\/\/livecasinofinder.com\/ja\/","name":"livecasinofinder","description":"","publisher":{"@id":"https:\/\/livecasinofinder.com\/ja\/#organization"},"alternateName":"Lucas oil raceway live casino","potentialAction":[{"@type":"SearchAction","target":{"@type":"EntryPoint","urlTemplate":"https:\/\/livecasinofinder.com\/ja\/?s={search_term_string}"},"query-input":{"@type":"PropertyValueSpecification","valueRequired":true,"valueName":"search_term_string"}}],"inLanguage":"fr-FR"},{"@type":"Organization","@id":"https:\/\/livecasinofinder.com\/ja\/#organization","name":"Recherche de casinos en direct","alternateName":"Lucas oil raceway live casino","url":"https:\/\/livecasinofinder.com\/ja\/","logo":{"@type":"ImageObject","inLanguage":"fr-FR","@id":"https:\/\/livecasinofinder.com\/ja\/#\/schema\/logo\/image\/","url":"https:\/\/livecasinofinder.com\/wp-content\/uploads\/2023\/04\/livecasinofinder-logo.png","contentUrl":"https:\/\/livecasinofinder.com\/wp-content\/uploads\/2023\/04\/livecasinofinder-logo.png","width":1600,"height":453,"caption":"Live Casino Finder"},"image":{"@id":"https:\/\/livecasinofinder.com\/ja\/#\/schema\/logo\/image\/"}}]}},"_links":{"self":[{"href":"https:\/\/livecasinofinder.com\/fr\/wp-json\/wp\/v2\/pages\/2111","targetHints":{"allow":["GET"]}}],"collection":[{"href":"https:\/\/livecasinofinder.com\/fr\/wp-json\/wp\/v2\/pages"}],"about":[{"href":"https:\/\/livecasinofinder.com\/fr\/wp-json\/wp\/v2\/types\/page"}],"author":[{"embeddable":true,"href":"https:\/\/livecasinofinder.com\/fr\/wp-json\/wp\/v2\/users\/1"}],"replies":[{"embeddable":true,"href":"https:\/\/livecasinofinder.com\/fr\/wp-json\/wp\/v2\/comments?post=2111"}],"version-history":[{"count":0,"href":"https:\/\/livecasinofinder.com\/fr\/wp-json\/wp\/v2\/pages\/2111\/revisions"}],"wp:attachment":[{"href":"https:\/\/livecasinofinder.com\/fr\/wp-json\/wp\/v2\/media?parent=2111"}],"curies":[{"name":"wp","href":"https:\/\/api.w.org\/{rel}","templated":true}]}}