{"id":2109,"date":"2023-06-20T14:37:04","date_gmt":"2023-06-20T14:37:04","guid":{"rendered":"https:\/\/livecasinofinder.com\/?page_id=2109"},"modified":"2023-06-20T14:37:04","modified_gmt":"2023-06-20T14:37:04","slug":"privacy-policy","status":"publish","type":"page","link":"https:\/\/livecasinofinder.com\/fr\/privacy-policy\/","title":{"rendered":"Politique de confidentialit\u00e9"},"content":{"rendered":"<p>Au <a href=\"\/fr\/\">LiveCasinoFinder.com<\/a>Nous sommes conscients de l'importance de pr\u00e9server votre vie priv\u00e9e et de prot\u00e9ger la confidentialit\u00e9 de vos informations personnelles. La pr\u00e9sente politique de confidentialit\u00e9 d\u00e9crit notre engagement in\u00e9branlable en faveur de la protection des donn\u00e9es, garantissant une exp\u00e9rience s\u00fbre et agr\u00e9able sur notre plateforme.<\/p>\n<div id=\"ez-toc-container\" class=\"ez-toc-v2_0_63 counter-hierarchy ez-toc-counter ez-toc-grey ez-toc-container-direction\">\n<label for=\"ez-toc-cssicon-toggle-item-69de5c4b3f45a\" class=\"ez-toc-cssicon-toggle-label\"><span class=\"ez-toc-cssicon\"><span class=\"eztoc-hide\" style=\"display:none;\">Toggle<\/span><span class=\"ez-toc-icon-toggle-span\"><svg style=\"fill: #999;color:#999\" xmlns=\"http:\/\/www.w3.org\/2000\/svg\" class=\"list-377408\" width=\"20px\" height=\"20px\" viewbox=\"0 0 24 24\" fill=\"none\"><path d=\"M6 6H4v2h2V6zm14 0H8v2h12V6zM4 11h2v2H4v-2zm16 0H8v2h12v-2zM4 16h2v2H4v-2zm16 0H8v2h12v-2z\" fill=\"currentColor\"><\/path><\/svg><svg style=\"fill: #999;color:#999\" class=\"arrow-unsorted-368013\" xmlns=\"http:\/\/www.w3.org\/2000\/svg\" width=\"10px\" height=\"10px\" viewbox=\"0 0 24 24\" version=\"1.2\" baseprofile=\"tiny\"><path d=\"M18.2 9.3l-6.2-6.3-6.2 6.3c-.2.2-.3.4-.3.7s.1.5.3.7c.2.2.4.3.7.3h11c.3 0 .5-.1.7-.3.2-.2.3-.5.3-.7s-.1-.5-.3-.7zM5.8 14.7l6.2 6.3 6.2-6.3c.2-.2.3-.5.3-.7s-.1-.5-.3-.7c-.2-.2-.4-.3-.7-.3h-11c-.3 0-.5.1-.7.3-.2.2-.3.5-.3.7s.1.5.3.7z\"\/><\/svg><\/span><\/span><\/label><input type=\"checkbox\"  id=\"ez-toc-cssicon-toggle-item-69de5c4b3f45a\" checked aria-label=\"Toggle\" \/><nav><ul class='ez-toc-list ez-toc-list-level-1' ><li class='ez-toc-page-1 ez-toc-heading-level-2'><a class=\"ez-toc-link ez-toc-heading-1\" href=\"https:\/\/livecasinofinder.com\/fr\/privacy-policy\/#Our_Pledge_to_Safeguard_Your_Privacy\" title=\"Notre engagement \u00e0 prot\u00e9ger votre vie priv\u00e9e\">Notre engagement \u00e0 prot\u00e9ger votre vie priv\u00e9e<\/a><\/li><li class='ez-toc-page-1 ez-toc-heading-level-2'><a class=\"ez-toc-link ez-toc-heading-2\" href=\"https:\/\/livecasinofinder.com\/fr\/privacy-policy\/#Data_Collection_Our_Practices\" title=\"Collecte de donn\u00e9es : Nos pratiques\">Collecte de donn\u00e9es : Nos pratiques<\/a><\/li><li class='ez-toc-page-1 ez-toc-heading-level-2'><a class=\"ez-toc-link ez-toc-heading-3\" href=\"https:\/\/livecasinofinder.com\/fr\/privacy-policy\/#The_Use_of_Your_Information\" title=\"L&#039;utilisation de vos informations\">L'utilisation de vos informations<\/a><\/li><li class='ez-toc-page-1 ez-toc-heading-level-2'><a class=\"ez-toc-link ez-toc-heading-4\" href=\"https:\/\/livecasinofinder.com\/fr\/privacy-policy\/#Information_Disclosure_and_Sharing\" title=\"Divulgation et partage d&#039;informations\">Divulgation et partage d'informations<\/a><\/li><li class='ez-toc-page-1 ez-toc-heading-level-2'><a class=\"ez-toc-link ez-toc-heading-5\" href=\"https:\/\/livecasinofinder.com\/fr\/privacy-policy\/#Our_Security_Measures\" title=\"Nos mesures de s\u00e9curit\u00e9\">Nos mesures de s\u00e9curit\u00e9<\/a><\/li><li class='ez-toc-page-1 ez-toc-heading-level-2'><a class=\"ez-toc-link ez-toc-heading-6\" href=\"https:\/\/livecasinofinder.com\/fr\/privacy-policy\/#The_Role_of_Cookies\" title=\"Le r\u00f4le des cookies\">Le r\u00f4le des cookies<\/a><\/li><li class='ez-toc-page-1 ez-toc-heading-level-2'><a class=\"ez-toc-link ez-toc-heading-7\" href=\"https:\/\/livecasinofinder.com\/fr\/privacy-policy\/#Third-Party_Links\" title=\"Liens avec des tiers\">Liens avec des tiers<\/a><\/li><li class='ez-toc-page-1 ez-toc-heading-level-2'><a class=\"ez-toc-link ez-toc-heading-8\" href=\"https:\/\/livecasinofinder.com\/fr\/privacy-policy\/#Policy_on_Childrens_Privacy\" title=\"Politique de protection de la vie priv\u00e9e des enfants\">Politique de protection de la vie priv\u00e9e des enfants<\/a><\/li><li class='ez-toc-page-1 ez-toc-heading-level-2'><a class=\"ez-toc-link ez-toc-heading-9\" href=\"https:\/\/livecasinofinder.com\/fr\/privacy-policy\/#Changes_to_This_Privacy_Policy\" title=\"Modifications de la pr\u00e9sente politique de protection de la vie priv\u00e9e\">Modifications de la pr\u00e9sente politique de protection de la vie priv\u00e9e<\/a><\/li><li class='ez-toc-page-1 ez-toc-heading-level-2'><a class=\"ez-toc-link ez-toc-heading-10\" href=\"https:\/\/livecasinofinder.com\/fr\/privacy-policy\/#Your_Rights_to_Your_Personal_Information\" title=\"Vos droits en mati\u00e8re d&#039;informations personnelles\">Vos droits en mati\u00e8re d'informations personnelles<\/a><\/li><li class='ez-toc-page-1 ez-toc-heading-level-2'><a class=\"ez-toc-link ez-toc-heading-11\" href=\"https:\/\/livecasinofinder.com\/fr\/privacy-policy\/#Retention_of_Data\" title=\"Conservation des donn\u00e9es\">Conservation des donn\u00e9es<\/a><\/li><li class='ez-toc-page-1 ez-toc-heading-level-2'><a class=\"ez-toc-link ez-toc-heading-12\" href=\"https:\/\/livecasinofinder.com\/fr\/privacy-policy\/#International_Data_Transfers\" title=\"Transferts internationaux de donn\u00e9es\">Transferts internationaux de donn\u00e9es<\/a><\/li><\/ul><\/nav><\/div>\n\n<h2><span class=\"ez-toc-section\" id=\"Our_Pledge_to_Safeguard_Your_Privacy\"><\/span>Notre engagement \u00e0 prot\u00e9ger votre vie priv\u00e9e<span class=\"ez-toc-section-end\"><\/span><\/h2>\n<p>Nous attachons de l'importance \u00e0 votre vie priv\u00e9e et donnons la priorit\u00e9 \u00e0 la protection de vos informations personnelles. Nous avons mis en place des pratiques strictes en mati\u00e8re de protection de la vie priv\u00e9e et nous nous conformons aux lois applicables en mati\u00e8re de protection des donn\u00e9es afin de garantir la s\u00e9curit\u00e9 et la confidentialit\u00e9 de vos donn\u00e9es.<\/p>\n<h2><span class=\"ez-toc-section\" id=\"Data_Collection_Our_Practices\"><\/span>Collecte de donn\u00e9es : Nos pratiques<span class=\"ez-toc-section-end\"><\/span><\/h2>\n<p>Afin de vous offrir une exp\u00e9rience transparente et personnalis\u00e9e, nous pouvons recueillir certaines informations vous concernant. Ces informations peuvent inclure votre nom, vos coordonn\u00e9es et votre comportement de navigation sur notre plateforme. Soyez assur\u00e9 que nous ne recueillons que les donn\u00e9es n\u00e9cessaires \u00e0 l'am\u00e9lioration de votre exp\u00e9rience et de nos services.<\/p>\n<h2><span class=\"ez-toc-section\" id=\"The_Use_of_Your_Information\"><\/span>L'utilisation de vos informations<span class=\"ez-toc-section-end\"><\/span><\/h2>\n<p>Les informations que nous recueillons aupr\u00e8s de vous sont utilis\u00e9es \u00e0 diverses fins, y compris mais sans s'y limiter :<\/p>\n<ol>\n<li>Personnalisation de votre exp\u00e9rience sur LiveCasinoFinder.com<\/li>\n<li>Traiter efficacement vos demandes et vos transactions<\/li>\n<li>Communiquer les mises \u00e0 jour importantes et les promotions<\/li>\n<li>Analyser les donn\u00e9es afin d'am\u00e9liorer nos services et de les adapter \u00e0 vos pr\u00e9f\u00e9rences<\/li>\n<\/ol>\n<h2><span class=\"ez-toc-section\" id=\"Information_Disclosure_and_Sharing\"><\/span>Divulgation et partage d'informations<span class=\"ez-toc-section-end\"><\/span><\/h2>\n<p>LiveCasinoFinder.com respecte la confidentialit\u00e9 de vos informations. Nous ne vendons pas, n'\u00e9changeons pas et ne partageons pas vos donn\u00e9es personnelles avec des tiers, sauf si cela est n\u00e9cessaire pour fournir nos services ou si la loi l'exige. Nous pouvons partager vos informations avec des partenaires de confiance, tels que des processeurs de paiement, uniquement dans le but de vous fournir nos services.<\/p>\n<h2><span class=\"ez-toc-section\" id=\"Our_Security_Measures\"><\/span>Nos mesures de s\u00e9curit\u00e9<span class=\"ez-toc-section-end\"><\/span><\/h2>\n<p>Nous avons mis en place de solides mesures de s\u00e9curit\u00e9 pour prot\u00e9ger vos informations personnelles contre tout acc\u00e8s, divulgation, modification ou destruction non autoris\u00e9s. Nos syst\u00e8mes de s\u00e9curit\u00e9 avanc\u00e9s, nos protocoles de cryptage et nos contr\u00f4les d'acc\u00e8s rigoureux garantissent une protection optimale de vos donn\u00e9es. Nous r\u00e9visons et mettons \u00e0 jour r\u00e9guli\u00e8rement nos mesures de s\u00e9curit\u00e9 afin d'anticiper les nouvelles menaces et de maintenir un environnement s\u00fbr pour nos utilisateurs.<\/p>\n<h2><span class=\"ez-toc-section\" id=\"The_Role_of_Cookies\"><\/span>Le r\u00f4le des cookies<span class=\"ez-toc-section-end\"><\/span><\/h2>\n<p>LiveCasinoFinder.com utilise des cookies pour am\u00e9liorer votre exp\u00e9rience de navigation sur notre plateforme. Les cookies sont de petits fichiers texte qui sont stock\u00e9s sur votre appareil, nous permettant de vous reconna\u00eetre et de personnaliser votre exp\u00e9rience en fonction de vos pr\u00e9f\u00e9rences. Vous avez la possibilit\u00e9 de g\u00e9rer vos pr\u00e9f\u00e9rences en mati\u00e8re de cookies par le biais des param\u00e8tres de votre navigateur. Toutefois, veuillez noter que la d\u00e9sactivation des cookies peut limiter certaines caract\u00e9ristiques ou fonctionnalit\u00e9s de notre site web.<\/p>\n<h2><span class=\"ez-toc-section\" id=\"Third-Party_Links\"><\/span>Liens avec des tiers<span class=\"ez-toc-section-end\"><\/span><\/h2>\n<p>Notre plateforme peut contenir des liens vers des sites web ou des services de tiers. Nous vous encourageons \u00e0 prendre conscience que ces sites web ont leurs propres politiques de confidentialit\u00e9, qui peuvent diff\u00e9rer des n\u00f4tres. Nous vous recommandons de consulter les pratiques en mati\u00e8re de protection de la vie priv\u00e9e des sites web de tiers que vous visitez par l'interm\u00e9diaire de notre plateforme, car nous n'avons aucun contr\u00f4le sur la collecte et l'utilisation des donn\u00e9es.<\/p>\n<h2><span class=\"ez-toc-section\" id=\"Policy_on_Childrens_Privacy\"><\/span>Politique de protection de la vie priv\u00e9e des enfants<span class=\"ez-toc-section-end\"><\/span><\/h2>\n<p>LiveCasinoFinder.com est destin\u00e9 aux personnes \u00e2g\u00e9es d'au moins 18 ans ou ayant l'\u00e2ge l\u00e9gal pour les jeux d'argent en ligne dans leur juridiction. Nous ne recueillons ni ne conservons sciemment des informations personnelles concernant des personnes n'ayant pas atteint l'\u00e2ge l\u00e9gal. Si nous prenons connaissance de telles informations, nous les supprimons rapidement de nos archives.<\/p>\n<h2><span class=\"ez-toc-section\" id=\"Changes_to_This_Privacy_Policy\"><\/span>Modifications de la pr\u00e9sente politique de protection de la vie priv\u00e9e<span class=\"ez-toc-section-end\"><\/span><\/h2>\n<p>Nous pouvons mettre \u00e0 jour notre politique de confidentialit\u00e9 p\u00e9riodiquement pour refl\u00e9ter les changements dans nos pratiques, les exigences l\u00e9gales ou les services. Toute modification de cette politique vous sera communiqu\u00e9e par le biais de notifications bien visibles sur notre plateforme. Nous vous encourageons \u00e0 consulter r\u00e9guli\u00e8rement notre politique de confidentialit\u00e9 afin d'\u00eatre inform\u00e9 de la mani\u00e8re dont nous prot\u00e9geons votre vie priv\u00e9e.<\/p>\n<h2><span class=\"ez-toc-section\" id=\"Your_Rights_to_Your_Personal_Information\"><\/span>Vos droits en mati\u00e8re d'informations personnelles<span class=\"ez-toc-section-end\"><\/span><\/h2>\n<p>En tant qu'utilisateur de LiveCasinoFinder.com, vous avez certains droits concernant vos informations personnelles. Ces droits peuvent inclure :<\/p>\n<ol>\n<li>Acc\u00e8s aux informations personnelles que nous d\u00e9tenons \u00e0 votre sujet<\/li>\n<li>La possibilit\u00e9 de corriger ou de mettre \u00e0 jour vos informations<\/li>\n<li>Le droit de demander la suppression de vos donn\u00e9es personnelles dans certaines circonstances<\/li>\n<li>Le droit de restreindre ou de s'opposer au traitement de vos donn\u00e9es<\/li>\n<li>Le droit \u00e0 la portabilit\u00e9 des donn\u00e9es, qui vous permet de recevoir une copie de vos donn\u00e9es dans un format structur\u00e9, couramment utilis\u00e9 et lisible par machine.<\/li>\n<\/ol>\n<p>Pour exercer vos droits ou demander des \u00e9claircissements sur toute question relative \u00e0 la protection de la vie priv\u00e9e, veuillez contacter notre \u00e9quipe d'assistance sp\u00e9cialis\u00e9e. Nous sommes l\u00e0 pour vous aider rapidement.<\/p>\n<h2><span class=\"ez-toc-section\" id=\"Retention_of_Data\"><\/span>Conservation des donn\u00e9es<span class=\"ez-toc-section-end\"><\/span><\/h2>\n<p>Nous ne conservons vos informations personnelles que pendant la dur\u00e9e n\u00e9cessaire \u00e0 la r\u00e9alisation des objectifs d\u00e9crits dans la pr\u00e9sente politique de protection de la vie priv\u00e9e ou conform\u00e9ment \u00e0 la loi. Lorsque vos donn\u00e9es ne sont plus n\u00e9cessaires, nous les d\u00e9truisons en toute s\u00e9curit\u00e9 conform\u00e9ment \u00e0 nos pratiques en mati\u00e8re de conservation des donn\u00e9es.<\/p>\n<h2><span class=\"ez-toc-section\" id=\"International_Data_Transfers\"><\/span>Transferts internationaux de donn\u00e9es<span class=\"ez-toc-section-end\"><\/span><\/h2>\n<p>En tant que plateforme mondiale, LiveCasinoFinder.com peut transf\u00e9rer et traiter vos informations personnelles dans divers endroits du monde. Nous veillons \u00e0 ce que des mesures de protection appropri\u00e9es soient mises en place pour prot\u00e9ger vos donn\u00e9es lors des transferts internationaux et \u00e0 ce qu'elles soient conformes aux lois applicables en mati\u00e8re de protection des donn\u00e9es.<\/p>\n<p>Chez LiveCasinoFinder.com, nous nous engageons \u00e0 fournir un environnement de jeu s\u00e9curis\u00e9, transparent et agr\u00e9able tout en prot\u00e9geant votre vie priv\u00e9e. Votre confiance et votre satisfaction sont nos principales priorit\u00e9s.<\/p>","protected":false},"excerpt":{"rendered":"<p>Chez LiveCasinoFinder.com, nous comprenons l'importance de pr\u00e9server votre vie priv\u00e9e et de prot\u00e9ger la confidentialit\u00e9 de vos informations personnelles. Cette politique de confidentialit\u00e9 souligne notre engagement in\u00e9branlable en mati\u00e8re de protection des donn\u00e9es, garantissant une exp\u00e9rience s\u00fbre et agr\u00e9able sur notre plateforme. Notre engagement \u00e0 prot\u00e9ger votre vie priv\u00e9e Nous accordons de l'importance \u00e0 votre vie priv\u00e9e et accordons la priorit\u00e9 \u00e0 la protection de vos informations personnelles. [...]<\/p>","protected":false},"author":1,"featured_media":0,"parent":0,"menu_order":0,"comment_status":"closed","ping_status":"closed","template":"page-no-sidebar.php","meta":{"_lmt_disableupdate":"no","_lmt_disable":"no","footnotes":""},"class_list":["post-2109","page","type-page","status-publish","hentry"],"yoast_head":"<!-- This site is optimized with the Yoast SEO plugin v26.4 - https:\/\/yoast.com\/wordpress\/plugins\/seo\/ -->\n<title>Protecting Your Privacy | LiveCasinoFinder.com Privacy Policy<\/title>\n<meta name=\"description\" content=\"At LiveCasinoFinder.com, we prioritize the protection of your data. Our Privacy Policy outlines our commitment to safeguarding your personal information.\" \/>\n<meta name=\"robots\" content=\"index, follow, max-snippet:-1, max-image-preview:large, max-video-preview:-1\" \/>\n<link rel=\"canonical\" href=\"https:\/\/livecasinofinder.com\/wp-json\/wp\/v2\/pages\/2109\/\" \/>\n<meta property=\"og:locale\" content=\"fr_FR\" \/>\n<meta property=\"og:type\" content=\"article\" \/>\n<meta property=\"og:title\" content=\"Protecting Your Privacy | LiveCasinoFinder.com Privacy Policy\" \/>\n<meta property=\"og:description\" content=\"At LiveCasinoFinder.com, we prioritize the protection of your data. Our Privacy Policy outlines our commitment to safeguarding your personal information.\" \/>\n<meta property=\"og:url\" content=\"https:\/\/livecasinofinder.com\/fr\/privacy-policy\/\" \/>\n<meta property=\"og:site_name\" content=\"livecasinofinder.com\" \/>\n<meta property=\"og:image\" content=\"https:\/\/livecasinofinder.com\/wp-content\/uploads\/2023\/03\/lucasoilraceway-logo-1.png\" \/>\n\t<meta property=\"og:image:width\" content=\"427\" \/>\n\t<meta property=\"og:image:height\" content=\"145\" \/>\n\t<meta property=\"og:image:type\" content=\"image\/png\" \/>\n<meta name=\"twitter:card\" content=\"summary_large_image\" \/>\n<meta name=\"twitter:label1\" content=\"Dur\u00e9e de lecture estim\u00e9e\" \/>\n\t<meta name=\"twitter:data1\" content=\"4 minutes\" \/>\n<!-- \/ Yoast SEO plugin. -->","yoast_head_json":{"title":"Prot\u00e9ger votre vie priv\u00e9e | Politique de confidentialit\u00e9 de LiveCasinoFinder.com","description":"Chez LiveCasinoFinder.com, la protection de vos donn\u00e9es est une priorit\u00e9. Notre politique de confidentialit\u00e9 souligne notre engagement \u00e0 prot\u00e9ger vos informations personnelles.","robots":{"index":"index","follow":"follow","max-snippet":"max-snippet:-1","max-image-preview":"max-image-preview:large","max-video-preview":"max-video-preview:-1"},"canonical":"https:\/\/livecasinofinder.com\/wp-json\/wp\/v2\/pages\/2109\/","og_locale":"fr_FR","og_type":"article","og_title":"Protecting Your Privacy | LiveCasinoFinder.com Privacy Policy","og_description":"At LiveCasinoFinder.com, we prioritize the protection of your data. Our Privacy Policy outlines our commitment to safeguarding your personal information.","og_url":"https:\/\/livecasinofinder.com\/fr\/privacy-policy\/","og_site_name":"livecasinofinder.com","og_image":[{"width":427,"height":145,"url":"https:\/\/livecasinofinder.com\/wp-content\/uploads\/2023\/03\/lucasoilraceway-logo-1.png","type":"image\/png"}],"twitter_card":"summary_large_image","twitter_misc":{"Dur\u00e9e de lecture estim\u00e9e":"4 minutes"},"schema":{"@context":"https:\/\/schema.org","@graph":[{"@type":"WebPage","@id":"https:\/\/livecasinofinder.com\/privacy-policy\/","url":"https:\/\/livecasinofinder.com\/privacy-policy\/","name":"Prot\u00e9ger votre vie priv\u00e9e | Politique de confidentialit\u00e9 de LiveCasinoFinder.com","isPartOf":{"@id":"https:\/\/livecasinofinder.com\/ja\/#website"},"datePublished":"2023-06-20T14:37:04+00:00","description":"Chez LiveCasinoFinder.com, la protection de vos donn\u00e9es est une priorit\u00e9. Notre politique de confidentialit\u00e9 souligne notre engagement \u00e0 prot\u00e9ger vos informations personnelles.","breadcrumb":{"@id":"https:\/\/livecasinofinder.com\/privacy-policy\/#breadcrumb"},"inLanguage":"fr-FR","potentialAction":[{"@type":"ReadAction","target":["https:\/\/livecasinofinder.com\/privacy-policy\/"]}]},{"@type":"BreadcrumbList","@id":"https:\/\/livecasinofinder.com\/privacy-policy\/#breadcrumb","itemListElement":[{"@type":"ListItem","position":1,"name":"LiveCasinoFinder.com","item":"https:\/\/livecasinofinder.com\/fr\/"},{"@type":"ListItem","position":2,"name":"Privacy Policy"}]},{"@type":"WebSite","@id":"https:\/\/livecasinofinder.com\/ja\/#website","url":"https:\/\/livecasinofinder.com\/ja\/","name":"livecasinofinder","description":"","publisher":{"@id":"https:\/\/livecasinofinder.com\/ja\/#organization"},"alternateName":"Lucas oil raceway live casino","potentialAction":[{"@type":"SearchAction","target":{"@type":"EntryPoint","urlTemplate":"https:\/\/livecasinofinder.com\/ja\/?s={search_term_string}"},"query-input":{"@type":"PropertyValueSpecification","valueRequired":true,"valueName":"search_term_string"}}],"inLanguage":"fr-FR"},{"@type":"Organization","@id":"https:\/\/livecasinofinder.com\/ja\/#organization","name":"Recherche de casinos en direct","alternateName":"Lucas oil raceway live casino","url":"https:\/\/livecasinofinder.com\/ja\/","logo":{"@type":"ImageObject","inLanguage":"fr-FR","@id":"https:\/\/livecasinofinder.com\/ja\/#\/schema\/logo\/image\/","url":"https:\/\/livecasinofinder.com\/wp-content\/uploads\/2023\/04\/livecasinofinder-logo.png","contentUrl":"https:\/\/livecasinofinder.com\/wp-content\/uploads\/2023\/04\/livecasinofinder-logo.png","width":1600,"height":453,"caption":"Live Casino Finder"},"image":{"@id":"https:\/\/livecasinofinder.com\/ja\/#\/schema\/logo\/image\/"}}]}},"_links":{"self":[{"href":"https:\/\/livecasinofinder.com\/fr\/wp-json\/wp\/v2\/pages\/2109","targetHints":{"allow":["GET"]}}],"collection":[{"href":"https:\/\/livecasinofinder.com\/fr\/wp-json\/wp\/v2\/pages"}],"about":[{"href":"https:\/\/livecasinofinder.com\/fr\/wp-json\/wp\/v2\/types\/page"}],"author":[{"embeddable":true,"href":"https:\/\/livecasinofinder.com\/fr\/wp-json\/wp\/v2\/users\/1"}],"replies":[{"embeddable":true,"href":"https:\/\/livecasinofinder.com\/fr\/wp-json\/wp\/v2\/comments?post=2109"}],"version-history":[{"count":0,"href":"https:\/\/livecasinofinder.com\/fr\/wp-json\/wp\/v2\/pages\/2109\/revisions"}],"wp:attachment":[{"href":"https:\/\/livecasinofinder.com\/fr\/wp-json\/wp\/v2\/media?parent=2109"}],"curies":[{"name":"wp","href":"https:\/\/api.w.org\/{rel}","templated":true}]}}