{"id":2107,"date":"2023-06-20T14:36:44","date_gmt":"2023-06-20T14:36:44","guid":{"rendered":"https:\/\/livecasinofinder.com\/?page_id=2107"},"modified":"2025-06-03T11:09:24","modified_gmt":"2025-06-03T11:09:24","slug":"disclaimer","status":"publish","type":"page","link":"https:\/\/livecasinofinder.com\/fr\/disclaimer\/","title":{"rendered":"Clause de non-responsabilit\u00e9"},"content":{"rendered":"<p>LiveCasinoFinder.com est le guide par excellence pour tous les amateurs de jeux d'argent !\u00a0<em>Vous n'avez jamais \u00e9t\u00e9 confront\u00e9 \u00e0 un dilemme quant au choix du live casino \u00e0 essayer ?<\/em>\u00a0Notre site web agit comme un phare, vous guidant \u00e0 travers le monde mystifiant des casinos en ligne en direct. LiveCasinoFinder.com vous aide \u00e0 trouver les meilleurs casinos en ligne. <a href=\"\/fr\/live-casinos\/\">meilleur live casinos<\/a>comparer les caract\u00e9ristiques et m\u00eame obtenir des bonus super.<\/p>\n<div id=\"ez-toc-container\" class=\"ez-toc-v2_0_63 counter-hierarchy ez-toc-counter ez-toc-grey ez-toc-container-direction\">\n<label for=\"ez-toc-cssicon-toggle-item-69e7a91bd6c86\" class=\"ez-toc-cssicon-toggle-label\"><span class=\"ez-toc-cssicon\"><span class=\"eztoc-hide\" style=\"display:none;\">Toggle<\/span><span class=\"ez-toc-icon-toggle-span\"><svg style=\"fill: #999;color:#999\" xmlns=\"http:\/\/www.w3.org\/2000\/svg\" class=\"list-377408\" width=\"20px\" height=\"20px\" viewbox=\"0 0 24 24\" fill=\"none\"><path d=\"M6 6H4v2h2V6zm14 0H8v2h12V6zM4 11h2v2H4v-2zm16 0H8v2h12v-2zM4 16h2v2H4v-2zm16 0H8v2h12v-2z\" fill=\"currentColor\"><\/path><\/svg><svg style=\"fill: #999;color:#999\" class=\"arrow-unsorted-368013\" xmlns=\"http:\/\/www.w3.org\/2000\/svg\" width=\"10px\" height=\"10px\" viewbox=\"0 0 24 24\" version=\"1.2\" baseprofile=\"tiny\"><path d=\"M18.2 9.3l-6.2-6.3-6.2 6.3c-.2.2-.3.4-.3.7s.1.5.3.7c.2.2.4.3.7.3h11c.3 0 .5-.1.7-.3.2-.2.3-.5.3-.7s-.1-.5-.3-.7zM5.8 14.7l6.2 6.3 6.2-6.3c.2-.2.3-.5.3-.7s-.1-.5-.3-.7c-.2-.2-.4-.3-.7-.3h-11c-.3 0-.5.1-.7.3-.2.2-.3.5-.3.7s.1.5.3.7z\"\/><\/svg><\/span><\/span><\/label><input type=\"checkbox\"  id=\"ez-toc-cssicon-toggle-item-69e7a91bd6c86\" checked aria-label=\"Toggle\" \/><nav><ul class='ez-toc-list ez-toc-list-level-1' ><li class='ez-toc-page-1 ez-toc-heading-level-2'><a class=\"ez-toc-link ez-toc-heading-1\" href=\"https:\/\/livecasinofinder.com\/fr\/disclaimer\/#Objective_of_LiveCasinoFindercom\" title=\"Objectif de LiveCasinoFinder.com\">Objectif de LiveCasinoFinder.com<\/a><\/li><li class='ez-toc-page-1 ez-toc-heading-level-2'><a class=\"ez-toc-link ez-toc-heading-2\" href=\"https:\/\/livecasinofinder.com\/fr\/disclaimer\/#Limitations_and_Liability\" title=\"Limitations et responsabilit\u00e9\">Limitations et responsabilit\u00e9<\/a><ul class='ez-toc-list-level-3' ><li class='ez-toc-heading-level-3'><a class=\"ez-toc-link ez-toc-heading-3\" href=\"https:\/\/livecasinofinder.com\/fr\/disclaimer\/#Validity_of_Information\" title=\"Validit\u00e9 des informations\">Validit\u00e9 des informations<\/a><\/li><li class='ez-toc-page-1 ez-toc-heading-level-3'><a class=\"ez-toc-link ez-toc-heading-4\" href=\"https:\/\/livecasinofinder.com\/fr\/disclaimer\/#User_Responsibilities\" title=\"Responsabilit\u00e9s de l&#039;utilisateur\">Responsabilit\u00e9s de l'utilisateur<\/a><ul class='ez-toc-list-level-4' ><li class='ez-toc-heading-level-4'><a class=\"ez-toc-link ez-toc-heading-5\" href=\"https:\/\/livecasinofinder.com\/fr\/disclaimer\/#Age_Restrictions\" title=\"Restrictions d&#039;\u00e2ge\">Restrictions d'\u00e2ge<\/a><\/li><li class='ez-toc-page-1 ez-toc-heading-level-4'><a class=\"ez-toc-link ez-toc-heading-6\" href=\"https:\/\/livecasinofinder.com\/fr\/disclaimer\/#Responsible_Gambling\" title=\"Jeu responsable\">Jeu responsable<\/a><\/li><\/ul><\/li><\/ul><\/li><li class='ez-toc-page-1 ez-toc-heading-level-2'><a class=\"ez-toc-link ez-toc-heading-7\" href=\"https:\/\/livecasinofinder.com\/fr\/disclaimer\/#Third-Party_Content_and_Links\" title=\"Contenu et liens de tiers\">Contenu et liens de tiers<\/a><ul class='ez-toc-list-level-3' ><li class='ez-toc-heading-level-3'><a class=\"ez-toc-link ez-toc-heading-8\" href=\"https:\/\/livecasinofinder.com\/fr\/disclaimer\/#External_Links\" title=\"Liens externes\">Liens externes<\/a><\/li><li class='ez-toc-page-1 ez-toc-heading-level-3'><a class=\"ez-toc-link ez-toc-heading-9\" href=\"https:\/\/livecasinofinder.com\/fr\/disclaimer\/#Affiliations_and_Partnerships\" title=\"Affiliations et partenariats\">Affiliations et partenariats<\/a><\/li><\/ul><\/li><li class='ez-toc-page-1 ez-toc-heading-level-2'><a class=\"ez-toc-link ez-toc-heading-10\" href=\"https:\/\/livecasinofinder.com\/fr\/disclaimer\/#Intellectual_Property\" title=\"Propri\u00e9t\u00e9 intellectuelle\">Propri\u00e9t\u00e9 intellectuelle<\/a><ul class='ez-toc-list-level-3' ><li class='ez-toc-heading-level-3'><a class=\"ez-toc-link ez-toc-heading-11\" href=\"https:\/\/livecasinofinder.com\/fr\/disclaimer\/#Copyrights\" title=\"Droits d&#039;auteur\">Droits d'auteur<\/a><\/li><li class='ez-toc-page-1 ez-toc-heading-level-3'><a class=\"ez-toc-link ez-toc-heading-12\" href=\"https:\/\/livecasinofinder.com\/fr\/disclaimer\/#Use_of_Content\" title=\"Utilisation du contenu\">Utilisation du contenu<\/a><\/li><li class='ez-toc-page-1 ez-toc-heading-level-3'><a class=\"ez-toc-link ez-toc-heading-13\" href=\"https:\/\/livecasinofinder.com\/fr\/disclaimer\/#Indemnification\" title=\"Indemnisation\">Indemnisation<\/a><\/li><\/ul><\/li><li class='ez-toc-page-1 ez-toc-heading-level-2'><a class=\"ez-toc-link ez-toc-heading-14\" href=\"https:\/\/livecasinofinder.com\/fr\/disclaimer\/#Governing_Law_and_Jurisdiction\" title=\"Droit applicable et juridiction\">Droit applicable et juridiction<\/a><\/li><li class='ez-toc-page-1 ez-toc-heading-level-2'><a class=\"ez-toc-link ez-toc-heading-15\" href=\"https:\/\/livecasinofinder.com\/fr\/disclaimer\/#Updates_to_Disclaimer\" title=\"Mises \u00e0 jour de l&#039;avis de non-responsabilit\u00e9\">Mises \u00e0 jour de l'avis de non-responsabilit\u00e9<\/a><\/li><li class='ez-toc-page-1 ez-toc-heading-level-2'><a class=\"ez-toc-link ez-toc-heading-16\" href=\"https:\/\/livecasinofinder.com\/fr\/disclaimer\/#Contact_Information\" title=\"Informations sur le contact\">Informations sur le contact<\/a><\/li><li class='ez-toc-page-1 ez-toc-heading-level-2'><a class=\"ez-toc-link ez-toc-heading-17\" href=\"https:\/\/livecasinofinder.com\/fr\/disclaimer\/#Conclusion\" title=\"Comment effectuer un d\u00e9p\u00f4t casino en ligne avec virement bancaire - Conclusion\">Comment effectuer un d\u00e9p\u00f4t casino en ligne avec virement bancaire - Conclusion<\/a><\/li><\/ul><\/nav><\/div>\n\n<h2><span class=\"ez-toc-section\" id=\"Objective_of_LiveCasinoFindercom\"><\/span>Objectif de LiveCasinoFinder.com<span class=\"ez-toc-section-end\"><\/span><\/h2>\n<p>LiveCasinoFinder.com a un objectif :\u00a0<em>pour rendre votre exp\u00e9rience de jeu en ligne plus facile qu'une quinte flush<\/em>. Nous vous fournissons des informations fiables, des points de vue d'experts et des strat\u00e9gies de premier ordre. Toutefois, n'oubliez pas que nous sommes le Gandalf de votre Frodon ; c'est \u00e0 vous de mener \u00e0 bien la qu\u00eate finale.<\/p>\n<h2><span class=\"ez-toc-section\" id=\"Limitations_and_Liability\"><\/span>Limitations et responsabilit\u00e9<span class=\"ez-toc-section-end\"><\/span><\/h2>\n<p>Comme dans une aventure de pirates, votre voyage ici est \u00e0 vos risques et p\u00e9rils. Nous ne sommes pas responsables des pertes ou dommages \u00e9ventuels. Nos cartes au tr\u00e9sor sont des guides ; les risques sont \u00e0 votre charge.<\/p>\n<h3><span class=\"ez-toc-section\" id=\"Validity_of_Information\"><\/span>Validit\u00e9 des informations<span class=\"ez-toc-section-end\"><\/span><\/h3>\n<p>Nous avons mis tout notre c\u0153ur et toute notre \u00e2me \u00e0 vous fournir les informations les plus pr\u00e9cises et les plus r\u00e9centes. Cependant, tout comme au poker, les choses changent parfois de fa\u00e7on impr\u00e9visible. Par cons\u00e9quent, nous ne pouvons pas garantir que tout ce que vous trouverez ici sera toujours aussi frais qu'une marguerite.<\/p>\n<h3><span class=\"ez-toc-section\" id=\"User_Responsibilities\"><\/span>Responsabilit\u00e9s de l'utilisateur<span class=\"ez-toc-section-end\"><\/span><\/h3>\n<h4><span class=\"ez-toc-section\" id=\"Age_Restrictions\"><\/span>Restrictions d'\u00e2ge<span class=\"ez-toc-section-end\"><\/span><\/h4>\n<p>Avez-vous l'\u00e2ge de lancer les d\u00e9s ? Avant de p\u00e9n\u00e9trer dans le monde palpitant de LiveCasinoFinder.com, assurez-vous que vous avez l'\u00e2ge l\u00e9gal pour jouer. Si ce n'est pas le cas, il est temps de partir d'ici !<\/p>\n<h4><span class=\"ez-toc-section\" id=\"Responsible_Gambling\"><\/span>Jeu responsable<span class=\"ez-toc-section-end\"><\/span><\/h4>\n<p>Les jeux d'argent devraient \u00eatre compar\u00e9s \u00e0 un bon vin : ils doivent \u00eatre pratiqu\u00e9s de mani\u00e8re responsable. N'oubliez pas de rester vigilant et de ne jamais jouer plus que ce que vous pouvez vous permettre de perdre. Consid\u00e9rez cela comme une soir\u00e9e de jeu amicale ; vous \u00eates ici pour vous amuser, pas pour vider vos \u00e9conomies !<\/p>\n<h2><span class=\"ez-toc-section\" id=\"Third-Party_Content_and_Links\"><\/span>Contenu et liens de tiers<span class=\"ez-toc-section-end\"><\/span><\/h2>\n<h3><span class=\"ez-toc-section\" id=\"External_Links\"><\/span>Liens externes<span class=\"ez-toc-section-end\"><\/span><\/h3>\n<p><em>Vous avez d\u00e9j\u00e0 eu envie d'explorer de nouveaux domaines ?<\/em>\u00a0Nous proposons des liens vers des sites de tiers. Cependant, sois prudent, jeune explorateur. Nous ne sommes pas responsables des dragons ou du contenu que tu pourrais rencontrer sur ces sites.<\/p>\n<h3><span class=\"ez-toc-section\" id=\"Affiliations_and_Partnerships\"><\/span>Affiliations et partenariats<span class=\"ez-toc-section-end\"><\/span><\/h3>\n<p>Nous sommes fiers d'\u00eatre affili\u00e9s \u00e0 certains des plus grands noms du secteur. Pourtant, notre int\u00e9grit\u00e9 reste intacte et nos opinions inchang\u00e9es. Les partenariats ne nous gouvernent pas, c'est nous qui les gouvernons !<\/p>\n<h2><span class=\"ez-toc-section\" id=\"Intellectual_Property\"><\/span>Propri\u00e9t\u00e9 intellectuelle<span class=\"ez-toc-section-end\"><\/span><\/h2>\n<h3><span class=\"ez-toc-section\" id=\"Copyrights\"><\/span>Droits d'auteur<span class=\"ez-toc-section-end\"><\/span><\/h3>\n<p>Notre contenu est aussi unique qu'une licorne, et il est prot\u00e9g\u00e9 par le bouclier enchant\u00e9 des lois sur les droits d'auteur. Respectez le royaume, ne braconnez pas notre contenu !<\/p>\n<h3><span class=\"ez-toc-section\" id=\"Use_of_Content\"><\/span>Utilisation du contenu<span class=\"ez-toc-section-end\"><\/span><\/h3>\n<p>N'h\u00e9sitez pas \u00e0 utiliser notre contenu, mais n'oubliez pas d'en citer la source magique, LiveCasinoFinder.com.\u00a0<em>Ne reconna\u00eetriez-vous pas le m\u00e9rite d'un magicien qui vous aurait remis une carte au tr\u00e9sor ?<\/em><\/p>\n<h3><span class=\"ez-toc-section\" id=\"Indemnification\"><\/span>Indemnisation<span class=\"ez-toc-section-end\"><\/span><\/h3>\n<p>Si vos actions entra\u00eenent des probl\u00e8mes juridiques, c'est comme si vous marchiez seul sur la planche ; nous ne partagerons pas la chute. Vous devez nous indemniser de toute r\u00e9clamation d\u00e9coulant de votre utilisation de nos cartes au tr\u00e9sor.<\/p>\n<h2><span class=\"ez-toc-section\" id=\"Governing_Law_and_Jurisdiction\"><\/span>Droit applicable et juridiction<span class=\"ez-toc-section-end\"><\/span><\/h2>\n<p>Les lois qui r\u00e9gissent le territoire de LiveCasinoFinder.com sont strictes et contraignantes. Tout litige sera r\u00e9solu sous l'\u0153il vigilant des aigles juridiques, conform\u00e9ment aux lois du pays.<\/p>\n<h2><span class=\"ez-toc-section\" id=\"Updates_to_Disclaimer\"><\/span>Mises \u00e0 jour de l'avis de non-responsabilit\u00e9<span class=\"ez-toc-section-end\"><\/span><\/h2>\n<p>Nous pouvons mettre \u00e0 jour cette clause de non-responsabilit\u00e9 comme un navire qui change de cap. Gardez votre lorgnette braqu\u00e9e sur cette page pour stay \u00eatre inform\u00e9.<\/p>\n<h2><span class=\"ez-toc-section\" id=\"Contact_Information\"><\/span>Informations sur le contact<span class=\"ez-toc-section-end\"><\/span><\/h2>\n<p>Si vous avez besoin de nous contacter, envoyez-nous un message dans une bouteille ou contactez-nous sur notre site web. Nous appr\u00e9cions les commentaires comme un pirate appr\u00e9cie l'or !<\/p>\n<h2><span class=\"ez-toc-section\" id=\"Conclusion\"><\/span>Comment effectuer un d\u00e9p\u00f4t casino en ligne avec virement bancaire - Conclusion<span class=\"ez-toc-section-end\"><\/span><\/h2>\n<p>Voil\u00e0, chers aventuriers, le parchemin officiel de la clause de non-responsabilit\u00e9 de LiveCasinoFinder.com. N'oubliez pas qu'un grand pouvoir (ou une grande information, dans ce cas) s'accompagne d'une grande responsabilit\u00e9. Utilisez les cartes au tr\u00e9sor \u00e0 bon escient et que votre qu\u00eate soit remplie de richesses !<\/p>","protected":false},"excerpt":{"rendered":"<p>LiveCasinoFinder.com est le guide par excellence pour tous les passionn\u00e9s de jeux d'argent ! Vous n'avez jamais su quel live casino essayer ? Notre site web agit comme un phare, vous guidant \u00e0 travers le monde mystifiant des casinos en ligne. LiveCasinoFinder.com vous aide \u00e0 trouver les meilleurs live casino, \u00e0 comparer leurs caract\u00e9ristiques et m\u00eame \u00e0 obtenir des bonus super. Objectif de [...]<\/p>","protected":false},"author":1,"featured_media":0,"parent":0,"menu_order":0,"comment_status":"closed","ping_status":"closed","template":"page-no-sidebar.php","meta":{"_lmt_disableupdate":"no","_lmt_disable":"no","footnotes":""},"class_list":["post-2107","page","type-page","status-publish","hentry"],"yoast_head":"<!-- This site is optimized with the Yoast SEO plugin v26.4 - https:\/\/yoast.com\/wordpress\/plugins\/seo\/ -->\n<title>Disclaimer and Important Information<\/title>\n<meta name=\"description\" content=\"Read Live Casino Finder\u2019s disclaimer to understand our policies and ensure a clear and transparent experience when using our live casino guides and reviews.\" \/>\n<meta name=\"robots\" content=\"index, follow, max-snippet:-1, max-image-preview:large, max-video-preview:-1\" \/>\n<link rel=\"canonical\" href=\"https:\/\/livecasinofinder.com\/wp-json\/wp\/v2\/pages\/2107\/\" \/>\n<meta property=\"og:locale\" content=\"fr_FR\" \/>\n<meta property=\"og:type\" content=\"article\" \/>\n<meta property=\"og:title\" content=\"Disclaimer and Important Information\" \/>\n<meta property=\"og:description\" content=\"Read Live Casino Finder\u2019s disclaimer to understand our policies and ensure a clear and transparent experience when using our live casino guides and reviews.\" \/>\n<meta property=\"og:url\" content=\"https:\/\/livecasinofinder.com\/fr\/disclaimer\/\" \/>\n<meta property=\"og:site_name\" content=\"livecasinofinder.com\" \/>\n<meta property=\"article:modified_time\" content=\"2025-06-03T11:09:24+00:00\" \/>\n<meta property=\"og:image\" content=\"https:\/\/livecasinofinder.com\/wp-content\/uploads\/2023\/03\/lucasoilraceway-logo-1.png\" \/>\n\t<meta property=\"og:image:width\" content=\"427\" \/>\n\t<meta property=\"og:image:height\" content=\"145\" \/>\n\t<meta property=\"og:image:type\" content=\"image\/png\" \/>\n<meta name=\"twitter:card\" content=\"summary_large_image\" \/>\n<meta name=\"twitter:label1\" content=\"Dur\u00e9e de lecture estim\u00e9e\" \/>\n\t<meta name=\"twitter:data1\" content=\"3 minutes\" \/>\n<!-- \/ Yoast SEO plugin. -->","yoast_head_json":{"title":"Disclaimer and Important Information","description":"Read Live Casino Finder\u2019s disclaimer to understand our policies and ensure a clear and transparent experience when using our live casino guides and reviews.","robots":{"index":"index","follow":"follow","max-snippet":"max-snippet:-1","max-image-preview":"max-image-preview:large","max-video-preview":"max-video-preview:-1"},"canonical":"https:\/\/livecasinofinder.com\/wp-json\/wp\/v2\/pages\/2107\/","og_locale":"fr_FR","og_type":"article","og_title":"Disclaimer and Important Information","og_description":"Read Live Casino Finder\u2019s disclaimer to understand our policies and ensure a clear and transparent experience when using our live casino guides and reviews.","og_url":"https:\/\/livecasinofinder.com\/fr\/disclaimer\/","og_site_name":"livecasinofinder.com","article_modified_time":"2025-06-03T11:09:24+00:00","og_image":[{"width":427,"height":145,"url":"https:\/\/livecasinofinder.com\/wp-content\/uploads\/2023\/03\/lucasoilraceway-logo-1.png","type":"image\/png"}],"twitter_card":"summary_large_image","twitter_misc":{"Dur\u00e9e de lecture estim\u00e9e":"3 minutes"},"schema":{"@context":"https:\/\/schema.org","@graph":[{"@type":"WebPage","@id":"https:\/\/livecasinofinder.com\/disclaimer\/","url":"https:\/\/livecasinofinder.com\/disclaimer\/","name":"Disclaimer and Important Information","isPartOf":{"@id":"https:\/\/livecasinofinder.com\/ja\/#website"},"datePublished":"2023-06-20T14:36:44+00:00","dateModified":"2025-06-03T11:09:24+00:00","description":"Read Live Casino Finder\u2019s disclaimer to understand our policies and ensure a clear and transparent experience when using our live casino guides and reviews.","breadcrumb":{"@id":"https:\/\/livecasinofinder.com\/disclaimer\/#breadcrumb"},"inLanguage":"fr-FR","potentialAction":[{"@type":"ReadAction","target":["https:\/\/livecasinofinder.com\/disclaimer\/"]}]},{"@type":"BreadcrumbList","@id":"https:\/\/livecasinofinder.com\/disclaimer\/#breadcrumb","itemListElement":[{"@type":"ListItem","position":1,"name":"LiveCasinoFinder.com","item":"https:\/\/livecasinofinder.com\/fr\/"},{"@type":"ListItem","position":2,"name":"Disclaimer"}]},{"@type":"WebSite","@id":"https:\/\/livecasinofinder.com\/ja\/#website","url":"https:\/\/livecasinofinder.com\/ja\/","name":"livecasinofinder","description":"","publisher":{"@id":"https:\/\/livecasinofinder.com\/ja\/#organization"},"alternateName":"Lucas oil raceway live casino","potentialAction":[{"@type":"SearchAction","target":{"@type":"EntryPoint","urlTemplate":"https:\/\/livecasinofinder.com\/ja\/?s={search_term_string}"},"query-input":{"@type":"PropertyValueSpecification","valueRequired":true,"valueName":"search_term_string"}}],"inLanguage":"fr-FR"},{"@type":"Organization","@id":"https:\/\/livecasinofinder.com\/ja\/#organization","name":"Recherche de casinos en direct","alternateName":"Lucas oil raceway live casino","url":"https:\/\/livecasinofinder.com\/ja\/","logo":{"@type":"ImageObject","inLanguage":"fr-FR","@id":"https:\/\/livecasinofinder.com\/ja\/#\/schema\/logo\/image\/","url":"https:\/\/livecasinofinder.com\/wp-content\/uploads\/2023\/04\/livecasinofinder-logo.png","contentUrl":"https:\/\/livecasinofinder.com\/wp-content\/uploads\/2023\/04\/livecasinofinder-logo.png","width":1600,"height":453,"caption":"Live Casino Finder"},"image":{"@id":"https:\/\/livecasinofinder.com\/ja\/#\/schema\/logo\/image\/"}}]}},"_links":{"self":[{"href":"https:\/\/livecasinofinder.com\/fr\/wp-json\/wp\/v2\/pages\/2107","targetHints":{"allow":["GET"]}}],"collection":[{"href":"https:\/\/livecasinofinder.com\/fr\/wp-json\/wp\/v2\/pages"}],"about":[{"href":"https:\/\/livecasinofinder.com\/fr\/wp-json\/wp\/v2\/types\/page"}],"author":[{"embeddable":true,"href":"https:\/\/livecasinofinder.com\/fr\/wp-json\/wp\/v2\/users\/1"}],"replies":[{"embeddable":true,"href":"https:\/\/livecasinofinder.com\/fr\/wp-json\/wp\/v2\/comments?post=2107"}],"version-history":[{"count":0,"href":"https:\/\/livecasinofinder.com\/fr\/wp-json\/wp\/v2\/pages\/2107\/revisions"}],"wp:attachment":[{"href":"https:\/\/livecasinofinder.com\/fr\/wp-json\/wp\/v2\/media?parent=2107"}],"curies":[{"name":"wp","href":"https:\/\/api.w.org\/{rel}","templated":true}]}}