{"id":2105,"date":"2023-06-20T14:36:13","date_gmt":"2023-06-20T14:36:13","guid":{"rendered":"https:\/\/livecasinofinder.com\/?page_id=2105"},"modified":"2025-06-03T11:10:21","modified_gmt":"2025-06-03T11:10:21","slug":"cookie-policy","status":"publish","type":"page","link":"https:\/\/livecasinofinder.com\/fr\/cookie-policy\/","title":{"rendered":"Politique en mati\u00e8re de cookies"},"content":{"rendered":"<p>Bienvenue \u00e0 <a href=\"\/fr\/\">Recherche de casinos en direct<\/a>votre destination ultime pour tout ce qui concerne les jeux live casino ! Nous nous engageons \u00e0 vous offrir une exp\u00e9rience de jeu en ligne immersive et palpitante comme aucune autre. Alors que nous nous embarquons dans ce voyage exaltant \u00e0gether, nous souhaitons faire la lumi\u00e8re sur notre politique compl\u00e8te en mati\u00e8re de cookies. Notre engagement en mati\u00e8re de transparence, de respect de la vie priv\u00e9e et de fourniture d'une exp\u00e9rience utilisateur exceptionnelle est au premier plan de tout ce que nous faisons.<\/p>\n<div id=\"ez-toc-container\" class=\"ez-toc-v2_0_63 counter-hierarchy ez-toc-counter ez-toc-grey ez-toc-container-direction\">\n<label for=\"ez-toc-cssicon-toggle-item-69d2923946697\" class=\"ez-toc-cssicon-toggle-label\"><span class=\"ez-toc-cssicon\"><span class=\"eztoc-hide\" style=\"display:none;\">Toggle<\/span><span class=\"ez-toc-icon-toggle-span\"><svg style=\"fill: #999;color:#999\" xmlns=\"http:\/\/www.w3.org\/2000\/svg\" class=\"list-377408\" width=\"20px\" height=\"20px\" viewbox=\"0 0 24 24\" fill=\"none\"><path d=\"M6 6H4v2h2V6zm14 0H8v2h12V6zM4 11h2v2H4v-2zm16 0H8v2h12v-2zM4 16h2v2H4v-2zm16 0H8v2h12v-2z\" fill=\"currentColor\"><\/path><\/svg><svg style=\"fill: #999;color:#999\" class=\"arrow-unsorted-368013\" xmlns=\"http:\/\/www.w3.org\/2000\/svg\" width=\"10px\" height=\"10px\" viewbox=\"0 0 24 24\" version=\"1.2\" baseprofile=\"tiny\"><path d=\"M18.2 9.3l-6.2-6.3-6.2 6.3c-.2.2-.3.4-.3.7s.1.5.3.7c.2.2.4.3.7.3h11c.3 0 .5-.1.7-.3.2-.2.3-.5.3-.7s-.1-.5-.3-.7zM5.8 14.7l6.2 6.3 6.2-6.3c.2-.2.3-.5.3-.7s-.1-.5-.3-.7c-.2-.2-.4-.3-.7-.3h-11c-.3 0-.5.1-.7.3-.2.2-.3.5-.3.7s.1.5.3.7z\"\/><\/svg><\/span><\/span><\/label><input type=\"checkbox\"  id=\"ez-toc-cssicon-toggle-item-69d2923946697\" checked aria-label=\"Toggle\" \/><nav><ul class='ez-toc-list ez-toc-list-level-1' ><li class='ez-toc-page-1 ez-toc-heading-level-2'><a class=\"ez-toc-link ez-toc-heading-1\" href=\"https:\/\/livecasinofinder.com\/fr\/cookie-policy\/#Live_Casino_Finder_Comprehensive_Cookie_Policy\" title=\"Live Casino Finder Politique globale en mati\u00e8re de cookies\">Live Casino Finder Politique globale en mati\u00e8re de cookies<\/a><\/li><li class='ez-toc-page-1 ez-toc-heading-level-2'><a class=\"ez-toc-link ez-toc-heading-2\" href=\"https:\/\/livecasinofinder.com\/fr\/cookie-policy\/#Exploring_the_Concept_of_Cookies\" title=\"Explorer le concept de cookies\">Explorer le concept de cookies<\/a><\/li><li class='ez-toc-page-1 ez-toc-heading-level-2'><a class=\"ez-toc-link ez-toc-heading-3\" href=\"https:\/\/livecasinofinder.com\/fr\/cookie-policy\/#Our_Application_of_Cookies\" title=\"Notre utilisation des cookies\">Notre utilisation des cookies<\/a><\/li><li class='ez-toc-page-1 ez-toc-heading-level-2'><a class=\"ez-toc-link ez-toc-heading-4\" href=\"https:\/\/livecasinofinder.com\/fr\/cookie-policy\/#Categories_of_Cookies_We_Use\" title=\"Cat\u00e9gories de cookies que nous utilisons\">Cat\u00e9gories de cookies que nous utilisons<\/a><\/li><li class='ez-toc-page-1 ez-toc-heading-level-2'><a class=\"ez-toc-link ez-toc-heading-5\" href=\"https:\/\/livecasinofinder.com\/fr\/cookie-policy\/#Managing_Your_Cookie_Preferences\" title=\"G\u00e9rer vos pr\u00e9f\u00e9rences en mati\u00e8re de cookies\">G\u00e9rer vos pr\u00e9f\u00e9rences en mati\u00e8re de cookies<\/a><\/li><\/ul><\/nav><\/div>\n\n<h2><span class=\"ez-toc-section\" id=\"Live_Casino_Finder_Comprehensive_Cookie_Policy\"><\/span>Live Casino Finder Politique globale en mati\u00e8re de cookies<span class=\"ez-toc-section-end\"><\/span><\/h2>\n<p>Chez Live Casino Finder, nous donnons la priorit\u00e9 \u00e0 votre vie priv\u00e9e tout en vous offrant une exp\u00e9rience de navigation personnalis\u00e9e et transparente. Notre politique compl\u00e8te en mati\u00e8re de cookies est con\u00e7ue pour vous apporter clart\u00e9 et assurance, en veillant \u00e0 ce que votre vie priv\u00e9e reste prot\u00e9g\u00e9e pendant que vous explorez le monde captivant des jeux live casino.<\/p>\n<h2><span class=\"ez-toc-section\" id=\"Exploring_the_Concept_of_Cookies\"><\/span>Explorer le concept de cookies<span class=\"ez-toc-section-end\"><\/span><\/h2>\n<p>Les cookies sont de petits fichiers texte qui sont envoy\u00e9s \u00e0 votre appareil lorsque vous visitez notre site web. Ces merveilles num\u00e9riques jouent un r\u00f4le crucial dans l'optimisation du temps que vous passez avec nous. En nous permettant de vous reconna\u00eetre et de nous souvenir de vous, les cookies permettent une navigation transparente et personnalis\u00e9e, adapt\u00e9e \u00e0 vos pr\u00e9f\u00e9rences. Chez Live Casino Finder, nous exploitons la puissance des cookies pour rendre votre exp\u00e9rience plus agr\u00e9able, plus efficace et plus interactive.<\/p>\n<h2><span class=\"ez-toc-section\" id=\"Our_Application_of_Cookies\"><\/span>Notre utilisation des cookies<span class=\"ez-toc-section-end\"><\/span><\/h2>\n<p>Nous utilisons des cookies pour \u00e9lever votre aventure de jeu live casino \u00e0 de nouveaux sommets. Ces outils puissants nous aident \u00e0 offrir une exp\u00e9rience personnalis\u00e9e et centr\u00e9e sur l'utilisateur. L'utilisation de cookies nous permet de m\u00e9moriser vos pr\u00e9f\u00e9rences et de faire en sorte que chaque visite soit comme une invitation sur mesure \u00e0 un monde d'excitation. Qu'il s'agisse de personnaliser vos recommandations de jeu, de m\u00e9moriser vos param\u00e8tres pr\u00e9f\u00e9r\u00e9s ou de vous proposer des promotions exclusives, les cookies nous permettent de cr\u00e9er une exp\u00e9rience inoubliable, rien que pour vous.<\/p>\n<h2><span class=\"ez-toc-section\" id=\"Categories_of_Cookies_We_Use\"><\/span>Cat\u00e9gories de cookies que nous utilisons<span class=\"ez-toc-section-end\"><\/span><\/h2>\n<ol>\n<li>Cookies n\u00e9cessaires : Ces cookies sont essentiels au fonctionnement fondamental de notre site web. Ils permettent des fonctions essentielles telles que les connexions s\u00e9curis\u00e9es, la gestion des comptes et les transactions transparentes, garantissant que votre exp\u00e9rience de jeu reste fluide et ininterrompue.<\/li>\n<li>Cookies de performance : Chez Live Casino Finder, nous nous effor\u00e7ons de vous offrir la meilleure exp\u00e9rience de jeu possible. Les cookies de performance nous permettent de recueillir des informations sur la fa\u00e7on dont vous naviguez sur notre site Web, ce qui nous permet d'analyser et d'optimiser les performances de notre plateforme. En am\u00e9liorant continuellement nos services, nous nous assurons que votre exp\u00e9rience de jeu est rapide, fiable et exceptionnelle.<\/li>\n<li>Cookies de fonctionnalit\u00e9 : Notre engagement en faveur de la personnalisation se traduit par l'utilisation de cookies de fonctionnalit\u00e9. Ces cookies nous permettent de m\u00e9moriser vos pr\u00e9f\u00e9rences et de cr\u00e9er un environnement de jeu personnalis\u00e9 et immersif. Qu'il s'agisse de m\u00e9moriser vos pr\u00e9f\u00e9rences linguistiques ou de vous proposer des options de jeu pertinentes, les cookies de fonctionnalit\u00e9 rendent votre aventure de jeu live casino inoubliable.<\/li>\n<\/ol>\n<h2><span class=\"ez-toc-section\" id=\"Managing_Your_Cookie_Preferences\"><\/span>G\u00e9rer vos pr\u00e9f\u00e9rences en mati\u00e8re de cookies<span class=\"ez-toc-section-end\"><\/span><\/h2>\n<p>Nous pensons que vous devriez avoir le contr\u00f4le de votre vie priv\u00e9e et de votre exp\u00e9rience de navigation. Live Casino Finder vous offre des options faciles pour g\u00e9rer vos pr\u00e9f\u00e9rences en mati\u00e8re de cookies en fonction de vos pr\u00e9f\u00e9rences. Vous pouvez ajuster vos param\u00e8tres par le biais de votre navigateur, en choisissant d'accepter ou de refuser les cookies. Cependant, veuillez noter que la d\u00e9sactivation des cookies peut limiter certaines caract\u00e9ristiques et fonctionnalit\u00e9s de notre site Web. Nous nous effor\u00e7ons de trouver l'\u00e9quilibre parfait entre la personnalisation et la confidentialit\u00e9, en veillant \u00e0 ce que votre voyage avec Live Casino Finder soit s\u00e9curis\u00e9, transparent et adapt\u00e9 \u00e0 vos d\u00e9sirs.<\/p>\n<p>En conclusion, la politique compl\u00e8te de Live Casino Finder en mati\u00e8re de cookies t\u00e9moigne de notre engagement in\u00e9branlable en faveur de la transparence, de la protection de la vie priv\u00e9e et de l'offre d'une exp\u00e9rience de jeu extraordinaire. Gr\u00e2ce \u00e0 la puissance des cookies, nous visons \u00e0 cr\u00e9er un voyage personnalis\u00e9 et immersif, adapt\u00e9 \u00e0 vos pr\u00e9f\u00e9rences. Rejoignez-nous pour explorer le monde captivant des jeux live casino, en sachant que votre vie priv\u00e9e est respect\u00e9e, que votre exp\u00e9rience est optimis\u00e9e et que votre satisfaction est notre priorit\u00e9 absolue. Bienvenue sur Live Casino Finder, o\u00f9 le frisson du jeu en direct vous attend !<\/p>","protected":false},"excerpt":{"rendered":"<p>Bienvenue sur Live Casino Finder, votre destination ultime pour tout ce qui concerne les jeux live casino ! Nous nous engageons \u00e0 vous fournir une exp\u00e9rience de jeu en ligne immersive et palpitante comme aucune autre. Alors que nous nous embarquons dans ce voyage exaltant \u00e0gether, nous voulons faire la lumi\u00e8re sur notre politique de cookies. Notre engagement pour la transparence, la vie priv\u00e9e et [...]<\/p>","protected":false},"author":1,"featured_media":0,"parent":0,"menu_order":0,"comment_status":"closed","ping_status":"closed","template":"page-no-sidebar.php","meta":{"_lmt_disableupdate":"no","_lmt_disable":"no","footnotes":""},"class_list":["post-2105","page","type-page","status-publish","hentry"],"yoast_head":"<!-- This site is optimized with the Yoast SEO plugin v26.4 - https:\/\/yoast.com\/wordpress\/plugins\/seo\/ -->\n<title>Cookie Policy and Data Use<\/title>\n<meta name=\"description\" content=\"Understand how Live Casino Finder uses cookies to improve your experience and provide relevant content while protecting your privacy and data security.\" \/>\n<meta name=\"robots\" content=\"index, follow, max-snippet:-1, max-image-preview:large, max-video-preview:-1\" \/>\n<link rel=\"canonical\" href=\"https:\/\/livecasinofinder.com\/wp-json\/wp\/v2\/pages\/2105\/\" \/>\n<meta property=\"og:locale\" content=\"fr_FR\" \/>\n<meta property=\"og:type\" content=\"article\" \/>\n<meta property=\"og:title\" content=\"Cookie Policy and Data Use\" \/>\n<meta property=\"og:description\" content=\"Understand how Live Casino Finder uses cookies to improve your experience and provide relevant content while protecting your privacy and data security.\" \/>\n<meta property=\"og:url\" content=\"https:\/\/livecasinofinder.com\/fr\/cookie-policy\/\" \/>\n<meta property=\"og:site_name\" content=\"livecasinofinder.com\" \/>\n<meta property=\"article:modified_time\" content=\"2025-06-03T11:10:21+00:00\" \/>\n<meta property=\"og:image\" content=\"https:\/\/livecasinofinder.com\/wp-content\/uploads\/2023\/03\/lucasoilraceway-logo-1.png\" \/>\n\t<meta property=\"og:image:width\" content=\"427\" \/>\n\t<meta property=\"og:image:height\" content=\"145\" \/>\n\t<meta property=\"og:image:type\" content=\"image\/png\" \/>\n<meta name=\"twitter:card\" content=\"summary_large_image\" \/>\n<meta name=\"twitter:label1\" content=\"Dur\u00e9e de lecture estim\u00e9e\" \/>\n\t<meta name=\"twitter:data1\" content=\"3 minutes\" \/>\n<!-- \/ Yoast SEO plugin. -->","yoast_head_json":{"title":"Cookie Policy and Data Use","description":"Understand how Live Casino Finder uses cookies to improve your experience and provide relevant content while protecting your privacy and data security.","robots":{"index":"index","follow":"follow","max-snippet":"max-snippet:-1","max-image-preview":"max-image-preview:large","max-video-preview":"max-video-preview:-1"},"canonical":"https:\/\/livecasinofinder.com\/wp-json\/wp\/v2\/pages\/2105\/","og_locale":"fr_FR","og_type":"article","og_title":"Cookie Policy and Data Use","og_description":"Understand how Live Casino Finder uses cookies to improve your experience and provide relevant content while protecting your privacy and data security.","og_url":"https:\/\/livecasinofinder.com\/fr\/cookie-policy\/","og_site_name":"livecasinofinder.com","article_modified_time":"2025-06-03T11:10:21+00:00","og_image":[{"width":427,"height":145,"url":"https:\/\/livecasinofinder.com\/wp-content\/uploads\/2023\/03\/lucasoilraceway-logo-1.png","type":"image\/png"}],"twitter_card":"summary_large_image","twitter_misc":{"Dur\u00e9e de lecture estim\u00e9e":"3 minutes"},"schema":{"@context":"https:\/\/schema.org","@graph":[{"@type":"WebPage","@id":"https:\/\/livecasinofinder.com\/cookie-policy\/","url":"https:\/\/livecasinofinder.com\/cookie-policy\/","name":"Cookie Policy and Data Use","isPartOf":{"@id":"https:\/\/livecasinofinder.com\/ja\/#website"},"datePublished":"2023-06-20T14:36:13+00:00","dateModified":"2025-06-03T11:10:21+00:00","description":"Understand how Live Casino Finder uses cookies to improve your experience and provide relevant content while protecting your privacy and data security.","breadcrumb":{"@id":"https:\/\/livecasinofinder.com\/cookie-policy\/#breadcrumb"},"inLanguage":"fr-FR","potentialAction":[{"@type":"ReadAction","target":["https:\/\/livecasinofinder.com\/cookie-policy\/"]}]},{"@type":"BreadcrumbList","@id":"https:\/\/livecasinofinder.com\/cookie-policy\/#breadcrumb","itemListElement":[{"@type":"ListItem","position":1,"name":"LiveCasinoFinder.com","item":"https:\/\/livecasinofinder.com\/fr\/"},{"@type":"ListItem","position":2,"name":"Cookie Policy"}]},{"@type":"WebSite","@id":"https:\/\/livecasinofinder.com\/ja\/#website","url":"https:\/\/livecasinofinder.com\/ja\/","name":"livecasinofinder","description":"","publisher":{"@id":"https:\/\/livecasinofinder.com\/ja\/#organization"},"alternateName":"Lucas oil raceway live casino","potentialAction":[{"@type":"SearchAction","target":{"@type":"EntryPoint","urlTemplate":"https:\/\/livecasinofinder.com\/ja\/?s={search_term_string}"},"query-input":{"@type":"PropertyValueSpecification","valueRequired":true,"valueName":"search_term_string"}}],"inLanguage":"fr-FR"},{"@type":"Organization","@id":"https:\/\/livecasinofinder.com\/ja\/#organization","name":"Recherche de casinos en direct","alternateName":"Lucas oil raceway live casino","url":"https:\/\/livecasinofinder.com\/ja\/","logo":{"@type":"ImageObject","inLanguage":"fr-FR","@id":"https:\/\/livecasinofinder.com\/ja\/#\/schema\/logo\/image\/","url":"https:\/\/livecasinofinder.com\/wp-content\/uploads\/2023\/04\/livecasinofinder-logo.png","contentUrl":"https:\/\/livecasinofinder.com\/wp-content\/uploads\/2023\/04\/livecasinofinder-logo.png","width":1600,"height":453,"caption":"Live Casino Finder"},"image":{"@id":"https:\/\/livecasinofinder.com\/ja\/#\/schema\/logo\/image\/"}}]}},"_links":{"self":[{"href":"https:\/\/livecasinofinder.com\/fr\/wp-json\/wp\/v2\/pages\/2105","targetHints":{"allow":["GET"]}}],"collection":[{"href":"https:\/\/livecasinofinder.com\/fr\/wp-json\/wp\/v2\/pages"}],"about":[{"href":"https:\/\/livecasinofinder.com\/fr\/wp-json\/wp\/v2\/types\/page"}],"author":[{"embeddable":true,"href":"https:\/\/livecasinofinder.com\/fr\/wp-json\/wp\/v2\/users\/1"}],"replies":[{"embeddable":true,"href":"https:\/\/livecasinofinder.com\/fr\/wp-json\/wp\/v2\/comments?post=2105"}],"version-history":[{"count":0,"href":"https:\/\/livecasinofinder.com\/fr\/wp-json\/wp\/v2\/pages\/2105\/revisions"}],"wp:attachment":[{"href":"https:\/\/livecasinofinder.com\/fr\/wp-json\/wp\/v2\/media?parent=2105"}],"curies":[{"name":"wp","href":"https:\/\/api.w.org\/{rel}","templated":true}]}}