{"id":3816,"date":"2023-12-07T15:33:36","date_gmt":"2023-12-07T15:33:36","guid":{"rendered":"https:\/\/livecasinofinder.com\/?page_id=3816"},"modified":"2023-12-07T15:38:43","modified_gmt":"2023-12-07T15:38:43","slug":"livecasinofinder-com","status":"publish","type":"page","link":"https:\/\/livecasinofinder.com\/fi\/livecasinofinder-com\/","title":{"rendered":"livecasinofinder.com"},"content":{"rendered":"<p>Tervetuloa kiehtovaan live casino-verkkopelien maailmaan, jossa klassisten kasinopelien vieh\u00e4tysvoima yhdistyy oman tilasi mukavuuteen. N\u00e4m\u00e4 live dealer casino:t, 21. vuosisadan innovatiivinen ilmi\u00f6, antavat sinun uppoutua aitoon kasinokokemukseen huippuluokan suoratoistotekniikan avulla. Keskustele ammattimaisten jakajien kanssa maailmanlaajuisessa studios-ottelussa ja sukella Las Vegasin loistoon, jossa on ruletin ja blackjackin kaltaisia pelej\u00e4, suoraan laitteestasi k\u00e4sin. Tutustu valtavaan mahdollisuuksien universumiin live dealer casino-sivustojen avulla.<\/p>\n<p>Jos et halua uuvuttaa itse\u00e4si pitk\u00e4ll\u00e4 etsinn\u00e4ll\u00e4 parhaasta kasinosta, jossa on live dealers, niin klikkaa vain alla olevaa painiketta, se vie sinut parhaalle kasinolle asiantuntijoidemme mukaan!<\/p>\n<div style=\"text-align: center;\"><a class=\"glow-button\" href=\"\/fi\/recommends\/reg\/\" rel=\"nofollow\">Pelaa nyt!<\/a><\/div>\n<p>live casino-verkkopalveluun tutustuminen avaa valinnanvaraa. Kent\u00e4ll\u00e4 on runsaasti erilaisia live casino-sivustoja ja lukuisia live-p\u00f6yt\u00e4pelej\u00e4. Asiantunteva opastus on v\u00e4ltt\u00e4m\u00e4t\u00f6nt\u00e4, jotta voit seuloa n\u00e4m\u00e4 vilkkaat markkinat tehokkaasti, ja t\u00e4ss\u00e4 me tulemme mukaan peliin. Olemme omistautuneet auttamaan sinua valitsemaan sopivimmat live dealer casino-sivustot ja -pelit sek\u00e4 hienos\u00e4\u00e4t\u00e4m\u00e4\u00e4n strategioitasi live casino-pelaamisessa. Lue lis\u00e4\u00e4 roolistamme ja palveluistamme LiveCasinoFinder.com-sivustolla, kun jatkat lukemista.<\/p>","protected":false},"excerpt":{"rendered":"<p>Tervetuloa kiehtovaan live casino-verkkopelien maailmaan, jossa klassisten kasinopelien vieh\u00e4tysvoima yhdistyy oman tilasi mukavuuteen. N\u00e4m\u00e4 live dealer casino:t, 21. vuosisadan innovatiivinen ilmi\u00f6, antavat sinun uppoutua aitoon kasinokokemukseen huippuluokan suoratoistotekniikan avulla. Keskity ammattimaisiin jakajiin maailmanlaajuisissa [...]<\/p>","protected":false},"author":1,"featured_media":0,"parent":0,"menu_order":0,"comment_status":"closed","ping_status":"closed","template":"page-no-sidebar.php","meta":{"_lmt_disableupdate":"no","_lmt_disable":"no","footnotes":""},"class_list":["post-3816","page","type-page","status-publish","hentry"],"yoast_head":"<!-- This site is optimized with the Yoast SEO plugin v26.4 - https:\/\/yoast.com\/wordpress\/plugins\/seo\/ -->\n<title>livecasinofinder.com - livecasinofinder.com<\/title>\n<meta name=\"robots\" content=\"noindex, follow\" \/>\n<meta property=\"og:locale\" content=\"fi_FI\" \/>\n<meta property=\"og:type\" content=\"article\" \/>\n<meta property=\"og:title\" content=\"livecasinofinder.com - livecasinofinder.com\" \/>\n<meta property=\"og:description\" content=\"Welcome to the captivating world of online live casinos, where the allure of classic casino games merges with the convenience of your own space. These live dealer casinos, an innovative phenomenon of the 21st century, allow you to immerse yourself in genuine casino experiences via cutting-edge live streaming technology. Engage with professional dealers in global [&hellip;]\" \/>\n<meta property=\"og:url\" content=\"https:\/\/livecasinofinder.com\/fi\/livecasinofinder-com\/\" \/>\n<meta property=\"og:site_name\" content=\"livecasinofinder.com\" \/>\n<meta property=\"article:modified_time\" content=\"2023-12-07T15:38:43+00:00\" \/>\n<meta property=\"og:image\" content=\"https:\/\/livecasinofinder.com\/wp-content\/uploads\/2023\/03\/lucasoilraceway-logo-1.png\" \/>\n\t<meta property=\"og:image:width\" content=\"427\" \/>\n\t<meta property=\"og:image:height\" content=\"145\" \/>\n\t<meta property=\"og:image:type\" content=\"image\/png\" \/>\n<meta name=\"twitter:card\" content=\"summary_large_image\" \/>\n<meta name=\"twitter:label1\" content=\"Arvioitu lukuaika\" \/>\n\t<meta name=\"twitter:data1\" content=\"1 minuutti\" \/>\n<!-- \/ Yoast SEO plugin. -->","yoast_head_json":{"title":"livecasinofinder.com - livecasinofinder.com","robots":{"index":"noindex","follow":"follow"},"og_locale":"fi_FI","og_type":"article","og_title":"livecasinofinder.com - livecasinofinder.com","og_description":"Welcome to the captivating world of online live casinos, where the allure of classic casino games merges with the convenience of your own space. These live dealer casinos, an innovative phenomenon of the 21st century, allow you to immerse yourself in genuine casino experiences via cutting-edge live streaming technology. Engage with professional dealers in global [&hellip;]","og_url":"https:\/\/livecasinofinder.com\/fi\/livecasinofinder-com\/","og_site_name":"livecasinofinder.com","article_modified_time":"2023-12-07T15:38:43+00:00","og_image":[{"width":427,"height":145,"url":"https:\/\/livecasinofinder.com\/wp-content\/uploads\/2023\/03\/lucasoilraceway-logo-1.png","type":"image\/png"}],"twitter_card":"summary_large_image","twitter_misc":{"Arvioitu lukuaika":"1 minuutti"},"schema":{"@context":"https:\/\/schema.org","@graph":[{"@type":"WebPage","@id":"https:\/\/livecasinofinder.com\/cs\/livecasinofinder-com\/","url":"https:\/\/livecasinofinder.com\/cs\/livecasinofinder-com\/","name":"livecasinofinder.com - livecasinofinder.com","isPartOf":{"@id":"https:\/\/livecasinofinder.com\/ja\/#website"},"datePublished":"2023-12-07T15:33:36+00:00","dateModified":"2023-12-07T15:38:43+00:00","breadcrumb":{"@id":"https:\/\/livecasinofinder.com\/cs\/livecasinofinder-com\/#breadcrumb"},"inLanguage":"fi","potentialAction":[{"@type":"ReadAction","target":["https:\/\/livecasinofinder.com\/cs\/livecasinofinder-com\/"]}]},{"@type":"BreadcrumbList","@id":"https:\/\/livecasinofinder.com\/cs\/livecasinofinder-com\/#breadcrumb","itemListElement":[{"@type":"ListItem","position":1,"name":"LiveCasinoFinder.com","item":"https:\/\/livecasinofinder.com\/fr\/"},{"@type":"ListItem","position":2,"name":"livecasinofinder.com"}]},{"@type":"WebSite","@id":"https:\/\/livecasinofinder.com\/ja\/#website","url":"https:\/\/livecasinofinder.com\/ja\/","name":"livecasinofinder","description":"","publisher":{"@id":"https:\/\/livecasinofinder.com\/ja\/#organization"},"alternateName":"Lucas oil raceway live casino","potentialAction":[{"@type":"SearchAction","target":{"@type":"EntryPoint","urlTemplate":"https:\/\/livecasinofinder.com\/ja\/?s={search_term_string}"},"query-input":{"@type":"PropertyValueSpecification","valueRequired":true,"valueName":"search_term_string"}}],"inLanguage":"fi"},{"@type":"Organization","@id":"https:\/\/livecasinofinder.com\/ja\/#organization","name":"Live Casino Finder","alternateName":"Lucas oil raceway live casino","url":"https:\/\/livecasinofinder.com\/ja\/","logo":{"@type":"ImageObject","inLanguage":"fi","@id":"https:\/\/livecasinofinder.com\/ja\/#\/schema\/logo\/image\/","url":"https:\/\/livecasinofinder.com\/wp-content\/uploads\/2023\/04\/livecasinofinder-logo.png","contentUrl":"https:\/\/livecasinofinder.com\/wp-content\/uploads\/2023\/04\/livecasinofinder-logo.png","width":1600,"height":453,"caption":"Live Casino Finder"},"image":{"@id":"https:\/\/livecasinofinder.com\/ja\/#\/schema\/logo\/image\/"}}]}},"_links":{"self":[{"href":"https:\/\/livecasinofinder.com\/fi\/wp-json\/wp\/v2\/pages\/3816","targetHints":{"allow":["GET"]}}],"collection":[{"href":"https:\/\/livecasinofinder.com\/fi\/wp-json\/wp\/v2\/pages"}],"about":[{"href":"https:\/\/livecasinofinder.com\/fi\/wp-json\/wp\/v2\/types\/page"}],"author":[{"embeddable":true,"href":"https:\/\/livecasinofinder.com\/fi\/wp-json\/wp\/v2\/users\/1"}],"replies":[{"embeddable":true,"href":"https:\/\/livecasinofinder.com\/fi\/wp-json\/wp\/v2\/comments?post=3816"}],"version-history":[{"count":0,"href":"https:\/\/livecasinofinder.com\/fi\/wp-json\/wp\/v2\/pages\/3816\/revisions"}],"wp:attachment":[{"href":"https:\/\/livecasinofinder.com\/fi\/wp-json\/wp\/v2\/media?parent=3816"}],"curies":[{"name":"wp","href":"https:\/\/api.w.org\/{rel}","templated":true}]}}