{"id":2115,"date":"2023-06-20T14:24:32","date_gmt":"2023-06-20T14:24:32","guid":{"rendered":"https:\/\/livecasinofinder.com\/?page_id=2115"},"modified":"2025-06-03T11:12:27","modified_gmt":"2025-06-03T11:12:27","slug":"gambling-addiction","status":"publish","type":"page","link":"https:\/\/livecasinofinder.com\/fi\/gambling-addiction\/","title":{"rendered":"Peliriippuvuus"},"content":{"rendered":"<p>Osoitteessa <a href=\"\/fi\/\">LiveCasinoFinder.com<\/a>asetamme etusijalle k\u00e4ytt\u00e4jiemme hyvinvoinnin ja olemme sitoutuneet edist\u00e4m\u00e4\u00e4n vastuullista pelaamista. T\u00e4m\u00e4n sivun tarkoituksena on tarjota arvokasta tietoa peliriippuvuudesta, sen merkeist\u00e4 ja saatavilla olevasta tuesta. Tavoitteenamme on varmistaa turvallinen ja nautinnollinen pelikokemus kaikille.<\/p>\n<div id=\"ez-toc-container\" class=\"ez-toc-v2_0_63 counter-hierarchy ez-toc-counter ez-toc-grey ez-toc-container-direction\">\n<label for=\"ez-toc-cssicon-toggle-item-69e658dc454ac\" class=\"ez-toc-cssicon-toggle-label\"><span class=\"ez-toc-cssicon\"><span class=\"eztoc-hide\" style=\"display:none;\">Toggle<\/span><span class=\"ez-toc-icon-toggle-span\"><svg style=\"fill: #999;color:#999\" xmlns=\"http:\/\/www.w3.org\/2000\/svg\" class=\"list-377408\" width=\"20px\" height=\"20px\" viewbox=\"0 0 24 24\" fill=\"none\"><path d=\"M6 6H4v2h2V6zm14 0H8v2h12V6zM4 11h2v2H4v-2zm16 0H8v2h12v-2zM4 16h2v2H4v-2zm16 0H8v2h12v-2z\" fill=\"currentColor\"><\/path><\/svg><svg style=\"fill: #999;color:#999\" class=\"arrow-unsorted-368013\" xmlns=\"http:\/\/www.w3.org\/2000\/svg\" width=\"10px\" height=\"10px\" viewbox=\"0 0 24 24\" version=\"1.2\" baseprofile=\"tiny\"><path d=\"M18.2 9.3l-6.2-6.3-6.2 6.3c-.2.2-.3.4-.3.7s.1.5.3.7c.2.2.4.3.7.3h11c.3 0 .5-.1.7-.3.2-.2.3-.5.3-.7s-.1-.5-.3-.7zM5.8 14.7l6.2 6.3 6.2-6.3c.2-.2.3-.5.3-.7s-.1-.5-.3-.7c-.2-.2-.4-.3-.7-.3h-11c-.3 0-.5.1-.7.3-.2.2-.3.5-.3.7s.1.5.3.7z\"\/><\/svg><\/span><\/span><\/label><input type=\"checkbox\"  id=\"ez-toc-cssicon-toggle-item-69e658dc454ac\" checked aria-label=\"Toggle\" \/><nav><ul class='ez-toc-list ez-toc-list-level-1' ><li class='ez-toc-page-1 ez-toc-heading-level-2'><a class=\"ez-toc-link ez-toc-heading-1\" href=\"https:\/\/livecasinofinder.com\/fi\/gambling-addiction\/#Gambling_Addiction\" title=\"Peliriippuvuus\">Peliriippuvuus<\/a><\/li><li class='ez-toc-page-1 ez-toc-heading-level-2'><a class=\"ez-toc-link ez-toc-heading-2\" href=\"https:\/\/livecasinofinder.com\/fi\/gambling-addiction\/#How_to_Understand_That_You_Need_Help_From_Gambling_Addiction\" title=\"Miten ymm\u00e4rt\u00e4\u00e4, ett\u00e4 tarvitset apua peliriippuvuuteen?\">Miten ymm\u00e4rt\u00e4\u00e4, ett\u00e4 tarvitset apua peliriippuvuuteen?<\/a><\/li><li class='ez-toc-page-1 ez-toc-heading-level-2'><a class=\"ez-toc-link ez-toc-heading-3\" href=\"https:\/\/livecasinofinder.com\/fi\/gambling-addiction\/#Gambling_Addiction_Help_Worldwide\" title=\"Peliriippuvuus Apua maailmanlaajuisesti\">Peliriippuvuus Apua maailmanlaajuisesti<\/a><\/li><li class='ez-toc-page-1 ez-toc-heading-level-2'><a class=\"ez-toc-link ez-toc-heading-4\" href=\"https:\/\/livecasinofinder.com\/fi\/gambling-addiction\/#Gambling_Addiction_Resources\" title=\"Peliriippuvuuden resurssit\">Peliriippuvuuden resurssit<\/a><ul class='ez-toc-list-level-3' ><li class='ez-toc-heading-level-3'><a class=\"ez-toc-link ez-toc-heading-5\" href=\"https:\/\/livecasinofinder.com\/fi\/gambling-addiction\/#National_Problem_Gambling_Helpline_Network\" title=\"National Ongelmapelaamisen auttava puhelinverkosto\">National Ongelmapelaamisen auttava puhelinverkosto<\/a><\/li><li class='ez-toc-page-1 ez-toc-heading-level-3'><a class=\"ez-toc-link ez-toc-heading-6\" href=\"https:\/\/livecasinofinder.com\/fi\/gambling-addiction\/#Gamblers_Anonymous\" title=\"Anonyymit pelaajat\">Anonyymit pelaajat<\/a><\/li><li class='ez-toc-page-1 ez-toc-heading-level-3'><a class=\"ez-toc-link ez-toc-heading-7\" href=\"https:\/\/livecasinofinder.com\/fi\/gambling-addiction\/#GamCare\" title=\"GamCare\">GamCare<\/a><\/li><li class='ez-toc-page-1 ez-toc-heading-level-3'><a class=\"ez-toc-link ez-toc-heading-8\" href=\"https:\/\/livecasinofinder.com\/fi\/gambling-addiction\/#Substance_Abuse_and_Mental_Health_Services_Administration_SAMHSA\" title=\"Substance Abuse and Mental Health Services Administration (SAMHSA) (P\u00e4ihteiden v\u00e4\u00e4rink\u00e4yt\u00f6n ja mielenterveyspalvelujen hallinto)\">Substance Abuse and Mental Health Services Administration (SAMHSA) (P\u00e4ihteiden v\u00e4\u00e4rink\u00e4yt\u00f6n ja mielenterveyspalvelujen hallinto)<\/a><\/li><li class='ez-toc-page-1 ez-toc-heading-level-3'><a class=\"ez-toc-link ez-toc-heading-9\" href=\"https:\/\/livecasinofinder.com\/fi\/gambling-addiction\/#The_National_Council_on_Problem_Gambling\" title=\"Ongelmapelaamista k\u00e4sittelev\u00e4 National-neuvosto\">Ongelmapelaamista k\u00e4sittelev\u00e4 National-neuvosto<\/a><\/li><\/ul><\/li><li class='ez-toc-page-1 ez-toc-heading-level-2'><a class=\"ez-toc-link ez-toc-heading-10\" href=\"https:\/\/livecasinofinder.com\/fi\/gambling-addiction\/#Conclusion\" title=\"P\u00e4\u00e4telm\u00e4\">P\u00e4\u00e4telm\u00e4<\/a><\/li><\/ul><\/nav><\/div>\n\n<h2><span class=\"ez-toc-section\" id=\"Gambling_Addiction\"><\/span>Peliriippuvuus<span class=\"ez-toc-section-end\"><\/span><\/h2>\n<p>Peliriippuvuus on vakava sairaus, joka vaikuttaa ihmisiin maailmanlaajuisesti. Sill\u00e4 tarkoitetaan pakonomaista halua pelata uhkapelej\u00e4 kielteisist\u00e4 seurauksista huolimatta. Peliriippuvuuden merkkien tunnistaminen on ratkaisevan t\u00e4rke\u00e4\u00e4 varhaisen puuttumisen ja avun hakemisen kannalta. Seuraavassa on joitakin yleisi\u00e4 peliriippuvuuden indikaattoreita:<\/p>\n<ul>\n<li>Uhkapelaamisen harrastaminen: Jatkuva uhkapelien miettiminen, seuraavan pelisession suunnittelu tai menneiden voittojen tai tappioiden muisteleminen.<\/li>\n<li>Hallinnan menetys: Kyvytt\u00f6myys kontrolloida tai lopettaa pelaamista, vaikka sit\u00e4 yritt\u00e4isikin.<\/li>\n<li>Panosm\u00e4\u00e4rien kasvattaminen: Tarve panostaa enemm\u00e4n rahaa saman j\u00e4nnityksen tai tyydytyksen saavuttamiseksi.<\/li>\n<li>Vastuiden laiminly\u00f6nti: Pelaamisen asettaminen ty\u00f6n, perheen, ihmissuhteiden ja muiden t\u00e4rkeiden velvoitteiden edelle.<\/li>\n<li>Tappioiden jahtaaminen: Jatkuva uhkapelaaminen, jolla yritet\u00e4\u00e4n korvata aiemmat tappiot, mik\u00e4 johtaa syvempiin taloudellisiin vaikeuksiin.<\/li>\n<li>Sosiaalisesta toiminnasta vet\u00e4ytyminen: Vet\u00e4ytyminen sosiaalisista tapahtumista, harrastuksista tai muista aktiviteeteista viett\u00e4\u00e4kseen enemm\u00e4n aikaa pelaamiseen.<\/li>\n<li>Taloudelliset vaikeudet: Merkitt\u00e4vien velkojen kertyminen, rahan lainaaminen tai rahapelitappioiden aiheuttama taloudellinen ep\u00e4vakaus.<\/li>\n<li>Mielialan vaihtelut: \u00c4\u00e4rimm\u00e4isten nousu- tai laskusuhdanteiden kokeminen uhkapelien tulosten perusteella, mik\u00e4 johtaa \u00e4rtyneisyyteen, ahdistuneisuuteen tai masennukseen.<\/li>\n<li>Salailu ja petos: Rahapelitoiminnan laajuuden salaaminen tai vilpillinen k\u00e4ytt\u00e4ytyminen.<\/li>\n<li>Ep\u00e4onnistuneet yritykset lopettaa: Toistuvat ep\u00e4onnistuneet yritykset v\u00e4hent\u00e4\u00e4 pelaamista tai lopettaa pelaaminen.<\/li>\n<li>Kiinnostuksen menetys: Kiinnostuksen menett\u00e4minen aiemmin nautittuihin harrastuksiin tai toimintoihin, joihin ei liity pelaamista.<\/li>\n<li>Pakeneminen uhkapelien kautta: Rahapelaamisen k\u00e4ytt\u00e4minen keinona paeta stressi\u00e4, masennusta tai muita emotionaalisia vaikeuksia.<\/li>\n<li>Rahan lainaaminen tai varastaminen: Rahan lainaaminen muilta tai laittoman toiminnan harjoittaminen rahapelien rahoittamiseksi.<\/li>\n<li>Suhteen rasitus: Ristiriidat, kire\u00e4t suhteet tai ero pelaamiseen liittyvien ongelmien vuoksi.<\/li>\n<li>Fyysinen ja henkinen k\u00e4rsimys: Fyysiset oireet, kuten unettomuus, p\u00e4\u00e4ns\u00e4rky tai ahdistus, jotka liittyv\u00e4t pelaamiseen.<\/li>\n<\/ul>\n<p>Toipumisen ja tuen hakemisen kannalta on elint\u00e4rke\u00e4\u00e4 ymm\u00e4rt\u00e4\u00e4, milloin sin\u00e4 tai joku tuttavasi tarvitsee apua peliriippuvuuteen.<\/p>\n<h2><span class=\"ez-toc-section\" id=\"How_to_Understand_That_You_Need_Help_From_Gambling_Addiction\"><\/span>Miten ymm\u00e4rt\u00e4\u00e4, ett\u00e4 tarvitset apua peliriippuvuuteen?<span class=\"ez-toc-section-end\"><\/span><\/h2>\n<p>Avuntarpeen tunnistaminen on ensimm\u00e4inen askel kohti peliriippuvuuden voittamista. Seuraavassa on joitakin indikaattoreita, jotka viittaavat siihen, ett\u00e4 saatat tarvita apua:<\/p>\n<ol>\n<li>Hallinnan menetys: Pelaaminen on vaikea hallita tai lopettaa, vaikka haluaisitkin lopettaa.<\/li>\n<li>Kielteiset seuraukset: Rahapelaaminen on aiheuttanut merkitt\u00e4vi\u00e4 taloudellisia, henkil\u00f6kohtaisia tai emotionaalisia ongelmia el\u00e4m\u00e4ss\u00e4si.<\/li>\n<li>Ep\u00e4onnistuneet yritykset lopettaa: Toistuvista yrityksist\u00e4 huolimatta et ole onnistunut v\u00e4hent\u00e4m\u00e4\u00e4n tai lopettamaan peliharrastustasi.<\/li>\n<li>Vieroitusoireet: Rauhattomuus, \u00e4rtyneisyys tai mielialan vaihtelut, kun yrit\u00e4t v\u00e4hent\u00e4\u00e4 pelaamista tai lopettaa sen.<\/li>\n<li>Uhkapelaamisen harrastaminen: Se vaikuttaa p\u00e4ivitt\u00e4isiin toimintoihin, ihmissuhteisiisi ja yleiseen hyvinvointiisi.<\/li>\n<li>Petos ja salailu: Harhaanjohtava k\u00e4ytt\u00e4ytyminen, kuten pelitoiminnan laajuuden salaaminen l\u00e4heisilt\u00e4.<\/li>\n<li>Taloudellinen ep\u00e4vakaus: Taloudelliset vaikeudet, velkojen kasaantuminen tai ep\u00e4toivoisiin toimiin turvautuminen peliharrastuksen rahoittamiseksi.<\/li>\n<\/ol>\n<p>Jos n\u00e4m\u00e4 merkit ovat samankaltaisia, on t\u00e4rke\u00e4\u00e4 hakea apua ja tukea peliriippuvuuden hoitoon erikoistuneilta ammattilaisilta ja tukiverkostoista.<\/p>\n<p>LiveCasinoFinder.comissa olemme omistautuneet vastuulliselle pelaamiselle ja tarjoamme resursseja peliriippuvuudesta k\u00e4rsiville henkil\u00f6ille. Uskomme turvallisen ja nautinnollisen peliymp\u00e4rist\u00f6n edist\u00e4miseen.<\/p>\n<h2><span class=\"ez-toc-section\" id=\"Gambling_Addiction_Help_Worldwide\"><\/span>Peliriippuvuus Apua maailmanlaajuisesti<span class=\"ez-toc-section-end\"><\/span><\/h2>\n<table>\n<tbody>\n<tr>\n<td>GamCare<\/td>\n<td><a href=\"http:\/\/www.gamcare.org.uk\/\">http:\/\/www.gamcare.org.uk\/<\/a><\/td>\n<td>0808 8020 133<\/td>\n<td>Yhdistynyt kuningaskunta<\/td>\n<\/tr>\n<tr>\n<td>Anonyymit pelaajat<\/td>\n<td><a href=\"https:\/\/www.gamblersanonymous.org\/ga\/\">www.gamblersanonymous.org\/ga\/<\/a><\/td>\n<td>&#8211;<\/td>\n<td>Yhdistynyt kuningaskunta<\/td>\n<\/tr>\n<tr>\n<td>BeGambleAware<\/td>\n<td><a href=\"https:\/\/www.begambleaware.org\/\">www.begambleaware.org<\/a><\/td>\n<td>0808 8020 133<\/td>\n<td>Yhdistynyt kuningaskunta<\/td>\n<\/tr>\n<tr>\n<td>Gioca-Responsabile<\/td>\n<td><a href=\"https:\/\/www.gioca-responsabile.it\/\">www.gioca-responsabile.it<\/a><\/td>\n<td>800 151 000<\/td>\n<td>Italia<\/td>\n<\/tr>\n<tr>\n<td>Societ\u00e0 Italiana di Intervento sulle Patologie Compulsive (Italian pakko-oireyhtym\u00e4)<\/td>\n<td><a href=\"https:\/\/www.siipac.it\/\">www.siipac.it<\/a><\/td>\n<td>800 031 579<\/td>\n<td>Italia<\/td>\n<\/tr>\n<tr>\n<td>Numero verde nazionale TVNGA<\/td>\n<td>dal luned\u00ec al venerd\u00ec dalle ore 10.00 alle ore 16.00<\/td>\n<td>800 558 822<\/td>\n<td>Italia<\/td>\n<\/tr>\n<tr>\n<td>Associazionee Giocatori Anonimi -j\u00e4rjest\u00f6<\/td>\n<td><a href=\"https:\/\/lnx.giocatorianonimi.org\/\">www.giocatorianonimi.org<\/a><\/td>\n<td>338-1271215<\/td>\n<td>Italia<\/td>\n<\/tr>\n<tr>\n<td>Jogadores an\u00f4nimos do Brasil<\/td>\n<td><a href=\"https:\/\/jogadoresanonimos.com.br\/\">jogadoresanonimos.com.br<\/a><\/td>\n<td>Contato SP: (11) 3229-1023<\/p>\n<p>Contato RJ: (21) 25164672<\/td>\n<td>Brasilia<\/td>\n<\/tr>\n<tr>\n<td>Prote\u00e7\u00e3o ao Jogador<\/td>\n<td><a href=\"https:\/\/www.srij.turismodeportugal.pt\/pt\/jogo-responsavel\/protecao-legal-ao-jogador\">www.srij.turismodeportugal.pt<\/a><\/td>\n<td>Servi\u00e7o de Regula\u00e7\u00e3o e Inspe\u00e7\u00e3o de Jogos, \u00f3rg\u00e3o do Turismo de Portugal.<\/p>\n<p>N\u00famero Linha Vida: 1414<\/p>\n<p>1414@sicad.min-saude.pt<\/p>\n<p>Puhelinpalvelu toimii kaikkina p\u00e4ivin\u00e4 klo 10-18.<\/td>\n<td>Brasilia<\/td>\n<\/tr>\n<tr>\n<td>Jugadores An\u00f3nimos<\/td>\n<td><a href=\"https:\/\/www.jugadoresanonimos.org\/\">www.jugadoresanonimos.org<\/a><\/td>\n<td>670 691 513<\/td>\n<td>LATAM<\/td>\n<\/tr>\n<tr>\n<td>Juego Responsable - Argentiina<\/td>\n<td><a href=\"https:\/\/juegoresponsable.com.ar\/\">juegoresponsable.com.ar<\/a><\/td>\n<td>LATAM<\/td>\n<\/tr>\n<tr>\n<td>GamCare<\/td>\n<td><a href=\"https:\/\/www.gamcare.org.uk\/\">www.gamcare.org.uk<\/a><\/td>\n<td>0808 8020 133<\/td>\n<td>Japani<\/td>\n<\/tr>\n<tr>\n<td>BeGambleAware<\/td>\n<td><a href=\"https:\/\/www.begambleaware.org\/\">www.begambleaware.org<\/a><\/td>\n<td>0808 8020 133<\/td>\n<td>Japani<\/td>\n<\/tr>\n<tr>\n<td>St\u00f6dlinjen.se<\/td>\n<td><a href=\"https:\/\/stodlinjen.se\/\">www.stodlinjen.se<\/a><\/td>\n<td>020-81 91 00<\/td>\n<td>Japani<\/td>\n<\/tr>\n<\/tbody>\n<\/table>\n<h2><span class=\"ez-toc-section\" id=\"Gambling_Addiction_Resources\"><\/span><span style=\"font-size: 16px;\">Peliriippuvuuden resurssit<\/span><span class=\"ez-toc-section-end\"><\/span><\/h2>\n<p>Peliriippuvuus on vakava ongelma, joka vaikuttaa yksil\u00f6ihin ja heid\u00e4n perheisiins\u00e4 maailmanlaajuisesti. T\u00e4m\u00e4n riippuvuuden tuhoisa luonne voi johtaa taloudelliseen tuhoon, kireisiin ihmissuhteisiin ja henkiseen ahdistukseen. Ongelman tunnistaminen ja avun hakeminen on ratkaisevan t\u00e4rke\u00e4\u00e4 peliriippuvuuden kierteeseen j\u00e4\u00e4neille. Onneksi on olemassa useita resursseja, jotka tarjoavat tukea ja apua sit\u00e4 tarvitseville. T\u00e4ss\u00e4 artikkelissa tutustutaan joihinkin t\u00e4rkeimpiin peliriippuvuusresursseihin, jotka tarjoavat apua, ohjausta ja tiet\u00e4 toipumiseen.<\/p>\n<p>Peliriippuvuuden hoitoon hakeutuminen on v\u00e4ltt\u00e4m\u00e4t\u00f6nt\u00e4, jotta ihmiset voivat saada el\u00e4m\u00e4ns\u00e4 takaisin hallintaansa ja voittaa tuhoisan k\u00e4ytt\u00e4ytymisen. T\u00e4m\u00e4n artikkelin tarkoituksena on antaa arvokasta tietoa erilaisista resursseista, joita on saatavilla ongelmapelaajien ja heid\u00e4n l\u00e4heistens\u00e4 tukemiseksi.<\/p>\n<h3><span class=\"ez-toc-section\" id=\"National_Problem_Gambling_Helpline_Network\"><\/span>National Ongelmapelaamisen auttava puhelinverkosto<span class=\"ez-toc-section-end\"><\/span><\/h3>\n<p>National-ongelmapelaamisen auttava puhelinverkosto, joka on tavoitettavissa numerosta 800-522-4700, on t\u00e4rke\u00e4 resurssi ongelmapelaajille ja heid\u00e4n perheilleen Yhdysvalloissa. T\u00e4t\u00e4 neuvontapuhelinta yll\u00e4pit\u00e4\u00e4 National Council on Problem Gambling (NCPG), voittoa tavoittelematon j\u00e4rjest\u00f6, joka on omistautunut auttamaan peliriippuvuudesta k\u00e4rsivi\u00e4 henkil\u00f6it\u00e4.<\/p>\n<p>Puhelin tarjoaa tietoa, tukea ja suosituksia paikallisista resursseista, jotka ovat erikoistuneet rahapeliongelmien hoitoon. Koulutetut ammattilaiset tarjoavat soittajille luottamuksellista apua ja ohjausta. Jos henkil\u00f6t etsiv\u00e4t neuvontaa, hoito-ohjelmia tai muita tukipalveluja, neuvontapuhelin voi yhdist\u00e4\u00e4 heid\u00e4t oman alueensa asianmukaisiin resursseihin.<\/p>\n<h3><span class=\"ez-toc-section\" id=\"Gamblers_Anonymous\"><\/span>Anonyymit pelaajat<span class=\"ez-toc-section-end\"><\/span><\/h3>\n<p>Gamblers Anonymous (GA) on maailmanlaajuinen peliriippuvuuden kanssa kamppailevien ja toipumiseensa sitoutuneiden henkil\u00f6iden yhteis\u00f6. Vuonna 1957 perustettu Gamblers Anonymous on kasvanut laajaksi paikallisryhmien verkostoksi eri puolilla maata, joka tarjoaa tukevan ymp\u00e4rist\u00f6n apua etsiville (http:\/\/www.gamblersanonymous.org\/ga\/).<\/p>\n<p>Anonyymien uhkapelaajien j\u00e4seneksi liittyminen edellytt\u00e4\u00e4 ainoastaan halua lopettaa pelaaminen. J\u00e4senet osallistuvat 12 askeleen ohjelmaan, joka perustuu toipumisen periaatteisiin. Henkil\u00f6kohtaisten kokemusten jakamisen kautta ihmiset saavat tukea, rohkaisua ja arvokkaita n\u00e4kemyksi\u00e4 muilta, jotka ovat kohdanneet samanlaisia haasteita. Yhteis\u00f6 tarjoaa my\u00f6s erillisi\u00e4 tukiryhmi\u00e4 l\u00e4heisille (Gam-Anon) ja ongelmapelaajien lapsille (Gam-A-Teen), koska peliriippuvuus vaikuttaa koko perheeseen.<\/p>\n<h3><span class=\"ez-toc-section\" id=\"GamCare\"><\/span>GamCare<span class=\"ez-toc-section-end\"><\/span><\/h3>\n<p>GamCare on alan rahoittama hyv\u00e4ntekev\u00e4isyysj\u00e4rjest\u00f6, joka toimii Yhdistyneess\u00e4 kuningaskunnassa ja tarjoaa luottamuksellista neuvontaa ja tukipalveluja henkil\u00f6ille, jotka k\u00e4rsiv\u00e4t peliongelmista. J\u00e4rjest\u00f6 on sitoutunut tarjoamaan tuomitsematonta apua pelaajille, heid\u00e4n perheilleen ja niille, jotka ovat vaarassa sairastua peliriippuvuuteen.<\/p>\n<p>GamCare tarjoaa erilaisia palveluita, kuten neuvontapuhelintukea, henkil\u00f6kohtaista neuvontaa ja online-chat-tukea. Auttava puhelin (0808 8020 133) (http:\/\/www.gamcare.org.uk\/) on k\u00e4ytett\u00e4viss\u00e4 ymp\u00e4ri vuorokauden, ja se tarjoaa yksityishenkil\u00f6ille turvallisen paikan, jossa he voivat keskustella huolistaan ja hakea ohjausta. J\u00e4rjest\u00f6 tekee my\u00f6s tiivist\u00e4 yhteisty\u00f6t\u00e4 hoitopalvelujen tarjoajien kanssa ja varmistaa, ett\u00e4 yksil\u00f6t saavat tarvitsemaansa apua.<\/p>\n<h3><span class=\"ez-toc-section\" id=\"Substance_Abuse_and_Mental_Health_Services_Administration_SAMHSA\"><\/span>Substance Abuse and Mental Health Services Administration (SAMHSA) (P\u00e4ihteiden v\u00e4\u00e4rink\u00e4yt\u00f6n ja mielenterveyspalvelujen hallinto)<span class=\"ez-toc-section-end\"><\/span><\/h3>\n<p>Substance Abuse and Mental Health Services Administration (SAMHSA) on Yhdysvaltain terveysministeri\u00f6n alainen kansanterveysvirasto. SAMHSA yll\u00e4pit\u00e4\u00e4 ymp\u00e4ri vuoden k\u00e4ytett\u00e4viss\u00e4 olevaa ilmaista, luottamuksellista ja ymp\u00e4ri vuorokauden toimivaa National-neuvontapuhelinta, joka tarjoaa tietoa ja hoito-ohjeita erilaisiin mielenterveyden h\u00e4iri\u00f6ihin, my\u00f6s peliriippuvuuteen.<\/p>\n<p>National-neuvontapuhelin (1-800-662-4357) (<a href=\"https:\/\/www.samhsa.gov\/find-help\/national-helpline\/\" target=\"_new\" rel=\"noopener\">https:\/\/www.samhsa.gov\/find-help\/national-helpline\/<\/a>) toimii arvokkaana apuv\u00e4lineen\u00e4 henkil\u00f6ille ja heid\u00e4n perheilleen, jotka etsiv\u00e4t apua peliriippuvuuden hoitoon. Koulutetut ammattilaiset tarjoavat tukea, tietoa ja hoito-ohjeita sek\u00e4 englanniksi ett\u00e4 espanjaksi. Helpline varmistaa, ett\u00e4 ihmiset saavat tarvitsemaansa apua sijainnista tai olosuhteista riippumatta.<\/p>\n<h3><span class=\"ez-toc-section\" id=\"The_National_Council_on_Problem_Gambling\"><\/span>Ongelmapelaamista k\u00e4sittelev\u00e4 National-neuvosto<span class=\"ez-toc-section-end\"><\/span><\/h3>\n<p>National Council on Problem Gambling (NCPG) on riippumaton j\u00e4rjest\u00f6, joka on omistautunut ongelmapelaamisesta k\u00e4rsivien henkil\u00f6iden ja perheiden puolustamiseen. NCPG ei ole sidoksissa rahapeliteollisuuteen, joten se voi tarjota puolueetonta tietoa, resursseja ja tukipalveluja.<\/p>\n<p>NCPG:n verkkosivusto on kattava tietol\u00e4hde ongelmapelaamisesta ((<a href=\"http:\/\/www.ncpgambling.org\">http:\/\/www.ncpgambling.org<\/a>) Se tarjoaa arvokkaita resursseja peliriippuvuuden ymm\u00e4rt\u00e4miseen, merkkien tunnistamiseen ja asianmukaisen hoidon l\u00f6yt\u00e4miseen. Sivustolla on my\u00f6s luettelo koulutetuista neuvonantajista eri puolilla Yhdysvaltoja, jotka ovat erikoistuneet pakonomaiseen pelaamiseen liittyvien ongelmien ratkaisemiseen.<\/p>\n<h2><span class=\"ez-toc-section\" id=\"Conclusion\"><\/span>P\u00e4\u00e4telm\u00e4<span class=\"ez-toc-section-end\"><\/span><\/h2>\n<p>Peliriippuvuus on vakava ongelma, jolla voi olla merkitt\u00e4vi\u00e4 vaikutuksia yksil\u00f6iden el\u00e4m\u00e4\u00e4n. Peliriippuvuuden merkkien tunnistaminen ja sen ymm\u00e4rt\u00e4minen, milloin on syyt\u00e4 hakea apua, on ratkaisevan t\u00e4rke\u00e4\u00e4 t\u00e4m\u00e4n haasteen voittamiseksi. LiveCasinoFinder.comissa asetamme k\u00e4ytt\u00e4jien hyvinvoinnin etusijalle ja kannustamme vastuullisiin pelik\u00e4yt\u00e4nt\u00f6ihin.<\/p>\n<p>LiveCasinoFinder.com on sitoutunut edist\u00e4m\u00e4\u00e4n vastuullista pelaamista ja varmistamaan turvallisen peliymp\u00e4rist\u00f6n. Kannustamme sinua hy\u00f6dynt\u00e4m\u00e4\u00e4n saatavilla olevia resursseja ja tukea, jotta voit voittaa peliriippuvuuden ja nauttia pelaamisesta vastuullisesti.<\/p>","protected":false},"excerpt":{"rendered":"<p>LiveCasinoFinder.com asettaa k\u00e4ytt\u00e4jiemme hyvinvoinnin etusijalle ja on sitoutunut edist\u00e4m\u00e4\u00e4n vastuullista pelaamista. T\u00e4m\u00e4n sivun tarkoituksena on tarjota arvokasta tietoa peliriippuvuudesta, sen merkeist\u00e4 ja saatavilla olevasta tuesta. Tavoitteenamme on varmistaa turvallinen ja nautinnollinen pelikokemus kaikille. Peliriippuvuus Peliriippuvuus on vakava tila, joka vaikuttaa yksil\u00f6ihin [...]<\/p>","protected":false},"author":1,"featured_media":0,"parent":0,"menu_order":0,"comment_status":"closed","ping_status":"closed","template":"page-no-sidebar.php","meta":{"_lmt_disableupdate":"no","_lmt_disable":"no","footnotes":""},"class_list":["post-2115","page","type-page","status-publish","hentry"],"yoast_head":"<!-- This site is optimized with the Yoast SEO plugin v26.4 - https:\/\/yoast.com\/wordpress\/plugins\/seo\/ -->\n<title>Support for Gambling Addiction<\/title>\n<meta name=\"description\" content=\"Find helpful resources and advice on managing gambling addiction with Live Casino Finder to stay in control and make safer choices while playing.\" \/>\n<meta name=\"robots\" content=\"index, follow, max-snippet:-1, max-image-preview:large, max-video-preview:-1\" \/>\n<link rel=\"canonical\" href=\"https:\/\/livecasinofinder.com\/wp-json\/wp\/v2\/pages\/2115\/\" \/>\n<meta property=\"og:locale\" content=\"fi_FI\" \/>\n<meta property=\"og:type\" content=\"article\" \/>\n<meta property=\"og:title\" content=\"Support for Gambling Addiction\" \/>\n<meta property=\"og:description\" content=\"Find helpful resources and advice on managing gambling addiction with Live Casino Finder to stay in control and make safer choices while playing.\" \/>\n<meta property=\"og:url\" content=\"https:\/\/livecasinofinder.com\/fi\/gambling-addiction\/\" \/>\n<meta property=\"og:site_name\" content=\"livecasinofinder.com\" \/>\n<meta property=\"article:modified_time\" content=\"2025-06-03T11:12:27+00:00\" \/>\n<meta property=\"og:image\" content=\"https:\/\/livecasinofinder.com\/wp-content\/uploads\/2023\/03\/lucasoilraceway-logo-1.png\" \/>\n\t<meta property=\"og:image:width\" content=\"427\" \/>\n\t<meta property=\"og:image:height\" content=\"145\" \/>\n\t<meta property=\"og:image:type\" content=\"image\/png\" \/>\n<meta name=\"twitter:card\" content=\"summary_large_image\" \/>\n<meta name=\"twitter:label1\" content=\"Arvioitu lukuaika\" \/>\n\t<meta name=\"twitter:data1\" content=\"7 minuuttia\" \/>\n<!-- \/ Yoast SEO plugin. -->","yoast_head_json":{"title":"Support for Gambling Addiction","description":"Find helpful resources and advice on managing gambling addiction with Live Casino Finder to stay in control and make safer choices while playing.","robots":{"index":"index","follow":"follow","max-snippet":"max-snippet:-1","max-image-preview":"max-image-preview:large","max-video-preview":"max-video-preview:-1"},"canonical":"https:\/\/livecasinofinder.com\/wp-json\/wp\/v2\/pages\/2115\/","og_locale":"fi_FI","og_type":"article","og_title":"Support for Gambling Addiction","og_description":"Find helpful resources and advice on managing gambling addiction with Live Casino Finder to stay in control and make safer choices while playing.","og_url":"https:\/\/livecasinofinder.com\/fi\/gambling-addiction\/","og_site_name":"livecasinofinder.com","article_modified_time":"2025-06-03T11:12:27+00:00","og_image":[{"width":427,"height":145,"url":"https:\/\/livecasinofinder.com\/wp-content\/uploads\/2023\/03\/lucasoilraceway-logo-1.png","type":"image\/png"}],"twitter_card":"summary_large_image","twitter_misc":{"Arvioitu lukuaika":"7 minuuttia"},"schema":{"@context":"https:\/\/schema.org","@graph":[{"@type":"WebPage","@id":"https:\/\/livecasinofinder.com\/gambling-addiction\/","url":"https:\/\/livecasinofinder.com\/gambling-addiction\/","name":"Support for Gambling Addiction","isPartOf":{"@id":"https:\/\/livecasinofinder.com\/ja\/#website"},"datePublished":"2023-06-20T14:24:32+00:00","dateModified":"2025-06-03T11:12:27+00:00","description":"Find helpful resources and advice on managing gambling addiction with Live Casino Finder to stay in control and make safer choices while playing.","breadcrumb":{"@id":"https:\/\/livecasinofinder.com\/gambling-addiction\/#breadcrumb"},"inLanguage":"fi","potentialAction":[{"@type":"ReadAction","target":["https:\/\/livecasinofinder.com\/gambling-addiction\/"]}]},{"@type":"BreadcrumbList","@id":"https:\/\/livecasinofinder.com\/gambling-addiction\/#breadcrumb","itemListElement":[{"@type":"ListItem","position":1,"name":"LiveCasinoFinder.com","item":"https:\/\/livecasinofinder.com\/fr\/"},{"@type":"ListItem","position":2,"name":"Gambling Addiction"}]},{"@type":"WebSite","@id":"https:\/\/livecasinofinder.com\/ja\/#website","url":"https:\/\/livecasinofinder.com\/ja\/","name":"livecasinofinder","description":"","publisher":{"@id":"https:\/\/livecasinofinder.com\/ja\/#organization"},"alternateName":"Lucas oil raceway live casino","potentialAction":[{"@type":"SearchAction","target":{"@type":"EntryPoint","urlTemplate":"https:\/\/livecasinofinder.com\/ja\/?s={search_term_string}"},"query-input":{"@type":"PropertyValueSpecification","valueRequired":true,"valueName":"search_term_string"}}],"inLanguage":"fi"},{"@type":"Organization","@id":"https:\/\/livecasinofinder.com\/ja\/#organization","name":"Live Casino Finder","alternateName":"Lucas oil raceway live casino","url":"https:\/\/livecasinofinder.com\/ja\/","logo":{"@type":"ImageObject","inLanguage":"fi","@id":"https:\/\/livecasinofinder.com\/ja\/#\/schema\/logo\/image\/","url":"https:\/\/livecasinofinder.com\/wp-content\/uploads\/2023\/04\/livecasinofinder-logo.png","contentUrl":"https:\/\/livecasinofinder.com\/wp-content\/uploads\/2023\/04\/livecasinofinder-logo.png","width":1600,"height":453,"caption":"Live Casino Finder"},"image":{"@id":"https:\/\/livecasinofinder.com\/ja\/#\/schema\/logo\/image\/"}}]}},"_links":{"self":[{"href":"https:\/\/livecasinofinder.com\/fi\/wp-json\/wp\/v2\/pages\/2115","targetHints":{"allow":["GET"]}}],"collection":[{"href":"https:\/\/livecasinofinder.com\/fi\/wp-json\/wp\/v2\/pages"}],"about":[{"href":"https:\/\/livecasinofinder.com\/fi\/wp-json\/wp\/v2\/types\/page"}],"author":[{"embeddable":true,"href":"https:\/\/livecasinofinder.com\/fi\/wp-json\/wp\/v2\/users\/1"}],"replies":[{"embeddable":true,"href":"https:\/\/livecasinofinder.com\/fi\/wp-json\/wp\/v2\/comments?post=2115"}],"version-history":[{"count":0,"href":"https:\/\/livecasinofinder.com\/fi\/wp-json\/wp\/v2\/pages\/2115\/revisions"}],"wp:attachment":[{"href":"https:\/\/livecasinofinder.com\/fi\/wp-json\/wp\/v2\/media?parent=2115"}],"curies":[{"name":"wp","href":"https:\/\/api.w.org\/{rel}","templated":true}]}}