{"id":2113,"date":"2023-06-20T14:28:59","date_gmt":"2023-06-20T14:28:59","guid":{"rendered":"https:\/\/livecasinofinder.com\/?page_id=2113"},"modified":"2025-06-03T11:11:51","modified_gmt":"2025-06-03T11:11:51","slug":"terms-and-conditions","status":"publish","type":"page","link":"https:\/\/livecasinofinder.com\/fi\/terms-and-conditions\/","title":{"rendered":"Ehdot ja edellytykset"},"content":{"rendered":"<p>Tervetuloa LiveCasinoFinder.com. Seuraavat k\u00e4ytt\u00f6ehdot koskevat sivuston k\u00e4ytt\u00f6\u00e4. <a href=\"\/fi\/\">LiveCasinoFinder.com verkkosivusto<\/a>. On ehdottoman t\u00e4rke\u00e4\u00e4, ett\u00e4 luet ja ymm\u00e4rr\u00e4t n\u00e4m\u00e4 k\u00e4ytt\u00f6ehdot ennen kuin k\u00e4yt\u00e4t palveluitamme.<\/p>\n<div id=\"ez-toc-container\" class=\"ez-toc-v2_0_63 counter-hierarchy ez-toc-counter ez-toc-grey ez-toc-container-direction\">\n<label for=\"ez-toc-cssicon-toggle-item-69de4d4c045a3\" class=\"ez-toc-cssicon-toggle-label\"><span class=\"ez-toc-cssicon\"><span class=\"eztoc-hide\" style=\"display:none;\">Toggle<\/span><span class=\"ez-toc-icon-toggle-span\"><svg style=\"fill: #999;color:#999\" xmlns=\"http:\/\/www.w3.org\/2000\/svg\" class=\"list-377408\" width=\"20px\" height=\"20px\" viewbox=\"0 0 24 24\" fill=\"none\"><path d=\"M6 6H4v2h2V6zm14 0H8v2h12V6zM4 11h2v2H4v-2zm16 0H8v2h12v-2zM4 16h2v2H4v-2zm16 0H8v2h12v-2z\" fill=\"currentColor\"><\/path><\/svg><svg style=\"fill: #999;color:#999\" class=\"arrow-unsorted-368013\" xmlns=\"http:\/\/www.w3.org\/2000\/svg\" width=\"10px\" height=\"10px\" viewbox=\"0 0 24 24\" version=\"1.2\" baseprofile=\"tiny\"><path d=\"M18.2 9.3l-6.2-6.3-6.2 6.3c-.2.2-.3.4-.3.7s.1.5.3.7c.2.2.4.3.7.3h11c.3 0 .5-.1.7-.3.2-.2.3-.5.3-.7s-.1-.5-.3-.7zM5.8 14.7l6.2 6.3 6.2-6.3c.2-.2.3-.5.3-.7s-.1-.5-.3-.7c-.2-.2-.4-.3-.7-.3h-11c-.3 0-.5.1-.7.3-.2.2-.3.5-.3.7s.1.5.3.7z\"\/><\/svg><\/span><\/span><\/label><input type=\"checkbox\"  id=\"ez-toc-cssicon-toggle-item-69de4d4c045a3\" checked aria-label=\"Toggle\" \/><nav><ul class='ez-toc-list ez-toc-list-level-1' ><li class='ez-toc-page-1 ez-toc-heading-level-2'><a class=\"ez-toc-link ez-toc-heading-1\" href=\"https:\/\/livecasinofinder.com\/fi\/terms-and-conditions\/#Purpose_of_the_Terms_and_Conditions_and_Information\" title=\"Ehtojen ja tietojen tarkoitus\">Ehtojen ja tietojen tarkoitus<\/a><\/li><li class='ez-toc-page-1 ez-toc-heading-level-2'><a class=\"ez-toc-link ez-toc-heading-2\" href=\"https:\/\/livecasinofinder.com\/fi\/terms-and-conditions\/#Disclaimer_and_Legal_Advice\" title=\"Vastuuvapauslauseke ja oikeudellinen neuvonta\">Vastuuvapauslauseke ja oikeudellinen neuvonta<\/a><\/li><li class='ez-toc-page-1 ez-toc-heading-level-2'><a class=\"ez-toc-link ez-toc-heading-3\" href=\"https:\/\/livecasinofinder.com\/fi\/terms-and-conditions\/#LiveCasinoFindercom_as_an_Independent_Gambling_Directory_and_Information_Service\" title=\"LiveCasinoFinder.com on riippumaton uhkapelihakemisto ja tietopalvelu\">LiveCasinoFinder.com on riippumaton uhkapelihakemisto ja tietopalvelu<\/a><\/li><li class='ez-toc-page-1 ez-toc-heading-level-2'><a class=\"ez-toc-link ez-toc-heading-4\" href=\"https:\/\/livecasinofinder.com\/fi\/terms-and-conditions\/#Accuracy_of_Information\" title=\"Tietojen oikeellisuus\">Tietojen oikeellisuus<\/a><\/li><li class='ez-toc-page-1 ez-toc-heading-level-2'><a class=\"ez-toc-link ez-toc-heading-5\" href=\"https:\/\/livecasinofinder.com\/fi\/terms-and-conditions\/#User_Responsibility_for_Legality_of_Games_and_Wagers\" title=\"K\u00e4ytt\u00e4j\u00e4n vastuu pelien ja panosten laillisuudesta\">K\u00e4ytt\u00e4j\u00e4n vastuu pelien ja panosten laillisuudesta<\/a><\/li><li class='ez-toc-page-1 ez-toc-heading-level-2'><a class=\"ez-toc-link ez-toc-heading-6\" href=\"https:\/\/livecasinofinder.com\/fi\/terms-and-conditions\/#Limitation_of_Liability\" title=\"Vastuun rajoittaminen\">Vastuun rajoittaminen<\/a><\/li><li class='ez-toc-page-1 ez-toc-heading-level-2'><a class=\"ez-toc-link ez-toc-heading-7\" href=\"https:\/\/livecasinofinder.com\/fi\/terms-and-conditions\/#Modification_of_Information_and_Future_Obligations\" title=\"Tietojen muuttaminen ja tulevat velvoitteet\">Tietojen muuttaminen ja tulevat velvoitteet<\/a><\/li><li class='ez-toc-page-1 ez-toc-heading-level-2'><a class=\"ez-toc-link ez-toc-heading-8\" href=\"https:\/\/livecasinofinder.com\/fi\/terms-and-conditions\/#Trademarks_and_Copyrights\" title=\"Tavaramerkit ja tekij\u00e4noikeudet\">Tavaramerkit ja tekij\u00e4noikeudet<\/a><\/li><li class='ez-toc-page-1 ez-toc-heading-level-2'><a class=\"ez-toc-link ez-toc-heading-9\" href=\"https:\/\/livecasinofinder.com\/fi\/terms-and-conditions\/#Copying_and_Transmission_Restrictions\" title=\"Kopiointi- ja siirtorajoitukset\">Kopiointi- ja siirtorajoitukset<\/a><\/li><li class='ez-toc-page-1 ez-toc-heading-level-2'><a class=\"ez-toc-link ez-toc-heading-10\" href=\"https:\/\/livecasinofinder.com\/fi\/terms-and-conditions\/#Intellectual_Property_Rights\" title=\"Immateriaalioikeudet\">Immateriaalioikeudet<\/a><\/li><li class='ez-toc-page-1 ez-toc-heading-level-2'><a class=\"ez-toc-link ez-toc-heading-11\" href=\"https:\/\/livecasinofinder.com\/fi\/terms-and-conditions\/#Information_Accuracy_and_Reporting\" title=\"Tietojen oikeellisuus ja raportointi\">Tietojen oikeellisuus ja raportointi<\/a><\/li><li class='ez-toc-page-1 ez-toc-heading-level-2'><a class=\"ez-toc-link ez-toc-heading-12\" href=\"https:\/\/livecasinofinder.com\/fi\/terms-and-conditions\/#Content_Removal_and_Discretion_of_livecasinofindercom\" title=\"Sis\u00e4ll\u00f6n poistaminen ja harkintavalta livecasinofinder.com-sivustolla\">Sis\u00e4ll\u00f6n poistaminen ja harkintavalta livecasinofinder.com-sivustolla<\/a><\/li><li class='ez-toc-page-1 ez-toc-heading-level-2'><a class=\"ez-toc-link ez-toc-heading-13\" href=\"https:\/\/livecasinofinder.com\/fi\/terms-and-conditions\/#Live_Casino_Finder_Complaints_Service\" title=\"Live Casino Finder valituspalvelu\">Live Casino Finder valituspalvelu<\/a><\/li><li class='ez-toc-page-1 ez-toc-heading-level-2'><a class=\"ez-toc-link ez-toc-heading-14\" href=\"https:\/\/livecasinofinder.com\/fi\/terms-and-conditions\/#Terms_and_Conditions_of_LiveCasinoFindercom\" title=\"LiveCasinoFinder.comin ehdot ja edellytykset\">LiveCasinoFinder.comin ehdot ja edellytykset<\/a><\/li><li class='ez-toc-page-1 ez-toc-heading-level-2'><a class=\"ez-toc-link ez-toc-heading-15\" href=\"https:\/\/livecasinofinder.com\/fi\/terms-and-conditions\/#Conclusion\" title=\"P\u00e4\u00e4telm\u00e4\">P\u00e4\u00e4telm\u00e4<\/a><\/li><\/ul><\/nav><\/div>\n\n<h2><span class=\"ez-toc-section\" id=\"Purpose_of_the_Terms_and_Conditions_and_Information\"><\/span>Ehtojen ja tietojen tarkoitus<span class=\"ez-toc-section-end\"><\/span><\/h2>\n<p>T\u00e4ss\u00e4 esitettyjen k\u00e4ytt\u00f6ehtojen tarkoituksena on hahmotella s\u00e4\u00e4nn\u00f6t ja m\u00e4\u00e4r\u00e4ykset, jotka m\u00e4\u00e4r\u00e4\u00e4v\u00e4t LiveCasinoFinder.comin ja sen k\u00e4ytt\u00e4jien v\u00e4lisen suhteen. K\u00e4ytt\u00e4jien on t\u00e4rke\u00e4\u00e4 ymm\u00e4rt\u00e4\u00e4 oikeutensa, velvollisuutensa ja rajoituksensa LiveCasinoFinder.comin tarjoamien palveluiden k\u00e4yt\u00f6ss\u00e4.<\/p>\n<h2><span class=\"ez-toc-section\" id=\"Disclaimer_and_Legal_Advice\"><\/span>Vastuuvapauslauseke ja oikeudellinen neuvonta<span class=\"ez-toc-section-end\"><\/span><\/h2>\n<p>Huomaa, ett\u00e4 LiveCasinoFinder.com-sivuston sis\u00e4lt\u00f6 on tarkoitettu vain tiedoksi. Mit\u00e4\u00e4n t\u00e4ll\u00e4 sivustolla olevaa ei tule pit\u00e4\u00e4 oikeudellisena neuvona. K\u00e4ytt\u00e4jien tulee k\u00e4\u00e4nty\u00e4 lakimiehen puoleen oikeudellisissa asioissa, erityisesti kun ne liittyv\u00e4t online-rahapeleihin.<\/p>\n<h2><span class=\"ez-toc-section\" id=\"LiveCasinoFindercom_as_an_Independent_Gambling_Directory_and_Information_Service\"><\/span>LiveCasinoFinder.com on riippumaton uhkapelihakemisto ja tietopalvelu<span class=\"ez-toc-section-end\"><\/span><\/h2>\n<p>LiveCasinoFinder.com on riippumaton online-hakemisto ja tietopalvelu, joka tarjoaa arvosteluja ja n\u00e4kemyksi\u00e4 live casinos. Emme tarjoa rahapelipalveluja, emmek\u00e4 ole sidoksissa mihink\u00e4\u00e4n kasino-operaattoreihin.<\/p>\n<h2><span class=\"ez-toc-section\" id=\"Accuracy_of_Information\"><\/span>Tietojen oikeellisuus<span class=\"ez-toc-section-end\"><\/span><\/h2>\n<p>Vaikka LiveCasinoFinder.com tekee paljon ty\u00f6t\u00e4 varmistaakseen, ett\u00e4 annetut tiedot ovat tarkkoja ja ajantasaisia, emme voi taata niiden ehdotonta tarkkuutta. K\u00e4ytt\u00e4ji\u00e4 kehotetaan k\u00e4ytt\u00e4m\u00e4\u00e4n harkintaa ja tarkistamaan tiedot itsen\u00e4isesti.<\/p>\n<h2><span class=\"ez-toc-section\" id=\"User_Responsibility_for_Legality_of_Games_and_Wagers\"><\/span>K\u00e4ytt\u00e4j\u00e4n vastuu pelien ja panosten laillisuudesta<span class=\"ez-toc-section-end\"><\/span><\/h2>\n<p>LiveCasinoFinder.com-sivuston k\u00e4ytt\u00e4j\u00e4n\u00e4 olet yksin vastuussa siit\u00e4, ett\u00e4 noudatat laink\u00e4ytt\u00f6alueesi uhkapelej\u00e4 koskevia lakeja ja m\u00e4\u00e4r\u00e4yksi\u00e4. T\u00e4m\u00e4 sis\u00e4lt\u00e4\u00e4 osallistumiesi pelien ja panosten laillisuuden.<\/p>\n<h2><span class=\"ez-toc-section\" id=\"Limitation_of_Liability\"><\/span>Vastuun rajoittaminen<span class=\"ez-toc-section-end\"><\/span><\/h2>\n<p>K\u00e4ytt\u00e4m\u00e4ll\u00e4 LiveCasinoFinder.com-sivustoa suostut vapauttamaan sivuston, sen ty\u00f6ntekij\u00e4t ja tyt\u00e4ryhti\u00f6t kaikista vaateista, vahingoista tai muista vastuista, jotka voivat aiheutua tarjottujen tietojen tai palveluiden k\u00e4yt\u00f6st\u00e4.<\/p>\n<h2><span class=\"ez-toc-section\" id=\"Modification_of_Information_and_Future_Obligations\"><\/span>Tietojen muuttaminen ja tulevat velvoitteet<span class=\"ez-toc-section-end\"><\/span><\/h2>\n<p>LiveCasinoFinder.com pid\u00e4tt\u00e4\u00e4 oikeuden muuttaa tai poistaa annettuja tietoja ilman ennakkoilmoitusta. K\u00e4ytt\u00e4ji\u00e4 kehotetaan tarkistamaan k\u00e4ytt\u00f6ehdot s\u00e4\u00e4nn\u00f6llisesti p\u00e4ivitysten varalta.<\/p>\n<h2><span class=\"ez-toc-section\" id=\"Trademarks_and_Copyrights\"><\/span>Tavaramerkit ja tekij\u00e4noikeudet<span class=\"ez-toc-section-end\"><\/span><\/h2>\n<p>Kaikki LiveCasinoFinder.com-sivuston sis\u00e4lt\u00f6, mukaan lukien teksti, kuvat ja logot, on sivuston tai sen sis\u00e4ll\u00f6ntoimittajien omaisuutta, ja sit\u00e4 suojaavat kansainv\u00e4liset tekij\u00e4noikeuslait.<\/p>\n<h2><span class=\"ez-toc-section\" id=\"Copying_and_Transmission_Restrictions\"><\/span>Kopiointi- ja siirtorajoitukset<span class=\"ez-toc-section-end\"><\/span><\/h2>\n<p>K\u00e4ytt\u00e4ji\u00e4 kiellet\u00e4\u00e4n kopioimasta, jakelemasta tai julkaisemasta mit\u00e4\u00e4n LiveCasinoFinder.com-sivuston sis\u00e4lt\u00f6\u00e4 ilman sivuston omistajien nimenomaista kirjallista lupaa.<\/p>\n<h2><span class=\"ez-toc-section\" id=\"Intellectual_Property_Rights\"><\/span>Immateriaalioikeudet<span class=\"ez-toc-section-end\"><\/span><\/h2>\n<p>LiveCasinoFinder.com:lla on immateriaalioikeudet t\u00e4m\u00e4n verkkosivuston sis\u00e4lt\u00f6\u00f6n, palveluihin ja tavaramerkkeihin. N\u00e4iden ominaisuuksien luvaton k\u00e4ytt\u00f6 on ehdottomasti kielletty ja voi johtaa oikeudellisiin toimiin.<\/p>\n<h2><span class=\"ez-toc-section\" id=\"Information_Accuracy_and_Reporting\"><\/span>Tietojen oikeellisuus ja raportointi<span class=\"ez-toc-section-end\"><\/span><\/h2>\n<p>Jos l\u00f6yd\u00e4t LiveCasinoFinder.com-sivustosta ep\u00e4tarkkoja tai harhaanjohtavia tietoja, ilmoita niist\u00e4 meille. Pyrimme erinomaisuuteen ja arvostamme k\u00e4ytt\u00e4jiemme yhteisty\u00f6t\u00e4 sivustomme eheyden yll\u00e4pit\u00e4misess\u00e4.<\/p>\n<h2><span class=\"ez-toc-section\" id=\"Content_Removal_and_Discretion_of_livecasinofindercom\"><\/span>Sis\u00e4ll\u00f6n poistaminen ja harkintavalta livecasinofinder.com-sivustolla<span class=\"ez-toc-section-end\"><\/span><\/h2>\n<p>Sis\u00e4lt\u00f6 voidaan poistaa tai muuttaa livecasinofinder.comin harkinnan mukaan k\u00e4yt\u00e4nt\u00f6jemme ja sovellettavien lakien mukaisesti.<\/p>\n<h2><span class=\"ez-toc-section\" id=\"Live_Casino_Finder_Complaints_Service\"><\/span>Live Casino Finder valituspalvelu<span class=\"ez-toc-section-end\"><\/span><\/h2>\n<p>Jos sinulla on valituksia tai ongelmia LiveCasinoFinder.comin tarjoamista palveluista, ota meihin yhteytt\u00e4 valituspalvelumme kautta. Arvostamme palautettasi ja k\u00e4sittelemme huolenaiheesi parhaan kykymme mukaan.<\/p>\n<h2><span class=\"ez-toc-section\" id=\"Terms_and_Conditions_of_LiveCasinoFindercom\"><\/span>LiveCasinoFinder.comin ehdot ja edellytykset<span class=\"ez-toc-section-end\"><\/span><\/h2>\n<p>K\u00e4ytt\u00e4m\u00e4ll\u00e4 t\u00e4t\u00e4 sivustoa hyv\u00e4ksyt t\u00e4ss\u00e4 asiakirjassa esitetyt k\u00e4ytt\u00f6ehdot. Sivuston k\u00e4yt\u00f6n jatkaminen n\u00e4iden k\u00e4ytt\u00f6ehtojen p\u00e4ivitysten j\u00e4lkeen merkitsee, ett\u00e4 hyv\u00e4ksyt muutokset.<\/p>\n<h2><span class=\"ez-toc-section\" id=\"Conclusion\"><\/span>P\u00e4\u00e4telm\u00e4<span class=\"ez-toc-section-end\"><\/span><\/h2>\n<p>K\u00e4ytt\u00e4m\u00e4ll\u00e4 LiveCasinoFinder.com-sivustoa hyv\u00e4ksyt t\u00e4ss\u00e4 asiakirjassa esitetyt k\u00e4ytt\u00f6ehdot. On sinun vastuullasi pysy\u00e4 ajan tasalla n\u00e4ist\u00e4 ehdoista ja k\u00e4ytt\u00e4\u00e4 t\u00e4t\u00e4 sivustoa ja sen tietoja vastuullisesti ja lain rajoissa.<\/p>","protected":false},"excerpt":{"rendered":"<p>Tervetuloa LiveCasinoFinder.com-sivustolle. Seuraavat k\u00e4ytt\u00f6ehdot koskevat LiveCasinoFinder.com-sivuston k\u00e4ytt\u00f6\u00e4. On ehdottoman t\u00e4rke\u00e4\u00e4, ett\u00e4 luet ja ymm\u00e4rr\u00e4t n\u00e4m\u00e4 k\u00e4ytt\u00f6ehdot ennen kuin k\u00e4yt\u00e4t palveluitamme. Ehtojen ja tietojen tarkoitus T\u00e4ss\u00e4 m\u00e4\u00e4ritellyill\u00e4 ehdoilla pyrit\u00e4\u00e4n hahmottelemaan s\u00e4\u00e4nn\u00f6t ja m\u00e4\u00e4r\u00e4ykset, jotka m\u00e4\u00e4r\u00e4\u00e4v\u00e4t [...]<\/p>","protected":false},"author":1,"featured_media":0,"parent":0,"menu_order":0,"comment_status":"closed","ping_status":"closed","template":"page-no-sidebar.php","meta":{"_lmt_disableupdate":"no","_lmt_disable":"no","footnotes":""},"class_list":["post-2113","page","type-page","status-publish","hentry"],"yoast_head":"<!-- This site is optimized with the Yoast SEO plugin v26.4 - https:\/\/yoast.com\/wordpress\/plugins\/seo\/ -->\n<title>Terms and Conditions Overview<\/title>\n<meta name=\"description\" content=\"Review the terms and conditions of Live Casino Finder to understand your rights and responsibilities while using our site and services.\" \/>\n<meta name=\"robots\" content=\"index, follow, max-snippet:-1, max-image-preview:large, max-video-preview:-1\" \/>\n<link rel=\"canonical\" href=\"https:\/\/livecasinofinder.com\/wp-json\/wp\/v2\/pages\/2113\/\" \/>\n<meta property=\"og:locale\" content=\"fi_FI\" \/>\n<meta property=\"og:type\" content=\"article\" \/>\n<meta property=\"og:title\" content=\"Terms and Conditions Overview\" \/>\n<meta property=\"og:description\" content=\"Review the terms and conditions of Live Casino Finder to understand your rights and responsibilities while using our site and services.\" \/>\n<meta property=\"og:url\" content=\"https:\/\/livecasinofinder.com\/fi\/terms-and-conditions\/\" \/>\n<meta property=\"og:site_name\" content=\"livecasinofinder.com\" \/>\n<meta property=\"article:modified_time\" content=\"2025-06-03T11:11:51+00:00\" \/>\n<meta property=\"og:image\" content=\"https:\/\/livecasinofinder.com\/wp-content\/uploads\/2023\/03\/lucasoilraceway-logo-1.png\" \/>\n\t<meta property=\"og:image:width\" content=\"427\" \/>\n\t<meta property=\"og:image:height\" content=\"145\" \/>\n\t<meta property=\"og:image:type\" content=\"image\/png\" \/>\n<meta name=\"twitter:card\" content=\"summary_large_image\" \/>\n<meta name=\"twitter:label1\" content=\"Arvioitu lukuaika\" \/>\n\t<meta name=\"twitter:data1\" content=\"3 minuuttia\" \/>\n<!-- \/ Yoast SEO plugin. -->","yoast_head_json":{"title":"Terms and Conditions Overview","description":"Review the terms and conditions of Live Casino Finder to understand your rights and responsibilities while using our site and services.","robots":{"index":"index","follow":"follow","max-snippet":"max-snippet:-1","max-image-preview":"max-image-preview:large","max-video-preview":"max-video-preview:-1"},"canonical":"https:\/\/livecasinofinder.com\/wp-json\/wp\/v2\/pages\/2113\/","og_locale":"fi_FI","og_type":"article","og_title":"Terms and Conditions Overview","og_description":"Review the terms and conditions of Live Casino Finder to understand your rights and responsibilities while using our site and services.","og_url":"https:\/\/livecasinofinder.com\/fi\/terms-and-conditions\/","og_site_name":"livecasinofinder.com","article_modified_time":"2025-06-03T11:11:51+00:00","og_image":[{"width":427,"height":145,"url":"https:\/\/livecasinofinder.com\/wp-content\/uploads\/2023\/03\/lucasoilraceway-logo-1.png","type":"image\/png"}],"twitter_card":"summary_large_image","twitter_misc":{"Arvioitu lukuaika":"3 minuuttia"},"schema":{"@context":"https:\/\/schema.org","@graph":[{"@type":"WebPage","@id":"https:\/\/livecasinofinder.com\/terms-and-conditions\/","url":"https:\/\/livecasinofinder.com\/terms-and-conditions\/","name":"Terms and Conditions Overview","isPartOf":{"@id":"https:\/\/livecasinofinder.com\/ja\/#website"},"datePublished":"2023-06-20T14:28:59+00:00","dateModified":"2025-06-03T11:11:51+00:00","description":"Review the terms and conditions of Live Casino Finder to understand your rights and responsibilities while using our site and services.","breadcrumb":{"@id":"https:\/\/livecasinofinder.com\/terms-and-conditions\/#breadcrumb"},"inLanguage":"fi","potentialAction":[{"@type":"ReadAction","target":["https:\/\/livecasinofinder.com\/terms-and-conditions\/"]}]},{"@type":"BreadcrumbList","@id":"https:\/\/livecasinofinder.com\/terms-and-conditions\/#breadcrumb","itemListElement":[{"@type":"ListItem","position":1,"name":"LiveCasinoFinder.com","item":"https:\/\/livecasinofinder.com\/fr\/"},{"@type":"ListItem","position":2,"name":"Terms and Conditions"}]},{"@type":"WebSite","@id":"https:\/\/livecasinofinder.com\/ja\/#website","url":"https:\/\/livecasinofinder.com\/ja\/","name":"livecasinofinder","description":"","publisher":{"@id":"https:\/\/livecasinofinder.com\/ja\/#organization"},"alternateName":"Lucas oil raceway live casino","potentialAction":[{"@type":"SearchAction","target":{"@type":"EntryPoint","urlTemplate":"https:\/\/livecasinofinder.com\/ja\/?s={search_term_string}"},"query-input":{"@type":"PropertyValueSpecification","valueRequired":true,"valueName":"search_term_string"}}],"inLanguage":"fi"},{"@type":"Organization","@id":"https:\/\/livecasinofinder.com\/ja\/#organization","name":"Live Casino Finder","alternateName":"Lucas oil raceway live casino","url":"https:\/\/livecasinofinder.com\/ja\/","logo":{"@type":"ImageObject","inLanguage":"fi","@id":"https:\/\/livecasinofinder.com\/ja\/#\/schema\/logo\/image\/","url":"https:\/\/livecasinofinder.com\/wp-content\/uploads\/2023\/04\/livecasinofinder-logo.png","contentUrl":"https:\/\/livecasinofinder.com\/wp-content\/uploads\/2023\/04\/livecasinofinder-logo.png","width":1600,"height":453,"caption":"Live Casino Finder"},"image":{"@id":"https:\/\/livecasinofinder.com\/ja\/#\/schema\/logo\/image\/"}}]}},"_links":{"self":[{"href":"https:\/\/livecasinofinder.com\/fi\/wp-json\/wp\/v2\/pages\/2113","targetHints":{"allow":["GET"]}}],"collection":[{"href":"https:\/\/livecasinofinder.com\/fi\/wp-json\/wp\/v2\/pages"}],"about":[{"href":"https:\/\/livecasinofinder.com\/fi\/wp-json\/wp\/v2\/types\/page"}],"author":[{"embeddable":true,"href":"https:\/\/livecasinofinder.com\/fi\/wp-json\/wp\/v2\/users\/1"}],"replies":[{"embeddable":true,"href":"https:\/\/livecasinofinder.com\/fi\/wp-json\/wp\/v2\/comments?post=2113"}],"version-history":[{"count":0,"href":"https:\/\/livecasinofinder.com\/fi\/wp-json\/wp\/v2\/pages\/2113\/revisions"}],"wp:attachment":[{"href":"https:\/\/livecasinofinder.com\/fi\/wp-json\/wp\/v2\/media?parent=2113"}],"curies":[{"name":"wp","href":"https:\/\/api.w.org\/{rel}","templated":true}]}}