{"id":2111,"date":"2023-06-20T14:33:04","date_gmt":"2023-06-20T14:33:04","guid":{"rendered":"https:\/\/livecasinofinder.com\/?page_id=2111"},"modified":"2025-06-03T11:11:12","modified_gmt":"2025-06-03T11:11:12","slug":"responsible-gaming","status":"publish","type":"page","link":"https:\/\/livecasinofinder.com\/fi\/responsible-gaming\/","title":{"rendered":"Vastuullinen pelaaminen"},"content":{"rendered":"<p>Tervetuloa <a href=\"\/fi\/live-casinos\/\">Live-kasino<\/a> Finder, jossa vastuullinen pelaaminen on alustamme kulmakivi. Olemme sitoutuneet puolustamaan vastuullisia pelik\u00e4yt\u00e4nt\u00f6j\u00e4 ja luomaan k\u00e4ytt\u00e4jillemme turvallisen ja miellytt\u00e4v\u00e4n ymp\u00e4rist\u00f6n. Ymm\u00e4rr\u00e4mme syv\u00e4sti uhkapeliriskien monimutkaisuutta ja niiden mahdollisia vaikutuksia mielenterveyteen, ja pyrimme antamaan pelaajille valmiuksia vastuullisiin pelik\u00e4yt\u00e4nt\u00f6ihin.<\/p>\n<div id=\"ez-toc-container\" class=\"ez-toc-v2_0_63 counter-hierarchy ez-toc-counter ez-toc-grey ez-toc-container-direction\">\n<label for=\"ez-toc-cssicon-toggle-item-69e5ef6ce8242\" class=\"ez-toc-cssicon-toggle-label\"><span class=\"ez-toc-cssicon\"><span class=\"eztoc-hide\" style=\"display:none;\">Toggle<\/span><span class=\"ez-toc-icon-toggle-span\"><svg style=\"fill: #999;color:#999\" xmlns=\"http:\/\/www.w3.org\/2000\/svg\" class=\"list-377408\" width=\"20px\" height=\"20px\" viewbox=\"0 0 24 24\" fill=\"none\"><path d=\"M6 6H4v2h2V6zm14 0H8v2h12V6zM4 11h2v2H4v-2zm16 0H8v2h12v-2zM4 16h2v2H4v-2zm16 0H8v2h12v-2z\" fill=\"currentColor\"><\/path><\/svg><svg style=\"fill: #999;color:#999\" class=\"arrow-unsorted-368013\" xmlns=\"http:\/\/www.w3.org\/2000\/svg\" width=\"10px\" height=\"10px\" viewbox=\"0 0 24 24\" version=\"1.2\" baseprofile=\"tiny\"><path d=\"M18.2 9.3l-6.2-6.3-6.2 6.3c-.2.2-.3.4-.3.7s.1.5.3.7c.2.2.4.3.7.3h11c.3 0 .5-.1.7-.3.2-.2.3-.5.3-.7s-.1-.5-.3-.7zM5.8 14.7l6.2 6.3 6.2-6.3c.2-.2.3-.5.3-.7s-.1-.5-.3-.7c-.2-.2-.4-.3-.7-.3h-11c-.3 0-.5.1-.7.3-.2.2-.3.5-.3.7s.1.5.3.7z\"\/><\/svg><\/span><\/span><\/label><input type=\"checkbox\"  id=\"ez-toc-cssicon-toggle-item-69e5ef6ce8242\" checked aria-label=\"Toggle\" \/><nav><ul class='ez-toc-list ez-toc-list-level-1' ><li class='ez-toc-page-1 ez-toc-heading-level-2'><a class=\"ez-toc-link ez-toc-heading-1\" href=\"https:\/\/livecasinofinder.com\/fi\/responsible-gaming\/#The_Imperative_of_Responsible_Gaming\" title=\"Vastuullisen pelaamisen v\u00e4ltt\u00e4m\u00e4tt\u00f6myys\">Vastuullisen pelaamisen v\u00e4ltt\u00e4m\u00e4tt\u00f6myys<\/a><\/li><li class='ez-toc-page-1 ez-toc-heading-level-2'><a class=\"ez-toc-link ez-toc-heading-2\" href=\"https:\/\/livecasinofinder.com\/fi\/responsible-gaming\/#The_Intricacies_of_Gambling_Risks\" title=\"Rahapeliriskien monimutkaisuus\">Rahapeliriskien monimutkaisuus<\/a><\/li><li class='ez-toc-page-1 ez-toc-heading-level-2'><a class=\"ez-toc-link ez-toc-heading-3\" href=\"https:\/\/livecasinofinder.com\/fi\/responsible-gaming\/#Recognizing_Gambling_Addiction\" title=\"Peliriippuvuuden tunnistaminen\">Peliriippuvuuden tunnistaminen<\/a><\/li><li class='ez-toc-page-1 ez-toc-heading-level-2'><a class=\"ez-toc-link ez-toc-heading-4\" href=\"https:\/\/livecasinofinder.com\/fi\/responsible-gaming\/#Gambling_and_Mental_Health\" title=\"Rahapelaaminen ja mielenterveys\">Rahapelaaminen ja mielenterveys<\/a><\/li><li class='ez-toc-page-1 ez-toc-heading-level-2'><a class=\"ez-toc-link ez-toc-heading-5\" href=\"https:\/\/livecasinofinder.com\/fi\/responsible-gaming\/#Effective_Strategies_for_Responsible_Gambling\" title=\"Tehokkaat strategiat vastuulliseen pelaamiseen\">Tehokkaat strategiat vastuulliseen pelaamiseen<\/a><\/li><li class='ez-toc-page-1 ez-toc-heading-level-2'><a class=\"ez-toc-link ez-toc-heading-6\" href=\"https:\/\/livecasinofinder.com\/fi\/responsible-gaming\/#Tools_and_Resources_for_Responsible_Gambling\" title=\"Vastuullisen pelaamisen ty\u00f6kalut ja resurssit\">Vastuullisen pelaamisen ty\u00f6kalut ja resurssit<\/a><\/li><li class='ez-toc-page-1 ez-toc-heading-level-2'><a class=\"ez-toc-link ez-toc-heading-7\" href=\"https:\/\/livecasinofinder.com\/fi\/responsible-gaming\/#The_Role_of_Online_Gaming_Operators_in_Responsible_Gambling\" title=\"Verkkopelioperaattoreiden rooli vastuullisessa pelaamisessa\">Verkkopelioperaattoreiden rooli vastuullisessa pelaamisessa<\/a><\/li><li class='ez-toc-page-1 ez-toc-heading-level-2'><a class=\"ez-toc-link ez-toc-heading-8\" href=\"https:\/\/livecasinofinder.com\/fi\/responsible-gaming\/#Preventative_Measures_for_Player_Protection\" title=\"Ennaltaehk\u00e4isev\u00e4t toimenpiteet pelaajien suojelemiseksi\">Ennaltaehk\u00e4isev\u00e4t toimenpiteet pelaajien suojelemiseksi<\/a><\/li><\/ul><\/nav><\/div>\n\n<h2><span class=\"ez-toc-section\" id=\"The_Imperative_of_Responsible_Gaming\"><\/span>Vastuullisen pelaamisen v\u00e4ltt\u00e4m\u00e4tt\u00f6myys<span class=\"ez-toc-section-end\"><\/span><\/h2>\n<p>Live Casino Finderilla vastuullinen pelaaminen ei ole vain k\u00e4site, vaan perusarvo, joka ohjaa toimintaamme. Uskomme, ett\u00e4 vaikka uhkapelaaminen voi olla j\u00e4nnitt\u00e4v\u00e4\u00e4, on t\u00e4rke\u00e4\u00e4 varmistaa, ett\u00e4 siit\u00e4 nautitaan vastuullisissa rajoissa. Tavoitteenamme on tarjota ymp\u00e4rist\u00f6, jossa pelaajat voivat tehd\u00e4 tietoon perustuvia p\u00e4\u00e4t\u00f6ksi\u00e4 ja kokea live casino-pelien j\u00e4nnityksen vastuullisesti.<\/p>\n<h2><span class=\"ez-toc-section\" id=\"The_Intricacies_of_Gambling_Risks\"><\/span>Rahapeliriskien monimutkaisuus<span class=\"ez-toc-section-end\"><\/span><\/h2>\n<p>Tunnustamme, ett\u00e4 on t\u00e4rke\u00e4\u00e4 antaa k\u00e4ytt\u00e4jillemme tietoa uhkapeliriskien monimutkaisuudesta. N\u00e4iden riskien ymm\u00e4rt\u00e4minen, mukaan lukien mahdolliset taloudelliset tappiot, on ratkaisevan t\u00e4rke\u00e4\u00e4 tietoon perustuvien valintojen tekemiseksi. Kun pelaajat ovat tietoisia n\u00e4ist\u00e4 monimutkaisuuksista, he voivat harjoittaa live casino-pelaamista vastuullisesti ja s\u00e4ilytt\u00e4\u00e4 vedonly\u00f6ntitoimintansa hallinnan.<\/p>\n<h2><span class=\"ez-toc-section\" id=\"Recognizing_Gambling_Addiction\"><\/span>Peliriippuvuuden tunnistaminen<span class=\"ez-toc-section-end\"><\/span><\/h2>\n<p>Me Live Casino Finderilla olemme omistautuneet peliriippuvuuden tunnistamiseen ja siihen puuttumiseen. Ymm\u00e4rr\u00e4mme, ett\u00e4 pelaamisesta voi tulla joillekin henkil\u00f6ille vakava ongelma, joka vaikuttaa heid\u00e4n henkil\u00f6kohtaiseen ja taloudelliseen hyvinvointiinsa. Kannustamme k\u00e4ytt\u00e4ji\u00e4mme olemaan itsetietoisia ja hakemaan apua v\u00e4litt\u00f6m\u00e4sti, jos he ep\u00e4ilev\u00e4t kamppailevansa peliriippuvuuden kanssa.<\/p>\n<h2><span class=\"ez-toc-section\" id=\"Gambling_and_Mental_Health\"><\/span>Rahapelaaminen ja mielenterveys<span class=\"ez-toc-section-end\"><\/span><\/h2>\n<p>Ymm\u00e4rr\u00e4mme, ett\u00e4 rahapelaamisen ja mielenterveyden v\u00e4lill\u00e4 on merkitt\u00e4v\u00e4 yhteys. Siksi olemme sitoutuneet edist\u00e4m\u00e4\u00e4n positiivista ja tervett\u00e4 ajattelutapaa k\u00e4ytt\u00e4jiemme keskuudessa. Tavoitteenamme on luoda ymp\u00e4rist\u00f6, jossa pelaajat voivat nauttia live casino-pelaamisesta vastuullisesti vaarantamatta henkist\u00e4 hyvinvointiaan.<\/p>\n<h2><span class=\"ez-toc-section\" id=\"Effective_Strategies_for_Responsible_Gambling\"><\/span>Tehokkaat strategiat vastuulliseen pelaamiseen<span class=\"ez-toc-section-end\"><\/span><\/h2>\n<p>Vastuullisen pelaamisen edist\u00e4miseksi kannatamme sellaisten tehokkaiden strategioiden toteuttamista, jotka antavat pelaajille mahdollisuuden valvoa vedonly\u00f6ntitoimintaansa. Seuraavassa on joitakin keskeisi\u00e4 k\u00e4yt\u00e4nt\u00f6j\u00e4, joita suosittelemme:<\/p>\n<p>M\u00e4\u00e4ritellyst\u00e4 talousarviosta kiinni pit\u00e4minen: Aseta budjetti live casino-pelaamiselle ja pid\u00e4 siit\u00e4 kiinni. Panosta vain sellainen summa, joka sopii sinulle, ja varmista, ett\u00e4 se ei vaikuta taloudelliseen vakauteesi.<\/p>\n<p>S\u00e4\u00e4nn\u00f6lliset tauot pelaamisesta: Pid\u00e4 taukoja live casino-pelaamisesta, jotta se pysyy viihdytt\u00e4v\u00e4n\u00e4 eik\u00e4 kuluta liikaa aikaa tai energiaa.<\/p>\n<p>Vastusta tarvetta jahdata tappioita: Hyv\u00e4ksy, ett\u00e4 tappiot ovat osa uhkapelaamista, ja v\u00e4lt\u00e4 tappioiden jahtaamista lis\u00e4\u00e4m\u00e4ll\u00e4 panoksia. Ota sen sijaan askel taaksep\u00e4in ja arvioi l\u00e4hestymistapasi uudelleen.<\/p>\n<p>Oikea-aikaisen avun hakeminen: Jos ep\u00e4ilet, ett\u00e4 sin\u00e4 tai joku tuttavasi kamppailee peliriippuvuuden kanssa, hae apua viipym\u00e4tt\u00e4. Varhainen puuttuminen on avainasemassa, jotta ongelmaan voidaan puuttua tehokkaasti.<\/p>\n<h2><span class=\"ez-toc-section\" id=\"Tools_and_Resources_for_Responsible_Gambling\"><\/span>Vastuullisen pelaamisen ty\u00f6kalut ja resurssit<span class=\"ez-toc-section-end\"><\/span><\/h2>\n<p>Tarjoamme erilaisia ty\u00f6kaluja ja resursseja vastuullisten rahapelik\u00e4yt\u00e4nt\u00f6jen tukemiseksi:<\/p>\n<p>National ja paikalliset neuvontapuhelimet: P\u00e4\u00e4sy ongelmapelaamisesta k\u00e4rsivien henkil\u00f6iden auttamiseen tarkoitettuihin puhelinpalveluihin. Apu on vain puhelinsoiton p\u00e4\u00e4ss\u00e4.<\/p>\n<p>Itsen\u00e4isen poissulkemisen j\u00e4rjestelm\u00e4t: Hy\u00f6dynn\u00e4 itsepoissulkemisvaihtoehtoja, joiden avulla voit pit\u00e4\u00e4 tauon live casino-pelaamisesta, jos koet sen tarpeelliseksi. N\u00e4m\u00e4 j\u00e4rjestelm\u00e4t antavat yksil\u00f6ille mahdollisuuden saada vedonly\u00f6ntitoimintansa takaisin hallintaan.<\/p>\n<p>Rahapeliterapiaohjelmat: Tuemme ja edist\u00e4mme rahapeliterapiaohjelmia, jotka on suunniteltu auttamaan niit\u00e4 tarvitsevia. N\u00e4m\u00e4 ohjelmat tarjoavat ammattimaista ohjausta ja tukea henkil\u00f6ille, jotka kamppailevat rahapelaamiseen liittyvien ongelmien kanssa.<\/p>\n<h2><span class=\"ez-toc-section\" id=\"The_Role_of_Online_Gaming_Operators_in_Responsible_Gambling\"><\/span>Verkkopelioperaattoreiden rooli vastuullisessa pelaamisessa<span class=\"ez-toc-section-end\"><\/span><\/h2>\n<p>Verkkopelioperaattorina ymm\u00e4rr\u00e4mme vastuumme turvallisen ja vastuullisen peliymp\u00e4rist\u00f6n varmistamisessa. N\u00e4in pid\u00e4mme yll\u00e4 pelaajien suojelua:<\/p>\n<p>Tiukat alan m\u00e4\u00e4r\u00e4ykset ja standardit: Noudatamme alan tiukkoja m\u00e4\u00e4r\u00e4yksi\u00e4 ja standardeja varmistaaksemme reilun pelin, pelaajien turvallisuuden ja vastuulliset pelik\u00e4yt\u00e4nn\u00f6t. N\u00e4m\u00e4 toimenpiteet on otettu k\u00e4ytt\u00f6\u00f6n k\u00e4ytt\u00e4jien suojelemiseksi ja alustamme eheyden yll\u00e4pit\u00e4miseksi.<\/p>\n<p>Yritysten sosiaalinen vastuu: Suhtaudumme sosiaaliseen vastuuseemme vakavasti. Teemme aktiivisesti yhteisty\u00f6t\u00e4 j\u00e4rjest\u00f6jen ja aloitteiden kanssa, jotka edist\u00e4v\u00e4t vastuullista pelaamista ja tukevat peliriippuvuudesta k\u00e4rsivi\u00e4.<\/p>\n<h2><span class=\"ez-toc-section\" id=\"Preventative_Measures_for_Player_Protection\"><\/span>Ennaltaehk\u00e4isev\u00e4t toimenpiteet pelaajien suojelemiseksi<span class=\"ez-toc-section-end\"><\/span><\/h2>\n<p>Toteutamme ennaltaehk\u00e4isevi\u00e4 toimenpiteit\u00e4 pelaajiemme suojaamiseksi, mukaan lukien vankat ik\u00e4varmennusprosessit, suojatut tapahtumat ja tiukat tietosuojaprotokollat. N\u00e4iden toimenpiteiden tarkoituksena on luoda turvallinen ja vastuullinen vedonly\u00f6ntiymp\u00e4rist\u00f6 kaikille.<\/p>\n<p>Me Live Casino Finderilla uskomme, ett\u00e4 vastuullinen pelaaminen on avain unohtumattomiin live casino-kokemuksiin. Liity meihin jo t\u00e4n\u00e4\u00e4n ja l\u00e4hde riemastuttavalle ja vastuulliselle pelimatkalle.<\/p>","protected":false},"excerpt":{"rendered":"<p>Tervetuloa Live Casino Finderiin, jossa vastuullinen pelaaminen on alustamme kulmakivi. Olemme sitoutuneet puolustamaan vastuullisia pelik\u00e4yt\u00e4nt\u00f6j\u00e4 ja luomaan k\u00e4ytt\u00e4jillemme turvallisen ja miellytt\u00e4v\u00e4n ymp\u00e4rist\u00f6n. Ymm\u00e4rr\u00e4mme syv\u00e4sti uhkapeliriskien monimutkaisuutta ja niiden mahdollisia vaikutuksia mielenterveyteen, joten pyrimme antamaan [...]<\/p>","protected":false},"author":1,"featured_media":0,"parent":0,"menu_order":0,"comment_status":"closed","ping_status":"closed","template":"page-no-sidebar.php","meta":{"_lmt_disableupdate":"no","_lmt_disable":"no","footnotes":""},"class_list":["post-2111","page","type-page","status-publish","hentry"],"yoast_head":"<!-- This site is optimized with the Yoast SEO plugin v26.4 - https:\/\/yoast.com\/wordpress\/plugins\/seo\/ -->\n<title>Responsible Gaming Guidelines<\/title>\n<meta name=\"description\" content=\"Learn about responsible gaming practices with Live Casino Finder to help you enjoy live casinos safely and make informed decisions while playing.\" \/>\n<meta name=\"robots\" content=\"index, follow, max-snippet:-1, max-image-preview:large, max-video-preview:-1\" \/>\n<link rel=\"canonical\" href=\"https:\/\/livecasinofinder.com\/wp-json\/wp\/v2\/pages\/2111\/\" \/>\n<meta property=\"og:locale\" content=\"fi_FI\" \/>\n<meta property=\"og:type\" content=\"article\" \/>\n<meta property=\"og:title\" content=\"Responsible Gaming Guidelines\" \/>\n<meta property=\"og:description\" content=\"Learn about responsible gaming practices with Live Casino Finder to help you enjoy live casinos safely and make informed decisions while playing.\" \/>\n<meta property=\"og:url\" content=\"https:\/\/livecasinofinder.com\/fi\/responsible-gaming\/\" \/>\n<meta property=\"og:site_name\" content=\"livecasinofinder.com\" \/>\n<meta property=\"article:modified_time\" content=\"2025-06-03T11:11:12+00:00\" \/>\n<meta property=\"og:image\" content=\"https:\/\/livecasinofinder.com\/wp-content\/uploads\/2023\/03\/lucasoilraceway-logo-1.png\" \/>\n\t<meta property=\"og:image:width\" content=\"427\" \/>\n\t<meta property=\"og:image:height\" content=\"145\" \/>\n\t<meta property=\"og:image:type\" content=\"image\/png\" \/>\n<meta name=\"twitter:card\" content=\"summary_large_image\" \/>\n<meta name=\"twitter:label1\" content=\"Arvioitu lukuaika\" \/>\n\t<meta name=\"twitter:data1\" content=\"4 minuuttia\" \/>\n<!-- \/ Yoast SEO plugin. -->","yoast_head_json":{"title":"Responsible Gaming Guidelines","description":"Learn about responsible gaming practices with Live Casino Finder to help you enjoy live casinos safely and make informed decisions while playing.","robots":{"index":"index","follow":"follow","max-snippet":"max-snippet:-1","max-image-preview":"max-image-preview:large","max-video-preview":"max-video-preview:-1"},"canonical":"https:\/\/livecasinofinder.com\/wp-json\/wp\/v2\/pages\/2111\/","og_locale":"fi_FI","og_type":"article","og_title":"Responsible Gaming Guidelines","og_description":"Learn about responsible gaming practices with Live Casino Finder to help you enjoy live casinos safely and make informed decisions while playing.","og_url":"https:\/\/livecasinofinder.com\/fi\/responsible-gaming\/","og_site_name":"livecasinofinder.com","article_modified_time":"2025-06-03T11:11:12+00:00","og_image":[{"width":427,"height":145,"url":"https:\/\/livecasinofinder.com\/wp-content\/uploads\/2023\/03\/lucasoilraceway-logo-1.png","type":"image\/png"}],"twitter_card":"summary_large_image","twitter_misc":{"Arvioitu lukuaika":"4 minuuttia"},"schema":{"@context":"https:\/\/schema.org","@graph":[{"@type":"WebPage","@id":"https:\/\/livecasinofinder.com\/responsible-gaming\/","url":"https:\/\/livecasinofinder.com\/responsible-gaming\/","name":"Responsible Gaming Guidelines","isPartOf":{"@id":"https:\/\/livecasinofinder.com\/ja\/#website"},"datePublished":"2023-06-20T14:33:04+00:00","dateModified":"2025-06-03T11:11:12+00:00","description":"Learn about responsible gaming practices with Live Casino Finder to help you enjoy live casinos safely and make informed decisions while playing.","breadcrumb":{"@id":"https:\/\/livecasinofinder.com\/responsible-gaming\/#breadcrumb"},"inLanguage":"fi","potentialAction":[{"@type":"ReadAction","target":["https:\/\/livecasinofinder.com\/responsible-gaming\/"]}]},{"@type":"BreadcrumbList","@id":"https:\/\/livecasinofinder.com\/responsible-gaming\/#breadcrumb","itemListElement":[{"@type":"ListItem","position":1,"name":"LiveCasinoFinder.com","item":"https:\/\/livecasinofinder.com\/fr\/"},{"@type":"ListItem","position":2,"name":"Responsible Gaming"}]},{"@type":"WebSite","@id":"https:\/\/livecasinofinder.com\/ja\/#website","url":"https:\/\/livecasinofinder.com\/ja\/","name":"livecasinofinder","description":"","publisher":{"@id":"https:\/\/livecasinofinder.com\/ja\/#organization"},"alternateName":"Lucas oil raceway live casino","potentialAction":[{"@type":"SearchAction","target":{"@type":"EntryPoint","urlTemplate":"https:\/\/livecasinofinder.com\/ja\/?s={search_term_string}"},"query-input":{"@type":"PropertyValueSpecification","valueRequired":true,"valueName":"search_term_string"}}],"inLanguage":"fi"},{"@type":"Organization","@id":"https:\/\/livecasinofinder.com\/ja\/#organization","name":"Live Casino Finder","alternateName":"Lucas oil raceway live casino","url":"https:\/\/livecasinofinder.com\/ja\/","logo":{"@type":"ImageObject","inLanguage":"fi","@id":"https:\/\/livecasinofinder.com\/ja\/#\/schema\/logo\/image\/","url":"https:\/\/livecasinofinder.com\/wp-content\/uploads\/2023\/04\/livecasinofinder-logo.png","contentUrl":"https:\/\/livecasinofinder.com\/wp-content\/uploads\/2023\/04\/livecasinofinder-logo.png","width":1600,"height":453,"caption":"Live Casino Finder"},"image":{"@id":"https:\/\/livecasinofinder.com\/ja\/#\/schema\/logo\/image\/"}}]}},"_links":{"self":[{"href":"https:\/\/livecasinofinder.com\/fi\/wp-json\/wp\/v2\/pages\/2111","targetHints":{"allow":["GET"]}}],"collection":[{"href":"https:\/\/livecasinofinder.com\/fi\/wp-json\/wp\/v2\/pages"}],"about":[{"href":"https:\/\/livecasinofinder.com\/fi\/wp-json\/wp\/v2\/types\/page"}],"author":[{"embeddable":true,"href":"https:\/\/livecasinofinder.com\/fi\/wp-json\/wp\/v2\/users\/1"}],"replies":[{"embeddable":true,"href":"https:\/\/livecasinofinder.com\/fi\/wp-json\/wp\/v2\/comments?post=2111"}],"version-history":[{"count":0,"href":"https:\/\/livecasinofinder.com\/fi\/wp-json\/wp\/v2\/pages\/2111\/revisions"}],"wp:attachment":[{"href":"https:\/\/livecasinofinder.com\/fi\/wp-json\/wp\/v2\/media?parent=2111"}],"curies":[{"name":"wp","href":"https:\/\/api.w.org\/{rel}","templated":true}]}}