{"id":2109,"date":"2023-06-20T14:37:04","date_gmt":"2023-06-20T14:37:04","guid":{"rendered":"https:\/\/livecasinofinder.com\/?page_id=2109"},"modified":"2023-06-20T14:37:04","modified_gmt":"2023-06-20T14:37:04","slug":"privacy-policy","status":"publish","type":"page","link":"https:\/\/livecasinofinder.com\/fi\/privacy-policy\/","title":{"rendered":"Tietosuojak\u00e4yt\u00e4nt\u00f6"},"content":{"rendered":"<p>Osoitteessa <a href=\"\/fi\/\">LiveCasinoFinder.com<\/a>Ymm\u00e4rr\u00e4mme, ett\u00e4 yksityisyytesi ja henkil\u00f6tietojesi luottamuksellisuuden suojaaminen on t\u00e4rke\u00e4\u00e4. T\u00e4ss\u00e4 tietosuojak\u00e4yt\u00e4nn\u00f6ss\u00e4 esitell\u00e4\u00e4n vankkumaton sitoutumisemme tietosuojaan ja varmistetaan turvallinen ja miellytt\u00e4v\u00e4 k\u00e4ytt\u00f6kokemus alustallamme.<\/p>\n<div id=\"ez-toc-container\" class=\"ez-toc-v2_0_63 counter-hierarchy ez-toc-counter ez-toc-grey ez-toc-container-direction\">\n<label for=\"ez-toc-cssicon-toggle-item-69e5741e596a6\" class=\"ez-toc-cssicon-toggle-label\"><span class=\"ez-toc-cssicon\"><span class=\"eztoc-hide\" style=\"display:none;\">Toggle<\/span><span class=\"ez-toc-icon-toggle-span\"><svg style=\"fill: #999;color:#999\" xmlns=\"http:\/\/www.w3.org\/2000\/svg\" class=\"list-377408\" width=\"20px\" height=\"20px\" viewbox=\"0 0 24 24\" fill=\"none\"><path d=\"M6 6H4v2h2V6zm14 0H8v2h12V6zM4 11h2v2H4v-2zm16 0H8v2h12v-2zM4 16h2v2H4v-2zm16 0H8v2h12v-2z\" fill=\"currentColor\"><\/path><\/svg><svg style=\"fill: #999;color:#999\" class=\"arrow-unsorted-368013\" xmlns=\"http:\/\/www.w3.org\/2000\/svg\" width=\"10px\" height=\"10px\" viewbox=\"0 0 24 24\" version=\"1.2\" baseprofile=\"tiny\"><path d=\"M18.2 9.3l-6.2-6.3-6.2 6.3c-.2.2-.3.4-.3.7s.1.5.3.7c.2.2.4.3.7.3h11c.3 0 .5-.1.7-.3.2-.2.3-.5.3-.7s-.1-.5-.3-.7zM5.8 14.7l6.2 6.3 6.2-6.3c.2-.2.3-.5.3-.7s-.1-.5-.3-.7c-.2-.2-.4-.3-.7-.3h-11c-.3 0-.5.1-.7.3-.2.2-.3.5-.3.7s.1.5.3.7z\"\/><\/svg><\/span><\/span><\/label><input type=\"checkbox\"  id=\"ez-toc-cssicon-toggle-item-69e5741e596a6\" checked aria-label=\"Toggle\" \/><nav><ul class='ez-toc-list ez-toc-list-level-1' ><li class='ez-toc-page-1 ez-toc-heading-level-2'><a class=\"ez-toc-link ez-toc-heading-1\" href=\"https:\/\/livecasinofinder.com\/fi\/privacy-policy\/#Our_Pledge_to_Safeguard_Your_Privacy\" title=\"Lupauksemme suojella yksityisyytt\u00e4si\">Lupauksemme suojella yksityisyytt\u00e4si<\/a><\/li><li class='ez-toc-page-1 ez-toc-heading-level-2'><a class=\"ez-toc-link ez-toc-heading-2\" href=\"https:\/\/livecasinofinder.com\/fi\/privacy-policy\/#Data_Collection_Our_Practices\" title=\"Tiedonkeruu: K\u00e4yt\u00e4nt\u00f6mme\">Tiedonkeruu: K\u00e4yt\u00e4nt\u00f6mme<\/a><\/li><li class='ez-toc-page-1 ez-toc-heading-level-2'><a class=\"ez-toc-link ez-toc-heading-3\" href=\"https:\/\/livecasinofinder.com\/fi\/privacy-policy\/#The_Use_of_Your_Information\" title=\"Tietojesi k\u00e4ytt\u00f6\">Tietojesi k\u00e4ytt\u00f6<\/a><\/li><li class='ez-toc-page-1 ez-toc-heading-level-2'><a class=\"ez-toc-link ez-toc-heading-4\" href=\"https:\/\/livecasinofinder.com\/fi\/privacy-policy\/#Information_Disclosure_and_Sharing\" title=\"Tietojen luovuttaminen ja jakaminen\">Tietojen luovuttaminen ja jakaminen<\/a><\/li><li class='ez-toc-page-1 ez-toc-heading-level-2'><a class=\"ez-toc-link ez-toc-heading-5\" href=\"https:\/\/livecasinofinder.com\/fi\/privacy-policy\/#Our_Security_Measures\" title=\"Turvallisuustoimenpiteemme\">Turvallisuustoimenpiteemme<\/a><\/li><li class='ez-toc-page-1 ez-toc-heading-level-2'><a class=\"ez-toc-link ez-toc-heading-6\" href=\"https:\/\/livecasinofinder.com\/fi\/privacy-policy\/#The_Role_of_Cookies\" title=\"Ev\u00e4steiden rooli\">Ev\u00e4steiden rooli<\/a><\/li><li class='ez-toc-page-1 ez-toc-heading-level-2'><a class=\"ez-toc-link ez-toc-heading-7\" href=\"https:\/\/livecasinofinder.com\/fi\/privacy-policy\/#Third-Party_Links\" title=\"Kolmannen osapuolen linkit\">Kolmannen osapuolen linkit<\/a><\/li><li class='ez-toc-page-1 ez-toc-heading-level-2'><a class=\"ez-toc-link ez-toc-heading-8\" href=\"https:\/\/livecasinofinder.com\/fi\/privacy-policy\/#Policy_on_Childrens_Privacy\" title=\"Lasten yksityisyyden suojaa koskeva politiikka\">Lasten yksityisyyden suojaa koskeva politiikka<\/a><\/li><li class='ez-toc-page-1 ez-toc-heading-level-2'><a class=\"ez-toc-link ez-toc-heading-9\" href=\"https:\/\/livecasinofinder.com\/fi\/privacy-policy\/#Changes_to_This_Privacy_Policy\" title=\"Muutokset t\u00e4h\u00e4n tietosuojak\u00e4yt\u00e4nt\u00f6\u00f6n\">Muutokset t\u00e4h\u00e4n tietosuojak\u00e4yt\u00e4nt\u00f6\u00f6n<\/a><\/li><li class='ez-toc-page-1 ez-toc-heading-level-2'><a class=\"ez-toc-link ez-toc-heading-10\" href=\"https:\/\/livecasinofinder.com\/fi\/privacy-policy\/#Your_Rights_to_Your_Personal_Information\" title=\"Oikeutesi henkil\u00f6tietoihisi\">Oikeutesi henkil\u00f6tietoihisi<\/a><\/li><li class='ez-toc-page-1 ez-toc-heading-level-2'><a class=\"ez-toc-link ez-toc-heading-11\" href=\"https:\/\/livecasinofinder.com\/fi\/privacy-policy\/#Retention_of_Data\" title=\"Tietojen s\u00e4ilytt\u00e4minen\">Tietojen s\u00e4ilytt\u00e4minen<\/a><\/li><li class='ez-toc-page-1 ez-toc-heading-level-2'><a class=\"ez-toc-link ez-toc-heading-12\" href=\"https:\/\/livecasinofinder.com\/fi\/privacy-policy\/#International_Data_Transfers\" title=\"Kansainv\u00e4liset tiedonsiirrot\">Kansainv\u00e4liset tiedonsiirrot<\/a><\/li><\/ul><\/nav><\/div>\n\n<h2><span class=\"ez-toc-section\" id=\"Our_Pledge_to_Safeguard_Your_Privacy\"><\/span>Lupauksemme suojella yksityisyytt\u00e4si<span class=\"ez-toc-section-end\"><\/span><\/h2>\n<p>Arvostamme yksityisyytt\u00e4si ja asetamme henkil\u00f6kohtaisten tietojesi suojelun etusijalle. Olemme ottaneet k\u00e4ytt\u00f6\u00f6n tiukat tietosuojak\u00e4yt\u00e4nn\u00f6t ja noudatamme sovellettavia tietosuojalakeja varmistaaksemme, ett\u00e4 tietosi pysyv\u00e4t turvassa ja luottamuksellisina.<\/p>\n<h2><span class=\"ez-toc-section\" id=\"Data_Collection_Our_Practices\"><\/span>Tiedonkeruu: K\u00e4yt\u00e4nt\u00f6mme<span class=\"ez-toc-section-end\"><\/span><\/h2>\n<p>Jotta voimme tarjota sinulle saumattoman ja yksil\u00f6llisen k\u00e4ytt\u00f6kokemuksen, saatamme ker\u00e4t\u00e4 sinulta tiettyj\u00e4 tietoja. N\u00e4it\u00e4 tietoja voivat olla esimerkiksi nimesi, yhteystietosi ja selausk\u00e4ytt\u00e4ytymisesi alustallamme. Voit olla varma, ett\u00e4 ker\u00e4\u00e4mme vain tarvittavat tiedot, joita tarvitaan kokemuksesi ja palveluidemme parantamiseen.<\/p>\n<h2><span class=\"ez-toc-section\" id=\"The_Use_of_Your_Information\"><\/span>Tietojesi k\u00e4ytt\u00f6<span class=\"ez-toc-section-end\"><\/span><\/h2>\n<p>Sinusta ker\u00e4\u00e4mi\u00e4mme tietoja k\u00e4ytet\u00e4\u00e4n eri tarkoituksiin, mukaan lukien, mutta ei rajoittuen:<\/p>\n<ol>\n<li>Kokemuksesi personointi LiveCasinoFinder.com-sivustolla<\/li>\n<li>Pyynt\u00f6jen ja tapahtumien tehokas k\u00e4sittely<\/li>\n<li>T\u00e4rkeist\u00e4 p\u00e4ivityksist\u00e4 ja kampanjoista tiedottaminen<\/li>\n<li>Tietojen analysointi palveluidemme parantamiseksi ja niiden r\u00e4\u00e4t\u00e4l\u00f6imiseksi mieltymystesi mukaan.<\/li>\n<\/ol>\n<h2><span class=\"ez-toc-section\" id=\"Information_Disclosure_and_Sharing\"><\/span>Tietojen luovuttaminen ja jakaminen<span class=\"ez-toc-section-end\"><\/span><\/h2>\n<p>LiveCasinoFinder.com kunnioittaa tietojesi luottamuksellisuutta. Emme myy, vaihda tai jaa henkil\u00f6tietojasi kolmansille osapuolille, ellei se ole v\u00e4ltt\u00e4m\u00e4t\u00f6nt\u00e4 palveluidemme tarjoamiseksi tai ellei laki sit\u00e4 vaadi. Saatamme jakaa tietojasi luotettavien kumppaneiden, kuten maksujen k\u00e4sittelij\u00f6iden, kanssa yksinomaan palvelujemme toimittamiseksi sinulle.<\/p>\n<h2><span class=\"ez-toc-section\" id=\"Our_Security_Measures\"><\/span>Turvallisuustoimenpiteemme<span class=\"ez-toc-section-end\"><\/span><\/h2>\n<p>Olemme toteuttaneet tehokkaita turvatoimia henkil\u00f6tietojesi suojaamiseksi luvattomalta k\u00e4yt\u00f6lt\u00e4, paljastamiselta, muuttamiselta tai tuhoamiselta. Edistykselliset turvaj\u00e4rjestelm\u00e4mme, salausprotokollat ja tiukat p\u00e4\u00e4synvalvontaj\u00e4rjestelm\u00e4t takaavat tietojesi parhaan mahdollisen suojan. Tarkistamme ja p\u00e4ivit\u00e4mme turvatoimiamme s\u00e4\u00e4nn\u00f6llisesti, jotta voimme stay olla uusien uhkien edell\u00e4 ja yll\u00e4pit\u00e4\u00e4 k\u00e4ytt\u00e4jillemme turvallista ymp\u00e4rist\u00f6\u00e4.<\/p>\n<h2><span class=\"ez-toc-section\" id=\"The_Role_of_Cookies\"><\/span>Ev\u00e4steiden rooli<span class=\"ez-toc-section-end\"><\/span><\/h2>\n<p>LiveCasinoFinder.com k\u00e4ytt\u00e4\u00e4 ev\u00e4steit\u00e4 parantaakseen selauskokemustasi alustallamme. Ev\u00e4steet ovat pieni\u00e4 tekstitiedostoja, jotka tallennetaan laitteeseesi ja joiden avulla voimme tunnistaa sinut ja muokata kokemustasi mieltymystesi mukaan. Sinulla on mahdollisuus hallita ev\u00e4steasetuksiasi selaimesi asetusten kautta. Huomaa kuitenkin, ett\u00e4 ev\u00e4steiden poistaminen k\u00e4yt\u00f6st\u00e4 voi rajoittaa tiettyj\u00e4 verkkosivustomme ominaisuuksia tai toimintoja.<\/p>\n<h2><span class=\"ez-toc-section\" id=\"Third-Party_Links\"><\/span>Kolmannen osapuolen linkit<span class=\"ez-toc-section-end\"><\/span><\/h2>\n<p>Alustamme voi sis\u00e4lt\u00e4\u00e4 linkkej\u00e4 kolmansien osapuolten verkkosivustoille tai palveluihin. Kehotamme sinua olemaan tietoinen siit\u00e4, ett\u00e4 n\u00e4ill\u00e4 verkkosivustoilla on omat tietosuojak\u00e4yt\u00e4nt\u00f6ns\u00e4, jotka voivat poiketa meid\u00e4n tietosuojak\u00e4yt\u00e4nn\u00f6ist\u00e4mme. Suosittelemme tutustumaan alustamme kautta vierailemiesi kolmansien osapuolten verkkosivustojen tietosuojak\u00e4yt\u00e4nt\u00f6ihin, sill\u00e4 emme voi valvoa niiden tietojen ker\u00e4\u00e4mist\u00e4 tai k\u00e4ytt\u00f6\u00e4.<\/p>\n<h2><span class=\"ez-toc-section\" id=\"Policy_on_Childrens_Privacy\"><\/span>Lasten yksityisyyden suojaa koskeva politiikka<span class=\"ez-toc-section-end\"><\/span><\/h2>\n<p>LiveCasinoFinder.com on tarkoitettu henkil\u00f6ille, jotka ovat v\u00e4hint\u00e4\u00e4n 18-vuotiaita tai jotka ovat laillisessa i\u00e4ss\u00e4 online-rahapelien pelaamiseen omalla laink\u00e4ytt\u00f6alueellaan. Emme tietoisesti ker\u00e4\u00e4 tai tallenna henkil\u00f6kohtaisia tietoja alle laillisen i\u00e4n t\u00e4ytt\u00e4neilt\u00e4 henkil\u00f6ilt\u00e4. Jos saamme tiet\u00e4\u00e4 t\u00e4llaisista tiedoista, poistamme ne v\u00e4litt\u00f6m\u00e4sti tiedoistamme.<\/p>\n<h2><span class=\"ez-toc-section\" id=\"Changes_to_This_Privacy_Policy\"><\/span>Muutokset t\u00e4h\u00e4n tietosuojak\u00e4yt\u00e4nt\u00f6\u00f6n<span class=\"ez-toc-section-end\"><\/span><\/h2>\n<p>Saatamme p\u00e4ivitt\u00e4\u00e4 tietosuojak\u00e4yt\u00e4nt\u00f6\u00e4mme m\u00e4\u00e4r\u00e4ajoin vastaamaan k\u00e4yt\u00e4nt\u00f6jemme, lakis\u00e4\u00e4teisten vaatimusten tai palveluiden muutoksia. Kaikista t\u00e4h\u00e4n k\u00e4yt\u00e4nt\u00f6\u00f6n teht\u00e4vist\u00e4 muutoksista ilmoitetaan sinulle n\u00e4kyv\u00e4sti alustallamme olevilla ilmoituksilla. Kehotamme sinua lukemaan tietosuojak\u00e4yt\u00e4nt\u00f6mme s\u00e4\u00e4nn\u00f6llisesti, jotta stay saa tietoa siit\u00e4, miten suojaamme yksityisyytt\u00e4si.<\/p>\n<h2><span class=\"ez-toc-section\" id=\"Your_Rights_to_Your_Personal_Information\"><\/span>Oikeutesi henkil\u00f6tietoihisi<span class=\"ez-toc-section-end\"><\/span><\/h2>\n<p>LiveCasinoFinder.com-sivuston k\u00e4ytt\u00e4j\u00e4n\u00e4 sinulla on tiettyj\u00e4 oikeuksia henkil\u00f6kohtaisten tietojesi suhteen. N\u00e4ihin oikeuksiin voivat kuulua:<\/p>\n<ol>\n<li>P\u00e4\u00e4sy sinusta hallussamme oleviin henkil\u00f6tietoihin<\/li>\n<li>mahdollisuus korjata tai p\u00e4ivitt\u00e4\u00e4 tietojasi<\/li>\n<li>Oikeus pyyt\u00e4\u00e4 henkil\u00f6tietojesi poistamista tietyiss\u00e4 olosuhteissa.<\/li>\n<li>Oikeus rajoittaa tietojesi k\u00e4sittely\u00e4 tai vastustaa sit\u00e4.<\/li>\n<li>oikeus tietojen siirrett\u00e4vyyteen, jolloin voit saada kopion tiedoistasi j\u00e4sennellyss\u00e4, yleisesti k\u00e4ytetyss\u00e4 ja koneellisesti luettavassa muodossa.<\/li>\n<\/ol>\n<p>Jos haluat k\u00e4ytt\u00e4\u00e4 oikeuksiasi tai pyyt\u00e4\u00e4 selvennyst\u00e4 yksityisyyteen liittyviin asioihin, ota yhteytt\u00e4 tukitiimiimme. Autamme sinua nopeasti.<\/p>\n<h2><span class=\"ez-toc-section\" id=\"Retention_of_Data\"><\/span>Tietojen s\u00e4ilytt\u00e4minen<span class=\"ez-toc-section-end\"><\/span><\/h2>\n<p>S\u00e4ilyt\u00e4mme henkil\u00f6tietojasi vain niin kauan kuin se on tarpeen t\u00e4ss\u00e4 tietosuojak\u00e4yt\u00e4nn\u00f6ss\u00e4 esitettyjen tarkoitusten t\u00e4ytt\u00e4miseksi tai lain edellytt\u00e4m\u00e4ll\u00e4 tavalla. Kun tietojasi ei en\u00e4\u00e4 tarvita, h\u00e4vit\u00e4mme ne turvallisesti tietojen s\u00e4ilytt\u00e4misk\u00e4yt\u00e4nt\u00f6jemme mukaisesti.<\/p>\n<h2><span class=\"ez-toc-section\" id=\"International_Data_Transfers\"><\/span>Kansainv\u00e4liset tiedonsiirrot<span class=\"ez-toc-section-end\"><\/span><\/h2>\n<p>Maailmanlaajuisena alustana LiveCasinoFinder.com voi siirt\u00e4\u00e4 ja k\u00e4sitell\u00e4 henkil\u00f6kohtaisia tietojasi eri puolilla maailmaa. Varmistamme, ett\u00e4 k\u00e4yt\u00f6ss\u00e4 on asianmukaiset suojatoimet tietojesi suojaamiseksi kansainv\u00e4listen siirtojen aikana ja ett\u00e4 noudatamme sovellettavia tietosuojalakeja.<\/p>\n<p>LiveCasinoFinder.com on sitoutunut tarjoamaan turvallisen, l\u00e4pin\u00e4kyv\u00e4n ja nautinnollisen peliymp\u00e4rist\u00f6n ja suojelemaan samalla yksityisyytt\u00e4si. Luottamuksesi ja tyytyv\u00e4isyytesi ovat ensisijaisia tavoitteitamme.<\/p>","protected":false},"excerpt":{"rendered":"<p>Me LiveCasinoFinder.com-sivustolla ymm\u00e4rr\u00e4mme, ett\u00e4 on t\u00e4rke\u00e4\u00e4 suojella yksityisyytt\u00e4si ja henkil\u00f6kohtaisten tietojesi luottamuksellisuutta. T\u00e4m\u00e4 tietosuojak\u00e4yt\u00e4nt\u00f6 kertoo vankkumattomasta sitoutumisestamme tietosuojaan ja takaa turvallisen ja miellytt\u00e4v\u00e4n kokemuksen alustallamme. Lupauksemme suojella yksityisyytt\u00e4si Arvostamme yksityisyytt\u00e4si ja asetamme henkil\u00f6kohtaisten tietojesi suojelun etusijalle. [...]<\/p>","protected":false},"author":1,"featured_media":0,"parent":0,"menu_order":0,"comment_status":"closed","ping_status":"closed","template":"page-no-sidebar.php","meta":{"_lmt_disableupdate":"no","_lmt_disable":"no","footnotes":""},"class_list":["post-2109","page","type-page","status-publish","hentry"],"yoast_head":"<!-- This site is optimized with the Yoast SEO plugin v26.4 - https:\/\/yoast.com\/wordpress\/plugins\/seo\/ -->\n<title>Protecting Your Privacy | LiveCasinoFinder.com Privacy Policy<\/title>\n<meta name=\"description\" content=\"At LiveCasinoFinder.com, we prioritize the protection of your data. Our Privacy Policy outlines our commitment to safeguarding your personal information.\" \/>\n<meta name=\"robots\" content=\"index, follow, max-snippet:-1, max-image-preview:large, max-video-preview:-1\" \/>\n<link rel=\"canonical\" href=\"https:\/\/livecasinofinder.com\/wp-json\/wp\/v2\/pages\/2109\/\" \/>\n<meta property=\"og:locale\" content=\"fi_FI\" \/>\n<meta property=\"og:type\" content=\"article\" \/>\n<meta property=\"og:title\" content=\"Protecting Your Privacy | LiveCasinoFinder.com Privacy Policy\" \/>\n<meta property=\"og:description\" content=\"At LiveCasinoFinder.com, we prioritize the protection of your data. Our Privacy Policy outlines our commitment to safeguarding your personal information.\" \/>\n<meta property=\"og:url\" content=\"https:\/\/livecasinofinder.com\/fi\/privacy-policy\/\" \/>\n<meta property=\"og:site_name\" content=\"livecasinofinder.com\" \/>\n<meta property=\"og:image\" content=\"https:\/\/livecasinofinder.com\/wp-content\/uploads\/2023\/03\/lucasoilraceway-logo-1.png\" \/>\n\t<meta property=\"og:image:width\" content=\"427\" \/>\n\t<meta property=\"og:image:height\" content=\"145\" \/>\n\t<meta property=\"og:image:type\" content=\"image\/png\" \/>\n<meta name=\"twitter:card\" content=\"summary_large_image\" \/>\n<meta name=\"twitter:label1\" content=\"Arvioitu lukuaika\" \/>\n\t<meta name=\"twitter:data1\" content=\"4 minuuttia\" \/>\n<!-- \/ Yoast SEO plugin. -->","yoast_head_json":{"title":"Yksityisyytesi suojaaminen | LiveCasinoFinder.com Tietosuojak\u00e4yt\u00e4nn\u00f6t","description":"LiveCasinoFinder.com asettaa tietojesi suojelun etusijalle. Tietosuojak\u00e4yt\u00e4nt\u00f6mme kertoo sitoutumisestamme henkil\u00f6tietojesi suojaamiseen.","robots":{"index":"index","follow":"follow","max-snippet":"max-snippet:-1","max-image-preview":"max-image-preview:large","max-video-preview":"max-video-preview:-1"},"canonical":"https:\/\/livecasinofinder.com\/wp-json\/wp\/v2\/pages\/2109\/","og_locale":"fi_FI","og_type":"article","og_title":"Protecting Your Privacy | LiveCasinoFinder.com Privacy Policy","og_description":"At LiveCasinoFinder.com, we prioritize the protection of your data. Our Privacy Policy outlines our commitment to safeguarding your personal information.","og_url":"https:\/\/livecasinofinder.com\/fi\/privacy-policy\/","og_site_name":"livecasinofinder.com","og_image":[{"width":427,"height":145,"url":"https:\/\/livecasinofinder.com\/wp-content\/uploads\/2023\/03\/lucasoilraceway-logo-1.png","type":"image\/png"}],"twitter_card":"summary_large_image","twitter_misc":{"Arvioitu lukuaika":"4 minuuttia"},"schema":{"@context":"https:\/\/schema.org","@graph":[{"@type":"WebPage","@id":"https:\/\/livecasinofinder.com\/privacy-policy\/","url":"https:\/\/livecasinofinder.com\/privacy-policy\/","name":"Yksityisyytesi suojaaminen | LiveCasinoFinder.com Tietosuojak\u00e4yt\u00e4nn\u00f6t","isPartOf":{"@id":"https:\/\/livecasinofinder.com\/ja\/#website"},"datePublished":"2023-06-20T14:37:04+00:00","description":"LiveCasinoFinder.com asettaa tietojesi suojelun etusijalle. Tietosuojak\u00e4yt\u00e4nt\u00f6mme kertoo sitoutumisestamme henkil\u00f6tietojesi suojaamiseen.","breadcrumb":{"@id":"https:\/\/livecasinofinder.com\/privacy-policy\/#breadcrumb"},"inLanguage":"fi","potentialAction":[{"@type":"ReadAction","target":["https:\/\/livecasinofinder.com\/privacy-policy\/"]}]},{"@type":"BreadcrumbList","@id":"https:\/\/livecasinofinder.com\/privacy-policy\/#breadcrumb","itemListElement":[{"@type":"ListItem","position":1,"name":"LiveCasinoFinder.com","item":"https:\/\/livecasinofinder.com\/fr\/"},{"@type":"ListItem","position":2,"name":"Privacy Policy"}]},{"@type":"WebSite","@id":"https:\/\/livecasinofinder.com\/ja\/#website","url":"https:\/\/livecasinofinder.com\/ja\/","name":"livecasinofinder","description":"","publisher":{"@id":"https:\/\/livecasinofinder.com\/ja\/#organization"},"alternateName":"Lucas oil raceway live casino","potentialAction":[{"@type":"SearchAction","target":{"@type":"EntryPoint","urlTemplate":"https:\/\/livecasinofinder.com\/ja\/?s={search_term_string}"},"query-input":{"@type":"PropertyValueSpecification","valueRequired":true,"valueName":"search_term_string"}}],"inLanguage":"fi"},{"@type":"Organization","@id":"https:\/\/livecasinofinder.com\/ja\/#organization","name":"Live Casino Finder","alternateName":"Lucas oil raceway live casino","url":"https:\/\/livecasinofinder.com\/ja\/","logo":{"@type":"ImageObject","inLanguage":"fi","@id":"https:\/\/livecasinofinder.com\/ja\/#\/schema\/logo\/image\/","url":"https:\/\/livecasinofinder.com\/wp-content\/uploads\/2023\/04\/livecasinofinder-logo.png","contentUrl":"https:\/\/livecasinofinder.com\/wp-content\/uploads\/2023\/04\/livecasinofinder-logo.png","width":1600,"height":453,"caption":"Live Casino Finder"},"image":{"@id":"https:\/\/livecasinofinder.com\/ja\/#\/schema\/logo\/image\/"}}]}},"_links":{"self":[{"href":"https:\/\/livecasinofinder.com\/fi\/wp-json\/wp\/v2\/pages\/2109","targetHints":{"allow":["GET"]}}],"collection":[{"href":"https:\/\/livecasinofinder.com\/fi\/wp-json\/wp\/v2\/pages"}],"about":[{"href":"https:\/\/livecasinofinder.com\/fi\/wp-json\/wp\/v2\/types\/page"}],"author":[{"embeddable":true,"href":"https:\/\/livecasinofinder.com\/fi\/wp-json\/wp\/v2\/users\/1"}],"replies":[{"embeddable":true,"href":"https:\/\/livecasinofinder.com\/fi\/wp-json\/wp\/v2\/comments?post=2109"}],"version-history":[{"count":0,"href":"https:\/\/livecasinofinder.com\/fi\/wp-json\/wp\/v2\/pages\/2109\/revisions"}],"wp:attachment":[{"href":"https:\/\/livecasinofinder.com\/fi\/wp-json\/wp\/v2\/media?parent=2109"}],"curies":[{"name":"wp","href":"https:\/\/api.w.org\/{rel}","templated":true}]}}