{"id":2107,"date":"2023-06-20T14:36:44","date_gmt":"2023-06-20T14:36:44","guid":{"rendered":"https:\/\/livecasinofinder.com\/?page_id=2107"},"modified":"2025-06-03T11:09:24","modified_gmt":"2025-06-03T11:09:24","slug":"disclaimer","status":"publish","type":"page","link":"https:\/\/livecasinofinder.com\/fi\/disclaimer\/","title":{"rendered":"Vastuuvapauslauseke"},"content":{"rendered":"<p>LiveCasinoFinder.com on t\u00e4ydellinen opas kaikille teille uhkapelien harrastajille!\u00a0<em>Oletko koskaan miettinyt, mit\u00e4 live casino:t\u00e4 kokeilla?<\/em>\u00a0Verkkosivustomme toimii majakkana, joka opastaa sinut live-nettikasinoiden mystiseen maailmaan. LiveCasinoFinder.com auttaa sinua l\u00f6yt\u00e4m\u00e4\u00e4n <a href=\"\/fi\/live-casinos\/\">paras live casino<\/a>, vertailla ominaisuuksia ja jopa napata joitakin super-makeisia bonuksia.<\/p>\n<div id=\"ez-toc-container\" class=\"ez-toc-v2_0_63 counter-hierarchy ez-toc-counter ez-toc-grey ez-toc-container-direction\">\n<label for=\"ez-toc-cssicon-toggle-item-69e75d2daadfb\" class=\"ez-toc-cssicon-toggle-label\"><span class=\"ez-toc-cssicon\"><span class=\"eztoc-hide\" style=\"display:none;\">Toggle<\/span><span class=\"ez-toc-icon-toggle-span\"><svg style=\"fill: #999;color:#999\" xmlns=\"http:\/\/www.w3.org\/2000\/svg\" class=\"list-377408\" width=\"20px\" height=\"20px\" viewbox=\"0 0 24 24\" fill=\"none\"><path d=\"M6 6H4v2h2V6zm14 0H8v2h12V6zM4 11h2v2H4v-2zm16 0H8v2h12v-2zM4 16h2v2H4v-2zm16 0H8v2h12v-2z\" fill=\"currentColor\"><\/path><\/svg><svg style=\"fill: #999;color:#999\" class=\"arrow-unsorted-368013\" xmlns=\"http:\/\/www.w3.org\/2000\/svg\" width=\"10px\" height=\"10px\" viewbox=\"0 0 24 24\" version=\"1.2\" baseprofile=\"tiny\"><path d=\"M18.2 9.3l-6.2-6.3-6.2 6.3c-.2.2-.3.4-.3.7s.1.5.3.7c.2.2.4.3.7.3h11c.3 0 .5-.1.7-.3.2-.2.3-.5.3-.7s-.1-.5-.3-.7zM5.8 14.7l6.2 6.3 6.2-6.3c.2-.2.3-.5.3-.7s-.1-.5-.3-.7c-.2-.2-.4-.3-.7-.3h-11c-.3 0-.5.1-.7.3-.2.2-.3.5-.3.7s.1.5.3.7z\"\/><\/svg><\/span><\/span><\/label><input type=\"checkbox\"  id=\"ez-toc-cssicon-toggle-item-69e75d2daadfb\" checked aria-label=\"Toggle\" \/><nav><ul class='ez-toc-list ez-toc-list-level-1' ><li class='ez-toc-page-1 ez-toc-heading-level-2'><a class=\"ez-toc-link ez-toc-heading-1\" href=\"https:\/\/livecasinofinder.com\/fi\/disclaimer\/#Objective_of_LiveCasinoFindercom\" title=\"LiveCasinoFinder.comin tavoite\">LiveCasinoFinder.comin tavoite<\/a><\/li><li class='ez-toc-page-1 ez-toc-heading-level-2'><a class=\"ez-toc-link ez-toc-heading-2\" href=\"https:\/\/livecasinofinder.com\/fi\/disclaimer\/#Limitations_and_Liability\" title=\"Rajoitukset ja vastuu\">Rajoitukset ja vastuu<\/a><ul class='ez-toc-list-level-3' ><li class='ez-toc-heading-level-3'><a class=\"ez-toc-link ez-toc-heading-3\" href=\"https:\/\/livecasinofinder.com\/fi\/disclaimer\/#Validity_of_Information\" title=\"Tietojen p\u00e4tevyys\">Tietojen p\u00e4tevyys<\/a><\/li><li class='ez-toc-page-1 ez-toc-heading-level-3'><a class=\"ez-toc-link ez-toc-heading-4\" href=\"https:\/\/livecasinofinder.com\/fi\/disclaimer\/#User_Responsibilities\" title=\"K\u00e4ytt\u00e4j\u00e4n velvollisuudet\">K\u00e4ytt\u00e4j\u00e4n velvollisuudet<\/a><ul class='ez-toc-list-level-4' ><li class='ez-toc-heading-level-4'><a class=\"ez-toc-link ez-toc-heading-5\" href=\"https:\/\/livecasinofinder.com\/fi\/disclaimer\/#Age_Restrictions\" title=\"Ik\u00e4rajoitukset\">Ik\u00e4rajoitukset<\/a><\/li><li class='ez-toc-page-1 ez-toc-heading-level-4'><a class=\"ez-toc-link ez-toc-heading-6\" href=\"https:\/\/livecasinofinder.com\/fi\/disclaimer\/#Responsible_Gambling\" title=\"Vastuullinen pelaaminen\">Vastuullinen pelaaminen<\/a><\/li><\/ul><\/li><\/ul><\/li><li class='ez-toc-page-1 ez-toc-heading-level-2'><a class=\"ez-toc-link ez-toc-heading-7\" href=\"https:\/\/livecasinofinder.com\/fi\/disclaimer\/#Third-Party_Content_and_Links\" title=\"Kolmannen osapuolen sis\u00e4lt\u00f6 ja linkit\">Kolmannen osapuolen sis\u00e4lt\u00f6 ja linkit<\/a><ul class='ez-toc-list-level-3' ><li class='ez-toc-heading-level-3'><a class=\"ez-toc-link ez-toc-heading-8\" href=\"https:\/\/livecasinofinder.com\/fi\/disclaimer\/#External_Links\" title=\"Ulkoiset linkit\">Ulkoiset linkit<\/a><\/li><li class='ez-toc-page-1 ez-toc-heading-level-3'><a class=\"ez-toc-link ez-toc-heading-9\" href=\"https:\/\/livecasinofinder.com\/fi\/disclaimer\/#Affiliations_and_Partnerships\" title=\"Liittym\u00e4t ja kumppanuudet\">Liittym\u00e4t ja kumppanuudet<\/a><\/li><\/ul><\/li><li class='ez-toc-page-1 ez-toc-heading-level-2'><a class=\"ez-toc-link ez-toc-heading-10\" href=\"https:\/\/livecasinofinder.com\/fi\/disclaimer\/#Intellectual_Property\" title=\"Immateriaalioikeudet\">Immateriaalioikeudet<\/a><ul class='ez-toc-list-level-3' ><li class='ez-toc-heading-level-3'><a class=\"ez-toc-link ez-toc-heading-11\" href=\"https:\/\/livecasinofinder.com\/fi\/disclaimer\/#Copyrights\" title=\"Tekij\u00e4noikeudet\">Tekij\u00e4noikeudet<\/a><\/li><li class='ez-toc-page-1 ez-toc-heading-level-3'><a class=\"ez-toc-link ez-toc-heading-12\" href=\"https:\/\/livecasinofinder.com\/fi\/disclaimer\/#Use_of_Content\" title=\"Sis\u00e4ll\u00f6n k\u00e4ytt\u00f6\">Sis\u00e4ll\u00f6n k\u00e4ytt\u00f6<\/a><\/li><li class='ez-toc-page-1 ez-toc-heading-level-3'><a class=\"ez-toc-link ez-toc-heading-13\" href=\"https:\/\/livecasinofinder.com\/fi\/disclaimer\/#Indemnification\" title=\"Vahingonkorvaus\">Vahingonkorvaus<\/a><\/li><\/ul><\/li><li class='ez-toc-page-1 ez-toc-heading-level-2'><a class=\"ez-toc-link ez-toc-heading-14\" href=\"https:\/\/livecasinofinder.com\/fi\/disclaimer\/#Governing_Law_and_Jurisdiction\" title=\"Sovellettava laki ja toimivalta\">Sovellettava laki ja toimivalta<\/a><\/li><li class='ez-toc-page-1 ez-toc-heading-level-2'><a class=\"ez-toc-link ez-toc-heading-15\" href=\"https:\/\/livecasinofinder.com\/fi\/disclaimer\/#Updates_to_Disclaimer\" title=\"P\u00e4ivitykset vastuuvapauslausekkeeseen\">P\u00e4ivitykset vastuuvapauslausekkeeseen<\/a><\/li><li class='ez-toc-page-1 ez-toc-heading-level-2'><a class=\"ez-toc-link ez-toc-heading-16\" href=\"https:\/\/livecasinofinder.com\/fi\/disclaimer\/#Contact_Information\" title=\"Yhteystiedot\">Yhteystiedot<\/a><\/li><li class='ez-toc-page-1 ez-toc-heading-level-2'><a class=\"ez-toc-link ez-toc-heading-17\" href=\"https:\/\/livecasinofinder.com\/fi\/disclaimer\/#Conclusion\" title=\"P\u00e4\u00e4telm\u00e4\">P\u00e4\u00e4telm\u00e4<\/a><\/li><\/ul><\/nav><\/div>\n\n<h2><span class=\"ez-toc-section\" id=\"Objective_of_LiveCasinoFindercom\"><\/span>LiveCasinoFinder.comin tavoite<span class=\"ez-toc-section-end\"><\/span><\/h2>\n<p>LiveCasinoFinder.comilla on yksi tavoite:\u00a0<em>jotta nettipelaamisesi olisi sujuvampaa kuin v\u00e4risuora.<\/em>. Tarjoamme sinulle luotettavaa tietoa, asiantuntijoiden n\u00e4kemyksi\u00e4 ja huippuluokan strategioita. Muista kuitenkin, ett\u00e4 me olemme Gandalf sinun Frodollesi; lopullinen teht\u00e4v\u00e4 on sinun teht\u00e4v\u00e4si.<\/p>\n<h2><span class=\"ez-toc-section\" id=\"Limitations_and_Liability\"><\/span>Rajoitukset ja vastuu<span class=\"ez-toc-section-end\"><\/span><\/h2>\n<p>Kuten rohkea merirosvoseikkailu, matkasi t\u00e4nne tapahtuu omalla vastuullasi. Emme ole vastuussa mist\u00e4\u00e4n menetyksist\u00e4 tai vahingoista. Aarrekarttamme ovat oppaita; riskit ovat sinun vastuullasi.<\/p>\n<h3><span class=\"ez-toc-section\" id=\"Validity_of_Information\"><\/span>Tietojen p\u00e4tevyys<span class=\"ez-toc-section-end\"><\/span><\/h3>\n<p>Olemme panostaneet syd\u00e4memme ja sielumme siihen, ett\u00e4 saat mahdollisimman tarkat ja ajantasaiset tiedot. Kuitenkin, aivan kuten pokerissa, joskus asiat muuttuvat arvaamattomasti. N\u00e4in ollen emme voi taata, ett\u00e4 kaikki, mit\u00e4 l\u00f6yd\u00e4t t\u00e4\u00e4lt\u00e4, on aina tuoretta kuin p\u00e4iv\u00e4nkakkara.<\/p>\n<h3><span class=\"ez-toc-section\" id=\"User_Responsibilities\"><\/span>K\u00e4ytt\u00e4j\u00e4n velvollisuudet<span class=\"ez-toc-section-end\"><\/span><\/h3>\n<h4><span class=\"ez-toc-section\" id=\"Age_Restrictions\"><\/span>Ik\u00e4rajoitukset<span class=\"ez-toc-section-end\"><\/span><\/h4>\n<p>Oletko tarpeeksi vanha heitt\u00e4m\u00e4\u00e4n noppaa? Ennen kuin astut LiveCasinoFinder.comin j\u00e4nnitt\u00e4v\u00e4\u00e4n maailmaan, varmista, ett\u00e4 olet t\u00e4ysi-ik\u00e4inen pelaamaan. Jos et ole, on aika h\u00e4ipy\u00e4 t\u00e4\u00e4lt\u00e4!<\/p>\n<h4><span class=\"ez-toc-section\" id=\"Responsible_Gambling\"><\/span>Vastuullinen pelaaminen<span class=\"ez-toc-section-end\"><\/span><\/h4>\n<p>Uhkapelaamisen pit\u00e4isi olla kuin hienon viinin nauttiminen - se pit\u00e4isi tehd\u00e4 vastuullisesti. Muista aina pit\u00e4\u00e4 j\u00e4rki p\u00e4\u00e4ss\u00e4si, \u00e4l\u00e4k\u00e4 koskaan pelaa enemp\u00e4\u00e4 kuin sinulla on varaa menett\u00e4\u00e4. Ajattele sit\u00e4 yst\u00e4v\u00e4llisen\u00e4 peli-iltana; olet t\u00e4\u00e4ll\u00e4 hauskanpitoa varten, et tyhjent\u00e4m\u00e4ss\u00e4 s\u00e4\u00e4st\u00f6j\u00e4si!<\/p>\n<h2><span class=\"ez-toc-section\" id=\"Third-Party_Content_and_Links\"><\/span>Kolmannen osapuolen sis\u00e4lt\u00f6 ja linkit<span class=\"ez-toc-section-end\"><\/span><\/h2>\n<h3><span class=\"ez-toc-section\" id=\"External_Links\"><\/span>Ulkoiset linkit<span class=\"ez-toc-section-end\"><\/span><\/h3>\n<p><em>Tuntuuko koskaan silt\u00e4, ett\u00e4 haluat tutkia uusia maailmoja?<\/em>\u00a0Tarjoamme linkkej\u00e4 kolmansien osapuolten sivustoille. Ole kuitenkin varovainen, nuori tutkimusmatkailija. Emme ole vastuussa mist\u00e4\u00e4n lohik\u00e4\u00e4rmeist\u00e4 tai sis\u00e4ll\u00f6st\u00e4, johon saatat t\u00f6rm\u00e4t\u00e4 siell\u00e4.<\/p>\n<h3><span class=\"ez-toc-section\" id=\"Affiliations_and_Partnerships\"><\/span>Liittym\u00e4t ja kumppanuudet<span class=\"ez-toc-section-end\"><\/span><\/h3>\n<p>Olemme ylpeit\u00e4 voidessamme olla yhteydess\u00e4 alan kuninkaallisiin. Silti rehellisyytemme pysyy koskemattomana ja mielipiteemme muuttumattomina. Kumppanuudet eiv\u00e4t hallitse meit\u00e4, me hallitsemme niit\u00e4!<\/p>\n<h2><span class=\"ez-toc-section\" id=\"Intellectual_Property\"><\/span>Immateriaalioikeudet<span class=\"ez-toc-section-end\"><\/span><\/h2>\n<h3><span class=\"ez-toc-section\" id=\"Copyrights\"><\/span>Tekij\u00e4noikeudet<span class=\"ez-toc-section-end\"><\/span><\/h3>\n<p>Sis\u00e4lt\u00f6mme on ainutlaatuista kuin yksisarvinen, ja se on suojattu tekij\u00e4noikeuslakien lumoavan suojan alla. Kunnioittakaa valtakuntaa, \u00e4lk\u00e4\u00e4 varastako sis\u00e4lt\u00f6\u00e4mme!<\/p>\n<h3><span class=\"ez-toc-section\" id=\"Use_of_Content\"><\/span>Sis\u00e4ll\u00f6n k\u00e4ytt\u00f6<span class=\"ez-toc-section-end\"><\/span><\/h3>\n<p>Voit vapaasti k\u00e4ytt\u00e4\u00e4 sis\u00e4lt\u00f6\u00e4mme, mutta muista mainita maaginen l\u00e4hde, LiveCasinoFinder.com.\u00a0<em>Etk\u00f6 antaisi tunnustusta velholle, joka ojensi sinulle aarrekartan?<\/em><\/p>\n<h3><span class=\"ez-toc-section\" id=\"Indemnification\"><\/span>Vahingonkorvaus<span class=\"ez-toc-section-end\"><\/span><\/h3>\n<p>Jos tekosi johtavat oikeudellisiin ongelmiin, se on kuin k\u00e4velisi lankkua yksin; emme jaa kaatumista. Sinun on korvattava meid\u00e4t kaikista vaatimuksista, jotka johtuvat aarrekarttojemme k\u00e4yt\u00f6st\u00e4si.<\/p>\n<h2><span class=\"ez-toc-section\" id=\"Governing_Law_and_Jurisdiction\"><\/span>Sovellettava laki ja toimivalta<span class=\"ez-toc-section-end\"><\/span><\/h2>\n<p>LiveCasinoFinder.comin maata s\u00e4\u00e4telev\u00e4t lait ovat tiukkoja ja sitovia. Mahdolliset riidat ratkaistaan juridisten kotkien valvovan silm\u00e4n alla maan lakien mukaisesti.<\/p>\n<h2><span class=\"ez-toc-section\" id=\"Updates_to_Disclaimer\"><\/span>P\u00e4ivitykset vastuuvapauslausekkeeseen<span class=\"ez-toc-section-end\"><\/span><\/h2>\n<p>Saatamme p\u00e4ivitt\u00e4\u00e4 t\u00e4t\u00e4 vastuuvapauslauseketta kuin laiva vaihtaa kurssia. Pid\u00e4 kaukoputkesi suunnattuna t\u00e4h\u00e4n sivuun, jotta stay on ajan tasalla.<\/p>\n<h2><span class=\"ez-toc-section\" id=\"Contact_Information\"><\/span>Yhteystiedot<span class=\"ez-toc-section-end\"><\/span><\/h2>\n<p>Jos haluat ottaa yhteytt\u00e4, l\u00e4het\u00e4 meille viesti pulloon tai ota yhteytt\u00e4 verkkosivujemme kautta. Arvostamme palautetta kuin merirosvo kultaa!<\/p>\n<h2><span class=\"ez-toc-section\" id=\"Conclusion\"><\/span>P\u00e4\u00e4telm\u00e4<span class=\"ez-toc-section-end\"><\/span><\/h2>\n<p>Niinp\u00e4, hyv\u00e4t seikkailijat, se kietoo LiveCasinoFinder.comin virallisen vastuuvapauslausekkeen k\u00e4\u00e4r\u00f6n. Muistakaa, ett\u00e4 suuren vallan (tai tiedon, t\u00e4ss\u00e4 tapauksessa) my\u00f6t\u00e4 tulee suuri vastuu. K\u00e4ytt\u00e4k\u00e4\u00e4 aarrekarttoja viisaasti ja olkoon etsint\u00e4nne t\u00e4ynn\u00e4 rikkauksia!<\/p>","protected":false},"excerpt":{"rendered":"<p>LiveCasinoFinder.com on t\u00e4ydellinen opas kaikille teille uhkapelien harrastajille! Oletko koskaan ollut pulassa siit\u00e4, mit\u00e4 live casino kokeilla? Sivustomme toimii majakkana, joka opastaa sinua live-nettikasinoiden mystisess\u00e4 maailmassa. LiveCasinoFinder.com auttaa sinua l\u00f6yt\u00e4m\u00e4\u00e4n parhaat live casino:t, vertailemaan ominaisuuksia ja jopa nappaamaan super-makeat bonukset. Tavoite [...]<\/p>","protected":false},"author":1,"featured_media":0,"parent":0,"menu_order":0,"comment_status":"closed","ping_status":"closed","template":"page-no-sidebar.php","meta":{"_lmt_disableupdate":"no","_lmt_disable":"no","footnotes":""},"class_list":["post-2107","page","type-page","status-publish","hentry"],"yoast_head":"<!-- This site is optimized with the Yoast SEO plugin v26.4 - https:\/\/yoast.com\/wordpress\/plugins\/seo\/ -->\n<title>Disclaimer and Important Information<\/title>\n<meta name=\"description\" content=\"Read Live Casino Finder\u2019s disclaimer to understand our policies and ensure a clear and transparent experience when using our live casino guides and reviews.\" \/>\n<meta name=\"robots\" content=\"index, follow, max-snippet:-1, max-image-preview:large, max-video-preview:-1\" \/>\n<link rel=\"canonical\" href=\"https:\/\/livecasinofinder.com\/wp-json\/wp\/v2\/pages\/2107\/\" \/>\n<meta property=\"og:locale\" content=\"fi_FI\" \/>\n<meta property=\"og:type\" content=\"article\" \/>\n<meta property=\"og:title\" content=\"Disclaimer and Important Information\" \/>\n<meta property=\"og:description\" content=\"Read Live Casino Finder\u2019s disclaimer to understand our policies and ensure a clear and transparent experience when using our live casino guides and reviews.\" \/>\n<meta property=\"og:url\" content=\"https:\/\/livecasinofinder.com\/fi\/disclaimer\/\" \/>\n<meta property=\"og:site_name\" content=\"livecasinofinder.com\" \/>\n<meta property=\"article:modified_time\" content=\"2025-06-03T11:09:24+00:00\" \/>\n<meta property=\"og:image\" content=\"https:\/\/livecasinofinder.com\/wp-content\/uploads\/2023\/03\/lucasoilraceway-logo-1.png\" \/>\n\t<meta property=\"og:image:width\" content=\"427\" \/>\n\t<meta property=\"og:image:height\" content=\"145\" \/>\n\t<meta property=\"og:image:type\" content=\"image\/png\" \/>\n<meta name=\"twitter:card\" content=\"summary_large_image\" \/>\n<meta name=\"twitter:label1\" content=\"Arvioitu lukuaika\" \/>\n\t<meta name=\"twitter:data1\" content=\"3 minuuttia\" \/>\n<!-- \/ Yoast SEO plugin. -->","yoast_head_json":{"title":"Disclaimer and Important Information","description":"Read Live Casino Finder\u2019s disclaimer to understand our policies and ensure a clear and transparent experience when using our live casino guides and reviews.","robots":{"index":"index","follow":"follow","max-snippet":"max-snippet:-1","max-image-preview":"max-image-preview:large","max-video-preview":"max-video-preview:-1"},"canonical":"https:\/\/livecasinofinder.com\/wp-json\/wp\/v2\/pages\/2107\/","og_locale":"fi_FI","og_type":"article","og_title":"Disclaimer and Important Information","og_description":"Read Live Casino Finder\u2019s disclaimer to understand our policies and ensure a clear and transparent experience when using our live casino guides and reviews.","og_url":"https:\/\/livecasinofinder.com\/fi\/disclaimer\/","og_site_name":"livecasinofinder.com","article_modified_time":"2025-06-03T11:09:24+00:00","og_image":[{"width":427,"height":145,"url":"https:\/\/livecasinofinder.com\/wp-content\/uploads\/2023\/03\/lucasoilraceway-logo-1.png","type":"image\/png"}],"twitter_card":"summary_large_image","twitter_misc":{"Arvioitu lukuaika":"3 minuuttia"},"schema":{"@context":"https:\/\/schema.org","@graph":[{"@type":"WebPage","@id":"https:\/\/livecasinofinder.com\/disclaimer\/","url":"https:\/\/livecasinofinder.com\/disclaimer\/","name":"Disclaimer and Important Information","isPartOf":{"@id":"https:\/\/livecasinofinder.com\/ja\/#website"},"datePublished":"2023-06-20T14:36:44+00:00","dateModified":"2025-06-03T11:09:24+00:00","description":"Read Live Casino Finder\u2019s disclaimer to understand our policies and ensure a clear and transparent experience when using our live casino guides and reviews.","breadcrumb":{"@id":"https:\/\/livecasinofinder.com\/disclaimer\/#breadcrumb"},"inLanguage":"fi","potentialAction":[{"@type":"ReadAction","target":["https:\/\/livecasinofinder.com\/disclaimer\/"]}]},{"@type":"BreadcrumbList","@id":"https:\/\/livecasinofinder.com\/disclaimer\/#breadcrumb","itemListElement":[{"@type":"ListItem","position":1,"name":"LiveCasinoFinder.com","item":"https:\/\/livecasinofinder.com\/fr\/"},{"@type":"ListItem","position":2,"name":"Disclaimer"}]},{"@type":"WebSite","@id":"https:\/\/livecasinofinder.com\/ja\/#website","url":"https:\/\/livecasinofinder.com\/ja\/","name":"livecasinofinder","description":"","publisher":{"@id":"https:\/\/livecasinofinder.com\/ja\/#organization"},"alternateName":"Lucas oil raceway live casino","potentialAction":[{"@type":"SearchAction","target":{"@type":"EntryPoint","urlTemplate":"https:\/\/livecasinofinder.com\/ja\/?s={search_term_string}"},"query-input":{"@type":"PropertyValueSpecification","valueRequired":true,"valueName":"search_term_string"}}],"inLanguage":"fi"},{"@type":"Organization","@id":"https:\/\/livecasinofinder.com\/ja\/#organization","name":"Live Casino Finder","alternateName":"Lucas oil raceway live casino","url":"https:\/\/livecasinofinder.com\/ja\/","logo":{"@type":"ImageObject","inLanguage":"fi","@id":"https:\/\/livecasinofinder.com\/ja\/#\/schema\/logo\/image\/","url":"https:\/\/livecasinofinder.com\/wp-content\/uploads\/2023\/04\/livecasinofinder-logo.png","contentUrl":"https:\/\/livecasinofinder.com\/wp-content\/uploads\/2023\/04\/livecasinofinder-logo.png","width":1600,"height":453,"caption":"Live Casino Finder"},"image":{"@id":"https:\/\/livecasinofinder.com\/ja\/#\/schema\/logo\/image\/"}}]}},"_links":{"self":[{"href":"https:\/\/livecasinofinder.com\/fi\/wp-json\/wp\/v2\/pages\/2107","targetHints":{"allow":["GET"]}}],"collection":[{"href":"https:\/\/livecasinofinder.com\/fi\/wp-json\/wp\/v2\/pages"}],"about":[{"href":"https:\/\/livecasinofinder.com\/fi\/wp-json\/wp\/v2\/types\/page"}],"author":[{"embeddable":true,"href":"https:\/\/livecasinofinder.com\/fi\/wp-json\/wp\/v2\/users\/1"}],"replies":[{"embeddable":true,"href":"https:\/\/livecasinofinder.com\/fi\/wp-json\/wp\/v2\/comments?post=2107"}],"version-history":[{"count":0,"href":"https:\/\/livecasinofinder.com\/fi\/wp-json\/wp\/v2\/pages\/2107\/revisions"}],"wp:attachment":[{"href":"https:\/\/livecasinofinder.com\/fi\/wp-json\/wp\/v2\/media?parent=2107"}],"curies":[{"name":"wp","href":"https:\/\/api.w.org\/{rel}","templated":true}]}}