{"id":2105,"date":"2023-06-20T14:36:13","date_gmt":"2023-06-20T14:36:13","guid":{"rendered":"https:\/\/livecasinofinder.com\/?page_id=2105"},"modified":"2025-06-03T11:10:21","modified_gmt":"2025-06-03T11:10:21","slug":"cookie-policy","status":"publish","type":"page","link":"https:\/\/livecasinofinder.com\/fi\/cookie-policy\/","title":{"rendered":"Ev\u00e4stek\u00e4yt\u00e4nt\u00f6"},"content":{"rendered":"<p>Tervetuloa <a href=\"\/fi\/\">Live Casino Finder<\/a>, perimm\u00e4inen m\u00e4\u00e4r\u00e4np\u00e4\u00e4si kaikelle live casino-pelaamiseen liittyv\u00e4lle! Olemme omistautuneet tarjoamaan sinulle mukaansatempaavan ja j\u00e4nnitt\u00e4v\u00e4n online-pelikokemuksen kuin mik\u00e4\u00e4n muu. Aloittaessamme t\u00e4m\u00e4n riemastuttavan matkan together, haluamme valottaa kattavaa ev\u00e4stek\u00e4yt\u00e4nt\u00f6\u00e4mme. Sitoutumisemme avoimuuteen, yksityisyyteen ja poikkeuksellisen k\u00e4ytt\u00e4j\u00e4kokemuksen tarjoamiseen on etusijalla kaikessa toiminnassamme.<\/p>\n<div id=\"ez-toc-container\" class=\"ez-toc-v2_0_63 counter-hierarchy ez-toc-counter ez-toc-grey ez-toc-container-direction\">\n<label for=\"ez-toc-cssicon-toggle-item-69e0b248416f2\" class=\"ez-toc-cssicon-toggle-label\"><span class=\"ez-toc-cssicon\"><span class=\"eztoc-hide\" style=\"display:none;\">Toggle<\/span><span class=\"ez-toc-icon-toggle-span\"><svg style=\"fill: #999;color:#999\" xmlns=\"http:\/\/www.w3.org\/2000\/svg\" class=\"list-377408\" width=\"20px\" height=\"20px\" viewbox=\"0 0 24 24\" fill=\"none\"><path d=\"M6 6H4v2h2V6zm14 0H8v2h12V6zM4 11h2v2H4v-2zm16 0H8v2h12v-2zM4 16h2v2H4v-2zm16 0H8v2h12v-2z\" fill=\"currentColor\"><\/path><\/svg><svg style=\"fill: #999;color:#999\" class=\"arrow-unsorted-368013\" xmlns=\"http:\/\/www.w3.org\/2000\/svg\" width=\"10px\" height=\"10px\" viewbox=\"0 0 24 24\" version=\"1.2\" baseprofile=\"tiny\"><path d=\"M18.2 9.3l-6.2-6.3-6.2 6.3c-.2.2-.3.4-.3.7s.1.5.3.7c.2.2.4.3.7.3h11c.3 0 .5-.1.7-.3.2-.2.3-.5.3-.7s-.1-.5-.3-.7zM5.8 14.7l6.2 6.3 6.2-6.3c.2-.2.3-.5.3-.7s-.1-.5-.3-.7c-.2-.2-.4-.3-.7-.3h-11c-.3 0-.5.1-.7.3-.2.2-.3.5-.3.7s.1.5.3.7z\"\/><\/svg><\/span><\/span><\/label><input type=\"checkbox\"  id=\"ez-toc-cssicon-toggle-item-69e0b248416f2\" checked aria-label=\"Toggle\" \/><nav><ul class='ez-toc-list ez-toc-list-level-1' ><li class='ez-toc-page-1 ez-toc-heading-level-2'><a class=\"ez-toc-link ez-toc-heading-1\" href=\"https:\/\/livecasinofinder.com\/fi\/cookie-policy\/#Live_Casino_Finder_Comprehensive_Cookie_Policy\" title=\"Live Casino Finder Kattava ev\u00e4stek\u00e4yt\u00e4nt\u00f6\">Live Casino Finder Kattava ev\u00e4stek\u00e4yt\u00e4nt\u00f6<\/a><\/li><li class='ez-toc-page-1 ez-toc-heading-level-2'><a class=\"ez-toc-link ez-toc-heading-2\" href=\"https:\/\/livecasinofinder.com\/fi\/cookie-policy\/#Exploring_the_Concept_of_Cookies\" title=\"Ev\u00e4steiden k\u00e4sitteen tutkiminen\">Ev\u00e4steiden k\u00e4sitteen tutkiminen<\/a><\/li><li class='ez-toc-page-1 ez-toc-heading-level-2'><a class=\"ez-toc-link ez-toc-heading-3\" href=\"https:\/\/livecasinofinder.com\/fi\/cookie-policy\/#Our_Application_of_Cookies\" title=\"Ev\u00e4steiden k\u00e4ytt\u00f6\">Ev\u00e4steiden k\u00e4ytt\u00f6<\/a><\/li><li class='ez-toc-page-1 ez-toc-heading-level-2'><a class=\"ez-toc-link ez-toc-heading-4\" href=\"https:\/\/livecasinofinder.com\/fi\/cookie-policy\/#Categories_of_Cookies_We_Use\" title=\"K\u00e4ytt\u00e4miemme ev\u00e4steiden luokat\">K\u00e4ytt\u00e4miemme ev\u00e4steiden luokat<\/a><\/li><li class='ez-toc-page-1 ez-toc-heading-level-2'><a class=\"ez-toc-link ez-toc-heading-5\" href=\"https:\/\/livecasinofinder.com\/fi\/cookie-policy\/#Managing_Your_Cookie_Preferences\" title=\"Ev\u00e4steasetusten hallinta\">Ev\u00e4steasetusten hallinta<\/a><\/li><\/ul><\/nav><\/div>\n\n<h2><span class=\"ez-toc-section\" id=\"Live_Casino_Finder_Comprehensive_Cookie_Policy\"><\/span>Live Casino Finder Kattava ev\u00e4stek\u00e4yt\u00e4nt\u00f6<span class=\"ez-toc-section-end\"><\/span><\/h2>\n<p>Live Casino Finderissa asetamme yksityisyytesi etusijalle ja tarjoamme samalla yksil\u00f6llisen ja saumattoman selauskokemuksen. Kattava ev\u00e4stek\u00e4yt\u00e4nt\u00f6mme on suunniteltu tarjoamaan sinulle selkeytt\u00e4 ja varmuutta, jotta yksityisyytesi pysyy suojattuna, kun tutustut live casino-pelaamisen kiehtovaan maailmaan.<\/p>\n<h2><span class=\"ez-toc-section\" id=\"Exploring_the_Concept_of_Cookies\"><\/span>Ev\u00e4steiden k\u00e4sitteen tutkiminen<span class=\"ez-toc-section-end\"><\/span><\/h2>\n<p>Ev\u00e4steet ovat pieni\u00e4 tekstitiedostoja, jotka l\u00e4hetet\u00e4\u00e4n laitteellesi, kun vierailet verkkosivustollamme. N\u00e4ill\u00e4 digitaalisilla ihmeill\u00e4 on ratkaiseva rooli optimoidessamme vierailuasi luonamme. Koska ev\u00e4steet mahdollistavat sen, ett\u00e4 voimme tunnistaa ja muistaa sinut, ne mahdollistavat saumattoman ja yksil\u00f6llisen matkan, joka on r\u00e4\u00e4t\u00e4l\u00f6ity mieltymystesi mukaan. Me Live Casino Finderissa hy\u00f6dynn\u00e4mme ev\u00e4steiden voimaa tehdaksemme kokemuksestasi miellytt\u00e4v\u00e4mm\u00e4n, tehokkaamman ja vuorovaikutteisemman.<\/p>\n<h2><span class=\"ez-toc-section\" id=\"Our_Application_of_Cookies\"><\/span>Ev\u00e4steiden k\u00e4ytt\u00f6<span class=\"ez-toc-section-end\"><\/span><\/h2>\n<p>Hy\u00f6dynn\u00e4mme ev\u00e4steit\u00e4, jotta voimme nostaa live casino-peliseikkailusi uusiin korkeuksiin. N\u00e4m\u00e4 tehokkaat ty\u00f6kalut auttavat meit\u00e4 tarjoamaan r\u00e4\u00e4t\u00e4l\u00f6ityj\u00e4 ja k\u00e4ytt\u00e4j\u00e4keskeisi\u00e4 kokemuksia. Ev\u00e4steiden avulla voimme muistaa mieltymyksesi ja varmistaa, ett\u00e4 jokainen vierailu tuntuu r\u00e4\u00e4t\u00e4l\u00f6idylt\u00e4 kutsulta j\u00e4nnityksen maailmaan. Whetherityisesti pelisuosituksia, muistamalla haluamasi asetukset tai tarjoamalla sinulle eksklusiivisia kampanjoita, ev\u00e4steet antavat meille mahdollisuuden luoda unohtumattoman kokemuksen juuri sinua varten.<\/p>\n<h2><span class=\"ez-toc-section\" id=\"Categories_of_Cookies_We_Use\"><\/span>K\u00e4ytt\u00e4miemme ev\u00e4steiden luokat<span class=\"ez-toc-section-end\"><\/span><\/h2>\n<ol>\n<li>V\u00e4ltt\u00e4m\u00e4tt\u00f6m\u00e4t ev\u00e4steet: N\u00e4m\u00e4 ev\u00e4steet ovat v\u00e4ltt\u00e4m\u00e4tt\u00f6mi\u00e4 verkkosivustomme perustoiminnalle. Ne mahdollistavat kriittiset toiminnot, kuten turvalliset kirjautumiset, tilinhallinnan ja saumattomat tapahtumat, ja varmistavat, ett\u00e4 pelikokemuksesi pysyy sujuvana ja keskeytym\u00e4tt\u00f6m\u00e4n\u00e4.<\/li>\n<li>Suorituskykyev\u00e4steet: Live Casino Finder pyrkii tarjoamaan sinulle parhaan live casino-pelikokemuksen. Suorituskykyev\u00e4steiden avulla voimme ker\u00e4t\u00e4 tietoa siit\u00e4, miten navigoit verkkosivustollamme, jotta voimme analysoida ja optimoida alustamme suorituskyky\u00e4. Parantamalla jatkuvasti palveluitamme varmistamme, ett\u00e4 pelikokemuksesi on nopea, luotettava ja poikkeuksellinen.<\/li>\n<li>Toiminnalliset ev\u00e4steet: Toiminnallisuuden ev\u00e4steet: Sitoutumisemme personointiin n\u00e4kyy toiminnallisuuden ev\u00e4steiden k\u00e4yt\u00f6ss\u00e4. N\u00e4iden ev\u00e4steiden avulla voimme muistaa mieltymyksesi ja luoda juuri sinulle r\u00e4\u00e4t\u00e4l\u00f6idyn ja mukaansatempaavan peliymp\u00e4rist\u00f6n. Toiminnallisuuden ev\u00e4steet tekev\u00e4t live casino-peliseikkailustasi unohtumattoman aina kieliasetusten muistamisesta merkityksellisten pelivaihtoehtojen tarjoamiseen.<\/li>\n<\/ol>\n<h2><span class=\"ez-toc-section\" id=\"Managing_Your_Cookie_Preferences\"><\/span>Ev\u00e4steasetusten hallinta<span class=\"ez-toc-section-end\"><\/span><\/h2>\n<p>Uskomme, ett\u00e4 sinun pit\u00e4isi hallita yksityisyytt\u00e4si ja selauskokemustasi. Live Casino Finder tarjoaa sinulle helppoja vaihtoehtoja hallita ev\u00e4steasetuksiasi mieltymystesi mukaan. Voit s\u00e4\u00e4t\u00e4\u00e4 asetuksiasi selaimesi kautta ja valita ev\u00e4steiden hyv\u00e4ksymisen tai hylk\u00e4\u00e4misen. Huomaa kuitenkin, ett\u00e4 ev\u00e4steiden poistaminen k\u00e4yt\u00f6st\u00e4 voi rajoittaa tiettyj\u00e4 verkkosivustomme ominaisuuksia ja toimintoja. Pyrimme saavuttamaan t\u00e4ydellisen tasapainon personoinnin ja yksityisyyden v\u00e4lill\u00e4, varmistaen, ett\u00e4 matkasi Live Casino Finderin kanssa on turvallinen, saumaton ja r\u00e4\u00e4t\u00e4l\u00f6ity toiveittesi mukaan.<\/p>\n<p>Lopuksi, Live Casino Finderin kattava ev\u00e4stek\u00e4yt\u00e4nt\u00f6 osoittaa vankkumattoman sitoutumisemme avoimuuteen, yksityisyyteen ja poikkeuksellisen live casino-pelikokemuksen tarjoamiseen. Ev\u00e4steiden voimalla pyrimme luomaan henkil\u00f6kohtaisen ja mukaansatempaavan matkan, joka on r\u00e4\u00e4t\u00e4l\u00f6ity mieltymyksiesi mukaan. Tule mukaan tutkimaan live casino-pelaamisen kiehtovaa maailmaa tiet\u00e4en, ett\u00e4 yksityisyytt\u00e4si kunnioitetaan, kokemuksesi on optimoitu ja tyytyv\u00e4isyytesi on etusijalla. Tervetuloa Live Casino Finderiin, jossa livepelaamisen j\u00e4nnitys odottaa!<\/p>","protected":false},"excerpt":{"rendered":"<p>Tervetuloa Live Casino Finderiin, joka on perimm\u00e4inen m\u00e4\u00e4r\u00e4np\u00e4\u00e4si kaikelle live casino-pelaamiselle! Olemme omistautuneet tarjoamaan sinulle mukaansatempaavan ja j\u00e4nnitt\u00e4v\u00e4n nettipelikokemuksen, jollaista ei ole ennen n\u00e4hty. Aloittaessamme t\u00e4m\u00e4n riemastuttavan matkan together, haluamme valottaa kattavaa ev\u00e4stek\u00e4yt\u00e4nt\u00f6\u00e4mme. Sitoumuksemme avoimuuteen, yksityisyyteen ja [...]<\/p>","protected":false},"author":1,"featured_media":0,"parent":0,"menu_order":0,"comment_status":"closed","ping_status":"closed","template":"page-no-sidebar.php","meta":{"_lmt_disableupdate":"no","_lmt_disable":"no","footnotes":""},"class_list":["post-2105","page","type-page","status-publish","hentry"],"yoast_head":"<!-- This site is optimized with the Yoast SEO plugin v26.4 - https:\/\/yoast.com\/wordpress\/plugins\/seo\/ -->\n<title>Cookie Policy and Data Use<\/title>\n<meta name=\"description\" content=\"Understand how Live Casino Finder uses cookies to improve your experience and provide relevant content while protecting your privacy and data security.\" \/>\n<meta name=\"robots\" content=\"index, follow, max-snippet:-1, max-image-preview:large, max-video-preview:-1\" \/>\n<link rel=\"canonical\" href=\"https:\/\/livecasinofinder.com\/wp-json\/wp\/v2\/pages\/2105\/\" \/>\n<meta property=\"og:locale\" content=\"fi_FI\" \/>\n<meta property=\"og:type\" content=\"article\" \/>\n<meta property=\"og:title\" content=\"Cookie Policy and Data Use\" \/>\n<meta property=\"og:description\" content=\"Understand how Live Casino Finder uses cookies to improve your experience and provide relevant content while protecting your privacy and data security.\" \/>\n<meta property=\"og:url\" content=\"https:\/\/livecasinofinder.com\/fi\/cookie-policy\/\" \/>\n<meta property=\"og:site_name\" content=\"livecasinofinder.com\" \/>\n<meta property=\"article:modified_time\" content=\"2025-06-03T11:10:21+00:00\" \/>\n<meta property=\"og:image\" content=\"https:\/\/livecasinofinder.com\/wp-content\/uploads\/2023\/03\/lucasoilraceway-logo-1.png\" \/>\n\t<meta property=\"og:image:width\" content=\"427\" \/>\n\t<meta property=\"og:image:height\" content=\"145\" \/>\n\t<meta property=\"og:image:type\" content=\"image\/png\" \/>\n<meta name=\"twitter:card\" content=\"summary_large_image\" \/>\n<meta name=\"twitter:label1\" content=\"Arvioitu lukuaika\" \/>\n\t<meta name=\"twitter:data1\" content=\"3 minuuttia\" \/>\n<!-- \/ Yoast SEO plugin. -->","yoast_head_json":{"title":"Cookie Policy and Data Use","description":"Understand how Live Casino Finder uses cookies to improve your experience and provide relevant content while protecting your privacy and data security.","robots":{"index":"index","follow":"follow","max-snippet":"max-snippet:-1","max-image-preview":"max-image-preview:large","max-video-preview":"max-video-preview:-1"},"canonical":"https:\/\/livecasinofinder.com\/wp-json\/wp\/v2\/pages\/2105\/","og_locale":"fi_FI","og_type":"article","og_title":"Cookie Policy and Data Use","og_description":"Understand how Live Casino Finder uses cookies to improve your experience and provide relevant content while protecting your privacy and data security.","og_url":"https:\/\/livecasinofinder.com\/fi\/cookie-policy\/","og_site_name":"livecasinofinder.com","article_modified_time":"2025-06-03T11:10:21+00:00","og_image":[{"width":427,"height":145,"url":"https:\/\/livecasinofinder.com\/wp-content\/uploads\/2023\/03\/lucasoilraceway-logo-1.png","type":"image\/png"}],"twitter_card":"summary_large_image","twitter_misc":{"Arvioitu lukuaika":"3 minuuttia"},"schema":{"@context":"https:\/\/schema.org","@graph":[{"@type":"WebPage","@id":"https:\/\/livecasinofinder.com\/cookie-policy\/","url":"https:\/\/livecasinofinder.com\/cookie-policy\/","name":"Cookie Policy and Data Use","isPartOf":{"@id":"https:\/\/livecasinofinder.com\/ja\/#website"},"datePublished":"2023-06-20T14:36:13+00:00","dateModified":"2025-06-03T11:10:21+00:00","description":"Understand how Live Casino Finder uses cookies to improve your experience and provide relevant content while protecting your privacy and data security.","breadcrumb":{"@id":"https:\/\/livecasinofinder.com\/cookie-policy\/#breadcrumb"},"inLanguage":"fi","potentialAction":[{"@type":"ReadAction","target":["https:\/\/livecasinofinder.com\/cookie-policy\/"]}]},{"@type":"BreadcrumbList","@id":"https:\/\/livecasinofinder.com\/cookie-policy\/#breadcrumb","itemListElement":[{"@type":"ListItem","position":1,"name":"LiveCasinoFinder.com","item":"https:\/\/livecasinofinder.com\/fr\/"},{"@type":"ListItem","position":2,"name":"Cookie Policy"}]},{"@type":"WebSite","@id":"https:\/\/livecasinofinder.com\/ja\/#website","url":"https:\/\/livecasinofinder.com\/ja\/","name":"livecasinofinder","description":"","publisher":{"@id":"https:\/\/livecasinofinder.com\/ja\/#organization"},"alternateName":"Lucas oil raceway live casino","potentialAction":[{"@type":"SearchAction","target":{"@type":"EntryPoint","urlTemplate":"https:\/\/livecasinofinder.com\/ja\/?s={search_term_string}"},"query-input":{"@type":"PropertyValueSpecification","valueRequired":true,"valueName":"search_term_string"}}],"inLanguage":"fi"},{"@type":"Organization","@id":"https:\/\/livecasinofinder.com\/ja\/#organization","name":"Live Casino Finder","alternateName":"Lucas oil raceway live casino","url":"https:\/\/livecasinofinder.com\/ja\/","logo":{"@type":"ImageObject","inLanguage":"fi","@id":"https:\/\/livecasinofinder.com\/ja\/#\/schema\/logo\/image\/","url":"https:\/\/livecasinofinder.com\/wp-content\/uploads\/2023\/04\/livecasinofinder-logo.png","contentUrl":"https:\/\/livecasinofinder.com\/wp-content\/uploads\/2023\/04\/livecasinofinder-logo.png","width":1600,"height":453,"caption":"Live Casino Finder"},"image":{"@id":"https:\/\/livecasinofinder.com\/ja\/#\/schema\/logo\/image\/"}}]}},"_links":{"self":[{"href":"https:\/\/livecasinofinder.com\/fi\/wp-json\/wp\/v2\/pages\/2105","targetHints":{"allow":["GET"]}}],"collection":[{"href":"https:\/\/livecasinofinder.com\/fi\/wp-json\/wp\/v2\/pages"}],"about":[{"href":"https:\/\/livecasinofinder.com\/fi\/wp-json\/wp\/v2\/types\/page"}],"author":[{"embeddable":true,"href":"https:\/\/livecasinofinder.com\/fi\/wp-json\/wp\/v2\/users\/1"}],"replies":[{"embeddable":true,"href":"https:\/\/livecasinofinder.com\/fi\/wp-json\/wp\/v2\/comments?post=2105"}],"version-history":[{"count":0,"href":"https:\/\/livecasinofinder.com\/fi\/wp-json\/wp\/v2\/pages\/2105\/revisions"}],"wp:attachment":[{"href":"https:\/\/livecasinofinder.com\/fi\/wp-json\/wp\/v2\/media?parent=2105"}],"curies":[{"name":"wp","href":"https:\/\/api.w.org\/{rel}","templated":true}]}}