{"id":381,"date":"2023-03-15T17:35:24","date_gmt":"2023-03-15T17:35:24","guid":{"rendered":"https:\/\/livecasinofinder.com\/?page_id=381"},"modified":"2025-06-03T11:06:50","modified_gmt":"2025-06-03T11:06:50","slug":"about-us","status":"publish","type":"page","link":"https:\/\/livecasinofinder.com\/es\/about-us\/","title":{"rendered":"Qui\u00e9nes somos"},"content":{"rendered":"<p>Bienvenido a livecasinofinder.com, tu fuente de confianza para obtener opiniones imparciales e informativas sobre live casino. Nuestra misi\u00f3n principal es proporcionar a nuestros lectores informaci\u00f3n precisa y actualizada sobre los casinos en l\u00ednea m\u00e1s fiables y de confianza, centr\u00e1ndonos en la promoci\u00f3n de pr\u00e1cticas de juego responsable.<\/p>\n<p>En livecasinofinder.com, nos dedicamos a proporcionarle rese\u00f1as precisas e informativas de los mejores live casino disponibles en l\u00ednea. Nuestra misi\u00f3n principal es ayudarle a tomar decisiones informadas sobre d\u00f3nde apostar en l\u00ednea.<\/p>\n<h2>Nuestro equipo<\/h2>\n<p><a href=\"\/es\/recommends\/reg\/\" target=\"_blank\" rel=\"noreferrer noopener nofollow\"><img decoding=\"async\" class=\"wp-image-392 alignright\" src=\"https:\/\/livecasinofinder.com\/wp-content\/uploads\/2023\/03\/team.jpg\" alt=\"Equipo de casino en vivo.\" width=\"346\" height=\"192\" srcset=\"https:\/\/livecasinofinder.com\/wp-content\/uploads\/2023\/03\/team.jpg 597w, https:\/\/livecasinofinder.com\/wp-content\/uploads\/2023\/03\/team-300x166.jpg 300w, https:\/\/livecasinofinder.com\/wp-content\/uploads\/2023\/03\/team-18x10.jpg 18w, https:\/\/livecasinofinder.com\/wp-content\/uploads\/2023\/03\/team-72x40.jpg 72w, https:\/\/livecasinofinder.com\/wp-content\/uploads\/2023\/03\/team-58x32.jpg 58w, https:\/\/livecasinofinder.com\/wp-content\/uploads\/2023\/03\/team-144x80.jpg 144w, https:\/\/livecasinofinder.com\/wp-content\/uploads\/2023\/03\/team-243x135.jpg 243w\" sizes=\"(max-width: 346px) 100vw, 346px\" \/><\/a><\/p>\n<p>Nuestro equipo de expertos est\u00e1 dedicado a ofrecer a nuestros lectores la mejor informaci\u00f3n posible. Creemos en la importancia de la investigaci\u00f3n y el an\u00e1lisis exhaustivos y nos esforzamos por ofrecer rese\u00f1as honestas e imparciales basadas en nuestros hallazgos.<\/p>\n<h2>Nuestras ventajas<\/h2>\n<p><a href=\"\/es\/recommends\/reg\/\" target=\"_blank\" rel=\"noreferrer noopener nofollow\"><img decoding=\"async\" class=\"wp-image-384 alignleft\" src=\"https:\/\/livecasinofinder.com\/wp-content\/uploads\/2023\/03\/advantages.jpg\" alt=\"Ventajas de Lucasoilraceway.com.\" width=\"496\" height=\"498\" srcset=\"https:\/\/livecasinofinder.com\/wp-content\/uploads\/2023\/03\/advantages.jpg 463w, https:\/\/livecasinofinder.com\/wp-content\/uploads\/2023\/03\/advantages-300x300.jpg 300w, https:\/\/livecasinofinder.com\/wp-content\/uploads\/2023\/03\/advantages-150x150.jpg 150w, https:\/\/livecasinofinder.com\/wp-content\/uploads\/2023\/03\/advantages-12x12.jpg 12w, https:\/\/livecasinofinder.com\/wp-content\/uploads\/2023\/03\/advantages-40x40.jpg 40w, https:\/\/livecasinofinder.com\/wp-content\/uploads\/2023\/03\/advantages-50x50.jpg 50w, https:\/\/livecasinofinder.com\/wp-content\/uploads\/2023\/03\/advantages-100x100.jpg 100w, https:\/\/livecasinofinder.com\/wp-content\/uploads\/2023\/03\/advantages-120x120.jpg 120w, https:\/\/livecasinofinder.com\/wp-content\/uploads\/2023\/03\/advantages-135x135.jpg 135w, https:\/\/livecasinofinder.com\/wp-content\/uploads\/2023\/03\/advantages-270x270.jpg 270w, https:\/\/livecasinofinder.com\/wp-content\/uploads\/2023\/03\/advantages-32x32.jpg 32w, https:\/\/livecasinofinder.com\/wp-content\/uploads\/2023\/03\/advantages-80x80.jpg 80w, https:\/\/livecasinofinder.com\/wp-content\/uploads\/2023\/03\/advantages-134x135.jpg 134w\" sizes=\"(max-width: 496px) 100vw, 496px\" \/><\/a><\/p>\n<p>Una de las ventajas de elegir livecasinofinder.com es nuestro compromiso con el juego responsable. Nos enorgullecemos de promover pr\u00e1cticas de juego seguras y controladas, y nuestro objetivo es proporcionar a nuestros lectores informaci\u00f3n precisa y actualizada para ayudarles a tomar decisiones informadas con respecto al juego online.<\/p>\n<p>Otra ventaja es nuestro enfoque en el contenido informativo. Nuestro contenido est\u00e1 dise\u00f1ado para ser \u00fatil e informativo, dando a nuestros lectores la informaci\u00f3n que necesitan para decidir d\u00f3nde apostar en l\u00ednea. Entendemos que el juego online puede ser a la vez emocionante y abrumador, y nos esforzamos por simplificar el proceso proporcionando rese\u00f1as detalladas y f\u00e1ciles de entender.<\/p>\n<p>Como sitio independiente, no estamos afiliados a ninguno de los casinos en l\u00ednea que rese\u00f1amos, lo que nos permite ofrecer rese\u00f1as imparciales y objetivas basadas en una amplia investigaci\u00f3n y an\u00e1lisis. Nos enorgullecemos de nuestro compromiso con la promoci\u00f3n de pr\u00e1cticas de juego responsables y nuestro enfoque en la promoci\u00f3n de una experiencia de juego saludable y agradable.<\/p>\n<p>Supervisamos constantemente el mercado de los casinos en l\u00ednea y actualizamos nuestras rese\u00f1as en consecuencia, para que nuestros lectores puedan mantenerse a la vanguardia y tomar decisiones con conocimiento de causa. Nos comprometemos a ofrecer el mejor servicio posible a nuestros lectores y socios, y agradecemos sus comentarios y sugerencias. Si tiene alguna pregunta o comentario, no dude en ponerse en contacto con nosotros.<\/p>\n<h2>Mejores juegos de Casino - Conclusi\u00f3n<\/h2>\n<p>Gracias por elegir livecasinofinder.com como tu fuente de confianza para las opiniones sobre live casino. Estamos comprometidos a proporcionar el mejor servicio posible a nuestros lectores y socios, y agradecemos sus comentarios y sugerencias. Si tiene alguna pregunta o comentario, no dude en ponerse en contacto con nosotros. Esperamos poder ayudarle a tomar decisiones informadas y a disfrutar de una experiencia de juego en l\u00ednea agradable y segura.<\/p>","protected":false},"excerpt":{"rendered":"<p>Bienvenido a livecasinofinder.com, tu fuente de confianza para obtener opiniones imparciales e informativas sobre live casino. Nuestra misi\u00f3n principal es proporcionar a nuestros lectores informaci\u00f3n precisa y actualizada sobre los casinos en l\u00ednea m\u00e1s fiables y de confianza, centr\u00e1ndonos en la promoci\u00f3n de pr\u00e1cticas de juego responsable. En livecasinofinder.com, nos dedicamos a proporcionarle rese\u00f1as precisas e informativas de los [...]<\/p>","protected":false},"author":1,"featured_media":0,"parent":0,"menu_order":0,"comment_status":"closed","ping_status":"closed","template":"page-full-width.php","meta":{"_lmt_disableupdate":"no","_lmt_disable":"no","footnotes":""},"class_list":["post-381","page","type-page","status-publish","hentry"],"yoast_head":"<!-- This site is optimized with the Yoast SEO plugin v26.4 - https:\/\/yoast.com\/wordpress\/plugins\/seo\/ -->\n<title>About Us - Live Casino Finder Team and Mission<\/title>\n<meta name=\"description\" content=\"Learn how Live Casino Finder helps you choose the best live casinos with trusted reviews and expert guidance for a confident gaming experience.\" \/>\n<meta name=\"robots\" content=\"index, follow, max-snippet:-1, max-image-preview:large, max-video-preview:-1\" \/>\n<link rel=\"canonical\" href=\"https:\/\/livecasinofinder.com\/wp-json\/wp\/v2\/pages\/381\/\" \/>\n<meta property=\"og:locale\" content=\"es_ES\" \/>\n<meta property=\"og:type\" content=\"article\" \/>\n<meta property=\"og:title\" content=\"About Us - Live Casino Finder Team and Mission\" \/>\n<meta property=\"og:description\" content=\"Learn how Live Casino Finder helps you choose the best live casinos with trusted reviews and expert guidance for a confident gaming experience.\" \/>\n<meta property=\"og:url\" content=\"https:\/\/livecasinofinder.com\/es\/about-us\/\" \/>\n<meta property=\"og:site_name\" content=\"livecasinofinder.com\" \/>\n<meta property=\"article:modified_time\" content=\"2025-06-03T11:06:50+00:00\" \/>\n<meta property=\"og:image\" content=\"https:\/\/livecasinofinder.com\/wp-content\/uploads\/2023\/03\/team.jpg\" \/>\n\t<meta property=\"og:image:width\" content=\"597\" \/>\n\t<meta property=\"og:image:height\" content=\"331\" \/>\n\t<meta property=\"og:image:type\" content=\"image\/jpeg\" \/>\n<meta name=\"twitter:card\" content=\"summary_large_image\" \/>\n<meta name=\"twitter:label1\" content=\"Tiempo de lectura\" \/>\n\t<meta name=\"twitter:data1\" content=\"3 minutos\" \/>\n<!-- \/ Yoast SEO plugin. -->","yoast_head_json":{"title":"About Us - Live Casino Finder Team and Mission","description":"Learn how Live Casino Finder helps you choose the best live casinos with trusted reviews and expert guidance for a confident gaming experience.","robots":{"index":"index","follow":"follow","max-snippet":"max-snippet:-1","max-image-preview":"max-image-preview:large","max-video-preview":"max-video-preview:-1"},"canonical":"https:\/\/livecasinofinder.com\/wp-json\/wp\/v2\/pages\/381\/","og_locale":"es_ES","og_type":"article","og_title":"About Us - Live Casino Finder Team and Mission","og_description":"Learn how Live Casino Finder helps you choose the best live casinos with trusted reviews and expert guidance for a confident gaming experience.","og_url":"https:\/\/livecasinofinder.com\/es\/about-us\/","og_site_name":"livecasinofinder.com","article_modified_time":"2025-06-03T11:06:50+00:00","og_image":[{"width":597,"height":331,"url":"https:\/\/livecasinofinder.com\/wp-content\/uploads\/2023\/03\/team.jpg","type":"image\/jpeg"}],"twitter_card":"summary_large_image","twitter_misc":{"Tiempo de lectura":"3 minutos"},"schema":{"@context":"https:\/\/schema.org","@graph":[{"@type":"WebPage","@id":"https:\/\/livecasinofinder.com\/about-us\/","url":"https:\/\/livecasinofinder.com\/about-us\/","name":"About Us - Live Casino Finder Team and Mission","isPartOf":{"@id":"https:\/\/livecasinofinder.com\/ja\/#website"},"primaryImageOfPage":{"@id":"https:\/\/livecasinofinder.com\/about-us\/#primaryimage"},"image":{"@id":"https:\/\/livecasinofinder.com\/about-us\/#primaryimage"},"thumbnailUrl":"https:\/\/livecasinofinder.com\/wp-content\/uploads\/2023\/03\/team.jpg","datePublished":"2023-03-15T17:35:24+00:00","dateModified":"2025-06-03T11:06:50+00:00","description":"Learn how Live Casino Finder helps you choose the best live casinos with trusted reviews and expert guidance for a confident gaming experience.","breadcrumb":{"@id":"https:\/\/livecasinofinder.com\/about-us\/#breadcrumb"},"inLanguage":"es","potentialAction":[{"@type":"ReadAction","target":["https:\/\/livecasinofinder.com\/about-us\/"]}]},{"@type":"ImageObject","inLanguage":"es","@id":"https:\/\/livecasinofinder.com\/about-us\/#primaryimage","url":"https:\/\/livecasinofinder.com\/wp-content\/uploads\/2023\/03\/team.jpg","contentUrl":"https:\/\/livecasinofinder.com\/wp-content\/uploads\/2023\/03\/team.jpg"},{"@type":"BreadcrumbList","@id":"https:\/\/livecasinofinder.com\/about-us\/#breadcrumb","itemListElement":[{"@type":"ListItem","position":1,"name":"LiveCasinoFinder.com","item":"https:\/\/livecasinofinder.com\/fr\/"},{"@type":"ListItem","position":2,"name":"About Us"}]},{"@type":"WebSite","@id":"https:\/\/livecasinofinder.com\/ja\/#website","url":"https:\/\/livecasinofinder.com\/ja\/","name":"livecasinofinder","description":"","publisher":{"@id":"https:\/\/livecasinofinder.com\/ja\/#organization"},"alternateName":"Lucas oil raceway live casino","potentialAction":[{"@type":"SearchAction","target":{"@type":"EntryPoint","urlTemplate":"https:\/\/livecasinofinder.com\/ja\/?s={search_term_string}"},"query-input":{"@type":"PropertyValueSpecification","valueRequired":true,"valueName":"search_term_string"}}],"inLanguage":"es"},{"@type":"Organization","@id":"https:\/\/livecasinofinder.com\/ja\/#organization","name":"Buscador de casinos en vivo","alternateName":"Lucas oil raceway live casino","url":"https:\/\/livecasinofinder.com\/ja\/","logo":{"@type":"ImageObject","inLanguage":"es","@id":"https:\/\/livecasinofinder.com\/ja\/#\/schema\/logo\/image\/","url":"https:\/\/livecasinofinder.com\/wp-content\/uploads\/2023\/04\/livecasinofinder-logo.png","contentUrl":"https:\/\/livecasinofinder.com\/wp-content\/uploads\/2023\/04\/livecasinofinder-logo.png","width":1600,"height":453,"caption":"Live Casino Finder"},"image":{"@id":"https:\/\/livecasinofinder.com\/ja\/#\/schema\/logo\/image\/"}}]}},"_links":{"self":[{"href":"https:\/\/livecasinofinder.com\/es\/wp-json\/wp\/v2\/pages\/381","targetHints":{"allow":["GET"]}}],"collection":[{"href":"https:\/\/livecasinofinder.com\/es\/wp-json\/wp\/v2\/pages"}],"about":[{"href":"https:\/\/livecasinofinder.com\/es\/wp-json\/wp\/v2\/types\/page"}],"author":[{"embeddable":true,"href":"https:\/\/livecasinofinder.com\/es\/wp-json\/wp\/v2\/users\/1"}],"replies":[{"embeddable":true,"href":"https:\/\/livecasinofinder.com\/es\/wp-json\/wp\/v2\/comments?post=381"}],"version-history":[{"count":0,"href":"https:\/\/livecasinofinder.com\/es\/wp-json\/wp\/v2\/pages\/381\/revisions"}],"wp:attachment":[{"href":"https:\/\/livecasinofinder.com\/es\/wp-json\/wp\/v2\/media?parent=381"}],"curies":[{"name":"wp","href":"https:\/\/api.w.org\/{rel}","templated":true}]}}