{"id":2115,"date":"2023-06-20T14:24:32","date_gmt":"2023-06-20T14:24:32","guid":{"rendered":"https:\/\/livecasinofinder.com\/?page_id=2115"},"modified":"2025-06-03T11:12:27","modified_gmt":"2025-06-03T11:12:27","slug":"gambling-addiction","status":"publish","type":"page","link":"https:\/\/livecasinofinder.com\/es\/gambling-addiction\/","title":{"rendered":"Adicci\u00f3n al juego"},"content":{"rendered":"<p>En <a href=\"\/es\/\">LiveCasinoFinder.com<\/a>, damos prioridad al bienestar de nuestros usuarios y nos comprometemos a fomentar el juego responsable. Esta p\u00e1gina pretende proporcionar informaci\u00f3n valiosa sobre la adicci\u00f3n al juego, sus signos y el apoyo disponible. Nuestro objetivo es garantizar una experiencia de juego segura y agradable para todos.<\/p>\n<div id=\"ez-toc-container\" class=\"ez-toc-v2_0_63 counter-hierarchy ez-toc-counter ez-toc-grey ez-toc-container-direction\">\n<label for=\"ez-toc-cssicon-toggle-item-69dc93128d014\" class=\"ez-toc-cssicon-toggle-label\"><span class=\"ez-toc-cssicon\"><span class=\"eztoc-hide\" style=\"display:none;\">Toggle<\/span><span class=\"ez-toc-icon-toggle-span\"><svg style=\"fill: #999;color:#999\" xmlns=\"http:\/\/www.w3.org\/2000\/svg\" class=\"list-377408\" width=\"20px\" height=\"20px\" viewbox=\"0 0 24 24\" fill=\"none\"><path d=\"M6 6H4v2h2V6zm14 0H8v2h12V6zM4 11h2v2H4v-2zm16 0H8v2h12v-2zM4 16h2v2H4v-2zm16 0H8v2h12v-2z\" fill=\"currentColor\"><\/path><\/svg><svg style=\"fill: #999;color:#999\" class=\"arrow-unsorted-368013\" xmlns=\"http:\/\/www.w3.org\/2000\/svg\" width=\"10px\" height=\"10px\" viewbox=\"0 0 24 24\" version=\"1.2\" baseprofile=\"tiny\"><path d=\"M18.2 9.3l-6.2-6.3-6.2 6.3c-.2.2-.3.4-.3.7s.1.5.3.7c.2.2.4.3.7.3h11c.3 0 .5-.1.7-.3.2-.2.3-.5.3-.7s-.1-.5-.3-.7zM5.8 14.7l6.2 6.3 6.2-6.3c.2-.2.3-.5.3-.7s-.1-.5-.3-.7c-.2-.2-.4-.3-.7-.3h-11c-.3 0-.5.1-.7.3-.2.2-.3.5-.3.7s.1.5.3.7z\"\/><\/svg><\/span><\/span><\/label><input type=\"checkbox\"  id=\"ez-toc-cssicon-toggle-item-69dc93128d014\" checked aria-label=\"Toggle\" \/><nav><ul class='ez-toc-list ez-toc-list-level-1' ><li class='ez-toc-page-1 ez-toc-heading-level-2'><a class=\"ez-toc-link ez-toc-heading-1\" href=\"https:\/\/livecasinofinder.com\/es\/gambling-addiction\/#Gambling_Addiction\" title=\"Adicci\u00f3n al juego\">Adicci\u00f3n al juego<\/a><\/li><li class='ez-toc-page-1 ez-toc-heading-level-2'><a class=\"ez-toc-link ez-toc-heading-2\" href=\"https:\/\/livecasinofinder.com\/es\/gambling-addiction\/#How_to_Understand_That_You_Need_Help_From_Gambling_Addiction\" title=\"\u00bfC\u00f3mo entender que necesita ayuda para la adicci\u00f3n al juego?\">\u00bfC\u00f3mo entender que necesita ayuda para la adicci\u00f3n al juego?<\/a><\/li><li class='ez-toc-page-1 ez-toc-heading-level-2'><a class=\"ez-toc-link ez-toc-heading-3\" href=\"https:\/\/livecasinofinder.com\/es\/gambling-addiction\/#Gambling_Addiction_Help_Worldwide\" title=\"Ayuda mundial contra la adicci\u00f3n al juego\">Ayuda mundial contra la adicci\u00f3n al juego<\/a><\/li><li class='ez-toc-page-1 ez-toc-heading-level-2'><a class=\"ez-toc-link ez-toc-heading-4\" href=\"https:\/\/livecasinofinder.com\/es\/gambling-addiction\/#Gambling_Addiction_Resources\" title=\"Recursos sobre la adicci\u00f3n al juego\">Recursos sobre la adicci\u00f3n al juego<\/a><ul class='ez-toc-list-level-3' ><li class='ez-toc-heading-level-3'><a class=\"ez-toc-link ez-toc-heading-5\" href=\"https:\/\/livecasinofinder.com\/es\/gambling-addiction\/#National_Problem_Gambling_Helpline_Network\" title=\"National Red de Ayuda para Problemas de Juego\">National Red de Ayuda para Problemas de Juego<\/a><\/li><li class='ez-toc-page-1 ez-toc-heading-level-3'><a class=\"ez-toc-link ez-toc-heading-6\" href=\"https:\/\/livecasinofinder.com\/es\/gambling-addiction\/#Gamblers_Anonymous\" title=\"Jugadores An\u00f3nimos\">Jugadores An\u00f3nimos<\/a><\/li><li class='ez-toc-page-1 ez-toc-heading-level-3'><a class=\"ez-toc-link ez-toc-heading-7\" href=\"https:\/\/livecasinofinder.com\/es\/gambling-addiction\/#GamCare\" title=\"GamCare\">GamCare<\/a><\/li><li class='ez-toc-page-1 ez-toc-heading-level-3'><a class=\"ez-toc-link ez-toc-heading-8\" href=\"https:\/\/livecasinofinder.com\/es\/gambling-addiction\/#Substance_Abuse_and_Mental_Health_Services_Administration_SAMHSA\" title=\"Administraci\u00f3n de Servicios de Salud Mental y Abuso de Sustancias (SAMHSA)\">Administraci\u00f3n de Servicios de Salud Mental y Abuso de Sustancias (SAMHSA)<\/a><\/li><li class='ez-toc-page-1 ez-toc-heading-level-3'><a class=\"ez-toc-link ez-toc-heading-9\" href=\"https:\/\/livecasinofinder.com\/es\/gambling-addiction\/#The_National_Council_on_Problem_Gambling\" title=\"El National Consejo sobre el Juego Problem\u00e1tico\">El National Consejo sobre el Juego Problem\u00e1tico<\/a><\/li><\/ul><\/li><li class='ez-toc-page-1 ez-toc-heading-level-2'><a class=\"ez-toc-link ez-toc-heading-10\" href=\"https:\/\/livecasinofinder.com\/es\/gambling-addiction\/#Conclusion\" title=\"Mejores juegos de Casino - Conclusi\u00f3n\">Mejores juegos de Casino - Conclusi\u00f3n<\/a><\/li><\/ul><\/nav><\/div>\n\n<h2><span class=\"ez-toc-section\" id=\"Gambling_Addiction\"><\/span>Adicci\u00f3n al juego<span class=\"ez-toc-section-end\"><\/span><\/h2>\n<p>La adicci\u00f3n al juego es una enfermedad grave que afecta a personas de todo el mundo. Se refiere al impulso compulsivo de jugar a pesar de las consecuencias negativas. Reconocer los signos de la adicci\u00f3n al juego es crucial para intervenir a tiempo y buscar ayuda. He aqu\u00ed algunos indicadores comunes de la adicci\u00f3n al juego:<\/p>\n<ul>\n<li>Preocupaci\u00f3n por el juego: Pensar constantemente en el juego, planificar la pr\u00f3xima sesi\u00f3n o recordar las victorias o derrotas pasadas.<\/li>\n<li>P\u00e9rdida de control: Incapacidad para controlar o dejar de jugar, incluso cuando se intenta hacerlo.<\/li>\n<li>Aumento del importe de las apuestas: Necesidad de apostar m\u00e1s dinero para lograr el mismo nivel de emoci\u00f3n o satisfacci\u00f3n.<\/li>\n<li>Descuidar las responsabilidades: Dar prioridad al juego sobre el trabajo, la familia, las relaciones y otras obligaciones importantes.<\/li>\n<li>Perseguir las p\u00e9rdidas: Apostar continuamente en un intento de recuperar p\u00e9rdidas anteriores, lo que conduce a problemas financieros m\u00e1s profundos.<\/li>\n<li>Abandono de actividades sociales: Retirarse de eventos sociales, pasatiempos u otras actividades para pasar m\u00e1s tiempo jugando.<\/li>\n<li>Dificultades financieras: Acumular deudas importantes, pedir dinero prestado o experimentar inestabilidad financiera debido a p\u00e9rdidas en el juego.<\/li>\n<li>Cambios de humor: Experimentar altibajos extremos en funci\u00f3n de los resultados del juego, lo que provoca irritabilidad, ansiedad o depresi\u00f3n.<\/li>\n<li>Secretismo y enga\u00f1o: Ocultar el alcance de las actividades de juego o incurrir en conductas enga\u00f1osas.<\/li>\n<li>Intentos fallidos de abandono: Hacer repetidos intentos infructuosos de reducir o abandonar el juego.<\/li>\n<li>P\u00e9rdida de inter\u00e9s: P\u00e9rdida de inter\u00e9s en aficiones o actividades que antes disfrutaba y que no implican el juego.<\/li>\n<li>Escapar a trav\u00e9s del juego: Utilizar el juego como forma de escapar del estr\u00e9s, la depresi\u00f3n u otras dificultades emocionales.<\/li>\n<li>Pedir dinero prestado o robar: Recurrir a pedir dinero prestado a otras personas o participar en actividades ilegales para financiar los h\u00e1bitos de juego.<\/li>\n<li>Tensi\u00f3n en las relaciones: Experimentar conflictos, relaciones tensas o separaci\u00f3n debido a problemas relacionados con el juego.<\/li>\n<li>Malestar f\u00edsico y emocional: Experimentar s\u00edntomas f\u00edsicos como insomnio, dolores de cabeza o ansiedad relacionados con el juego.<\/li>\n<\/ul>\n<p>Comprender cu\u00e1ndo usted o alguien que conoce necesita ayuda por su adicci\u00f3n al juego es vital para recuperarse y buscar apoyo.<\/p>\n<h2><span class=\"ez-toc-section\" id=\"How_to_Understand_That_You_Need_Help_From_Gambling_Addiction\"><\/span>\u00bfC\u00f3mo entender que necesita ayuda para la adicci\u00f3n al juego?<span class=\"ez-toc-section-end\"><\/span><\/h2>\n<p>Reconocer la necesidad de ayuda es el primer paso para superar la adicci\u00f3n al juego. He aqu\u00ed algunos indicadores que sugieren que puede necesitar ayuda:<\/p>\n<ol>\n<li>P\u00e9rdida de control: Le resulta dif\u00edcil controlar o detener su conducta de juego, incluso cuando quiere dejarlo.<\/li>\n<li>Consecuencias negativas: El juego ha provocado problemas econ\u00f3micos, personales o emocionales importantes en su vida.<\/li>\n<li>Intentos fallidos de dejarlo: A pesar de sus repetidos esfuerzos, no ha podido reducir o eliminar sus h\u00e1bitos de juego.<\/li>\n<li>S\u00edntomas de abstinencia: Inquietud, irritabilidad o cambios de humor al intentar reducir o abandonar el juego.<\/li>\n<li>Preocupaci\u00f3n por el juego: Los pensamientos sobre el juego consumen una cantidad significativa de su tiempo, afectando a sus actividades diarias, relaciones y bienestar general.<\/li>\n<li>Enga\u00f1o y secretismo: Comportamiento enga\u00f1oso, como ocultar a sus seres queridos el alcance de sus actividades de juego.<\/li>\n<li>Inestabilidad financiera: Enfrentarse a dificultades financieras, acumular deudas o recurrir a medidas desesperadas para financiar sus h\u00e1bitos de juego.<\/li>\n<\/ol>\n<p>Si coincide con estos signos, es crucial que busque ayuda y apoyo de profesionales y redes de apoyo especializadas en el tratamiento de la adicci\u00f3n al juego.<\/p>\n<p>En LiveCasinoFinder.com, nos dedicamos al juego responsable y proporcionamos recursos para las personas que se enfrentan a la adicci\u00f3n al juego. Creemos en el fomento de un entorno de juego seguro y agradable.<\/p>\n<h2><span class=\"ez-toc-section\" id=\"Gambling_Addiction_Help_Worldwide\"><\/span>Ayuda mundial contra la adicci\u00f3n al juego<span class=\"ez-toc-section-end\"><\/span><\/h2>\n<table>\n<tbody>\n<tr>\n<td>GamCare<\/td>\n<td><a href=\"http:\/\/www.gamcare.org.uk\/\">http:\/\/www.gamcare.org.uk\/<\/a><\/td>\n<td>0808 8020 133<\/td>\n<td>Reino Unido<\/td>\n<\/tr>\n<tr>\n<td>Jugadores An\u00f3nimos<\/td>\n<td><a href=\"https:\/\/www.gamblersanonymous.org\/ga\/\">www.gamblersanonymous.org\/ga\/<\/a><\/td>\n<td>&#8211;<\/td>\n<td>Reino Unido<\/td>\n<\/tr>\n<tr>\n<td>BeGambleAware<\/td>\n<td><a href=\"https:\/\/www.begambleaware.org\/\">www.begambleaware.org<\/a><\/td>\n<td>0808 8020 133<\/td>\n<td>Reino Unido<\/td>\n<\/tr>\n<tr>\n<td>Gioca-Responsabile<\/td>\n<td><a href=\"https:\/\/www.gioca-responsabile.it\/\">www.gioca-responsabile.it<\/a><\/td>\n<td>800 151 000<\/td>\n<td>Italia<\/td>\n<\/tr>\n<tr>\n<td>Sociedad Italiana de Intervenci\u00f3n en Patolog\u00edas Compulsivas<\/td>\n<td><a href=\"https:\/\/www.siipac.it\/\">www.siipac.it<\/a><\/td>\n<td>800 031 579<\/td>\n<td>Italia<\/td>\n<\/tr>\n<tr>\n<td>N\u00famero verde nacional TVNGA<\/td>\n<td>dal luned\u00ec al venerd\u00ec dalle ore 10.00 alle ore 16.00<\/td>\n<td>800 558 822<\/td>\n<td>Italia<\/td>\n<\/tr>\n<tr>\n<td>Associazionee Giocatori Anonimi<\/td>\n<td><a href=\"https:\/\/lnx.giocatorianonimi.org\/\">www.giocatorianonimi.org<\/a><\/td>\n<td>338-1271215<\/td>\n<td>Italia<\/td>\n<\/tr>\n<tr>\n<td>Jugadores an\u00f3nimos de Brasil<\/td>\n<td><a href=\"https:\/\/jogadoresanonimos.com.br\/\">jogadoresanonimos.com.br<\/a><\/td>\n<td>Contato SP: (11) 3229-1023<\/p>\n<p>Contato RJ: (21) 25164672<\/td>\n<td>Brasil<\/td>\n<\/tr>\n<tr>\n<td>Protecci\u00f3n del jugador<\/td>\n<td><a href=\"https:\/\/www.srij.turismodeportugal.pt\/pt\/jogo-responsavel\/protecao-legal-ao-jogador\">www.srij.turismodeportugal.pt<\/a><\/td>\n<td>Servi\u00e7o de Regula\u00e7\u00e3o e Inspe\u00e7\u00e3o de Jogos, \u00f3rg\u00e3o do Turismo de Portugal.<\/p>\n<p>N\u00famero Linha Vida: 1414<\/p>\n<p>1414@sicad.min-saude.pt<\/p>\n<p>El servicio de atenci\u00f3n telef\u00f3nica funciona todos los d\u00edas, de 10.00 a 18.00 horas.<\/td>\n<td>Brasil<\/td>\n<\/tr>\n<tr>\n<td>Jugadores An\u00f3nimos<\/td>\n<td><a href=\"https:\/\/www.jugadoresanonimos.org\/\">www.jugadoresanonimos.org<\/a><\/td>\n<td>670 691 513<\/td>\n<td>LATAM<\/td>\n<\/tr>\n<tr>\n<td>Juego Responsable - Argentina<\/td>\n<td><a href=\"https:\/\/juegoresponsable.com.ar\/\">juegoresponsable.com.ar<\/a><\/td>\n<td>LATAM<\/td>\n<\/tr>\n<tr>\n<td>GamCare<\/td>\n<td><a href=\"https:\/\/www.gamcare.org.uk\/\">www.gamcare.org.uk<\/a><\/td>\n<td>0808 8020 133<\/td>\n<td>Jap\u00f3n<\/td>\n<\/tr>\n<tr>\n<td>BeGambleAware<\/td>\n<td><a href=\"https:\/\/www.begambleaware.org\/\">www.begambleaware.org<\/a><\/td>\n<td>0808 8020 133<\/td>\n<td>Jap\u00f3n<\/td>\n<\/tr>\n<tr>\n<td>St\u00f6dlinjen.se<\/td>\n<td><a href=\"https:\/\/stodlinjen.se\/\">www.stodlinjen.se<\/a><\/td>\n<td>020-81 91 00<\/td>\n<td>Jap\u00f3n<\/td>\n<\/tr>\n<\/tbody>\n<\/table>\n<h2><span class=\"ez-toc-section\" id=\"Gambling_Addiction_Resources\"><\/span><span style=\"font-size: 16px;\">Recursos sobre la adicci\u00f3n al juego<\/span><span class=\"ez-toc-section-end\"><\/span><\/h2>\n<p>La adicci\u00f3n al juego es un problema grave que afecta a las personas y a sus familias en todo el mundo. La naturaleza destructiva de esta adicci\u00f3n puede llevar a la ruina financiera, a relaciones tensas y a angustia emocional. Reconocer el problema y buscar ayuda es crucial para las personas atrapadas en el ciclo de la adicci\u00f3n al juego. Afortunadamente, hay varios recursos disponibles para proporcionar apoyo y asistencia a quienes lo necesitan. Este art\u00edculo explorar\u00e1 algunos de los recursos clave para la adicci\u00f3n al juego que ofrecen ayuda, orientaci\u00f3n y un camino hacia la recuperaci\u00f3n.<\/p>\n<p>Buscar ayuda para la adicci\u00f3n al juego es esencial para que las personas recuperen el control de sus vidas y superen el comportamiento destructivo. Este art\u00edculo pretende ofrecer informaci\u00f3n valiosa sobre los diversos recursos disponibles para ayudar a los lud\u00f3patas y a sus seres queridos.<\/p>\n<h3><span class=\"ez-toc-section\" id=\"National_Problem_Gambling_Helpline_Network\"><\/span>National Red de Ayuda para Problemas de Juego<span class=\"ez-toc-section-end\"><\/span><\/h3>\n<p>La National Problem Gambling Helpline Network, accesible en el 800-522-4700, es un recurso crucial para los lud\u00f3patas y sus familias en Estados Unidos. Esta l\u00ednea de ayuda est\u00e1 gestionada por el National Council on Problem Gambling (NCPG), una organizaci\u00f3n sin \u00e1nimo de lucro dedicada a ayudar a las personas afectadas por la adicci\u00f3n al juego.<\/p>\n<p>La l\u00ednea de ayuda proporciona informaci\u00f3n, apoyo y derivaci\u00f3n a recursos locales especializados en el tratamiento de problemas de juego. Profesionales formados est\u00e1n disponibles para ofrecer asistencia y orientaci\u00f3n confidenciales a las personas que llaman. Si una persona busca asesoramiento, programas de tratamiento u otros servicios de apoyo, la l\u00ednea de ayuda puede ponerla en contacto con los recursos adecuados de su zona.<\/p>\n<h3><span class=\"ez-toc-section\" id=\"Gamblers_Anonymous\"><\/span>Jugadores An\u00f3nimos<span class=\"ez-toc-section-end\"><\/span><\/h3>\n<p>Jugadores An\u00f3nimos (GA) es una asociaci\u00f3n mundial de personas que han luchado contra la adicci\u00f3n al juego y est\u00e1n comprometidas con su recuperaci\u00f3n. Fundada en 1957, Jugadores An\u00f3nimos ha crecido hasta convertirse en una extensa red de grupos locales en diferentes pa\u00edses, proporcionando un entorno de apoyo para aquellos que buscan ayuda (http:\/\/www.gamblersanonymous.org\/ga\/).<\/p>\n<p>Para ser miembro de Jugadores An\u00f3nimos, el \u00fanico requisito es el deseo de dejar de jugar. Los miembros participan en un programa de 12 pasos basado en los principios de la recuperaci\u00f3n. A trav\u00e9s del intercambio de experiencias personales, los individuos obtienen apoyo, \u00e1nimo y valiosos conocimientos de otras personas que se han enfrentado a retos similares. La hermandad tambi\u00e9n ofrece grupos de apoyo separados para los seres queridos (Gam-Anon) y los hijos de lud\u00f3patas (Gam-A-Teen), reconociendo el impacto de la adicci\u00f3n al juego en toda la familia.<\/p>\n<h3><span class=\"ez-toc-section\" id=\"GamCare\"><\/span>GamCare<span class=\"ez-toc-section-end\"><\/span><\/h3>\n<p>GamCare es una organizaci\u00f3n ben\u00e9fica financiada por el sector que opera en el Reino Unido y ofrece servicios confidenciales de asesoramiento y apoyo a personas afectadas por problemas de juego. La organizaci\u00f3n se compromete a prestar asistencia sin prejuicios a los lud\u00f3patas, sus familias y quienes corren el riesgo de desarrollar una adicci\u00f3n al juego.<\/p>\n<p>GamCare ofrece una serie de servicios, como asistencia telef\u00f3nica, asesoramiento presencial y chat en l\u00ednea. El tel\u00e9fono de ayuda (0808 8020 133) (http:\/\/www.gamcare.org.uk\/) est\u00e1 disponible 24 horas al d\u00eda, 7 d\u00edas a la semana, y ofrece un espacio seguro para que las personas hablen de sus preocupaciones y busquen orientaci\u00f3n. La organizaci\u00f3n tambi\u00e9n colabora estrechamente con los proveedores de tratamiento, garantizando que las personas puedan acceder a la ayuda que necesitan.<\/p>\n<h3><span class=\"ez-toc-section\" id=\"Substance_Abuse_and_Mental_Health_Services_Administration_SAMHSA\"><\/span>Administraci\u00f3n de Servicios de Salud Mental y Abuso de Sustancias (SAMHSA)<span class=\"ez-toc-section-end\"><\/span><\/h3>\n<p>La Administraci\u00f3n de Servicios de Salud Mental y Abuso de Sustancias (SAMHSA) es una agencia de salud p\u00fablica del Departamento de Salud y Servicios Humanos de los Estados Unidos. La SAMHSA gestiona una l\u00ednea de ayuda National gratuita, confidencial y disponible las 24 horas del d\u00eda, los 7 d\u00edas de la semana, durante todo el a\u00f1o, para proporcionar informaci\u00f3n y derivaciones a tratamientos para diversos trastornos de salud mental, incluida la adicci\u00f3n al juego.<\/p>\n<p>La l\u00ednea de ayuda National (1-800-662-4357) (<a href=\"https:\/\/www.samhsa.gov\/find-help\/national-helpline\/\" target=\"_new\" rel=\"noopener\">https:\/\/www.samhsa.gov\/find-help\/national-helpline\/<\/a>) constituye un valioso recurso para las personas y sus familias que buscan ayuda contra la adicci\u00f3n al juego. Profesionales formados ofrecen apoyo, informaci\u00f3n y remisiones a tratamientos tanto en ingl\u00e9s como en espa\u00f1ol. La l\u00ednea de ayuda garantiza que las personas puedan acceder a la ayuda que necesitan, independientemente de su ubicaci\u00f3n o circunstancias.<\/p>\n<h3><span class=\"ez-toc-section\" id=\"The_National_Council_on_Problem_Gambling\"><\/span>El National Consejo sobre el Juego Problem\u00e1tico<span class=\"ez-toc-section-end\"><\/span><\/h3>\n<p>El National Council on Problem Gambling (NCPG) es una organizaci\u00f3n independiente dedicada a defender a las personas y familias afectadas por problemas de juego. El NCPG no est\u00e1 afiliado a la industria del juego, lo que le permite ofrecer informaci\u00f3n imparcial, recursos y servicios de apoyo.<\/p>\n<p>El sitio web del NCPG es una completa fuente de informaci\u00f3n sobre la ludopat\u00eda.(<a href=\"http:\/\/www.ncpgambling.org\">http:\/\/www.ncpgambling.org<\/a>) Ofrece valiosos recursos para comprender la adicci\u00f3n al juego, identificar los signos y encontrar el tratamiento adecuado. El sitio web tambi\u00e9n ofrece un directorio de asesores formados en todo Estados Unidos especializados en problemas de ludopat\u00eda.<\/p>\n<h2><span class=\"ez-toc-section\" id=\"Conclusion\"><\/span>Mejores juegos de Casino - Conclusi\u00f3n<span class=\"ez-toc-section-end\"><\/span><\/h2>\n<p>La adicci\u00f3n al juego es un problema grave que puede tener importantes repercusiones en la vida de las personas. Reconocer los signos de la adicci\u00f3n al juego y saber cu\u00e1ndo buscar ayuda es crucial para superar este reto. En LiveCasinoFinder.com, damos prioridad al bienestar de nuestros usuarios y fomentamos las pr\u00e1cticas de juego responsables.<\/p>\n<p>En LiveCasinoFinder.com, nos dedicamos a promover el juego responsable y a garantizar un entorno de juego seguro. Le animamos a aprovechar los recursos y el apoyo disponibles para superar la adicci\u00f3n al juego y disfrutar del juego de forma responsable.<\/p>","protected":false},"excerpt":{"rendered":"<p>En LiveCasinoFinder.com, damos prioridad al bienestar de nuestros usuarios y nos comprometemos a promover el juego responsable. Esta p\u00e1gina pretende proporcionar informaci\u00f3n valiosa sobre la adicci\u00f3n al juego, sus signos y el apoyo disponible. Nuestro objetivo es garantizar una experiencia de juego segura y agradable para todos. Adicci\u00f3n al juego La adicci\u00f3n al juego es una enfermedad grave que afecta a las personas [...]<\/p>","protected":false},"author":1,"featured_media":0,"parent":0,"menu_order":0,"comment_status":"closed","ping_status":"closed","template":"page-no-sidebar.php","meta":{"_lmt_disableupdate":"no","_lmt_disable":"no","footnotes":""},"class_list":["post-2115","page","type-page","status-publish","hentry"],"yoast_head":"<!-- This site is optimized with the Yoast SEO plugin v26.4 - https:\/\/yoast.com\/wordpress\/plugins\/seo\/ -->\n<title>Support for Gambling Addiction<\/title>\n<meta name=\"description\" content=\"Find helpful resources and advice on managing gambling addiction with Live Casino Finder to stay in control and make safer choices while playing.\" \/>\n<meta name=\"robots\" content=\"index, follow, max-snippet:-1, max-image-preview:large, max-video-preview:-1\" \/>\n<link rel=\"canonical\" href=\"https:\/\/livecasinofinder.com\/wp-json\/wp\/v2\/pages\/2115\/\" \/>\n<meta property=\"og:locale\" content=\"es_ES\" \/>\n<meta property=\"og:type\" content=\"article\" \/>\n<meta property=\"og:title\" content=\"Support for Gambling Addiction\" \/>\n<meta property=\"og:description\" content=\"Find helpful resources and advice on managing gambling addiction with Live Casino Finder to stay in control and make safer choices while playing.\" \/>\n<meta property=\"og:url\" content=\"https:\/\/livecasinofinder.com\/es\/gambling-addiction\/\" \/>\n<meta property=\"og:site_name\" content=\"livecasinofinder.com\" \/>\n<meta property=\"article:modified_time\" content=\"2025-06-03T11:12:27+00:00\" \/>\n<meta property=\"og:image\" content=\"https:\/\/livecasinofinder.com\/wp-content\/uploads\/2023\/03\/lucasoilraceway-logo-1.png\" \/>\n\t<meta property=\"og:image:width\" content=\"427\" \/>\n\t<meta property=\"og:image:height\" content=\"145\" \/>\n\t<meta property=\"og:image:type\" content=\"image\/png\" \/>\n<meta name=\"twitter:card\" content=\"summary_large_image\" \/>\n<meta name=\"twitter:label1\" content=\"Tiempo de lectura\" \/>\n\t<meta name=\"twitter:data1\" content=\"7 minutos\" \/>\n<!-- \/ Yoast SEO plugin. -->","yoast_head_json":{"title":"Support for Gambling Addiction","description":"Find helpful resources and advice on managing gambling addiction with Live Casino Finder to stay in control and make safer choices while playing.","robots":{"index":"index","follow":"follow","max-snippet":"max-snippet:-1","max-image-preview":"max-image-preview:large","max-video-preview":"max-video-preview:-1"},"canonical":"https:\/\/livecasinofinder.com\/wp-json\/wp\/v2\/pages\/2115\/","og_locale":"es_ES","og_type":"article","og_title":"Support for Gambling Addiction","og_description":"Find helpful resources and advice on managing gambling addiction with Live Casino Finder to stay in control and make safer choices while playing.","og_url":"https:\/\/livecasinofinder.com\/es\/gambling-addiction\/","og_site_name":"livecasinofinder.com","article_modified_time":"2025-06-03T11:12:27+00:00","og_image":[{"width":427,"height":145,"url":"https:\/\/livecasinofinder.com\/wp-content\/uploads\/2023\/03\/lucasoilraceway-logo-1.png","type":"image\/png"}],"twitter_card":"summary_large_image","twitter_misc":{"Tiempo de lectura":"7 minutos"},"schema":{"@context":"https:\/\/schema.org","@graph":[{"@type":"WebPage","@id":"https:\/\/livecasinofinder.com\/gambling-addiction\/","url":"https:\/\/livecasinofinder.com\/gambling-addiction\/","name":"Support for Gambling Addiction","isPartOf":{"@id":"https:\/\/livecasinofinder.com\/ja\/#website"},"datePublished":"2023-06-20T14:24:32+00:00","dateModified":"2025-06-03T11:12:27+00:00","description":"Find helpful resources and advice on managing gambling addiction with Live Casino Finder to stay in control and make safer choices while playing.","breadcrumb":{"@id":"https:\/\/livecasinofinder.com\/gambling-addiction\/#breadcrumb"},"inLanguage":"es","potentialAction":[{"@type":"ReadAction","target":["https:\/\/livecasinofinder.com\/gambling-addiction\/"]}]},{"@type":"BreadcrumbList","@id":"https:\/\/livecasinofinder.com\/gambling-addiction\/#breadcrumb","itemListElement":[{"@type":"ListItem","position":1,"name":"LiveCasinoFinder.com","item":"https:\/\/livecasinofinder.com\/fr\/"},{"@type":"ListItem","position":2,"name":"Gambling Addiction"}]},{"@type":"WebSite","@id":"https:\/\/livecasinofinder.com\/ja\/#website","url":"https:\/\/livecasinofinder.com\/ja\/","name":"livecasinofinder","description":"","publisher":{"@id":"https:\/\/livecasinofinder.com\/ja\/#organization"},"alternateName":"Lucas oil raceway live casino","potentialAction":[{"@type":"SearchAction","target":{"@type":"EntryPoint","urlTemplate":"https:\/\/livecasinofinder.com\/ja\/?s={search_term_string}"},"query-input":{"@type":"PropertyValueSpecification","valueRequired":true,"valueName":"search_term_string"}}],"inLanguage":"es"},{"@type":"Organization","@id":"https:\/\/livecasinofinder.com\/ja\/#organization","name":"Buscador de casinos en vivo","alternateName":"Lucas oil raceway live casino","url":"https:\/\/livecasinofinder.com\/ja\/","logo":{"@type":"ImageObject","inLanguage":"es","@id":"https:\/\/livecasinofinder.com\/ja\/#\/schema\/logo\/image\/","url":"https:\/\/livecasinofinder.com\/wp-content\/uploads\/2023\/04\/livecasinofinder-logo.png","contentUrl":"https:\/\/livecasinofinder.com\/wp-content\/uploads\/2023\/04\/livecasinofinder-logo.png","width":1600,"height":453,"caption":"Live Casino Finder"},"image":{"@id":"https:\/\/livecasinofinder.com\/ja\/#\/schema\/logo\/image\/"}}]}},"_links":{"self":[{"href":"https:\/\/livecasinofinder.com\/es\/wp-json\/wp\/v2\/pages\/2115","targetHints":{"allow":["GET"]}}],"collection":[{"href":"https:\/\/livecasinofinder.com\/es\/wp-json\/wp\/v2\/pages"}],"about":[{"href":"https:\/\/livecasinofinder.com\/es\/wp-json\/wp\/v2\/types\/page"}],"author":[{"embeddable":true,"href":"https:\/\/livecasinofinder.com\/es\/wp-json\/wp\/v2\/users\/1"}],"replies":[{"embeddable":true,"href":"https:\/\/livecasinofinder.com\/es\/wp-json\/wp\/v2\/comments?post=2115"}],"version-history":[{"count":0,"href":"https:\/\/livecasinofinder.com\/es\/wp-json\/wp\/v2\/pages\/2115\/revisions"}],"wp:attachment":[{"href":"https:\/\/livecasinofinder.com\/es\/wp-json\/wp\/v2\/media?parent=2115"}],"curies":[{"name":"wp","href":"https:\/\/api.w.org\/{rel}","templated":true}]}}