{"id":2113,"date":"2023-06-20T14:28:59","date_gmt":"2023-06-20T14:28:59","guid":{"rendered":"https:\/\/livecasinofinder.com\/?page_id=2113"},"modified":"2025-06-03T11:11:51","modified_gmt":"2025-06-03T11:11:51","slug":"terms-and-conditions","status":"publish","type":"page","link":"https:\/\/livecasinofinder.com\/es\/terms-and-conditions\/","title":{"rendered":"Condiciones generales"},"content":{"rendered":"<p>Bienvenido a LiveCasinoFinder.com. Los siguientes T\u00e9rminos y Condiciones rigen el uso del sitio web de <a href=\"\/es\/\">P\u00e1gina web de LiveCasinoFinder.com<\/a>. Es imprescindible que lea y comprenda estas Condiciones Generales antes de utilizar nuestros servicios.<\/p>\n<div id=\"ez-toc-container\" class=\"ez-toc-v2_0_63 counter-hierarchy ez-toc-counter ez-toc-grey ez-toc-container-direction\">\n<label for=\"ez-toc-cssicon-toggle-item-69dc1c1570578\" class=\"ez-toc-cssicon-toggle-label\"><span class=\"ez-toc-cssicon\"><span class=\"eztoc-hide\" style=\"display:none;\">Toggle<\/span><span class=\"ez-toc-icon-toggle-span\"><svg style=\"fill: #999;color:#999\" xmlns=\"http:\/\/www.w3.org\/2000\/svg\" class=\"list-377408\" width=\"20px\" height=\"20px\" viewbox=\"0 0 24 24\" fill=\"none\"><path d=\"M6 6H4v2h2V6zm14 0H8v2h12V6zM4 11h2v2H4v-2zm16 0H8v2h12v-2zM4 16h2v2H4v-2zm16 0H8v2h12v-2z\" fill=\"currentColor\"><\/path><\/svg><svg style=\"fill: #999;color:#999\" class=\"arrow-unsorted-368013\" xmlns=\"http:\/\/www.w3.org\/2000\/svg\" width=\"10px\" height=\"10px\" viewbox=\"0 0 24 24\" version=\"1.2\" baseprofile=\"tiny\"><path d=\"M18.2 9.3l-6.2-6.3-6.2 6.3c-.2.2-.3.4-.3.7s.1.5.3.7c.2.2.4.3.7.3h11c.3 0 .5-.1.7-.3.2-.2.3-.5.3-.7s-.1-.5-.3-.7zM5.8 14.7l6.2 6.3 6.2-6.3c.2-.2.3-.5.3-.7s-.1-.5-.3-.7c-.2-.2-.4-.3-.7-.3h-11c-.3 0-.5.1-.7.3-.2.2-.3.5-.3.7s.1.5.3.7z\"\/><\/svg><\/span><\/span><\/label><input type=\"checkbox\"  id=\"ez-toc-cssicon-toggle-item-69dc1c1570578\" checked aria-label=\"Toggle\" \/><nav><ul class='ez-toc-list ez-toc-list-level-1' ><li class='ez-toc-page-1 ez-toc-heading-level-2'><a class=\"ez-toc-link ez-toc-heading-1\" href=\"https:\/\/livecasinofinder.com\/es\/terms-and-conditions\/#Purpose_of_the_Terms_and_Conditions_and_Information\" title=\"Objeto de las condiciones generales y de la informaci\u00f3n\">Objeto de las condiciones generales y de la informaci\u00f3n<\/a><\/li><li class='ez-toc-page-1 ez-toc-heading-level-2'><a class=\"ez-toc-link ez-toc-heading-2\" href=\"https:\/\/livecasinofinder.com\/es\/terms-and-conditions\/#Disclaimer_and_Legal_Advice\" title=\"Descargo de responsabilidad y aviso legal\">Descargo de responsabilidad y aviso legal<\/a><\/li><li class='ez-toc-page-1 ez-toc-heading-level-2'><a class=\"ez-toc-link ez-toc-heading-3\" href=\"https:\/\/livecasinofinder.com\/es\/terms-and-conditions\/#LiveCasinoFindercom_as_an_Independent_Gambling_Directory_and_Information_Service\" title=\"LiveCasinoFinder.com como directorio independiente de juegos de azar y servicio de informaci\u00f3n\">LiveCasinoFinder.com como directorio independiente de juegos de azar y servicio de informaci\u00f3n<\/a><\/li><li class='ez-toc-page-1 ez-toc-heading-level-2'><a class=\"ez-toc-link ez-toc-heading-4\" href=\"https:\/\/livecasinofinder.com\/es\/terms-and-conditions\/#Accuracy_of_Information\" title=\"Exactitud de la informaci\u00f3n\">Exactitud de la informaci\u00f3n<\/a><\/li><li class='ez-toc-page-1 ez-toc-heading-level-2'><a class=\"ez-toc-link ez-toc-heading-5\" href=\"https:\/\/livecasinofinder.com\/es\/terms-and-conditions\/#User_Responsibility_for_Legality_of_Games_and_Wagers\" title=\"Responsabilidad del usuario sobre la legalidad de los juegos y apuestas\">Responsabilidad del usuario sobre la legalidad de los juegos y apuestas<\/a><\/li><li class='ez-toc-page-1 ez-toc-heading-level-2'><a class=\"ez-toc-link ez-toc-heading-6\" href=\"https:\/\/livecasinofinder.com\/es\/terms-and-conditions\/#Limitation_of_Liability\" title=\"Limitaci\u00f3n de responsabilidad\">Limitaci\u00f3n de responsabilidad<\/a><\/li><li class='ez-toc-page-1 ez-toc-heading-level-2'><a class=\"ez-toc-link ez-toc-heading-7\" href=\"https:\/\/livecasinofinder.com\/es\/terms-and-conditions\/#Modification_of_Information_and_Future_Obligations\" title=\"Modificaci\u00f3n de la informaci\u00f3n y obligaciones futuras\">Modificaci\u00f3n de la informaci\u00f3n y obligaciones futuras<\/a><\/li><li class='ez-toc-page-1 ez-toc-heading-level-2'><a class=\"ez-toc-link ez-toc-heading-8\" href=\"https:\/\/livecasinofinder.com\/es\/terms-and-conditions\/#Trademarks_and_Copyrights\" title=\"Marcas y derechos de autor\">Marcas y derechos de autor<\/a><\/li><li class='ez-toc-page-1 ez-toc-heading-level-2'><a class=\"ez-toc-link ez-toc-heading-9\" href=\"https:\/\/livecasinofinder.com\/es\/terms-and-conditions\/#Copying_and_Transmission_Restrictions\" title=\"Restricciones de copia y transmisi\u00f3n\">Restricciones de copia y transmisi\u00f3n<\/a><\/li><li class='ez-toc-page-1 ez-toc-heading-level-2'><a class=\"ez-toc-link ez-toc-heading-10\" href=\"https:\/\/livecasinofinder.com\/es\/terms-and-conditions\/#Intellectual_Property_Rights\" title=\"Derechos de propiedad intelectual\">Derechos de propiedad intelectual<\/a><\/li><li class='ez-toc-page-1 ez-toc-heading-level-2'><a class=\"ez-toc-link ez-toc-heading-11\" href=\"https:\/\/livecasinofinder.com\/es\/terms-and-conditions\/#Information_Accuracy_and_Reporting\" title=\"Exactitud de la informaci\u00f3n y presentaci\u00f3n de informes\">Exactitud de la informaci\u00f3n y presentaci\u00f3n de informes<\/a><\/li><li class='ez-toc-page-1 ez-toc-heading-level-2'><a class=\"ez-toc-link ez-toc-heading-12\" href=\"https:\/\/livecasinofinder.com\/es\/terms-and-conditions\/#Content_Removal_and_Discretion_of_livecasinofindercom\" title=\"Eliminaci\u00f3n de contenidos y discreci\u00f3n de livecasinofinder.com\">Eliminaci\u00f3n de contenidos y discreci\u00f3n de livecasinofinder.com<\/a><\/li><li class='ez-toc-page-1 ez-toc-heading-level-2'><a class=\"ez-toc-link ez-toc-heading-13\" href=\"https:\/\/livecasinofinder.com\/es\/terms-and-conditions\/#Live_Casino_Finder_Complaints_Service\" title=\"Servicio de reclamaciones de Live Casino Finder\">Servicio de reclamaciones de Live Casino Finder<\/a><\/li><li class='ez-toc-page-1 ez-toc-heading-level-2'><a class=\"ez-toc-link ez-toc-heading-14\" href=\"https:\/\/livecasinofinder.com\/es\/terms-and-conditions\/#Terms_and_Conditions_of_LiveCasinoFindercom\" title=\"T\u00e9rminos y condiciones de LiveCasinoFinder.com\">T\u00e9rminos y condiciones de LiveCasinoFinder.com<\/a><\/li><li class='ez-toc-page-1 ez-toc-heading-level-2'><a class=\"ez-toc-link ez-toc-heading-15\" href=\"https:\/\/livecasinofinder.com\/es\/terms-and-conditions\/#Conclusion\" title=\"Mejores juegos de Casino - Conclusi\u00f3n\">Mejores juegos de Casino - Conclusi\u00f3n<\/a><\/li><\/ul><\/nav><\/div>\n\n<h2><span class=\"ez-toc-section\" id=\"Purpose_of_the_Terms_and_Conditions_and_Information\"><\/span>Objeto de las condiciones generales y de la informaci\u00f3n<span class=\"ez-toc-section-end\"><\/span><\/h2>\n<p>Los T\u00e9rminos y Condiciones aqu\u00ed estipulados tienen como objetivo delinear las reglas y regulaciones que dictan la relaci\u00f3n entre LiveCasinoFinder.com y sus usuarios. Es esencial que los usuarios entiendan sus derechos, obligaciones y las limitaciones de uso de los servicios proporcionados por LiveCasinoFinder.com.<\/p>\n<h2><span class=\"ez-toc-section\" id=\"Disclaimer_and_Legal_Advice\"><\/span>Descargo de responsabilidad y aviso legal<span class=\"ez-toc-section-end\"><\/span><\/h2>\n<p>Tenga en cuenta que el contenido de LiveCasinoFinder.com s\u00f3lo tiene fines informativos. Nada de lo contenido en este sitio debe tomarse como asesoramiento jur\u00eddico. Los usuarios deben consultar a un asesor legal para asuntos legales, especialmente en lo relacionado con los juegos de azar en l\u00ednea.<\/p>\n<h2><span class=\"ez-toc-section\" id=\"LiveCasinoFindercom_as_an_Independent_Gambling_Directory_and_Information_Service\"><\/span>LiveCasinoFinder.com como directorio independiente de juegos de azar y servicio de informaci\u00f3n<span class=\"ez-toc-section-end\"><\/span><\/h2>\n<p>LiveCasinoFinder.com es un directorio independiente en l\u00ednea y servicio de informaci\u00f3n que ofrece revisiones y puntos de vista sobre live casinos. No operamos ning\u00fan servicio de apuestas, y no estamos afiliados con ning\u00fan operador de casino.<\/p>\n<h2><span class=\"ez-toc-section\" id=\"Accuracy_of_Information\"><\/span>Exactitud de la informaci\u00f3n<span class=\"ez-toc-section-end\"><\/span><\/h2>\n<p>Aunque LiveCasinoFinder.com realiza esfuerzos significativos para asegurar que la informaci\u00f3n proporcionada sea precisa y est\u00e9 actualizada, no podemos garantizar su absoluta exactitud. Se recomienda a los usuarios que act\u00faen con discreci\u00f3n y verifiquen la informaci\u00f3n de forma independiente.<\/p>\n<h2><span class=\"ez-toc-section\" id=\"User_Responsibility_for_Legality_of_Games_and_Wagers\"><\/span>Responsabilidad del usuario sobre la legalidad de los juegos y apuestas<span class=\"ez-toc-section-end\"><\/span><\/h2>\n<p>Como usuario de LiveCasinoFinder.com, usted es el \u00fanico responsable de asegurarse de que cumple las leyes y reglamentos relativos al juego en su jurisdicci\u00f3n. Esto incluye la legalidad de los juegos y apuestas en los que participa.<\/p>\n<h2><span class=\"ez-toc-section\" id=\"Limitation_of_Liability\"><\/span>Limitaci\u00f3n de responsabilidad<span class=\"ez-toc-section-end\"><\/span><\/h2>\n<p>Al utilizar LiveCasinoFinder.com, usted acepta indemnizar al sitio, a sus empleados y afiliados por cualquier reclamaci\u00f3n, da\u00f1o u otras responsabilidades que puedan derivarse del uso de la informaci\u00f3n o los servicios prestados.<\/p>\n<h2><span class=\"ez-toc-section\" id=\"Modification_of_Information_and_Future_Obligations\"><\/span>Modificaci\u00f3n de la informaci\u00f3n y obligaciones futuras<span class=\"ez-toc-section-end\"><\/span><\/h2>\n<p>LiveCasinoFinder.com se reserva el derecho de modificar o eliminar cualquier informaci\u00f3n proporcionada sin previo aviso. Se aconseja a los usuarios que revisen los T\u00e9rminos y Condiciones con regularidad por si hubiera alguna actualizaci\u00f3n.<\/p>\n<h2><span class=\"ez-toc-section\" id=\"Trademarks_and_Copyrights\"><\/span>Marcas y derechos de autor<span class=\"ez-toc-section-end\"><\/span><\/h2>\n<p>Todo el contenido, incluidos textos, im\u00e1genes y logotipos de LiveCasinoFinder.com, es propiedad del sitio o de sus proveedores de contenido y est\u00e1 protegido por las leyes internacionales de derechos de autor.<\/p>\n<h2><span class=\"ez-toc-section\" id=\"Copying_and_Transmission_Restrictions\"><\/span>Restricciones de copia y transmisi\u00f3n<span class=\"ez-toc-section-end\"><\/span><\/h2>\n<p>Se proh\u00edbe a los usuarios copiar, redistribuir o volver a publicar cualquier parte del contenido de LiveCasinoFinder.com sin el permiso expl\u00edcito por escrito de los propietarios del sitio.<\/p>\n<h2><span class=\"ez-toc-section\" id=\"Intellectual_Property_Rights\"><\/span>Derechos de propiedad intelectual<span class=\"ez-toc-section-end\"><\/span><\/h2>\n<p>LiveCasinoFinder.com es titular de los derechos de propiedad intelectual sobre los contenidos, servicios y marcas de este sitio web. El uso no autorizado de cualquiera de estas propiedades est\u00e1 estrictamente prohibido y puede ser objeto de acciones legales.<\/p>\n<h2><span class=\"ez-toc-section\" id=\"Information_Accuracy_and_Reporting\"><\/span>Exactitud de la informaci\u00f3n y presentaci\u00f3n de informes<span class=\"ez-toc-section-end\"><\/span><\/h2>\n<p>Si usted encuentra cualquier informaci\u00f3n en LiveCasinoFinder.com que sea inexacta o enga\u00f1osa, por favor inf\u00f3rmenos. Nos esforzamos por la excelencia y apreciamos la cooperaci\u00f3n de nuestros usuarios para mantener la integridad de nuestro sitio.<\/p>\n<h2><span class=\"ez-toc-section\" id=\"Content_Removal_and_Discretion_of_livecasinofindercom\"><\/span>Eliminaci\u00f3n de contenidos y discreci\u00f3n de livecasinofinder.com<span class=\"ez-toc-section-end\"><\/span><\/h2>\n<p>El contenido puede ser eliminado o modificado a discreci\u00f3n de livecasinofinder.com de acuerdo con nuestras pol\u00edticas y cualquier ley aplicable.<\/p>\n<h2><span class=\"ez-toc-section\" id=\"Live_Casino_Finder_Complaints_Service\"><\/span>Servicio de reclamaciones de Live Casino Finder<span class=\"ez-toc-section-end\"><\/span><\/h2>\n<p>Si tiene alguna queja o problema en relaci\u00f3n con los servicios prestados por LiveCasinoFinder.com, p\u00f3ngase en contacto con nosotros a trav\u00e9s de nuestro Servicio de Quejas. Valoramos sus comentarios y trataremos sus preocupaciones lo mejor que podamos.<\/p>\n<h2><span class=\"ez-toc-section\" id=\"Terms_and_Conditions_of_LiveCasinoFindercom\"><\/span>T\u00e9rminos y condiciones de LiveCasinoFinder.com<span class=\"ez-toc-section-end\"><\/span><\/h2>\n<p>Al utilizar este sitio, usted acepta los T\u00e9rminos y Condiciones expuestos en este documento. Su uso continuado del sitio tras cualquier actualizaci\u00f3n de estos T\u00e9rminos y Condiciones significar\u00e1 su aceptaci\u00f3n de los cambios.<\/p>\n<h2><span class=\"ez-toc-section\" id=\"Conclusion\"><\/span>Mejores juegos de Casino - Conclusi\u00f3n<span class=\"ez-toc-section-end\"><\/span><\/h2>\n<p>Al utilizar LiveCasinoFinder.com, usted acepta los T\u00e9rminos y Condiciones establecidos en este documento. Es su responsabilidad mantenerse informado de estos T\u00e9rminos y Condiciones y utilizar este sitio y su informaci\u00f3n de manera responsable y dentro de los l\u00edmites de la ley.<\/p>","protected":false},"excerpt":{"rendered":"<p>Bienvenido a LiveCasinoFinder.com. Los siguientes T\u00e9rminos y Condiciones rigen el uso del sitio web LiveCasinoFinder.com. Es imperativo que lea y comprenda estos T\u00e9rminos y Condiciones antes de utilizar nuestros servicios. Prop\u00f3sito de los T\u00e9rminos y Condiciones e Informaci\u00f3n Los T\u00e9rminos y Condiciones estipulados aqu\u00ed tienen como objetivo delinear las reglas y regulaciones que dictan [...]<\/p>","protected":false},"author":1,"featured_media":0,"parent":0,"menu_order":0,"comment_status":"closed","ping_status":"closed","template":"page-no-sidebar.php","meta":{"_lmt_disableupdate":"no","_lmt_disable":"no","footnotes":""},"class_list":["post-2113","page","type-page","status-publish","hentry"],"yoast_head":"<!-- This site is optimized with the Yoast SEO plugin v26.4 - https:\/\/yoast.com\/wordpress\/plugins\/seo\/ -->\n<title>Terms and Conditions Overview<\/title>\n<meta name=\"description\" content=\"Review the terms and conditions of Live Casino Finder to understand your rights and responsibilities while using our site and services.\" \/>\n<meta name=\"robots\" content=\"index, follow, max-snippet:-1, max-image-preview:large, max-video-preview:-1\" \/>\n<link rel=\"canonical\" href=\"https:\/\/livecasinofinder.com\/wp-json\/wp\/v2\/pages\/2113\/\" \/>\n<meta property=\"og:locale\" content=\"es_ES\" \/>\n<meta property=\"og:type\" content=\"article\" \/>\n<meta property=\"og:title\" content=\"Terms and Conditions Overview\" \/>\n<meta property=\"og:description\" content=\"Review the terms and conditions of Live Casino Finder to understand your rights and responsibilities while using our site and services.\" \/>\n<meta property=\"og:url\" content=\"https:\/\/livecasinofinder.com\/es\/terms-and-conditions\/\" \/>\n<meta property=\"og:site_name\" content=\"livecasinofinder.com\" \/>\n<meta property=\"article:modified_time\" content=\"2025-06-03T11:11:51+00:00\" \/>\n<meta property=\"og:image\" content=\"https:\/\/livecasinofinder.com\/wp-content\/uploads\/2023\/03\/lucasoilraceway-logo-1.png\" \/>\n\t<meta property=\"og:image:width\" content=\"427\" \/>\n\t<meta property=\"og:image:height\" content=\"145\" \/>\n\t<meta property=\"og:image:type\" content=\"image\/png\" \/>\n<meta name=\"twitter:card\" content=\"summary_large_image\" \/>\n<meta name=\"twitter:label1\" content=\"Tiempo de lectura\" \/>\n\t<meta name=\"twitter:data1\" content=\"3 minutos\" \/>\n<!-- \/ Yoast SEO plugin. -->","yoast_head_json":{"title":"Terms and Conditions Overview","description":"Review the terms and conditions of Live Casino Finder to understand your rights and responsibilities while using our site and services.","robots":{"index":"index","follow":"follow","max-snippet":"max-snippet:-1","max-image-preview":"max-image-preview:large","max-video-preview":"max-video-preview:-1"},"canonical":"https:\/\/livecasinofinder.com\/wp-json\/wp\/v2\/pages\/2113\/","og_locale":"es_ES","og_type":"article","og_title":"Terms and Conditions Overview","og_description":"Review the terms and conditions of Live Casino Finder to understand your rights and responsibilities while using our site and services.","og_url":"https:\/\/livecasinofinder.com\/es\/terms-and-conditions\/","og_site_name":"livecasinofinder.com","article_modified_time":"2025-06-03T11:11:51+00:00","og_image":[{"width":427,"height":145,"url":"https:\/\/livecasinofinder.com\/wp-content\/uploads\/2023\/03\/lucasoilraceway-logo-1.png","type":"image\/png"}],"twitter_card":"summary_large_image","twitter_misc":{"Tiempo de lectura":"3 minutos"},"schema":{"@context":"https:\/\/schema.org","@graph":[{"@type":"WebPage","@id":"https:\/\/livecasinofinder.com\/terms-and-conditions\/","url":"https:\/\/livecasinofinder.com\/terms-and-conditions\/","name":"Terms and Conditions Overview","isPartOf":{"@id":"https:\/\/livecasinofinder.com\/ja\/#website"},"datePublished":"2023-06-20T14:28:59+00:00","dateModified":"2025-06-03T11:11:51+00:00","description":"Review the terms and conditions of Live Casino Finder to understand your rights and responsibilities while using our site and services.","breadcrumb":{"@id":"https:\/\/livecasinofinder.com\/terms-and-conditions\/#breadcrumb"},"inLanguage":"es","potentialAction":[{"@type":"ReadAction","target":["https:\/\/livecasinofinder.com\/terms-and-conditions\/"]}]},{"@type":"BreadcrumbList","@id":"https:\/\/livecasinofinder.com\/terms-and-conditions\/#breadcrumb","itemListElement":[{"@type":"ListItem","position":1,"name":"LiveCasinoFinder.com","item":"https:\/\/livecasinofinder.com\/fr\/"},{"@type":"ListItem","position":2,"name":"Terms and Conditions"}]},{"@type":"WebSite","@id":"https:\/\/livecasinofinder.com\/ja\/#website","url":"https:\/\/livecasinofinder.com\/ja\/","name":"livecasinofinder","description":"","publisher":{"@id":"https:\/\/livecasinofinder.com\/ja\/#organization"},"alternateName":"Lucas oil raceway live casino","potentialAction":[{"@type":"SearchAction","target":{"@type":"EntryPoint","urlTemplate":"https:\/\/livecasinofinder.com\/ja\/?s={search_term_string}"},"query-input":{"@type":"PropertyValueSpecification","valueRequired":true,"valueName":"search_term_string"}}],"inLanguage":"es"},{"@type":"Organization","@id":"https:\/\/livecasinofinder.com\/ja\/#organization","name":"Buscador de casinos en vivo","alternateName":"Lucas oil raceway live casino","url":"https:\/\/livecasinofinder.com\/ja\/","logo":{"@type":"ImageObject","inLanguage":"es","@id":"https:\/\/livecasinofinder.com\/ja\/#\/schema\/logo\/image\/","url":"https:\/\/livecasinofinder.com\/wp-content\/uploads\/2023\/04\/livecasinofinder-logo.png","contentUrl":"https:\/\/livecasinofinder.com\/wp-content\/uploads\/2023\/04\/livecasinofinder-logo.png","width":1600,"height":453,"caption":"Live Casino Finder"},"image":{"@id":"https:\/\/livecasinofinder.com\/ja\/#\/schema\/logo\/image\/"}}]}},"_links":{"self":[{"href":"https:\/\/livecasinofinder.com\/es\/wp-json\/wp\/v2\/pages\/2113","targetHints":{"allow":["GET"]}}],"collection":[{"href":"https:\/\/livecasinofinder.com\/es\/wp-json\/wp\/v2\/pages"}],"about":[{"href":"https:\/\/livecasinofinder.com\/es\/wp-json\/wp\/v2\/types\/page"}],"author":[{"embeddable":true,"href":"https:\/\/livecasinofinder.com\/es\/wp-json\/wp\/v2\/users\/1"}],"replies":[{"embeddable":true,"href":"https:\/\/livecasinofinder.com\/es\/wp-json\/wp\/v2\/comments?post=2113"}],"version-history":[{"count":0,"href":"https:\/\/livecasinofinder.com\/es\/wp-json\/wp\/v2\/pages\/2113\/revisions"}],"wp:attachment":[{"href":"https:\/\/livecasinofinder.com\/es\/wp-json\/wp\/v2\/media?parent=2113"}],"curies":[{"name":"wp","href":"https:\/\/api.w.org\/{rel}","templated":true}]}}