{"id":2109,"date":"2023-06-20T14:37:04","date_gmt":"2023-06-20T14:37:04","guid":{"rendered":"https:\/\/livecasinofinder.com\/?page_id=2109"},"modified":"2023-06-20T14:37:04","modified_gmt":"2023-06-20T14:37:04","slug":"privacy-policy","status":"publish","type":"page","link":"https:\/\/livecasinofinder.com\/es\/privacy-policy\/","title":{"rendered":"Pol\u00edtica de privacidad"},"content":{"rendered":"<p>En <a href=\"\/es\/\">LiveCasinoFinder.com<\/a>somos conscientes de la importancia de salvaguardar su privacidad y proteger la confidencialidad de su informaci\u00f3n personal. Esta Pol\u00edtica de privacidad describe nuestro compromiso inquebrantable con la protecci\u00f3n de datos, garantizando una experiencia segura y agradable en nuestra plataforma.<\/p>\n<div id=\"ez-toc-container\" class=\"ez-toc-v2_0_63 counter-hierarchy ez-toc-counter ez-toc-grey ez-toc-container-direction\">\n<label for=\"ez-toc-cssicon-toggle-item-69d29f1ec6508\" class=\"ez-toc-cssicon-toggle-label\"><span class=\"ez-toc-cssicon\"><span class=\"eztoc-hide\" style=\"display:none;\">Toggle<\/span><span class=\"ez-toc-icon-toggle-span\"><svg style=\"fill: #999;color:#999\" xmlns=\"http:\/\/www.w3.org\/2000\/svg\" class=\"list-377408\" width=\"20px\" height=\"20px\" viewbox=\"0 0 24 24\" fill=\"none\"><path d=\"M6 6H4v2h2V6zm14 0H8v2h12V6zM4 11h2v2H4v-2zm16 0H8v2h12v-2zM4 16h2v2H4v-2zm16 0H8v2h12v-2z\" fill=\"currentColor\"><\/path><\/svg><svg style=\"fill: #999;color:#999\" class=\"arrow-unsorted-368013\" xmlns=\"http:\/\/www.w3.org\/2000\/svg\" width=\"10px\" height=\"10px\" viewbox=\"0 0 24 24\" version=\"1.2\" baseprofile=\"tiny\"><path d=\"M18.2 9.3l-6.2-6.3-6.2 6.3c-.2.2-.3.4-.3.7s.1.5.3.7c.2.2.4.3.7.3h11c.3 0 .5-.1.7-.3.2-.2.3-.5.3-.7s-.1-.5-.3-.7zM5.8 14.7l6.2 6.3 6.2-6.3c.2-.2.3-.5.3-.7s-.1-.5-.3-.7c-.2-.2-.4-.3-.7-.3h-11c-.3 0-.5.1-.7.3-.2.2-.3.5-.3.7s.1.5.3.7z\"\/><\/svg><\/span><\/span><\/label><input type=\"checkbox\"  id=\"ez-toc-cssicon-toggle-item-69d29f1ec6508\" checked aria-label=\"Toggle\" \/><nav><ul class='ez-toc-list ez-toc-list-level-1' ><li class='ez-toc-page-1 ez-toc-heading-level-2'><a class=\"ez-toc-link ez-toc-heading-1\" href=\"https:\/\/livecasinofinder.com\/es\/privacy-policy\/#Our_Pledge_to_Safeguard_Your_Privacy\" title=\"Nuestro compromiso de proteger su intimidad\">Nuestro compromiso de proteger su intimidad<\/a><\/li><li class='ez-toc-page-1 ez-toc-heading-level-2'><a class=\"ez-toc-link ez-toc-heading-2\" href=\"https:\/\/livecasinofinder.com\/es\/privacy-policy\/#Data_Collection_Our_Practices\" title=\"Recogida de datos: Nuestras pr\u00e1cticas\">Recogida de datos: Nuestras pr\u00e1cticas<\/a><\/li><li class='ez-toc-page-1 ez-toc-heading-level-2'><a class=\"ez-toc-link ez-toc-heading-3\" href=\"https:\/\/livecasinofinder.com\/es\/privacy-policy\/#The_Use_of_Your_Information\" title=\"Uso de sus datos\">Uso de sus datos<\/a><\/li><li class='ez-toc-page-1 ez-toc-heading-level-2'><a class=\"ez-toc-link ez-toc-heading-4\" href=\"https:\/\/livecasinofinder.com\/es\/privacy-policy\/#Information_Disclosure_and_Sharing\" title=\"Divulgaci\u00f3n e intercambio de informaci\u00f3n\">Divulgaci\u00f3n e intercambio de informaci\u00f3n<\/a><\/li><li class='ez-toc-page-1 ez-toc-heading-level-2'><a class=\"ez-toc-link ez-toc-heading-5\" href=\"https:\/\/livecasinofinder.com\/es\/privacy-policy\/#Our_Security_Measures\" title=\"Nuestras medidas de seguridad\">Nuestras medidas de seguridad<\/a><\/li><li class='ez-toc-page-1 ez-toc-heading-level-2'><a class=\"ez-toc-link ez-toc-heading-6\" href=\"https:\/\/livecasinofinder.com\/es\/privacy-policy\/#The_Role_of_Cookies\" title=\"El papel de las cookies\">El papel de las cookies<\/a><\/li><li class='ez-toc-page-1 ez-toc-heading-level-2'><a class=\"ez-toc-link ez-toc-heading-7\" href=\"https:\/\/livecasinofinder.com\/es\/privacy-policy\/#Third-Party_Links\" title=\"Enlaces de terceros\">Enlaces de terceros<\/a><\/li><li class='ez-toc-page-1 ez-toc-heading-level-2'><a class=\"ez-toc-link ez-toc-heading-8\" href=\"https:\/\/livecasinofinder.com\/es\/privacy-policy\/#Policy_on_Childrens_Privacy\" title=\"Pol\u00edtica de privacidad infantil\">Pol\u00edtica de privacidad infantil<\/a><\/li><li class='ez-toc-page-1 ez-toc-heading-level-2'><a class=\"ez-toc-link ez-toc-heading-9\" href=\"https:\/\/livecasinofinder.com\/es\/privacy-policy\/#Changes_to_This_Privacy_Policy\" title=\"Cambios en esta pol\u00edtica de privacidad\">Cambios en esta pol\u00edtica de privacidad<\/a><\/li><li class='ez-toc-page-1 ez-toc-heading-level-2'><a class=\"ez-toc-link ez-toc-heading-10\" href=\"https:\/\/livecasinofinder.com\/es\/privacy-policy\/#Your_Rights_to_Your_Personal_Information\" title=\"Sus derechos sobre sus datos personales\">Sus derechos sobre sus datos personales<\/a><\/li><li class='ez-toc-page-1 ez-toc-heading-level-2'><a class=\"ez-toc-link ez-toc-heading-11\" href=\"https:\/\/livecasinofinder.com\/es\/privacy-policy\/#Retention_of_Data\" title=\"Conservaci\u00f3n de datos\">Conservaci\u00f3n de datos<\/a><\/li><li class='ez-toc-page-1 ez-toc-heading-level-2'><a class=\"ez-toc-link ez-toc-heading-12\" href=\"https:\/\/livecasinofinder.com\/es\/privacy-policy\/#International_Data_Transfers\" title=\"Transferencias internacionales de datos\">Transferencias internacionales de datos<\/a><\/li><\/ul><\/nav><\/div>\n\n<h2><span class=\"ez-toc-section\" id=\"Our_Pledge_to_Safeguard_Your_Privacy\"><\/span>Nuestro compromiso de proteger su intimidad<span class=\"ez-toc-section-end\"><\/span><\/h2>\n<p>Valoramos su privacidad y damos prioridad a la protecci\u00f3n de su informaci\u00f3n personal. Hemos implantado estrictas pr\u00e1cticas de privacidad y cumplimos las leyes de protecci\u00f3n de datos aplicables para garantizar que sus datos permanezcan seguros y confidenciales.<\/p>\n<h2><span class=\"ez-toc-section\" id=\"Data_Collection_Our_Practices\"><\/span>Recogida de datos: Nuestras pr\u00e1cticas<span class=\"ez-toc-section-end\"><\/span><\/h2>\n<p>Para ofrecerle una experiencia fluida y personalizada, podemos recopilar cierta informaci\u00f3n sobre usted. Esta informaci\u00f3n puede incluir su nombre, datos de contacto y comportamiento de navegaci\u00f3n en nuestra plataforma. Tenga la seguridad de que solo recopilamos los datos necesarios para mejorar su experiencia y nuestros servicios.<\/p>\n<h2><span class=\"ez-toc-section\" id=\"The_Use_of_Your_Information\"><\/span>Uso de sus datos<span class=\"ez-toc-section-end\"><\/span><\/h2>\n<p>La informaci\u00f3n que recabamos de usted se utiliza para diversos fines, entre los que se incluyen:<\/p>\n<ol>\n<li>Personalizaci\u00f3n de su experiencia en LiveCasinoFinder.com<\/li>\n<li>Tramitaci\u00f3n eficaz de sus solicitudes y transacciones<\/li>\n<li>Comunicar actualizaciones y promociones importantes<\/li>\n<li>Analizar los datos para mejorar nuestros servicios y adaptarlos a sus preferencias.<\/li>\n<\/ol>\n<h2><span class=\"ez-toc-section\" id=\"Information_Disclosure_and_Sharing\"><\/span>Divulgaci\u00f3n e intercambio de informaci\u00f3n<span class=\"ez-toc-section-end\"><\/span><\/h2>\n<p>LiveCasinoFinder.com respeta la confidencialidad de su informaci\u00f3n. No vendemos, intercambiamos ni compartimos sus datos personales con terceros a menos que sea necesario para prestar nuestros servicios o lo exija la ley. Podemos compartir su informaci\u00f3n con socios de confianza, como procesadores de pagos, con el \u00fanico fin de prestarle nuestros servicios.<\/p>\n<h2><span class=\"ez-toc-section\" id=\"Our_Security_Measures\"><\/span>Nuestras medidas de seguridad<span class=\"ez-toc-section-end\"><\/span><\/h2>\n<p>Hemos implantado s\u00f3lidas medidas de seguridad para proteger su informaci\u00f3n personal frente a accesos no autorizados, divulgaci\u00f3n, alteraci\u00f3n o destrucci\u00f3n. Nuestros avanzados sistemas de seguridad, protocolos de encriptaci\u00f3n y estrictos controles de acceso garantizan la m\u00e1xima protecci\u00f3n de sus datos. Revisamos y actualizamos peri\u00f3dicamente nuestras medidas de seguridad para adelantarnos a las amenazas emergentes y mantener un entorno seguro para nuestros usuarios.<\/p>\n<h2><span class=\"ez-toc-section\" id=\"The_Role_of_Cookies\"><\/span>El papel de las cookies<span class=\"ez-toc-section-end\"><\/span><\/h2>\n<p>LiveCasinoFinder.com utiliza cookies para mejorar su experiencia de navegaci\u00f3n en nuestra plataforma. Las cookies son peque\u00f1os archivos de texto que se almacenan en su dispositivo, lo que nos permite reconocerle y personalizar su experiencia en funci\u00f3n de sus preferencias. Usted tiene la opci\u00f3n de gestionar sus preferencias de cookies a trav\u00e9s de la configuraci\u00f3n de su navegador. Sin embargo, tenga en cuenta que desactivar las cookies puede limitar ciertas caracter\u00edsticas o funcionalidades de nuestro sitio web.<\/p>\n<h2><span class=\"ez-toc-section\" id=\"Third-Party_Links\"><\/span>Enlaces de terceros<span class=\"ez-toc-section-end\"><\/span><\/h2>\n<p>Nuestra plataforma puede contener enlaces a sitios web o servicios de terceros. Le recomendamos que tenga en cuenta que estos sitios web tienen sus propias pol\u00edticas de privacidad, que pueden diferir de las nuestras. Le recomendamos que revise las pr\u00e1cticas de privacidad de los sitios web de terceros que visite a trav\u00e9s de nuestra plataforma, ya que no tenemos control sobre su recopilaci\u00f3n o uso de datos.<\/p>\n<h2><span class=\"ez-toc-section\" id=\"Policy_on_Childrens_Privacy\"><\/span>Pol\u00edtica de privacidad infantil<span class=\"ez-toc-section-end\"><\/span><\/h2>\n<p>LiveCasinoFinder.com est\u00e1 dirigido a personas mayores de 18 a\u00f1os o mayores de la edad legal para jugar en l\u00ednea en su jurisdicci\u00f3n. No recopilamos ni almacenamos conscientemente informaci\u00f3n personal de personas menores de la edad legal. Si tenemos conocimiento de alg\u00fan dato de este tipo, lo eliminaremos inmediatamente de nuestros registros.<\/p>\n<h2><span class=\"ez-toc-section\" id=\"Changes_to_This_Privacy_Policy\"><\/span>Cambios en esta pol\u00edtica de privacidad<span class=\"ez-toc-section-end\"><\/span><\/h2>\n<p>Podemos actualizar nuestra Pol\u00edtica de Privacidad peri\u00f3dicamente para reflejar cambios en nuestras pr\u00e1cticas, requisitos legales o servicios. Cualquier modificaci\u00f3n de esta pol\u00edtica se le comunicar\u00e1 a trav\u00e9s de notificaciones destacadas en nuestra plataforma. Le animamos a revisar nuestra Pol\u00edtica de Privacidad con regularidad para stay informarse sobre c\u00f3mo protegemos su privacidad.<\/p>\n<h2><span class=\"ez-toc-section\" id=\"Your_Rights_to_Your_Personal_Information\"><\/span>Sus derechos sobre sus datos personales<span class=\"ez-toc-section-end\"><\/span><\/h2>\n<p>Como usuario de LiveCasinoFinder.com, tiene ciertos derechos en relaci\u00f3n con su informaci\u00f3n personal. Estos derechos pueden incluir:<\/p>\n<ol>\n<li>Acceso a la informaci\u00f3n personal que tenemos sobre usted<\/li>\n<li>La posibilidad de corregir o actualizar su informaci\u00f3n<\/li>\n<li>Derecho a solicitar la supresi\u00f3n de sus datos personales en determinadas circunstancias<\/li>\n<li>Derecho a limitar el tratamiento de sus datos o a oponerse a \u00e9l<\/li>\n<li>Derecho a la portabilidad de los datos, que le permite recibir una copia de sus datos en un formato estructurado, de uso com\u00fan y lectura mec\u00e1nica.<\/li>\n<\/ol>\n<p>Para ejercer sus derechos o solicitar aclaraciones sobre cualquier asunto relacionado con la privacidad, p\u00f3ngase en contacto con nuestro equipo de asistencia. Estaremos encantados de ayudarle.<\/p>\n<h2><span class=\"ez-toc-section\" id=\"Retention_of_Data\"><\/span>Conservaci\u00f3n de datos<span class=\"ez-toc-section-end\"><\/span><\/h2>\n<p>Conservamos sus datos personales s\u00f3lo durante el tiempo necesario para cumplir los fines descritos en esta Pol\u00edtica de Privacidad o seg\u00fan lo exija la ley. Una vez que sus datos ya no sean necesarios, los eliminaremos de forma segura de acuerdo con nuestras pr\u00e1cticas de conservaci\u00f3n de datos.<\/p>\n<h2><span class=\"ez-toc-section\" id=\"International_Data_Transfers\"><\/span>Transferencias internacionales de datos<span class=\"ez-toc-section-end\"><\/span><\/h2>\n<p>Como plataforma global, LiveCasinoFinder.com puede transferir y procesar su informaci\u00f3n personal en varios lugares del mundo. Nos aseguramos de que existan las salvaguardas adecuadas para proteger sus datos durante las transferencias internacionales y cumplir con las leyes de protecci\u00f3n de datos aplicables.<\/p>\n<p>En LiveCasinoFinder.com, nos comprometemos a proporcionar un entorno de juego seguro, transparente y agradable a la vez que protegemos su privacidad. Su confianza y satisfacci\u00f3n son nuestras principales prioridades.<\/p>","protected":false},"excerpt":{"rendered":"<p>En LiveCasinoFinder.com, entendemos la importancia de salvaguardar su privacidad y proteger la confidencialidad de su informaci\u00f3n personal. Esta Pol\u00edtica de Privacidad esboza nuestro compromiso inquebrantable con la protecci\u00f3n de datos, garantizando una experiencia segura y agradable en nuestra plataforma. Nuestro compromiso de salvaguardar su privacidad Valoramos su privacidad y damos prioridad a la protecci\u00f3n de su informaci\u00f3n personal. [...]<\/p>","protected":false},"author":1,"featured_media":0,"parent":0,"menu_order":0,"comment_status":"closed","ping_status":"closed","template":"page-no-sidebar.php","meta":{"_lmt_disableupdate":"no","_lmt_disable":"no","footnotes":""},"class_list":["post-2109","page","type-page","status-publish","hentry"],"yoast_head":"<!-- This site is optimized with the Yoast SEO plugin v26.4 - https:\/\/yoast.com\/wordpress\/plugins\/seo\/ -->\n<title>Protecting Your Privacy | LiveCasinoFinder.com Privacy Policy<\/title>\n<meta name=\"description\" content=\"At LiveCasinoFinder.com, we prioritize the protection of your data. Our Privacy Policy outlines our commitment to safeguarding your personal information.\" \/>\n<meta name=\"robots\" content=\"index, follow, max-snippet:-1, max-image-preview:large, max-video-preview:-1\" \/>\n<link rel=\"canonical\" href=\"https:\/\/livecasinofinder.com\/wp-json\/wp\/v2\/pages\/2109\/\" \/>\n<meta property=\"og:locale\" content=\"es_ES\" \/>\n<meta property=\"og:type\" content=\"article\" \/>\n<meta property=\"og:title\" content=\"Protecting Your Privacy | LiveCasinoFinder.com Privacy Policy\" \/>\n<meta property=\"og:description\" content=\"At LiveCasinoFinder.com, we prioritize the protection of your data. Our Privacy Policy outlines our commitment to safeguarding your personal information.\" \/>\n<meta property=\"og:url\" content=\"https:\/\/livecasinofinder.com\/es\/privacy-policy\/\" \/>\n<meta property=\"og:site_name\" content=\"livecasinofinder.com\" \/>\n<meta property=\"og:image\" content=\"https:\/\/livecasinofinder.com\/wp-content\/uploads\/2023\/03\/lucasoilraceway-logo-1.png\" \/>\n\t<meta property=\"og:image:width\" content=\"427\" \/>\n\t<meta property=\"og:image:height\" content=\"145\" \/>\n\t<meta property=\"og:image:type\" content=\"image\/png\" \/>\n<meta name=\"twitter:card\" content=\"summary_large_image\" \/>\n<meta name=\"twitter:label1\" content=\"Tiempo de lectura\" \/>\n\t<meta name=\"twitter:data1\" content=\"4 minutos\" \/>\n<!-- \/ Yoast SEO plugin. -->","yoast_head_json":{"title":"Protecci\u00f3n de su privacidad | Pol\u00edtica de privacidad de LiveCasinoFinder.com","description":"En LiveCasinoFinder.com, damos prioridad a la protecci\u00f3n de sus datos. Nuestra Pol\u00edtica de Privacidad describe nuestro compromiso de salvaguardar su informaci\u00f3n personal.","robots":{"index":"index","follow":"follow","max-snippet":"max-snippet:-1","max-image-preview":"max-image-preview:large","max-video-preview":"max-video-preview:-1"},"canonical":"https:\/\/livecasinofinder.com\/wp-json\/wp\/v2\/pages\/2109\/","og_locale":"es_ES","og_type":"article","og_title":"Protecting Your Privacy | LiveCasinoFinder.com Privacy Policy","og_description":"At LiveCasinoFinder.com, we prioritize the protection of your data. Our Privacy Policy outlines our commitment to safeguarding your personal information.","og_url":"https:\/\/livecasinofinder.com\/es\/privacy-policy\/","og_site_name":"livecasinofinder.com","og_image":[{"width":427,"height":145,"url":"https:\/\/livecasinofinder.com\/wp-content\/uploads\/2023\/03\/lucasoilraceway-logo-1.png","type":"image\/png"}],"twitter_card":"summary_large_image","twitter_misc":{"Tiempo de lectura":"4 minutos"},"schema":{"@context":"https:\/\/schema.org","@graph":[{"@type":"WebPage","@id":"https:\/\/livecasinofinder.com\/privacy-policy\/","url":"https:\/\/livecasinofinder.com\/privacy-policy\/","name":"Protecci\u00f3n de su privacidad | Pol\u00edtica de privacidad de LiveCasinoFinder.com","isPartOf":{"@id":"https:\/\/livecasinofinder.com\/ja\/#website"},"datePublished":"2023-06-20T14:37:04+00:00","description":"En LiveCasinoFinder.com, damos prioridad a la protecci\u00f3n de sus datos. Nuestra Pol\u00edtica de Privacidad describe nuestro compromiso de salvaguardar su informaci\u00f3n personal.","breadcrumb":{"@id":"https:\/\/livecasinofinder.com\/privacy-policy\/#breadcrumb"},"inLanguage":"es","potentialAction":[{"@type":"ReadAction","target":["https:\/\/livecasinofinder.com\/privacy-policy\/"]}]},{"@type":"BreadcrumbList","@id":"https:\/\/livecasinofinder.com\/privacy-policy\/#breadcrumb","itemListElement":[{"@type":"ListItem","position":1,"name":"LiveCasinoFinder.com","item":"https:\/\/livecasinofinder.com\/fr\/"},{"@type":"ListItem","position":2,"name":"Privacy Policy"}]},{"@type":"WebSite","@id":"https:\/\/livecasinofinder.com\/ja\/#website","url":"https:\/\/livecasinofinder.com\/ja\/","name":"livecasinofinder","description":"","publisher":{"@id":"https:\/\/livecasinofinder.com\/ja\/#organization"},"alternateName":"Lucas oil raceway live casino","potentialAction":[{"@type":"SearchAction","target":{"@type":"EntryPoint","urlTemplate":"https:\/\/livecasinofinder.com\/ja\/?s={search_term_string}"},"query-input":{"@type":"PropertyValueSpecification","valueRequired":true,"valueName":"search_term_string"}}],"inLanguage":"es"},{"@type":"Organization","@id":"https:\/\/livecasinofinder.com\/ja\/#organization","name":"Buscador de casinos en vivo","alternateName":"Lucas oil raceway live casino","url":"https:\/\/livecasinofinder.com\/ja\/","logo":{"@type":"ImageObject","inLanguage":"es","@id":"https:\/\/livecasinofinder.com\/ja\/#\/schema\/logo\/image\/","url":"https:\/\/livecasinofinder.com\/wp-content\/uploads\/2023\/04\/livecasinofinder-logo.png","contentUrl":"https:\/\/livecasinofinder.com\/wp-content\/uploads\/2023\/04\/livecasinofinder-logo.png","width":1600,"height":453,"caption":"Live Casino Finder"},"image":{"@id":"https:\/\/livecasinofinder.com\/ja\/#\/schema\/logo\/image\/"}}]}},"_links":{"self":[{"href":"https:\/\/livecasinofinder.com\/es\/wp-json\/wp\/v2\/pages\/2109","targetHints":{"allow":["GET"]}}],"collection":[{"href":"https:\/\/livecasinofinder.com\/es\/wp-json\/wp\/v2\/pages"}],"about":[{"href":"https:\/\/livecasinofinder.com\/es\/wp-json\/wp\/v2\/types\/page"}],"author":[{"embeddable":true,"href":"https:\/\/livecasinofinder.com\/es\/wp-json\/wp\/v2\/users\/1"}],"replies":[{"embeddable":true,"href":"https:\/\/livecasinofinder.com\/es\/wp-json\/wp\/v2\/comments?post=2109"}],"version-history":[{"count":0,"href":"https:\/\/livecasinofinder.com\/es\/wp-json\/wp\/v2\/pages\/2109\/revisions"}],"wp:attachment":[{"href":"https:\/\/livecasinofinder.com\/es\/wp-json\/wp\/v2\/media?parent=2109"}],"curies":[{"name":"wp","href":"https:\/\/api.w.org\/{rel}","templated":true}]}}