{"id":2107,"date":"2023-06-20T14:36:44","date_gmt":"2023-06-20T14:36:44","guid":{"rendered":"https:\/\/livecasinofinder.com\/?page_id=2107"},"modified":"2025-06-03T11:09:24","modified_gmt":"2025-06-03T11:09:24","slug":"disclaimer","status":"publish","type":"page","link":"https:\/\/livecasinofinder.com\/es\/disclaimer\/","title":{"rendered":"Descargo de responsabilidad"},"content":{"rendered":"<p>LiveCasinoFinder.com es la gu\u00eda por excelencia para todos los aficionados al juego.\u00a0<em>\u00bfAlguna vez ha tenido dudas sobre qu\u00e9 live casino probar?<\/em>\u00a0Nuestro sitio web act\u00faa como un faro, gui\u00e1ndole a trav\u00e9s del desconcertante mundo de los casinos en l\u00ednea en vivo. LiveCasinoFinder.com le ayuda a encontrar el <a href=\"\/es\/live-casinos\/\">mejores live casino<\/a>comparar caracter\u00edsticas e incluso conseguir algunas bonificaciones de super.<\/p>\n<div id=\"ez-toc-container\" class=\"ez-toc-v2_0_63 counter-hierarchy ez-toc-counter ez-toc-grey ez-toc-container-direction\">\n<label for=\"ez-toc-cssicon-toggle-item-69e4b1b8e5d2b\" class=\"ez-toc-cssicon-toggle-label\"><span class=\"ez-toc-cssicon\"><span class=\"eztoc-hide\" style=\"display:none;\">Toggle<\/span><span class=\"ez-toc-icon-toggle-span\"><svg style=\"fill: #999;color:#999\" xmlns=\"http:\/\/www.w3.org\/2000\/svg\" class=\"list-377408\" width=\"20px\" height=\"20px\" viewbox=\"0 0 24 24\" fill=\"none\"><path d=\"M6 6H4v2h2V6zm14 0H8v2h12V6zM4 11h2v2H4v-2zm16 0H8v2h12v-2zM4 16h2v2H4v-2zm16 0H8v2h12v-2z\" fill=\"currentColor\"><\/path><\/svg><svg style=\"fill: #999;color:#999\" class=\"arrow-unsorted-368013\" xmlns=\"http:\/\/www.w3.org\/2000\/svg\" width=\"10px\" height=\"10px\" viewbox=\"0 0 24 24\" version=\"1.2\" baseprofile=\"tiny\"><path d=\"M18.2 9.3l-6.2-6.3-6.2 6.3c-.2.2-.3.4-.3.7s.1.5.3.7c.2.2.4.3.7.3h11c.3 0 .5-.1.7-.3.2-.2.3-.5.3-.7s-.1-.5-.3-.7zM5.8 14.7l6.2 6.3 6.2-6.3c.2-.2.3-.5.3-.7s-.1-.5-.3-.7c-.2-.2-.4-.3-.7-.3h-11c-.3 0-.5.1-.7.3-.2.2-.3.5-.3.7s.1.5.3.7z\"\/><\/svg><\/span><\/span><\/label><input type=\"checkbox\"  id=\"ez-toc-cssicon-toggle-item-69e4b1b8e5d2b\" checked aria-label=\"Toggle\" \/><nav><ul class='ez-toc-list ez-toc-list-level-1' ><li class='ez-toc-page-1 ez-toc-heading-level-2'><a class=\"ez-toc-link ez-toc-heading-1\" href=\"https:\/\/livecasinofinder.com\/es\/disclaimer\/#Objective_of_LiveCasinoFindercom\" title=\"Objetivo de LiveCasinoFinder.com\">Objetivo de LiveCasinoFinder.com<\/a><\/li><li class='ez-toc-page-1 ez-toc-heading-level-2'><a class=\"ez-toc-link ez-toc-heading-2\" href=\"https:\/\/livecasinofinder.com\/es\/disclaimer\/#Limitations_and_Liability\" title=\"Limitaciones y responsabilidad\">Limitaciones y responsabilidad<\/a><ul class='ez-toc-list-level-3' ><li class='ez-toc-heading-level-3'><a class=\"ez-toc-link ez-toc-heading-3\" href=\"https:\/\/livecasinofinder.com\/es\/disclaimer\/#Validity_of_Information\" title=\"Validez de la informaci\u00f3n\">Validez de la informaci\u00f3n<\/a><\/li><li class='ez-toc-page-1 ez-toc-heading-level-3'><a class=\"ez-toc-link ez-toc-heading-4\" href=\"https:\/\/livecasinofinder.com\/es\/disclaimer\/#User_Responsibilities\" title=\"Responsabilidades del usuario\">Responsabilidades del usuario<\/a><ul class='ez-toc-list-level-4' ><li class='ez-toc-heading-level-4'><a class=\"ez-toc-link ez-toc-heading-5\" href=\"https:\/\/livecasinofinder.com\/es\/disclaimer\/#Age_Restrictions\" title=\"Restricciones de edad\">Restricciones de edad<\/a><\/li><li class='ez-toc-page-1 ez-toc-heading-level-4'><a class=\"ez-toc-link ez-toc-heading-6\" href=\"https:\/\/livecasinofinder.com\/es\/disclaimer\/#Responsible_Gambling\" title=\"Juego responsable\">Juego responsable<\/a><\/li><\/ul><\/li><\/ul><\/li><li class='ez-toc-page-1 ez-toc-heading-level-2'><a class=\"ez-toc-link ez-toc-heading-7\" href=\"https:\/\/livecasinofinder.com\/es\/disclaimer\/#Third-Party_Content_and_Links\" title=\"Contenidos y enlaces de terceros\">Contenidos y enlaces de terceros<\/a><ul class='ez-toc-list-level-3' ><li class='ez-toc-heading-level-3'><a class=\"ez-toc-link ez-toc-heading-8\" href=\"https:\/\/livecasinofinder.com\/es\/disclaimer\/#External_Links\" title=\"Enlaces externos\">Enlaces externos<\/a><\/li><li class='ez-toc-page-1 ez-toc-heading-level-3'><a class=\"ez-toc-link ez-toc-heading-9\" href=\"https:\/\/livecasinofinder.com\/es\/disclaimer\/#Affiliations_and_Partnerships\" title=\"Afiliaciones y asociaciones\">Afiliaciones y asociaciones<\/a><\/li><\/ul><\/li><li class='ez-toc-page-1 ez-toc-heading-level-2'><a class=\"ez-toc-link ez-toc-heading-10\" href=\"https:\/\/livecasinofinder.com\/es\/disclaimer\/#Intellectual_Property\" title=\"Propiedad intelectual\">Propiedad intelectual<\/a><ul class='ez-toc-list-level-3' ><li class='ez-toc-heading-level-3'><a class=\"ez-toc-link ez-toc-heading-11\" href=\"https:\/\/livecasinofinder.com\/es\/disclaimer\/#Copyrights\" title=\"Derechos de autor\">Derechos de autor<\/a><\/li><li class='ez-toc-page-1 ez-toc-heading-level-3'><a class=\"ez-toc-link ez-toc-heading-12\" href=\"https:\/\/livecasinofinder.com\/es\/disclaimer\/#Use_of_Content\" title=\"Uso de contenidos\">Uso de contenidos<\/a><\/li><li class='ez-toc-page-1 ez-toc-heading-level-3'><a class=\"ez-toc-link ez-toc-heading-13\" href=\"https:\/\/livecasinofinder.com\/es\/disclaimer\/#Indemnification\" title=\"Indemnizaci\u00f3n\">Indemnizaci\u00f3n<\/a><\/li><\/ul><\/li><li class='ez-toc-page-1 ez-toc-heading-level-2'><a class=\"ez-toc-link ez-toc-heading-14\" href=\"https:\/\/livecasinofinder.com\/es\/disclaimer\/#Governing_Law_and_Jurisdiction\" title=\"Ley aplicable y jurisdicci\u00f3n\">Ley aplicable y jurisdicci\u00f3n<\/a><\/li><li class='ez-toc-page-1 ez-toc-heading-level-2'><a class=\"ez-toc-link ez-toc-heading-15\" href=\"https:\/\/livecasinofinder.com\/es\/disclaimer\/#Updates_to_Disclaimer\" title=\"Actualizaciones del descargo de responsabilidad\">Actualizaciones del descargo de responsabilidad<\/a><\/li><li class='ez-toc-page-1 ez-toc-heading-level-2'><a class=\"ez-toc-link ez-toc-heading-16\" href=\"https:\/\/livecasinofinder.com\/es\/disclaimer\/#Contact_Information\" title=\"Informaci\u00f3n de contacto\">Informaci\u00f3n de contacto<\/a><\/li><li class='ez-toc-page-1 ez-toc-heading-level-2'><a class=\"ez-toc-link ez-toc-heading-17\" href=\"https:\/\/livecasinofinder.com\/es\/disclaimer\/#Conclusion\" title=\"Mejores juegos de Casino - Conclusi\u00f3n\">Mejores juegos de Casino - Conclusi\u00f3n<\/a><\/li><\/ul><\/nav><\/div>\n\n<h2><span class=\"ez-toc-section\" id=\"Objective_of_LiveCasinoFindercom\"><\/span>Objetivo de LiveCasinoFinder.com<span class=\"ez-toc-section-end\"><\/span><\/h2>\n<p>LiveCasinoFinder.com tiene un objetivo:\u00a0<em>para que su viaje de juego en l\u00ednea sea m\u00e1s suave que una escalera de color<\/em>. Le proporcionamos informaci\u00f3n fiable, puntos de vista expertos y estrategias de primera categor\u00eda. Sin embargo, recuerde que somos el Gandalf de su Frodo; la b\u00fasqueda final es suya.<\/p>\n<h2><span class=\"ez-toc-section\" id=\"Limitations_and_Liability\"><\/span>Limitaciones y responsabilidad<span class=\"ez-toc-section-end\"><\/span><\/h2>\n<p>Al igual que en una atrevida aventura pirata, su viaje aqu\u00ed es bajo su propio riesgo. No nos hacemos responsables de p\u00e9rdidas o da\u00f1os. Nuestros mapas del tesoro son gu\u00edas; los riesgos son suyos.<\/p>\n<h3><span class=\"ez-toc-section\" id=\"Validity_of_Information\"><\/span>Validez de la informaci\u00f3n<span class=\"ez-toc-section-end\"><\/span><\/h3>\n<p>Hemos puesto todo nuestro empe\u00f1o en ofrecerle la informaci\u00f3n m\u00e1s precisa y actualizada. Sin embargo, al igual que en el p\u00f3quer, a veces las cosas cambian de forma impredecible. En consecuencia, no podemos garantizar que todo lo que encuentres aqu\u00ed sea siempre tan fresco como una lechuga.<\/p>\n<h3><span class=\"ez-toc-section\" id=\"User_Responsibilities\"><\/span>Responsabilidades del usuario<span class=\"ez-toc-section-end\"><\/span><\/h3>\n<h4><span class=\"ez-toc-section\" id=\"Age_Restrictions\"><\/span>Restricciones de edad<span class=\"ez-toc-section-end\"><\/span><\/h4>\n<p>\u00bfTienes edad para tirar los dados? Antes de adentrarte en el apasionante mundo de LiveCasinoFinder.com, aseg\u00farate de que tienes la edad legal para jugar. Si no es as\u00ed, \u00a1es hora de largarse de aqu\u00ed!<\/p>\n<h4><span class=\"ez-toc-section\" id=\"Responsible_Gambling\"><\/span>Juego responsable<span class=\"ez-toc-section-end\"><\/span><\/h4>\n<p>El juego debe ser como beber un buen vino: con responsabilidad. Recuerde siempre mantener la cordura y no apostar m\u00e1s de lo que pueda permitirse perder. Piense que se trata de una noche de juego amistosa; est\u00e1 aqu\u00ed para divertirse, no para vaciar los ahorros de toda su vida.<\/p>\n<h2><span class=\"ez-toc-section\" id=\"Third-Party_Content_and_Links\"><\/span>Contenidos y enlaces de terceros<span class=\"ez-toc-section-end\"><\/span><\/h2>\n<h3><span class=\"ez-toc-section\" id=\"External_Links\"><\/span>Enlaces externos<span class=\"ez-toc-section-end\"><\/span><\/h3>\n<p><em>\u00bfLe apetece explorar nuevos reinos?<\/em>\u00a0Proporcionamos enlaces a sitios de terceros. Pero ten cuidado, joven explorador. No nos hacemos responsables de los dragones o contenidos que puedas encontrar ah\u00ed fuera.<\/p>\n<h3><span class=\"ez-toc-section\" id=\"Affiliations_and_Partnerships\"><\/span>Afiliaciones y asociaciones<span class=\"ez-toc-section-end\"><\/span><\/h3>\n<p>Estamos orgullosos de estar afiliados a algunos de los miembros de la realeza del sector. Sin embargo, nuestra integridad permanece intacta y nuestras opiniones inquebrantables. Las asociaciones no nos gobiernan; \u00a1nosotros las gobernamos!<\/p>\n<h2><span class=\"ez-toc-section\" id=\"Intellectual_Property\"><\/span>Propiedad intelectual<span class=\"ez-toc-section-end\"><\/span><\/h2>\n<h3><span class=\"ez-toc-section\" id=\"Copyrights\"><\/span>Derechos de autor<span class=\"ez-toc-section-end\"><\/span><\/h3>\n<p>Nuestro contenido es tan \u00fanico como un unicornio, y est\u00e1 protegido bajo el escudo encantado de las leyes de derechos de autor. Respeta el reino, \u00a1no robes nuestros contenidos!<\/p>\n<h3><span class=\"ez-toc-section\" id=\"Use_of_Content\"><\/span>Uso de contenidos<span class=\"ez-toc-section-end\"><\/span><\/h3>\n<p>Si\u00e9ntase libre de utilizar nuestro contenido, pero recuerde atribuir la fuente m\u00e1gica, LiveCasinoFinder.com.\u00a0<em>\u00bfNo dar\u00edas cr\u00e9dito a un mago que te entregara un mapa del tesoro?<\/em><\/p>\n<h3><span class=\"ez-toc-section\" id=\"Indemnification\"><\/span>Indemnizaci\u00f3n<span class=\"ez-toc-section-end\"><\/span><\/h3>\n<p>Si tus acciones te acarrean problemas legales, es como caminar solo por la tabla; no compartiremos la ca\u00edda. Deber\u00e1s indemnizarnos por cualquier reclamaci\u00f3n que surja debido a tu uso de nuestros mapas del tesoro.<\/p>\n<h2><span class=\"ez-toc-section\" id=\"Governing_Law_and_Jurisdiction\"><\/span>Ley aplicable y jurisdicci\u00f3n<span class=\"ez-toc-section-end\"><\/span><\/h2>\n<p>Las leyes que rigen la tierra de LiveCasinoFinder.com son estrictas y vinculantes. Cualquier disputa se resolver\u00e1 bajo la atenta mirada de las \u00e1guilas legales, de acuerdo con las leyes del pa\u00eds.<\/p>\n<h2><span class=\"ez-toc-section\" id=\"Updates_to_Disclaimer\"><\/span>Actualizaciones del descargo de responsabilidad<span class=\"ez-toc-section-end\"><\/span><\/h2>\n<p>Podemos actualizar este descargo de responsabilidad como un barco que cambia de rumbo. Mantenga su catalejo apuntando a esta p\u00e1gina para estar stay informado.<\/p>\n<h2><span class=\"ez-toc-section\" id=\"Contact_Information\"><\/span>Informaci\u00f3n de contacto<span class=\"ez-toc-section-end\"><\/span><\/h2>\n<p>Si necesita ponerse en contacto con nosotros, env\u00edenos un mensaje en una botella o p\u00f3ngase en contacto con nosotros a trav\u00e9s de nuestro sitio web. \u00a1Valoramos los comentarios como un pirata valora el oro!<\/p>\n<h2><span class=\"ez-toc-section\" id=\"Conclusion\"><\/span>Mejores juegos de Casino - Conclusi\u00f3n<span class=\"ez-toc-section-end\"><\/span><\/h2>\n<p>As\u00ed que, amigos aventureros, con esto concluye el pergamino oficial de descargo de responsabilidad de LiveCasinoFinder.com. Recuerda, un gran poder (o informaci\u00f3n, en este caso) conlleva una gran responsabilidad. Utiliza los mapas del tesoro sabiamente y \u00a1que tu b\u00fasqueda est\u00e9 llena de riquezas!<\/p>","protected":false},"excerpt":{"rendered":"<p>LiveCasinoFinder.com es la gu\u00eda por excelencia para todos los entusiastas del juego. \u00bfAlguna vez ha tenido dudas sobre qu\u00e9 live casino probar? Nuestro sitio web act\u00faa como un faro, gui\u00e1ndole a trav\u00e9s del desconcertante mundo de los casinos en l\u00ednea en vivo. LiveCasinoFinder.com te ayuda a encontrar los mejores live casino, a comparar caracter\u00edsticas e incluso a conseguir algunos dulces bonos super. Objetivo de [...]<\/p>","protected":false},"author":1,"featured_media":0,"parent":0,"menu_order":0,"comment_status":"closed","ping_status":"closed","template":"page-no-sidebar.php","meta":{"_lmt_disableupdate":"no","_lmt_disable":"no","footnotes":""},"class_list":["post-2107","page","type-page","status-publish","hentry"],"yoast_head":"<!-- This site is optimized with the Yoast SEO plugin v26.4 - https:\/\/yoast.com\/wordpress\/plugins\/seo\/ -->\n<title>Disclaimer and Important Information<\/title>\n<meta name=\"description\" content=\"Read Live Casino Finder\u2019s disclaimer to understand our policies and ensure a clear and transparent experience when using our live casino guides and reviews.\" \/>\n<meta name=\"robots\" content=\"index, follow, max-snippet:-1, max-image-preview:large, max-video-preview:-1\" \/>\n<link rel=\"canonical\" href=\"https:\/\/livecasinofinder.com\/wp-json\/wp\/v2\/pages\/2107\/\" \/>\n<meta property=\"og:locale\" content=\"es_ES\" \/>\n<meta property=\"og:type\" content=\"article\" \/>\n<meta property=\"og:title\" content=\"Disclaimer and Important Information\" \/>\n<meta property=\"og:description\" content=\"Read Live Casino Finder\u2019s disclaimer to understand our policies and ensure a clear and transparent experience when using our live casino guides and reviews.\" \/>\n<meta property=\"og:url\" content=\"https:\/\/livecasinofinder.com\/es\/disclaimer\/\" \/>\n<meta property=\"og:site_name\" content=\"livecasinofinder.com\" \/>\n<meta property=\"article:modified_time\" content=\"2025-06-03T11:09:24+00:00\" \/>\n<meta property=\"og:image\" content=\"https:\/\/livecasinofinder.com\/wp-content\/uploads\/2023\/03\/lucasoilraceway-logo-1.png\" \/>\n\t<meta property=\"og:image:width\" content=\"427\" \/>\n\t<meta property=\"og:image:height\" content=\"145\" \/>\n\t<meta property=\"og:image:type\" content=\"image\/png\" \/>\n<meta name=\"twitter:card\" content=\"summary_large_image\" \/>\n<meta name=\"twitter:label1\" content=\"Tiempo de lectura\" \/>\n\t<meta name=\"twitter:data1\" content=\"3 minutos\" \/>\n<!-- \/ Yoast SEO plugin. -->","yoast_head_json":{"title":"Disclaimer and Important Information","description":"Read Live Casino Finder\u2019s disclaimer to understand our policies and ensure a clear and transparent experience when using our live casino guides and reviews.","robots":{"index":"index","follow":"follow","max-snippet":"max-snippet:-1","max-image-preview":"max-image-preview:large","max-video-preview":"max-video-preview:-1"},"canonical":"https:\/\/livecasinofinder.com\/wp-json\/wp\/v2\/pages\/2107\/","og_locale":"es_ES","og_type":"article","og_title":"Disclaimer and Important Information","og_description":"Read Live Casino Finder\u2019s disclaimer to understand our policies and ensure a clear and transparent experience when using our live casino guides and reviews.","og_url":"https:\/\/livecasinofinder.com\/es\/disclaimer\/","og_site_name":"livecasinofinder.com","article_modified_time":"2025-06-03T11:09:24+00:00","og_image":[{"width":427,"height":145,"url":"https:\/\/livecasinofinder.com\/wp-content\/uploads\/2023\/03\/lucasoilraceway-logo-1.png","type":"image\/png"}],"twitter_card":"summary_large_image","twitter_misc":{"Tiempo de lectura":"3 minutos"},"schema":{"@context":"https:\/\/schema.org","@graph":[{"@type":"WebPage","@id":"https:\/\/livecasinofinder.com\/disclaimer\/","url":"https:\/\/livecasinofinder.com\/disclaimer\/","name":"Disclaimer and Important Information","isPartOf":{"@id":"https:\/\/livecasinofinder.com\/ja\/#website"},"datePublished":"2023-06-20T14:36:44+00:00","dateModified":"2025-06-03T11:09:24+00:00","description":"Read Live Casino Finder\u2019s disclaimer to understand our policies and ensure a clear and transparent experience when using our live casino guides and reviews.","breadcrumb":{"@id":"https:\/\/livecasinofinder.com\/disclaimer\/#breadcrumb"},"inLanguage":"es","potentialAction":[{"@type":"ReadAction","target":["https:\/\/livecasinofinder.com\/disclaimer\/"]}]},{"@type":"BreadcrumbList","@id":"https:\/\/livecasinofinder.com\/disclaimer\/#breadcrumb","itemListElement":[{"@type":"ListItem","position":1,"name":"LiveCasinoFinder.com","item":"https:\/\/livecasinofinder.com\/fr\/"},{"@type":"ListItem","position":2,"name":"Disclaimer"}]},{"@type":"WebSite","@id":"https:\/\/livecasinofinder.com\/ja\/#website","url":"https:\/\/livecasinofinder.com\/ja\/","name":"livecasinofinder","description":"","publisher":{"@id":"https:\/\/livecasinofinder.com\/ja\/#organization"},"alternateName":"Lucas oil raceway live casino","potentialAction":[{"@type":"SearchAction","target":{"@type":"EntryPoint","urlTemplate":"https:\/\/livecasinofinder.com\/ja\/?s={search_term_string}"},"query-input":{"@type":"PropertyValueSpecification","valueRequired":true,"valueName":"search_term_string"}}],"inLanguage":"es"},{"@type":"Organization","@id":"https:\/\/livecasinofinder.com\/ja\/#organization","name":"Buscador de casinos en vivo","alternateName":"Lucas oil raceway live casino","url":"https:\/\/livecasinofinder.com\/ja\/","logo":{"@type":"ImageObject","inLanguage":"es","@id":"https:\/\/livecasinofinder.com\/ja\/#\/schema\/logo\/image\/","url":"https:\/\/livecasinofinder.com\/wp-content\/uploads\/2023\/04\/livecasinofinder-logo.png","contentUrl":"https:\/\/livecasinofinder.com\/wp-content\/uploads\/2023\/04\/livecasinofinder-logo.png","width":1600,"height":453,"caption":"Live Casino Finder"},"image":{"@id":"https:\/\/livecasinofinder.com\/ja\/#\/schema\/logo\/image\/"}}]}},"_links":{"self":[{"href":"https:\/\/livecasinofinder.com\/es\/wp-json\/wp\/v2\/pages\/2107","targetHints":{"allow":["GET"]}}],"collection":[{"href":"https:\/\/livecasinofinder.com\/es\/wp-json\/wp\/v2\/pages"}],"about":[{"href":"https:\/\/livecasinofinder.com\/es\/wp-json\/wp\/v2\/types\/page"}],"author":[{"embeddable":true,"href":"https:\/\/livecasinofinder.com\/es\/wp-json\/wp\/v2\/users\/1"}],"replies":[{"embeddable":true,"href":"https:\/\/livecasinofinder.com\/es\/wp-json\/wp\/v2\/comments?post=2107"}],"version-history":[{"count":0,"href":"https:\/\/livecasinofinder.com\/es\/wp-json\/wp\/v2\/pages\/2107\/revisions"}],"wp:attachment":[{"href":"https:\/\/livecasinofinder.com\/es\/wp-json\/wp\/v2\/media?parent=2107"}],"curies":[{"name":"wp","href":"https:\/\/api.w.org\/{rel}","templated":true}]}}