{"id":2105,"date":"2023-06-20T14:36:13","date_gmt":"2023-06-20T14:36:13","guid":{"rendered":"https:\/\/livecasinofinder.com\/?page_id=2105"},"modified":"2025-06-03T11:10:21","modified_gmt":"2025-06-03T11:10:21","slug":"cookie-policy","status":"publish","type":"page","link":"https:\/\/livecasinofinder.com\/es\/cookie-policy\/","title":{"rendered":"Pol\u00edtica de cookies"},"content":{"rendered":"<p>Bienvenido a <a href=\"\/es\/\">Buscador de casinos en vivo<\/a>su destino definitivo para todo lo relacionado con los juegos live casino. Nos dedicamos a proporcionarle una experiencia de juego en l\u00ednea inmersiva y emocionante como ninguna otra. Mientras nos embarcamos en este emocionante viaje hacia ether, queremos arrojar luz sobre nuestra Pol\u00edtica Integral de Cookies. Nuestro compromiso con la transparencia, la privacidad y la entrega de una experiencia de usuario excepcional est\u00e1 a la vanguardia de todo lo que hacemos.<\/p>\n<div id=\"ez-toc-container\" class=\"ez-toc-v2_0_63 counter-hierarchy ez-toc-counter ez-toc-grey ez-toc-container-direction\">\n<label for=\"ez-toc-cssicon-toggle-item-69de5ce2b63b2\" class=\"ez-toc-cssicon-toggle-label\"><span class=\"ez-toc-cssicon\"><span class=\"eztoc-hide\" style=\"display:none;\">Toggle<\/span><span class=\"ez-toc-icon-toggle-span\"><svg style=\"fill: #999;color:#999\" xmlns=\"http:\/\/www.w3.org\/2000\/svg\" class=\"list-377408\" width=\"20px\" height=\"20px\" viewbox=\"0 0 24 24\" fill=\"none\"><path d=\"M6 6H4v2h2V6zm14 0H8v2h12V6zM4 11h2v2H4v-2zm16 0H8v2h12v-2zM4 16h2v2H4v-2zm16 0H8v2h12v-2z\" fill=\"currentColor\"><\/path><\/svg><svg style=\"fill: #999;color:#999\" class=\"arrow-unsorted-368013\" xmlns=\"http:\/\/www.w3.org\/2000\/svg\" width=\"10px\" height=\"10px\" viewbox=\"0 0 24 24\" version=\"1.2\" baseprofile=\"tiny\"><path d=\"M18.2 9.3l-6.2-6.3-6.2 6.3c-.2.2-.3.4-.3.7s.1.5.3.7c.2.2.4.3.7.3h11c.3 0 .5-.1.7-.3.2-.2.3-.5.3-.7s-.1-.5-.3-.7zM5.8 14.7l6.2 6.3 6.2-6.3c.2-.2.3-.5.3-.7s-.1-.5-.3-.7c-.2-.2-.4-.3-.7-.3h-11c-.3 0-.5.1-.7.3-.2.2-.3.5-.3.7s.1.5.3.7z\"\/><\/svg><\/span><\/span><\/label><input type=\"checkbox\"  id=\"ez-toc-cssicon-toggle-item-69de5ce2b63b2\" checked aria-label=\"Toggle\" \/><nav><ul class='ez-toc-list ez-toc-list-level-1' ><li class='ez-toc-page-1 ez-toc-heading-level-2'><a class=\"ez-toc-link ez-toc-heading-1\" href=\"https:\/\/livecasinofinder.com\/es\/cookie-policy\/#Live_Casino_Finder_Comprehensive_Cookie_Policy\" title=\"Pol\u00edtica integral de cookies de Live Casino Finder\">Pol\u00edtica integral de cookies de Live Casino Finder<\/a><\/li><li class='ez-toc-page-1 ez-toc-heading-level-2'><a class=\"ez-toc-link ez-toc-heading-2\" href=\"https:\/\/livecasinofinder.com\/es\/cookie-policy\/#Exploring_the_Concept_of_Cookies\" title=\"Explorar el concepto de cookies\">Explorar el concepto de cookies<\/a><\/li><li class='ez-toc-page-1 ez-toc-heading-level-2'><a class=\"ez-toc-link ez-toc-heading-3\" href=\"https:\/\/livecasinofinder.com\/es\/cookie-policy\/#Our_Application_of_Cookies\" title=\"Nuestra aplicaci\u00f3n de cookies\">Nuestra aplicaci\u00f3n de cookies<\/a><\/li><li class='ez-toc-page-1 ez-toc-heading-level-2'><a class=\"ez-toc-link ez-toc-heading-4\" href=\"https:\/\/livecasinofinder.com\/es\/cookie-policy\/#Categories_of_Cookies_We_Use\" title=\"Categor\u00edas de cookies que utilizamos\">Categor\u00edas de cookies que utilizamos<\/a><\/li><li class='ez-toc-page-1 ez-toc-heading-level-2'><a class=\"ez-toc-link ez-toc-heading-5\" href=\"https:\/\/livecasinofinder.com\/es\/cookie-policy\/#Managing_Your_Cookie_Preferences\" title=\"Gesti\u00f3n de sus preferencias de cookies\">Gesti\u00f3n de sus preferencias de cookies<\/a><\/li><\/ul><\/nav><\/div>\n\n<h2><span class=\"ez-toc-section\" id=\"Live_Casino_Finder_Comprehensive_Cookie_Policy\"><\/span>Pol\u00edtica integral de cookies de Live Casino Finder<span class=\"ez-toc-section-end\"><\/span><\/h2>\n<p>En Live Casino Finder, damos prioridad a su privacidad a la vez que le ofrecemos una experiencia de navegaci\u00f3n personalizada y fluida. Nuestra Pol\u00edtica Integral de Cookies est\u00e1 dise\u00f1ada para ofrecerle claridad y seguridad, asegurando que su privacidad permanezca protegida mientras explora el cautivador mundo del juego live casino.<\/p>\n<h2><span class=\"ez-toc-section\" id=\"Exploring_the_Concept_of_Cookies\"><\/span>Explorar el concepto de cookies<span class=\"ez-toc-section-end\"><\/span><\/h2>\n<p>Las cookies son peque\u00f1os archivos de texto que se env\u00edan a su dispositivo cuando visita nuestro sitio web. Estas maravillas digitales desempe\u00f1an un papel crucial en la optimizaci\u00f3n de su tiempo con nosotros. Al permitirnos reconocerle y recordarle, las cookies hacen posible un viaje fluido y personalizado adaptado a sus preferencias. En Live Casino Finder, aprovechamos el poder de las cookies para hacer que su experiencia sea m\u00e1s agradable, eficiente e interactiva.<\/p>\n<h2><span class=\"ez-toc-section\" id=\"Our_Application_of_Cookies\"><\/span>Nuestra aplicaci\u00f3n de cookies<span class=\"ez-toc-section-end\"><\/span><\/h2>\n<p>Aprovechamos las cookies para elevar su aventura de juego live casino a nuevas cotas. Estas potentes herramientas nos ayudan a ofrecer una experiencia personalizada y centrada en el usuario. Gracias a las cookies, podemos recordar sus preferencias y asegurarnos de que cada visita sea como una invitaci\u00f3n a medida a un mundo lleno de emoci\u00f3n. Ya sea personalizando sus recomendaciones de juego, recordando sus ajustes preferidos o ofreci\u00e9ndole promociones exclusivas, las cookies nos permiten crear una experiencia inolvidable s\u00f3lo para usted.<\/p>\n<h2><span class=\"ez-toc-section\" id=\"Categories_of_Cookies_We_Use\"><\/span>Categor\u00edas de cookies que utilizamos<span class=\"ez-toc-section-end\"><\/span><\/h2>\n<ol>\n<li>Cookies necesarias: Estas cookies son vitales para el funcionamiento fundamental de nuestro sitio web. Habilitan funciones cr\u00edticas como el inicio de sesi\u00f3n seguro, la gesti\u00f3n de cuentas y las transacciones fluidas, garantizando que su experiencia de juego siga siendo fluida e ininterrumpida.<\/li>\n<li>Cookies de rendimiento: En Live Casino Finder, nos esforzamos por ofrecerle la mejor experiencia de juego live casino. Las cookies de rendimiento nos permiten recopilar informaci\u00f3n sobre c\u00f3mo navega por nuestro sitio web, lo que nos permite analizar y optimizar el rendimiento de nuestra plataforma. Al mejorar continuamente nuestros servicios, nos aseguramos de que su experiencia de juego sea r\u00e1pida, fiable y excepcional.<\/li>\n<li>Cookies de funcionalidad: Nuestro compromiso con la personalizaci\u00f3n se refleja en el uso de cookies de funcionalidad. Estas cookies nos permiten recordar tus preferencias, creando un entorno de juego personalizado y envolvente solo para ti. Desde recordar tus preferencias de idioma hasta ofrecerte opciones de juego relevantes, las cookies de funcionalidad hacen que tu aventura de juego live casino sea inolvidable.<\/li>\n<\/ol>\n<h2><span class=\"ez-toc-section\" id=\"Managing_Your_Cookie_Preferences\"><\/span>Gesti\u00f3n de sus preferencias de cookies<span class=\"ez-toc-section-end\"><\/span><\/h2>\n<p>Creemos que usted debe tener el control sobre su privacidad y su experiencia de navegaci\u00f3n. Live Casino Finder le ofrece opciones sencillas para gestionar sus preferencias de cookies seg\u00fan sus preferencias. Puede ajustar su configuraci\u00f3n a trav\u00e9s de su navegador, eligiendo entre aceptar o rechazar las cookies. Sin embargo, tenga en cuenta que desactivar las cookies puede limitar ciertas caracter\u00edsticas y funcionalidades de nuestro sitio web. Nos esforzamos por alcanzar el equilibrio perfecto entre personalizaci\u00f3n y privacidad, garantizando que su viaje con Live Casino Finder sea seguro, fluido y adaptado a sus deseos.<\/p>\n<p>En conclusi\u00f3n, la Pol\u00edtica Integral de Cookies de Live Casino Finder muestra nuestro compromiso inquebrantable con la transparencia, la privacidad y la entrega de una experiencia de juego live casino extraordinaria. Con el poder de las cookies, nuestro objetivo es crear un viaje personalizado y envolvente, hecho a la medida de sus preferencias. \u00danase a nosotros para explorar el cautivador mundo del juego live casino, sabiendo que se respeta su privacidad, se optimiza su experiencia y su satisfacci\u00f3n es nuestra m\u00e1xima prioridad. Bienvenido a Live Casino Finder, \u00a1donde le espera la emoci\u00f3n del juego en vivo!<\/p>","protected":false},"excerpt":{"rendered":"<p>Bienvenido a Live Casino Finder, \u00a1su destino definitivo para todo lo relacionado con los juegos live casino! Nos dedicamos a proporcionarle una experiencia de juego en l\u00ednea envolvente y emocionante como ninguna otra. Mientras nos embarcamos en este emocionante viaje hacia ether, queremos arrojar luz sobre nuestra Pol\u00edtica Integral de Cookies. Nuestro compromiso con la transparencia, la privacidad y [...]<\/p>","protected":false},"author":1,"featured_media":0,"parent":0,"menu_order":0,"comment_status":"closed","ping_status":"closed","template":"page-no-sidebar.php","meta":{"_lmt_disableupdate":"no","_lmt_disable":"no","footnotes":""},"class_list":["post-2105","page","type-page","status-publish","hentry"],"yoast_head":"<!-- This site is optimized with the Yoast SEO plugin v26.4 - https:\/\/yoast.com\/wordpress\/plugins\/seo\/ -->\n<title>Cookie Policy and Data Use<\/title>\n<meta name=\"description\" content=\"Understand how Live Casino Finder uses cookies to improve your experience and provide relevant content while protecting your privacy and data security.\" \/>\n<meta name=\"robots\" content=\"index, follow, max-snippet:-1, max-image-preview:large, max-video-preview:-1\" \/>\n<link rel=\"canonical\" href=\"https:\/\/livecasinofinder.com\/wp-json\/wp\/v2\/pages\/2105\/\" \/>\n<meta property=\"og:locale\" content=\"es_ES\" \/>\n<meta property=\"og:type\" content=\"article\" \/>\n<meta property=\"og:title\" content=\"Cookie Policy and Data Use\" \/>\n<meta property=\"og:description\" content=\"Understand how Live Casino Finder uses cookies to improve your experience and provide relevant content while protecting your privacy and data security.\" \/>\n<meta property=\"og:url\" content=\"https:\/\/livecasinofinder.com\/es\/cookie-policy\/\" \/>\n<meta property=\"og:site_name\" content=\"livecasinofinder.com\" \/>\n<meta property=\"article:modified_time\" content=\"2025-06-03T11:10:21+00:00\" \/>\n<meta property=\"og:image\" content=\"https:\/\/livecasinofinder.com\/wp-content\/uploads\/2023\/03\/lucasoilraceway-logo-1.png\" \/>\n\t<meta property=\"og:image:width\" content=\"427\" \/>\n\t<meta property=\"og:image:height\" content=\"145\" \/>\n\t<meta property=\"og:image:type\" content=\"image\/png\" \/>\n<meta name=\"twitter:card\" content=\"summary_large_image\" \/>\n<meta name=\"twitter:label1\" content=\"Tiempo de lectura\" \/>\n\t<meta name=\"twitter:data1\" content=\"3 minutos\" \/>\n<!-- \/ Yoast SEO plugin. -->","yoast_head_json":{"title":"Cookie Policy and Data Use","description":"Understand how Live Casino Finder uses cookies to improve your experience and provide relevant content while protecting your privacy and data security.","robots":{"index":"index","follow":"follow","max-snippet":"max-snippet:-1","max-image-preview":"max-image-preview:large","max-video-preview":"max-video-preview:-1"},"canonical":"https:\/\/livecasinofinder.com\/wp-json\/wp\/v2\/pages\/2105\/","og_locale":"es_ES","og_type":"article","og_title":"Cookie Policy and Data Use","og_description":"Understand how Live Casino Finder uses cookies to improve your experience and provide relevant content while protecting your privacy and data security.","og_url":"https:\/\/livecasinofinder.com\/es\/cookie-policy\/","og_site_name":"livecasinofinder.com","article_modified_time":"2025-06-03T11:10:21+00:00","og_image":[{"width":427,"height":145,"url":"https:\/\/livecasinofinder.com\/wp-content\/uploads\/2023\/03\/lucasoilraceway-logo-1.png","type":"image\/png"}],"twitter_card":"summary_large_image","twitter_misc":{"Tiempo de lectura":"3 minutos"},"schema":{"@context":"https:\/\/schema.org","@graph":[{"@type":"WebPage","@id":"https:\/\/livecasinofinder.com\/cookie-policy\/","url":"https:\/\/livecasinofinder.com\/cookie-policy\/","name":"Cookie Policy and Data Use","isPartOf":{"@id":"https:\/\/livecasinofinder.com\/ja\/#website"},"datePublished":"2023-06-20T14:36:13+00:00","dateModified":"2025-06-03T11:10:21+00:00","description":"Understand how Live Casino Finder uses cookies to improve your experience and provide relevant content while protecting your privacy and data security.","breadcrumb":{"@id":"https:\/\/livecasinofinder.com\/cookie-policy\/#breadcrumb"},"inLanguage":"es","potentialAction":[{"@type":"ReadAction","target":["https:\/\/livecasinofinder.com\/cookie-policy\/"]}]},{"@type":"BreadcrumbList","@id":"https:\/\/livecasinofinder.com\/cookie-policy\/#breadcrumb","itemListElement":[{"@type":"ListItem","position":1,"name":"LiveCasinoFinder.com","item":"https:\/\/livecasinofinder.com\/fr\/"},{"@type":"ListItem","position":2,"name":"Cookie Policy"}]},{"@type":"WebSite","@id":"https:\/\/livecasinofinder.com\/ja\/#website","url":"https:\/\/livecasinofinder.com\/ja\/","name":"livecasinofinder","description":"","publisher":{"@id":"https:\/\/livecasinofinder.com\/ja\/#organization"},"alternateName":"Lucas oil raceway live casino","potentialAction":[{"@type":"SearchAction","target":{"@type":"EntryPoint","urlTemplate":"https:\/\/livecasinofinder.com\/ja\/?s={search_term_string}"},"query-input":{"@type":"PropertyValueSpecification","valueRequired":true,"valueName":"search_term_string"}}],"inLanguage":"es"},{"@type":"Organization","@id":"https:\/\/livecasinofinder.com\/ja\/#organization","name":"Buscador de casinos en vivo","alternateName":"Lucas oil raceway live casino","url":"https:\/\/livecasinofinder.com\/ja\/","logo":{"@type":"ImageObject","inLanguage":"es","@id":"https:\/\/livecasinofinder.com\/ja\/#\/schema\/logo\/image\/","url":"https:\/\/livecasinofinder.com\/wp-content\/uploads\/2023\/04\/livecasinofinder-logo.png","contentUrl":"https:\/\/livecasinofinder.com\/wp-content\/uploads\/2023\/04\/livecasinofinder-logo.png","width":1600,"height":453,"caption":"Live Casino Finder"},"image":{"@id":"https:\/\/livecasinofinder.com\/ja\/#\/schema\/logo\/image\/"}}]}},"_links":{"self":[{"href":"https:\/\/livecasinofinder.com\/es\/wp-json\/wp\/v2\/pages\/2105","targetHints":{"allow":["GET"]}}],"collection":[{"href":"https:\/\/livecasinofinder.com\/es\/wp-json\/wp\/v2\/pages"}],"about":[{"href":"https:\/\/livecasinofinder.com\/es\/wp-json\/wp\/v2\/types\/page"}],"author":[{"embeddable":true,"href":"https:\/\/livecasinofinder.com\/es\/wp-json\/wp\/v2\/users\/1"}],"replies":[{"embeddable":true,"href":"https:\/\/livecasinofinder.com\/es\/wp-json\/wp\/v2\/comments?post=2105"}],"version-history":[{"count":0,"href":"https:\/\/livecasinofinder.com\/es\/wp-json\/wp\/v2\/pages\/2105\/revisions"}],"wp:attachment":[{"href":"https:\/\/livecasinofinder.com\/es\/wp-json\/wp\/v2\/media?parent=2105"}],"curies":[{"name":"wp","href":"https:\/\/api.w.org\/{rel}","templated":true}]}}