{"id":381,"date":"2023-03-15T17:35:24","date_gmt":"2023-03-15T17:35:24","guid":{"rendered":"https:\/\/livecasinofinder.com\/?page_id=381"},"modified":"2025-06-03T11:06:50","modified_gmt":"2025-06-03T11:06:50","slug":"about-us","status":"publish","type":"page","link":"https:\/\/livecasinofinder.com\/de\/about-us\/","title":{"rendered":"\u00dcber uns"},"content":{"rendered":"<p>Willkommen bei livecasinofinder.com, Ihrer zuverl\u00e4ssigen Quelle f\u00fcr unvoreingenommene und informative live casino Bewertungen. Unsere Hauptaufgabe ist es, unsere Leser mit genauen und aktuellen Informationen \u00fcber die vertrauensw\u00fcrdigsten und zuverl\u00e4ssigsten Online-Casinos zu versorgen, wobei wir uns auf die F\u00f6rderung verantwortungsvoller Spielpraktiken konzentrieren.<\/p>\n<p>Bei livecasinofinder.com haben wir uns der Aufgabe verschrieben, Ihnen genaue und informative Bewertungen der besten live casinos online zur Verf\u00fcgung zu stellen. Unsere Hauptaufgabe ist es, Ihnen zu helfen, fundierte Entscheidungen dar\u00fcber zu treffen, wo Sie online spielen k\u00f6nnen.<\/p>\n<h2>Unser Team<\/h2>\n<p><a href=\"\/de\/recommends\/reg\/\" target=\"_blank\" rel=\"noreferrer noopener nofollow\"><img decoding=\"async\" class=\"wp-image-392 alignright\" src=\"https:\/\/livecasinofinder.com\/wp-content\/uploads\/2023\/03\/team.jpg\" alt=\"Live-Casino-Team.\" width=\"346\" height=\"192\" srcset=\"https:\/\/livecasinofinder.com\/wp-content\/uploads\/2023\/03\/team.jpg 597w, https:\/\/livecasinofinder.com\/wp-content\/uploads\/2023\/03\/team-300x166.jpg 300w, https:\/\/livecasinofinder.com\/wp-content\/uploads\/2023\/03\/team-18x10.jpg 18w, https:\/\/livecasinofinder.com\/wp-content\/uploads\/2023\/03\/team-72x40.jpg 72w, https:\/\/livecasinofinder.com\/wp-content\/uploads\/2023\/03\/team-58x32.jpg 58w, https:\/\/livecasinofinder.com\/wp-content\/uploads\/2023\/03\/team-144x80.jpg 144w, https:\/\/livecasinofinder.com\/wp-content\/uploads\/2023\/03\/team-243x135.jpg 243w\" sizes=\"(max-width: 346px) 100vw, 346px\" \/><\/a><\/p>\n<p>Unser Team erfahrener und sachkundiger Rezensenten hat es sich zur Aufgabe gemacht, unsere Leser mit den bestm\u00f6glichen Informationen zu versorgen. Wir glauben an die Bedeutung umfassender Recherchen und Analysen und bem\u00fchen uns, ehrliche und unparteiische Bewertungen auf der Grundlage unserer Erkenntnisse zu erstellen.<\/p>\n<h2>Unsere Vorteile<\/h2>\n<p><a href=\"\/de\/recommends\/reg\/\" target=\"_blank\" rel=\"noreferrer noopener nofollow\"><img decoding=\"async\" class=\"wp-image-384 alignleft\" src=\"https:\/\/livecasinofinder.com\/wp-content\/uploads\/2023\/03\/advantages.jpg\" alt=\"Lucasoilraceway.com Vorteile.\" width=\"496\" height=\"498\" srcset=\"https:\/\/livecasinofinder.com\/wp-content\/uploads\/2023\/03\/advantages.jpg 463w, https:\/\/livecasinofinder.com\/wp-content\/uploads\/2023\/03\/advantages-300x300.jpg 300w, https:\/\/livecasinofinder.com\/wp-content\/uploads\/2023\/03\/advantages-150x150.jpg 150w, https:\/\/livecasinofinder.com\/wp-content\/uploads\/2023\/03\/advantages-12x12.jpg 12w, https:\/\/livecasinofinder.com\/wp-content\/uploads\/2023\/03\/advantages-40x40.jpg 40w, https:\/\/livecasinofinder.com\/wp-content\/uploads\/2023\/03\/advantages-50x50.jpg 50w, https:\/\/livecasinofinder.com\/wp-content\/uploads\/2023\/03\/advantages-100x100.jpg 100w, https:\/\/livecasinofinder.com\/wp-content\/uploads\/2023\/03\/advantages-120x120.jpg 120w, https:\/\/livecasinofinder.com\/wp-content\/uploads\/2023\/03\/advantages-135x135.jpg 135w, https:\/\/livecasinofinder.com\/wp-content\/uploads\/2023\/03\/advantages-270x270.jpg 270w, https:\/\/livecasinofinder.com\/wp-content\/uploads\/2023\/03\/advantages-32x32.jpg 32w, https:\/\/livecasinofinder.com\/wp-content\/uploads\/2023\/03\/advantages-80x80.jpg 80w, https:\/\/livecasinofinder.com\/wp-content\/uploads\/2023\/03\/advantages-134x135.jpg 134w\" sizes=\"(max-width: 496px) 100vw, 496px\" \/><\/a><\/p>\n<p>Einer der Vorteile der Wahl von livecasinofinder.com ist unser Engagement f\u00fcr verantwortungsvolles Gl\u00fccksspiel. Wir sind stolz darauf, sichere und kontrollierte Spielpraktiken zu f\u00f6rdern, und wir m\u00f6chten unsere Leser mit genauen und aktuellen Informationen versorgen, damit sie fundierte Entscheidungen in Bezug auf Online-Gl\u00fccksspiele treffen k\u00f6nnen.<\/p>\n<p>Ein weiterer Vorteil ist unser Fokus auf informative Inhalte. Unsere Inhalte sind hilfreich und informativ und geben unseren Lesern die Informationen, die sie ben\u00f6tigen, um zu entscheiden, wo sie online spielen m\u00f6chten. Wir verstehen, dass Online-Gl\u00fccksspiele sowohl aufregend als auch \u00fcberw\u00e4ltigend sein k\u00f6nnen, und wir bem\u00fchen uns, den Prozess zu vereinfachen, indem wir ausf\u00fchrliche und leicht verst\u00e4ndliche Bewertungen bereitstellen.<\/p>\n<p>Als unabh\u00e4ngige Website sind wir mit keinem der von uns gepr\u00fcften Online-Casinos verbunden, so dass wir unvoreingenommene und objektive Bewertungen abgeben k\u00f6nnen, die auf umfangreichen Recherchen und Analysen basieren. Wir sind stolz auf unser Engagement zur F\u00f6rderung verantwortungsvoller Spielpraktiken und unseren Fokus auf die F\u00f6rderung eines gesunden und angenehmen Spielerlebnisses.<\/p>\n<p>Wir beobachten den Online-Casinomarkt st\u00e4ndig und aktualisieren unsere Bewertungen entsprechend, damit unsere Leser immer auf dem Laufenden bleiben und fundierte Entscheidungen treffen k\u00f6nnen. Wir sind bestrebt, unseren Lesern und Partnern den bestm\u00f6glichen Service zu bieten und freuen uns \u00fcber Feedback und Vorschl\u00e4ge. Wenn Sie Fragen oder Anmerkungen haben, z\u00f6gern Sie bitte nicht, uns zu kontaktieren.<\/p>\n<h2>Beste seri\u00f6s online casinos 2024 - Schlussfolgerung<\/h2>\n<p>Vielen Dank, dass Sie sich f\u00fcr livecasinofinder.com als vertrauensw\u00fcrdige Quelle f\u00fcr live casino Bewertungen entschieden haben. Wir sind bestrebt, unseren Lesern und Partnern den bestm\u00f6glichen Service zu bieten, und wir freuen uns \u00fcber Feedback und Vorschl\u00e4ge. Wenn Sie Fragen oder Anmerkungen haben, z\u00f6gern Sie bitte nicht, uns zu kontaktieren. Wir freuen uns darauf, Ihnen dabei zu helfen, fundierte Entscheidungen zu treffen und ein angenehmes und sicheres Online-Gl\u00fccksspielerlebnis zu haben.<\/p>","protected":false},"excerpt":{"rendered":"<p>Willkommen bei livecasinofinder.com, Ihrer zuverl\u00e4ssigen Quelle f\u00fcr unvoreingenommene und informative live casino Bewertungen. Unsere Hauptaufgabe ist es, unsere Leser mit genauen und aktuellen Informationen \u00fcber die vertrauensw\u00fcrdigsten und zuverl\u00e4ssigsten Online-Casinos zu versorgen, wobei wir uns auf die F\u00f6rderung verantwortungsvoller Spielpraktiken konzentrieren. Wir von livecasinofinder.com haben es uns zur Aufgabe gemacht, Sie mit genauen und informativen Bewertungen der [...]<\/p>","protected":false},"author":1,"featured_media":0,"parent":0,"menu_order":0,"comment_status":"closed","ping_status":"closed","template":"page-full-width.php","meta":{"_lmt_disableupdate":"no","_lmt_disable":"no","footnotes":""},"class_list":["post-381","page","type-page","status-publish","hentry"],"yoast_head":"<!-- This site is optimized with the Yoast SEO plugin v26.4 - https:\/\/yoast.com\/wordpress\/plugins\/seo\/ -->\n<title>About Us - Live Casino Finder Team and Mission<\/title>\n<meta name=\"description\" content=\"Learn how Live Casino Finder helps you choose the best live casinos with trusted reviews and expert guidance for a confident gaming experience.\" \/>\n<meta name=\"robots\" content=\"index, follow, max-snippet:-1, max-image-preview:large, max-video-preview:-1\" \/>\n<link rel=\"canonical\" href=\"https:\/\/livecasinofinder.com\/wp-json\/wp\/v2\/pages\/381\/\" \/>\n<meta property=\"og:locale\" content=\"de_DE\" \/>\n<meta property=\"og:type\" content=\"article\" \/>\n<meta property=\"og:title\" content=\"About Us - Live Casino Finder Team and Mission\" \/>\n<meta property=\"og:description\" content=\"Learn how Live Casino Finder helps you choose the best live casinos with trusted reviews and expert guidance for a confident gaming experience.\" \/>\n<meta property=\"og:url\" content=\"https:\/\/livecasinofinder.com\/de\/about-us\/\" \/>\n<meta property=\"og:site_name\" content=\"livecasinofinder.com\" \/>\n<meta property=\"article:modified_time\" content=\"2025-06-03T11:06:50+00:00\" \/>\n<meta property=\"og:image\" content=\"https:\/\/livecasinofinder.com\/wp-content\/uploads\/2023\/03\/team.jpg\" \/>\n\t<meta property=\"og:image:width\" content=\"597\" \/>\n\t<meta property=\"og:image:height\" content=\"331\" \/>\n\t<meta property=\"og:image:type\" content=\"image\/jpeg\" \/>\n<meta name=\"twitter:card\" content=\"summary_large_image\" \/>\n<meta name=\"twitter:label1\" content=\"Gesch\u00e4tzte Lesezeit\" \/>\n\t<meta name=\"twitter:data1\" content=\"3\u00a0Minuten\" \/>\n<!-- \/ Yoast SEO plugin. -->","yoast_head_json":{"title":"About Us - Live Casino Finder Team and Mission","description":"Learn how Live Casino Finder helps you choose the best live casinos with trusted reviews and expert guidance for a confident gaming experience.","robots":{"index":"index","follow":"follow","max-snippet":"max-snippet:-1","max-image-preview":"max-image-preview:large","max-video-preview":"max-video-preview:-1"},"canonical":"https:\/\/livecasinofinder.com\/wp-json\/wp\/v2\/pages\/381\/","og_locale":"de_DE","og_type":"article","og_title":"About Us - Live Casino Finder Team and Mission","og_description":"Learn how Live Casino Finder helps you choose the best live casinos with trusted reviews and expert guidance for a confident gaming experience.","og_url":"https:\/\/livecasinofinder.com\/de\/about-us\/","og_site_name":"livecasinofinder.com","article_modified_time":"2025-06-03T11:06:50+00:00","og_image":[{"width":597,"height":331,"url":"https:\/\/livecasinofinder.com\/wp-content\/uploads\/2023\/03\/team.jpg","type":"image\/jpeg"}],"twitter_card":"summary_large_image","twitter_misc":{"Gesch\u00e4tzte Lesezeit":"3\u00a0Minuten"},"schema":{"@context":"https:\/\/schema.org","@graph":[{"@type":"WebPage","@id":"https:\/\/livecasinofinder.com\/about-us\/","url":"https:\/\/livecasinofinder.com\/about-us\/","name":"About Us - Live Casino Finder Team and Mission","isPartOf":{"@id":"https:\/\/livecasinofinder.com\/ja\/#website"},"primaryImageOfPage":{"@id":"https:\/\/livecasinofinder.com\/about-us\/#primaryimage"},"image":{"@id":"https:\/\/livecasinofinder.com\/about-us\/#primaryimage"},"thumbnailUrl":"https:\/\/livecasinofinder.com\/wp-content\/uploads\/2023\/03\/team.jpg","datePublished":"2023-03-15T17:35:24+00:00","dateModified":"2025-06-03T11:06:50+00:00","description":"Learn how Live Casino Finder helps you choose the best live casinos with trusted reviews and expert guidance for a confident gaming experience.","breadcrumb":{"@id":"https:\/\/livecasinofinder.com\/about-us\/#breadcrumb"},"inLanguage":"de","potentialAction":[{"@type":"ReadAction","target":["https:\/\/livecasinofinder.com\/about-us\/"]}]},{"@type":"ImageObject","inLanguage":"de","@id":"https:\/\/livecasinofinder.com\/about-us\/#primaryimage","url":"https:\/\/livecasinofinder.com\/wp-content\/uploads\/2023\/03\/team.jpg","contentUrl":"https:\/\/livecasinofinder.com\/wp-content\/uploads\/2023\/03\/team.jpg"},{"@type":"BreadcrumbList","@id":"https:\/\/livecasinofinder.com\/about-us\/#breadcrumb","itemListElement":[{"@type":"ListItem","position":1,"name":"LiveCasinoFinder.com","item":"https:\/\/livecasinofinder.com\/fr\/"},{"@type":"ListItem","position":2,"name":"About Us"}]},{"@type":"WebSite","@id":"https:\/\/livecasinofinder.com\/ja\/#website","url":"https:\/\/livecasinofinder.com\/ja\/","name":"livecasinofinder","description":"","publisher":{"@id":"https:\/\/livecasinofinder.com\/ja\/#organization"},"alternateName":"Lucas oil raceway live casino","potentialAction":[{"@type":"SearchAction","target":{"@type":"EntryPoint","urlTemplate":"https:\/\/livecasinofinder.com\/ja\/?s={search_term_string}"},"query-input":{"@type":"PropertyValueSpecification","valueRequired":true,"valueName":"search_term_string"}}],"inLanguage":"de"},{"@type":"Organization","@id":"https:\/\/livecasinofinder.com\/ja\/#organization","name":"Live Casino Finder","alternateName":"Lucas oil raceway live casino","url":"https:\/\/livecasinofinder.com\/ja\/","logo":{"@type":"ImageObject","inLanguage":"de","@id":"https:\/\/livecasinofinder.com\/ja\/#\/schema\/logo\/image\/","url":"https:\/\/livecasinofinder.com\/wp-content\/uploads\/2023\/04\/livecasinofinder-logo.png","contentUrl":"https:\/\/livecasinofinder.com\/wp-content\/uploads\/2023\/04\/livecasinofinder-logo.png","width":1600,"height":453,"caption":"Live Casino Finder"},"image":{"@id":"https:\/\/livecasinofinder.com\/ja\/#\/schema\/logo\/image\/"}}]}},"_links":{"self":[{"href":"https:\/\/livecasinofinder.com\/de\/wp-json\/wp\/v2\/pages\/381","targetHints":{"allow":["GET"]}}],"collection":[{"href":"https:\/\/livecasinofinder.com\/de\/wp-json\/wp\/v2\/pages"}],"about":[{"href":"https:\/\/livecasinofinder.com\/de\/wp-json\/wp\/v2\/types\/page"}],"author":[{"embeddable":true,"href":"https:\/\/livecasinofinder.com\/de\/wp-json\/wp\/v2\/users\/1"}],"replies":[{"embeddable":true,"href":"https:\/\/livecasinofinder.com\/de\/wp-json\/wp\/v2\/comments?post=381"}],"version-history":[{"count":0,"href":"https:\/\/livecasinofinder.com\/de\/wp-json\/wp\/v2\/pages\/381\/revisions"}],"wp:attachment":[{"href":"https:\/\/livecasinofinder.com\/de\/wp-json\/wp\/v2\/media?parent=381"}],"curies":[{"name":"wp","href":"https:\/\/api.w.org\/{rel}","templated":true}]}}