{"id":2113,"date":"2023-06-20T14:28:59","date_gmt":"2023-06-20T14:28:59","guid":{"rendered":"https:\/\/livecasinofinder.com\/?page_id=2113"},"modified":"2025-06-03T11:11:51","modified_gmt":"2025-06-03T11:11:51","slug":"terms-and-conditions","status":"publish","type":"page","link":"https:\/\/livecasinofinder.com\/de\/terms-and-conditions\/","title":{"rendered":"Bedingungen und Konditionen"},"content":{"rendered":"<p>Willkommen bei LiveCasinoFinder.com. Die folgenden Allgemeinen Gesch\u00e4ftsbedingungen regeln die Nutzung der <a href=\"\/de\/\">LiveCasinoFinder.com Webseite<\/a>. Es ist unbedingt erforderlich, dass Sie diese Allgemeinen Gesch\u00e4ftsbedingungen lesen und verstehen, bevor Sie unsere Dienste nutzen.<\/p>\n<div id=\"ez-toc-container\" class=\"ez-toc-v2_0_63 counter-hierarchy ez-toc-counter ez-toc-grey ez-toc-container-direction\">\n<label for=\"ez-toc-cssicon-toggle-item-69f26edcb3810\" class=\"ez-toc-cssicon-toggle-label\"><span class=\"ez-toc-cssicon\"><span class=\"eztoc-hide\" style=\"display:none;\">Umschalten auf<\/span><span class=\"ez-toc-icon-toggle-span\"><svg style=\"fill: #999;color:#999\" xmlns=\"http:\/\/www.w3.org\/2000\/svg\" class=\"list-377408\" width=\"20px\" height=\"20px\" viewbox=\"0 0 24 24\" fill=\"none\"><path d=\"M6 6H4v2h2V6zm14 0H8v2h12V6zM4 11h2v2H4v-2zm16 0H8v2h12v-2zM4 16h2v2H4v-2zm16 0H8v2h12v-2z\" fill=\"currentColor\"><\/path><\/svg><svg style=\"fill: #999;color:#999\" class=\"arrow-unsorted-368013\" xmlns=\"http:\/\/www.w3.org\/2000\/svg\" width=\"10px\" height=\"10px\" viewbox=\"0 0 24 24\" version=\"1.2\" baseprofile=\"tiny\"><path d=\"M18.2 9.3l-6.2-6.3-6.2 6.3c-.2.2-.3.4-.3.7s.1.5.3.7c.2.2.4.3.7.3h11c.3 0 .5-.1.7-.3.2-.2.3-.5.3-.7s-.1-.5-.3-.7zM5.8 14.7l6.2 6.3 6.2-6.3c.2-.2.3-.5.3-.7s-.1-.5-.3-.7c-.2-.2-.4-.3-.7-.3h-11c-.3 0-.5.1-.7.3-.2.2-.3.5-.3.7s.1.5.3.7z\"\/><\/svg><\/span><\/span><\/label><input type=\"checkbox\"  id=\"ez-toc-cssicon-toggle-item-69f26edcb3810\" checked aria-label=\"Umschalten auf\" \/><nav><ul class='ez-toc-list ez-toc-list-level-1' ><li class='ez-toc-page-1 ez-toc-heading-level-2'><a class=\"ez-toc-link ez-toc-heading-1\" href=\"https:\/\/livecasinofinder.com\/de\/terms-and-conditions\/#Purpose_of_the_Terms_and_Conditions_and_Information\" title=\"Zweck der Allgemeinen Gesch\u00e4ftsbedingungen und Informationen\">Zweck der Allgemeinen Gesch\u00e4ftsbedingungen und Informationen<\/a><\/li><li class='ez-toc-page-1 ez-toc-heading-level-2'><a class=\"ez-toc-link ez-toc-heading-2\" href=\"https:\/\/livecasinofinder.com\/de\/terms-and-conditions\/#Disclaimer_and_Legal_Advice\" title=\"Haftungsausschluss und Rechtsberatung\">Haftungsausschluss und Rechtsberatung<\/a><\/li><li class='ez-toc-page-1 ez-toc-heading-level-2'><a class=\"ez-toc-link ez-toc-heading-3\" href=\"https:\/\/livecasinofinder.com\/de\/terms-and-conditions\/#LiveCasinoFindercom_as_an_Independent_Gambling_Directory_and_Information_Service\" title=\"LiveCasinoFinder.com als unabh\u00e4ngiges Gl\u00fccksspielverzeichnis und Informationsdienst\">LiveCasinoFinder.com als unabh\u00e4ngiges Gl\u00fccksspielverzeichnis und Informationsdienst<\/a><\/li><li class='ez-toc-page-1 ez-toc-heading-level-2'><a class=\"ez-toc-link ez-toc-heading-4\" href=\"https:\/\/livecasinofinder.com\/de\/terms-and-conditions\/#Accuracy_of_Information\" title=\"Genauigkeit der Informationen\">Genauigkeit der Informationen<\/a><\/li><li class='ez-toc-page-1 ez-toc-heading-level-2'><a class=\"ez-toc-link ez-toc-heading-5\" href=\"https:\/\/livecasinofinder.com\/de\/terms-and-conditions\/#User_Responsibility_for_Legality_of_Games_and_Wagers\" title=\"Verantwortung des Nutzers f\u00fcr die Rechtm\u00e4\u00dfigkeit der Spiele und Eins\u00e4tze\">Verantwortung des Nutzers f\u00fcr die Rechtm\u00e4\u00dfigkeit der Spiele und Eins\u00e4tze<\/a><\/li><li class='ez-toc-page-1 ez-toc-heading-level-2'><a class=\"ez-toc-link ez-toc-heading-6\" href=\"https:\/\/livecasinofinder.com\/de\/terms-and-conditions\/#Limitation_of_Liability\" title=\"Beschr\u00e4nkung der Haftung\">Beschr\u00e4nkung der Haftung<\/a><\/li><li class='ez-toc-page-1 ez-toc-heading-level-2'><a class=\"ez-toc-link ez-toc-heading-7\" href=\"https:\/\/livecasinofinder.com\/de\/terms-and-conditions\/#Modification_of_Information_and_Future_Obligations\" title=\"\u00c4nderung von Informationen und k\u00fcnftigen Verpflichtungen\">\u00c4nderung von Informationen und k\u00fcnftigen Verpflichtungen<\/a><\/li><li class='ez-toc-page-1 ez-toc-heading-level-2'><a class=\"ez-toc-link ez-toc-heading-8\" href=\"https:\/\/livecasinofinder.com\/de\/terms-and-conditions\/#Trademarks_and_Copyrights\" title=\"Warenzeichen und Urheberrechte\">Warenzeichen und Urheberrechte<\/a><\/li><li class='ez-toc-page-1 ez-toc-heading-level-2'><a class=\"ez-toc-link ez-toc-heading-9\" href=\"https:\/\/livecasinofinder.com\/de\/terms-and-conditions\/#Copying_and_Transmission_Restrictions\" title=\"Vervielf\u00e4ltigungs- und \u00dcbertragungsbeschr\u00e4nkungen\">Vervielf\u00e4ltigungs- und \u00dcbertragungsbeschr\u00e4nkungen<\/a><\/li><li class='ez-toc-page-1 ez-toc-heading-level-2'><a class=\"ez-toc-link ez-toc-heading-10\" href=\"https:\/\/livecasinofinder.com\/de\/terms-and-conditions\/#Intellectual_Property_Rights\" title=\"Rechte an geistigem Eigentum\">Rechte an geistigem Eigentum<\/a><\/li><li class='ez-toc-page-1 ez-toc-heading-level-2'><a class=\"ez-toc-link ez-toc-heading-11\" href=\"https:\/\/livecasinofinder.com\/de\/terms-and-conditions\/#Information_Accuracy_and_Reporting\" title=\"Informationsgenauigkeit und Berichterstattung\">Informationsgenauigkeit und Berichterstattung<\/a><\/li><li class='ez-toc-page-1 ez-toc-heading-level-2'><a class=\"ez-toc-link ez-toc-heading-12\" href=\"https:\/\/livecasinofinder.com\/de\/terms-and-conditions\/#Content_Removal_and_Discretion_of_livecasinofindercom\" title=\"Entfernung von Inhalten und Diskretion von livecasinofinder.com\">Entfernung von Inhalten und Diskretion von livecasinofinder.com<\/a><\/li><li class='ez-toc-page-1 ez-toc-heading-level-2'><a class=\"ez-toc-link ez-toc-heading-13\" href=\"https:\/\/livecasinofinder.com\/de\/terms-and-conditions\/#Live_Casino_Finder_Complaints_Service\" title=\"Live Casino Finder Beschwerdedienst\">Live Casino Finder Beschwerdedienst<\/a><\/li><li class='ez-toc-page-1 ez-toc-heading-level-2'><a class=\"ez-toc-link ez-toc-heading-14\" href=\"https:\/\/livecasinofinder.com\/de\/terms-and-conditions\/#Terms_and_Conditions_of_LiveCasinoFindercom\" title=\"Allgemeine Gesch\u00e4ftsbedingungen von LiveCasinoFinder.com\">Allgemeine Gesch\u00e4ftsbedingungen von LiveCasinoFinder.com<\/a><\/li><li class='ez-toc-page-1 ez-toc-heading-level-2'><a class=\"ez-toc-link ez-toc-heading-15\" href=\"https:\/\/livecasinofinder.com\/de\/terms-and-conditions\/#Conclusion\" title=\"Beste seri\u00f6s online casinos 2024 - Schlussfolgerung\">Beste seri\u00f6s online casinos 2024 - Schlussfolgerung<\/a><\/li><\/ul><\/nav><\/div>\n\n<h2><span class=\"ez-toc-section\" id=\"Purpose_of_the_Terms_and_Conditions_and_Information\"><\/span>Zweck der Allgemeinen Gesch\u00e4ftsbedingungen und Informationen<span class=\"ez-toc-section-end\"><\/span><\/h2>\n<p>Die hier festgelegten Allgemeinen Gesch\u00e4ftsbedingungen sollen die Regeln und Vorschriften darlegen, die die Beziehung zwischen LiveCasinoFinder.com und seinen Nutzern regeln. Es ist wichtig, dass die Nutzer ihre Rechte und Pflichten sowie die Einschr\u00e4nkungen bei der Nutzung der von LiveCasinoFinder.com angebotenen Dienste verstehen.<\/p>\n<h2><span class=\"ez-toc-section\" id=\"Disclaimer_and_Legal_Advice\"><\/span>Haftungsausschluss und Rechtsberatung<span class=\"ez-toc-section-end\"><\/span><\/h2>\n<p>Bitte beachten Sie, dass der Inhalt von LiveCasinoFinder.com nur zu Informationszwecken dient. Nichts auf dieser Website sollte als Rechtsberatung verstanden werden. Nutzer sollten sich bei rechtlichen Fragen, insbesondere im Zusammenhang mit Online-Gl\u00fccksspielen, an einen Rechtsbeistand wenden.<\/p>\n<h2><span class=\"ez-toc-section\" id=\"LiveCasinoFindercom_as_an_Independent_Gambling_Directory_and_Information_Service\"><\/span>LiveCasinoFinder.com als unabh\u00e4ngiges Gl\u00fccksspielverzeichnis und Informationsdienst<span class=\"ez-toc-section-end\"><\/span><\/h2>\n<p>LiveCasinoFinder.com ist ein unabh\u00e4ngiges Online-Verzeichnis und Informationsdienst, der Bewertungen und Einblicke in live casinos bietet. Wir betreiben keine Gl\u00fccksspieldienste und sind nicht mit Casinobetreibern verbunden.<\/p>\n<h2><span class=\"ez-toc-section\" id=\"Accuracy_of_Information\"><\/span>Genauigkeit der Informationen<span class=\"ez-toc-section-end\"><\/span><\/h2>\n<p>Obwohl LiveCasinoFinder.com erhebliche Anstrengungen unternimmt, um sicherzustellen, dass die bereitgestellten Informationen korrekt und aktuell sind, k\u00f6nnen wir ihre absolute Richtigkeit nicht garantieren. Wir empfehlen unseren Nutzern, die Informationen nach eigenem Ermessen zu \u00fcberpr\u00fcfen.<\/p>\n<h2><span class=\"ez-toc-section\" id=\"User_Responsibility_for_Legality_of_Games_and_Wagers\"><\/span>Verantwortung des Nutzers f\u00fcr die Rechtm\u00e4\u00dfigkeit der Spiele und Eins\u00e4tze<span class=\"ez-toc-section-end\"><\/span><\/h2>\n<p>Als Benutzer von LiveCasinoFinder.com sind Sie allein daf\u00fcr verantwortlich, dass Sie die Gesetze und Vorschriften in Bezug auf Gl\u00fccksspiele in Ihrer Gerichtsbarkeit einhalten. Dies gilt auch f\u00fcr die Rechtm\u00e4\u00dfigkeit der Spiele und Eins\u00e4tze, an denen Sie teilnehmen.<\/p>\n<h2><span class=\"ez-toc-section\" id=\"Limitation_of_Liability\"><\/span>Beschr\u00e4nkung der Haftung<span class=\"ez-toc-section-end\"><\/span><\/h2>\n<p>Durch die Nutzung von LiveCasinoFinder.com erkl\u00e4ren Sie sich damit einverstanden, die Website, ihre Mitarbeiter und Partner von jeglichen Anspr\u00fcchen, Sch\u00e4den oder anderen Verpflichtungen freizustellen, die sich aus der Nutzung der bereitgestellten Informationen oder Dienste ergeben k\u00f6nnten.<\/p>\n<h2><span class=\"ez-toc-section\" id=\"Modification_of_Information_and_Future_Obligations\"><\/span>\u00c4nderung von Informationen und k\u00fcnftigen Verpflichtungen<span class=\"ez-toc-section-end\"><\/span><\/h2>\n<p>LiveCasinoFinder.com beh\u00e4lt sich das Recht vor, bereitgestellte Informationen ohne vorherige Ank\u00fcndigung zu \u00e4ndern oder zu entfernen. Den Benutzern wird empfohlen, die Allgemeinen Gesch\u00e4ftsbedingungen regelm\u00e4\u00dfig auf Aktualisierungen zu \u00fcberpr\u00fcfen.<\/p>\n<h2><span class=\"ez-toc-section\" id=\"Trademarks_and_Copyrights\"><\/span>Warenzeichen und Urheberrechte<span class=\"ez-toc-section-end\"><\/span><\/h2>\n<p>Der gesamte Inhalt, einschlie\u00dflich Text, Bilder und Logos auf LiveCasinoFinder.com, ist Eigentum der Website oder ihrer Inhaltslieferanten und ist durch internationale Urheberrechtsgesetze gesch\u00fctzt.<\/p>\n<h2><span class=\"ez-toc-section\" id=\"Copying_and_Transmission_Restrictions\"><\/span>Vervielf\u00e4ltigungs- und \u00dcbertragungsbeschr\u00e4nkungen<span class=\"ez-toc-section-end\"><\/span><\/h2>\n<p>Benutzern ist es untersagt, Inhalte von LiveCasinoFinder.com ohne ausdr\u00fcckliche schriftliche Genehmigung der Eigent\u00fcmer der Website zu kopieren, weiterzugeben oder neu zu ver\u00f6ffentlichen.<\/p>\n<h2><span class=\"ez-toc-section\" id=\"Intellectual_Property_Rights\"><\/span>Rechte an geistigem Eigentum<span class=\"ez-toc-section-end\"><\/span><\/h2>\n<p>LiveCasinoFinder.com besitzt die geistigen Eigentumsrechte an den Inhalten, Dienstleistungen und Marken auf dieser Website. Die unbefugte Nutzung dieser Eigenschaften ist strengstens untersagt und kann rechtliche Schritte nach sich ziehen.<\/p>\n<h2><span class=\"ez-toc-section\" id=\"Information_Accuracy_and_Reporting\"><\/span>Informationsgenauigkeit und Berichterstattung<span class=\"ez-toc-section-end\"><\/span><\/h2>\n<p>Wenn Sie Informationen auf LiveCasinoFinder.com finden, die ungenau oder irref\u00fchrend sind, melden Sie uns diese bitte. Wir bem\u00fchen uns um Exzellenz und sch\u00e4tzen die Zusammenarbeit mit unseren Nutzern bei der Aufrechterhaltung der Integrit\u00e4t unserer Website.<\/p>\n<h2><span class=\"ez-toc-section\" id=\"Content_Removal_and_Discretion_of_livecasinofindercom\"><\/span>Entfernung von Inhalten und Diskretion von livecasinofinder.com<span class=\"ez-toc-section-end\"><\/span><\/h2>\n<p>Der Inhalt kann nach dem Ermessen von livecasinofinder.com in \u00dcbereinstimmung mit unseren Richtlinien und den geltenden Gesetzen entfernt oder ge\u00e4ndert werden.<\/p>\n<h2><span class=\"ez-toc-section\" id=\"Live_Casino_Finder_Complaints_Service\"><\/span>Live Casino Finder Beschwerdedienst<span class=\"ez-toc-section-end\"><\/span><\/h2>\n<p>Wenn Sie Beschwerden oder Probleme bez\u00fcglich der von LiveCasinoFinder.com angebotenen Dienstleistungen haben, kontaktieren Sie uns bitte \u00fcber unseren Beschwerdeservice. Wir wissen Ihr Feedback zu sch\u00e4tzen und werden uns nach besten Kr\u00e4ften um Ihr Anliegen k\u00fcmmern.<\/p>\n<h2><span class=\"ez-toc-section\" id=\"Terms_and_Conditions_of_LiveCasinoFindercom\"><\/span>Allgemeine Gesch\u00e4ftsbedingungen von LiveCasinoFinder.com<span class=\"ez-toc-section-end\"><\/span><\/h2>\n<p>Durch die Nutzung dieser Website erkl\u00e4ren Sie sich mit den in diesem Dokument dargelegten Bedingungen und Konditionen einverstanden. Wenn Sie die Website nach einer Aktualisierung dieser Bedingungen weiterhin nutzen, bedeutet dies, dass Sie die \u00c4nderungen akzeptieren.<\/p>\n<h2><span class=\"ez-toc-section\" id=\"Conclusion\"><\/span>Beste seri\u00f6s online casinos 2024 - Schlussfolgerung<span class=\"ez-toc-section-end\"><\/span><\/h2>\n<p>Durch die Nutzung von LiveCasinoFinder.com erkl\u00e4ren Sie sich mit den in diesem Dokument dargelegten Gesch\u00e4ftsbedingungen einverstanden. Es liegt in Ihrer Verantwortung, sich \u00fcber diese Bedingungen zu informieren und diese Seite und ihre Informationen verantwortungsbewusst und im Rahmen der Gesetze zu nutzen.<\/p>","protected":false},"excerpt":{"rendered":"<p>Willkommen bei LiveCasinoFinder.com. Die folgenden Allgemeinen Gesch\u00e4ftsbedingungen regeln die Nutzung der LiveCasinoFinder.com-Website. Es ist zwingend erforderlich, dass Sie diese Bedingungen lesen und verstehen, bevor Sie unsere Dienste nutzen. Zweck der Allgemeinen Gesch\u00e4ftsbedingungen und Informationen Die hier festgelegten Allgemeinen Gesch\u00e4ftsbedingungen sollen die Regeln und Vorschriften darlegen, die die [...]<\/p>","protected":false},"author":1,"featured_media":0,"parent":0,"menu_order":0,"comment_status":"closed","ping_status":"closed","template":"page-no-sidebar.php","meta":{"_lmt_disableupdate":"no","_lmt_disable":"no","footnotes":""},"class_list":["post-2113","page","type-page","status-publish","hentry"],"yoast_head":"<!-- This site is optimized with the Yoast SEO plugin v26.4 - https:\/\/yoast.com\/wordpress\/plugins\/seo\/ -->\n<title>Terms and Conditions Overview<\/title>\n<meta name=\"description\" content=\"Review the terms and conditions of Live Casino Finder to understand your rights and responsibilities while using our site and services.\" \/>\n<meta name=\"robots\" content=\"index, follow, max-snippet:-1, max-image-preview:large, max-video-preview:-1\" \/>\n<link rel=\"canonical\" href=\"https:\/\/livecasinofinder.com\/wp-json\/wp\/v2\/pages\/2113\/\" \/>\n<meta property=\"og:locale\" content=\"de_DE\" \/>\n<meta property=\"og:type\" content=\"article\" \/>\n<meta property=\"og:title\" content=\"Terms and Conditions Overview\" \/>\n<meta property=\"og:description\" content=\"Review the terms and conditions of Live Casino Finder to understand your rights and responsibilities while using our site and services.\" \/>\n<meta property=\"og:url\" content=\"https:\/\/livecasinofinder.com\/de\/terms-and-conditions\/\" \/>\n<meta property=\"og:site_name\" content=\"livecasinofinder.com\" \/>\n<meta property=\"article:modified_time\" content=\"2025-06-03T11:11:51+00:00\" \/>\n<meta property=\"og:image\" content=\"https:\/\/livecasinofinder.com\/wp-content\/uploads\/2023\/03\/lucasoilraceway-logo-1.png\" \/>\n\t<meta property=\"og:image:width\" content=\"427\" \/>\n\t<meta property=\"og:image:height\" content=\"145\" \/>\n\t<meta property=\"og:image:type\" content=\"image\/png\" \/>\n<meta name=\"twitter:card\" content=\"summary_large_image\" \/>\n<meta name=\"twitter:label1\" content=\"Gesch\u00e4tzte Lesezeit\" \/>\n\t<meta name=\"twitter:data1\" content=\"3\u00a0Minuten\" \/>\n<!-- \/ Yoast SEO plugin. -->","yoast_head_json":{"title":"\u00dcbersicht \u00fcber die Allgemeinen Gesch\u00e4ftsbedingungen","description":"Lesen Sie die Allgemeinen Gesch\u00e4ftsbedingungen von Live Casino Finder, um Ihre Rechte und Pflichten bei der Nutzung unserer Website und Dienste zu verstehen.","robots":{"index":"index","follow":"follow","max-snippet":"max-snippet:-1","max-image-preview":"max-image-preview:large","max-video-preview":"max-video-preview:-1"},"canonical":"https:\/\/livecasinofinder.com\/wp-json\/wp\/v2\/pages\/2113\/","og_locale":"de_DE","og_type":"article","og_title":"Terms and Conditions Overview","og_description":"Review the terms and conditions of Live Casino Finder to understand your rights and responsibilities while using our site and services.","og_url":"https:\/\/livecasinofinder.com\/de\/terms-and-conditions\/","og_site_name":"livecasinofinder.com","article_modified_time":"2025-06-03T11:11:51+00:00","og_image":[{"width":427,"height":145,"url":"https:\/\/livecasinofinder.com\/wp-content\/uploads\/2023\/03\/lucasoilraceway-logo-1.png","type":"image\/png"}],"twitter_card":"summary_large_image","twitter_misc":{"Gesch\u00e4tzte Lesezeit":"3\u00a0Minuten"},"schema":{"@context":"https:\/\/schema.org","@graph":[{"@type":"WebPage","@id":"https:\/\/livecasinofinder.com\/terms-and-conditions\/","url":"https:\/\/livecasinofinder.com\/terms-and-conditions\/","name":"\u00dcbersicht \u00fcber die Allgemeinen Gesch\u00e4ftsbedingungen","isPartOf":{"@id":"https:\/\/livecasinofinder.com\/ja\/#website"},"datePublished":"2023-06-20T14:28:59+00:00","dateModified":"2025-06-03T11:11:51+00:00","description":"Lesen Sie die Allgemeinen Gesch\u00e4ftsbedingungen von Live Casino Finder, um Ihre Rechte und Pflichten bei der Nutzung unserer Website und Dienste zu verstehen.","breadcrumb":{"@id":"https:\/\/livecasinofinder.com\/terms-and-conditions\/#breadcrumb"},"inLanguage":"de","potentialAction":[{"@type":"ReadAction","target":["https:\/\/livecasinofinder.com\/terms-and-conditions\/"]}]},{"@type":"BreadcrumbList","@id":"https:\/\/livecasinofinder.com\/terms-and-conditions\/#breadcrumb","itemListElement":[{"@type":"ListItem","position":1,"name":"LiveCasinoFinder.com","item":"https:\/\/livecasinofinder.com\/fr\/"},{"@type":"ListItem","position":2,"name":"Terms and Conditions"}]},{"@type":"WebSite","@id":"https:\/\/livecasinofinder.com\/ja\/#website","url":"https:\/\/livecasinofinder.com\/ja\/","name":"livecasinofinder","description":"","publisher":{"@id":"https:\/\/livecasinofinder.com\/ja\/#organization"},"alternateName":"Lucas oil raceway live casino","potentialAction":[{"@type":"SearchAction","target":{"@type":"EntryPoint","urlTemplate":"https:\/\/livecasinofinder.com\/ja\/?s={search_term_string}"},"query-input":{"@type":"PropertyValueSpecification","valueRequired":true,"valueName":"search_term_string"}}],"inLanguage":"de"},{"@type":"Organization","@id":"https:\/\/livecasinofinder.com\/ja\/#organization","name":"Live Casino Finder","alternateName":"Lucas oil raceway live casino","url":"https:\/\/livecasinofinder.com\/ja\/","logo":{"@type":"ImageObject","inLanguage":"de","@id":"https:\/\/livecasinofinder.com\/ja\/#\/schema\/logo\/image\/","url":"https:\/\/livecasinofinder.com\/wp-content\/uploads\/2023\/04\/livecasinofinder-logo.png","contentUrl":"https:\/\/livecasinofinder.com\/wp-content\/uploads\/2023\/04\/livecasinofinder-logo.png","width":1600,"height":453,"caption":"Live Casino Finder"},"image":{"@id":"https:\/\/livecasinofinder.com\/ja\/#\/schema\/logo\/image\/"}}]}},"_links":{"self":[{"href":"https:\/\/livecasinofinder.com\/de\/wp-json\/wp\/v2\/pages\/2113","targetHints":{"allow":["GET"]}}],"collection":[{"href":"https:\/\/livecasinofinder.com\/de\/wp-json\/wp\/v2\/pages"}],"about":[{"href":"https:\/\/livecasinofinder.com\/de\/wp-json\/wp\/v2\/types\/page"}],"author":[{"embeddable":true,"href":"https:\/\/livecasinofinder.com\/de\/wp-json\/wp\/v2\/users\/1"}],"replies":[{"embeddable":true,"href":"https:\/\/livecasinofinder.com\/de\/wp-json\/wp\/v2\/comments?post=2113"}],"version-history":[{"count":0,"href":"https:\/\/livecasinofinder.com\/de\/wp-json\/wp\/v2\/pages\/2113\/revisions"}],"wp:attachment":[{"href":"https:\/\/livecasinofinder.com\/de\/wp-json\/wp\/v2\/media?parent=2113"}],"curies":[{"name":"wp","href":"https:\/\/api.w.org\/{rel}","templated":true}]}}