{"id":2111,"date":"2023-06-20T14:33:04","date_gmt":"2023-06-20T14:33:04","guid":{"rendered":"https:\/\/livecasinofinder.com\/?page_id=2111"},"modified":"2025-06-03T11:11:12","modified_gmt":"2025-06-03T11:11:12","slug":"responsible-gaming","status":"publish","type":"page","link":"https:\/\/livecasinofinder.com\/de\/responsible-gaming\/","title":{"rendered":"Verantwortungsvolles Spielen"},"content":{"rendered":"<p>Willkommen bei <a href=\"\/de\/live-casinos\/\">Live-Kasino<\/a> Finder, wo wir verantwortungsvolles Spielen als Eckpfeiler unserer Plattform priorisieren. Wir setzen uns f\u00fcr ein verantwortungsvolles Spielverhalten ein und schaffen eine sichere und angenehme Umgebung f\u00fcr unsere Nutzer. Mit einem tiefen Verst\u00e4ndnis f\u00fcr die Feinheiten der Gl\u00fccksspielrisiken und die potenziellen Auswirkungen auf die psychische Gesundheit sind wir bestrebt, Spieler zu einem verantwortungsvollen Umgang mit Gl\u00fccksspielen zu bef\u00e4higen.<\/p>\n<div id=\"ez-toc-container\" class=\"ez-toc-v2_0_63 counter-hierarchy ez-toc-counter ez-toc-grey ez-toc-container-direction\">\n<label for=\"ez-toc-cssicon-toggle-item-69d2f1ccdb0b4\" class=\"ez-toc-cssicon-toggle-label\"><span class=\"ez-toc-cssicon\"><span class=\"eztoc-hide\" style=\"display:none;\">Umschalten auf<\/span><span class=\"ez-toc-icon-toggle-span\"><svg style=\"fill: #999;color:#999\" xmlns=\"http:\/\/www.w3.org\/2000\/svg\" class=\"list-377408\" width=\"20px\" height=\"20px\" viewbox=\"0 0 24 24\" fill=\"none\"><path d=\"M6 6H4v2h2V6zm14 0H8v2h12V6zM4 11h2v2H4v-2zm16 0H8v2h12v-2zM4 16h2v2H4v-2zm16 0H8v2h12v-2z\" fill=\"currentColor\"><\/path><\/svg><svg style=\"fill: #999;color:#999\" class=\"arrow-unsorted-368013\" xmlns=\"http:\/\/www.w3.org\/2000\/svg\" width=\"10px\" height=\"10px\" viewbox=\"0 0 24 24\" version=\"1.2\" baseprofile=\"tiny\"><path d=\"M18.2 9.3l-6.2-6.3-6.2 6.3c-.2.2-.3.4-.3.7s.1.5.3.7c.2.2.4.3.7.3h11c.3 0 .5-.1.7-.3.2-.2.3-.5.3-.7s-.1-.5-.3-.7zM5.8 14.7l6.2 6.3 6.2-6.3c.2-.2.3-.5.3-.7s-.1-.5-.3-.7c-.2-.2-.4-.3-.7-.3h-11c-.3 0-.5.1-.7.3-.2.2-.3.5-.3.7s.1.5.3.7z\"\/><\/svg><\/span><\/span><\/label><input type=\"checkbox\"  id=\"ez-toc-cssicon-toggle-item-69d2f1ccdb0b4\" checked aria-label=\"Umschalten auf\" \/><nav><ul class='ez-toc-list ez-toc-list-level-1' ><li class='ez-toc-page-1 ez-toc-heading-level-2'><a class=\"ez-toc-link ez-toc-heading-1\" href=\"https:\/\/livecasinofinder.com\/de\/responsible-gaming\/#The_Imperative_of_Responsible_Gaming\" title=\"Das Gebot des verantwortungsvollen Spiels\">Das Gebot des verantwortungsvollen Spiels<\/a><\/li><li class='ez-toc-page-1 ez-toc-heading-level-2'><a class=\"ez-toc-link ez-toc-heading-2\" href=\"https:\/\/livecasinofinder.com\/de\/responsible-gaming\/#The_Intricacies_of_Gambling_Risks\" title=\"Die Kompliziertheit der Gl\u00fccksspiel-Risiken\">Die Kompliziertheit der Gl\u00fccksspiel-Risiken<\/a><\/li><li class='ez-toc-page-1 ez-toc-heading-level-2'><a class=\"ez-toc-link ez-toc-heading-3\" href=\"https:\/\/livecasinofinder.com\/de\/responsible-gaming\/#Recognizing_Gambling_Addiction\" title=\"Erkennen von Gl\u00fccksspielsucht\">Erkennen von Gl\u00fccksspielsucht<\/a><\/li><li class='ez-toc-page-1 ez-toc-heading-level-2'><a class=\"ez-toc-link ez-toc-heading-4\" href=\"https:\/\/livecasinofinder.com\/de\/responsible-gaming\/#Gambling_and_Mental_Health\" title=\"Gl\u00fccksspiel und psychische Gesundheit\">Gl\u00fccksspiel und psychische Gesundheit<\/a><\/li><li class='ez-toc-page-1 ez-toc-heading-level-2'><a class=\"ez-toc-link ez-toc-heading-5\" href=\"https:\/\/livecasinofinder.com\/de\/responsible-gaming\/#Effective_Strategies_for_Responsible_Gambling\" title=\"Wirksame Strategien f\u00fcr verantwortungsvolles Gl\u00fccksspiel\">Wirksame Strategien f\u00fcr verantwortungsvolles Gl\u00fccksspiel<\/a><\/li><li class='ez-toc-page-1 ez-toc-heading-level-2'><a class=\"ez-toc-link ez-toc-heading-6\" href=\"https:\/\/livecasinofinder.com\/de\/responsible-gaming\/#Tools_and_Resources_for_Responsible_Gambling\" title=\"Tools und Ressourcen f\u00fcr verantwortungsbewusstes Gl\u00fccksspiel\">Tools und Ressourcen f\u00fcr verantwortungsbewusstes Gl\u00fccksspiel<\/a><\/li><li class='ez-toc-page-1 ez-toc-heading-level-2'><a class=\"ez-toc-link ez-toc-heading-7\" href=\"https:\/\/livecasinofinder.com\/de\/responsible-gaming\/#The_Role_of_Online_Gaming_Operators_in_Responsible_Gambling\" title=\"Die Rolle von Online-Gl\u00fccksspielanbietern beim verantwortungsvollen Gl\u00fccksspiel\">Die Rolle von Online-Gl\u00fccksspielanbietern beim verantwortungsvollen Gl\u00fccksspiel<\/a><\/li><li class='ez-toc-page-1 ez-toc-heading-level-2'><a class=\"ez-toc-link ez-toc-heading-8\" href=\"https:\/\/livecasinofinder.com\/de\/responsible-gaming\/#Preventative_Measures_for_Player_Protection\" title=\"Vorbeugende Ma\u00dfnahmen zum Schutz der Spieler\">Vorbeugende Ma\u00dfnahmen zum Schutz der Spieler<\/a><\/li><\/ul><\/nav><\/div>\n\n<h2><span class=\"ez-toc-section\" id=\"The_Imperative_of_Responsible_Gaming\"><\/span>Das Gebot des verantwortungsvollen Spiels<span class=\"ez-toc-section-end\"><\/span><\/h2>\n<p>Bei Live Casino Finder ist verantwortungsbewusstes Spielen nicht nur ein Konzept, sondern ein grundlegender Wert, der unser Handeln bestimmt. Wir glauben, dass Gl\u00fccksspiele zwar aufregend sein k\u00f6nnen, dass es aber wichtig ist, sicherzustellen, dass sie innerhalb verantwortungsvoller Grenzen genossen werden. Unser Ziel ist es, eine Umgebung zu schaffen, in der die Spieler fundierte Entscheidungen treffen und den Nervenkitzel der live casino-Spiele verantwortungsvoll erleben k\u00f6nnen.<\/p>\n<h2><span class=\"ez-toc-section\" id=\"The_Intricacies_of_Gambling_Risks\"><\/span>Die Kompliziertheit der Gl\u00fccksspiel-Risiken<span class=\"ez-toc-section-end\"><\/span><\/h2>\n<p>Wir sind uns bewusst, wie wichtig es ist, unseren Nutzern Wissen \u00fcber die Feinheiten der Gl\u00fccksspielrisiken zu vermitteln. Das Verst\u00e4ndnis dieser Risiken, einschlie\u00dflich des Potenzials f\u00fcr finanzielle Verluste, ist entscheidend, um fundierte Entscheidungen zu treffen. Indem sie sich dieser komplexen Zusammenh\u00e4nge bewusst sind, k\u00f6nnen Spieler verantwortungsvoll mit live casino spielen und die Kontrolle \u00fcber ihre Wettaktivit\u00e4ten behalten.<\/p>\n<h2><span class=\"ez-toc-section\" id=\"Recognizing_Gambling_Addiction\"><\/span>Erkennen von Gl\u00fccksspielsucht<span class=\"ez-toc-section-end\"><\/span><\/h2>\n<p>Bei Live Casino Finder haben wir uns der Erkennung und Bek\u00e4mpfung von Spielsucht verschrieben. Wir wissen, dass Gl\u00fccksspiel f\u00fcr manche Menschen zu einem ernsten Problem werden kann, das ihr pers\u00f6nliches und finanzielles Wohlergehen beeintr\u00e4chtigt. Wir ermutigen unsere Benutzer, sich selbst zu erkennen und umgehend Hilfe zu suchen, wenn sie den Verdacht haben, dass sie mit Spielsucht zu k\u00e4mpfen haben k\u00f6nnten.<\/p>\n<h2><span class=\"ez-toc-section\" id=\"Gambling_and_Mental_Health\"><\/span>Gl\u00fccksspiel und psychische Gesundheit<span class=\"ez-toc-section-end\"><\/span><\/h2>\n<p>Wir wissen um den bedeutenden Zusammenhang zwischen Gl\u00fccksspiel und psychischer Gesundheit. Aus diesem Grund sind wir bestrebt, eine positive und gesunde Einstellung unter unseren Nutzern zu f\u00f6rdern. Unser Ziel ist es, eine Umgebung zu schaffen, in der die Spieler live casino verantwortungsvoll spielen k\u00f6nnen, ohne ihr geistiges Wohlbefinden zu gef\u00e4hrden.<\/p>\n<h2><span class=\"ez-toc-section\" id=\"Effective_Strategies_for_Responsible_Gambling\"><\/span>Wirksame Strategien f\u00fcr verantwortungsvolles Gl\u00fccksspiel<span class=\"ez-toc-section-end\"><\/span><\/h2>\n<p>Um verantwortungsbewusstes Gl\u00fccksspiel zu f\u00f6rdern, setzen wir uns f\u00fcr die Umsetzung wirksamer Strategien ein, die es den Spielern erm\u00f6glichen, die Kontrolle \u00fcber ihre Wettaktivit\u00e4ten zu behalten. Hier sind einige wichtige Praktiken, die wir f\u00f6rdern:<\/p>\n<p>Sich an ein bestimmtes Budget halten: Legen Sie ein Budget f\u00fcr live casino-Spiele fest und halten Sie es ein. Setzen Sie nur einen Betrag, mit dem Sie sich wohlf\u00fchlen, und achten Sie darauf, dass er Ihre finanzielle Stabilit\u00e4t nicht beeintr\u00e4chtigt.<\/p>\n<p>Regelm\u00e4\u00dfige Pausen vom Gl\u00fccksspiel: Legen Sie Pausen vom live casino-Gl\u00fccksspiel ein, um sicherzustellen, dass es eine unterhaltsame Aktivit\u00e4t bleibt und nicht zu viel Zeit oder Energie verbraucht.<\/p>\n<p>Widerstehen Sie dem Drang, Verlusten nachzujagen: Akzeptieren Sie, dass Verluste zum Gl\u00fccksspiel dazugeh\u00f6ren, und vermeiden Sie es, den Verlusten nachzujagen, indem Sie Ihre Eins\u00e4tze erh\u00f6hen. Treten Sie stattdessen einen Schritt zur\u00fcck und \u00fcberdenken Sie Ihren Ansatz.<\/p>\n<p>Rechtzeitig Hilfe suchen: Wenn Sie den Verdacht haben, dass Sie oder jemand, den Sie kennen, mit Gl\u00fccksspielsucht zu k\u00e4mpfen hat, suchen Sie umgehend Hilfe. Fr\u00fchzeitiges Eingreifen ist der Schl\u00fcssel zu einer wirksamen Behandlung des Problems.<\/p>\n<h2><span class=\"ez-toc-section\" id=\"Tools_and_Resources_for_Responsible_Gambling\"><\/span>Tools und Ressourcen f\u00fcr verantwortungsbewusstes Gl\u00fccksspiel<span class=\"ez-toc-section-end\"><\/span><\/h2>\n<p>Wir stellen eine Reihe von Instrumenten und Ressourcen zur Verf\u00fcgung, um eine verantwortungsvolle Spielpraxis zu unterst\u00fctzen:<\/p>\n<p>National und lokale Helplines: Greifen Sie auf Beratungsstellen zu, die sich der Unterst\u00fctzung von Personen widmen, die von problematischem Gl\u00fccksspiel betroffen sind. Hilfe ist nur einen Telefonanruf entfernt.<\/p>\n<p>Selbstausschluss-Programme: Nutzen Sie die M\u00f6glichkeiten des Selbstausschlusses, die es Ihnen erm\u00f6glichen, eine Pause vom live casino-Gl\u00fccksspiel einzulegen, wenn Sie dies f\u00fcr notwendig erachten. Diese Programme erm\u00f6glichen es dem Einzelnen, die Kontrolle \u00fcber seine Wettaktivit\u00e4ten wiederzuerlangen.<\/p>\n<p>Gl\u00fccksspiel-Therapie-Programme: Wir unterst\u00fctzen und f\u00f6rdern Gl\u00fccksspiel-Therapieprogramme, die Menschen in Not helfen sollen. Diese Programme bieten professionelle Beratung und Unterst\u00fctzung f\u00fcr Personen, die mit gl\u00fccksspielbezogenen Problemen zu k\u00e4mpfen haben.<\/p>\n<h2><span class=\"ez-toc-section\" id=\"The_Role_of_Online_Gaming_Operators_in_Responsible_Gambling\"><\/span>Die Rolle von Online-Gl\u00fccksspielanbietern beim verantwortungsvollen Gl\u00fccksspiel<span class=\"ez-toc-section-end\"><\/span><\/h2>\n<p>Als Online-Gl\u00fccksspielanbieter sind wir uns unserer Verantwortung bewusst, ein sicheres und verantwortungsvolles Spielumfeld zu gew\u00e4hrleisten. Hier erfahren Sie, wie wir den Spielerschutz aufrechterhalten:<\/p>\n<p>Strenge Branchenvorschriften und Standards: Wir halten uns an strenge Branchenvorschriften und -standards, um Fair Play, Spielersicherheit und verantwortungsvolle Spielpraktiken zu gew\u00e4hrleisten. Diese Ma\u00dfnahmen dienen dem Schutz unserer Nutzer und der Aufrechterhaltung der Integrit\u00e4t unserer Plattform.<\/p>\n<p>Soziale Verantwortung des Unternehmens: Wir nehmen unsere soziale Verantwortung als Unternehmen ernst. Wir arbeiten aktiv mit Organisationen und Initiativen zusammen, die verantwortungsvolles Gl\u00fccksspiel f\u00f6rdern und von Spielsucht Betroffene unterst\u00fctzen.<\/p>\n<h2><span class=\"ez-toc-section\" id=\"Preventative_Measures_for_Player_Protection\"><\/span>Vorbeugende Ma\u00dfnahmen zum Schutz der Spieler<span class=\"ez-toc-section-end\"><\/span><\/h2>\n<p>Wir setzen pr\u00e4ventive Ma\u00dfnahmen zum Schutz unserer Spieler ein, darunter robuste Verfahren zur Altersverifizierung, sichere Transaktionen und strenge Datenschutzprotokolle. Diese Ma\u00dfnahmen dienen dazu, eine sichere und verantwortungsvolle Wettumgebung f\u00fcr alle zu schaffen.<\/p>\n<p>Bei Live Casino Finder glauben wir, dass verantwortungsvolles Spielen der Schl\u00fcssel zu unvergesslichen live casino-Erlebnissen ist. Schlie\u00dfen Sie sich uns noch heute an und begeben Sie sich auf eine aufregende und verantwortungsvolle Gl\u00fccksspielreise.<\/p>","protected":false},"excerpt":{"rendered":"<p>Willkommen bei Live Casino Finder, wo wir verantwortungsvolles Spielen als Eckpfeiler unserer Plattform betrachten. Wir setzen uns f\u00fcr einen verantwortungsvollen Umgang mit Gl\u00fccksspielen ein und schaffen eine sichere und angenehme Umgebung f\u00fcr unsere Nutzer. Mit einem tiefen Verst\u00e4ndnis f\u00fcr die Feinheiten des Gl\u00fccksspiels Risiken und die m\u00f6glichen Auswirkungen auf die psychische Gesundheit, bem\u00fchen wir uns, zu erm\u00e4chtigen [...]<\/p>","protected":false},"author":1,"featured_media":0,"parent":0,"menu_order":0,"comment_status":"closed","ping_status":"closed","template":"page-no-sidebar.php","meta":{"_lmt_disableupdate":"no","_lmt_disable":"no","footnotes":""},"class_list":["post-2111","page","type-page","status-publish","hentry"],"yoast_head":"<!-- This site is optimized with the Yoast SEO plugin v26.4 - https:\/\/yoast.com\/wordpress\/plugins\/seo\/ -->\n<title>Responsible Gaming Guidelines<\/title>\n<meta name=\"description\" content=\"Learn about responsible gaming practices with Live Casino Finder to help you enjoy live casinos safely and make informed decisions while playing.\" \/>\n<meta name=\"robots\" content=\"index, follow, max-snippet:-1, max-image-preview:large, max-video-preview:-1\" \/>\n<link rel=\"canonical\" href=\"https:\/\/livecasinofinder.com\/wp-json\/wp\/v2\/pages\/2111\/\" \/>\n<meta property=\"og:locale\" content=\"de_DE\" \/>\n<meta property=\"og:type\" content=\"article\" \/>\n<meta property=\"og:title\" content=\"Responsible Gaming Guidelines\" \/>\n<meta property=\"og:description\" content=\"Learn about responsible gaming practices with Live Casino Finder to help you enjoy live casinos safely and make informed decisions while playing.\" \/>\n<meta property=\"og:url\" content=\"https:\/\/livecasinofinder.com\/de\/responsible-gaming\/\" \/>\n<meta property=\"og:site_name\" content=\"livecasinofinder.com\" \/>\n<meta property=\"article:modified_time\" content=\"2025-06-03T11:11:12+00:00\" \/>\n<meta property=\"og:image\" content=\"https:\/\/livecasinofinder.com\/wp-content\/uploads\/2023\/03\/lucasoilraceway-logo-1.png\" \/>\n\t<meta property=\"og:image:width\" content=\"427\" \/>\n\t<meta property=\"og:image:height\" content=\"145\" \/>\n\t<meta property=\"og:image:type\" content=\"image\/png\" \/>\n<meta name=\"twitter:card\" content=\"summary_large_image\" \/>\n<meta name=\"twitter:label1\" content=\"Gesch\u00e4tzte Lesezeit\" \/>\n\t<meta name=\"twitter:data1\" content=\"4\u00a0Minuten\" \/>\n<!-- \/ Yoast SEO plugin. -->","yoast_head_json":{"title":"Richtlinien f\u00fcr verantwortungsbewusstes Spielen","description":"Informieren Sie sich mit dem Live Casino Finder \u00fcber verantwortungsvolle Spielpraktiken, damit Sie live casinos sicher genie\u00dfen und beim Spielen fundierte Entscheidungen treffen k\u00f6nnen.","robots":{"index":"index","follow":"follow","max-snippet":"max-snippet:-1","max-image-preview":"max-image-preview:large","max-video-preview":"max-video-preview:-1"},"canonical":"https:\/\/livecasinofinder.com\/wp-json\/wp\/v2\/pages\/2111\/","og_locale":"de_DE","og_type":"article","og_title":"Responsible Gaming Guidelines","og_description":"Learn about responsible gaming practices with Live Casino Finder to help you enjoy live casinos safely and make informed decisions while playing.","og_url":"https:\/\/livecasinofinder.com\/de\/responsible-gaming\/","og_site_name":"livecasinofinder.com","article_modified_time":"2025-06-03T11:11:12+00:00","og_image":[{"width":427,"height":145,"url":"https:\/\/livecasinofinder.com\/wp-content\/uploads\/2023\/03\/lucasoilraceway-logo-1.png","type":"image\/png"}],"twitter_card":"summary_large_image","twitter_misc":{"Gesch\u00e4tzte Lesezeit":"4\u00a0Minuten"},"schema":{"@context":"https:\/\/schema.org","@graph":[{"@type":"WebPage","@id":"https:\/\/livecasinofinder.com\/responsible-gaming\/","url":"https:\/\/livecasinofinder.com\/responsible-gaming\/","name":"Richtlinien f\u00fcr verantwortungsbewusstes Spielen","isPartOf":{"@id":"https:\/\/livecasinofinder.com\/ja\/#website"},"datePublished":"2023-06-20T14:33:04+00:00","dateModified":"2025-06-03T11:11:12+00:00","description":"Informieren Sie sich mit dem Live Casino Finder \u00fcber verantwortungsvolle Spielpraktiken, damit Sie live casinos sicher genie\u00dfen und beim Spielen fundierte Entscheidungen treffen k\u00f6nnen.","breadcrumb":{"@id":"https:\/\/livecasinofinder.com\/responsible-gaming\/#breadcrumb"},"inLanguage":"de","potentialAction":[{"@type":"ReadAction","target":["https:\/\/livecasinofinder.com\/responsible-gaming\/"]}]},{"@type":"BreadcrumbList","@id":"https:\/\/livecasinofinder.com\/responsible-gaming\/#breadcrumb","itemListElement":[{"@type":"ListItem","position":1,"name":"LiveCasinoFinder.com","item":"https:\/\/livecasinofinder.com\/fr\/"},{"@type":"ListItem","position":2,"name":"Responsible Gaming"}]},{"@type":"WebSite","@id":"https:\/\/livecasinofinder.com\/ja\/#website","url":"https:\/\/livecasinofinder.com\/ja\/","name":"livecasinofinder","description":"","publisher":{"@id":"https:\/\/livecasinofinder.com\/ja\/#organization"},"alternateName":"Lucas oil raceway live casino","potentialAction":[{"@type":"SearchAction","target":{"@type":"EntryPoint","urlTemplate":"https:\/\/livecasinofinder.com\/ja\/?s={search_term_string}"},"query-input":{"@type":"PropertyValueSpecification","valueRequired":true,"valueName":"search_term_string"}}],"inLanguage":"de"},{"@type":"Organization","@id":"https:\/\/livecasinofinder.com\/ja\/#organization","name":"Live Casino Finder","alternateName":"Lucas oil raceway live casino","url":"https:\/\/livecasinofinder.com\/ja\/","logo":{"@type":"ImageObject","inLanguage":"de","@id":"https:\/\/livecasinofinder.com\/ja\/#\/schema\/logo\/image\/","url":"https:\/\/livecasinofinder.com\/wp-content\/uploads\/2023\/04\/livecasinofinder-logo.png","contentUrl":"https:\/\/livecasinofinder.com\/wp-content\/uploads\/2023\/04\/livecasinofinder-logo.png","width":1600,"height":453,"caption":"Live Casino Finder"},"image":{"@id":"https:\/\/livecasinofinder.com\/ja\/#\/schema\/logo\/image\/"}}]}},"_links":{"self":[{"href":"https:\/\/livecasinofinder.com\/de\/wp-json\/wp\/v2\/pages\/2111","targetHints":{"allow":["GET"]}}],"collection":[{"href":"https:\/\/livecasinofinder.com\/de\/wp-json\/wp\/v2\/pages"}],"about":[{"href":"https:\/\/livecasinofinder.com\/de\/wp-json\/wp\/v2\/types\/page"}],"author":[{"embeddable":true,"href":"https:\/\/livecasinofinder.com\/de\/wp-json\/wp\/v2\/users\/1"}],"replies":[{"embeddable":true,"href":"https:\/\/livecasinofinder.com\/de\/wp-json\/wp\/v2\/comments?post=2111"}],"version-history":[{"count":0,"href":"https:\/\/livecasinofinder.com\/de\/wp-json\/wp\/v2\/pages\/2111\/revisions"}],"wp:attachment":[{"href":"https:\/\/livecasinofinder.com\/de\/wp-json\/wp\/v2\/media?parent=2111"}],"curies":[{"name":"wp","href":"https:\/\/api.w.org\/{rel}","templated":true}]}}