{"id":2109,"date":"2023-06-20T14:37:04","date_gmt":"2023-06-20T14:37:04","guid":{"rendered":"https:\/\/livecasinofinder.com\/?page_id=2109"},"modified":"2023-06-20T14:37:04","modified_gmt":"2023-06-20T14:37:04","slug":"privacy-policy","status":"publish","type":"page","link":"https:\/\/livecasinofinder.com\/de\/privacy-policy\/","title":{"rendered":"Datenschutzbestimmungen"},"content":{"rendered":"<p>Unter <a href=\"\/de\/\">LiveCasinoFinder.com<\/a>Wir wissen, wie wichtig es ist, Ihre Privatsph\u00e4re zu sch\u00fctzen und die Vertraulichkeit Ihrer pers\u00f6nlichen Daten zu wahren. Diese Datenschutzrichtlinie beschreibt unser unerm\u00fcdliches Engagement f\u00fcr den Datenschutz und gew\u00e4hrleistet eine sichere und angenehme Erfahrung auf unserer Plattform.<\/p>\n<div id=\"ez-toc-container\" class=\"ez-toc-v2_0_63 counter-hierarchy ez-toc-counter ez-toc-grey ez-toc-container-direction\">\n<label for=\"ez-toc-cssicon-toggle-item-69e119855b3f9\" class=\"ez-toc-cssicon-toggle-label\"><span class=\"ez-toc-cssicon\"><span class=\"eztoc-hide\" style=\"display:none;\">Umschalten auf<\/span><span class=\"ez-toc-icon-toggle-span\"><svg style=\"fill: #999;color:#999\" xmlns=\"http:\/\/www.w3.org\/2000\/svg\" class=\"list-377408\" width=\"20px\" height=\"20px\" viewbox=\"0 0 24 24\" fill=\"none\"><path d=\"M6 6H4v2h2V6zm14 0H8v2h12V6zM4 11h2v2H4v-2zm16 0H8v2h12v-2zM4 16h2v2H4v-2zm16 0H8v2h12v-2z\" fill=\"currentColor\"><\/path><\/svg><svg style=\"fill: #999;color:#999\" class=\"arrow-unsorted-368013\" xmlns=\"http:\/\/www.w3.org\/2000\/svg\" width=\"10px\" height=\"10px\" viewbox=\"0 0 24 24\" version=\"1.2\" baseprofile=\"tiny\"><path d=\"M18.2 9.3l-6.2-6.3-6.2 6.3c-.2.2-.3.4-.3.7s.1.5.3.7c.2.2.4.3.7.3h11c.3 0 .5-.1.7-.3.2-.2.3-.5.3-.7s-.1-.5-.3-.7zM5.8 14.7l6.2 6.3 6.2-6.3c.2-.2.3-.5.3-.7s-.1-.5-.3-.7c-.2-.2-.4-.3-.7-.3h-11c-.3 0-.5.1-.7.3-.2.2-.3.5-.3.7s.1.5.3.7z\"\/><\/svg><\/span><\/span><\/label><input type=\"checkbox\"  id=\"ez-toc-cssicon-toggle-item-69e119855b3f9\" checked aria-label=\"Umschalten auf\" \/><nav><ul class='ez-toc-list ez-toc-list-level-1' ><li class='ez-toc-page-1 ez-toc-heading-level-2'><a class=\"ez-toc-link ez-toc-heading-1\" href=\"https:\/\/livecasinofinder.com\/de\/privacy-policy\/#Our_Pledge_to_Safeguard_Your_Privacy\" title=\"Unser Versprechen, Ihre Privatsph\u00e4re zu sch\u00fctzen\">Unser Versprechen, Ihre Privatsph\u00e4re zu sch\u00fctzen<\/a><\/li><li class='ez-toc-page-1 ez-toc-heading-level-2'><a class=\"ez-toc-link ez-toc-heading-2\" href=\"https:\/\/livecasinofinder.com\/de\/privacy-policy\/#Data_Collection_Our_Practices\" title=\"Datenerhebung: Unsere Praktiken\">Datenerhebung: Unsere Praktiken<\/a><\/li><li class='ez-toc-page-1 ez-toc-heading-level-2'><a class=\"ez-toc-link ez-toc-heading-3\" href=\"https:\/\/livecasinofinder.com\/de\/privacy-policy\/#The_Use_of_Your_Information\" title=\"Die Verwendung Ihrer Informationen\">Die Verwendung Ihrer Informationen<\/a><\/li><li class='ez-toc-page-1 ez-toc-heading-level-2'><a class=\"ez-toc-link ez-toc-heading-4\" href=\"https:\/\/livecasinofinder.com\/de\/privacy-policy\/#Information_Disclosure_and_Sharing\" title=\"Offenlegung und Weitergabe von Informationen\">Offenlegung und Weitergabe von Informationen<\/a><\/li><li class='ez-toc-page-1 ez-toc-heading-level-2'><a class=\"ez-toc-link ez-toc-heading-5\" href=\"https:\/\/livecasinofinder.com\/de\/privacy-policy\/#Our_Security_Measures\" title=\"Unsere Sicherheitsma\u00dfnahmen\">Unsere Sicherheitsma\u00dfnahmen<\/a><\/li><li class='ez-toc-page-1 ez-toc-heading-level-2'><a class=\"ez-toc-link ez-toc-heading-6\" href=\"https:\/\/livecasinofinder.com\/de\/privacy-policy\/#The_Role_of_Cookies\" title=\"Die Rolle von Cookies\">Die Rolle von Cookies<\/a><\/li><li class='ez-toc-page-1 ez-toc-heading-level-2'><a class=\"ez-toc-link ez-toc-heading-7\" href=\"https:\/\/livecasinofinder.com\/de\/privacy-policy\/#Third-Party_Links\" title=\"Links von Drittanbietern\">Links von Drittanbietern<\/a><\/li><li class='ez-toc-page-1 ez-toc-heading-level-2'><a class=\"ez-toc-link ez-toc-heading-8\" href=\"https:\/\/livecasinofinder.com\/de\/privacy-policy\/#Policy_on_Childrens_Privacy\" title=\"Politik zum Schutz der Privatsph\u00e4re von Kindern\">Politik zum Schutz der Privatsph\u00e4re von Kindern<\/a><\/li><li class='ez-toc-page-1 ez-toc-heading-level-2'><a class=\"ez-toc-link ez-toc-heading-9\" href=\"https:\/\/livecasinofinder.com\/de\/privacy-policy\/#Changes_to_This_Privacy_Policy\" title=\"\u00c4nderungen an dieser Datenschutzrichtlinie\">\u00c4nderungen an dieser Datenschutzrichtlinie<\/a><\/li><li class='ez-toc-page-1 ez-toc-heading-level-2'><a class=\"ez-toc-link ez-toc-heading-10\" href=\"https:\/\/livecasinofinder.com\/de\/privacy-policy\/#Your_Rights_to_Your_Personal_Information\" title=\"Ihre Rechte in Bezug auf Ihre pers\u00f6nlichen Daten\">Ihre Rechte in Bezug auf Ihre pers\u00f6nlichen Daten<\/a><\/li><li class='ez-toc-page-1 ez-toc-heading-level-2'><a class=\"ez-toc-link ez-toc-heading-11\" href=\"https:\/\/livecasinofinder.com\/de\/privacy-policy\/#Retention_of_Data\" title=\"Aufbewahrung von Daten\">Aufbewahrung von Daten<\/a><\/li><li class='ez-toc-page-1 ez-toc-heading-level-2'><a class=\"ez-toc-link ez-toc-heading-12\" href=\"https:\/\/livecasinofinder.com\/de\/privacy-policy\/#International_Data_Transfers\" title=\"Internationale Daten\u00fcbertragungen\">Internationale Daten\u00fcbertragungen<\/a><\/li><\/ul><\/nav><\/div>\n\n<h2><span class=\"ez-toc-section\" id=\"Our_Pledge_to_Safeguard_Your_Privacy\"><\/span>Unser Versprechen, Ihre Privatsph\u00e4re zu sch\u00fctzen<span class=\"ez-toc-section-end\"><\/span><\/h2>\n<p>Wir sch\u00e4tzen Ihre Privatsph\u00e4re und legen Wert auf den Schutz Ihrer pers\u00f6nlichen Daten. Wir haben strenge Datenschutzpraktiken eingef\u00fchrt und halten die geltenden Datenschutzgesetze ein, um sicherzustellen, dass Ihre Daten sicher und vertraulich bleiben.<\/p>\n<h2><span class=\"ez-toc-section\" id=\"Data_Collection_Our_Practices\"><\/span>Datenerhebung: Unsere Praktiken<span class=\"ez-toc-section-end\"><\/span><\/h2>\n<p>Um Ihnen ein nahtloses und personalisiertes Erlebnis zu bieten, k\u00f6nnen wir bestimmte Informationen von Ihnen erfassen. Diese Informationen k\u00f6nnen Ihren Namen, Ihre Kontaktdaten und Ihr Surfverhalten auf unserer Plattform umfassen. Seien Sie versichert, dass wir nur die notwendigen Daten sammeln, um Ihr Erlebnis zu verbessern und unsere Dienstleistungen zu optimieren.<\/p>\n<h2><span class=\"ez-toc-section\" id=\"The_Use_of_Your_Information\"><\/span>Die Verwendung Ihrer Informationen<span class=\"ez-toc-section-end\"><\/span><\/h2>\n<p>Die Informationen, die wir von Ihnen sammeln, werden f\u00fcr verschiedene Zwecke verwendet, einschlie\u00dflich, aber nicht beschr\u00e4nkt auf:<\/p>\n<ol>\n<li>Personalisierung Ihrer Erfahrung auf LiveCasinoFinder.com<\/li>\n<li>Effiziente Bearbeitung Ihrer Anfragen und Transaktionen<\/li>\n<li>\u00dcbermittlung wichtiger Aktualisierungen und Werbeaktionen<\/li>\n<li>Datenanalyse zur Verbesserung unserer Dienstleistungen und zur Anpassung an Ihre Pr\u00e4ferenzen<\/li>\n<\/ol>\n<h2><span class=\"ez-toc-section\" id=\"Information_Disclosure_and_Sharing\"><\/span>Offenlegung und Weitergabe von Informationen<span class=\"ez-toc-section-end\"><\/span><\/h2>\n<p>LiveCasinoFinder.com respektiert die Vertraulichkeit Ihrer Daten. Wir verkaufen Ihre pers\u00f6nlichen Daten nicht, tauschen sie nicht aus und geben sie nicht an Dritte weiter, es sei denn, dies ist f\u00fcr die Erbringung unserer Dienstleistungen erforderlich oder gesetzlich vorgeschrieben. Wir k\u00f6nnen Ihre Daten mit vertrauensw\u00fcrdigen Partnern, wie z.B. Zahlungsabwicklern, ausschlie\u00dflich zum Zweck der Bereitstellung unserer Dienstleistungen f\u00fcr Sie weitergeben.<\/p>\n<h2><span class=\"ez-toc-section\" id=\"Our_Security_Measures\"><\/span>Unsere Sicherheitsma\u00dfnahmen<span class=\"ez-toc-section-end\"><\/span><\/h2>\n<p>Wir haben robuste Sicherheitsma\u00dfnahmen eingef\u00fchrt, um Ihre pers\u00f6nlichen Daten vor unbefugtem Zugriff, Offenlegung, \u00c4nderung oder Zerst\u00f6rung zu sch\u00fctzen. Unsere fortschrittlichen Sicherheitssysteme, Verschl\u00fcsselungsprotokolle und strengen Zugangskontrollen gew\u00e4hrleisten den gr\u00f6\u00dftm\u00f6glichen Schutz Ihrer Daten. Wir \u00fcberpr\u00fcfen und aktualisieren unsere Sicherheitsma\u00dfnahmen regelm\u00e4\u00dfig, um stay vor neuen Bedrohungen zu sch\u00fctzen und eine sichere Umgebung f\u00fcr unsere Nutzer zu gew\u00e4hrleisten.<\/p>\n<h2><span class=\"ez-toc-section\" id=\"The_Role_of_Cookies\"><\/span>Die Rolle von Cookies<span class=\"ez-toc-section-end\"><\/span><\/h2>\n<p>LiveCasinoFinder.com verwendet Cookies, um Ihr Surferlebnis auf unserer Plattform zu verbessern. Cookies sind kleine Textdateien, die auf Ihrem Ger\u00e4t gespeichert werden und es uns erm\u00f6glichen, Sie wiederzuerkennen und Ihre Erfahrungen auf der Grundlage Ihrer Pr\u00e4ferenzen anzupassen. Sie haben die M\u00f6glichkeit, Ihre Cookie-Pr\u00e4ferenzen \u00fcber Ihre Browser-Einstellungen zu verwalten. Bitte beachten Sie jedoch, dass die Deaktivierung von Cookies bestimmte Funktionen auf unserer Website einschr\u00e4nken kann.<\/p>\n<h2><span class=\"ez-toc-section\" id=\"Third-Party_Links\"><\/span>Links von Drittanbietern<span class=\"ez-toc-section-end\"><\/span><\/h2>\n<p>Unsere Plattform kann Links zu Websites oder Diensten Dritter enthalten. Wir m\u00f6chten Sie darauf hinweisen, dass diese Websites ihre eigenen Datenschutzrichtlinien haben, die von unseren abweichen k\u00f6nnen. Wir empfehlen Ihnen, die Datenschutzpraktiken von Websites Dritter, die Sie \u00fcber unsere Plattform besuchen, zu \u00fcberpr\u00fcfen, da wir keine Kontrolle \u00fcber deren Datenerfassung oder -nutzung haben.<\/p>\n<h2><span class=\"ez-toc-section\" id=\"Policy_on_Childrens_Privacy\"><\/span>Politik zum Schutz der Privatsph\u00e4re von Kindern<span class=\"ez-toc-section-end\"><\/span><\/h2>\n<p>LiveCasinoFinder.com ist f\u00fcr Personen bestimmt, die mindestens 18 Jahre alt sind oder das gesetzliche Mindestalter f\u00fcr Online-Gl\u00fccksspiele in ihrem Land erreicht haben. Wir sammeln oder speichern nicht wissentlich pers\u00f6nliche Daten von Personen, die das gesetzliche Mindestalter noch nicht erreicht haben. Sollten wir Kenntnis von solchen Informationen erhalten, l\u00f6schen wir diese umgehend aus unseren Aufzeichnungen.<\/p>\n<h2><span class=\"ez-toc-section\" id=\"Changes_to_This_Privacy_Policy\"><\/span>\u00c4nderungen an dieser Datenschutzrichtlinie<span class=\"ez-toc-section-end\"><\/span><\/h2>\n<p>Wir k\u00f6nnen unsere Datenschutzrichtlinie von Zeit zu Zeit aktualisieren, um \u00c4nderungen an unseren Praktiken, rechtlichen Anforderungen oder Dienstleistungen zu ber\u00fccksichtigen. Alle \u00c4nderungen an dieser Richtlinie werden Ihnen durch auff\u00e4llige Benachrichtigungen auf unserer Plattform mitgeteilt. Wir empfehlen Ihnen, unsere Datenschutzrichtlinie regelm\u00e4\u00dfig zu lesen, um stay dar\u00fcber zu informieren, wie wir Ihre Daten sch\u00fctzen.<\/p>\n<h2><span class=\"ez-toc-section\" id=\"Your_Rights_to_Your_Personal_Information\"><\/span>Ihre Rechte in Bezug auf Ihre pers\u00f6nlichen Daten<span class=\"ez-toc-section-end\"><\/span><\/h2>\n<p>Als Benutzer von LiveCasinoFinder.com haben Sie bestimmte Rechte in Bezug auf Ihre pers\u00f6nlichen Daten. Diese Rechte k\u00f6nnen umfassen:<\/p>\n<ol>\n<li>Zugang zu den pers\u00f6nlichen Daten, die wir \u00fcber Sie gespeichert haben<\/li>\n<li>Die M\u00f6glichkeit, Ihre Informationen zu korrigieren oder zu aktualisieren<\/li>\n<li>Das Recht, unter bestimmten Umst\u00e4nden die L\u00f6schung Ihrer personenbezogenen Daten zu verlangen<\/li>\n<li>Recht auf Einschr\u00e4nkung oder Widerspruch gegen die Verarbeitung Ihrer Daten<\/li>\n<li>Das Recht auf Daten\u00fcbertragbarkeit, das es Ihnen erm\u00f6glicht, eine Kopie Ihrer Daten in einem strukturierten, allgemein verwendeten und maschinenlesbaren Format zu erhalten<\/li>\n<\/ol>\n<p>Wenn Sie Ihre Rechte wahrnehmen oder Fragen zum Datenschutz kl\u00e4ren m\u00f6chten, wenden Sie sich bitte an unser engagiertes Support-Team. Wir helfen Ihnen gerne und schnell.<\/p>\n<h2><span class=\"ez-toc-section\" id=\"Retention_of_Data\"><\/span>Aufbewahrung von Daten<span class=\"ez-toc-section-end\"><\/span><\/h2>\n<p>Wir bewahren Ihre personenbezogenen Daten nur so lange auf, wie es f\u00fcr die Erf\u00fcllung der in dieser Datenschutzrichtlinie genannten Zwecke erforderlich ist oder wie es gesetzlich vorgeschrieben ist. Sobald Ihre Daten nicht mehr ben\u00f6tigt werden, werden wir sie in \u00dcbereinstimmung mit unserer Datenaufbewahrungspraxis sicher entsorgen.<\/p>\n<h2><span class=\"ez-toc-section\" id=\"International_Data_Transfers\"><\/span>Internationale Daten\u00fcbertragungen<span class=\"ez-toc-section-end\"><\/span><\/h2>\n<p>Als globale Plattform kann LiveCasinoFinder.com Ihre pers\u00f6nlichen Daten an verschiedene Standorte weltweit \u00fcbertragen und verarbeiten. Wir stellen sicher, dass angemessene Sicherheitsvorkehrungen getroffen werden, um Ihre Daten bei internationalen \u00dcbertragungen zu sch\u00fctzen und die geltenden Datenschutzgesetze einzuhalten.<\/p>\n<p>Bei LiveCasinoFinder.com haben wir uns verpflichtet, eine sichere, transparente und angenehme Spielumgebung zu bieten und gleichzeitig Ihre Privatsph\u00e4re zu sch\u00fctzen. Ihr Vertrauen und Ihre Zufriedenheit sind unsere oberste Priorit\u00e4t.<\/p>","protected":false},"excerpt":{"rendered":"<p>Wir bei LiveCasinoFinder.com wissen, wie wichtig es ist, Ihre Privatsph\u00e4re zu sch\u00fctzen und die Vertraulichkeit Ihrer pers\u00f6nlichen Daten zu wahren. Diese Datenschutzrichtlinien umrei\u00dfen unser Engagement f\u00fcr den Datenschutz und gew\u00e4hrleisten eine sichere und angenehme Erfahrung auf unserer Plattform. Unser Versprechen, Ihre Privatsph\u00e4re zu sch\u00fctzen Wir sch\u00e4tzen Ihre Privatsph\u00e4re und r\u00e4umen dem Schutz Ihrer pers\u00f6nlichen Daten h\u00f6chste Priorit\u00e4t ein. [...]<\/p>","protected":false},"author":1,"featured_media":0,"parent":0,"menu_order":0,"comment_status":"closed","ping_status":"closed","template":"page-no-sidebar.php","meta":{"_lmt_disableupdate":"no","_lmt_disable":"no","footnotes":""},"class_list":["post-2109","page","type-page","status-publish","hentry"],"yoast_head":"<!-- This site is optimized with the Yoast SEO plugin v26.4 - https:\/\/yoast.com\/wordpress\/plugins\/seo\/ -->\n<title>Protecting Your Privacy | LiveCasinoFinder.com Privacy Policy<\/title>\n<meta name=\"description\" content=\"At LiveCasinoFinder.com, we prioritize the protection of your data. Our Privacy Policy outlines our commitment to safeguarding your personal information.\" \/>\n<meta name=\"robots\" content=\"index, follow, max-snippet:-1, max-image-preview:large, max-video-preview:-1\" \/>\n<link rel=\"canonical\" href=\"https:\/\/livecasinofinder.com\/wp-json\/wp\/v2\/pages\/2109\/\" \/>\n<meta property=\"og:locale\" content=\"de_DE\" \/>\n<meta property=\"og:type\" content=\"article\" \/>\n<meta property=\"og:title\" content=\"Protecting Your Privacy | LiveCasinoFinder.com Privacy Policy\" \/>\n<meta property=\"og:description\" content=\"At LiveCasinoFinder.com, we prioritize the protection of your data. Our Privacy Policy outlines our commitment to safeguarding your personal information.\" \/>\n<meta property=\"og:url\" content=\"https:\/\/livecasinofinder.com\/de\/privacy-policy\/\" \/>\n<meta property=\"og:site_name\" content=\"livecasinofinder.com\" \/>\n<meta property=\"og:image\" content=\"https:\/\/livecasinofinder.com\/wp-content\/uploads\/2023\/03\/lucasoilraceway-logo-1.png\" \/>\n\t<meta property=\"og:image:width\" content=\"427\" \/>\n\t<meta property=\"og:image:height\" content=\"145\" \/>\n\t<meta property=\"og:image:type\" content=\"image\/png\" \/>\n<meta name=\"twitter:card\" content=\"summary_large_image\" \/>\n<meta name=\"twitter:label1\" content=\"Gesch\u00e4tzte Lesezeit\" \/>\n\t<meta name=\"twitter:data1\" content=\"4\u00a0Minuten\" \/>\n<!-- \/ Yoast SEO plugin. -->","yoast_head_json":{"title":"Schutz Ihrer Privatsph\u00e4re | LiveCasinoFinder.com Datenschutzrichtlinie","description":"Bei LiveCasinoFinder.com steht der Schutz Ihrer Daten an erster Stelle. Unsere Datenschutzrichtlinie beschreibt unser Engagement f\u00fcr den Schutz Ihrer pers\u00f6nlichen Daten.","robots":{"index":"index","follow":"follow","max-snippet":"max-snippet:-1","max-image-preview":"max-image-preview:large","max-video-preview":"max-video-preview:-1"},"canonical":"https:\/\/livecasinofinder.com\/wp-json\/wp\/v2\/pages\/2109\/","og_locale":"de_DE","og_type":"article","og_title":"Protecting Your Privacy | LiveCasinoFinder.com Privacy Policy","og_description":"At LiveCasinoFinder.com, we prioritize the protection of your data. Our Privacy Policy outlines our commitment to safeguarding your personal information.","og_url":"https:\/\/livecasinofinder.com\/de\/privacy-policy\/","og_site_name":"livecasinofinder.com","og_image":[{"width":427,"height":145,"url":"https:\/\/livecasinofinder.com\/wp-content\/uploads\/2023\/03\/lucasoilraceway-logo-1.png","type":"image\/png"}],"twitter_card":"summary_large_image","twitter_misc":{"Gesch\u00e4tzte Lesezeit":"4\u00a0Minuten"},"schema":{"@context":"https:\/\/schema.org","@graph":[{"@type":"WebPage","@id":"https:\/\/livecasinofinder.com\/privacy-policy\/","url":"https:\/\/livecasinofinder.com\/privacy-policy\/","name":"Schutz Ihrer Privatsph\u00e4re | LiveCasinoFinder.com Datenschutzrichtlinie","isPartOf":{"@id":"https:\/\/livecasinofinder.com\/ja\/#website"},"datePublished":"2023-06-20T14:37:04+00:00","description":"Bei LiveCasinoFinder.com steht der Schutz Ihrer Daten an erster Stelle. Unsere Datenschutzrichtlinie beschreibt unser Engagement f\u00fcr den Schutz Ihrer pers\u00f6nlichen Daten.","breadcrumb":{"@id":"https:\/\/livecasinofinder.com\/privacy-policy\/#breadcrumb"},"inLanguage":"de","potentialAction":[{"@type":"ReadAction","target":["https:\/\/livecasinofinder.com\/privacy-policy\/"]}]},{"@type":"BreadcrumbList","@id":"https:\/\/livecasinofinder.com\/privacy-policy\/#breadcrumb","itemListElement":[{"@type":"ListItem","position":1,"name":"LiveCasinoFinder.com","item":"https:\/\/livecasinofinder.com\/fr\/"},{"@type":"ListItem","position":2,"name":"Privacy Policy"}]},{"@type":"WebSite","@id":"https:\/\/livecasinofinder.com\/ja\/#website","url":"https:\/\/livecasinofinder.com\/ja\/","name":"livecasinofinder","description":"","publisher":{"@id":"https:\/\/livecasinofinder.com\/ja\/#organization"},"alternateName":"Lucas oil raceway live casino","potentialAction":[{"@type":"SearchAction","target":{"@type":"EntryPoint","urlTemplate":"https:\/\/livecasinofinder.com\/ja\/?s={search_term_string}"},"query-input":{"@type":"PropertyValueSpecification","valueRequired":true,"valueName":"search_term_string"}}],"inLanguage":"de"},{"@type":"Organization","@id":"https:\/\/livecasinofinder.com\/ja\/#organization","name":"Live Casino Finder","alternateName":"Lucas oil raceway live casino","url":"https:\/\/livecasinofinder.com\/ja\/","logo":{"@type":"ImageObject","inLanguage":"de","@id":"https:\/\/livecasinofinder.com\/ja\/#\/schema\/logo\/image\/","url":"https:\/\/livecasinofinder.com\/wp-content\/uploads\/2023\/04\/livecasinofinder-logo.png","contentUrl":"https:\/\/livecasinofinder.com\/wp-content\/uploads\/2023\/04\/livecasinofinder-logo.png","width":1600,"height":453,"caption":"Live Casino Finder"},"image":{"@id":"https:\/\/livecasinofinder.com\/ja\/#\/schema\/logo\/image\/"}}]}},"_links":{"self":[{"href":"https:\/\/livecasinofinder.com\/de\/wp-json\/wp\/v2\/pages\/2109","targetHints":{"allow":["GET"]}}],"collection":[{"href":"https:\/\/livecasinofinder.com\/de\/wp-json\/wp\/v2\/pages"}],"about":[{"href":"https:\/\/livecasinofinder.com\/de\/wp-json\/wp\/v2\/types\/page"}],"author":[{"embeddable":true,"href":"https:\/\/livecasinofinder.com\/de\/wp-json\/wp\/v2\/users\/1"}],"replies":[{"embeddable":true,"href":"https:\/\/livecasinofinder.com\/de\/wp-json\/wp\/v2\/comments?post=2109"}],"version-history":[{"count":0,"href":"https:\/\/livecasinofinder.com\/de\/wp-json\/wp\/v2\/pages\/2109\/revisions"}],"wp:attachment":[{"href":"https:\/\/livecasinofinder.com\/de\/wp-json\/wp\/v2\/media?parent=2109"}],"curies":[{"name":"wp","href":"https:\/\/api.w.org\/{rel}","templated":true}]}}