{"id":2107,"date":"2023-06-20T14:36:44","date_gmt":"2023-06-20T14:36:44","guid":{"rendered":"https:\/\/livecasinofinder.com\/?page_id=2107"},"modified":"2025-06-03T11:09:24","modified_gmt":"2025-06-03T11:09:24","slug":"disclaimer","status":"publish","type":"page","link":"https:\/\/livecasinofinder.com\/de\/disclaimer\/","title":{"rendered":"Haftungsausschluss"},"content":{"rendered":"<p>LiveCasinoFinder.com ist die Quintessenz f\u00fcr alle Gl\u00fccksspielbegeisterten da drau\u00dfen!\u00a0<em>Haben Sie schon einmal \u00fcberlegt, welches live casino Sie ausprobieren sollen?<\/em>\u00a0Unsere Website fungiert als Leuchtturm, der Sie durch die geheimnisvolle Welt der Live-Online-Casinos f\u00fchrt. LiveCasinoFinder.com hilft Ihnen bei der Suche nach dem <a href=\"\/de\/live-casinos\/\">beste live casinos<\/a>, vergleichen Sie die Funktionen, und sichern Sie sich sogar einige super-Boni.<\/p>\n<div id=\"ez-toc-container\" class=\"ez-toc-v2_0_63 counter-hierarchy ez-toc-counter ez-toc-grey ez-toc-container-direction\">\n<label for=\"ez-toc-cssicon-toggle-item-69de4d4bf0ede\" class=\"ez-toc-cssicon-toggle-label\"><span class=\"ez-toc-cssicon\"><span class=\"eztoc-hide\" style=\"display:none;\">Umschalten auf<\/span><span class=\"ez-toc-icon-toggle-span\"><svg style=\"fill: #999;color:#999\" xmlns=\"http:\/\/www.w3.org\/2000\/svg\" class=\"list-377408\" width=\"20px\" height=\"20px\" viewbox=\"0 0 24 24\" fill=\"none\"><path d=\"M6 6H4v2h2V6zm14 0H8v2h12V6zM4 11h2v2H4v-2zm16 0H8v2h12v-2zM4 16h2v2H4v-2zm16 0H8v2h12v-2z\" fill=\"currentColor\"><\/path><\/svg><svg style=\"fill: #999;color:#999\" class=\"arrow-unsorted-368013\" xmlns=\"http:\/\/www.w3.org\/2000\/svg\" width=\"10px\" height=\"10px\" viewbox=\"0 0 24 24\" version=\"1.2\" baseprofile=\"tiny\"><path d=\"M18.2 9.3l-6.2-6.3-6.2 6.3c-.2.2-.3.4-.3.7s.1.5.3.7c.2.2.4.3.7.3h11c.3 0 .5-.1.7-.3.2-.2.3-.5.3-.7s-.1-.5-.3-.7zM5.8 14.7l6.2 6.3 6.2-6.3c.2-.2.3-.5.3-.7s-.1-.5-.3-.7c-.2-.2-.4-.3-.7-.3h-11c-.3 0-.5.1-.7.3-.2.2-.3.5-.3.7s.1.5.3.7z\"\/><\/svg><\/span><\/span><\/label><input type=\"checkbox\"  id=\"ez-toc-cssicon-toggle-item-69de4d4bf0ede\" checked aria-label=\"Umschalten auf\" \/><nav><ul class='ez-toc-list ez-toc-list-level-1' ><li class='ez-toc-page-1 ez-toc-heading-level-2'><a class=\"ez-toc-link ez-toc-heading-1\" href=\"https:\/\/livecasinofinder.com\/de\/disclaimer\/#Objective_of_LiveCasinoFindercom\" title=\"Zielsetzung von LiveCasinoFinder.com\">Zielsetzung von LiveCasinoFinder.com<\/a><\/li><li class='ez-toc-page-1 ez-toc-heading-level-2'><a class=\"ez-toc-link ez-toc-heading-2\" href=\"https:\/\/livecasinofinder.com\/de\/disclaimer\/#Limitations_and_Liability\" title=\"Beschr\u00e4nkungen und Haftung\">Beschr\u00e4nkungen und Haftung<\/a><ul class='ez-toc-list-level-3' ><li class='ez-toc-heading-level-3'><a class=\"ez-toc-link ez-toc-heading-3\" href=\"https:\/\/livecasinofinder.com\/de\/disclaimer\/#Validity_of_Information\" title=\"G\u00fcltigkeit der Informationen\">G\u00fcltigkeit der Informationen<\/a><\/li><li class='ez-toc-page-1 ez-toc-heading-level-3'><a class=\"ez-toc-link ez-toc-heading-4\" href=\"https:\/\/livecasinofinder.com\/de\/disclaimer\/#User_Responsibilities\" title=\"Verantwortlichkeiten der Benutzer\">Verantwortlichkeiten der Benutzer<\/a><ul class='ez-toc-list-level-4' ><li class='ez-toc-heading-level-4'><a class=\"ez-toc-link ez-toc-heading-5\" href=\"https:\/\/livecasinofinder.com\/de\/disclaimer\/#Age_Restrictions\" title=\"Altersbeschr\u00e4nkungen\">Altersbeschr\u00e4nkungen<\/a><\/li><li class='ez-toc-page-1 ez-toc-heading-level-4'><a class=\"ez-toc-link ez-toc-heading-6\" href=\"https:\/\/livecasinofinder.com\/de\/disclaimer\/#Responsible_Gambling\" title=\"Verantwortungsvolles Gl\u00fccksspiel\">Verantwortungsvolles Gl\u00fccksspiel<\/a><\/li><\/ul><\/li><\/ul><\/li><li class='ez-toc-page-1 ez-toc-heading-level-2'><a class=\"ez-toc-link ez-toc-heading-7\" href=\"https:\/\/livecasinofinder.com\/de\/disclaimer\/#Third-Party_Content_and_Links\" title=\"Inhalte und Links von Drittanbietern\">Inhalte und Links von Drittanbietern<\/a><ul class='ez-toc-list-level-3' ><li class='ez-toc-heading-level-3'><a class=\"ez-toc-link ez-toc-heading-8\" href=\"https:\/\/livecasinofinder.com\/de\/disclaimer\/#External_Links\" title=\"Externe Links\">Externe Links<\/a><\/li><li class='ez-toc-page-1 ez-toc-heading-level-3'><a class=\"ez-toc-link ez-toc-heading-9\" href=\"https:\/\/livecasinofinder.com\/de\/disclaimer\/#Affiliations_and_Partnerships\" title=\"Mitgliedschaften und Partnerschaften\">Mitgliedschaften und Partnerschaften<\/a><\/li><\/ul><\/li><li class='ez-toc-page-1 ez-toc-heading-level-2'><a class=\"ez-toc-link ez-toc-heading-10\" href=\"https:\/\/livecasinofinder.com\/de\/disclaimer\/#Intellectual_Property\" title=\"Geistiges Eigentum\">Geistiges Eigentum<\/a><ul class='ez-toc-list-level-3' ><li class='ez-toc-heading-level-3'><a class=\"ez-toc-link ez-toc-heading-11\" href=\"https:\/\/livecasinofinder.com\/de\/disclaimer\/#Copyrights\" title=\"Urheberrechte\">Urheberrechte<\/a><\/li><li class='ez-toc-page-1 ez-toc-heading-level-3'><a class=\"ez-toc-link ez-toc-heading-12\" href=\"https:\/\/livecasinofinder.com\/de\/disclaimer\/#Use_of_Content\" title=\"Verwendung von Inhalten\">Verwendung von Inhalten<\/a><\/li><li class='ez-toc-page-1 ez-toc-heading-level-3'><a class=\"ez-toc-link ez-toc-heading-13\" href=\"https:\/\/livecasinofinder.com\/de\/disclaimer\/#Indemnification\" title=\"Entsch\u00e4digung\">Entsch\u00e4digung<\/a><\/li><\/ul><\/li><li class='ez-toc-page-1 ez-toc-heading-level-2'><a class=\"ez-toc-link ez-toc-heading-14\" href=\"https:\/\/livecasinofinder.com\/de\/disclaimer\/#Governing_Law_and_Jurisdiction\" title=\"Geltendes Recht und Gerichtsstand\">Geltendes Recht und Gerichtsstand<\/a><\/li><li class='ez-toc-page-1 ez-toc-heading-level-2'><a class=\"ez-toc-link ez-toc-heading-15\" href=\"https:\/\/livecasinofinder.com\/de\/disclaimer\/#Updates_to_Disclaimer\" title=\"Aktualisierungen des Haftungsausschlusses\">Aktualisierungen des Haftungsausschlusses<\/a><\/li><li class='ez-toc-page-1 ez-toc-heading-level-2'><a class=\"ez-toc-link ez-toc-heading-16\" href=\"https:\/\/livecasinofinder.com\/de\/disclaimer\/#Contact_Information\" title=\"Kontaktinformationen\">Kontaktinformationen<\/a><\/li><li class='ez-toc-page-1 ez-toc-heading-level-2'><a class=\"ez-toc-link ez-toc-heading-17\" href=\"https:\/\/livecasinofinder.com\/de\/disclaimer\/#Conclusion\" title=\"Beste seri\u00f6s online casinos 2024 - Schlussfolgerung\">Beste seri\u00f6s online casinos 2024 - Schlussfolgerung<\/a><\/li><\/ul><\/nav><\/div>\n\n<h2><span class=\"ez-toc-section\" id=\"Objective_of_LiveCasinoFindercom\"><\/span>Zielsetzung von LiveCasinoFinder.com<span class=\"ez-toc-section-end\"><\/span><\/h2>\n<p>LiveCasinoFinder.com hat ein Ziel:\u00a0<em>damit Ihre Online-Gl\u00fccksspielreise reibungsloser verl\u00e4uft als ein Straight Flush<\/em>. Wir versorgen Sie mit zuverl\u00e4ssigen Informationen, Expertenwissen und erstklassigen Strategien. Denken Sie jedoch daran, dass wir der Gandalf f\u00fcr Ihren Frodo sind; die letzte Aufgabe m\u00fcssen Sie selbst l\u00f6sen.<\/p>\n<h2><span class=\"ez-toc-section\" id=\"Limitations_and_Liability\"><\/span>Beschr\u00e4nkungen und Haftung<span class=\"ez-toc-section-end\"><\/span><\/h2>\n<p>Wie bei einem waghalsigen Piratenabenteuer erfolgt Ihre Reise hierher auf eigene Gefahr. Wir haften nicht f\u00fcr etwaige Verluste oder Sch\u00e4den. Unsere Schatzkarten sind Wegweiser, das Risiko liegt bei Ihnen.<\/p>\n<h3><span class=\"ez-toc-section\" id=\"Validity_of_Information\"><\/span>G\u00fcltigkeit der Informationen<span class=\"ez-toc-section-end\"><\/span><\/h3>\n<p>Wir haben uns mit Leib und Seele bem\u00fcht, Ihnen die genauesten und aktuellsten Informationen zur Verf\u00fcgung zu stellen. Aber genau wie beim Poker \u00e4ndern sich die Dinge manchmal unvorhersehbar. Daher k\u00f6nnen wir nicht garantieren, dass alles, was Sie hier finden, immer taufrisch ist.<\/p>\n<h3><span class=\"ez-toc-section\" id=\"User_Responsibilities\"><\/span>Verantwortlichkeiten der Benutzer<span class=\"ez-toc-section-end\"><\/span><\/h3>\n<h4><span class=\"ez-toc-section\" id=\"Age_Restrictions\"><\/span>Altersbeschr\u00e4nkungen<span class=\"ez-toc-section-end\"><\/span><\/h4>\n<p>Sind Sie alt genug, um die W\u00fcrfel zu rollen? Bevor Sie die aufregende Welt von LiveCasinoFinder.com betreten, sollten Sie sich vergewissern, dass Sie das gesetzliche Mindestalter f\u00fcr Gl\u00fccksspiele erreicht haben. Wenn Sie es nicht sind, ist es an der Zeit, von hier zu verschwinden!<\/p>\n<h4><span class=\"ez-toc-section\" id=\"Responsible_Gambling\"><\/span>Verantwortungsvolles Gl\u00fccksspiel<span class=\"ez-toc-section-end\"><\/span><\/h4>\n<p>Gl\u00fccksspiel sollte wie der Genuss eines guten Weins sein - verantwortungsbewusst. Denken Sie immer daran, Ihren Verstand zu behalten und nie mehr zu spielen, als Sie sich leisten k\u00f6nnen zu verlieren. Betrachten Sie es als einen netten Spieleabend; Sie sind hier, um Spa\u00df zu haben, nicht um Ihre Ersparnisse zu verspielen!<\/p>\n<h2><span class=\"ez-toc-section\" id=\"Third-Party_Content_and_Links\"><\/span>Inhalte und Links von Drittanbietern<span class=\"ez-toc-section-end\"><\/span><\/h2>\n<h3><span class=\"ez-toc-section\" id=\"External_Links\"><\/span>Externe Links<span class=\"ez-toc-section-end\"><\/span><\/h3>\n<p><em>Haben Sie Lust, neue Welten zu erkunden?<\/em>\u00a0Wir bieten Links zu Websites Dritter an. Aber sei vorsichtig, junger Entdecker. Wir sind nicht verantwortlich f\u00fcr Drachen oder Inhalte, auf die du dort sto\u00dfen k\u00f6nntest.<\/p>\n<h3><span class=\"ez-toc-section\" id=\"Affiliations_and_Partnerships\"><\/span>Mitgliedschaften und Partnerschaften<span class=\"ez-toc-section-end\"><\/span><\/h3>\n<p>Wir sind stolz darauf, mit einigen der K\u00f6nige der Branche zusammenzuarbeiten. Dennoch bleibt unsere Integrit\u00e4t unangetastet und unsere Meinung unangetastet. Partnerschaften beherrschen uns nicht, wir beherrschen sie!<\/p>\n<h2><span class=\"ez-toc-section\" id=\"Intellectual_Property\"><\/span>Geistiges Eigentum<span class=\"ez-toc-section-end\"><\/span><\/h2>\n<h3><span class=\"ez-toc-section\" id=\"Copyrights\"><\/span>Urheberrechte<span class=\"ez-toc-section-end\"><\/span><\/h3>\n<p>Unsere Inhalte sind so einzigartig wie ein Einhorn, und sie sind unter dem verzauberten Schild des Urheberrechts gesch\u00fctzt. Respektiert das Reich, wildert nicht in unseren Inhalten!<\/p>\n<h3><span class=\"ez-toc-section\" id=\"Use_of_Content\"><\/span>Verwendung von Inhalten<span class=\"ez-toc-section-end\"><\/span><\/h3>\n<p>Sie k\u00f6nnen unsere Inhalte gerne verwenden, aber denken Sie daran, die magische Quelle LiveCasinoFinder.com anzugeben.\u00a0<em>W\u00fcrden Sie einem Zauberer, der Ihnen eine Schatzkarte \u00fcberreicht, nicht auch Anerkennung zollen?<\/em><\/p>\n<h3><span class=\"ez-toc-section\" id=\"Indemnification\"><\/span>Entsch\u00e4digung<span class=\"ez-toc-section-end\"><\/span><\/h3>\n<p>Wenn Ihre Handlungen zu rechtlichen Problemen f\u00fchren, ist das so, als w\u00fcrden Sie allein \u00fcber die Planke gehen; wir werden den Sturz nicht mittragen. Sie stellen uns von allen Anspr\u00fcchen frei, die sich aus der Nutzung unserer Schatzkarten ergeben.<\/p>\n<h2><span class=\"ez-toc-section\" id=\"Governing_Law_and_Jurisdiction\"><\/span>Geltendes Recht und Gerichtsstand<span class=\"ez-toc-section-end\"><\/span><\/h2>\n<p>Die Gesetze, die das Land von LiveCasinoFinder.com regeln, sind streng und verbindlich. Alle Streitigkeiten werden unter dem wachsamen Auge der Rechtsadler in \u00dcbereinstimmung mit den Gesetzen des Landes gel\u00f6st.<\/p>\n<h2><span class=\"ez-toc-section\" id=\"Updates_to_Disclaimer\"><\/span>Aktualisierungen des Haftungsausschlusses<span class=\"ez-toc-section-end\"><\/span><\/h2>\n<p>Wir k\u00f6nnen diesen Haftungsausschluss aktualisieren wie ein Schiff, das seinen Kurs \u00e4ndert. Halten Sie Ihr Fernglas auf diese Seite gerichtet, um stay informiert.<\/p>\n<h2><span class=\"ez-toc-section\" id=\"Contact_Information\"><\/span>Kontaktinformationen<span class=\"ez-toc-section-end\"><\/span><\/h2>\n<p>Wenn Sie uns erreichen wollen, schicken Sie uns eine Flaschenpost oder kontaktieren Sie uns \u00fcber unsere Website. Wir sch\u00e4tzen Feedback wie ein Pirat Gold sch\u00e4tzt!<\/p>\n<h2><span class=\"ez-toc-section\" id=\"Conclusion\"><\/span>Beste seri\u00f6s online casinos 2024 - Schlussfolgerung<span class=\"ez-toc-section-end\"><\/span><\/h2>\n<p>So, liebe Mitabenteurer, damit ist der offizielle Haftungsausschluss f\u00fcr LiveCasinoFinder.com abgeschlossen. Denken Sie daran, dass mit gro\u00dfer Macht (oder Informationen, in diesem Fall) auch gro\u00dfe Verantwortung einhergeht. Verwenden Sie die Schatzkarten mit Bedacht, und m\u00f6ge Ihre Suche reichhaltig sein!<\/p>","protected":false},"excerpt":{"rendered":"<p>LiveCasinoFinder.com ist die Quintessenz des Leitfadens f\u00fcr alle Gl\u00fccksspielbegeisterten da drau\u00dfen! Waren Sie jemals in einem R\u00e4tsel, welches live casino Sie ausprobieren sollten? Unsere Website ist wie ein Leuchtturm, der Sie durch die geheimnisvolle Welt der Live-Online-Casinos f\u00fchrt. LiveCasinoFinder.com hilft Ihnen, die besten live casinos zu finden, Funktionen zu vergleichen und sogar einige super-s\u00fc\u00dfe Boni zu ergattern. Ziel von [...]<\/p>","protected":false},"author":1,"featured_media":0,"parent":0,"menu_order":0,"comment_status":"closed","ping_status":"closed","template":"page-no-sidebar.php","meta":{"_lmt_disableupdate":"no","_lmt_disable":"no","footnotes":""},"class_list":["post-2107","page","type-page","status-publish","hentry"],"yoast_head":"<!-- This site is optimized with the Yoast SEO plugin v26.4 - https:\/\/yoast.com\/wordpress\/plugins\/seo\/ -->\n<title>Disclaimer and Important Information<\/title>\n<meta name=\"description\" content=\"Read Live Casino Finder\u2019s disclaimer to understand our policies and ensure a clear and transparent experience when using our live casino guides and reviews.\" \/>\n<meta name=\"robots\" content=\"index, follow, max-snippet:-1, max-image-preview:large, max-video-preview:-1\" \/>\n<link rel=\"canonical\" href=\"https:\/\/livecasinofinder.com\/wp-json\/wp\/v2\/pages\/2107\/\" \/>\n<meta property=\"og:locale\" content=\"de_DE\" \/>\n<meta property=\"og:type\" content=\"article\" \/>\n<meta property=\"og:title\" content=\"Disclaimer and Important Information\" \/>\n<meta property=\"og:description\" content=\"Read Live Casino Finder\u2019s disclaimer to understand our policies and ensure a clear and transparent experience when using our live casino guides and reviews.\" \/>\n<meta property=\"og:url\" content=\"https:\/\/livecasinofinder.com\/de\/disclaimer\/\" \/>\n<meta property=\"og:site_name\" content=\"livecasinofinder.com\" \/>\n<meta property=\"article:modified_time\" content=\"2025-06-03T11:09:24+00:00\" \/>\n<meta property=\"og:image\" content=\"https:\/\/livecasinofinder.com\/wp-content\/uploads\/2023\/03\/lucasoilraceway-logo-1.png\" \/>\n\t<meta property=\"og:image:width\" content=\"427\" \/>\n\t<meta property=\"og:image:height\" content=\"145\" \/>\n\t<meta property=\"og:image:type\" content=\"image\/png\" \/>\n<meta name=\"twitter:card\" content=\"summary_large_image\" \/>\n<meta name=\"twitter:label1\" content=\"Gesch\u00e4tzte Lesezeit\" \/>\n\t<meta name=\"twitter:data1\" content=\"3\u00a0Minuten\" \/>\n<!-- \/ Yoast SEO plugin. -->","yoast_head_json":{"title":"Disclaimer and Important Information","description":"Read Live Casino Finder\u2019s disclaimer to understand our policies and ensure a clear and transparent experience when using our live casino guides and reviews.","robots":{"index":"index","follow":"follow","max-snippet":"max-snippet:-1","max-image-preview":"max-image-preview:large","max-video-preview":"max-video-preview:-1"},"canonical":"https:\/\/livecasinofinder.com\/wp-json\/wp\/v2\/pages\/2107\/","og_locale":"de_DE","og_type":"article","og_title":"Disclaimer and Important Information","og_description":"Read Live Casino Finder\u2019s disclaimer to understand our policies and ensure a clear and transparent experience when using our live casino guides and reviews.","og_url":"https:\/\/livecasinofinder.com\/de\/disclaimer\/","og_site_name":"livecasinofinder.com","article_modified_time":"2025-06-03T11:09:24+00:00","og_image":[{"width":427,"height":145,"url":"https:\/\/livecasinofinder.com\/wp-content\/uploads\/2023\/03\/lucasoilraceway-logo-1.png","type":"image\/png"}],"twitter_card":"summary_large_image","twitter_misc":{"Gesch\u00e4tzte Lesezeit":"3\u00a0Minuten"},"schema":{"@context":"https:\/\/schema.org","@graph":[{"@type":"WebPage","@id":"https:\/\/livecasinofinder.com\/disclaimer\/","url":"https:\/\/livecasinofinder.com\/disclaimer\/","name":"Disclaimer and Important Information","isPartOf":{"@id":"https:\/\/livecasinofinder.com\/ja\/#website"},"datePublished":"2023-06-20T14:36:44+00:00","dateModified":"2025-06-03T11:09:24+00:00","description":"Read Live Casino Finder\u2019s disclaimer to understand our policies and ensure a clear and transparent experience when using our live casino guides and reviews.","breadcrumb":{"@id":"https:\/\/livecasinofinder.com\/disclaimer\/#breadcrumb"},"inLanguage":"de","potentialAction":[{"@type":"ReadAction","target":["https:\/\/livecasinofinder.com\/disclaimer\/"]}]},{"@type":"BreadcrumbList","@id":"https:\/\/livecasinofinder.com\/disclaimer\/#breadcrumb","itemListElement":[{"@type":"ListItem","position":1,"name":"LiveCasinoFinder.com","item":"https:\/\/livecasinofinder.com\/fr\/"},{"@type":"ListItem","position":2,"name":"Disclaimer"}]},{"@type":"WebSite","@id":"https:\/\/livecasinofinder.com\/ja\/#website","url":"https:\/\/livecasinofinder.com\/ja\/","name":"livecasinofinder","description":"","publisher":{"@id":"https:\/\/livecasinofinder.com\/ja\/#organization"},"alternateName":"Lucas oil raceway live casino","potentialAction":[{"@type":"SearchAction","target":{"@type":"EntryPoint","urlTemplate":"https:\/\/livecasinofinder.com\/ja\/?s={search_term_string}"},"query-input":{"@type":"PropertyValueSpecification","valueRequired":true,"valueName":"search_term_string"}}],"inLanguage":"de"},{"@type":"Organization","@id":"https:\/\/livecasinofinder.com\/ja\/#organization","name":"Live Casino Finder","alternateName":"Lucas oil raceway live casino","url":"https:\/\/livecasinofinder.com\/ja\/","logo":{"@type":"ImageObject","inLanguage":"de","@id":"https:\/\/livecasinofinder.com\/ja\/#\/schema\/logo\/image\/","url":"https:\/\/livecasinofinder.com\/wp-content\/uploads\/2023\/04\/livecasinofinder-logo.png","contentUrl":"https:\/\/livecasinofinder.com\/wp-content\/uploads\/2023\/04\/livecasinofinder-logo.png","width":1600,"height":453,"caption":"Live Casino Finder"},"image":{"@id":"https:\/\/livecasinofinder.com\/ja\/#\/schema\/logo\/image\/"}}]}},"_links":{"self":[{"href":"https:\/\/livecasinofinder.com\/de\/wp-json\/wp\/v2\/pages\/2107","targetHints":{"allow":["GET"]}}],"collection":[{"href":"https:\/\/livecasinofinder.com\/de\/wp-json\/wp\/v2\/pages"}],"about":[{"href":"https:\/\/livecasinofinder.com\/de\/wp-json\/wp\/v2\/types\/page"}],"author":[{"embeddable":true,"href":"https:\/\/livecasinofinder.com\/de\/wp-json\/wp\/v2\/users\/1"}],"replies":[{"embeddable":true,"href":"https:\/\/livecasinofinder.com\/de\/wp-json\/wp\/v2\/comments?post=2107"}],"version-history":[{"count":0,"href":"https:\/\/livecasinofinder.com\/de\/wp-json\/wp\/v2\/pages\/2107\/revisions"}],"wp:attachment":[{"href":"https:\/\/livecasinofinder.com\/de\/wp-json\/wp\/v2\/media?parent=2107"}],"curies":[{"name":"wp","href":"https:\/\/api.w.org\/{rel}","templated":true}]}}