{"id":2105,"date":"2023-06-20T14:36:13","date_gmt":"2023-06-20T14:36:13","guid":{"rendered":"https:\/\/livecasinofinder.com\/?page_id=2105"},"modified":"2025-06-03T11:10:21","modified_gmt":"2025-06-03T11:10:21","slug":"cookie-policy","status":"publish","type":"page","link":"https:\/\/livecasinofinder.com\/de\/cookie-policy\/","title":{"rendered":"Cookie-Richtlinie"},"content":{"rendered":"<p>Willkommen bei <a href=\"\/de\/\">Live Casino Finder<\/a>Ihr ultimatives Ziel f\u00fcr alles, was mit live casino zu tun hat! Wir haben es uns zur Aufgabe gemacht, Ihnen ein packendes und spannendes Online-Gl\u00fccksspiel-Erlebnis zu bieten, wie es kein anderes gibt. W\u00e4hrend wir uns auf diese aufregende Reise zugether begeben, m\u00f6chten wir Sie \u00fcber unsere umfassende Cookie-Richtlinie informieren. Unser Engagement f\u00fcr Transparenz, Datenschutz und ein au\u00dfergew\u00f6hnliches Benutzererlebnis steht bei allem, was wir tun, an erster Stelle.<\/p>\n<div id=\"ez-toc-container\" class=\"ez-toc-v2_0_63 counter-hierarchy ez-toc-counter ez-toc-grey ez-toc-container-direction\">\n<label for=\"ez-toc-cssicon-toggle-item-69e6eff88b79c\" class=\"ez-toc-cssicon-toggle-label\"><span class=\"ez-toc-cssicon\"><span class=\"eztoc-hide\" style=\"display:none;\">Umschalten auf<\/span><span class=\"ez-toc-icon-toggle-span\"><svg style=\"fill: #999;color:#999\" xmlns=\"http:\/\/www.w3.org\/2000\/svg\" class=\"list-377408\" width=\"20px\" height=\"20px\" viewbox=\"0 0 24 24\" fill=\"none\"><path d=\"M6 6H4v2h2V6zm14 0H8v2h12V6zM4 11h2v2H4v-2zm16 0H8v2h12v-2zM4 16h2v2H4v-2zm16 0H8v2h12v-2z\" fill=\"currentColor\"><\/path><\/svg><svg style=\"fill: #999;color:#999\" class=\"arrow-unsorted-368013\" xmlns=\"http:\/\/www.w3.org\/2000\/svg\" width=\"10px\" height=\"10px\" viewbox=\"0 0 24 24\" version=\"1.2\" baseprofile=\"tiny\"><path d=\"M18.2 9.3l-6.2-6.3-6.2 6.3c-.2.2-.3.4-.3.7s.1.5.3.7c.2.2.4.3.7.3h11c.3 0 .5-.1.7-.3.2-.2.3-.5.3-.7s-.1-.5-.3-.7zM5.8 14.7l6.2 6.3 6.2-6.3c.2-.2.3-.5.3-.7s-.1-.5-.3-.7c-.2-.2-.4-.3-.7-.3h-11c-.3 0-.5.1-.7.3-.2.2-.3.5-.3.7s.1.5.3.7z\"\/><\/svg><\/span><\/span><\/label><input type=\"checkbox\"  id=\"ez-toc-cssicon-toggle-item-69e6eff88b79c\" checked aria-label=\"Umschalten auf\" \/><nav><ul class='ez-toc-list ez-toc-list-level-1' ><li class='ez-toc-page-1 ez-toc-heading-level-2'><a class=\"ez-toc-link ez-toc-heading-1\" href=\"https:\/\/livecasinofinder.com\/de\/cookie-policy\/#Live_Casino_Finder_Comprehensive_Cookie_Policy\" title=\"Live Casino Finder Umfassende Cookie-Richtlinie\">Live Casino Finder Umfassende Cookie-Richtlinie<\/a><\/li><li class='ez-toc-page-1 ez-toc-heading-level-2'><a class=\"ez-toc-link ez-toc-heading-2\" href=\"https:\/\/livecasinofinder.com\/de\/cookie-policy\/#Exploring_the_Concept_of_Cookies\" title=\"Erforschung des Konzepts der Cookies\">Erforschung des Konzepts der Cookies<\/a><\/li><li class='ez-toc-page-1 ez-toc-heading-level-2'><a class=\"ez-toc-link ez-toc-heading-3\" href=\"https:\/\/livecasinofinder.com\/de\/cookie-policy\/#Our_Application_of_Cookies\" title=\"Unser Einsatz von Cookies\">Unser Einsatz von Cookies<\/a><\/li><li class='ez-toc-page-1 ez-toc-heading-level-2'><a class=\"ez-toc-link ez-toc-heading-4\" href=\"https:\/\/livecasinofinder.com\/de\/cookie-policy\/#Categories_of_Cookies_We_Use\" title=\"Kategorien der von uns verwendeten Cookies\">Kategorien der von uns verwendeten Cookies<\/a><\/li><li class='ez-toc-page-1 ez-toc-heading-level-2'><a class=\"ez-toc-link ez-toc-heading-5\" href=\"https:\/\/livecasinofinder.com\/de\/cookie-policy\/#Managing_Your_Cookie_Preferences\" title=\"Verwalten Ihrer Cookie-Pr\u00e4ferenzen\">Verwalten Ihrer Cookie-Pr\u00e4ferenzen<\/a><\/li><\/ul><\/nav><\/div>\n\n<h2><span class=\"ez-toc-section\" id=\"Live_Casino_Finder_Comprehensive_Cookie_Policy\"><\/span>Live Casino Finder Umfassende Cookie-Richtlinie<span class=\"ez-toc-section-end\"><\/span><\/h2>\n<p>Bei Live Casino Finder legen wir gro\u00dfen Wert auf Ihre Privatsph\u00e4re und bieten Ihnen ein personalisiertes und nahtloses Surferlebnis. Unsere umfassende Cookie-Richtlinie soll Ihnen Klarheit und Sicherheit geben und sicherstellen, dass Ihre Privatsph\u00e4re gesch\u00fctzt bleibt, w\u00e4hrend Sie die fesselnde Welt der live casino-Spiele erkunden.<\/p>\n<h2><span class=\"ez-toc-section\" id=\"Exploring_the_Concept_of_Cookies\"><\/span>Erforschung des Konzepts der Cookies<span class=\"ez-toc-section-end\"><\/span><\/h2>\n<p>Cookies sind kleine Textdateien, die an Ihr Ger\u00e4t gesendet werden, wenn Sie unsere Website besuchen. Diese digitalen Wunderwerke spielen eine entscheidende Rolle bei der Optimierung Ihrer Zeit bei uns. Indem sie uns erlauben, Sie zu erkennen und zu erinnern, erm\u00f6glichen Cookies eine nahtlose und personalisierte Reise, die auf Ihre Vorlieben zugeschnitten ist. Bei Live Casino Finder machen wir uns die Macht der Cookies zunutze, um Ihre Erfahrung angenehmer, effizienter und interaktiver zu gestalten.<\/p>\n<h2><span class=\"ez-toc-section\" id=\"Our_Application_of_Cookies\"><\/span>Unser Einsatz von Cookies<span class=\"ez-toc-section-end\"><\/span><\/h2>\n<p>Wir setzen Cookies ein, um Ihr live casino-Spielerlebnis auf ein neues Niveau zu heben. Diese leistungsstarken Tools helfen uns dabei, ein individuelles und benutzerorientiertes Erlebnis zu bieten. Durch die Verwendung von Cookies k\u00f6nnen wir uns an Ihre Vorlieben erinnern und so sicherstellen, dass sich jeder Besuch wie eine ma\u00dfgeschneiderte Einladung in eine Welt voller Aufregung anf\u00fchlt. Ob es darum geht, Ihre Spielempfehlungen zu personalisieren, sich an Ihre bevorzugten Einstellungen zu erinnern oder Ihnen exklusive Angebote zu machen, Cookies erm\u00f6glichen es uns, ein unvergessliches Erlebnis f\u00fcr Sie zu schaffen.<\/p>\n<h2><span class=\"ez-toc-section\" id=\"Categories_of_Cookies_We_Use\"><\/span>Kategorien der von uns verwendeten Cookies<span class=\"ez-toc-section-end\"><\/span><\/h2>\n<ol>\n<li>Erforderliche Cookies: Diese Cookies sind f\u00fcr das grundlegende Funktionieren unserer Website unerl\u00e4sslich. Sie erm\u00f6glichen wichtige Funktionen wie sichere Anmeldungen, Kontoverwaltung und nahtlose Transaktionen und sorgen daf\u00fcr, dass Ihr Spielerlebnis reibungslos und ohne Unterbrechungen bleibt.<\/li>\n<li>Leistungs-Cookies: Bei Live Casino Finder sind wir bestrebt, Ihnen das beste live casino-Spielerlebnis zu bieten. Mit Hilfe von Leistungs-Cookies k\u00f6nnen wir Erkenntnisse dar\u00fcber gewinnen, wie Sie auf unserer Website navigieren, und so die Leistung unserer Plattform analysieren und optimieren. Durch die kontinuierliche Verbesserung unserer Dienste stellen wir sicher, dass Ihr Spielerlebnis schnell, zuverl\u00e4ssig und au\u00dfergew\u00f6hnlich ist.<\/li>\n<li>Funktionalit\u00e4t Cookies: Unser Engagement f\u00fcr die Personalisierung spiegelt sich in der Verwendung von Funktions-Cookies wider. Diese Cookies erm\u00f6glichen es uns, Ihre Pr\u00e4ferenzen zu speichern und so eine ma\u00dfgeschneiderte und fesselnde Spielumgebung f\u00fcr Sie zu schaffen. Funktionalit\u00e4ts-Cookies erinnern sich an Ihre Sprachpr\u00e4ferenzen und bieten Ihnen relevante Spieloptionen, um Ihr live casino-Spielabenteuer unvergesslich zu machen.<\/li>\n<\/ol>\n<h2><span class=\"ez-toc-section\" id=\"Managing_Your_Cookie_Preferences\"><\/span>Verwalten Ihrer Cookie-Pr\u00e4ferenzen<span class=\"ez-toc-section-end\"><\/span><\/h2>\n<p>Wir sind der Meinung, dass Sie die Kontrolle \u00fcber Ihre Privatsph\u00e4re und Ihr Surferlebnis haben sollten. Live Casino Finder bietet Ihnen einfache M\u00f6glichkeiten, Ihre Cookie-Einstellungen nach Ihren W\u00fcnschen zu verwalten. Sie k\u00f6nnen Ihre Einstellungen \u00fcber Ihren Browser anpassen und w\u00e4hlen, ob Sie Cookies akzeptieren oder ablehnen m\u00f6chten. Bitte beachten Sie jedoch, dass die Deaktivierung von Cookies bestimmte Merkmale und Funktionen unserer Website einschr\u00e4nken kann. Wir bem\u00fchen uns um ein perfektes Gleichgewicht zwischen Personalisierung und Datenschutz, um sicherzustellen, dass Ihre Reise mit Live Casino Finder sicher, nahtlos und auf Ihre W\u00fcnsche zugeschnitten ist.<\/p>\n<p>Zusammenfassend zeigt die umfassende Cookie-Richtlinie von Live Casino Finder unser unersch\u00fctterliches Engagement f\u00fcr Transparenz, Datenschutz und die Bereitstellung eines au\u00dfergew\u00f6hnlichen live casino-Spielerlebnisses. Mit der Macht der Cookies wollen wir eine personalisierte und eindringliche Reise schaffen, die auf Ihre Vorlieben zugeschnitten ist. Erforschen Sie mit uns die fesselnde Welt des live casino-Gl\u00fccksspiels und seien Sie sicher, dass Ihre Privatsph\u00e4re respektiert wird, Ihre Erfahrung optimiert wird und Ihre Zufriedenheit unsere h\u00f6chste Priorit\u00e4t ist. Willkommen bei Live Casino Finder, wo der Nervenkitzel des Live-Gl\u00fccksspiels auf Sie wartet!<\/p>","protected":false},"excerpt":{"rendered":"<p>Willkommen bei Live Casino Finder, Ihrem ultimativen Ziel f\u00fcr alles, was mit live casino zu tun hat! Wir haben es uns zur Aufgabe gemacht, Ihnen ein fesselndes und aufregendes Online-Gl\u00fccksspiel-Erlebnis zu bieten, wie es kein anderes gibt. W\u00e4hrend wir uns auf diese aufregende Reise zugether begeben, m\u00f6chten wir Sie \u00fcber unsere umfassende Cookie-Richtlinie aufkl\u00e4ren. Unser Engagement f\u00fcr Transparenz, Datenschutz und [...]<\/p>","protected":false},"author":1,"featured_media":0,"parent":0,"menu_order":0,"comment_status":"closed","ping_status":"closed","template":"page-no-sidebar.php","meta":{"_lmt_disableupdate":"no","_lmt_disable":"no","footnotes":""},"class_list":["post-2105","page","type-page","status-publish","hentry"],"yoast_head":"<!-- This site is optimized with the Yoast SEO plugin v26.4 - https:\/\/yoast.com\/wordpress\/plugins\/seo\/ -->\n<title>Cookie Policy and Data Use<\/title>\n<meta name=\"description\" content=\"Understand how Live Casino Finder uses cookies to improve your experience and provide relevant content while protecting your privacy and data security.\" \/>\n<meta name=\"robots\" content=\"index, follow, max-snippet:-1, max-image-preview:large, max-video-preview:-1\" \/>\n<link rel=\"canonical\" href=\"https:\/\/livecasinofinder.com\/wp-json\/wp\/v2\/pages\/2105\/\" \/>\n<meta property=\"og:locale\" content=\"de_DE\" \/>\n<meta property=\"og:type\" content=\"article\" \/>\n<meta property=\"og:title\" content=\"Cookie Policy and Data Use\" \/>\n<meta property=\"og:description\" content=\"Understand how Live Casino Finder uses cookies to improve your experience and provide relevant content while protecting your privacy and data security.\" \/>\n<meta property=\"og:url\" content=\"https:\/\/livecasinofinder.com\/de\/cookie-policy\/\" \/>\n<meta property=\"og:site_name\" content=\"livecasinofinder.com\" \/>\n<meta property=\"article:modified_time\" content=\"2025-06-03T11:10:21+00:00\" \/>\n<meta property=\"og:image\" content=\"https:\/\/livecasinofinder.com\/wp-content\/uploads\/2023\/03\/lucasoilraceway-logo-1.png\" \/>\n\t<meta property=\"og:image:width\" content=\"427\" \/>\n\t<meta property=\"og:image:height\" content=\"145\" \/>\n\t<meta property=\"og:image:type\" content=\"image\/png\" \/>\n<meta name=\"twitter:card\" content=\"summary_large_image\" \/>\n<meta name=\"twitter:label1\" content=\"Gesch\u00e4tzte Lesezeit\" \/>\n\t<meta name=\"twitter:data1\" content=\"3\u00a0Minuten\" \/>\n<!-- \/ Yoast SEO plugin. -->","yoast_head_json":{"title":"Cookie Policy and Data Use","description":"Understand how Live Casino Finder uses cookies to improve your experience and provide relevant content while protecting your privacy and data security.","robots":{"index":"index","follow":"follow","max-snippet":"max-snippet:-1","max-image-preview":"max-image-preview:large","max-video-preview":"max-video-preview:-1"},"canonical":"https:\/\/livecasinofinder.com\/wp-json\/wp\/v2\/pages\/2105\/","og_locale":"de_DE","og_type":"article","og_title":"Cookie Policy and Data Use","og_description":"Understand how Live Casino Finder uses cookies to improve your experience and provide relevant content while protecting your privacy and data security.","og_url":"https:\/\/livecasinofinder.com\/de\/cookie-policy\/","og_site_name":"livecasinofinder.com","article_modified_time":"2025-06-03T11:10:21+00:00","og_image":[{"width":427,"height":145,"url":"https:\/\/livecasinofinder.com\/wp-content\/uploads\/2023\/03\/lucasoilraceway-logo-1.png","type":"image\/png"}],"twitter_card":"summary_large_image","twitter_misc":{"Gesch\u00e4tzte Lesezeit":"3\u00a0Minuten"},"schema":{"@context":"https:\/\/schema.org","@graph":[{"@type":"WebPage","@id":"https:\/\/livecasinofinder.com\/cookie-policy\/","url":"https:\/\/livecasinofinder.com\/cookie-policy\/","name":"Cookie Policy and Data Use","isPartOf":{"@id":"https:\/\/livecasinofinder.com\/ja\/#website"},"datePublished":"2023-06-20T14:36:13+00:00","dateModified":"2025-06-03T11:10:21+00:00","description":"Understand how Live Casino Finder uses cookies to improve your experience and provide relevant content while protecting your privacy and data security.","breadcrumb":{"@id":"https:\/\/livecasinofinder.com\/cookie-policy\/#breadcrumb"},"inLanguage":"de","potentialAction":[{"@type":"ReadAction","target":["https:\/\/livecasinofinder.com\/cookie-policy\/"]}]},{"@type":"BreadcrumbList","@id":"https:\/\/livecasinofinder.com\/cookie-policy\/#breadcrumb","itemListElement":[{"@type":"ListItem","position":1,"name":"LiveCasinoFinder.com","item":"https:\/\/livecasinofinder.com\/fr\/"},{"@type":"ListItem","position":2,"name":"Cookie Policy"}]},{"@type":"WebSite","@id":"https:\/\/livecasinofinder.com\/ja\/#website","url":"https:\/\/livecasinofinder.com\/ja\/","name":"livecasinofinder","description":"","publisher":{"@id":"https:\/\/livecasinofinder.com\/ja\/#organization"},"alternateName":"Lucas oil raceway live casino","potentialAction":[{"@type":"SearchAction","target":{"@type":"EntryPoint","urlTemplate":"https:\/\/livecasinofinder.com\/ja\/?s={search_term_string}"},"query-input":{"@type":"PropertyValueSpecification","valueRequired":true,"valueName":"search_term_string"}}],"inLanguage":"de"},{"@type":"Organization","@id":"https:\/\/livecasinofinder.com\/ja\/#organization","name":"Live Casino Finder","alternateName":"Lucas oil raceway live casino","url":"https:\/\/livecasinofinder.com\/ja\/","logo":{"@type":"ImageObject","inLanguage":"de","@id":"https:\/\/livecasinofinder.com\/ja\/#\/schema\/logo\/image\/","url":"https:\/\/livecasinofinder.com\/wp-content\/uploads\/2023\/04\/livecasinofinder-logo.png","contentUrl":"https:\/\/livecasinofinder.com\/wp-content\/uploads\/2023\/04\/livecasinofinder-logo.png","width":1600,"height":453,"caption":"Live Casino Finder"},"image":{"@id":"https:\/\/livecasinofinder.com\/ja\/#\/schema\/logo\/image\/"}}]}},"_links":{"self":[{"href":"https:\/\/livecasinofinder.com\/de\/wp-json\/wp\/v2\/pages\/2105","targetHints":{"allow":["GET"]}}],"collection":[{"href":"https:\/\/livecasinofinder.com\/de\/wp-json\/wp\/v2\/pages"}],"about":[{"href":"https:\/\/livecasinofinder.com\/de\/wp-json\/wp\/v2\/types\/page"}],"author":[{"embeddable":true,"href":"https:\/\/livecasinofinder.com\/de\/wp-json\/wp\/v2\/users\/1"}],"replies":[{"embeddable":true,"href":"https:\/\/livecasinofinder.com\/de\/wp-json\/wp\/v2\/comments?post=2105"}],"version-history":[{"count":0,"href":"https:\/\/livecasinofinder.com\/de\/wp-json\/wp\/v2\/pages\/2105\/revisions"}],"wp:attachment":[{"href":"https:\/\/livecasinofinder.com\/de\/wp-json\/wp\/v2\/media?parent=2105"}],"curies":[{"name":"wp","href":"https:\/\/api.w.org\/{rel}","templated":true}]}}