{"id":381,"date":"2023-03-15T17:35:24","date_gmt":"2023-03-15T17:35:24","guid":{"rendered":"https:\/\/livecasinofinder.com\/?page_id=381"},"modified":"2025-06-03T11:06:50","modified_gmt":"2025-06-03T11:06:50","slug":"about-us","status":"publish","type":"page","link":"https:\/\/livecasinofinder.com\/da\/about-us\/","title":{"rendered":"Om os"},"content":{"rendered":"<p>Velkommen til livecasinofinder.com, din p\u00e5lidelige kilde til uvildige og informative live casino anmeldelser. Vores prim\u00e6re mission er at give vores l\u00e6sere n\u00f8jagtige og opdaterede oplysninger om de mest trov\u00e6rdige og p\u00e5lidelige online casinoer, med fokus p\u00e5 at fremme ansvarlig spilpraksis.<\/p>\n<p>Hos livecasinofinder.com er vi dedikeret til at give dig pr\u00e6cise og informative anmeldelser af de bedste live casino'er, der er tilg\u00e6ngelige online. Vores prim\u00e6re mission er at hj\u00e6lpe dig med at tr\u00e6ffe informerede beslutninger om, hvor du kan spille online.<\/p>\n<h2>Vores team<\/h2>\n<p><a href=\"\/da\/recommends\/reg\/\" target=\"_blank\" rel=\"noreferrer noopener nofollow\"><img decoding=\"async\" class=\"wp-image-392 alignright\" src=\"https:\/\/livecasinofinder.com\/wp-content\/uploads\/2023\/03\/team.jpg\" alt=\"Levende casino team.\" width=\"346\" height=\"192\" srcset=\"https:\/\/livecasinofinder.com\/wp-content\/uploads\/2023\/03\/team.jpg 597w, https:\/\/livecasinofinder.com\/wp-content\/uploads\/2023\/03\/team-300x166.jpg 300w, https:\/\/livecasinofinder.com\/wp-content\/uploads\/2023\/03\/team-18x10.jpg 18w, https:\/\/livecasinofinder.com\/wp-content\/uploads\/2023\/03\/team-72x40.jpg 72w, https:\/\/livecasinofinder.com\/wp-content\/uploads\/2023\/03\/team-58x32.jpg 58w, https:\/\/livecasinofinder.com\/wp-content\/uploads\/2023\/03\/team-144x80.jpg 144w, https:\/\/livecasinofinder.com\/wp-content\/uploads\/2023\/03\/team-243x135.jpg 243w\" sizes=\"(max-width: 346px) 100vw, 346px\" \/><\/a><\/p>\n<p>Vores team af erfarne og kyndige anmeldere er dedikeret til at give vores l\u00e6sere den bedst mulige information. Vi tror p\u00e5 vigtigheden af omfattende forskning og analyse og bestr\u00e6ber os p\u00e5 at give \u00e6rlige og upartiske anmeldelser baseret p\u00e5 vores resultater.<\/p>\n<h2>Vores fordele<\/h2>\n<p><a href=\"\/da\/recommends\/reg\/\" target=\"_blank\" rel=\"noreferrer noopener nofollow\"><img decoding=\"async\" class=\"wp-image-384 alignleft\" src=\"https:\/\/livecasinofinder.com\/wp-content\/uploads\/2023\/03\/advantages.jpg\" alt=\"Fordele ved Lucasoilraceway.com.\" width=\"496\" height=\"498\" srcset=\"https:\/\/livecasinofinder.com\/wp-content\/uploads\/2023\/03\/advantages.jpg 463w, https:\/\/livecasinofinder.com\/wp-content\/uploads\/2023\/03\/advantages-300x300.jpg 300w, https:\/\/livecasinofinder.com\/wp-content\/uploads\/2023\/03\/advantages-150x150.jpg 150w, https:\/\/livecasinofinder.com\/wp-content\/uploads\/2023\/03\/advantages-12x12.jpg 12w, https:\/\/livecasinofinder.com\/wp-content\/uploads\/2023\/03\/advantages-40x40.jpg 40w, https:\/\/livecasinofinder.com\/wp-content\/uploads\/2023\/03\/advantages-50x50.jpg 50w, https:\/\/livecasinofinder.com\/wp-content\/uploads\/2023\/03\/advantages-100x100.jpg 100w, https:\/\/livecasinofinder.com\/wp-content\/uploads\/2023\/03\/advantages-120x120.jpg 120w, https:\/\/livecasinofinder.com\/wp-content\/uploads\/2023\/03\/advantages-135x135.jpg 135w, https:\/\/livecasinofinder.com\/wp-content\/uploads\/2023\/03\/advantages-270x270.jpg 270w, https:\/\/livecasinofinder.com\/wp-content\/uploads\/2023\/03\/advantages-32x32.jpg 32w, https:\/\/livecasinofinder.com\/wp-content\/uploads\/2023\/03\/advantages-80x80.jpg 80w, https:\/\/livecasinofinder.com\/wp-content\/uploads\/2023\/03\/advantages-134x135.jpg 134w\" sizes=\"(max-width: 496px) 100vw, 496px\" \/><\/a><\/p>\n<p>En af fordelene ved at v\u00e6lge livecasinofinder.com er vores engagement i ansvarligt spil. Vi er stolte af at fremme sikker og kontrolleret spilpraksis, og vi sigter mod at give vores l\u00e6sere n\u00f8jagtige og opdaterede oplysninger for at hj\u00e6lpe dem med at tr\u00e6ffe informerede beslutninger vedr\u00f8rende online spil.<\/p>\n<p>En anden fordel er vores fokus p\u00e5 informativt indhold. Vores indhold er designet til at v\u00e6re nyttigt og informativt og giver vores l\u00e6sere de oplysninger, de har brug for, n\u00e5r de skal beslutte, hvor de skal spille online. Vi forst\u00e5r, at online gambling kan v\u00e6re b\u00e5de sp\u00e6ndende og overv\u00e6ldende, og vi str\u00e6ber efter at forenkle processen ved at give detaljerede og letforst\u00e5elige anmeldelser.<\/p>\n<p>Som et uafh\u00e6ngigt websted er vi ikke tilknyttet nogen af de online casinoer, vi anmelder, hvilket giver os mulighed for at give uvildige og objektive anmeldelser baseret p\u00e5 omfattende forskning og analyse. Vi er stolte af vores engagement i at fremme ansvarlig spilpraksis og vores fokus p\u00e5 at fremme en sund og forn\u00f8jelig spiloplevelse.<\/p>\n<p>Vi overv\u00e5ger konstant markedet for online casinoer og opdaterer vores anmeldelser i overensstemmelse hermed, s\u00e5 vores l\u00e6sere kan v\u00e6re p\u00e5 forkant med udviklingen og tr\u00e6ffe informerede beslutninger. Vi er forpligtet til at yde den bedst mulige service til vores l\u00e6sere og partnere, og vi modtager gerne feedback og forslag. Hvis du har sp\u00f8rgsm\u00e5l eller kommentarer, s\u00e5 t\u00f8v ikke med at kontakte os.<\/p>\n<h2>Konklusion<\/h2>\n<p>Tak fordi du valgte livecasinofinder.com som din p\u00e5lidelige kilde til live casino anmeldelser. Vi er forpligtet til at yde den bedst mulige service til vores l\u00e6sere og partnere, og vi modtager gerne feedback og forslag. Hvis du har sp\u00f8rgsm\u00e5l eller kommentarer, s\u00e5 t\u00f8v ikke med at kontakte os. Vi ser frem til at hj\u00e6lpe dig med at tr\u00e6ffe informerede beslutninger og have en forn\u00f8jelig og sikker online spiloplevelse.<\/p>","protected":false},"excerpt":{"rendered":"<p>Velkommen til livecasinofinder.com, din p\u00e5lidelige kilde til upartiske og informative live casino anmeldelser. Vores prim\u00e6re mission er at give vores l\u00e6sere n\u00f8jagtige og opdaterede oplysninger om de mest trov\u00e6rdige og p\u00e5lidelige online casinoer med fokus p\u00e5 at fremme ansvarlig spilpraksis. P\u00e5 livecasinofinder.com er vi dedikerede til at give dig n\u00f8jagtige og informative anmeldelser af [...]<\/p>","protected":false},"author":1,"featured_media":0,"parent":0,"menu_order":0,"comment_status":"closed","ping_status":"closed","template":"page-full-width.php","meta":{"_lmt_disableupdate":"no","_lmt_disable":"no","footnotes":""},"class_list":["post-381","page","type-page","status-publish","hentry"],"yoast_head":"<!-- This site is optimized with the Yoast SEO plugin v26.4 - https:\/\/yoast.com\/wordpress\/plugins\/seo\/ -->\n<title>About Us - Live Casino Finder Team and Mission<\/title>\n<meta name=\"description\" content=\"Learn how Live Casino Finder helps you choose the best live casinos with trusted reviews and expert guidance for a confident gaming experience.\" \/>\n<meta name=\"robots\" content=\"index, follow, max-snippet:-1, max-image-preview:large, max-video-preview:-1\" \/>\n<link rel=\"canonical\" href=\"https:\/\/livecasinofinder.com\/wp-json\/wp\/v2\/pages\/381\/\" \/>\n<meta property=\"og:locale\" content=\"da_DK\" \/>\n<meta property=\"og:type\" content=\"article\" \/>\n<meta property=\"og:title\" content=\"About Us - Live Casino Finder Team and Mission\" \/>\n<meta property=\"og:description\" content=\"Learn how Live Casino Finder helps you choose the best live casinos with trusted reviews and expert guidance for a confident gaming experience.\" \/>\n<meta property=\"og:url\" content=\"https:\/\/livecasinofinder.com\/da\/about-us\/\" \/>\n<meta property=\"og:site_name\" content=\"livecasinofinder.com\" \/>\n<meta property=\"article:modified_time\" content=\"2025-06-03T11:06:50+00:00\" \/>\n<meta property=\"og:image\" content=\"https:\/\/livecasinofinder.com\/wp-content\/uploads\/2023\/03\/team.jpg\" \/>\n\t<meta property=\"og:image:width\" content=\"597\" \/>\n\t<meta property=\"og:image:height\" content=\"331\" \/>\n\t<meta property=\"og:image:type\" content=\"image\/jpeg\" \/>\n<meta name=\"twitter:card\" content=\"summary_large_image\" \/>\n<meta name=\"twitter:label1\" content=\"Estimeret l\u00e6setid\" \/>\n\t<meta name=\"twitter:data1\" content=\"3 minutter\" \/>\n<!-- \/ Yoast SEO plugin. -->","yoast_head_json":{"title":"About Us - Live Casino Finder Team and Mission","description":"Learn how Live Casino Finder helps you choose the best live casinos with trusted reviews and expert guidance for a confident gaming experience.","robots":{"index":"index","follow":"follow","max-snippet":"max-snippet:-1","max-image-preview":"max-image-preview:large","max-video-preview":"max-video-preview:-1"},"canonical":"https:\/\/livecasinofinder.com\/wp-json\/wp\/v2\/pages\/381\/","og_locale":"da_DK","og_type":"article","og_title":"About Us - Live Casino Finder Team and Mission","og_description":"Learn how Live Casino Finder helps you choose the best live casinos with trusted reviews and expert guidance for a confident gaming experience.","og_url":"https:\/\/livecasinofinder.com\/da\/about-us\/","og_site_name":"livecasinofinder.com","article_modified_time":"2025-06-03T11:06:50+00:00","og_image":[{"width":597,"height":331,"url":"https:\/\/livecasinofinder.com\/wp-content\/uploads\/2023\/03\/team.jpg","type":"image\/jpeg"}],"twitter_card":"summary_large_image","twitter_misc":{"Estimeret l\u00e6setid":"3 minutter"},"schema":{"@context":"https:\/\/schema.org","@graph":[{"@type":"WebPage","@id":"https:\/\/livecasinofinder.com\/about-us\/","url":"https:\/\/livecasinofinder.com\/about-us\/","name":"About Us - Live Casino Finder Team and Mission","isPartOf":{"@id":"https:\/\/livecasinofinder.com\/ja\/#website"},"primaryImageOfPage":{"@id":"https:\/\/livecasinofinder.com\/about-us\/#primaryimage"},"image":{"@id":"https:\/\/livecasinofinder.com\/about-us\/#primaryimage"},"thumbnailUrl":"https:\/\/livecasinofinder.com\/wp-content\/uploads\/2023\/03\/team.jpg","datePublished":"2023-03-15T17:35:24+00:00","dateModified":"2025-06-03T11:06:50+00:00","description":"Learn how Live Casino Finder helps you choose the best live casinos with trusted reviews and expert guidance for a confident gaming experience.","breadcrumb":{"@id":"https:\/\/livecasinofinder.com\/about-us\/#breadcrumb"},"inLanguage":"da-DK","potentialAction":[{"@type":"ReadAction","target":["https:\/\/livecasinofinder.com\/about-us\/"]}]},{"@type":"ImageObject","inLanguage":"da-DK","@id":"https:\/\/livecasinofinder.com\/about-us\/#primaryimage","url":"https:\/\/livecasinofinder.com\/wp-content\/uploads\/2023\/03\/team.jpg","contentUrl":"https:\/\/livecasinofinder.com\/wp-content\/uploads\/2023\/03\/team.jpg"},{"@type":"BreadcrumbList","@id":"https:\/\/livecasinofinder.com\/about-us\/#breadcrumb","itemListElement":[{"@type":"ListItem","position":1,"name":"LiveCasinoFinder.com","item":"https:\/\/livecasinofinder.com\/fr\/"},{"@type":"ListItem","position":2,"name":"About Us"}]},{"@type":"WebSite","@id":"https:\/\/livecasinofinder.com\/ja\/#website","url":"https:\/\/livecasinofinder.com\/ja\/","name":"livecasinofinder","description":"","publisher":{"@id":"https:\/\/livecasinofinder.com\/ja\/#organization"},"alternateName":"Lucas oil raceway live casino","potentialAction":[{"@type":"SearchAction","target":{"@type":"EntryPoint","urlTemplate":"https:\/\/livecasinofinder.com\/ja\/?s={search_term_string}"},"query-input":{"@type":"PropertyValueSpecification","valueRequired":true,"valueName":"search_term_string"}}],"inLanguage":"da-DK"},{"@type":"Organization","@id":"https:\/\/livecasinofinder.com\/ja\/#organization","name":"Live Casino Finder","alternateName":"Lucas oil raceway live casino","url":"https:\/\/livecasinofinder.com\/ja\/","logo":{"@type":"ImageObject","inLanguage":"da-DK","@id":"https:\/\/livecasinofinder.com\/ja\/#\/schema\/logo\/image\/","url":"https:\/\/livecasinofinder.com\/wp-content\/uploads\/2023\/04\/livecasinofinder-logo.png","contentUrl":"https:\/\/livecasinofinder.com\/wp-content\/uploads\/2023\/04\/livecasinofinder-logo.png","width":1600,"height":453,"caption":"Live Casino Finder"},"image":{"@id":"https:\/\/livecasinofinder.com\/ja\/#\/schema\/logo\/image\/"}}]}},"_links":{"self":[{"href":"https:\/\/livecasinofinder.com\/da\/wp-json\/wp\/v2\/pages\/381","targetHints":{"allow":["GET"]}}],"collection":[{"href":"https:\/\/livecasinofinder.com\/da\/wp-json\/wp\/v2\/pages"}],"about":[{"href":"https:\/\/livecasinofinder.com\/da\/wp-json\/wp\/v2\/types\/page"}],"author":[{"embeddable":true,"href":"https:\/\/livecasinofinder.com\/da\/wp-json\/wp\/v2\/users\/1"}],"replies":[{"embeddable":true,"href":"https:\/\/livecasinofinder.com\/da\/wp-json\/wp\/v2\/comments?post=381"}],"version-history":[{"count":0,"href":"https:\/\/livecasinofinder.com\/da\/wp-json\/wp\/v2\/pages\/381\/revisions"}],"wp:attachment":[{"href":"https:\/\/livecasinofinder.com\/da\/wp-json\/wp\/v2\/media?parent=381"}],"curies":[{"name":"wp","href":"https:\/\/api.w.org\/{rel}","templated":true}]}}