{"id":2115,"date":"2023-06-20T14:24:32","date_gmt":"2023-06-20T14:24:32","guid":{"rendered":"https:\/\/livecasinofinder.com\/?page_id=2115"},"modified":"2025-06-03T11:12:27","modified_gmt":"2025-06-03T11:12:27","slug":"gambling-addiction","status":"publish","type":"page","link":"https:\/\/livecasinofinder.com\/da\/gambling-addiction\/","title":{"rendered":"Afh\u00e6ngighed af spil"},"content":{"rendered":"<p>P\u00e5 <a href=\"\/da\/\">LiveCasinoFinder.com<\/a>Vi prioriterer vores brugeres velbefindende og er forpligtet til at fremme ansvarligt spil. Denne side har til form\u00e5l at give v\u00e6rdifuld information om spilafh\u00e6ngighed, dens tegn og tilg\u00e6ngelig st\u00f8tte. Vores m\u00e5l er at sikre en sikker og forn\u00f8jelig spiloplevelse for alle.<\/p>\n<div id=\"ez-toc-container\" class=\"ez-toc-v2_0_63 counter-hierarchy ez-toc-counter ez-toc-grey ez-toc-container-direction\">\n<label for=\"ez-toc-cssicon-toggle-item-69d7df9b95ea3\" class=\"ez-toc-cssicon-toggle-label\"><span class=\"ez-toc-cssicon\"><span class=\"eztoc-hide\" style=\"display:none;\">Toggle<\/span><span class=\"ez-toc-icon-toggle-span\"><svg style=\"fill: #999;color:#999\" xmlns=\"http:\/\/www.w3.org\/2000\/svg\" class=\"list-377408\" width=\"20px\" height=\"20px\" viewbox=\"0 0 24 24\" fill=\"none\"><path d=\"M6 6H4v2h2V6zm14 0H8v2h12V6zM4 11h2v2H4v-2zm16 0H8v2h12v-2zM4 16h2v2H4v-2zm16 0H8v2h12v-2z\" fill=\"currentColor\"><\/path><\/svg><svg style=\"fill: #999;color:#999\" class=\"arrow-unsorted-368013\" xmlns=\"http:\/\/www.w3.org\/2000\/svg\" width=\"10px\" height=\"10px\" viewbox=\"0 0 24 24\" version=\"1.2\" baseprofile=\"tiny\"><path d=\"M18.2 9.3l-6.2-6.3-6.2 6.3c-.2.2-.3.4-.3.7s.1.5.3.7c.2.2.4.3.7.3h11c.3 0 .5-.1.7-.3.2-.2.3-.5.3-.7s-.1-.5-.3-.7zM5.8 14.7l6.2 6.3 6.2-6.3c.2-.2.3-.5.3-.7s-.1-.5-.3-.7c-.2-.2-.4-.3-.7-.3h-11c-.3 0-.5.1-.7.3-.2.2-.3.5-.3.7s.1.5.3.7z\"\/><\/svg><\/span><\/span><\/label><input type=\"checkbox\"  id=\"ez-toc-cssicon-toggle-item-69d7df9b95ea3\" checked aria-label=\"Toggle\" \/><nav><ul class='ez-toc-list ez-toc-list-level-1' ><li class='ez-toc-page-1 ez-toc-heading-level-2'><a class=\"ez-toc-link ez-toc-heading-1\" href=\"https:\/\/livecasinofinder.com\/da\/gambling-addiction\/#Gambling_Addiction\" title=\"Afh\u00e6ngighed af spil\">Afh\u00e6ngighed af spil<\/a><\/li><li class='ez-toc-page-1 ez-toc-heading-level-2'><a class=\"ez-toc-link ez-toc-heading-2\" href=\"https:\/\/livecasinofinder.com\/da\/gambling-addiction\/#How_to_Understand_That_You_Need_Help_From_Gambling_Addiction\" title=\"Hvordan forst\u00e5r man, at man har brug for hj\u00e6lp mod ludomani?\">Hvordan forst\u00e5r man, at man har brug for hj\u00e6lp mod ludomani?<\/a><\/li><li class='ez-toc-page-1 ez-toc-heading-level-2'><a class=\"ez-toc-link ez-toc-heading-3\" href=\"https:\/\/livecasinofinder.com\/da\/gambling-addiction\/#Gambling_Addiction_Help_Worldwide\" title=\"Hj\u00e6lp til spilafh\u00e6ngighed i hele verden\">Hj\u00e6lp til spilafh\u00e6ngighed i hele verden<\/a><\/li><li class='ez-toc-page-1 ez-toc-heading-level-2'><a class=\"ez-toc-link ez-toc-heading-4\" href=\"https:\/\/livecasinofinder.com\/da\/gambling-addiction\/#Gambling_Addiction_Resources\" title=\"Ressourcer til spilafh\u00e6ngighed\">Ressourcer til spilafh\u00e6ngighed<\/a><ul class='ez-toc-list-level-3' ><li class='ez-toc-heading-level-3'><a class=\"ez-toc-link ez-toc-heading-5\" href=\"https:\/\/livecasinofinder.com\/da\/gambling-addiction\/#National_Problem_Gambling_Helpline_Network\" title=\"National Hj\u00e6lpelinjenetv\u00e6rk for spilleproblemer\">National Hj\u00e6lpelinjenetv\u00e6rk for spilleproblemer<\/a><\/li><li class='ez-toc-page-1 ez-toc-heading-level-3'><a class=\"ez-toc-link ez-toc-heading-6\" href=\"https:\/\/livecasinofinder.com\/da\/gambling-addiction\/#Gamblers_Anonymous\" title=\"Anonyme Gamblere\">Anonyme Gamblere<\/a><\/li><li class='ez-toc-page-1 ez-toc-heading-level-3'><a class=\"ez-toc-link ez-toc-heading-7\" href=\"https:\/\/livecasinofinder.com\/da\/gambling-addiction\/#GamCare\" title=\"GamCare\">GamCare<\/a><\/li><li class='ez-toc-page-1 ez-toc-heading-level-3'><a class=\"ez-toc-link ez-toc-heading-8\" href=\"https:\/\/livecasinofinder.com\/da\/gambling-addiction\/#Substance_Abuse_and_Mental_Health_Services_Administration_SAMHSA\" title=\"Administrationen for stofmisbrug og mental sundhed (SAMHSA)\">Administrationen for stofmisbrug og mental sundhed (SAMHSA)<\/a><\/li><li class='ez-toc-page-1 ez-toc-heading-level-3'><a class=\"ez-toc-link ez-toc-heading-9\" href=\"https:\/\/livecasinofinder.com\/da\/gambling-addiction\/#The_National_Council_on_Problem_Gambling\" title=\"National-r\u00e5det for spilleproblemer\">National-r\u00e5det for spilleproblemer<\/a><\/li><\/ul><\/li><li class='ez-toc-page-1 ez-toc-heading-level-2'><a class=\"ez-toc-link ez-toc-heading-10\" href=\"https:\/\/livecasinofinder.com\/da\/gambling-addiction\/#Conclusion\" title=\"Konklusion\">Konklusion<\/a><\/li><\/ul><\/nav><\/div>\n\n<h2><span class=\"ez-toc-section\" id=\"Gambling_Addiction\"><\/span>Afh\u00e6ngighed af spil<span class=\"ez-toc-section-end\"><\/span><\/h2>\n<p>Ludomani er en alvorlig tilstand, der rammer mennesker over hele verden. Det refererer til den tvangsm\u00e6ssige trang til at spille p\u00e5 trods af negative konsekvenser. At genkende tegnene p\u00e5 ludomani er afg\u00f8rende for at kunne gribe tidligt ind og s\u00f8ge hj\u00e6lp. Her er nogle almindelige indikatorer p\u00e5 ludomani:<\/p>\n<ul>\n<li>Optagethed af spil: T\u00e6nker hele tiden p\u00e5 at spille, planl\u00e6gger den n\u00e6ste session eller t\u00e6nker tilbage p\u00e5 tidligere gevinster eller tab.<\/li>\n<li>Tab af kontrol: Manglende evne til at kontrollere eller stoppe spil, selv n\u00e5r man fors\u00f8ger at g\u00f8re det.<\/li>\n<li>Stigende indsatsbel\u00f8b: Behov for at satse flere penge for at opn\u00e5 det samme niveau af sp\u00e6nding eller tilfredsstillelse.<\/li>\n<li>Fors\u00f8mmelse af ansvar: At prioritere spil over arbejde, familie, forhold og andre vigtige forpligtelser.<\/li>\n<li>Jagten p\u00e5 tab: Spiller konstant i et fors\u00f8g p\u00e5 at genvinde tidligere tab, hvilket f\u00f8rer til dybere \u00f8konomiske problemer.<\/li>\n<li>Tilbagetr\u00e6kning fra sociale aktiviteter: Tilbagetr\u00e6kning fra sociale arrangementer, hobbyer eller andre aktiviteter for at bruge mere tid p\u00e5 at spille.<\/li>\n<li>\u00d8konomiske vanskeligheder: At akkumulere betydelig g\u00e6ld, l\u00e5ne penge eller opleve \u00f8konomisk ustabilitet p\u00e5 grund af tab ved spil.<\/li>\n<li>Hum\u00f8rsvingninger: Oplever ekstreme op- eller nedture baseret p\u00e5 spilresultater, hvilket f\u00f8rer til irritabilitet, angst eller depression.<\/li>\n<li>Hemmeligholdelse og bedrag: At skjule omfanget af spilaktiviteter eller at engagere sig i bedragerisk adf\u00e6rd.<\/li>\n<li>Mislykkede fors\u00f8g p\u00e5 at holde op: Gentagne mislykkede fors\u00f8g p\u00e5 at sk\u00e6re ned p\u00e5 eller holde op med at spille.<\/li>\n<li>Tab af interesse: At miste interessen for tidligere hobbyer eller aktiviteter, der ikke involverer spil.<\/li>\n<li>At flygte gennem spil: At bruge gambling som en m\u00e5de at flygte fra stress, depression eller andre f\u00f8lelsesm\u00e6ssige problemer.<\/li>\n<li>L\u00e5ner eller stj\u00e6ler penge: At l\u00e5ne penge af andre eller engagere sig i ulovlige aktiviteter for at finansiere spillevaner.<\/li>\n<li>Belastning af forhold: Oplever konflikter, anstrengte forhold eller separation p\u00e5 grund af gambling-relaterede problemer.<\/li>\n<li>Fysisk og f\u00f8lelsesm\u00e6ssig lidelse: Oplever fysiske symptomer som s\u00f8vnl\u00f8shed, hovedpine eller angst relateret til gambling.<\/li>\n<\/ul>\n<p>At forst\u00e5, hvorn\u00e5r du eller en, du kender, har brug for hj\u00e6lp til ludomani, er afg\u00f8rende for at komme sig og s\u00f8ge st\u00f8tte.<\/p>\n<h2><span class=\"ez-toc-section\" id=\"How_to_Understand_That_You_Need_Help_From_Gambling_Addiction\"><\/span>Hvordan forst\u00e5r man, at man har brug for hj\u00e6lp mod ludomani?<span class=\"ez-toc-section-end\"><\/span><\/h2>\n<p>At erkende behovet for hj\u00e6lp er det f\u00f8rste skridt mod at overvinde spilafh\u00e6ngighed. Her er nogle indikatorer, der tyder p\u00e5, at du m\u00e5ske har brug for hj\u00e6lp:<\/p>\n<ol>\n<li>Tab af kontrol: Du finder det sv\u00e6rt at kontrollere eller stoppe din spilleadf\u00e6rd, selv n\u00e5r du gerne vil holde op.<\/li>\n<li>Negative konsekvenser: Gambling har resulteret i betydelige \u00f8konomiske, personlige eller f\u00f8lelsesm\u00e6ssige problemer i dit liv.<\/li>\n<li>Mislykkede fors\u00f8g p\u00e5 at holde op: P\u00e5 trods af gentagne fors\u00f8g har du ikke v\u00e6ret i stand til at reducere eller fjerne dine spillevaner.<\/li>\n<li>Symptomer p\u00e5 tilbagetr\u00e6kning: Rastl\u00f8shed, irritabilitet eller hum\u00f8rsvingninger, n\u00e5r man fors\u00f8ger at sk\u00e6re ned eller holde op med at spille.<\/li>\n<li>Optagethed af gambling: Tanker om gambling optager en betydelig del af din tid og p\u00e5virker dine daglige aktiviteter, relationer og generelle velbefindende.<\/li>\n<li>Bedrag og hemmelighedskr\u00e6mmeri: At udvise bedragerisk adf\u00e6rd, s\u00e5som at skjule omfanget af dine spilleaktiviteter for dine n\u00e6rmeste.<\/li>\n<li>Finansiel ustabilitet: At st\u00e5 over for \u00f8konomiske vanskeligheder, akkumulere g\u00e6ld eller ty til desperate foranstaltninger for at finansiere dine spillevaner.<\/li>\n<\/ol>\n<p>Hvis du genkender disse tegn, er det afg\u00f8rende at s\u00f8ge hj\u00e6lp og st\u00f8tte fra fagfolk og st\u00f8ttenetv\u00e6rk, der er specialiseret i behandling af spilafh\u00e6ngighed.<\/p>\n<p>P\u00e5 LiveCasinoFinder.com er vi dedikeret til ansvarligt spil og tilbyder ressourcer til personer, der st\u00e5r over for spilafh\u00e6ngighed. Vi tror p\u00e5 at skabe et sikkert og behageligt spillemilj\u00f8.<\/p>\n<h2><span class=\"ez-toc-section\" id=\"Gambling_Addiction_Help_Worldwide\"><\/span>Hj\u00e6lp til spilafh\u00e6ngighed i hele verden<span class=\"ez-toc-section-end\"><\/span><\/h2>\n<table>\n<tbody>\n<tr>\n<td>GamCare<\/td>\n<td><a href=\"http:\/\/www.gamcare.org.uk\/\">http:\/\/www.gamcare.org.uk\/<\/a><\/td>\n<td>0808 8020 133<\/td>\n<td>Storbritannien<\/td>\n<\/tr>\n<tr>\n<td>Anonyme Gamblere<\/td>\n<td><a href=\"https:\/\/www.gamblersanonymous.org\/ga\/\">www.gamblersanonymous.org\/ga\/<\/a><\/td>\n<td>&#8211;<\/td>\n<td>Storbritannien<\/td>\n<\/tr>\n<tr>\n<td>BeGambleAware<\/td>\n<td><a href=\"https:\/\/www.begambleaware.org\/\">www.begambleaware.org<\/a><\/td>\n<td>0808 8020 133<\/td>\n<td>Storbritannien<\/td>\n<\/tr>\n<tr>\n<td>Gioca-Responsabile<\/td>\n<td><a href=\"https:\/\/www.gioca-responsabile.it\/\">www.gioca-responsabile.it<\/a><\/td>\n<td>800 151 000<\/td>\n<td>Italien<\/td>\n<\/tr>\n<tr>\n<td>Italiensk selskab for intervention af tvangspatienter<\/td>\n<td><a href=\"https:\/\/www.siipac.it\/\">www.siipac.it<\/a><\/td>\n<td>800 031 579<\/td>\n<td>Italien<\/td>\n<\/tr>\n<tr>\n<td>Nationalt gr\u00f8nt nummer TVNGA<\/td>\n<td>dal luned\u00ec al venerd\u00ec dalle ore 10.00 alle ore 16.00<\/td>\n<td>800 558 822<\/td>\n<td>Italien<\/td>\n<\/tr>\n<tr>\n<td>Associazionee Giocatori Anonimi<\/td>\n<td><a href=\"https:\/\/lnx.giocatorianonimi.org\/\">www.giocatorianonimi.org<\/a><\/td>\n<td>338-1271215<\/td>\n<td>Italien<\/td>\n<\/tr>\n<tr>\n<td>Jogadores an\u00f4nimos do Brasil<\/td>\n<td><a href=\"https:\/\/jogadoresanonimos.com.br\/\">jogadoresanonimos.com.br<\/a><\/td>\n<td>Contato SP: (11) 3229-1023<\/p>\n<p>Kontakt RJ: (21) 25164672<\/td>\n<td>Brasilien<\/td>\n<\/tr>\n<tr>\n<td>Beskyttelse af joggeren<\/td>\n<td><a href=\"https:\/\/www.srij.turismodeportugal.pt\/pt\/jogo-responsavel\/protecao-legal-ao-jogador\">www.srij.turismodeportugal.pt<\/a><\/td>\n<td>Servi\u00e7o de Regula\u00e7\u00e3o e Inspe\u00e7\u00e3o de Jogos, \u00f3rg\u00e3o do Turismo de Portugal.<\/p>\n<p>N\u00famero Linha Vida: 1414<\/p>\n<p>1414@sicad.min-saude.pt<\/p>\n<p>O aconselhamento telef\u00f4nico funciona todos os dias, das 10h \u00e0s 18h.<\/td>\n<td>Brasilien<\/td>\n<\/tr>\n<tr>\n<td>Jugadores An\u00f3nimos<\/td>\n<td><a href=\"https:\/\/www.jugadoresanonimos.org\/\">www.jugadoresanonimos.org<\/a><\/td>\n<td>670 691 513<\/td>\n<td>LATAM<\/td>\n<\/tr>\n<tr>\n<td>Juego Responsable - Argentina<\/td>\n<td><a href=\"https:\/\/juegoresponsable.com.ar\/\">juegoresponsable.com.ar<\/a><\/td>\n<td>LATAM<\/td>\n<\/tr>\n<tr>\n<td>GamCare<\/td>\n<td><a href=\"https:\/\/www.gamcare.org.uk\/\">www.gamcare.org.uk<\/a><\/td>\n<td>0808 8020 133<\/td>\n<td>Japan<\/td>\n<\/tr>\n<tr>\n<td>BeGambleAware<\/td>\n<td><a href=\"https:\/\/www.begambleaware.org\/\">www.begambleaware.org<\/a><\/td>\n<td>0808 8020 133<\/td>\n<td>Japan<\/td>\n<\/tr>\n<tr>\n<td>St\u00f6dlinjen.se<\/td>\n<td><a href=\"https:\/\/stodlinjen.se\/\">www.stodlinjen.se<\/a><\/td>\n<td>020-81 91 00<\/td>\n<td>Japan<\/td>\n<\/tr>\n<\/tbody>\n<\/table>\n<h2><span class=\"ez-toc-section\" id=\"Gambling_Addiction_Resources\"><\/span><span style=\"font-size: 16px;\">Ressourcer til spilafh\u00e6ngighed<\/span><span class=\"ez-toc-section-end\"><\/span><\/h2>\n<p>Ludomani er et alvorligt problem, der p\u00e5virker enkeltpersoner og deres familier over hele verden. Den destruktive karakter af denne afh\u00e6ngighed kan f\u00f8re til \u00f8konomisk ruin, anstrengte forhold og f\u00f8lelsesm\u00e6ssig n\u00f8d. At erkende problemet og s\u00f8ge hj\u00e6lp er afg\u00f8rende for dem, der er fanget i spilafh\u00e6ngighedens cyklus. Heldigvis er der flere ressourcer til r\u00e5dighed, som kan yde st\u00f8tte og hj\u00e6lp til dem, der har brug for det. Denne artikel vil udforske nogle af de vigtigste ressourcer til spilafh\u00e6ngighed, der tilbyder hj\u00e6lp, vejledning og en vej til bedring.<\/p>\n<p>At s\u00f8ge hj\u00e6lp til ludomani er afg\u00f8rende for, at den enkelte kan genvinde kontrollen over sit liv og overvinde den destruktive adf\u00e6rd. Denne artikel har til form\u00e5l at give v\u00e6rdifuld information om forskellige ressourcer, der er tilg\u00e6ngelige for at st\u00f8tte problemspillere og deres k\u00e6re.<\/p>\n<h3><span class=\"ez-toc-section\" id=\"National_Problem_Gambling_Helpline_Network\"><\/span>National Hj\u00e6lpelinjenetv\u00e6rk for spilleproblemer<span class=\"ez-toc-section-end\"><\/span><\/h3>\n<p>National Problem Gambling Helpline Network, der kan n\u00e5s p\u00e5 800-522-4700, er en vigtig ressource for problemspillere og deres familier i USA. Denne hj\u00e6lpelinje drives af National Council on Problem Gambling (NCPG), en non-profit organisation dedikeret til at hj\u00e6lpe personer, der er ber\u00f8rt af spilafh\u00e6ngighed.<\/p>\n<p>Hj\u00e6lpelinjen giver information, st\u00f8tte og henvisninger til lokale ressourcer, der specialiserer sig i behandling af spilleproblemer. Uddannede fagfolk er til r\u00e5dighed for at tilbyde fortrolig hj\u00e6lp og vejledning til dem, der ringer. Hvis personer s\u00f8ger r\u00e5dgivning, behandlingsprogrammer eller andre st\u00f8ttetjenester, kan hj\u00e6lpelinjen forbinde dem til de relevante ressourcer i deres omr\u00e5de.<\/p>\n<h3><span class=\"ez-toc-section\" id=\"Gamblers_Anonymous\"><\/span>Anonyme Gamblere<span class=\"ez-toc-section-end\"><\/span><\/h3>\n<p>Gamblers Anonymous (GA) er et globalt f\u00e6llesskab af personer, der har k\u00e6mpet med ludomani og er engagerede i at komme sig. Gamblers Anonymous blev grundlagt i 1957 og er vokset til et omfattende netv\u00e6rk af lokale grupper i forskellige lande, der tilbyder et st\u00f8ttende milj\u00f8 for dem, der s\u00f8ger hj\u00e6lp (http:\/\/www.gamblersanonymous.org\/ga\/).<\/p>\n<p>Det eneste krav for at blive medlem af Gamblers Anonymous er, at man \u00f8nsker at holde op med at spille. Medlemmerne deltager i et 12-trins program baseret p\u00e5 principperne for recovery. Ved at dele personlige erfaringer f\u00e5r man st\u00f8tte, opmuntring og v\u00e6rdifuld indsigt fra andre, der har st\u00e5et over for lignende udfordringer. F\u00e6llesskabet tilbyder ogs\u00e5 separate st\u00f8ttegrupper for p\u00e5r\u00f8rende (Gam-Anon) og b\u00f8rn af problemspillere (Gam-A-Teen) i erkendelse af spilleafh\u00e6ngighedens indvirkning p\u00e5 hele familien.<\/p>\n<h3><span class=\"ez-toc-section\" id=\"GamCare\"><\/span>GamCare<span class=\"ez-toc-section-end\"><\/span><\/h3>\n<p>GamCare er en branchefinansieret velg\u00f8renhedsorganisation, der opererer i Storbritannien og tilbyder fortrolig r\u00e5dgivning og st\u00f8tte til personer, der er ramt af spilleproblemer. Organisationen er forpligtet til at yde ikke-d\u00f8mmende hj\u00e6lp til spillere, deres familier og dem, der er i fare for at udvikle en spilafh\u00e6ngighed.<\/p>\n<p>GamCare tilbyder en r\u00e6kke tjenester, bl.a. support via en hj\u00e6lpelinje, personlig r\u00e5dgivning og online chat-support. Hj\u00e6lpelinjen (0808 8020 133) (http:\/\/www.gamcare.org.uk\/) er tilg\u00e6ngelig 24\/7 og tilbyder et sikkert sted, hvor folk kan diskutere deres bekymringer og s\u00f8ge vejledning. Organisationen arbejder ogs\u00e5 t\u00e6t sammen med behandlingsudbydere og sikrer, at folk kan f\u00e5 adgang til den hj\u00e6lp, de har brug for.<\/p>\n<h3><span class=\"ez-toc-section\" id=\"Substance_Abuse_and_Mental_Health_Services_Administration_SAMHSA\"><\/span>Administrationen for stofmisbrug og mental sundhed (SAMHSA)<span class=\"ez-toc-section-end\"><\/span><\/h3>\n<p>Substance Abuse and Mental Health Services Administration (SAMHSA) er et folkesundhedsagentur under det amerikanske sundhedsministerium. SAMHSA driver en gratis, fortrolig og d\u00f8gn\u00e5ben National-hj\u00e6lpelinje, der er tilg\u00e6ngelig \u00e5ret rundt, for at give information og henvisninger til behandling af forskellige psykiske lidelser, herunder spilafh\u00e6ngighed.<\/p>\n<p>National-hj\u00e6lpelinjen (1-800-662-4357) (<a href=\"https:\/\/www.samhsa.gov\/find-help\/national-helpline\/\" target=\"_new\" rel=\"noopener\">https:\/\/www.samhsa.gov\/find-help\/national-helpline\/<\/a>) fungerer som en v\u00e6rdifuld ressource for personer og deres familier, der s\u00f8ger hj\u00e6lp til ludomani. Uddannede fagfolk tilbyder st\u00f8tte, information og henvisninger til behandling p\u00e5 b\u00e5de engelsk og spansk. Hj\u00e6lpelinjen sikrer, at enkeltpersoner kan f\u00e5 adgang til den hj\u00e6lp, de har brug for, uanset deres placering eller omst\u00e6ndigheder.<\/p>\n<h3><span class=\"ez-toc-section\" id=\"The_National_Council_on_Problem_Gambling\"><\/span>National-r\u00e5det for spilleproblemer<span class=\"ez-toc-section-end\"><\/span><\/h3>\n<p>National Council on Problem Gambling (NCPG) er en uafh\u00e6ngig organisation, der er dedikeret til at tale for enkeltpersoner og familier, der er ber\u00f8rt af problematisk spil. NCPG er ikke tilknyttet spilindustrien, hvilket giver dem mulighed for at levere upartisk information, ressourcer og st\u00f8ttetjenester.<\/p>\n<p>NCPG's hjemmeside fungerer som en omfattende kilde til information om spilleproblemer.<a href=\"http:\/\/www.ncpgambling.org\">http:\/\/www.ncpgambling.org<\/a>) Den tilbyder v\u00e6rdifulde ressourcer til at forst\u00e5 spilafh\u00e6ngighed, identificere tegnene og finde passende behandling. Hjemmesiden indeholder ogs\u00e5 en oversigt over uddannede r\u00e5dgivere i hele USA, som er specialiserede i at h\u00e5ndtere ludomani.<\/p>\n<h2><span class=\"ez-toc-section\" id=\"Conclusion\"><\/span>Konklusion<span class=\"ez-toc-section-end\"><\/span><\/h2>\n<p>Ludomani er et alvorligt problem, der kan have betydelige konsekvenser for den enkeltes liv. At genkende tegnene p\u00e5 spilafh\u00e6ngighed og forst\u00e5, hvorn\u00e5r man skal s\u00f8ge hj\u00e6lp, er afg\u00f8rende for at overvinde denne udfordring. Hos LiveCasinoFinder.com prioriterer vi vores brugeres velbefindende og opfordrer til ansvarlig spillepraksis.<\/p>\n<p>Hos LiveCasinoFinder.com er vi dedikerede til at fremme ansvarligt spil og sikre et sikkert spillemilj\u00f8. Vi opfordrer dig til at drage fordel af de tilg\u00e6ngelige ressourcer og st\u00f8tte til at overvinde spilafh\u00e6ngighed og nyde spil p\u00e5 en ansvarlig m\u00e5de.<\/p>","protected":false},"excerpt":{"rendered":"<p>P\u00e5 LiveCasinoFinder.com prioriterer vi vores brugeres velbefindende og er forpligtet til at fremme ansvarligt spil. Denne side har til form\u00e5l at give v\u00e6rdifuld information om spilafh\u00e6ngighed, dens tegn og tilg\u00e6ngelig st\u00f8tte. Vores m\u00e5l er at sikre en sikker og forn\u00f8jelig spiloplevelse for alle. Spilafh\u00e6ngighed Spilafh\u00e6ngighed er en alvorlig tilstand, der p\u00e5virker enkeltpersoner [...]<\/p>","protected":false},"author":1,"featured_media":0,"parent":0,"menu_order":0,"comment_status":"closed","ping_status":"closed","template":"page-no-sidebar.php","meta":{"_lmt_disableupdate":"no","_lmt_disable":"no","footnotes":""},"class_list":["post-2115","page","type-page","status-publish","hentry"],"yoast_head":"<!-- This site is optimized with the Yoast SEO plugin v26.4 - https:\/\/yoast.com\/wordpress\/plugins\/seo\/ -->\n<title>Support for Gambling Addiction<\/title>\n<meta name=\"description\" content=\"Find helpful resources and advice on managing gambling addiction with Live Casino Finder to stay in control and make safer choices while playing.\" \/>\n<meta name=\"robots\" content=\"index, follow, max-snippet:-1, max-image-preview:large, max-video-preview:-1\" \/>\n<link rel=\"canonical\" href=\"https:\/\/livecasinofinder.com\/wp-json\/wp\/v2\/pages\/2115\/\" \/>\n<meta property=\"og:locale\" content=\"da_DK\" \/>\n<meta property=\"og:type\" content=\"article\" \/>\n<meta property=\"og:title\" content=\"Support for Gambling Addiction\" \/>\n<meta property=\"og:description\" content=\"Find helpful resources and advice on managing gambling addiction with Live Casino Finder to stay in control and make safer choices while playing.\" \/>\n<meta property=\"og:url\" content=\"https:\/\/livecasinofinder.com\/da\/gambling-addiction\/\" \/>\n<meta property=\"og:site_name\" content=\"livecasinofinder.com\" \/>\n<meta property=\"article:modified_time\" content=\"2025-06-03T11:12:27+00:00\" \/>\n<meta property=\"og:image\" content=\"https:\/\/livecasinofinder.com\/wp-content\/uploads\/2023\/03\/lucasoilraceway-logo-1.png\" \/>\n\t<meta property=\"og:image:width\" content=\"427\" \/>\n\t<meta property=\"og:image:height\" content=\"145\" \/>\n\t<meta property=\"og:image:type\" content=\"image\/png\" \/>\n<meta name=\"twitter:card\" content=\"summary_large_image\" \/>\n<meta name=\"twitter:label1\" content=\"Estimeret l\u00e6setid\" \/>\n\t<meta name=\"twitter:data1\" content=\"7 minutter\" \/>\n<!-- \/ Yoast SEO plugin. -->","yoast_head_json":{"title":"Support for Gambling Addiction","description":"Find helpful resources and advice on managing gambling addiction with Live Casino Finder to stay in control and make safer choices while playing.","robots":{"index":"index","follow":"follow","max-snippet":"max-snippet:-1","max-image-preview":"max-image-preview:large","max-video-preview":"max-video-preview:-1"},"canonical":"https:\/\/livecasinofinder.com\/wp-json\/wp\/v2\/pages\/2115\/","og_locale":"da_DK","og_type":"article","og_title":"Support for Gambling Addiction","og_description":"Find helpful resources and advice on managing gambling addiction with Live Casino Finder to stay in control and make safer choices while playing.","og_url":"https:\/\/livecasinofinder.com\/da\/gambling-addiction\/","og_site_name":"livecasinofinder.com","article_modified_time":"2025-06-03T11:12:27+00:00","og_image":[{"width":427,"height":145,"url":"https:\/\/livecasinofinder.com\/wp-content\/uploads\/2023\/03\/lucasoilraceway-logo-1.png","type":"image\/png"}],"twitter_card":"summary_large_image","twitter_misc":{"Estimeret l\u00e6setid":"7 minutter"},"schema":{"@context":"https:\/\/schema.org","@graph":[{"@type":"WebPage","@id":"https:\/\/livecasinofinder.com\/gambling-addiction\/","url":"https:\/\/livecasinofinder.com\/gambling-addiction\/","name":"Support for Gambling Addiction","isPartOf":{"@id":"https:\/\/livecasinofinder.com\/ja\/#website"},"datePublished":"2023-06-20T14:24:32+00:00","dateModified":"2025-06-03T11:12:27+00:00","description":"Find helpful resources and advice on managing gambling addiction with Live Casino Finder to stay in control and make safer choices while playing.","breadcrumb":{"@id":"https:\/\/livecasinofinder.com\/gambling-addiction\/#breadcrumb"},"inLanguage":"da-DK","potentialAction":[{"@type":"ReadAction","target":["https:\/\/livecasinofinder.com\/gambling-addiction\/"]}]},{"@type":"BreadcrumbList","@id":"https:\/\/livecasinofinder.com\/gambling-addiction\/#breadcrumb","itemListElement":[{"@type":"ListItem","position":1,"name":"LiveCasinoFinder.com","item":"https:\/\/livecasinofinder.com\/fr\/"},{"@type":"ListItem","position":2,"name":"Gambling Addiction"}]},{"@type":"WebSite","@id":"https:\/\/livecasinofinder.com\/ja\/#website","url":"https:\/\/livecasinofinder.com\/ja\/","name":"livecasinofinder","description":"","publisher":{"@id":"https:\/\/livecasinofinder.com\/ja\/#organization"},"alternateName":"Lucas oil raceway live casino","potentialAction":[{"@type":"SearchAction","target":{"@type":"EntryPoint","urlTemplate":"https:\/\/livecasinofinder.com\/ja\/?s={search_term_string}"},"query-input":{"@type":"PropertyValueSpecification","valueRequired":true,"valueName":"search_term_string"}}],"inLanguage":"da-DK"},{"@type":"Organization","@id":"https:\/\/livecasinofinder.com\/ja\/#organization","name":"Live Casino Finder","alternateName":"Lucas oil raceway live casino","url":"https:\/\/livecasinofinder.com\/ja\/","logo":{"@type":"ImageObject","inLanguage":"da-DK","@id":"https:\/\/livecasinofinder.com\/ja\/#\/schema\/logo\/image\/","url":"https:\/\/livecasinofinder.com\/wp-content\/uploads\/2023\/04\/livecasinofinder-logo.png","contentUrl":"https:\/\/livecasinofinder.com\/wp-content\/uploads\/2023\/04\/livecasinofinder-logo.png","width":1600,"height":453,"caption":"Live Casino Finder"},"image":{"@id":"https:\/\/livecasinofinder.com\/ja\/#\/schema\/logo\/image\/"}}]}},"_links":{"self":[{"href":"https:\/\/livecasinofinder.com\/da\/wp-json\/wp\/v2\/pages\/2115","targetHints":{"allow":["GET"]}}],"collection":[{"href":"https:\/\/livecasinofinder.com\/da\/wp-json\/wp\/v2\/pages"}],"about":[{"href":"https:\/\/livecasinofinder.com\/da\/wp-json\/wp\/v2\/types\/page"}],"author":[{"embeddable":true,"href":"https:\/\/livecasinofinder.com\/da\/wp-json\/wp\/v2\/users\/1"}],"replies":[{"embeddable":true,"href":"https:\/\/livecasinofinder.com\/da\/wp-json\/wp\/v2\/comments?post=2115"}],"version-history":[{"count":0,"href":"https:\/\/livecasinofinder.com\/da\/wp-json\/wp\/v2\/pages\/2115\/revisions"}],"wp:attachment":[{"href":"https:\/\/livecasinofinder.com\/da\/wp-json\/wp\/v2\/media?parent=2115"}],"curies":[{"name":"wp","href":"https:\/\/api.w.org\/{rel}","templated":true}]}}