{"id":2113,"date":"2023-06-20T14:28:59","date_gmt":"2023-06-20T14:28:59","guid":{"rendered":"https:\/\/livecasinofinder.com\/?page_id=2113"},"modified":"2025-06-03T11:11:51","modified_gmt":"2025-06-03T11:11:51","slug":"terms-and-conditions","status":"publish","type":"page","link":"https:\/\/livecasinofinder.com\/da\/terms-and-conditions\/","title":{"rendered":"Vilk\u00e5r og betingelser"},"content":{"rendered":"<p>Velkommen til LiveCasinoFinder.com. F\u00f8lgende vilk\u00e5r og betingelser regulerer brugen af LiveCasinoFinder.com. <a href=\"\/da\/\">LiveCasinoFinder.com hjemmeside<\/a>. Det er vigtigt, at du l\u00e6ser og forst\u00e5r disse vilk\u00e5r og betingelser, f\u00f8r du bruger vores tjenester.<\/p>\n<div id=\"ez-toc-container\" class=\"ez-toc-v2_0_63 counter-hierarchy ez-toc-counter ez-toc-grey ez-toc-container-direction\">\n<label for=\"ez-toc-cssicon-toggle-item-69d1981d0ca7e\" class=\"ez-toc-cssicon-toggle-label\"><span class=\"ez-toc-cssicon\"><span class=\"eztoc-hide\" style=\"display:none;\">Toggle<\/span><span class=\"ez-toc-icon-toggle-span\"><svg style=\"fill: #999;color:#999\" xmlns=\"http:\/\/www.w3.org\/2000\/svg\" class=\"list-377408\" width=\"20px\" height=\"20px\" viewbox=\"0 0 24 24\" fill=\"none\"><path d=\"M6 6H4v2h2V6zm14 0H8v2h12V6zM4 11h2v2H4v-2zm16 0H8v2h12v-2zM4 16h2v2H4v-2zm16 0H8v2h12v-2z\" fill=\"currentColor\"><\/path><\/svg><svg style=\"fill: #999;color:#999\" class=\"arrow-unsorted-368013\" xmlns=\"http:\/\/www.w3.org\/2000\/svg\" width=\"10px\" height=\"10px\" viewbox=\"0 0 24 24\" version=\"1.2\" baseprofile=\"tiny\"><path d=\"M18.2 9.3l-6.2-6.3-6.2 6.3c-.2.2-.3.4-.3.7s.1.5.3.7c.2.2.4.3.7.3h11c.3 0 .5-.1.7-.3.2-.2.3-.5.3-.7s-.1-.5-.3-.7zM5.8 14.7l6.2 6.3 6.2-6.3c.2-.2.3-.5.3-.7s-.1-.5-.3-.7c-.2-.2-.4-.3-.7-.3h-11c-.3 0-.5.1-.7.3-.2.2-.3.5-.3.7s.1.5.3.7z\"\/><\/svg><\/span><\/span><\/label><input type=\"checkbox\"  id=\"ez-toc-cssicon-toggle-item-69d1981d0ca7e\" checked aria-label=\"Toggle\" \/><nav><ul class='ez-toc-list ez-toc-list-level-1' ><li class='ez-toc-page-1 ez-toc-heading-level-2'><a class=\"ez-toc-link ez-toc-heading-1\" href=\"https:\/\/livecasinofinder.com\/da\/terms-and-conditions\/#Purpose_of_the_Terms_and_Conditions_and_Information\" title=\"Form\u00e5l med vilk\u00e5r og betingelser og information\">Form\u00e5l med vilk\u00e5r og betingelser og information<\/a><\/li><li class='ez-toc-page-1 ez-toc-heading-level-2'><a class=\"ez-toc-link ez-toc-heading-2\" href=\"https:\/\/livecasinofinder.com\/da\/terms-and-conditions\/#Disclaimer_and_Legal_Advice\" title=\"Ansvarsfraskrivelse og juridisk r\u00e5dgivning\">Ansvarsfraskrivelse og juridisk r\u00e5dgivning<\/a><\/li><li class='ez-toc-page-1 ez-toc-heading-level-2'><a class=\"ez-toc-link ez-toc-heading-3\" href=\"https:\/\/livecasinofinder.com\/da\/terms-and-conditions\/#LiveCasinoFindercom_as_an_Independent_Gambling_Directory_and_Information_Service\" title=\"LiveCasinoFinder.com som et uafh\u00e6ngigt spillekatalog og informationstjeneste\">LiveCasinoFinder.com som et uafh\u00e6ngigt spillekatalog og informationstjeneste<\/a><\/li><li class='ez-toc-page-1 ez-toc-heading-level-2'><a class=\"ez-toc-link ez-toc-heading-4\" href=\"https:\/\/livecasinofinder.com\/da\/terms-and-conditions\/#Accuracy_of_Information\" title=\"N\u00f8jagtighed af information\">N\u00f8jagtighed af information<\/a><\/li><li class='ez-toc-page-1 ez-toc-heading-level-2'><a class=\"ez-toc-link ez-toc-heading-5\" href=\"https:\/\/livecasinofinder.com\/da\/terms-and-conditions\/#User_Responsibility_for_Legality_of_Games_and_Wagers\" title=\"Brugerens ansvar for lovligheden af spil og indsatser\">Brugerens ansvar for lovligheden af spil og indsatser<\/a><\/li><li class='ez-toc-page-1 ez-toc-heading-level-2'><a class=\"ez-toc-link ez-toc-heading-6\" href=\"https:\/\/livecasinofinder.com\/da\/terms-and-conditions\/#Limitation_of_Liability\" title=\"Begr\u00e6nsning af ansvar\">Begr\u00e6nsning af ansvar<\/a><\/li><li class='ez-toc-page-1 ez-toc-heading-level-2'><a class=\"ez-toc-link ez-toc-heading-7\" href=\"https:\/\/livecasinofinder.com\/da\/terms-and-conditions\/#Modification_of_Information_and_Future_Obligations\" title=\"\u00c6ndring af oplysninger og fremtidige forpligtelser\">\u00c6ndring af oplysninger og fremtidige forpligtelser<\/a><\/li><li class='ez-toc-page-1 ez-toc-heading-level-2'><a class=\"ez-toc-link ez-toc-heading-8\" href=\"https:\/\/livecasinofinder.com\/da\/terms-and-conditions\/#Trademarks_and_Copyrights\" title=\"Varem\u00e6rker og ophavsret\">Varem\u00e6rker og ophavsret<\/a><\/li><li class='ez-toc-page-1 ez-toc-heading-level-2'><a class=\"ez-toc-link ez-toc-heading-9\" href=\"https:\/\/livecasinofinder.com\/da\/terms-and-conditions\/#Copying_and_Transmission_Restrictions\" title=\"Begr\u00e6nsninger for kopiering og transmission\">Begr\u00e6nsninger for kopiering og transmission<\/a><\/li><li class='ez-toc-page-1 ez-toc-heading-level-2'><a class=\"ez-toc-link ez-toc-heading-10\" href=\"https:\/\/livecasinofinder.com\/da\/terms-and-conditions\/#Intellectual_Property_Rights\" title=\"Intellektuelle ejendomsrettigheder\">Intellektuelle ejendomsrettigheder<\/a><\/li><li class='ez-toc-page-1 ez-toc-heading-level-2'><a class=\"ez-toc-link ez-toc-heading-11\" href=\"https:\/\/livecasinofinder.com\/da\/terms-and-conditions\/#Information_Accuracy_and_Reporting\" title=\"Informationsn\u00f8jagtighed og rapportering\">Informationsn\u00f8jagtighed og rapportering<\/a><\/li><li class='ez-toc-page-1 ez-toc-heading-level-2'><a class=\"ez-toc-link ez-toc-heading-12\" href=\"https:\/\/livecasinofinder.com\/da\/terms-and-conditions\/#Content_Removal_and_Discretion_of_livecasinofindercom\" title=\"Fjernelse af indhold og diskretion p\u00e5 livecasinofinder.com\">Fjernelse af indhold og diskretion p\u00e5 livecasinofinder.com<\/a><\/li><li class='ez-toc-page-1 ez-toc-heading-level-2'><a class=\"ez-toc-link ez-toc-heading-13\" href=\"https:\/\/livecasinofinder.com\/da\/terms-and-conditions\/#Live_Casino_Finder_Complaints_Service\" title=\"Live Casino Finder Klageservice\">Live Casino Finder Klageservice<\/a><\/li><li class='ez-toc-page-1 ez-toc-heading-level-2'><a class=\"ez-toc-link ez-toc-heading-14\" href=\"https:\/\/livecasinofinder.com\/da\/terms-and-conditions\/#Terms_and_Conditions_of_LiveCasinoFindercom\" title=\"Vilk\u00e5r og betingelser for LiveCasinoFinder.com\">Vilk\u00e5r og betingelser for LiveCasinoFinder.com<\/a><\/li><li class='ez-toc-page-1 ez-toc-heading-level-2'><a class=\"ez-toc-link ez-toc-heading-15\" href=\"https:\/\/livecasinofinder.com\/da\/terms-and-conditions\/#Conclusion\" title=\"Konklusion\">Konklusion<\/a><\/li><\/ul><\/nav><\/div>\n\n<h2><span class=\"ez-toc-section\" id=\"Purpose_of_the_Terms_and_Conditions_and_Information\"><\/span>Form\u00e5l med vilk\u00e5r og betingelser og information<span class=\"ez-toc-section-end\"><\/span><\/h2>\n<p>De vilk\u00e5r og betingelser, der er fastsat her, har til form\u00e5l at skitsere de regler og bestemmelser, der dikterer forholdet mellem LiveCasinoFinder.com og dets brugere. Det er vigtigt for brugerne at forst\u00e5 deres rettigheder, forpligtelser og begr\u00e6nsningerne ved at bruge de tjenester, der leveres af LiveCasinoFinder.com.<\/p>\n<h2><span class=\"ez-toc-section\" id=\"Disclaimer_and_Legal_Advice\"><\/span>Ansvarsfraskrivelse og juridisk r\u00e5dgivning<span class=\"ez-toc-section-end\"><\/span><\/h2>\n<p>Bem\u00e6rk venligst, at indholdet p\u00e5 LiveCasinoFinder.com kun er til informationsform\u00e5l. Intet p\u00e5 denne side skal opfattes som juridisk r\u00e5dgivning. Brugere b\u00f8r konsultere en juridisk r\u00e5dgiver om juridiske sp\u00f8rgsm\u00e5l, is\u00e6r n\u00e5r de vedr\u00f8rer onlinespil.<\/p>\n<h2><span class=\"ez-toc-section\" id=\"LiveCasinoFindercom_as_an_Independent_Gambling_Directory_and_Information_Service\"><\/span>LiveCasinoFinder.com som et uafh\u00e6ngigt spillekatalog og informationstjeneste<span class=\"ez-toc-section-end\"><\/span><\/h2>\n<p>LiveCasinoFinder.com er et uafh\u00e6ngigt online katalog og informationstjeneste, der tilbyder anmeldelser og indsigt i live casinos. Vi driver ikke nogen spiltjenester, og vi er ikke tilknyttet nogen kasinooperat\u00f8rer.<\/p>\n<h2><span class=\"ez-toc-section\" id=\"Accuracy_of_Information\"><\/span>N\u00f8jagtighed af information<span class=\"ez-toc-section-end\"><\/span><\/h2>\n<p>Selvom LiveCasinoFinder.com g\u00f8r en stor indsats for at sikre, at oplysningerne er n\u00f8jagtige og opdaterede, kan vi ikke garantere deres absolutte n\u00f8jagtighed. Brugere opfordres til at udvise diskretion og verificere oplysningerne uafh\u00e6ngigt.<\/p>\n<h2><span class=\"ez-toc-section\" id=\"User_Responsibility_for_Legality_of_Games_and_Wagers\"><\/span>Brugerens ansvar for lovligheden af spil og indsatser<span class=\"ez-toc-section-end\"><\/span><\/h2>\n<p>Som bruger af LiveCasinoFinder.com er du eneansvarlig for at sikre, at du overholder de love og regler, der g\u00e6lder for spil i din jurisdiktion. Dette omfatter lovligheden af de spil og indsatser, du deltager i.<\/p>\n<h2><span class=\"ez-toc-section\" id=\"Limitation_of_Liability\"><\/span>Begr\u00e6nsning af ansvar<span class=\"ez-toc-section-end\"><\/span><\/h2>\n<p>Ved at bruge LiveCasinoFinder.com accepterer du at skadesl\u00f8sholde webstedet, dets medarbejdere og tilknyttede virksomheder mod eventuelle krav, skader eller andre forpligtelser, der m\u00e5tte opst\u00e5 som f\u00f8lge af brugen af de oplysninger eller tjenester, der leveres.<\/p>\n<h2><span class=\"ez-toc-section\" id=\"Modification_of_Information_and_Future_Obligations\"><\/span>\u00c6ndring af oplysninger og fremtidige forpligtelser<span class=\"ez-toc-section-end\"><\/span><\/h2>\n<p>LiveCasinoFinder.com forbeholder sig ret til at \u00e6ndre eller fjerne alle oplysninger uden forudg\u00e5ende varsel. Brugere r\u00e5des til at gennemg\u00e5 vilk\u00e5r og betingelser regelm\u00e6ssigt for eventuelle opdateringer.<\/p>\n<h2><span class=\"ez-toc-section\" id=\"Trademarks_and_Copyrights\"><\/span>Varem\u00e6rker og ophavsret<span class=\"ez-toc-section-end\"><\/span><\/h2>\n<p>Alt indhold, herunder tekst, billeder og logoer p\u00e5 LiveCasinoFinder.com, tilh\u00f8rer webstedet eller dets indholdsleverand\u00f8rer og er beskyttet af internationale love om ophavsret.<\/p>\n<h2><span class=\"ez-toc-section\" id=\"Copying_and_Transmission_Restrictions\"><\/span>Begr\u00e6nsninger for kopiering og transmission<span class=\"ez-toc-section-end\"><\/span><\/h2>\n<p>Det er forbudt for brugere at kopiere, videredistribuere eller genudgive nogen del af indholdet p\u00e5 LiveCasinoFinder.com uden udtrykkelig skriftlig tilladelse fra webstedets ejere.<\/p>\n<h2><span class=\"ez-toc-section\" id=\"Intellectual_Property_Rights\"><\/span>Intellektuelle ejendomsrettigheder<span class=\"ez-toc-section-end\"><\/span><\/h2>\n<p>LiveCasinoFinder.com har intellektuelle ejendomsrettigheder til indholdet, tjenesterne og varem\u00e6rkerne p\u00e5 denne hjemmeside. Uautoriseret brug af nogen af disse egenskaber er strengt forbudt og kan v\u00e6re genstand for retslige skridt.<\/p>\n<h2><span class=\"ez-toc-section\" id=\"Information_Accuracy_and_Reporting\"><\/span>Informationsn\u00f8jagtighed og rapportering<span class=\"ez-toc-section-end\"><\/span><\/h2>\n<p>Hvis du finder oplysninger p\u00e5 LiveCasinoFinder.com, der er un\u00f8jagtige eller misvisende, bedes du rapportere det til os. Vi str\u00e6ber efter det ypperste og v\u00e6rds\u00e6tter vores brugeres samarbejde om at opretholde integriteten af vores side.<\/p>\n<h2><span class=\"ez-toc-section\" id=\"Content_Removal_and_Discretion_of_livecasinofindercom\"><\/span>Fjernelse af indhold og diskretion p\u00e5 livecasinofinder.com<span class=\"ez-toc-section-end\"><\/span><\/h2>\n<p>Indhold kan fjernes eller \u00e6ndres efter livecasinofinder.com's sk\u00f8n i overensstemmelse med vores politikker og g\u00e6ldende love.<\/p>\n<h2><span class=\"ez-toc-section\" id=\"Live_Casino_Finder_Complaints_Service\"><\/span>Live Casino Finder Klageservice<span class=\"ez-toc-section-end\"><\/span><\/h2>\n<p>Hvis du har nogen klager eller problemer vedr\u00f8rende de tjenester, der leveres af LiveCasinoFinder.com, bedes du kontakte os via vores klageservice. Vi v\u00e6rds\u00e6tter din feedback og vil tage os af dine bekymringer efter bedste evne.<\/p>\n<h2><span class=\"ez-toc-section\" id=\"Terms_and_Conditions_of_LiveCasinoFindercom\"><\/span>Vilk\u00e5r og betingelser for LiveCasinoFinder.com<span class=\"ez-toc-section-end\"><\/span><\/h2>\n<p>Ved at bruge dette websted accepterer du de vilk\u00e5r og betingelser, der er beskrevet i dette dokument. Din fortsatte brug af webstedet efter eventuelle opdateringer af disse vilk\u00e5r og betingelser vil betyde din accept af \u00e6ndringerne.<\/p>\n<h2><span class=\"ez-toc-section\" id=\"Conclusion\"><\/span>Konklusion<span class=\"ez-toc-section-end\"><\/span><\/h2>\n<p>Ved at bruge LiveCasinoFinder.com accepterer du de vilk\u00e5r og betingelser, der er beskrevet i dette dokument. Det er dit ansvar at holde dig informeret om disse vilk\u00e5r og betingelser og at bruge dette websted og dets oplysninger ansvarligt og inden for lovens gr\u00e6nser.<\/p>","protected":false},"excerpt":{"rendered":"<p>Velkommen til LiveCasinoFinder.com. F\u00f8lgende vilk\u00e5r og betingelser regulerer brugen af LiveCasinoFinder.com hjemmesiden. Det er vigtigt, at du l\u00e6ser og forst\u00e5r disse vilk\u00e5r og betingelser, f\u00f8r du bruger vores tjenester. Form\u00e5l med vilk\u00e5r og betingelser og information Vilk\u00e5rene og betingelserne, der er fastsat her, har til form\u00e5l at skitsere de regler og bestemmelser, der dikterer [...]<\/p>","protected":false},"author":1,"featured_media":0,"parent":0,"menu_order":0,"comment_status":"closed","ping_status":"closed","template":"page-no-sidebar.php","meta":{"_lmt_disableupdate":"no","_lmt_disable":"no","footnotes":""},"class_list":["post-2113","page","type-page","status-publish","hentry"],"yoast_head":"<!-- This site is optimized with the Yoast SEO plugin v26.4 - https:\/\/yoast.com\/wordpress\/plugins\/seo\/ -->\n<title>Terms and Conditions Overview<\/title>\n<meta name=\"description\" content=\"Review the terms and conditions of Live Casino Finder to understand your rights and responsibilities while using our site and services.\" \/>\n<meta name=\"robots\" content=\"index, follow, max-snippet:-1, max-image-preview:large, max-video-preview:-1\" \/>\n<link rel=\"canonical\" href=\"https:\/\/livecasinofinder.com\/wp-json\/wp\/v2\/pages\/2113\/\" \/>\n<meta property=\"og:locale\" content=\"da_DK\" \/>\n<meta property=\"og:type\" content=\"article\" \/>\n<meta property=\"og:title\" content=\"Terms and Conditions Overview\" \/>\n<meta property=\"og:description\" content=\"Review the terms and conditions of Live Casino Finder to understand your rights and responsibilities while using our site and services.\" \/>\n<meta property=\"og:url\" content=\"https:\/\/livecasinofinder.com\/da\/terms-and-conditions\/\" \/>\n<meta property=\"og:site_name\" content=\"livecasinofinder.com\" \/>\n<meta property=\"article:modified_time\" content=\"2025-06-03T11:11:51+00:00\" \/>\n<meta property=\"og:image\" content=\"https:\/\/livecasinofinder.com\/wp-content\/uploads\/2023\/03\/lucasoilraceway-logo-1.png\" \/>\n\t<meta property=\"og:image:width\" content=\"427\" \/>\n\t<meta property=\"og:image:height\" content=\"145\" \/>\n\t<meta property=\"og:image:type\" content=\"image\/png\" \/>\n<meta name=\"twitter:card\" content=\"summary_large_image\" \/>\n<meta name=\"twitter:label1\" content=\"Estimeret l\u00e6setid\" \/>\n\t<meta name=\"twitter:data1\" content=\"3 minutter\" \/>\n<!-- \/ Yoast SEO plugin. -->","yoast_head_json":{"title":"Terms and Conditions Overview","description":"Review the terms and conditions of Live Casino Finder to understand your rights and responsibilities while using our site and services.","robots":{"index":"index","follow":"follow","max-snippet":"max-snippet:-1","max-image-preview":"max-image-preview:large","max-video-preview":"max-video-preview:-1"},"canonical":"https:\/\/livecasinofinder.com\/wp-json\/wp\/v2\/pages\/2113\/","og_locale":"da_DK","og_type":"article","og_title":"Terms and Conditions Overview","og_description":"Review the terms and conditions of Live Casino Finder to understand your rights and responsibilities while using our site and services.","og_url":"https:\/\/livecasinofinder.com\/da\/terms-and-conditions\/","og_site_name":"livecasinofinder.com","article_modified_time":"2025-06-03T11:11:51+00:00","og_image":[{"width":427,"height":145,"url":"https:\/\/livecasinofinder.com\/wp-content\/uploads\/2023\/03\/lucasoilraceway-logo-1.png","type":"image\/png"}],"twitter_card":"summary_large_image","twitter_misc":{"Estimeret l\u00e6setid":"3 minutter"},"schema":{"@context":"https:\/\/schema.org","@graph":[{"@type":"WebPage","@id":"https:\/\/livecasinofinder.com\/terms-and-conditions\/","url":"https:\/\/livecasinofinder.com\/terms-and-conditions\/","name":"Terms and Conditions Overview","isPartOf":{"@id":"https:\/\/livecasinofinder.com\/ja\/#website"},"datePublished":"2023-06-20T14:28:59+00:00","dateModified":"2025-06-03T11:11:51+00:00","description":"Review the terms and conditions of Live Casino Finder to understand your rights and responsibilities while using our site and services.","breadcrumb":{"@id":"https:\/\/livecasinofinder.com\/terms-and-conditions\/#breadcrumb"},"inLanguage":"da-DK","potentialAction":[{"@type":"ReadAction","target":["https:\/\/livecasinofinder.com\/terms-and-conditions\/"]}]},{"@type":"BreadcrumbList","@id":"https:\/\/livecasinofinder.com\/terms-and-conditions\/#breadcrumb","itemListElement":[{"@type":"ListItem","position":1,"name":"LiveCasinoFinder.com","item":"https:\/\/livecasinofinder.com\/fr\/"},{"@type":"ListItem","position":2,"name":"Terms and Conditions"}]},{"@type":"WebSite","@id":"https:\/\/livecasinofinder.com\/ja\/#website","url":"https:\/\/livecasinofinder.com\/ja\/","name":"livecasinofinder","description":"","publisher":{"@id":"https:\/\/livecasinofinder.com\/ja\/#organization"},"alternateName":"Lucas oil raceway live casino","potentialAction":[{"@type":"SearchAction","target":{"@type":"EntryPoint","urlTemplate":"https:\/\/livecasinofinder.com\/ja\/?s={search_term_string}"},"query-input":{"@type":"PropertyValueSpecification","valueRequired":true,"valueName":"search_term_string"}}],"inLanguage":"da-DK"},{"@type":"Organization","@id":"https:\/\/livecasinofinder.com\/ja\/#organization","name":"Live Casino Finder","alternateName":"Lucas oil raceway live casino","url":"https:\/\/livecasinofinder.com\/ja\/","logo":{"@type":"ImageObject","inLanguage":"da-DK","@id":"https:\/\/livecasinofinder.com\/ja\/#\/schema\/logo\/image\/","url":"https:\/\/livecasinofinder.com\/wp-content\/uploads\/2023\/04\/livecasinofinder-logo.png","contentUrl":"https:\/\/livecasinofinder.com\/wp-content\/uploads\/2023\/04\/livecasinofinder-logo.png","width":1600,"height":453,"caption":"Live Casino Finder"},"image":{"@id":"https:\/\/livecasinofinder.com\/ja\/#\/schema\/logo\/image\/"}}]}},"_links":{"self":[{"href":"https:\/\/livecasinofinder.com\/da\/wp-json\/wp\/v2\/pages\/2113","targetHints":{"allow":["GET"]}}],"collection":[{"href":"https:\/\/livecasinofinder.com\/da\/wp-json\/wp\/v2\/pages"}],"about":[{"href":"https:\/\/livecasinofinder.com\/da\/wp-json\/wp\/v2\/types\/page"}],"author":[{"embeddable":true,"href":"https:\/\/livecasinofinder.com\/da\/wp-json\/wp\/v2\/users\/1"}],"replies":[{"embeddable":true,"href":"https:\/\/livecasinofinder.com\/da\/wp-json\/wp\/v2\/comments?post=2113"}],"version-history":[{"count":0,"href":"https:\/\/livecasinofinder.com\/da\/wp-json\/wp\/v2\/pages\/2113\/revisions"}],"wp:attachment":[{"href":"https:\/\/livecasinofinder.com\/da\/wp-json\/wp\/v2\/media?parent=2113"}],"curies":[{"name":"wp","href":"https:\/\/api.w.org\/{rel}","templated":true}]}}