{"id":2109,"date":"2023-06-20T14:37:04","date_gmt":"2023-06-20T14:37:04","guid":{"rendered":"https:\/\/livecasinofinder.com\/?page_id=2109"},"modified":"2023-06-20T14:37:04","modified_gmt":"2023-06-20T14:37:04","slug":"privacy-policy","status":"publish","type":"page","link":"https:\/\/livecasinofinder.com\/da\/privacy-policy\/","title":{"rendered":"Privatlivspolitik"},"content":{"rendered":"<p>P\u00e5 <a href=\"\/da\/\">LiveCasinoFinder.com<\/a>forst\u00e5r vi vigtigheden af at sikre dit privatliv og beskytte fortroligheden af dine personlige oplysninger. Denne fortrolighedspolitik beskriver vores urokkelige engagement i databeskyttelse og sikrer en sikker og forn\u00f8jelig oplevelse p\u00e5 vores platform.<\/p>\n<div id=\"ez-toc-container\" class=\"ez-toc-v2_0_63 counter-hierarchy ez-toc-counter ez-toc-grey ez-toc-container-direction\">\n<label for=\"ez-toc-cssicon-toggle-item-69e6405659136\" class=\"ez-toc-cssicon-toggle-label\"><span class=\"ez-toc-cssicon\"><span class=\"eztoc-hide\" style=\"display:none;\">Toggle<\/span><span class=\"ez-toc-icon-toggle-span\"><svg style=\"fill: #999;color:#999\" xmlns=\"http:\/\/www.w3.org\/2000\/svg\" class=\"list-377408\" width=\"20px\" height=\"20px\" viewbox=\"0 0 24 24\" fill=\"none\"><path d=\"M6 6H4v2h2V6zm14 0H8v2h12V6zM4 11h2v2H4v-2zm16 0H8v2h12v-2zM4 16h2v2H4v-2zm16 0H8v2h12v-2z\" fill=\"currentColor\"><\/path><\/svg><svg style=\"fill: #999;color:#999\" class=\"arrow-unsorted-368013\" xmlns=\"http:\/\/www.w3.org\/2000\/svg\" width=\"10px\" height=\"10px\" viewbox=\"0 0 24 24\" version=\"1.2\" baseprofile=\"tiny\"><path d=\"M18.2 9.3l-6.2-6.3-6.2 6.3c-.2.2-.3.4-.3.7s.1.5.3.7c.2.2.4.3.7.3h11c.3 0 .5-.1.7-.3.2-.2.3-.5.3-.7s-.1-.5-.3-.7zM5.8 14.7l6.2 6.3 6.2-6.3c.2-.2.3-.5.3-.7s-.1-.5-.3-.7c-.2-.2-.4-.3-.7-.3h-11c-.3 0-.5.1-.7.3-.2.2-.3.5-.3.7s.1.5.3.7z\"\/><\/svg><\/span><\/span><\/label><input type=\"checkbox\"  id=\"ez-toc-cssicon-toggle-item-69e6405659136\" checked aria-label=\"Toggle\" \/><nav><ul class='ez-toc-list ez-toc-list-level-1' ><li class='ez-toc-page-1 ez-toc-heading-level-2'><a class=\"ez-toc-link ez-toc-heading-1\" href=\"https:\/\/livecasinofinder.com\/da\/privacy-policy\/#Our_Pledge_to_Safeguard_Your_Privacy\" title=\"Vores l\u00f8fte om at beskytte dit privatliv\">Vores l\u00f8fte om at beskytte dit privatliv<\/a><\/li><li class='ez-toc-page-1 ez-toc-heading-level-2'><a class=\"ez-toc-link ez-toc-heading-2\" href=\"https:\/\/livecasinofinder.com\/da\/privacy-policy\/#Data_Collection_Our_Practices\" title=\"Dataindsamling: Vores praksis\">Dataindsamling: Vores praksis<\/a><\/li><li class='ez-toc-page-1 ez-toc-heading-level-2'><a class=\"ez-toc-link ez-toc-heading-3\" href=\"https:\/\/livecasinofinder.com\/da\/privacy-policy\/#The_Use_of_Your_Information\" title=\"Brug af dine oplysninger\">Brug af dine oplysninger<\/a><\/li><li class='ez-toc-page-1 ez-toc-heading-level-2'><a class=\"ez-toc-link ez-toc-heading-4\" href=\"https:\/\/livecasinofinder.com\/da\/privacy-policy\/#Information_Disclosure_and_Sharing\" title=\"Videregivelse og deling af oplysninger\">Videregivelse og deling af oplysninger<\/a><\/li><li class='ez-toc-page-1 ez-toc-heading-level-2'><a class=\"ez-toc-link ez-toc-heading-5\" href=\"https:\/\/livecasinofinder.com\/da\/privacy-policy\/#Our_Security_Measures\" title=\"Vores sikkerhedsforanstaltninger\">Vores sikkerhedsforanstaltninger<\/a><\/li><li class='ez-toc-page-1 ez-toc-heading-level-2'><a class=\"ez-toc-link ez-toc-heading-6\" href=\"https:\/\/livecasinofinder.com\/da\/privacy-policy\/#The_Role_of_Cookies\" title=\"Cookies&#039; rolle\">Cookies' rolle<\/a><\/li><li class='ez-toc-page-1 ez-toc-heading-level-2'><a class=\"ez-toc-link ez-toc-heading-7\" href=\"https:\/\/livecasinofinder.com\/da\/privacy-policy\/#Third-Party_Links\" title=\"Links til tredjeparter\">Links til tredjeparter<\/a><\/li><li class='ez-toc-page-1 ez-toc-heading-level-2'><a class=\"ez-toc-link ez-toc-heading-8\" href=\"https:\/\/livecasinofinder.com\/da\/privacy-policy\/#Policy_on_Childrens_Privacy\" title=\"Politik om beskyttelse af b\u00f8rns privatliv\">Politik om beskyttelse af b\u00f8rns privatliv<\/a><\/li><li class='ez-toc-page-1 ez-toc-heading-level-2'><a class=\"ez-toc-link ez-toc-heading-9\" href=\"https:\/\/livecasinofinder.com\/da\/privacy-policy\/#Changes_to_This_Privacy_Policy\" title=\"\u00c6ndringer til denne fortrolighedspolitik\">\u00c6ndringer til denne fortrolighedspolitik<\/a><\/li><li class='ez-toc-page-1 ez-toc-heading-level-2'><a class=\"ez-toc-link ez-toc-heading-10\" href=\"https:\/\/livecasinofinder.com\/da\/privacy-policy\/#Your_Rights_to_Your_Personal_Information\" title=\"Dine rettigheder til dine personlige oplysninger\">Dine rettigheder til dine personlige oplysninger<\/a><\/li><li class='ez-toc-page-1 ez-toc-heading-level-2'><a class=\"ez-toc-link ez-toc-heading-11\" href=\"https:\/\/livecasinofinder.com\/da\/privacy-policy\/#Retention_of_Data\" title=\"Opbevaring af data\">Opbevaring af data<\/a><\/li><li class='ez-toc-page-1 ez-toc-heading-level-2'><a class=\"ez-toc-link ez-toc-heading-12\" href=\"https:\/\/livecasinofinder.com\/da\/privacy-policy\/#International_Data_Transfers\" title=\"Internationale dataoverf\u00f8rsler\">Internationale dataoverf\u00f8rsler<\/a><\/li><\/ul><\/nav><\/div>\n\n<h2><span class=\"ez-toc-section\" id=\"Our_Pledge_to_Safeguard_Your_Privacy\"><\/span>Vores l\u00f8fte om at beskytte dit privatliv<span class=\"ez-toc-section-end\"><\/span><\/h2>\n<p>Vi v\u00e6rds\u00e6tter dit privatliv og prioriterer beskyttelsen af dine personlige oplysninger. Vi har implementeret en streng fortrolighedspraksis og overholder g\u00e6ldende databeskyttelseslove for at sikre, at dine data forbliver sikre og fortrolige.<\/p>\n<h2><span class=\"ez-toc-section\" id=\"Data_Collection_Our_Practices\"><\/span>Dataindsamling: Vores praksis<span class=\"ez-toc-section-end\"><\/span><\/h2>\n<p>For at give dig en problemfri og personlig oplevelse kan vi indsamle visse oplysninger fra dig. Disse oplysninger kan omfatte dit navn, kontaktoplysninger og browsingadf\u00e6rd p\u00e5 vores platform. Du kan v\u00e6re sikker p\u00e5, at vi kun indsamler de n\u00f8dvendige data, der kr\u00e6ves for at forbedre din oplevelse og vores tjenester.<\/p>\n<h2><span class=\"ez-toc-section\" id=\"The_Use_of_Your_Information\"><\/span>Brug af dine oplysninger<span class=\"ez-toc-section-end\"><\/span><\/h2>\n<p>De oplysninger, vi indsamler fra dig, bruges til forskellige form\u00e5l, herunder, men ikke begr\u00e6nset til:<\/p>\n<ol>\n<li>Tilpasning af din oplevelse p\u00e5 LiveCasinoFinder.com<\/li>\n<li>Effektiv behandling af dine anmodninger og transaktioner<\/li>\n<li>Kommunikation af vigtige opdateringer og kampagner<\/li>\n<li>Analysere data for at forbedre vores tjenester og skr\u00e6ddersy dem til dine pr\u00e6ferencer<\/li>\n<\/ol>\n<h2><span class=\"ez-toc-section\" id=\"Information_Disclosure_and_Sharing\"><\/span>Videregivelse og deling af oplysninger<span class=\"ez-toc-section-end\"><\/span><\/h2>\n<p>LiveCasinoFinder.com respekterer fortroligheden af dine oplysninger. Vi s\u00e6lger, handler eller deler ikke dine personlige data med tredjeparter, medmindre det er n\u00f8dvendigt for at levere vores tjenester eller p\u00e5kr\u00e6vet ved lov. Vi kan dele dine oplysninger med betroede partnere, s\u00e5som betalingsprocessorer, udelukkende med det form\u00e5l at levere vores tjenester til dig.<\/p>\n<h2><span class=\"ez-toc-section\" id=\"Our_Security_Measures\"><\/span>Vores sikkerhedsforanstaltninger<span class=\"ez-toc-section-end\"><\/span><\/h2>\n<p>Vi har implementeret robuste sikkerhedsforanstaltninger for at beskytte dine personlige oplysninger mod uautoriseret adgang, offentligg\u00f8relse, \u00e6ndring eller \u00f8del\u00e6ggelse. Vores avancerede sikkerhedssystemer, krypteringsprotokoller og strenge adgangskontrol sikrer den yderste beskyttelse af dine data. Vi gennemg\u00e5r og opdaterer regelm\u00e6ssigt vores sikkerhedsforanstaltninger for at stay v\u00e6re p\u00e5 forkant med nye trusler og opretholde et sikkert milj\u00f8 for vores brugere.<\/p>\n<h2><span class=\"ez-toc-section\" id=\"The_Role_of_Cookies\"><\/span>Cookies' rolle<span class=\"ez-toc-section-end\"><\/span><\/h2>\n<p>LiveCasinoFinder.com bruger cookies til at forbedre din browseroplevelse p\u00e5 vores platform. Cookies er sm\u00e5 tekstfiler, der gemmes p\u00e5 din enhed, s\u00e5 vi kan genkende dig og tilpasse din oplevelse baseret p\u00e5 dine pr\u00e6ferencer. Du har mulighed for at administrere dine cookie-pr\u00e6ferencer via dine browserindstillinger. Bem\u00e6rk dog, at deaktivering af cookies kan begr\u00e6nse visse funktioner eller funktionalitet p\u00e5 vores hjemmeside.<\/p>\n<h2><span class=\"ez-toc-section\" id=\"Third-Party_Links\"><\/span>Links til tredjeparter<span class=\"ez-toc-section-end\"><\/span><\/h2>\n<p>Vores platform kan indeholde links til tredjepartswebsteder eller -tjenester. Vi opfordrer dig til at v\u00e6re opm\u00e6rksom p\u00e5, at disse hjemmesider har deres egne privatlivspolitikker, som kan v\u00e6re forskellige fra vores. Vi anbefaler, at du gennemg\u00e5r privatlivspraksis p\u00e5 alle tredjepartswebsteder, du bes\u00f8ger via vores platform, da vi ikke har kontrol over deres dataindsamling eller brug.<\/p>\n<h2><span class=\"ez-toc-section\" id=\"Policy_on_Childrens_Privacy\"><\/span>Politik om beskyttelse af b\u00f8rns privatliv<span class=\"ez-toc-section-end\"><\/span><\/h2>\n<p>LiveCasinoFinder.com er beregnet til personer, der er mindst 18 \u00e5r eller den lovlige alder for onlinespil i deres jurisdiktion. Vi indsamler eller opbevarer ikke bevidst personlige oplysninger fra personer under den lovlige alder. Hvis vi bliver opm\u00e6rksomme p\u00e5 s\u00e5danne oplysninger, sletter vi dem straks fra vores registre.<\/p>\n<h2><span class=\"ez-toc-section\" id=\"Changes_to_This_Privacy_Policy\"><\/span>\u00c6ndringer til denne fortrolighedspolitik<span class=\"ez-toc-section-end\"><\/span><\/h2>\n<p>Vi kan opdatere vores privatlivspolitik med j\u00e6vne mellemrum for at afspejle \u00e6ndringer i vores praksis, lovkrav eller tjenester. Eventuelle \u00e6ndringer af denne politik vil blive kommunikeret til dig gennem fremtr\u00e6dende meddelelser p\u00e5 vores platform. Vi opfordrer dig til at gennemg\u00e5 vores fortrolighedspolitik regelm\u00e6ssigt for at stay informeret om, hvordan vi beskytter dit privatliv.<\/p>\n<h2><span class=\"ez-toc-section\" id=\"Your_Rights_to_Your_Personal_Information\"><\/span>Dine rettigheder til dine personlige oplysninger<span class=\"ez-toc-section-end\"><\/span><\/h2>\n<p>Som bruger af LiveCasinoFinder.com har du visse rettigheder vedr\u00f8rende dine personlige oplysninger. Disse rettigheder kan omfatte:<\/p>\n<ol>\n<li>Adgang til de personlige oplysninger, vi har om dig<\/li>\n<li>Muligheden for at rette eller opdatere dine oplysninger<\/li>\n<li>Retten til at anmode om sletning af dine personoplysninger under visse omst\u00e6ndigheder.<\/li>\n<li>Retten til at begr\u00e6nse eller g\u00f8re indsigelse mod behandlingen af dine data<\/li>\n<li>Retten til dataportabilitet, som giver dig mulighed for at modtage en kopi af dine data i et struktureret, almindeligt anvendt og maskinl\u00e6sbart format.<\/li>\n<\/ol>\n<p>Hvis du vil g\u00f8re brug af dine rettigheder eller s\u00f8ge afklaring om privatlivsrelaterede sp\u00f8rgsm\u00e5l, bedes du kontakte vores dedikerede supportteam. Vi er her for at hj\u00e6lpe dig med det samme.<\/p>\n<h2><span class=\"ez-toc-section\" id=\"Retention_of_Data\"><\/span>Opbevaring af data<span class=\"ez-toc-section-end\"><\/span><\/h2>\n<p>Vi opbevarer kun dine personlige oplysninger, s\u00e5 l\u00e6nge det er n\u00f8dvendigt for at opfylde de form\u00e5l, der er beskrevet i denne fortrolighedspolitik, eller som kr\u00e6vet ved lov. N\u00e5r dine data ikke l\u00e6ngere er n\u00f8dvendige, bortskaffer vi dem p\u00e5 sikker vis i overensstemmelse med vores praksis for opbevaring af data.<\/p>\n<h2><span class=\"ez-toc-section\" id=\"International_Data_Transfers\"><\/span>Internationale dataoverf\u00f8rsler<span class=\"ez-toc-section-end\"><\/span><\/h2>\n<p>Som en global platform kan LiveCasinoFinder.com overf\u00f8re og behandle dine personlige oplysninger forskellige steder i verden. Vi sikrer, at passende sikkerhedsforanstaltninger er p\u00e5 plads for at beskytte dine data under internationale overf\u00f8rsler og overholde g\u00e6ldende databeskyttelseslove.<\/p>\n<p>Hos LiveCasinoFinder.com er vi forpligtet til at levere et sikkert, gennemsigtigt og behageligt spillemilj\u00f8, samtidig med at vi beskytter dit privatliv. Din tillid og tilfredshed er vores h\u00f8jeste prioritet.<\/p>","protected":false},"excerpt":{"rendered":"<p>Hos LiveCasinoFinder.com forst\u00e5r vi vigtigheden af at sikre dit privatliv og beskytte fortroligheden af dine personlige oplysninger. Denne fortrolighedspolitik beskriver vores urokkelige forpligtelse til databeskyttelse og sikrer en sikker og behagelig oplevelse p\u00e5 vores platform. Vores l\u00f8fte om at beskytte dit privatliv Vi v\u00e6rds\u00e6tter dit privatliv og prioriterer beskyttelsen af dine personlige oplysninger. [...]<\/p>","protected":false},"author":1,"featured_media":0,"parent":0,"menu_order":0,"comment_status":"closed","ping_status":"closed","template":"page-no-sidebar.php","meta":{"_lmt_disableupdate":"no","_lmt_disable":"no","footnotes":""},"class_list":["post-2109","page","type-page","status-publish","hentry"],"yoast_head":"<!-- This site is optimized with the Yoast SEO plugin v26.4 - https:\/\/yoast.com\/wordpress\/plugins\/seo\/ -->\n<title>Protecting Your Privacy | LiveCasinoFinder.com Privacy Policy<\/title>\n<meta name=\"description\" content=\"At LiveCasinoFinder.com, we prioritize the protection of your data. Our Privacy Policy outlines our commitment to safeguarding your personal information.\" \/>\n<meta name=\"robots\" content=\"index, follow, max-snippet:-1, max-image-preview:large, max-video-preview:-1\" \/>\n<link rel=\"canonical\" href=\"https:\/\/livecasinofinder.com\/wp-json\/wp\/v2\/pages\/2109\/\" \/>\n<meta property=\"og:locale\" content=\"da_DK\" \/>\n<meta property=\"og:type\" content=\"article\" \/>\n<meta property=\"og:title\" content=\"Protecting Your Privacy | LiveCasinoFinder.com Privacy Policy\" \/>\n<meta property=\"og:description\" content=\"At LiveCasinoFinder.com, we prioritize the protection of your data. Our Privacy Policy outlines our commitment to safeguarding your personal information.\" \/>\n<meta property=\"og:url\" content=\"https:\/\/livecasinofinder.com\/da\/privacy-policy\/\" \/>\n<meta property=\"og:site_name\" content=\"livecasinofinder.com\" \/>\n<meta property=\"og:image\" content=\"https:\/\/livecasinofinder.com\/wp-content\/uploads\/2023\/03\/lucasoilraceway-logo-1.png\" \/>\n\t<meta property=\"og:image:width\" content=\"427\" \/>\n\t<meta property=\"og:image:height\" content=\"145\" \/>\n\t<meta property=\"og:image:type\" content=\"image\/png\" \/>\n<meta name=\"twitter:card\" content=\"summary_large_image\" \/>\n<meta name=\"twitter:label1\" content=\"Estimeret l\u00e6setid\" \/>\n\t<meta name=\"twitter:data1\" content=\"4 minutter\" \/>\n<!-- \/ Yoast SEO plugin. -->","yoast_head_json":{"title":"Beskyttelse af dit privatliv | LiveCasinoFinder.coms privatlivspolitik","description":"Hos LiveCasinoFinder.com prioriterer vi beskyttelsen af dine data. Vores fortrolighedspolitik beskriver vores forpligtelse til at beskytte dine personlige oplysninger.","robots":{"index":"index","follow":"follow","max-snippet":"max-snippet:-1","max-image-preview":"max-image-preview:large","max-video-preview":"max-video-preview:-1"},"canonical":"https:\/\/livecasinofinder.com\/wp-json\/wp\/v2\/pages\/2109\/","og_locale":"da_DK","og_type":"article","og_title":"Protecting Your Privacy | LiveCasinoFinder.com Privacy Policy","og_description":"At LiveCasinoFinder.com, we prioritize the protection of your data. Our Privacy Policy outlines our commitment to safeguarding your personal information.","og_url":"https:\/\/livecasinofinder.com\/da\/privacy-policy\/","og_site_name":"livecasinofinder.com","og_image":[{"width":427,"height":145,"url":"https:\/\/livecasinofinder.com\/wp-content\/uploads\/2023\/03\/lucasoilraceway-logo-1.png","type":"image\/png"}],"twitter_card":"summary_large_image","twitter_misc":{"Estimeret l\u00e6setid":"4 minutter"},"schema":{"@context":"https:\/\/schema.org","@graph":[{"@type":"WebPage","@id":"https:\/\/livecasinofinder.com\/privacy-policy\/","url":"https:\/\/livecasinofinder.com\/privacy-policy\/","name":"Beskyttelse af dit privatliv | LiveCasinoFinder.coms privatlivspolitik","isPartOf":{"@id":"https:\/\/livecasinofinder.com\/ja\/#website"},"datePublished":"2023-06-20T14:37:04+00:00","description":"Hos LiveCasinoFinder.com prioriterer vi beskyttelsen af dine data. Vores fortrolighedspolitik beskriver vores forpligtelse til at beskytte dine personlige oplysninger.","breadcrumb":{"@id":"https:\/\/livecasinofinder.com\/privacy-policy\/#breadcrumb"},"inLanguage":"da-DK","potentialAction":[{"@type":"ReadAction","target":["https:\/\/livecasinofinder.com\/privacy-policy\/"]}]},{"@type":"BreadcrumbList","@id":"https:\/\/livecasinofinder.com\/privacy-policy\/#breadcrumb","itemListElement":[{"@type":"ListItem","position":1,"name":"LiveCasinoFinder.com","item":"https:\/\/livecasinofinder.com\/fr\/"},{"@type":"ListItem","position":2,"name":"Privacy Policy"}]},{"@type":"WebSite","@id":"https:\/\/livecasinofinder.com\/ja\/#website","url":"https:\/\/livecasinofinder.com\/ja\/","name":"livecasinofinder","description":"","publisher":{"@id":"https:\/\/livecasinofinder.com\/ja\/#organization"},"alternateName":"Lucas oil raceway live casino","potentialAction":[{"@type":"SearchAction","target":{"@type":"EntryPoint","urlTemplate":"https:\/\/livecasinofinder.com\/ja\/?s={search_term_string}"},"query-input":{"@type":"PropertyValueSpecification","valueRequired":true,"valueName":"search_term_string"}}],"inLanguage":"da-DK"},{"@type":"Organization","@id":"https:\/\/livecasinofinder.com\/ja\/#organization","name":"Live Casino Finder","alternateName":"Lucas oil raceway live casino","url":"https:\/\/livecasinofinder.com\/ja\/","logo":{"@type":"ImageObject","inLanguage":"da-DK","@id":"https:\/\/livecasinofinder.com\/ja\/#\/schema\/logo\/image\/","url":"https:\/\/livecasinofinder.com\/wp-content\/uploads\/2023\/04\/livecasinofinder-logo.png","contentUrl":"https:\/\/livecasinofinder.com\/wp-content\/uploads\/2023\/04\/livecasinofinder-logo.png","width":1600,"height":453,"caption":"Live Casino Finder"},"image":{"@id":"https:\/\/livecasinofinder.com\/ja\/#\/schema\/logo\/image\/"}}]}},"_links":{"self":[{"href":"https:\/\/livecasinofinder.com\/da\/wp-json\/wp\/v2\/pages\/2109","targetHints":{"allow":["GET"]}}],"collection":[{"href":"https:\/\/livecasinofinder.com\/da\/wp-json\/wp\/v2\/pages"}],"about":[{"href":"https:\/\/livecasinofinder.com\/da\/wp-json\/wp\/v2\/types\/page"}],"author":[{"embeddable":true,"href":"https:\/\/livecasinofinder.com\/da\/wp-json\/wp\/v2\/users\/1"}],"replies":[{"embeddable":true,"href":"https:\/\/livecasinofinder.com\/da\/wp-json\/wp\/v2\/comments?post=2109"}],"version-history":[{"count":0,"href":"https:\/\/livecasinofinder.com\/da\/wp-json\/wp\/v2\/pages\/2109\/revisions"}],"wp:attachment":[{"href":"https:\/\/livecasinofinder.com\/da\/wp-json\/wp\/v2\/media?parent=2109"}],"curies":[{"name":"wp","href":"https:\/\/api.w.org\/{rel}","templated":true}]}}