{"id":2107,"date":"2023-06-20T14:36:44","date_gmt":"2023-06-20T14:36:44","guid":{"rendered":"https:\/\/livecasinofinder.com\/?page_id=2107"},"modified":"2025-06-03T11:09:24","modified_gmt":"2025-06-03T11:09:24","slug":"disclaimer","status":"publish","type":"page","link":"https:\/\/livecasinofinder.com\/da\/disclaimer\/","title":{"rendered":"Ansvarsfraskrivelse"},"content":{"rendered":"<p>LiveCasinoFinder.com er den vigtigste guide til alle jer spilentusiaster derude!\u00a0<em>Har du nogensinde v\u00e6ret i tvivl om, hvilken live casino du skulle pr\u00f8ve?<\/em>\u00a0Vores hjemmeside fungerer som et fyrt\u00e5rn, der guider dig gennem den mystiske verden af live online casinoer. LiveCasinoFinder.com hj\u00e6lper dig med at finde de bedste <a href=\"\/da\/live-casinos\/\">De bedste live casino'er<\/a>sammenligne funktioner, og endda snuppe nogle super-s\u00f8de bonusser.<\/p>\n<div id=\"ez-toc-container\" class=\"ez-toc-v2_0_63 counter-hierarchy ez-toc-counter ez-toc-grey ez-toc-container-direction\">\n<label for=\"ez-toc-cssicon-toggle-item-69e956fe6d22d\" class=\"ez-toc-cssicon-toggle-label\"><span class=\"ez-toc-cssicon\"><span class=\"eztoc-hide\" style=\"display:none;\">Toggle<\/span><span class=\"ez-toc-icon-toggle-span\"><svg style=\"fill: #999;color:#999\" xmlns=\"http:\/\/www.w3.org\/2000\/svg\" class=\"list-377408\" width=\"20px\" height=\"20px\" viewbox=\"0 0 24 24\" fill=\"none\"><path d=\"M6 6H4v2h2V6zm14 0H8v2h12V6zM4 11h2v2H4v-2zm16 0H8v2h12v-2zM4 16h2v2H4v-2zm16 0H8v2h12v-2z\" fill=\"currentColor\"><\/path><\/svg><svg style=\"fill: #999;color:#999\" class=\"arrow-unsorted-368013\" xmlns=\"http:\/\/www.w3.org\/2000\/svg\" width=\"10px\" height=\"10px\" viewbox=\"0 0 24 24\" version=\"1.2\" baseprofile=\"tiny\"><path d=\"M18.2 9.3l-6.2-6.3-6.2 6.3c-.2.2-.3.4-.3.7s.1.5.3.7c.2.2.4.3.7.3h11c.3 0 .5-.1.7-.3.2-.2.3-.5.3-.7s-.1-.5-.3-.7zM5.8 14.7l6.2 6.3 6.2-6.3c.2-.2.3-.5.3-.7s-.1-.5-.3-.7c-.2-.2-.4-.3-.7-.3h-11c-.3 0-.5.1-.7.3-.2.2-.3.5-.3.7s.1.5.3.7z\"\/><\/svg><\/span><\/span><\/label><input type=\"checkbox\"  id=\"ez-toc-cssicon-toggle-item-69e956fe6d22d\" checked aria-label=\"Toggle\" \/><nav><ul class='ez-toc-list ez-toc-list-level-1' ><li class='ez-toc-page-1 ez-toc-heading-level-2'><a class=\"ez-toc-link ez-toc-heading-1\" href=\"https:\/\/livecasinofinder.com\/da\/disclaimer\/#Objective_of_LiveCasinoFindercom\" title=\"Form\u00e5l med LiveCasinoFinder.com\">Form\u00e5l med LiveCasinoFinder.com<\/a><\/li><li class='ez-toc-page-1 ez-toc-heading-level-2'><a class=\"ez-toc-link ez-toc-heading-2\" href=\"https:\/\/livecasinofinder.com\/da\/disclaimer\/#Limitations_and_Liability\" title=\"Begr\u00e6nsninger og ansvar\">Begr\u00e6nsninger og ansvar<\/a><ul class='ez-toc-list-level-3' ><li class='ez-toc-heading-level-3'><a class=\"ez-toc-link ez-toc-heading-3\" href=\"https:\/\/livecasinofinder.com\/da\/disclaimer\/#Validity_of_Information\" title=\"Gyldighed af information\">Gyldighed af information<\/a><\/li><li class='ez-toc-page-1 ez-toc-heading-level-3'><a class=\"ez-toc-link ez-toc-heading-4\" href=\"https:\/\/livecasinofinder.com\/da\/disclaimer\/#User_Responsibilities\" title=\"Brugerens ansvar\">Brugerens ansvar<\/a><ul class='ez-toc-list-level-4' ><li class='ez-toc-heading-level-4'><a class=\"ez-toc-link ez-toc-heading-5\" href=\"https:\/\/livecasinofinder.com\/da\/disclaimer\/#Age_Restrictions\" title=\"Aldersbegr\u00e6nsninger\">Aldersbegr\u00e6nsninger<\/a><\/li><li class='ez-toc-page-1 ez-toc-heading-level-4'><a class=\"ez-toc-link ez-toc-heading-6\" href=\"https:\/\/livecasinofinder.com\/da\/disclaimer\/#Responsible_Gambling\" title=\"Ansvarligt spil\">Ansvarligt spil<\/a><\/li><\/ul><\/li><\/ul><\/li><li class='ez-toc-page-1 ez-toc-heading-level-2'><a class=\"ez-toc-link ez-toc-heading-7\" href=\"https:\/\/livecasinofinder.com\/da\/disclaimer\/#Third-Party_Content_and_Links\" title=\"Tredjepartsindhold og links\">Tredjepartsindhold og links<\/a><ul class='ez-toc-list-level-3' ><li class='ez-toc-heading-level-3'><a class=\"ez-toc-link ez-toc-heading-8\" href=\"https:\/\/livecasinofinder.com\/da\/disclaimer\/#External_Links\" title=\"Eksterne links\">Eksterne links<\/a><\/li><li class='ez-toc-page-1 ez-toc-heading-level-3'><a class=\"ez-toc-link ez-toc-heading-9\" href=\"https:\/\/livecasinofinder.com\/da\/disclaimer\/#Affiliations_and_Partnerships\" title=\"Tilslutninger og partnerskaber\">Tilslutninger og partnerskaber<\/a><\/li><\/ul><\/li><li class='ez-toc-page-1 ez-toc-heading-level-2'><a class=\"ez-toc-link ez-toc-heading-10\" href=\"https:\/\/livecasinofinder.com\/da\/disclaimer\/#Intellectual_Property\" title=\"Intellektuel ejendomsret\">Intellektuel ejendomsret<\/a><ul class='ez-toc-list-level-3' ><li class='ez-toc-heading-level-3'><a class=\"ez-toc-link ez-toc-heading-11\" href=\"https:\/\/livecasinofinder.com\/da\/disclaimer\/#Copyrights\" title=\"Ophavsret\">Ophavsret<\/a><\/li><li class='ez-toc-page-1 ez-toc-heading-level-3'><a class=\"ez-toc-link ez-toc-heading-12\" href=\"https:\/\/livecasinofinder.com\/da\/disclaimer\/#Use_of_Content\" title=\"Brug af indhold\">Brug af indhold<\/a><\/li><li class='ez-toc-page-1 ez-toc-heading-level-3'><a class=\"ez-toc-link ez-toc-heading-13\" href=\"https:\/\/livecasinofinder.com\/da\/disclaimer\/#Indemnification\" title=\"Skadesl\u00f8sholdelse\">Skadesl\u00f8sholdelse<\/a><\/li><\/ul><\/li><li class='ez-toc-page-1 ez-toc-heading-level-2'><a class=\"ez-toc-link ez-toc-heading-14\" href=\"https:\/\/livecasinofinder.com\/da\/disclaimer\/#Governing_Law_and_Jurisdiction\" title=\"G\u00e6ldende lov og jurisdiktion\">G\u00e6ldende lov og jurisdiktion<\/a><\/li><li class='ez-toc-page-1 ez-toc-heading-level-2'><a class=\"ez-toc-link ez-toc-heading-15\" href=\"https:\/\/livecasinofinder.com\/da\/disclaimer\/#Updates_to_Disclaimer\" title=\"Opdateringer til ansvarsfraskrivelse\">Opdateringer til ansvarsfraskrivelse<\/a><\/li><li class='ez-toc-page-1 ez-toc-heading-level-2'><a class=\"ez-toc-link ez-toc-heading-16\" href=\"https:\/\/livecasinofinder.com\/da\/disclaimer\/#Contact_Information\" title=\"Kontaktoplysninger\">Kontaktoplysninger<\/a><\/li><li class='ez-toc-page-1 ez-toc-heading-level-2'><a class=\"ez-toc-link ez-toc-heading-17\" href=\"https:\/\/livecasinofinder.com\/da\/disclaimer\/#Conclusion\" title=\"Konklusion\">Konklusion<\/a><\/li><\/ul><\/nav><\/div>\n\n<h2><span class=\"ez-toc-section\" id=\"Objective_of_LiveCasinoFindercom\"><\/span>Form\u00e5l med LiveCasinoFinder.com<span class=\"ez-toc-section-end\"><\/span><\/h2>\n<p>LiveCasinoFinder.com har \u00e9t m\u00e5l:\u00a0<em>for at g\u00f8re din online gamblingrejse mere gnidningsfri end en straight flush<\/em>. Vi giver dig p\u00e5lidelig information, ekspertindsigt og f\u00f8rsteklasses strategier. Men husk, at vi er Gandalf for din Frodo; det er dig, der skal fuldf\u00f8re den endelige mission.<\/p>\n<h2><span class=\"ez-toc-section\" id=\"Limitations_and_Liability\"><\/span>Begr\u00e6nsninger og ansvar<span class=\"ez-toc-section-end\"><\/span><\/h2>\n<p>Ligesom et dristigt pirateventyr er din rejse hertil p\u00e5 eget ansvar. Vi er ikke ansvarlige for eventuelle tab eller skader. Vores skattekort er vejvisere; risikoen er din.<\/p>\n<h3><span class=\"ez-toc-section\" id=\"Validity_of_Information\"><\/span>Gyldighed af information<span class=\"ez-toc-section-end\"><\/span><\/h3>\n<p>Vi har lagt vores hjerte og sj\u00e6l i at give dig de mest pr\u00e6cise og opdaterede oplysninger. Men ligesom i poker \u00e6ndrer tingene sig nogle gange uforudsigeligt. Derfor kan vi ikke garantere, at alt, hvad du finder her, altid vil v\u00e6re s\u00e5 friskt som en tusindfryd.<\/p>\n<h3><span class=\"ez-toc-section\" id=\"User_Responsibilities\"><\/span>Brugerens ansvar<span class=\"ez-toc-section-end\"><\/span><\/h3>\n<h4><span class=\"ez-toc-section\" id=\"Age_Restrictions\"><\/span>Aldersbegr\u00e6nsninger<span class=\"ez-toc-section-end\"><\/span><\/h4>\n<p>Er du gammel nok til at kaste terningerne? F\u00f8r du tr\u00e6der ind i den sp\u00e6ndende verden p\u00e5 LiveCasinoFinder.com, skal du sikre dig, at du har den lovlige alder til at spille. Hvis du ikke er det, er det p\u00e5 tide at skynde dig v\u00e6k herfra!<\/p>\n<h4><span class=\"ez-toc-section\" id=\"Responsible_Gambling\"><\/span>Ansvarligt spil<span class=\"ez-toc-section-end\"><\/span><\/h4>\n<p>Spil b\u00f8r v\u00e6re som at nippe til en god vin - det skal g\u00f8res ansvarligt. Husk altid at holde hovedet koldt, og spil aldrig mere, end du har r\u00e5d til at tabe. T\u00e6nk p\u00e5 det som en venskabelig spilleaften; du er her for sjov, ikke for at t\u00f8mme din livsopsparing!<\/p>\n<h2><span class=\"ez-toc-section\" id=\"Third-Party_Content_and_Links\"><\/span>Tredjepartsindhold og links<span class=\"ez-toc-section-end\"><\/span><\/h2>\n<h3><span class=\"ez-toc-section\" id=\"External_Links\"><\/span>Eksterne links<span class=\"ez-toc-section-end\"><\/span><\/h3>\n<p><em>Har du nogensinde lyst til at udforske nye verdener?<\/em>\u00a0Vi tilbyder links til tredjepartssider. Men tr\u00e6d varsomt, unge opdagelsesrejsende. Vi er ikke ansvarlige for de drager eller det indhold, du m\u00e5tte st\u00f8de p\u00e5 derude.<\/p>\n<h3><span class=\"ez-toc-section\" id=\"Affiliations_and_Partnerships\"><\/span>Tilslutninger og partnerskaber<span class=\"ez-toc-section-end\"><\/span><\/h3>\n<p>Vi er stolte af at v\u00e6re tilknyttet nogle af branchens kongelige. Alligevel forbliver vores integritet uber\u00f8rt, og vores meninger u\u00e6ndrede. Partnerskaber styrer ikke os; vi styrer dem!<\/p>\n<h2><span class=\"ez-toc-section\" id=\"Intellectual_Property\"><\/span>Intellektuel ejendomsret<span class=\"ez-toc-section-end\"><\/span><\/h2>\n<h3><span class=\"ez-toc-section\" id=\"Copyrights\"><\/span>Ophavsret<span class=\"ez-toc-section-end\"><\/span><\/h3>\n<p>Vores indhold er lige s\u00e5 unikt som en enhj\u00f8rning, og det er beskyttet af ophavsretslovgivningens fortryllede skjold. Respekter riget, stj\u00e6l ikke vores indhold!<\/p>\n<h3><span class=\"ez-toc-section\" id=\"Use_of_Content\"><\/span>Brug af indhold<span class=\"ez-toc-section-end\"><\/span><\/h3>\n<p>Du er velkommen til at bruge vores indhold, men husk at angive den magiske kilde, LiveCasinoFinder.com.\u00a0<em>Ville du ikke give kredit til en troldmand, der gav dig et skattekort?<\/em><\/p>\n<h3><span class=\"ez-toc-section\" id=\"Indemnification\"><\/span>Skadesl\u00f8sholdelse<span class=\"ez-toc-section-end\"><\/span><\/h3>\n<p>Hvis dine handlinger f\u00f8rer til juridiske problemer, er det som at g\u00e5 planken ud alene; vi vil ikke dele faldet. Du skal holde os skadesl\u00f8se mod ethvert krav, der opst\u00e5r p\u00e5 grund af din brug af vores skattekort.<\/p>\n<h2><span class=\"ez-toc-section\" id=\"Governing_Law_and_Jurisdiction\"><\/span>G\u00e6ldende lov og jurisdiktion<span class=\"ez-toc-section-end\"><\/span><\/h2>\n<p>De love, der g\u00e6lder for LiveCasinoFinder.com, er strenge og bindende. Eventuelle tvister skal l\u00f8ses under de juridiske \u00f8rnes \u00e5rv\u00e5gne \u00f8je i overensstemmelse med landets love.<\/p>\n<h2><span class=\"ez-toc-section\" id=\"Updates_to_Disclaimer\"><\/span>Opdateringer til ansvarsfraskrivelse<span class=\"ez-toc-section-end\"><\/span><\/h2>\n<p>Vi kan opdatere denne ansvarsfraskrivelse som et skib, der \u00e6ndrer kurs. Hold din kikkert rettet mod denne side for at stay informeret.<\/p>\n<h2><span class=\"ez-toc-section\" id=\"Contact_Information\"><\/span>Kontaktoplysninger<span class=\"ez-toc-section-end\"><\/span><\/h2>\n<p>Hvis du har brug for at komme i kontakt med os, s\u00e5 send os en flaskepost eller kontakt os via vores hjemmeside. Vi v\u00e6rds\u00e6tter feedback, som en pirat v\u00e6rds\u00e6tter guld!<\/p>\n<h2><span class=\"ez-toc-section\" id=\"Conclusion\"><\/span>Konklusion<span class=\"ez-toc-section-end\"><\/span><\/h2>\n<p>S\u00e5, k\u00e6re eventyrere, det var den officielle ansvarsfraskrivelse for LiveCasinoFinder.com. Husk, at med stor magt (eller information, i dette tilf\u00e6lde) f\u00f8lger et stort ansvar. Brug skattekortene klogt, og m\u00e5 din s\u00f8gen blive fyldt med rigdom!<\/p>","protected":false},"excerpt":{"rendered":"<p>LiveCasinoFinder.com er den vigtigste guide til alle jer spilentusiaster derude! Har du nogensinde v\u00e6ret i tvivl om, hvilket live casino du skulle pr\u00f8ve? Vores hjemmeside fungerer som et fyrt\u00e5rn, der guider dig gennem den mystiske verden af live online casinoer. LiveCasinoFinder.com hj\u00e6lper dig med at finde de bedste live casino'er, sammenligne funktioner og endda snuppe nogle super-s\u00f8de bonusser. M\u00e5let med [...]<\/p>","protected":false},"author":1,"featured_media":0,"parent":0,"menu_order":0,"comment_status":"closed","ping_status":"closed","template":"page-no-sidebar.php","meta":{"_lmt_disableupdate":"no","_lmt_disable":"no","footnotes":""},"class_list":["post-2107","page","type-page","status-publish","hentry"],"yoast_head":"<!-- This site is optimized with the Yoast SEO plugin v26.4 - https:\/\/yoast.com\/wordpress\/plugins\/seo\/ -->\n<title>Disclaimer and Important Information<\/title>\n<meta name=\"description\" content=\"Read Live Casino Finder\u2019s disclaimer to understand our policies and ensure a clear and transparent experience when using our live casino guides and reviews.\" \/>\n<meta name=\"robots\" content=\"index, follow, max-snippet:-1, max-image-preview:large, max-video-preview:-1\" \/>\n<link rel=\"canonical\" href=\"https:\/\/livecasinofinder.com\/wp-json\/wp\/v2\/pages\/2107\/\" \/>\n<meta property=\"og:locale\" content=\"da_DK\" \/>\n<meta property=\"og:type\" content=\"article\" \/>\n<meta property=\"og:title\" content=\"Disclaimer and Important Information\" \/>\n<meta property=\"og:description\" content=\"Read Live Casino Finder\u2019s disclaimer to understand our policies and ensure a clear and transparent experience when using our live casino guides and reviews.\" \/>\n<meta property=\"og:url\" content=\"https:\/\/livecasinofinder.com\/da\/disclaimer\/\" \/>\n<meta property=\"og:site_name\" content=\"livecasinofinder.com\" \/>\n<meta property=\"article:modified_time\" content=\"2025-06-03T11:09:24+00:00\" \/>\n<meta property=\"og:image\" content=\"https:\/\/livecasinofinder.com\/wp-content\/uploads\/2023\/03\/lucasoilraceway-logo-1.png\" \/>\n\t<meta property=\"og:image:width\" content=\"427\" \/>\n\t<meta property=\"og:image:height\" content=\"145\" \/>\n\t<meta property=\"og:image:type\" content=\"image\/png\" \/>\n<meta name=\"twitter:card\" content=\"summary_large_image\" \/>\n<meta name=\"twitter:label1\" content=\"Estimeret l\u00e6setid\" \/>\n\t<meta name=\"twitter:data1\" content=\"3 minutter\" \/>\n<!-- \/ Yoast SEO plugin. -->","yoast_head_json":{"title":"Disclaimer and Important Information","description":"Read Live Casino Finder\u2019s disclaimer to understand our policies and ensure a clear and transparent experience when using our live casino guides and reviews.","robots":{"index":"index","follow":"follow","max-snippet":"max-snippet:-1","max-image-preview":"max-image-preview:large","max-video-preview":"max-video-preview:-1"},"canonical":"https:\/\/livecasinofinder.com\/wp-json\/wp\/v2\/pages\/2107\/","og_locale":"da_DK","og_type":"article","og_title":"Disclaimer and Important Information","og_description":"Read Live Casino Finder\u2019s disclaimer to understand our policies and ensure a clear and transparent experience when using our live casino guides and reviews.","og_url":"https:\/\/livecasinofinder.com\/da\/disclaimer\/","og_site_name":"livecasinofinder.com","article_modified_time":"2025-06-03T11:09:24+00:00","og_image":[{"width":427,"height":145,"url":"https:\/\/livecasinofinder.com\/wp-content\/uploads\/2023\/03\/lucasoilraceway-logo-1.png","type":"image\/png"}],"twitter_card":"summary_large_image","twitter_misc":{"Estimeret l\u00e6setid":"3 minutter"},"schema":{"@context":"https:\/\/schema.org","@graph":[{"@type":"WebPage","@id":"https:\/\/livecasinofinder.com\/disclaimer\/","url":"https:\/\/livecasinofinder.com\/disclaimer\/","name":"Disclaimer and Important Information","isPartOf":{"@id":"https:\/\/livecasinofinder.com\/ja\/#website"},"datePublished":"2023-06-20T14:36:44+00:00","dateModified":"2025-06-03T11:09:24+00:00","description":"Read Live Casino Finder\u2019s disclaimer to understand our policies and ensure a clear and transparent experience when using our live casino guides and reviews.","breadcrumb":{"@id":"https:\/\/livecasinofinder.com\/disclaimer\/#breadcrumb"},"inLanguage":"da-DK","potentialAction":[{"@type":"ReadAction","target":["https:\/\/livecasinofinder.com\/disclaimer\/"]}]},{"@type":"BreadcrumbList","@id":"https:\/\/livecasinofinder.com\/disclaimer\/#breadcrumb","itemListElement":[{"@type":"ListItem","position":1,"name":"LiveCasinoFinder.com","item":"https:\/\/livecasinofinder.com\/fr\/"},{"@type":"ListItem","position":2,"name":"Disclaimer"}]},{"@type":"WebSite","@id":"https:\/\/livecasinofinder.com\/ja\/#website","url":"https:\/\/livecasinofinder.com\/ja\/","name":"livecasinofinder","description":"","publisher":{"@id":"https:\/\/livecasinofinder.com\/ja\/#organization"},"alternateName":"Lucas oil raceway live casino","potentialAction":[{"@type":"SearchAction","target":{"@type":"EntryPoint","urlTemplate":"https:\/\/livecasinofinder.com\/ja\/?s={search_term_string}"},"query-input":{"@type":"PropertyValueSpecification","valueRequired":true,"valueName":"search_term_string"}}],"inLanguage":"da-DK"},{"@type":"Organization","@id":"https:\/\/livecasinofinder.com\/ja\/#organization","name":"Live Casino Finder","alternateName":"Lucas oil raceway live casino","url":"https:\/\/livecasinofinder.com\/ja\/","logo":{"@type":"ImageObject","inLanguage":"da-DK","@id":"https:\/\/livecasinofinder.com\/ja\/#\/schema\/logo\/image\/","url":"https:\/\/livecasinofinder.com\/wp-content\/uploads\/2023\/04\/livecasinofinder-logo.png","contentUrl":"https:\/\/livecasinofinder.com\/wp-content\/uploads\/2023\/04\/livecasinofinder-logo.png","width":1600,"height":453,"caption":"Live Casino Finder"},"image":{"@id":"https:\/\/livecasinofinder.com\/ja\/#\/schema\/logo\/image\/"}}]}},"_links":{"self":[{"href":"https:\/\/livecasinofinder.com\/da\/wp-json\/wp\/v2\/pages\/2107","targetHints":{"allow":["GET"]}}],"collection":[{"href":"https:\/\/livecasinofinder.com\/da\/wp-json\/wp\/v2\/pages"}],"about":[{"href":"https:\/\/livecasinofinder.com\/da\/wp-json\/wp\/v2\/types\/page"}],"author":[{"embeddable":true,"href":"https:\/\/livecasinofinder.com\/da\/wp-json\/wp\/v2\/users\/1"}],"replies":[{"embeddable":true,"href":"https:\/\/livecasinofinder.com\/da\/wp-json\/wp\/v2\/comments?post=2107"}],"version-history":[{"count":0,"href":"https:\/\/livecasinofinder.com\/da\/wp-json\/wp\/v2\/pages\/2107\/revisions"}],"wp:attachment":[{"href":"https:\/\/livecasinofinder.com\/da\/wp-json\/wp\/v2\/media?parent=2107"}],"curies":[{"name":"wp","href":"https:\/\/api.w.org\/{rel}","templated":true}]}}