{"id":2105,"date":"2023-06-20T14:36:13","date_gmt":"2023-06-20T14:36:13","guid":{"rendered":"https:\/\/livecasinofinder.com\/?page_id=2105"},"modified":"2025-06-03T11:10:21","modified_gmt":"2025-06-03T11:10:21","slug":"cookie-policy","status":"publish","type":"page","link":"https:\/\/livecasinofinder.com\/da\/cookie-policy\/","title":{"rendered":"Cookie-politik"},"content":{"rendered":"<p>Velkommen til <a href=\"\/da\/\">Live Casino Finder<\/a>din ultimative destination for alt, hvad der har med live casino-spil at g\u00f8re! Vi er dedikerede til at give dig en fordybende og sp\u00e6ndende online spiloplevelse som ingen anden. P\u00e5 vores sp\u00e6ndende rejse sammen med ether vil vi gerne kaste lys over vores omfattende cookiepolitik. Vores engagement i gennemsigtighed, privatlivets fred og en enest\u00e5ende brugeroplevelse er i h\u00f8js\u00e6det i alt, hvad vi g\u00f8r.<\/p>\n<div id=\"ez-toc-container\" class=\"ez-toc-v2_0_63 counter-hierarchy ez-toc-counter ez-toc-grey ez-toc-container-direction\">\n<label for=\"ez-toc-cssicon-toggle-item-69d2f1cd63fe9\" class=\"ez-toc-cssicon-toggle-label\"><span class=\"ez-toc-cssicon\"><span class=\"eztoc-hide\" style=\"display:none;\">Toggle<\/span><span class=\"ez-toc-icon-toggle-span\"><svg style=\"fill: #999;color:#999\" xmlns=\"http:\/\/www.w3.org\/2000\/svg\" class=\"list-377408\" width=\"20px\" height=\"20px\" viewbox=\"0 0 24 24\" fill=\"none\"><path d=\"M6 6H4v2h2V6zm14 0H8v2h12V6zM4 11h2v2H4v-2zm16 0H8v2h12v-2zM4 16h2v2H4v-2zm16 0H8v2h12v-2z\" fill=\"currentColor\"><\/path><\/svg><svg style=\"fill: #999;color:#999\" class=\"arrow-unsorted-368013\" xmlns=\"http:\/\/www.w3.org\/2000\/svg\" width=\"10px\" height=\"10px\" viewbox=\"0 0 24 24\" version=\"1.2\" baseprofile=\"tiny\"><path d=\"M18.2 9.3l-6.2-6.3-6.2 6.3c-.2.2-.3.4-.3.7s.1.5.3.7c.2.2.4.3.7.3h11c.3 0 .5-.1.7-.3.2-.2.3-.5.3-.7s-.1-.5-.3-.7zM5.8 14.7l6.2 6.3 6.2-6.3c.2-.2.3-.5.3-.7s-.1-.5-.3-.7c-.2-.2-.4-.3-.7-.3h-11c-.3 0-.5.1-.7.3-.2.2-.3.5-.3.7s.1.5.3.7z\"\/><\/svg><\/span><\/span><\/label><input type=\"checkbox\"  id=\"ez-toc-cssicon-toggle-item-69d2f1cd63fe9\" checked aria-label=\"Toggle\" \/><nav><ul class='ez-toc-list ez-toc-list-level-1' ><li class='ez-toc-page-1 ez-toc-heading-level-2'><a class=\"ez-toc-link ez-toc-heading-1\" href=\"https:\/\/livecasinofinder.com\/da\/cookie-policy\/#Live_Casino_Finder_Comprehensive_Cookie_Policy\" title=\"Live Casino Finder Omfattende cookiepolitik\">Live Casino Finder Omfattende cookiepolitik<\/a><\/li><li class='ez-toc-page-1 ez-toc-heading-level-2'><a class=\"ez-toc-link ez-toc-heading-2\" href=\"https:\/\/livecasinofinder.com\/da\/cookie-policy\/#Exploring_the_Concept_of_Cookies\" title=\"Udforskning af begrebet cookies\">Udforskning af begrebet cookies<\/a><\/li><li class='ez-toc-page-1 ez-toc-heading-level-2'><a class=\"ez-toc-link ez-toc-heading-3\" href=\"https:\/\/livecasinofinder.com\/da\/cookie-policy\/#Our_Application_of_Cookies\" title=\"Vores anvendelse af cookies\">Vores anvendelse af cookies<\/a><\/li><li class='ez-toc-page-1 ez-toc-heading-level-2'><a class=\"ez-toc-link ez-toc-heading-4\" href=\"https:\/\/livecasinofinder.com\/da\/cookie-policy\/#Categories_of_Cookies_We_Use\" title=\"Kategorier af cookies, vi bruger\">Kategorier af cookies, vi bruger<\/a><\/li><li class='ez-toc-page-1 ez-toc-heading-level-2'><a class=\"ez-toc-link ez-toc-heading-5\" href=\"https:\/\/livecasinofinder.com\/da\/cookie-policy\/#Managing_Your_Cookie_Preferences\" title=\"Administration af dine cookie-pr\u00e6ferencer\">Administration af dine cookie-pr\u00e6ferencer<\/a><\/li><\/ul><\/nav><\/div>\n\n<h2><span class=\"ez-toc-section\" id=\"Live_Casino_Finder_Comprehensive_Cookie_Policy\"><\/span>Live Casino Finder Omfattende cookiepolitik<span class=\"ez-toc-section-end\"><\/span><\/h2>\n<p>Hos Live Casino Finder prioriterer vi dit privatliv, mens vi tilbyder en personlig og problemfri browseroplevelse. Vores omfattende cookiepolitik er designet til at give dig klarhed og sikkerhed og sikre, at dit privatliv forbliver beskyttet, n\u00e5r du udforsker den f\u00e6ngslende verden af live casino-spil.<\/p>\n<h2><span class=\"ez-toc-section\" id=\"Exploring_the_Concept_of_Cookies\"><\/span>Udforskning af begrebet cookies<span class=\"ez-toc-section-end\"><\/span><\/h2>\n<p>Cookies er sm\u00e5 tekstfiler, der sendes til din enhed, n\u00e5r du bes\u00f8ger vores hjemmeside. Disse digitale vidundere spiller en afg\u00f8rende rolle i optimeringen af din tid hos os. Ved at give os mulighed for at genkende og huske dig, muligg\u00f8r cookies en problemfri og personlig rejse, der er skr\u00e6ddersyet til dine pr\u00e6ferencer. Hos Live Casino Finder udnytter vi kraften i cookies til at g\u00f8re din oplevelse mere forn\u00f8jelig, effektiv og interaktiv.<\/p>\n<h2><span class=\"ez-toc-section\" id=\"Our_Application_of_Cookies\"><\/span>Vores anvendelse af cookies<span class=\"ez-toc-section-end\"><\/span><\/h2>\n<p>Vi bruger cookies til at l\u00f8fte dit live casino spileventyr til nye h\u00f8jder. Disse kraftfulde v\u00e6rkt\u00f8jer hj\u00e6lper os med at levere en tilpasset og brugercentreret oplevelse. Ved at bruge cookies kan vi huske dine pr\u00e6ferencer og sikre, at hvert bes\u00f8g f\u00f8les som en skr\u00e6ddersyet invitation til en verden af sp\u00e6nding. Hvad enten det drejer sig om at tilpasse dine spilanbefalinger, huske dine foretrukne indstillinger eller give dig eksklusive kampagner, g\u00f8r cookies det muligt for os at skabe en uforglemmelig oplevelse kun for dig.<\/p>\n<h2><span class=\"ez-toc-section\" id=\"Categories_of_Cookies_We_Use\"><\/span>Kategorier af cookies, vi bruger<span class=\"ez-toc-section-end\"><\/span><\/h2>\n<ol>\n<li>N\u00f8dvendige cookies: Disse cookies er afg\u00f8rende for, at vores hjemmeside kan fungere. De muligg\u00f8r kritiske funktioner som sikre logins, kontoadministration og problemfri transaktioner, hvilket sikrer, at din spiloplevelse forbliver glat og uafbrudt.<\/li>\n<li>Cookies til ydeevne: Hos Live Casino Finder str\u00e6ber vi efter at tilbyde dig den bedste live casino spiloplevelse. Performance-cookies giver os mulighed for at indsamle indsigt i, hvordan du navigerer p\u00e5 vores hjemmeside, s\u00e5 vi kan analysere og optimere vores platforms ydeevne. Ved l\u00f8bende at forbedre vores tjenester sikrer vi, at din spiloplevelse er hurtig, p\u00e5lidelig og enest\u00e5ende.<\/li>\n<li>Funktionelle cookies: Vores engagement i personalisering afspejles i brugen af funktionalitetscookies. Disse cookies g\u00f8r det muligt for os at huske dine pr\u00e6ferencer og skabe et skr\u00e6ddersyet og fordybende spilmilj\u00f8 lige til dig. Fra at huske dine sprogpr\u00e6ferencer til at tilbyde dig relevante spilmuligheder, g\u00f8r funktionalitetscookies dit live casino spileventyr uforglemmeligt.<\/li>\n<\/ol>\n<h2><span class=\"ez-toc-section\" id=\"Managing_Your_Cookie_Preferences\"><\/span>Administration af dine cookie-pr\u00e6ferencer<span class=\"ez-toc-section-end\"><\/span><\/h2>\n<p>Vi mener, at du b\u00f8r have kontrol over dit privatliv og din browseroplevelse. Live Casino Finder giver dig nemme muligheder for at administrere dine cookie-pr\u00e6ferencer i henhold til dine pr\u00e6ferencer. Du kan justere dine indstillinger via din browser og v\u00e6lge at acceptere eller afvise cookies. Bem\u00e6rk dog, at deaktivering af cookies kan begr\u00e6nse visse funktioner og funktionaliteter p\u00e5 vores hjemmeside. Vi str\u00e6ber efter at finde den perfekte balance mellem personalisering og privatliv, hvilket sikrer, at din rejse med Live Casino Finder er sikker, problemfri og skr\u00e6ddersyet til dine \u00f8nsker.<\/p>\n<p>Afslutningsvis viser Live Casino Finders omfattende cookiepolitik vores urokkelige engagement i gennemsigtighed, privatliv og levering af en ekstraordin\u00e6r live casino-spiloplevelse. Med kraften i cookies sigter vi mod at skabe en personlig og fordybende rejse, skr\u00e6ddersyet til dine pr\u00e6ferencer. V\u00e6r med til at udforske den f\u00e6ngslende verden af live casino-spil, vel vidende at dit privatliv respekteres, din oplevelse er optimeret, og din tilfredshed er vores h\u00f8jeste prioritet. Velkommen til Live Casino Finder, hvor sp\u00e6ndingen ved live gaming venter!<\/p>","protected":false},"excerpt":{"rendered":"<p>Velkommen til Live Casino Finder, din ultimative destination for alt live casino-spil! Vi er dedikerede til at give dig en fordybende og sp\u00e6ndende online spiloplevelse som ingen anden. N\u00e5r vi g\u00e5r i gang med denne sp\u00e6ndende rejse together, \u00f8nsker vi at kaste lys over vores omfattende cookiepolitik. Vores forpligtelse til gennemsigtighed, privatliv og [...]<\/p>","protected":false},"author":1,"featured_media":0,"parent":0,"menu_order":0,"comment_status":"closed","ping_status":"closed","template":"page-no-sidebar.php","meta":{"_lmt_disableupdate":"no","_lmt_disable":"no","footnotes":""},"class_list":["post-2105","page","type-page","status-publish","hentry"],"yoast_head":"<!-- This site is optimized with the Yoast SEO plugin v26.4 - https:\/\/yoast.com\/wordpress\/plugins\/seo\/ -->\n<title>Cookie Policy and Data Use<\/title>\n<meta name=\"description\" content=\"Understand how Live Casino Finder uses cookies to improve your experience and provide relevant content while protecting your privacy and data security.\" \/>\n<meta name=\"robots\" content=\"index, follow, max-snippet:-1, max-image-preview:large, max-video-preview:-1\" \/>\n<link rel=\"canonical\" href=\"https:\/\/livecasinofinder.com\/wp-json\/wp\/v2\/pages\/2105\/\" \/>\n<meta property=\"og:locale\" content=\"da_DK\" \/>\n<meta property=\"og:type\" content=\"article\" \/>\n<meta property=\"og:title\" content=\"Cookie Policy and Data Use\" \/>\n<meta property=\"og:description\" content=\"Understand how Live Casino Finder uses cookies to improve your experience and provide relevant content while protecting your privacy and data security.\" \/>\n<meta property=\"og:url\" content=\"https:\/\/livecasinofinder.com\/da\/cookie-policy\/\" \/>\n<meta property=\"og:site_name\" content=\"livecasinofinder.com\" \/>\n<meta property=\"article:modified_time\" content=\"2025-06-03T11:10:21+00:00\" \/>\n<meta property=\"og:image\" content=\"https:\/\/livecasinofinder.com\/wp-content\/uploads\/2023\/03\/lucasoilraceway-logo-1.png\" \/>\n\t<meta property=\"og:image:width\" content=\"427\" \/>\n\t<meta property=\"og:image:height\" content=\"145\" \/>\n\t<meta property=\"og:image:type\" content=\"image\/png\" \/>\n<meta name=\"twitter:card\" content=\"summary_large_image\" \/>\n<meta name=\"twitter:label1\" content=\"Estimeret l\u00e6setid\" \/>\n\t<meta name=\"twitter:data1\" content=\"3 minutter\" \/>\n<!-- \/ Yoast SEO plugin. -->","yoast_head_json":{"title":"Cookie Policy and Data Use","description":"Understand how Live Casino Finder uses cookies to improve your experience and provide relevant content while protecting your privacy and data security.","robots":{"index":"index","follow":"follow","max-snippet":"max-snippet:-1","max-image-preview":"max-image-preview:large","max-video-preview":"max-video-preview:-1"},"canonical":"https:\/\/livecasinofinder.com\/wp-json\/wp\/v2\/pages\/2105\/","og_locale":"da_DK","og_type":"article","og_title":"Cookie Policy and Data Use","og_description":"Understand how Live Casino Finder uses cookies to improve your experience and provide relevant content while protecting your privacy and data security.","og_url":"https:\/\/livecasinofinder.com\/da\/cookie-policy\/","og_site_name":"livecasinofinder.com","article_modified_time":"2025-06-03T11:10:21+00:00","og_image":[{"width":427,"height":145,"url":"https:\/\/livecasinofinder.com\/wp-content\/uploads\/2023\/03\/lucasoilraceway-logo-1.png","type":"image\/png"}],"twitter_card":"summary_large_image","twitter_misc":{"Estimeret l\u00e6setid":"3 minutter"},"schema":{"@context":"https:\/\/schema.org","@graph":[{"@type":"WebPage","@id":"https:\/\/livecasinofinder.com\/cookie-policy\/","url":"https:\/\/livecasinofinder.com\/cookie-policy\/","name":"Cookie Policy and Data Use","isPartOf":{"@id":"https:\/\/livecasinofinder.com\/ja\/#website"},"datePublished":"2023-06-20T14:36:13+00:00","dateModified":"2025-06-03T11:10:21+00:00","description":"Understand how Live Casino Finder uses cookies to improve your experience and provide relevant content while protecting your privacy and data security.","breadcrumb":{"@id":"https:\/\/livecasinofinder.com\/cookie-policy\/#breadcrumb"},"inLanguage":"da-DK","potentialAction":[{"@type":"ReadAction","target":["https:\/\/livecasinofinder.com\/cookie-policy\/"]}]},{"@type":"BreadcrumbList","@id":"https:\/\/livecasinofinder.com\/cookie-policy\/#breadcrumb","itemListElement":[{"@type":"ListItem","position":1,"name":"LiveCasinoFinder.com","item":"https:\/\/livecasinofinder.com\/fr\/"},{"@type":"ListItem","position":2,"name":"Cookie Policy"}]},{"@type":"WebSite","@id":"https:\/\/livecasinofinder.com\/ja\/#website","url":"https:\/\/livecasinofinder.com\/ja\/","name":"livecasinofinder","description":"","publisher":{"@id":"https:\/\/livecasinofinder.com\/ja\/#organization"},"alternateName":"Lucas oil raceway live casino","potentialAction":[{"@type":"SearchAction","target":{"@type":"EntryPoint","urlTemplate":"https:\/\/livecasinofinder.com\/ja\/?s={search_term_string}"},"query-input":{"@type":"PropertyValueSpecification","valueRequired":true,"valueName":"search_term_string"}}],"inLanguage":"da-DK"},{"@type":"Organization","@id":"https:\/\/livecasinofinder.com\/ja\/#organization","name":"Live Casino Finder","alternateName":"Lucas oil raceway live casino","url":"https:\/\/livecasinofinder.com\/ja\/","logo":{"@type":"ImageObject","inLanguage":"da-DK","@id":"https:\/\/livecasinofinder.com\/ja\/#\/schema\/logo\/image\/","url":"https:\/\/livecasinofinder.com\/wp-content\/uploads\/2023\/04\/livecasinofinder-logo.png","contentUrl":"https:\/\/livecasinofinder.com\/wp-content\/uploads\/2023\/04\/livecasinofinder-logo.png","width":1600,"height":453,"caption":"Live Casino Finder"},"image":{"@id":"https:\/\/livecasinofinder.com\/ja\/#\/schema\/logo\/image\/"}}]}},"_links":{"self":[{"href":"https:\/\/livecasinofinder.com\/da\/wp-json\/wp\/v2\/pages\/2105","targetHints":{"allow":["GET"]}}],"collection":[{"href":"https:\/\/livecasinofinder.com\/da\/wp-json\/wp\/v2\/pages"}],"about":[{"href":"https:\/\/livecasinofinder.com\/da\/wp-json\/wp\/v2\/types\/page"}],"author":[{"embeddable":true,"href":"https:\/\/livecasinofinder.com\/da\/wp-json\/wp\/v2\/users\/1"}],"replies":[{"embeddable":true,"href":"https:\/\/livecasinofinder.com\/da\/wp-json\/wp\/v2\/comments?post=2105"}],"version-history":[{"count":0,"href":"https:\/\/livecasinofinder.com\/da\/wp-json\/wp\/v2\/pages\/2105\/revisions"}],"wp:attachment":[{"href":"https:\/\/livecasinofinder.com\/da\/wp-json\/wp\/v2\/media?parent=2105"}],"curies":[{"name":"wp","href":"https:\/\/api.w.org\/{rel}","templated":true}]}}