{"id":381,"date":"2023-03-15T17:35:24","date_gmt":"2023-03-15T17:35:24","guid":{"rendered":"https:\/\/livecasinofinder.com\/?page_id=381"},"modified":"2025-06-03T11:06:50","modified_gmt":"2025-06-03T11:06:50","slug":"about-us","status":"publish","type":"page","link":"https:\/\/livecasinofinder.com\/cs\/about-us\/","title":{"rendered":"O n\u00e1s"},"content":{"rendered":"<p>V\u00edtejte na str\u00e1nk\u00e1ch livecasinofinder.com, va\u0161eho d\u016fv\u011bryhodn\u00e9ho zdroje objektivn\u00edch a informativn\u00edch recenz\u00ed live casino. Na\u0161\u00edm hlavn\u00edm posl\u00e1n\u00edm je poskytovat na\u0161im \u010dten\u00e1\u0159\u016fm p\u0159esn\u00e9 a aktu\u00e1ln\u00ed informace o nejd\u016fv\u011bryhodn\u011bj\u0161\u00edch a nejspolehliv\u011bj\u0161\u00edch online kasinech se zam\u011b\u0159en\u00edm na podporu zodpov\u011bdn\u00e9ho hran\u00ed.<\/p>\n<p>Na livecasinofinder.com si d\u00e1v\u00e1me za c\u00edl poskytnout v\u00e1m p\u0159esn\u00e9 a informativn\u00ed recenze nejlep\u0161\u00edch live casino dostupn\u00fdch online. Na\u0161\u00edm hlavn\u00edm posl\u00e1n\u00edm je pom\u00e1hat v\u00e1m \u010dinit informovan\u00e1 rozhodnut\u00ed o tom, kde hr\u00e1t online.<\/p>\n<h2>N\u00e1\u0161 t\u00fdm<\/h2>\n<p><a href=\"\/cs\/recommends\/reg\/\" target=\"_blank\" rel=\"noreferrer noopener nofollow\"><img decoding=\"async\" class=\"wp-image-392 alignright\" src=\"https:\/\/livecasinofinder.com\/wp-content\/uploads\/2023\/03\/team.jpg\" alt=\"T\u00fdm kasina v re\u00e1ln\u00e9m \u010dase.\" width=\"346\" height=\"192\" srcset=\"https:\/\/livecasinofinder.com\/wp-content\/uploads\/2023\/03\/team.jpg 597w, https:\/\/livecasinofinder.com\/wp-content\/uploads\/2023\/03\/team-300x166.jpg 300w, https:\/\/livecasinofinder.com\/wp-content\/uploads\/2023\/03\/team-18x10.jpg 18w, https:\/\/livecasinofinder.com\/wp-content\/uploads\/2023\/03\/team-72x40.jpg 72w, https:\/\/livecasinofinder.com\/wp-content\/uploads\/2023\/03\/team-58x32.jpg 58w, https:\/\/livecasinofinder.com\/wp-content\/uploads\/2023\/03\/team-144x80.jpg 144w, https:\/\/livecasinofinder.com\/wp-content\/uploads\/2023\/03\/team-243x135.jpg 243w\" sizes=\"(max-width: 346px) 100vw, 346px\" \/><\/a><\/p>\n<p>N\u00e1\u0161 t\u00fdm zku\u0161en\u00fdch a znal\u00fdch recenzent\u016f se sna\u017e\u00ed poskytovat na\u0161im \u010dten\u00e1\u0159\u016fm co nejlep\u0161\u00ed informace. V\u011b\u0159\u00edme v d\u016fle\u017eitost rozs\u00e1hl\u00e9ho v\u00fdzkumu a anal\u00fdzy a sna\u017e\u00edme se poskytovat up\u0159\u00edmn\u00e9 a nestrann\u00e9 recenze zalo\u017een\u00e9 na na\u0161ich zji\u0161t\u011bn\u00edch.<\/p>\n<h2>Na\u0161e v\u00fdhody<\/h2>\n<p><a href=\"\/cs\/recommends\/reg\/\" target=\"_blank\" rel=\"noreferrer noopener nofollow\"><img decoding=\"async\" class=\"wp-image-384 alignleft\" src=\"https:\/\/livecasinofinder.com\/wp-content\/uploads\/2023\/03\/advantages.jpg\" alt=\"V\u00fdhody Lucasoilraceway.com.\" width=\"496\" height=\"498\" srcset=\"https:\/\/livecasinofinder.com\/wp-content\/uploads\/2023\/03\/advantages.jpg 463w, https:\/\/livecasinofinder.com\/wp-content\/uploads\/2023\/03\/advantages-300x300.jpg 300w, https:\/\/livecasinofinder.com\/wp-content\/uploads\/2023\/03\/advantages-150x150.jpg 150w, https:\/\/livecasinofinder.com\/wp-content\/uploads\/2023\/03\/advantages-12x12.jpg 12w, https:\/\/livecasinofinder.com\/wp-content\/uploads\/2023\/03\/advantages-40x40.jpg 40w, https:\/\/livecasinofinder.com\/wp-content\/uploads\/2023\/03\/advantages-50x50.jpg 50w, https:\/\/livecasinofinder.com\/wp-content\/uploads\/2023\/03\/advantages-100x100.jpg 100w, https:\/\/livecasinofinder.com\/wp-content\/uploads\/2023\/03\/advantages-120x120.jpg 120w, https:\/\/livecasinofinder.com\/wp-content\/uploads\/2023\/03\/advantages-135x135.jpg 135w, https:\/\/livecasinofinder.com\/wp-content\/uploads\/2023\/03\/advantages-270x270.jpg 270w, https:\/\/livecasinofinder.com\/wp-content\/uploads\/2023\/03\/advantages-32x32.jpg 32w, https:\/\/livecasinofinder.com\/wp-content\/uploads\/2023\/03\/advantages-80x80.jpg 80w, https:\/\/livecasinofinder.com\/wp-content\/uploads\/2023\/03\/advantages-134x135.jpg 134w\" sizes=\"(max-width: 496px) 100vw, 496px\" \/><\/a><\/p>\n<p>Jednou z v\u00fdhod v\u00fdb\u011bru livecasinofinder.com je n\u00e1\u0161 z\u00e1vazek k zodpov\u011bdn\u00e9mu hran\u00ed. Jsme hrd\u00ed na to, \u017ee propagujeme bezpe\u010dn\u00e9 a kontrolovan\u00e9 hern\u00ed postupy, a sna\u017e\u00edme se na\u0161im \u010dten\u00e1\u0159\u016fm poskytovat p\u0159esn\u00e9 a aktu\u00e1ln\u00ed informace, kter\u00e9 jim pomohou \u010dinit informovan\u00e1 rozhodnut\u00ed t\u00fdkaj\u00edc\u00ed se online hazardn\u00edch her.<\/p>\n<p>Dal\u0161\u00ed v\u00fdhodou je na\u0161e zam\u011b\u0159en\u00ed na informa\u010dn\u00ed obsah. N\u00e1\u0161 obsah je navr\u017een tak, aby byl u\u017eite\u010dn\u00fd a informativn\u00ed a poskytoval \u010dten\u00e1\u0159\u016fm informace, kter\u00e9 pot\u0159ebuj\u00ed k rozhodnut\u00ed, kde hr\u00e1t online. Ch\u00e1peme, \u017ee online hran\u00ed m\u016f\u017ee b\u00fdt vzru\u0161uj\u00edc\u00ed i ohromuj\u00edc\u00ed, a proto se sna\u017e\u00edme tento proces zjednodu\u0161it t\u00edm, \u017ee poskytujeme podrobn\u00e9 a srozumiteln\u00e9 recenze.<\/p>\n<p>Jako nez\u00e1visl\u00fd web nejsme spojeni s \u017e\u00e1dn\u00fdm z online kasin, kter\u00e1 kontrolujeme, co\u017e n\u00e1m umo\u017e\u0148uje poskytovat nestrann\u00e9 a objektivn\u00ed recenze zalo\u017een\u00e9 na rozs\u00e1hl\u00e9m v\u00fdzkumu a anal\u00fdze. Jsme hrd\u00ed na n\u00e1\u0161 z\u00e1vazek podporovat zodpov\u011bdn\u00e9 postupy p\u0159i hran\u00ed a zam\u011b\u0159ujeme se na podporu zdrav\u00e9ho a p\u0159\u00edjemn\u00e9ho hran\u00ed.<\/p>\n<p>Neust\u00e1le sledujeme trh s online kasiny a podle toho aktualizujeme na\u0161e recenze, aby na\u0161i \u010dten\u00e1\u0159i mohli z\u016fstat v obraze a \u010dinit informovan\u00e1 rozhodnut\u00ed. Na\u0161im \u010dten\u00e1\u0159\u016fm a partner\u016fm se sna\u017e\u00edme poskytovat co nejlep\u0161\u00ed slu\u017eby a v\u00edt\u00e1me zp\u011btnou vazbu a n\u00e1vrhy. M\u00e1te-li jak\u00e9koli dotazy nebo p\u0159ipom\u00ednky, nev\u00e1hejte n\u00e1s kontaktovat.<\/p>\n<h2>Z\u00e1v\u011br<\/h2>\n<p>D\u011bkujeme, \u017ee jste si vybrali livecasinofinder.com jako sv\u016fj d\u016fv\u011bryhodn\u00fd zdroj recenz\u00ed pro live casino. Na\u0161\u00edm c\u00edlem je poskytovat na\u0161im \u010dten\u00e1\u0159\u016fm a partner\u016fm co nejlep\u0161\u00ed slu\u017eby a v\u00edt\u00e1me zp\u011btnou vazbu a n\u00e1vrhy. M\u00e1te-li jak\u00e9koli dotazy nebo p\u0159ipom\u00ednky, nev\u00e1hejte n\u00e1s kontaktovat. T\u011b\u0161\u00edme se, \u017ee v\u00e1m pom\u016f\u017eeme \u010dinit informovan\u00e1 rozhodnut\u00ed a dop\u0159\u00e1t v\u00e1m p\u0159\u00edjemn\u00e9 a bezpe\u010dn\u00e9 hran\u00ed online.<\/p>","protected":false},"excerpt":{"rendered":"<p>V\u00edtejte na str\u00e1nk\u00e1ch livecasinofinder.com, va\u0161eho d\u016fv\u011bryhodn\u00e9ho zdroje objektivn\u00edch a informativn\u00edch recenz\u00ed live casino. Na\u0161\u00edm hlavn\u00edm posl\u00e1n\u00edm je poskytovat na\u0161im \u010dten\u00e1\u0159\u016fm p\u0159esn\u00e9 a aktu\u00e1ln\u00ed informace o nejd\u016fv\u011bryhodn\u011bj\u0161\u00edch a nejspolehliv\u011bj\u0161\u00edch online kasinech se zam\u011b\u0159en\u00edm na podporu zodpov\u011bdn\u00e9ho hran\u00ed. Na livecasinofinder.com se sna\u017e\u00edme poskytovat v\u00e1m p\u0159esn\u00e9 a informativn\u00ed recenze kasin, kter\u00e9 jsou [...]<\/p>","protected":false},"author":1,"featured_media":0,"parent":0,"menu_order":0,"comment_status":"closed","ping_status":"closed","template":"page-full-width.php","meta":{"_lmt_disableupdate":"no","_lmt_disable":"no","footnotes":""},"class_list":["post-381","page","type-page","status-publish","hentry"],"yoast_head":"<!-- This site is optimized with the Yoast SEO plugin v26.4 - https:\/\/yoast.com\/wordpress\/plugins\/seo\/ -->\n<title>About Us - Live Casino Finder Team and Mission<\/title>\n<meta name=\"description\" content=\"Learn how Live Casino Finder helps you choose the best live casinos with trusted reviews and expert guidance for a confident gaming experience.\" \/>\n<meta name=\"robots\" content=\"index, follow, max-snippet:-1, max-image-preview:large, max-video-preview:-1\" \/>\n<link rel=\"canonical\" href=\"https:\/\/livecasinofinder.com\/wp-json\/wp\/v2\/pages\/381\/\" \/>\n<meta property=\"og:locale\" content=\"cs_CZ\" \/>\n<meta property=\"og:type\" content=\"article\" \/>\n<meta property=\"og:title\" content=\"About Us - Live Casino Finder Team and Mission\" \/>\n<meta property=\"og:description\" content=\"Learn how Live Casino Finder helps you choose the best live casinos with trusted reviews and expert guidance for a confident gaming experience.\" \/>\n<meta property=\"og:url\" content=\"https:\/\/livecasinofinder.com\/cs\/about-us\/\" \/>\n<meta property=\"og:site_name\" content=\"livecasinofinder.com\" \/>\n<meta property=\"article:modified_time\" content=\"2025-06-03T11:06:50+00:00\" \/>\n<meta property=\"og:image\" content=\"https:\/\/livecasinofinder.com\/wp-content\/uploads\/2023\/03\/team.jpg\" \/>\n\t<meta property=\"og:image:width\" content=\"597\" \/>\n\t<meta property=\"og:image:height\" content=\"331\" \/>\n\t<meta property=\"og:image:type\" content=\"image\/jpeg\" \/>\n<meta name=\"twitter:card\" content=\"summary_large_image\" \/>\n<meta name=\"twitter:label1\" content=\"Odhadovan\u00e1 doba \u010dten\u00ed\" \/>\n\t<meta name=\"twitter:data1\" content=\"3 minuty\" \/>\n<!-- \/ Yoast SEO plugin. -->","yoast_head_json":{"title":"About Us - Live Casino Finder Team and Mission","description":"Learn how Live Casino Finder helps you choose the best live casinos with trusted reviews and expert guidance for a confident gaming experience.","robots":{"index":"index","follow":"follow","max-snippet":"max-snippet:-1","max-image-preview":"max-image-preview:large","max-video-preview":"max-video-preview:-1"},"canonical":"https:\/\/livecasinofinder.com\/wp-json\/wp\/v2\/pages\/381\/","og_locale":"cs_CZ","og_type":"article","og_title":"About Us - Live Casino Finder Team and Mission","og_description":"Learn how Live Casino Finder helps you choose the best live casinos with trusted reviews and expert guidance for a confident gaming experience.","og_url":"https:\/\/livecasinofinder.com\/cs\/about-us\/","og_site_name":"livecasinofinder.com","article_modified_time":"2025-06-03T11:06:50+00:00","og_image":[{"width":597,"height":331,"url":"https:\/\/livecasinofinder.com\/wp-content\/uploads\/2023\/03\/team.jpg","type":"image\/jpeg"}],"twitter_card":"summary_large_image","twitter_misc":{"Odhadovan\u00e1 doba \u010dten\u00ed":"3 minuty"},"schema":{"@context":"https:\/\/schema.org","@graph":[{"@type":"WebPage","@id":"https:\/\/livecasinofinder.com\/about-us\/","url":"https:\/\/livecasinofinder.com\/about-us\/","name":"About Us - Live Casino Finder Team and Mission","isPartOf":{"@id":"https:\/\/livecasinofinder.com\/ja\/#website"},"primaryImageOfPage":{"@id":"https:\/\/livecasinofinder.com\/about-us\/#primaryimage"},"image":{"@id":"https:\/\/livecasinofinder.com\/about-us\/#primaryimage"},"thumbnailUrl":"https:\/\/livecasinofinder.com\/wp-content\/uploads\/2023\/03\/team.jpg","datePublished":"2023-03-15T17:35:24+00:00","dateModified":"2025-06-03T11:06:50+00:00","description":"Learn how Live Casino Finder helps you choose the best live casinos with trusted reviews and expert guidance for a confident gaming experience.","breadcrumb":{"@id":"https:\/\/livecasinofinder.com\/about-us\/#breadcrumb"},"inLanguage":"cs","potentialAction":[{"@type":"ReadAction","target":["https:\/\/livecasinofinder.com\/about-us\/"]}]},{"@type":"ImageObject","inLanguage":"cs","@id":"https:\/\/livecasinofinder.com\/about-us\/#primaryimage","url":"https:\/\/livecasinofinder.com\/wp-content\/uploads\/2023\/03\/team.jpg","contentUrl":"https:\/\/livecasinofinder.com\/wp-content\/uploads\/2023\/03\/team.jpg"},{"@type":"BreadcrumbList","@id":"https:\/\/livecasinofinder.com\/about-us\/#breadcrumb","itemListElement":[{"@type":"ListItem","position":1,"name":"LiveCasinoFinder.com","item":"https:\/\/livecasinofinder.com\/fr\/"},{"@type":"ListItem","position":2,"name":"About Us"}]},{"@type":"WebSite","@id":"https:\/\/livecasinofinder.com\/ja\/#website","url":"https:\/\/livecasinofinder.com\/ja\/","name":"livecasinofinder","description":"","publisher":{"@id":"https:\/\/livecasinofinder.com\/ja\/#organization"},"alternateName":"Lucas oil raceway live casino","potentialAction":[{"@type":"SearchAction","target":{"@type":"EntryPoint","urlTemplate":"https:\/\/livecasinofinder.com\/ja\/?s={search_term_string}"},"query-input":{"@type":"PropertyValueSpecification","valueRequired":true,"valueName":"search_term_string"}}],"inLanguage":"cs"},{"@type":"Organization","@id":"https:\/\/livecasinofinder.com\/ja\/#organization","name":"Vyhled\u00e1va\u010d \u017eiv\u00fdch kasin","alternateName":"Lucas oil raceway live casino","url":"https:\/\/livecasinofinder.com\/ja\/","logo":{"@type":"ImageObject","inLanguage":"cs","@id":"https:\/\/livecasinofinder.com\/ja\/#\/schema\/logo\/image\/","url":"https:\/\/livecasinofinder.com\/wp-content\/uploads\/2023\/04\/livecasinofinder-logo.png","contentUrl":"https:\/\/livecasinofinder.com\/wp-content\/uploads\/2023\/04\/livecasinofinder-logo.png","width":1600,"height":453,"caption":"Live Casino Finder"},"image":{"@id":"https:\/\/livecasinofinder.com\/ja\/#\/schema\/logo\/image\/"}}]}},"_links":{"self":[{"href":"https:\/\/livecasinofinder.com\/cs\/wp-json\/wp\/v2\/pages\/381","targetHints":{"allow":["GET"]}}],"collection":[{"href":"https:\/\/livecasinofinder.com\/cs\/wp-json\/wp\/v2\/pages"}],"about":[{"href":"https:\/\/livecasinofinder.com\/cs\/wp-json\/wp\/v2\/types\/page"}],"author":[{"embeddable":true,"href":"https:\/\/livecasinofinder.com\/cs\/wp-json\/wp\/v2\/users\/1"}],"replies":[{"embeddable":true,"href":"https:\/\/livecasinofinder.com\/cs\/wp-json\/wp\/v2\/comments?post=381"}],"version-history":[{"count":0,"href":"https:\/\/livecasinofinder.com\/cs\/wp-json\/wp\/v2\/pages\/381\/revisions"}],"wp:attachment":[{"href":"https:\/\/livecasinofinder.com\/cs\/wp-json\/wp\/v2\/media?parent=381"}],"curies":[{"name":"wp","href":"https:\/\/api.w.org\/{rel}","templated":true}]}}