{"id":2167,"date":"2023-07-03T00:34:40","date_gmt":"2023-07-03T00:34:40","guid":{"rendered":"https:\/\/livecasinofinder.com\/?page_id=2167"},"modified":"2025-06-03T11:14:33","modified_gmt":"2025-06-03T11:14:33","slug":"contact-us","status":"publish","type":"page","link":"https:\/\/livecasinofinder.com\/cs\/contact-us\/","title":{"rendered":"Kontaktujte n\u00e1s"},"content":{"rendered":"<div style=\"display:none\" class=\"fm-form-container fm-theme1\"><div id=\"fm-pages1\" class=\"fm-pages wdform_page_navigation\" show_title=\"\" show_numbers=\"1\" type=\"none\"><\/div><form name=\"form1\" action=\"\/cs\/wp-json\/wp\/v2\/pages\/2167\/\" method=\"post\" id=\"form1\" class=\"fm-form form1\" enctype=\"multipart\/form-data\" data-trp-original-action=\"\/cs\/wp-json\/wp\/v2\/pages\/2167\/\"><input type=\"hidden\" id=\"counter1\" value=\"7\" name=\"counter1\" \/><input type=\"hidden\" id=\"Itemid1\" value=\"\" name=\"Itemid1\" \/><input type=\"text\" class=\"fm-hide\" id=\"fm_bot_validation1\" value=\"\" name=\"fm_bot_validation1\" \/><input type=\"text\" class=\"fm-hide\" id=\"fm_empty_field_validation1\" value=\"\" name=\"fm_empty_field_validation1\" data-value=\"fe5f32d5f824c851b48d29a132368965\" \/><input type=\"hidden\" id=\"fm_form_nonce1\" name=\"fm_form_nonce1\" value=\"c25a1cac10\" \/><input type=\"hidden\" name=\"_wp_http_referer\" value=\"\/cs\/wp-json\/wp\/v2\/pages\/2167\/\" \/><div class=\"fm-header-bg\"><div class=\"fm-header\"><div class=\"fm-header-text\">          <div class=\"fm-header-title\">            Kontaktujte n\u00e1s          <\/div>          <div class=\"fm-header-description\">            Nev\u00e1hejte n\u00e1s kontaktovat prost\u0159ednictv\u00edm formul\u00e1\u0159e, kdykoli budete pot\u0159ebovat odbornou podporu nebo budete m\u00edt jak\u00e9koli dotazy. Krom\u011b toho m\u016f\u017eete formul\u00e1\u0159 pou\u017e\u00edt k zanech\u00e1n\u00ed koment\u00e1\u0159\u016f nebo poskytnut\u00ed zp\u011btn\u00e9 vazby.          <\/div>        <\/div><\/div><\/div><div class=\"wdform-page-and-images fm-form-builder\"><div id=\"1form_view1\" class=\"wdform_page\" page_title=\"Untitled page\" next_title=\"Next\" next_type=\"text\" next_class=\"wdform-page-button\" next_checkable=\"true\" previous_title=\"Previous\" previous_type=\"text\" previous_class=\"wdform-page-button\" previous_checkable=\"false\"><div class=\"wdform_section\"><div class=\"wdform_column\"><div wdid=\"4\" class=\"wdform_row\" style=\"position: relative; left: 0px; top: 0px;\"><div type=\"type_text\" class=\"wdform-field wd-width-100 wd-flex wd-flex-column\"><div class=\"wdform-label-section wd-width-100  wd-flex-row wd-align-items-center\">    <label  for=\"wdform_4_element1\" class=\"wdform-label\">P\u0159edm\u011bt<\/label><span class=\"wdform-required\">*<\/span><\/div><div class=\"wdform-element-section wd-flex  wd-flex-row wd-align-items-center wd-width-100\" ><input type=\"text\"                           class=\"wd-width-100\"                           id=\"wdform_4_element1\"                           name=\"wdform_4_element1\"                           value=\"\"                           title=\"\"                           placeholder=\"\"                                                       \/><\/div><\/div><\/div><\/div><div class=\"wdform_column\"><div wdid=\"2\" class=\"wdform_row\" style=\"position: relative; left: 0px; top: 0px;\"><div type=\"type_text\" class=\"wdform-field wd-width-100 wd-flex wd-flex-column\"><div class=\"wdform-label-section wd-width-100  wd-flex-row wd-align-items-center\">    <label  for=\"wdform_2_element1\" class=\"wdform-label\">Cel\u00e9 jm\u00e9no \/ n\u00e1zev spole\u010dnosti<\/label><span class=\"wdform-required\">*<\/span><\/div><div class=\"wdform-element-section wd-flex  wd-flex-row wd-align-items-center wd-width-100\" ><input type=\"text\"                           class=\"wd-width-100\"                           id=\"wdform_2_element1\"                           name=\"wdform_2_element1\"                           value=\"\"                           title=\"\"                           placeholder=\"\"                                                       \/><\/div><\/div><\/div><\/div><div class=\"wdform_column\"><div wdid=\"3\" class=\"wdform_row\"><div type=\"type_submitter_mail\" class=\"wdform-field wd-width-100 wd-flex wd-flex-column\"><div class=\"wdform-label-section wd-width-100  wd-flex-row\">    <label  for=\"wdform_3_element1\" class=\"wdform-label\">E-mail<\/label><span class=\"wdform-required\">*<\/span><\/div><div class=\"wdform-element-section wd-flex  wd-flex-row wd-width-100\" ><input type=\"text\" class=\"wd-width-100\" id=\"wdform_3_element1\" name=\"wdform_3_element1\" value=\"\" title=\"\" placeholder=\"\"   onchange=\"wd_check_email('3', '1', 'This is not a valid email address.')\" \/><\/div><\/div><\/div><\/div><div class=\"wdform_column\"><div wdid=\"5\" class=\"wdform_row\"><div type=\"type_textarea\" class=\"wdform-field wd-width-100 wd-flex wd-flex-column\"><div class=\"wdform-label-section wd-width-100\">    <label  for=\"wdform_5_element1\" class=\"wdform-label\">Zpr\u00e1va<\/label><span class=\"wdform-required\">*<\/span><\/div><div class=\"wdform-element-section wd-flex  wd-width-100\" ><textarea class=\"wd-width-100\"                      id=\"wdform_5_element1\"                      name=\"wdform_5_element1\"                      placeholder=\"\"                      style=\"height: 100px;\"                      ><\/textarea><\/div><\/div><\/div><\/div><div class=\"wdform_column\"><div wdid=\"6\" class=\"wdform_row\"><div type=\"type_recaptcha\" class=\"wdform-field wd-width-100 wd-flex wd-flex-row\"><div class=\"wdform-label-section wd-width-30 wd-flex-row wd-hidden\">    <label  class=\"wdform-label\">reCAPTCHA<\/label><\/div><div class=\"wdform-element-section wd-flex wd-flex-row wd-width-100\" ><div id=\"recaptcha16\" class=\"g-recaptcha\" data-sitekey=\"6Lc71AwmAAAAAI8-N3NB13z9YCYzc4F4OjGsvXXD\" data-form_id=\"1\" data-badge=\"bottomright\"><\/div><\/div><\/div><\/div><div wdid=\"1\" class=\"wdform_row\" style=\"position: relative; left: 0px; top: 0px;\"><div type=\"type_submit_reset\" class=\"wdform-field wd-width-100 wd-flex wd-flex-column\"><div class=\"wdform-element-section wd-flex  wd-flex-row wd-justify-content-left wd-width-100\" ><button  type=\"button\" class=\"button-submit\" onclick=\"fm_submit_form('1');\"  data-ajax=\"0\"><span class=\"fm-submit-loading spinner fm-ico-spinner\"><\/span>Odeslat<\/button><button  type=\"button\" class=\"button-reset wd-hidden\" onclick=\"fm_reset_form(1);\" >Obnoven\u00ed<\/button><\/div><\/div><\/div><\/div><\/div><div valign=\"top\" class=\"wdform_footer wd-width-100\"><div class=\"wd-width-100\"><div class=\"wd-width-100 wd-table\" style=\"padding-top:10px;\"><div class=\"wd-table-group\"><div id=\"1page_nav1\" class=\"wd-table-row\"><\/div><\/div><\/div><\/div><\/div><\/div><\/div><div class=\"wdform_preload\"><\/div><input type=\"hidden\" name=\"trp-form-language\" value=\"cs\"\/><\/form><\/div>","protected":false},"excerpt":{"rendered":"","protected":false},"author":1,"featured_media":0,"parent":0,"menu_order":0,"comment_status":"closed","ping_status":"closed","template":"page-no-sidebar.php","meta":{"_lmt_disableupdate":"no","_lmt_disable":"no","footnotes":""},"class_list":["post-2167","page","type-page","status-publish","hentry"],"yoast_head":"<!-- This site is optimized with the Yoast SEO plugin v26.4 - https:\/\/yoast.com\/wordpress\/plugins\/seo\/ -->\n<title>Contact Us for Support and Feedback<\/title>\n<meta name=\"description\" content=\"Get in touch with Live Casino Finder for any questions or assistance. We\u2019re here to help you with live casino info and ensure a great experience.\" \/>\n<meta name=\"robots\" content=\"index, follow, max-snippet:-1, max-image-preview:large, max-video-preview:-1\" \/>\n<link rel=\"canonical\" href=\"https:\/\/livecasinofinder.com\/wp-json\/wp\/v2\/pages\/2167\/\" \/>\n<meta property=\"og:locale\" content=\"cs_CZ\" \/>\n<meta property=\"og:type\" content=\"article\" \/>\n<meta property=\"og:title\" content=\"Contact Us for Support and Feedback\" \/>\n<meta property=\"og:description\" content=\"Get in touch with Live Casino Finder for any questions or assistance. We\u2019re here to help you with live casino info and ensure a great experience.\" \/>\n<meta property=\"og:url\" content=\"https:\/\/livecasinofinder.com\/cs\/contact-us\/\" \/>\n<meta property=\"og:site_name\" content=\"livecasinofinder.com\" \/>\n<meta property=\"article:modified_time\" content=\"2025-06-03T11:14:33+00:00\" \/>\n<meta property=\"og:image\" content=\"https:\/\/livecasinofinder.com\/wp-content\/uploads\/2023\/03\/lucasoilraceway-logo-1.png\" \/>\n\t<meta property=\"og:image:width\" content=\"427\" \/>\n\t<meta property=\"og:image:height\" content=\"145\" \/>\n\t<meta property=\"og:image:type\" content=\"image\/png\" \/>\n<meta name=\"twitter:card\" content=\"summary_large_image\" \/>\n<meta name=\"twitter:label1\" content=\"Odhadovan\u00e1 doba \u010dten\u00ed\" \/>\n\t<meta name=\"twitter:data1\" content=\"1 minuta\" \/>\n<!-- \/ Yoast SEO plugin. -->","yoast_head_json":{"title":"Contact Us for Support and Feedback","description":"Get in touch with Live Casino Finder for any questions or assistance. We\u2019re here to help you with live casino info and ensure a great experience.","robots":{"index":"index","follow":"follow","max-snippet":"max-snippet:-1","max-image-preview":"max-image-preview:large","max-video-preview":"max-video-preview:-1"},"canonical":"https:\/\/livecasinofinder.com\/wp-json\/wp\/v2\/pages\/2167\/","og_locale":"cs_CZ","og_type":"article","og_title":"Contact Us for Support and Feedback","og_description":"Get in touch with Live Casino Finder for any questions or assistance. We\u2019re here to help you with live casino info and ensure a great experience.","og_url":"https:\/\/livecasinofinder.com\/cs\/contact-us\/","og_site_name":"livecasinofinder.com","article_modified_time":"2025-06-03T11:14:33+00:00","og_image":[{"width":427,"height":145,"url":"https:\/\/livecasinofinder.com\/wp-content\/uploads\/2023\/03\/lucasoilraceway-logo-1.png","type":"image\/png"}],"twitter_card":"summary_large_image","twitter_misc":{"Odhadovan\u00e1 doba \u010dten\u00ed":"1 minuta"},"schema":{"@context":"https:\/\/schema.org","@graph":[{"@type":"WebPage","@id":"https:\/\/livecasinofinder.com\/contact-us\/","url":"https:\/\/livecasinofinder.com\/contact-us\/","name":"Contact Us for Support and Feedback","isPartOf":{"@id":"https:\/\/livecasinofinder.com\/ja\/#website"},"datePublished":"2023-07-03T00:34:40+00:00","dateModified":"2025-06-03T11:14:33+00:00","description":"Get in touch with Live Casino Finder for any questions or assistance. We\u2019re here to help you with live casino info and ensure a great experience.","breadcrumb":{"@id":"https:\/\/livecasinofinder.com\/contact-us\/#breadcrumb"},"inLanguage":"cs","potentialAction":[{"@type":"ReadAction","target":["https:\/\/livecasinofinder.com\/contact-us\/"]}]},{"@type":"BreadcrumbList","@id":"https:\/\/livecasinofinder.com\/contact-us\/#breadcrumb","itemListElement":[{"@type":"ListItem","position":1,"name":"LiveCasinoFinder.com","item":"https:\/\/livecasinofinder.com\/fr\/"},{"@type":"ListItem","position":2,"name":"Contact Us"}]},{"@type":"WebSite","@id":"https:\/\/livecasinofinder.com\/ja\/#website","url":"https:\/\/livecasinofinder.com\/ja\/","name":"livecasinofinder","description":"","publisher":{"@id":"https:\/\/livecasinofinder.com\/ja\/#organization"},"alternateName":"Lucas oil raceway live casino","potentialAction":[{"@type":"SearchAction","target":{"@type":"EntryPoint","urlTemplate":"https:\/\/livecasinofinder.com\/ja\/?s={search_term_string}"},"query-input":{"@type":"PropertyValueSpecification","valueRequired":true,"valueName":"search_term_string"}}],"inLanguage":"cs"},{"@type":"Organization","@id":"https:\/\/livecasinofinder.com\/ja\/#organization","name":"Vyhled\u00e1va\u010d \u017eiv\u00fdch kasin","alternateName":"Lucas oil raceway live casino","url":"https:\/\/livecasinofinder.com\/ja\/","logo":{"@type":"ImageObject","inLanguage":"cs","@id":"https:\/\/livecasinofinder.com\/ja\/#\/schema\/logo\/image\/","url":"https:\/\/livecasinofinder.com\/wp-content\/uploads\/2023\/04\/livecasinofinder-logo.png","contentUrl":"https:\/\/livecasinofinder.com\/wp-content\/uploads\/2023\/04\/livecasinofinder-logo.png","width":1600,"height":453,"caption":"Live Casino Finder"},"image":{"@id":"https:\/\/livecasinofinder.com\/ja\/#\/schema\/logo\/image\/"}}]}},"_links":{"self":[{"href":"https:\/\/livecasinofinder.com\/cs\/wp-json\/wp\/v2\/pages\/2167","targetHints":{"allow":["GET"]}}],"collection":[{"href":"https:\/\/livecasinofinder.com\/cs\/wp-json\/wp\/v2\/pages"}],"about":[{"href":"https:\/\/livecasinofinder.com\/cs\/wp-json\/wp\/v2\/types\/page"}],"author":[{"embeddable":true,"href":"https:\/\/livecasinofinder.com\/cs\/wp-json\/wp\/v2\/users\/1"}],"replies":[{"embeddable":true,"href":"https:\/\/livecasinofinder.com\/cs\/wp-json\/wp\/v2\/comments?post=2167"}],"version-history":[{"count":0,"href":"https:\/\/livecasinofinder.com\/cs\/wp-json\/wp\/v2\/pages\/2167\/revisions"}],"wp:attachment":[{"href":"https:\/\/livecasinofinder.com\/cs\/wp-json\/wp\/v2\/media?parent=2167"}],"curies":[{"name":"wp","href":"https:\/\/api.w.org\/{rel}","templated":true}]}}