{"id":2113,"date":"2023-06-20T14:28:59","date_gmt":"2023-06-20T14:28:59","guid":{"rendered":"https:\/\/livecasinofinder.com\/?page_id=2113"},"modified":"2025-06-03T11:11:51","modified_gmt":"2025-06-03T11:11:51","slug":"terms-and-conditions","status":"publish","type":"page","link":"https:\/\/livecasinofinder.com\/cs\/terms-and-conditions\/","title":{"rendered":"Podm\u00ednky a pravidla"},"content":{"rendered":"<p>V\u00edtejte na str\u00e1nk\u00e1ch LiveCasinoFinder.com. N\u00e1sleduj\u00edc\u00ed podm\u00ednky upravuj\u00ed pou\u017e\u00edv\u00e1n\u00ed str\u00e1nek <a href=\"\/cs\/\">Webov\u00e9 str\u00e1nky LiveCasinoFinder.com<\/a>. P\u0159ed pou\u017eit\u00edm na\u0161ich slu\u017eeb je nutn\u00e9, abyste si tyto podm\u00ednky p\u0159e\u010detli a porozum\u011bli jim.<\/p>\n<div id=\"ez-toc-container\" class=\"ez-toc-v2_0_63 counter-hierarchy ez-toc-counter ez-toc-grey ez-toc-container-direction\">\n<label for=\"ez-toc-cssicon-toggle-item-69dc35e956c0f\" class=\"ez-toc-cssicon-toggle-label\"><span class=\"ez-toc-cssicon\"><span class=\"eztoc-hide\" style=\"display:none;\">P\u0159ep\u00edna\u010d<\/span><span class=\"ez-toc-icon-toggle-span\"><svg style=\"fill: #999;color:#999\" xmlns=\"http:\/\/www.w3.org\/2000\/svg\" class=\"list-377408\" width=\"20px\" height=\"20px\" viewbox=\"0 0 24 24\" fill=\"none\"><path d=\"M6 6H4v2h2V6zm14 0H8v2h12V6zM4 11h2v2H4v-2zm16 0H8v2h12v-2zM4 16h2v2H4v-2zm16 0H8v2h12v-2z\" fill=\"currentColor\"><\/path><\/svg><svg style=\"fill: #999;color:#999\" class=\"arrow-unsorted-368013\" xmlns=\"http:\/\/www.w3.org\/2000\/svg\" width=\"10px\" height=\"10px\" viewbox=\"0 0 24 24\" version=\"1.2\" baseprofile=\"tiny\"><path d=\"M18.2 9.3l-6.2-6.3-6.2 6.3c-.2.2-.3.4-.3.7s.1.5.3.7c.2.2.4.3.7.3h11c.3 0 .5-.1.7-.3.2-.2.3-.5.3-.7s-.1-.5-.3-.7zM5.8 14.7l6.2 6.3 6.2-6.3c.2-.2.3-.5.3-.7s-.1-.5-.3-.7c-.2-.2-.4-.3-.7-.3h-11c-.3 0-.5.1-.7.3-.2.2-.3.5-.3.7s.1.5.3.7z\"\/><\/svg><\/span><\/span><\/label><input type=\"checkbox\"  id=\"ez-toc-cssicon-toggle-item-69dc35e956c0f\" checked aria-label=\"P\u0159ep\u00edna\u010d\" \/><nav><ul class='ez-toc-list ez-toc-list-level-1' ><li class='ez-toc-page-1 ez-toc-heading-level-2'><a class=\"ez-toc-link ez-toc-heading-1\" href=\"https:\/\/livecasinofinder.com\/cs\/terms-and-conditions\/#Purpose_of_the_Terms_and_Conditions_and_Information\" title=\"\u00da\u010del smluvn\u00edch podm\u00ednek a informac\u00ed\">\u00da\u010del smluvn\u00edch podm\u00ednek a informac\u00ed<\/a><\/li><li class='ez-toc-page-1 ez-toc-heading-level-2'><a class=\"ez-toc-link ez-toc-heading-2\" href=\"https:\/\/livecasinofinder.com\/cs\/terms-and-conditions\/#Disclaimer_and_Legal_Advice\" title=\"Z\u0159eknut\u00ed se odpov\u011bdnosti a pr\u00e1vn\u00ed poradenstv\u00ed\">Z\u0159eknut\u00ed se odpov\u011bdnosti a pr\u00e1vn\u00ed poradenstv\u00ed<\/a><\/li><li class='ez-toc-page-1 ez-toc-heading-level-2'><a class=\"ez-toc-link ez-toc-heading-3\" href=\"https:\/\/livecasinofinder.com\/cs\/terms-and-conditions\/#LiveCasinoFindercom_as_an_Independent_Gambling_Directory_and_Information_Service\" title=\"LiveCasinoFinder.com jako nez\u00e1visl\u00fd adres\u00e1\u0159 hazardn\u00edch her a informa\u010dn\u00ed slu\u017eba\">LiveCasinoFinder.com jako nez\u00e1visl\u00fd adres\u00e1\u0159 hazardn\u00edch her a informa\u010dn\u00ed slu\u017eba<\/a><\/li><li class='ez-toc-page-1 ez-toc-heading-level-2'><a class=\"ez-toc-link ez-toc-heading-4\" href=\"https:\/\/livecasinofinder.com\/cs\/terms-and-conditions\/#Accuracy_of_Information\" title=\"P\u0159esnost informac\u00ed\">P\u0159esnost informac\u00ed<\/a><\/li><li class='ez-toc-page-1 ez-toc-heading-level-2'><a class=\"ez-toc-link ez-toc-heading-5\" href=\"https:\/\/livecasinofinder.com\/cs\/terms-and-conditions\/#User_Responsibility_for_Legality_of_Games_and_Wagers\" title=\"Odpov\u011bdnost u\u017eivatele za leg\u00e1lnost her a s\u00e1zek\">Odpov\u011bdnost u\u017eivatele za leg\u00e1lnost her a s\u00e1zek<\/a><\/li><li class='ez-toc-page-1 ez-toc-heading-level-2'><a class=\"ez-toc-link ez-toc-heading-6\" href=\"https:\/\/livecasinofinder.com\/cs\/terms-and-conditions\/#Limitation_of_Liability\" title=\"Omezen\u00ed odpov\u011bdnosti\">Omezen\u00ed odpov\u011bdnosti<\/a><\/li><li class='ez-toc-page-1 ez-toc-heading-level-2'><a class=\"ez-toc-link ez-toc-heading-7\" href=\"https:\/\/livecasinofinder.com\/cs\/terms-and-conditions\/#Modification_of_Information_and_Future_Obligations\" title=\"Zm\u011bna informac\u00ed a budouc\u00edch z\u00e1vazk\u016f\">Zm\u011bna informac\u00ed a budouc\u00edch z\u00e1vazk\u016f<\/a><\/li><li class='ez-toc-page-1 ez-toc-heading-level-2'><a class=\"ez-toc-link ez-toc-heading-8\" href=\"https:\/\/livecasinofinder.com\/cs\/terms-and-conditions\/#Trademarks_and_Copyrights\" title=\"Ochrann\u00e9 zn\u00e1mky a autorsk\u00e1 pr\u00e1va\">Ochrann\u00e9 zn\u00e1mky a autorsk\u00e1 pr\u00e1va<\/a><\/li><li class='ez-toc-page-1 ez-toc-heading-level-2'><a class=\"ez-toc-link ez-toc-heading-9\" href=\"https:\/\/livecasinofinder.com\/cs\/terms-and-conditions\/#Copying_and_Transmission_Restrictions\" title=\"Omezen\u00ed kop\u00edrov\u00e1n\u00ed a p\u0159enosu\">Omezen\u00ed kop\u00edrov\u00e1n\u00ed a p\u0159enosu<\/a><\/li><li class='ez-toc-page-1 ez-toc-heading-level-2'><a class=\"ez-toc-link ez-toc-heading-10\" href=\"https:\/\/livecasinofinder.com\/cs\/terms-and-conditions\/#Intellectual_Property_Rights\" title=\"Pr\u00e1va du\u0161evn\u00edho vlastnictv\u00ed\">Pr\u00e1va du\u0161evn\u00edho vlastnictv\u00ed<\/a><\/li><li class='ez-toc-page-1 ez-toc-heading-level-2'><a class=\"ez-toc-link ez-toc-heading-11\" href=\"https:\/\/livecasinofinder.com\/cs\/terms-and-conditions\/#Information_Accuracy_and_Reporting\" title=\"P\u0159esnost informac\u00ed a pod\u00e1v\u00e1n\u00ed zpr\u00e1v\">P\u0159esnost informac\u00ed a pod\u00e1v\u00e1n\u00ed zpr\u00e1v<\/a><\/li><li class='ez-toc-page-1 ez-toc-heading-level-2'><a class=\"ez-toc-link ez-toc-heading-12\" href=\"https:\/\/livecasinofinder.com\/cs\/terms-and-conditions\/#Content_Removal_and_Discretion_of_livecasinofindercom\" title=\"Odstran\u011bn\u00ed obsahu a diskr\u00e9tnost livecasinofinder.com\">Odstran\u011bn\u00ed obsahu a diskr\u00e9tnost livecasinofinder.com<\/a><\/li><li class='ez-toc-page-1 ez-toc-heading-level-2'><a class=\"ez-toc-link ez-toc-heading-13\" href=\"https:\/\/livecasinofinder.com\/cs\/terms-and-conditions\/#Live_Casino_Finder_Complaints_Service\" title=\"Live Casino Finder St\u00ed\u017enosti Service\">Live Casino Finder St\u00ed\u017enosti Service<\/a><\/li><li class='ez-toc-page-1 ez-toc-heading-level-2'><a class=\"ez-toc-link ez-toc-heading-14\" href=\"https:\/\/livecasinofinder.com\/cs\/terms-and-conditions\/#Terms_and_Conditions_of_LiveCasinoFindercom\" title=\"Smluvn\u00ed podm\u00ednky LiveCasinoFinder.com\">Smluvn\u00ed podm\u00ednky LiveCasinoFinder.com<\/a><\/li><li class='ez-toc-page-1 ez-toc-heading-level-2'><a class=\"ez-toc-link ez-toc-heading-15\" href=\"https:\/\/livecasinofinder.com\/cs\/terms-and-conditions\/#Conclusion\" title=\"Z\u00e1v\u011br\">Z\u00e1v\u011br<\/a><\/li><\/ul><\/nav><\/div>\n\n<h2><span class=\"ez-toc-section\" id=\"Purpose_of_the_Terms_and_Conditions_and_Information\"><\/span>\u00da\u010del smluvn\u00edch podm\u00ednek a informac\u00ed<span class=\"ez-toc-section-end\"><\/span><\/h2>\n<p>Zde uveden\u00e9 smluvn\u00ed podm\u00ednky maj\u00ed za c\u00edl nast\u00ednit pravidla a p\u0159edpisy, kter\u00e9 ur\u010duj\u00ed vztah mezi LiveCasinoFinder.com a jeho u\u017eivateli. Je nezbytn\u00e9, aby u\u017eivatel\u00e9 rozum\u011bli sv\u00fdm pr\u00e1v\u016fm, povinnostem a omezen\u00edm p\u0159i vyu\u017e\u00edv\u00e1n\u00ed slu\u017eeb poskytovan\u00fdch spole\u010dnost\u00ed LiveCasinoFinder.com.<\/p>\n<h2><span class=\"ez-toc-section\" id=\"Disclaimer_and_Legal_Advice\"><\/span>Z\u0159eknut\u00ed se odpov\u011bdnosti a pr\u00e1vn\u00ed poradenstv\u00ed<span class=\"ez-toc-section-end\"><\/span><\/h2>\n<p>Vezm\u011bte pros\u00edm na v\u011bdom\u00ed, \u017ee obsah na LiveCasinoFinder.com m\u00e1 pouze informativn\u00ed charakter. Nic na t\u011bchto str\u00e1nk\u00e1ch nelze pova\u017eovat za pr\u00e1vn\u00ed poradenstv\u00ed. U\u017eivatel\u00e9 by se m\u011bli v pr\u00e1vn\u00edch z\u00e1le\u017eitostech, zejm\u00e9na pokud se t\u00fdkaj\u00ed online hazardn\u00edch her, poradit s pr\u00e1vn\u00edm poradcem.<\/p>\n<h2><span class=\"ez-toc-section\" id=\"LiveCasinoFindercom_as_an_Independent_Gambling_Directory_and_Information_Service\"><\/span>LiveCasinoFinder.com jako nez\u00e1visl\u00fd adres\u00e1\u0159 hazardn\u00edch her a informa\u010dn\u00ed slu\u017eba<span class=\"ez-toc-section-end\"><\/span><\/h2>\n<p>LiveCasinoFinder.com je nez\u00e1visl\u00fd online adres\u00e1\u0159 a informa\u010dn\u00ed slu\u017eba, kter\u00e1 nab\u00edz\u00ed recenze a p\u0159ehled o live casinos. Neprovozujeme \u017e\u00e1dn\u00e9 slu\u017eby v oblasti hazardn\u00edch her a nejsme spojeni s \u017e\u00e1dn\u00fdmi provozovateli kasin.<\/p>\n<h2><span class=\"ez-toc-section\" id=\"Accuracy_of_Information\"><\/span>P\u0159esnost informac\u00ed<span class=\"ez-toc-section-end\"><\/span><\/h2>\n<p>A\u010dkoli LiveCasinoFinder.com vynakl\u00e1d\u00e1 zna\u010dn\u00e9 \u00fasil\u00ed na zaji\u0161t\u011bn\u00ed p\u0159esnosti a aktu\u00e1lnosti poskytovan\u00fdch informac\u00ed, nem\u016f\u017eeme zaru\u010dit jejich absolutn\u00ed p\u0159esnost. U\u017eivatel\u016fm doporu\u010dujeme, aby postupovali podle vlastn\u00edho uv\u00e1\u017een\u00ed a informace si nez\u00e1visle ov\u011b\u0159ili.<\/p>\n<h2><span class=\"ez-toc-section\" id=\"User_Responsibility_for_Legality_of_Games_and_Wagers\"><\/span>Odpov\u011bdnost u\u017eivatele za leg\u00e1lnost her a s\u00e1zek<span class=\"ez-toc-section-end\"><\/span><\/h2>\n<p>Jako u\u017eivatel LiveCasinoFinder.com jste v\u00fdhradn\u011b zodpov\u011bdn\u00ed za to, \u017ee dodr\u017eujete z\u00e1kony a p\u0159edpisy t\u00fdkaj\u00edc\u00ed se hazardn\u00edch her ve va\u0161\u00ed jurisdikci. To zahrnuje i leg\u00e1lnost her a s\u00e1zek, kter\u00fdch se \u00fa\u010dastn\u00edte.<\/p>\n<h2><span class=\"ez-toc-section\" id=\"Limitation_of_Liability\"><\/span>Omezen\u00ed odpov\u011bdnosti<span class=\"ez-toc-section-end\"><\/span><\/h2>\n<p>Pou\u017e\u00edv\u00e1n\u00edm LiveCasinoFinder.com souhlas\u00edte s t\u00edm, \u017ee od\u0161kodn\u00edte str\u00e1nky, jejich zam\u011bstnance a p\u0159idru\u017een\u00e9 spole\u010dnosti za jak\u00e9koli n\u00e1roky, \u0161kody nebo jin\u00e9 z\u00e1vazky, kter\u00e9 mohou vzniknout v d\u016fsledku pou\u017e\u00edv\u00e1n\u00ed poskytovan\u00fdch informac\u00ed nebo slu\u017eeb.<\/p>\n<h2><span class=\"ez-toc-section\" id=\"Modification_of_Information_and_Future_Obligations\"><\/span>Zm\u011bna informac\u00ed a budouc\u00edch z\u00e1vazk\u016f<span class=\"ez-toc-section-end\"><\/span><\/h2>\n<p>LiveCasinoFinder.com si vyhrazuje pr\u00e1vo upravit nebo odstranit jak\u00e9koli poskytnut\u00e9 informace bez p\u0159edchoz\u00edho upozorn\u011bn\u00ed. U\u017eivatel\u016fm se doporu\u010duje, aby pravideln\u011b kontrolovali smluvn\u00ed podm\u00ednky, zda nedo\u0161lo k jejich aktualizaci.<\/p>\n<h2><span class=\"ez-toc-section\" id=\"Trademarks_and_Copyrights\"><\/span>Ochrann\u00e9 zn\u00e1mky a autorsk\u00e1 pr\u00e1va<span class=\"ez-toc-section-end\"><\/span><\/h2>\n<p>Ve\u0161ker\u00fd obsah, v\u010detn\u011b textu, obr\u00e1zk\u016f a log na LiveCasinoFinder.com, je majetkem webu nebo jeho dodavatel\u016f a je chr\u00e1n\u011bn mezin\u00e1rodn\u00edmi z\u00e1kony o autorsk\u00fdch pr\u00e1vech.<\/p>\n<h2><span class=\"ez-toc-section\" id=\"Copying_and_Transmission_Restrictions\"><\/span>Omezen\u00ed kop\u00edrov\u00e1n\u00ed a p\u0159enosu<span class=\"ez-toc-section-end\"><\/span><\/h2>\n<p>U\u017eivatel\u016fm je zak\u00e1z\u00e1no kop\u00edrovat, d\u00e1le \u0161\u00ed\u0159it nebo publikovat jakoukoli \u010d\u00e1st obsahu na LiveCasinoFinder.com bez v\u00fdslovn\u00e9ho p\u00edsemn\u00e9ho souhlasu majitel\u016f str\u00e1nek.<\/p>\n<h2><span class=\"ez-toc-section\" id=\"Intellectual_Property_Rights\"><\/span>Pr\u00e1va du\u0161evn\u00edho vlastnictv\u00ed<span class=\"ez-toc-section-end\"><\/span><\/h2>\n<p>LiveCasinoFinder.com m\u00e1 pr\u00e1va du\u0161evn\u00edho vlastnictv\u00ed na obsah, slu\u017eby a ochrann\u00e9 zn\u00e1mky na t\u011bchto webov\u00fdch str\u00e1nk\u00e1ch. Neopr\u00e1vn\u011bn\u00e9 pou\u017e\u00edv\u00e1n\u00ed t\u011bchto vlastnost\u00ed je p\u0159\u00edsn\u011b zak\u00e1z\u00e1no a m\u016f\u017ee b\u00fdt p\u0159edm\u011btem soudn\u00edho \u0159\u00edzen\u00ed.<\/p>\n<h2><span class=\"ez-toc-section\" id=\"Information_Accuracy_and_Reporting\"><\/span>P\u0159esnost informac\u00ed a pod\u00e1v\u00e1n\u00ed zpr\u00e1v<span class=\"ez-toc-section-end\"><\/span><\/h2>\n<p>Pokud na str\u00e1nk\u00e1ch LiveCasinoFinder.com najdete nep\u0159esn\u00e9 nebo zav\u00e1d\u011bj\u00edc\u00ed informace, nahlaste n\u00e1m je. Sna\u017e\u00edme se o dokonalost a oce\u0148ujeme spolupr\u00e1ci na\u0161ich u\u017eivatel\u016f p\u0159i udr\u017eov\u00e1n\u00ed integrity na\u0161ich str\u00e1nek.<\/p>\n<h2><span class=\"ez-toc-section\" id=\"Content_Removal_and_Discretion_of_livecasinofindercom\"><\/span>Odstran\u011bn\u00ed obsahu a diskr\u00e9tnost livecasinofinder.com<span class=\"ez-toc-section-end\"><\/span><\/h2>\n<p>Obsah m\u016f\u017ee b\u00fdt odstran\u011bn nebo upraven podle uv\u00e1\u017een\u00ed livecasinofinder.com v souladu s na\u0161imi z\u00e1sadami a platn\u00fdmi z\u00e1kony.<\/p>\n<h2><span class=\"ez-toc-section\" id=\"Live_Casino_Finder_Complaints_Service\"><\/span>Live Casino Finder St\u00ed\u017enosti Service<span class=\"ez-toc-section-end\"><\/span><\/h2>\n<p>Pokud m\u00e1te jak\u00e9koli st\u00ed\u017enosti nebo probl\u00e9my t\u00fdkaj\u00edc\u00ed se slu\u017eeb poskytovan\u00fdch spole\u010dnost\u00ed LiveCasinoFinder.com, kontaktujte n\u00e1s pros\u00edm prost\u0159ednictv\u00edm na\u0161\u00ed slu\u017eby pro st\u00ed\u017enosti. V\u00e1\u017e\u00edme si va\u0161\u00ed zp\u011btn\u00e9 vazby a budeme se va\u0161imi probl\u00e9my zab\u00fdvat podle na\u0161ich nejlep\u0161\u00edch mo\u017enost\u00ed.<\/p>\n<h2><span class=\"ez-toc-section\" id=\"Terms_and_Conditions_of_LiveCasinoFindercom\"><\/span>Smluvn\u00ed podm\u00ednky LiveCasinoFinder.com<span class=\"ez-toc-section-end\"><\/span><\/h2>\n<p>Pou\u017e\u00edv\u00e1n\u00edm t\u011bchto str\u00e1nek souhlas\u00edte s podm\u00ednkami uveden\u00fdmi v tomto dokumentu. Dal\u0161\u00ed pou\u017e\u00edv\u00e1n\u00ed str\u00e1nek po p\u0159\u00edpadn\u00fdch aktualizac\u00edch t\u011bchto smluvn\u00edch podm\u00ednek znamen\u00e1, \u017ee se zm\u011bnami souhlas\u00edte.<\/p>\n<h2><span class=\"ez-toc-section\" id=\"Conclusion\"><\/span>Z\u00e1v\u011br<span class=\"ez-toc-section-end\"><\/span><\/h2>\n<p>Vyu\u017eit\u00edm LiveCasinoFinder.com souhlas\u00edte s podm\u00ednkami uveden\u00fdmi v tomto dokumentu. Je va\u0161\u00ed odpov\u011bdnost\u00ed, abyste se s t\u011bmito podm\u00ednkami sezn\u00e1mili a pou\u017e\u00edvali tyto str\u00e1nky a informace na nich obsa\u017een\u00e9 zodpov\u011bdn\u011b a v mez\u00edch z\u00e1kona.<\/p>","protected":false},"excerpt":{"rendered":"<p>V\u00edtejte na str\u00e1nk\u00e1ch LiveCasinoFinder.com. N\u00e1sleduj\u00edc\u00ed podm\u00ednky upravuj\u00ed pou\u017e\u00edv\u00e1n\u00ed webov\u00fdch str\u00e1nek LiveCasinoFinder.com. Je nutn\u00e9, abyste si tyto Podm\u00ednky p\u0159e\u010detli a porozum\u011bli jim d\u0159\u00edve, ne\u017e za\u010dnete vyu\u017e\u00edvat na\u0161e slu\u017eby. \u00da\u010del Podm\u00ednek a informac\u00ed C\u00edlem zde stanoven\u00fdch Podm\u00ednek a informac\u00ed je nast\u00ednit pravidla a p\u0159edpisy, kter\u00e9 diktuj\u00ed [...]<\/p>","protected":false},"author":1,"featured_media":0,"parent":0,"menu_order":0,"comment_status":"closed","ping_status":"closed","template":"page-no-sidebar.php","meta":{"_lmt_disableupdate":"no","_lmt_disable":"no","footnotes":""},"class_list":["post-2113","page","type-page","status-publish","hentry"],"yoast_head":"<!-- This site is optimized with the Yoast SEO plugin v26.4 - https:\/\/yoast.com\/wordpress\/plugins\/seo\/ -->\n<title>Terms and Conditions Overview<\/title>\n<meta name=\"description\" content=\"Review the terms and conditions of Live Casino Finder to understand your rights and responsibilities while using our site and services.\" \/>\n<meta name=\"robots\" content=\"index, follow, max-snippet:-1, max-image-preview:large, max-video-preview:-1\" \/>\n<link rel=\"canonical\" href=\"https:\/\/livecasinofinder.com\/wp-json\/wp\/v2\/pages\/2113\/\" \/>\n<meta property=\"og:locale\" content=\"cs_CZ\" \/>\n<meta property=\"og:type\" content=\"article\" \/>\n<meta property=\"og:title\" content=\"Terms and Conditions Overview\" \/>\n<meta property=\"og:description\" content=\"Review the terms and conditions of Live Casino Finder to understand your rights and responsibilities while using our site and services.\" \/>\n<meta property=\"og:url\" content=\"https:\/\/livecasinofinder.com\/cs\/terms-and-conditions\/\" \/>\n<meta property=\"og:site_name\" content=\"livecasinofinder.com\" \/>\n<meta property=\"article:modified_time\" content=\"2025-06-03T11:11:51+00:00\" \/>\n<meta property=\"og:image\" content=\"https:\/\/livecasinofinder.com\/wp-content\/uploads\/2023\/03\/lucasoilraceway-logo-1.png\" \/>\n\t<meta property=\"og:image:width\" content=\"427\" \/>\n\t<meta property=\"og:image:height\" content=\"145\" \/>\n\t<meta property=\"og:image:type\" content=\"image\/png\" \/>\n<meta name=\"twitter:card\" content=\"summary_large_image\" \/>\n<meta name=\"twitter:label1\" content=\"Odhadovan\u00e1 doba \u010dten\u00ed\" \/>\n\t<meta name=\"twitter:data1\" content=\"3 minuty\" \/>\n<!-- \/ Yoast SEO plugin. -->","yoast_head_json":{"title":"Terms and Conditions Overview","description":"Review the terms and conditions of Live Casino Finder to understand your rights and responsibilities while using our site and services.","robots":{"index":"index","follow":"follow","max-snippet":"max-snippet:-1","max-image-preview":"max-image-preview:large","max-video-preview":"max-video-preview:-1"},"canonical":"https:\/\/livecasinofinder.com\/wp-json\/wp\/v2\/pages\/2113\/","og_locale":"cs_CZ","og_type":"article","og_title":"Terms and Conditions Overview","og_description":"Review the terms and conditions of Live Casino Finder to understand your rights and responsibilities while using our site and services.","og_url":"https:\/\/livecasinofinder.com\/cs\/terms-and-conditions\/","og_site_name":"livecasinofinder.com","article_modified_time":"2025-06-03T11:11:51+00:00","og_image":[{"width":427,"height":145,"url":"https:\/\/livecasinofinder.com\/wp-content\/uploads\/2023\/03\/lucasoilraceway-logo-1.png","type":"image\/png"}],"twitter_card":"summary_large_image","twitter_misc":{"Odhadovan\u00e1 doba \u010dten\u00ed":"3 minuty"},"schema":{"@context":"https:\/\/schema.org","@graph":[{"@type":"WebPage","@id":"https:\/\/livecasinofinder.com\/terms-and-conditions\/","url":"https:\/\/livecasinofinder.com\/terms-and-conditions\/","name":"Terms and Conditions Overview","isPartOf":{"@id":"https:\/\/livecasinofinder.com\/ja\/#website"},"datePublished":"2023-06-20T14:28:59+00:00","dateModified":"2025-06-03T11:11:51+00:00","description":"Review the terms and conditions of Live Casino Finder to understand your rights and responsibilities while using our site and services.","breadcrumb":{"@id":"https:\/\/livecasinofinder.com\/terms-and-conditions\/#breadcrumb"},"inLanguage":"cs","potentialAction":[{"@type":"ReadAction","target":["https:\/\/livecasinofinder.com\/terms-and-conditions\/"]}]},{"@type":"BreadcrumbList","@id":"https:\/\/livecasinofinder.com\/terms-and-conditions\/#breadcrumb","itemListElement":[{"@type":"ListItem","position":1,"name":"LiveCasinoFinder.com","item":"https:\/\/livecasinofinder.com\/fr\/"},{"@type":"ListItem","position":2,"name":"Terms and Conditions"}]},{"@type":"WebSite","@id":"https:\/\/livecasinofinder.com\/ja\/#website","url":"https:\/\/livecasinofinder.com\/ja\/","name":"livecasinofinder","description":"","publisher":{"@id":"https:\/\/livecasinofinder.com\/ja\/#organization"},"alternateName":"Lucas oil raceway live casino","potentialAction":[{"@type":"SearchAction","target":{"@type":"EntryPoint","urlTemplate":"https:\/\/livecasinofinder.com\/ja\/?s={search_term_string}"},"query-input":{"@type":"PropertyValueSpecification","valueRequired":true,"valueName":"search_term_string"}}],"inLanguage":"cs"},{"@type":"Organization","@id":"https:\/\/livecasinofinder.com\/ja\/#organization","name":"Vyhled\u00e1va\u010d \u017eiv\u00fdch kasin","alternateName":"Lucas oil raceway live casino","url":"https:\/\/livecasinofinder.com\/ja\/","logo":{"@type":"ImageObject","inLanguage":"cs","@id":"https:\/\/livecasinofinder.com\/ja\/#\/schema\/logo\/image\/","url":"https:\/\/livecasinofinder.com\/wp-content\/uploads\/2023\/04\/livecasinofinder-logo.png","contentUrl":"https:\/\/livecasinofinder.com\/wp-content\/uploads\/2023\/04\/livecasinofinder-logo.png","width":1600,"height":453,"caption":"Live Casino Finder"},"image":{"@id":"https:\/\/livecasinofinder.com\/ja\/#\/schema\/logo\/image\/"}}]}},"_links":{"self":[{"href":"https:\/\/livecasinofinder.com\/cs\/wp-json\/wp\/v2\/pages\/2113","targetHints":{"allow":["GET"]}}],"collection":[{"href":"https:\/\/livecasinofinder.com\/cs\/wp-json\/wp\/v2\/pages"}],"about":[{"href":"https:\/\/livecasinofinder.com\/cs\/wp-json\/wp\/v2\/types\/page"}],"author":[{"embeddable":true,"href":"https:\/\/livecasinofinder.com\/cs\/wp-json\/wp\/v2\/users\/1"}],"replies":[{"embeddable":true,"href":"https:\/\/livecasinofinder.com\/cs\/wp-json\/wp\/v2\/comments?post=2113"}],"version-history":[{"count":0,"href":"https:\/\/livecasinofinder.com\/cs\/wp-json\/wp\/v2\/pages\/2113\/revisions"}],"wp:attachment":[{"href":"https:\/\/livecasinofinder.com\/cs\/wp-json\/wp\/v2\/media?parent=2113"}],"curies":[{"name":"wp","href":"https:\/\/api.w.org\/{rel}","templated":true}]}}