{"id":2111,"date":"2023-06-20T14:33:04","date_gmt":"2023-06-20T14:33:04","guid":{"rendered":"https:\/\/livecasinofinder.com\/?page_id=2111"},"modified":"2025-06-03T11:11:12","modified_gmt":"2025-06-03T11:11:12","slug":"responsible-gaming","status":"publish","type":"page","link":"https:\/\/livecasinofinder.com\/cs\/responsible-gaming\/","title":{"rendered":"Zodpov\u011bdn\u00e9 hran\u00ed"},"content":{"rendered":"<p>V\u00edtejte v <a href=\"\/cs\/live-casinos\/\">\u017div\u00e9 kasino<\/a> Finder, kde je z\u00e1kladn\u00edm kamenem na\u0161\u00ed platformy zodpov\u011bdn\u00e9 hran\u00ed. Jsme odhodl\u00e1ni prosazovat zodpov\u011bdn\u00e9 hern\u00ed postupy a vytv\u00e1\u0159et bezpe\u010dn\u00e9 a p\u0159\u00edjemn\u00e9 prost\u0159ed\u00ed pro na\u0161e u\u017eivatele. D\u00edky hlubok\u00e9mu porozum\u011bn\u00ed slo\u017eit\u00fdm rizik\u016fm hazardn\u00edch her a potenci\u00e1ln\u00edmu dopadu na du\u0161evn\u00ed zdrav\u00ed se sna\u017e\u00edme hr\u00e1\u010d\u016fm umo\u017enit, aby se zapojili do zodpov\u011bdn\u00e9ho hran\u00ed.<\/p>\n<div id=\"ez-toc-container\" class=\"ez-toc-v2_0_63 counter-hierarchy ez-toc-counter ez-toc-grey ez-toc-container-direction\">\n<label for=\"ez-toc-cssicon-toggle-item-69d93ccba3236\" class=\"ez-toc-cssicon-toggle-label\"><span class=\"ez-toc-cssicon\"><span class=\"eztoc-hide\" style=\"display:none;\">P\u0159ep\u00edna\u010d<\/span><span class=\"ez-toc-icon-toggle-span\"><svg style=\"fill: #999;color:#999\" xmlns=\"http:\/\/www.w3.org\/2000\/svg\" class=\"list-377408\" width=\"20px\" height=\"20px\" viewbox=\"0 0 24 24\" fill=\"none\"><path d=\"M6 6H4v2h2V6zm14 0H8v2h12V6zM4 11h2v2H4v-2zm16 0H8v2h12v-2zM4 16h2v2H4v-2zm16 0H8v2h12v-2z\" fill=\"currentColor\"><\/path><\/svg><svg style=\"fill: #999;color:#999\" class=\"arrow-unsorted-368013\" xmlns=\"http:\/\/www.w3.org\/2000\/svg\" width=\"10px\" height=\"10px\" viewbox=\"0 0 24 24\" version=\"1.2\" baseprofile=\"tiny\"><path d=\"M18.2 9.3l-6.2-6.3-6.2 6.3c-.2.2-.3.4-.3.7s.1.5.3.7c.2.2.4.3.7.3h11c.3 0 .5-.1.7-.3.2-.2.3-.5.3-.7s-.1-.5-.3-.7zM5.8 14.7l6.2 6.3 6.2-6.3c.2-.2.3-.5.3-.7s-.1-.5-.3-.7c-.2-.2-.4-.3-.7-.3h-11c-.3 0-.5.1-.7.3-.2.2-.3.5-.3.7s.1.5.3.7z\"\/><\/svg><\/span><\/span><\/label><input type=\"checkbox\"  id=\"ez-toc-cssicon-toggle-item-69d93ccba3236\" checked aria-label=\"P\u0159ep\u00edna\u010d\" \/><nav><ul class='ez-toc-list ez-toc-list-level-1' ><li class='ez-toc-page-1 ez-toc-heading-level-2'><a class=\"ez-toc-link ez-toc-heading-1\" href=\"https:\/\/livecasinofinder.com\/cs\/responsible-gaming\/#The_Imperative_of_Responsible_Gaming\" title=\"Nutnost zodpov\u011bdn\u00e9ho hran\u00ed\">Nutnost zodpov\u011bdn\u00e9ho hran\u00ed<\/a><\/li><li class='ez-toc-page-1 ez-toc-heading-level-2'><a class=\"ez-toc-link ez-toc-heading-2\" href=\"https:\/\/livecasinofinder.com\/cs\/responsible-gaming\/#The_Intricacies_of_Gambling_Risks\" title=\"Slo\u017eitost rizik hazardn\u00edch her\">Slo\u017eitost rizik hazardn\u00edch her<\/a><\/li><li class='ez-toc-page-1 ez-toc-heading-level-2'><a class=\"ez-toc-link ez-toc-heading-3\" href=\"https:\/\/livecasinofinder.com\/cs\/responsible-gaming\/#Recognizing_Gambling_Addiction\" title=\"Rozpozn\u00e1n\u00ed z\u00e1vislosti na hazardn\u00edch hr\u00e1ch\">Rozpozn\u00e1n\u00ed z\u00e1vislosti na hazardn\u00edch hr\u00e1ch<\/a><\/li><li class='ez-toc-page-1 ez-toc-heading-level-2'><a class=\"ez-toc-link ez-toc-heading-4\" href=\"https:\/\/livecasinofinder.com\/cs\/responsible-gaming\/#Gambling_and_Mental_Health\" title=\"Hazardn\u00ed hry a du\u0161evn\u00ed zdrav\u00ed\">Hazardn\u00ed hry a du\u0161evn\u00ed zdrav\u00ed<\/a><\/li><li class='ez-toc-page-1 ez-toc-heading-level-2'><a class=\"ez-toc-link ez-toc-heading-5\" href=\"https:\/\/livecasinofinder.com\/cs\/responsible-gaming\/#Effective_Strategies_for_Responsible_Gambling\" title=\"\u00da\u010dinn\u00e9 strategie pro zodpov\u011bdn\u00e9 hran\u00ed\">\u00da\u010dinn\u00e9 strategie pro zodpov\u011bdn\u00e9 hran\u00ed<\/a><\/li><li class='ez-toc-page-1 ez-toc-heading-level-2'><a class=\"ez-toc-link ez-toc-heading-6\" href=\"https:\/\/livecasinofinder.com\/cs\/responsible-gaming\/#Tools_and_Resources_for_Responsible_Gambling\" title=\"N\u00e1stroje a zdroje pro zodpov\u011bdn\u00e9 hran\u00ed\">N\u00e1stroje a zdroje pro zodpov\u011bdn\u00e9 hran\u00ed<\/a><\/li><li class='ez-toc-page-1 ez-toc-heading-level-2'><a class=\"ez-toc-link ez-toc-heading-7\" href=\"https:\/\/livecasinofinder.com\/cs\/responsible-gaming\/#The_Role_of_Online_Gaming_Operators_in_Responsible_Gambling\" title=\"\u00daloha provozovatel\u016f online her v oblasti odpov\u011bdn\u00e9ho hran\u00ed\">\u00daloha provozovatel\u016f online her v oblasti odpov\u011bdn\u00e9ho hran\u00ed<\/a><\/li><li class='ez-toc-page-1 ez-toc-heading-level-2'><a class=\"ez-toc-link ez-toc-heading-8\" href=\"https:\/\/livecasinofinder.com\/cs\/responsible-gaming\/#Preventative_Measures_for_Player_Protection\" title=\"Preventivn\u00ed opat\u0159en\u00ed na ochranu hr\u00e1\u010d\u016f\">Preventivn\u00ed opat\u0159en\u00ed na ochranu hr\u00e1\u010d\u016f<\/a><\/li><\/ul><\/nav><\/div>\n\n<h2><span class=\"ez-toc-section\" id=\"The_Imperative_of_Responsible_Gaming\"><\/span>Nutnost zodpov\u011bdn\u00e9ho hran\u00ed<span class=\"ez-toc-section-end\"><\/span><\/h2>\n<p>Ve spole\u010dnosti Live Casino Finder nen\u00ed zodpov\u011bdn\u00e9 hran\u00ed jen konceptem, ale z\u00e1kladn\u00ed hodnotou, kter\u00e1 \u0159\u00edd\u00ed na\u0161i \u010dinnost. Jsme p\u0159esv\u011bd\u010deni, \u017ee hazardn\u00ed hry mohou b\u00fdt vzru\u0161uj\u00edc\u00ed, ale je nutn\u00e9 zajistit, aby z\u016fstaly zodpov\u011bdnou aktivitou. Na\u0161\u00edm c\u00edlem je poskytnout hr\u00e1\u010d\u016fm prost\u0159ed\u00ed, ve kter\u00e9m mohou \u010dinit informovan\u00e1 rozhodnut\u00ed a zodpov\u011bdn\u011b pro\u017e\u00edvat vzru\u0161en\u00ed z live casino her.<\/p>\n<h2><span class=\"ez-toc-section\" id=\"The_Intricacies_of_Gambling_Risks\"><\/span>Slo\u017eitost rizik hazardn\u00edch her<span class=\"ez-toc-section-end\"><\/span><\/h2>\n<p>Uv\u011bdomujeme si, \u017ee je d\u016fle\u017eit\u00e9, aby na\u0161i u\u017eivatel\u00e9 m\u011bli znalosti o slo\u017eitostech rizik hazardn\u00edch her. Pochopen\u00ed t\u011bchto rizik, v\u010detn\u011b mo\u017enosti finan\u010dn\u00ed ztr\u00e1ty, je pro informovan\u00e9 rozhodov\u00e1n\u00ed kl\u00ed\u010dov\u00e9. D\u00edky tomu, \u017ee si hr\u00e1\u010di uv\u011bdomuj\u00ed tyto slo\u017eitosti, mohou se zapojit do live casino hran\u00ed zodpov\u011bdn\u011b a udr\u017eet si kontrolu nad sv\u00fdmi s\u00e1zkov\u00fdmi aktivitami.<\/p>\n<h2><span class=\"ez-toc-section\" id=\"Recognizing_Gambling_Addiction\"><\/span>Rozpozn\u00e1n\u00ed z\u00e1vislosti na hazardn\u00edch hr\u00e1ch<span class=\"ez-toc-section-end\"><\/span><\/h2>\n<p>Ve spole\u010dnosti Live Casino Finder se v\u011bnujeme rozpozn\u00e1v\u00e1n\u00ed a \u0159e\u0161en\u00ed z\u00e1vislosti na hazardn\u00edch hr\u00e1ch. Ch\u00e1peme, \u017ee hazardn\u00ed hry se pro n\u011bkter\u00e9 jedince mohou st\u00e1t v\u00e1\u017en\u00fdm probl\u00e9mem, kter\u00fd ovliv\u0148uje jejich osobn\u00ed a finan\u010dn\u00ed blahobyt. Vyz\u00fdv\u00e1me na\u0161e u\u017eivatele, aby si uv\u011bdomili sami sebe a aby v p\u0159\u00edpad\u011b podez\u0159en\u00ed, \u017ee se pot\u00fdkaj\u00ed se z\u00e1vislost\u00ed na hazardn\u00edch hr\u00e1ch, neprodlen\u011b vyhledali pomoc.<\/p>\n<h2><span class=\"ez-toc-section\" id=\"Gambling_and_Mental_Health\"><\/span>Hazardn\u00ed hry a du\u0161evn\u00ed zdrav\u00ed<span class=\"ez-toc-section-end\"><\/span><\/h2>\n<p>Uv\u011bdomujeme si v\u00fdznamnou souvislost mezi hazardn\u00edmi hrami a du\u0161evn\u00edm zdrav\u00edm. Proto se sna\u017e\u00edme podporovat pozitivn\u00ed a zdrav\u00e9 my\u0161len\u00ed na\u0161ich u\u017eivatel\u016f. Na\u0161\u00edm c\u00edlem je vytvo\u0159it prost\u0159ed\u00ed, ve kter\u00e9m si hr\u00e1\u010di mohou u\u017e\u00edvat live casino hran\u00ed zodpov\u011bdn\u011b, ani\u017e by ohrozili svou du\u0161evn\u00ed pohodu.<\/p>\n<h2><span class=\"ez-toc-section\" id=\"Effective_Strategies_for_Responsible_Gambling\"><\/span>\u00da\u010dinn\u00e9 strategie pro zodpov\u011bdn\u00e9 hran\u00ed<span class=\"ez-toc-section-end\"><\/span><\/h2>\n<p>V z\u00e1jmu podpory zodpov\u011bdn\u00e9ho hran\u00ed prosazujeme zaveden\u00ed \u00fa\u010dinn\u00fdch strategi\u00ed, kter\u00e9 hr\u00e1\u010d\u016fm umo\u017en\u00ed m\u00edt kontrolu nad sv\u00fdmi s\u00e1zkov\u00fdmi aktivitami. Zde je n\u011bkolik kl\u00ed\u010dov\u00fdch postup\u016f, kter\u00e9 podporujeme:<\/p>\n<p>Dodr\u017eov\u00e1n\u00ed stanoven\u00e9ho rozpo\u010dtu: Stanovte si rozpo\u010det na hran\u00ed her live casino a dodr\u017eujte ho. S\u00e1zejte pouze na \u010d\u00e1stku, kter\u00e1 v\u00e1m vyhovuje, a ujist\u011bte se, \u017ee nebude m\u00edt dopad na va\u0161i finan\u010dn\u00ed stabilitu.<\/p>\n<p>Pravideln\u00e9 p\u0159est\u00e1vky v hran\u00ed hazardn\u00edch her: P\u0159est\u00e1vky: D\u011blejte si p\u0159est\u00e1vky v hran\u00ed, abyste se ujistili, \u017ee hran\u00ed z\u016fst\u00e1v\u00e1 z\u00e1bavnou \u010dinnost\u00ed a nezab\u00edr\u00e1 p\u0159\u00edli\u0161 mnoho \u010dasu a energie.<\/p>\n<p>Odolejte nutk\u00e1n\u00ed honit se za ztr\u00e1tami: P\u0159ijm\u011bte fakt, \u017ee prohry jsou sou\u010d\u00e1st\u00ed hazardn\u00edch her, a vyhn\u011bte se honb\u011b za prohrami zvy\u0161ov\u00e1n\u00edm s\u00e1zek. M\u00edsto toho ud\u011blejte krok zp\u011bt a p\u0159ehodno\u0165te sv\u016fj p\u0159\u00edstup.<\/p>\n<p>V\u010dasn\u00e9 vyhled\u00e1n\u00ed pomoci: Pokud m\u00e1te podez\u0159en\u00ed, \u017ee se vy nebo n\u011bkdo z va\u0161ich zn\u00e1m\u00fdch pot\u00fdk\u00e1 se z\u00e1vislost\u00ed na hazardn\u00edch hr\u00e1ch, vyhledejte pomoc neprodlen\u011b. V\u010dasn\u00e1 intervence je kl\u00ed\u010dem k \u00fa\u010dinn\u00e9mu \u0159e\u0161en\u00ed probl\u00e9mu.<\/p>\n<h2><span class=\"ez-toc-section\" id=\"Tools_and_Resources_for_Responsible_Gambling\"><\/span>N\u00e1stroje a zdroje pro zodpov\u011bdn\u00e9 hran\u00ed<span class=\"ez-toc-section-end\"><\/span><\/h2>\n<p>Poskytujeme \u0159adu n\u00e1stroj\u016f a zdroj\u016f na podporu odpov\u011bdn\u00e9ho hran\u00ed:<\/p>\n<p>National a m\u00edstn\u00ed linky pomoci: P\u0159\u00edstup k link\u00e1m pomoci, kter\u00e9 se v\u011bnuj\u00ed pomoci osob\u00e1m posti\u017een\u00fdm probl\u00e9mov\u00fdm hr\u00e1\u010dstv\u00edm. Pomoc je vzd\u00e1len\u00e1 jen jeden telefon\u00e1t.<\/p>\n<p>Syst\u00e9my samovylou\u010den\u00ed: Vyu\u017eijte mo\u017enosti samovylou\u010den\u00ed, kter\u00e9 v\u00e1m umo\u017en\u00ed p\u0159eru\u0161it hran\u00ed her live casino, pokud to pova\u017eujete za nezbytn\u00e9. Tyto programy umo\u017e\u0148uj\u00ed jednotlivc\u016fm znovu z\u00edskat kontrolu nad sv\u00fdmi s\u00e1zkov\u00fdmi aktivitami.<\/p>\n<p>Terapeutick\u00e9 programy pro hazardn\u00ed hr\u00e1\u010de: Podporujeme a propagujeme programy terapie hazardn\u00edch her, kter\u00e9 pom\u00e1haj\u00ed lidem v nouzi. Tyto programy poskytuj\u00ed odborn\u00e9 veden\u00ed a podporu osob\u00e1m, kter\u00e9 se pot\u00fdkaj\u00ed s probl\u00e9my souvisej\u00edc\u00edmi s hazardn\u00edmi hrami.<\/p>\n<h2><span class=\"ez-toc-section\" id=\"The_Role_of_Online_Gaming_Operators_in_Responsible_Gambling\"><\/span>\u00daloha provozovatel\u016f online her v oblasti odpov\u011bdn\u00e9ho hran\u00ed<span class=\"ez-toc-section-end\"><\/span><\/h2>\n<p>Jako provozovatel online her si uv\u011bdomujeme svou odpov\u011bdnost za zaji\u0161t\u011bn\u00ed bezpe\u010dn\u00e9ho a zodpov\u011bdn\u00e9ho prost\u0159ed\u00ed pro hran\u00ed. Zde se dozv\u00edte, jak db\u00e1me na ochranu hr\u00e1\u010d\u016f:<\/p>\n<p>P\u0159\u00edsn\u00e9 pr\u016fmyslov\u00e9 p\u0159edpisy a normy: Dodr\u017eujeme p\u0159\u00edsn\u00e9 pr\u016fmyslov\u00e9 p\u0159edpisy a standardy, abychom zajistili f\u00e9rovou hru, bezpe\u010dnost hr\u00e1\u010d\u016f a zodpov\u011bdn\u00e9 hern\u00ed postupy. Tato opat\u0159en\u00ed slou\u017e\u00ed k ochran\u011b na\u0161ich u\u017eivatel\u016f a zachov\u00e1n\u00ed integrity na\u0161\u00ed platformy.<\/p>\n<p>Spole\u010densk\u00e1 odpov\u011bdnost firem: Bereme na\u0161i spole\u010denskou odpov\u011bdnost v\u00e1\u017en\u011b. Aktivn\u011b spolupracujeme s organizacemi a iniciativami, kter\u00e9 propaguj\u00ed zodpov\u011bdn\u00e9 hran\u00ed a podporuj\u00ed osoby posti\u017een\u00e9 z\u00e1vislost\u00ed na hazardn\u00edch hr\u00e1ch.<\/p>\n<h2><span class=\"ez-toc-section\" id=\"Preventative_Measures_for_Player_Protection\"><\/span>Preventivn\u00ed opat\u0159en\u00ed na ochranu hr\u00e1\u010d\u016f<span class=\"ez-toc-section-end\"><\/span><\/h2>\n<p>Zav\u00e1d\u00edme preventivn\u00ed opat\u0159en\u00ed na ochranu na\u0161ich hr\u00e1\u010d\u016f, v\u010detn\u011b d\u016fkladn\u00fdch proces\u016f ov\u011b\u0159ov\u00e1n\u00ed v\u011bku, bezpe\u010dn\u00fdch transakc\u00ed a p\u0159\u00edsn\u00fdch protokol\u016f na ochranu dat. Tato opat\u0159en\u00ed jsou navr\u017eena tak, aby vytvo\u0159ila bezpe\u010dn\u00e9 a zodpov\u011bdn\u00e9 s\u00e1zkov\u00e9 prost\u0159ed\u00ed pro v\u0161echny.<\/p>\n<p>V Live Casino Finder v\u011b\u0159\u00edme, \u017ee kl\u00ed\u010dem k nezapomenuteln\u00fdm z\u00e1\u017eitk\u016fm je zodpov\u011bdn\u00e9 hran\u00ed live casino. P\u0159ipojte se k n\u00e1m je\u0161t\u011b dnes a vydejte se na vzru\u0161uj\u00edc\u00ed a zodpov\u011bdnou cestu hran\u00edm.<\/p>","protected":false},"excerpt":{"rendered":"<p>V\u00edtejte na str\u00e1nk\u00e1ch Live Casino Finder, kde je z\u00e1kladn\u00edm kamenem na\u0161\u00ed platformy zodpov\u011bdn\u00e9 hran\u00ed. Jsme odhodl\u00e1ni prosazovat zodpov\u011bdn\u00e9 hern\u00ed praktiky a vytv\u00e1\u0159et bezpe\u010dn\u00e9 a p\u0159\u00edjemn\u00e9 prost\u0159ed\u00ed pro na\u0161e u\u017eivatele. D\u00edky hlubok\u00e9mu porozum\u011bn\u00ed slo\u017eit\u00fdm rizik\u016fm hazardn\u00edch her a potenci\u00e1ln\u00edmu dopadu na du\u0161evn\u00ed zdrav\u00ed se sna\u017e\u00edme posilovat [...]<\/p>","protected":false},"author":1,"featured_media":0,"parent":0,"menu_order":0,"comment_status":"closed","ping_status":"closed","template":"page-no-sidebar.php","meta":{"_lmt_disableupdate":"no","_lmt_disable":"no","footnotes":""},"class_list":["post-2111","page","type-page","status-publish","hentry"],"yoast_head":"<!-- This site is optimized with the Yoast SEO plugin v26.4 - https:\/\/yoast.com\/wordpress\/plugins\/seo\/ -->\n<title>Responsible Gaming Guidelines<\/title>\n<meta name=\"description\" content=\"Learn about responsible gaming practices with Live Casino Finder to help you enjoy live casinos safely and make informed decisions while playing.\" \/>\n<meta name=\"robots\" content=\"index, follow, max-snippet:-1, max-image-preview:large, max-video-preview:-1\" \/>\n<link rel=\"canonical\" href=\"https:\/\/livecasinofinder.com\/wp-json\/wp\/v2\/pages\/2111\/\" \/>\n<meta property=\"og:locale\" content=\"cs_CZ\" \/>\n<meta property=\"og:type\" content=\"article\" \/>\n<meta property=\"og:title\" content=\"Responsible Gaming Guidelines\" \/>\n<meta property=\"og:description\" content=\"Learn about responsible gaming practices with Live Casino Finder to help you enjoy live casinos safely and make informed decisions while playing.\" \/>\n<meta property=\"og:url\" content=\"https:\/\/livecasinofinder.com\/cs\/responsible-gaming\/\" \/>\n<meta property=\"og:site_name\" content=\"livecasinofinder.com\" \/>\n<meta property=\"article:modified_time\" content=\"2025-06-03T11:11:12+00:00\" \/>\n<meta property=\"og:image\" content=\"https:\/\/livecasinofinder.com\/wp-content\/uploads\/2023\/03\/lucasoilraceway-logo-1.png\" \/>\n\t<meta property=\"og:image:width\" content=\"427\" \/>\n\t<meta property=\"og:image:height\" content=\"145\" \/>\n\t<meta property=\"og:image:type\" content=\"image\/png\" \/>\n<meta name=\"twitter:card\" content=\"summary_large_image\" \/>\n<meta name=\"twitter:label1\" content=\"Odhadovan\u00e1 doba \u010dten\u00ed\" \/>\n\t<meta name=\"twitter:data1\" content=\"4 minuty\" \/>\n<!-- \/ Yoast SEO plugin. -->","yoast_head_json":{"title":"Responsible Gaming Guidelines","description":"Learn about responsible gaming practices with Live Casino Finder to help you enjoy live casinos safely and make informed decisions while playing.","robots":{"index":"index","follow":"follow","max-snippet":"max-snippet:-1","max-image-preview":"max-image-preview:large","max-video-preview":"max-video-preview:-1"},"canonical":"https:\/\/livecasinofinder.com\/wp-json\/wp\/v2\/pages\/2111\/","og_locale":"cs_CZ","og_type":"article","og_title":"Responsible Gaming Guidelines","og_description":"Learn about responsible gaming practices with Live Casino Finder to help you enjoy live casinos safely and make informed decisions while playing.","og_url":"https:\/\/livecasinofinder.com\/cs\/responsible-gaming\/","og_site_name":"livecasinofinder.com","article_modified_time":"2025-06-03T11:11:12+00:00","og_image":[{"width":427,"height":145,"url":"https:\/\/livecasinofinder.com\/wp-content\/uploads\/2023\/03\/lucasoilraceway-logo-1.png","type":"image\/png"}],"twitter_card":"summary_large_image","twitter_misc":{"Odhadovan\u00e1 doba \u010dten\u00ed":"4 minuty"},"schema":{"@context":"https:\/\/schema.org","@graph":[{"@type":"WebPage","@id":"https:\/\/livecasinofinder.com\/responsible-gaming\/","url":"https:\/\/livecasinofinder.com\/responsible-gaming\/","name":"Responsible Gaming Guidelines","isPartOf":{"@id":"https:\/\/livecasinofinder.com\/ja\/#website"},"datePublished":"2023-06-20T14:33:04+00:00","dateModified":"2025-06-03T11:11:12+00:00","description":"Learn about responsible gaming practices with Live Casino Finder to help you enjoy live casinos safely and make informed decisions while playing.","breadcrumb":{"@id":"https:\/\/livecasinofinder.com\/responsible-gaming\/#breadcrumb"},"inLanguage":"cs","potentialAction":[{"@type":"ReadAction","target":["https:\/\/livecasinofinder.com\/responsible-gaming\/"]}]},{"@type":"BreadcrumbList","@id":"https:\/\/livecasinofinder.com\/responsible-gaming\/#breadcrumb","itemListElement":[{"@type":"ListItem","position":1,"name":"LiveCasinoFinder.com","item":"https:\/\/livecasinofinder.com\/fr\/"},{"@type":"ListItem","position":2,"name":"Responsible Gaming"}]},{"@type":"WebSite","@id":"https:\/\/livecasinofinder.com\/ja\/#website","url":"https:\/\/livecasinofinder.com\/ja\/","name":"livecasinofinder","description":"","publisher":{"@id":"https:\/\/livecasinofinder.com\/ja\/#organization"},"alternateName":"Lucas oil raceway live casino","potentialAction":[{"@type":"SearchAction","target":{"@type":"EntryPoint","urlTemplate":"https:\/\/livecasinofinder.com\/ja\/?s={search_term_string}"},"query-input":{"@type":"PropertyValueSpecification","valueRequired":true,"valueName":"search_term_string"}}],"inLanguage":"cs"},{"@type":"Organization","@id":"https:\/\/livecasinofinder.com\/ja\/#organization","name":"Vyhled\u00e1va\u010d \u017eiv\u00fdch kasin","alternateName":"Lucas oil raceway live casino","url":"https:\/\/livecasinofinder.com\/ja\/","logo":{"@type":"ImageObject","inLanguage":"cs","@id":"https:\/\/livecasinofinder.com\/ja\/#\/schema\/logo\/image\/","url":"https:\/\/livecasinofinder.com\/wp-content\/uploads\/2023\/04\/livecasinofinder-logo.png","contentUrl":"https:\/\/livecasinofinder.com\/wp-content\/uploads\/2023\/04\/livecasinofinder-logo.png","width":1600,"height":453,"caption":"Live Casino Finder"},"image":{"@id":"https:\/\/livecasinofinder.com\/ja\/#\/schema\/logo\/image\/"}}]}},"_links":{"self":[{"href":"https:\/\/livecasinofinder.com\/cs\/wp-json\/wp\/v2\/pages\/2111","targetHints":{"allow":["GET"]}}],"collection":[{"href":"https:\/\/livecasinofinder.com\/cs\/wp-json\/wp\/v2\/pages"}],"about":[{"href":"https:\/\/livecasinofinder.com\/cs\/wp-json\/wp\/v2\/types\/page"}],"author":[{"embeddable":true,"href":"https:\/\/livecasinofinder.com\/cs\/wp-json\/wp\/v2\/users\/1"}],"replies":[{"embeddable":true,"href":"https:\/\/livecasinofinder.com\/cs\/wp-json\/wp\/v2\/comments?post=2111"}],"version-history":[{"count":0,"href":"https:\/\/livecasinofinder.com\/cs\/wp-json\/wp\/v2\/pages\/2111\/revisions"}],"wp:attachment":[{"href":"https:\/\/livecasinofinder.com\/cs\/wp-json\/wp\/v2\/media?parent=2111"}],"curies":[{"name":"wp","href":"https:\/\/api.w.org\/{rel}","templated":true}]}}