{"id":2109,"date":"2023-06-20T14:37:04","date_gmt":"2023-06-20T14:37:04","guid":{"rendered":"https:\/\/livecasinofinder.com\/?page_id=2109"},"modified":"2023-06-20T14:37:04","modified_gmt":"2023-06-20T14:37:04","slug":"privacy-policy","status":"publish","type":"page","link":"https:\/\/livecasinofinder.com\/cs\/privacy-policy\/","title":{"rendered":"Z\u00e1sady ochrany osobn\u00edch \u00fadaj\u016f"},"content":{"rendered":"<p>Na adrese <a href=\"\/cs\/\">LiveCasinoFinder.com<\/a>, ch\u00e1peme, \u017ee je d\u016fle\u017eit\u00e9 chr\u00e1nit va\u0161e soukrom\u00ed a d\u016fv\u011brnost va\u0161ich osobn\u00edch \u00fadaj\u016f. Tyto z\u00e1sady ochrany osobn\u00edch \u00fadaj\u016f popisuj\u00ed n\u00e1\u0161 neochv\u011bjn\u00fd z\u00e1vazek k ochran\u011b \u00fadaj\u016f a zaji\u0161\u0165uj\u00ed bezpe\u010dn\u00e9 a p\u0159\u00edjemn\u00e9 pou\u017e\u00edv\u00e1n\u00ed na\u0161\u00ed platformy.<\/p>\n<div id=\"ez-toc-container\" class=\"ez-toc-v2_0_63 counter-hierarchy ez-toc-counter ez-toc-grey ez-toc-container-direction\">\n<label for=\"ez-toc-cssicon-toggle-item-69e0a16fc94fe\" class=\"ez-toc-cssicon-toggle-label\"><span class=\"ez-toc-cssicon\"><span class=\"eztoc-hide\" style=\"display:none;\">P\u0159ep\u00edna\u010d<\/span><span class=\"ez-toc-icon-toggle-span\"><svg style=\"fill: #999;color:#999\" xmlns=\"http:\/\/www.w3.org\/2000\/svg\" class=\"list-377408\" width=\"20px\" height=\"20px\" viewbox=\"0 0 24 24\" fill=\"none\"><path d=\"M6 6H4v2h2V6zm14 0H8v2h12V6zM4 11h2v2H4v-2zm16 0H8v2h12v-2zM4 16h2v2H4v-2zm16 0H8v2h12v-2z\" fill=\"currentColor\"><\/path><\/svg><svg style=\"fill: #999;color:#999\" class=\"arrow-unsorted-368013\" xmlns=\"http:\/\/www.w3.org\/2000\/svg\" width=\"10px\" height=\"10px\" viewbox=\"0 0 24 24\" version=\"1.2\" baseprofile=\"tiny\"><path d=\"M18.2 9.3l-6.2-6.3-6.2 6.3c-.2.2-.3.4-.3.7s.1.5.3.7c.2.2.4.3.7.3h11c.3 0 .5-.1.7-.3.2-.2.3-.5.3-.7s-.1-.5-.3-.7zM5.8 14.7l6.2 6.3 6.2-6.3c.2-.2.3-.5.3-.7s-.1-.5-.3-.7c-.2-.2-.4-.3-.7-.3h-11c-.3 0-.5.1-.7.3-.2.2-.3.5-.3.7s.1.5.3.7z\"\/><\/svg><\/span><\/span><\/label><input type=\"checkbox\"  id=\"ez-toc-cssicon-toggle-item-69e0a16fc94fe\" checked aria-label=\"P\u0159ep\u00edna\u010d\" \/><nav><ul class='ez-toc-list ez-toc-list-level-1' ><li class='ez-toc-page-1 ez-toc-heading-level-2'><a class=\"ez-toc-link ez-toc-heading-1\" href=\"https:\/\/livecasinofinder.com\/cs\/privacy-policy\/#Our_Pledge_to_Safeguard_Your_Privacy\" title=\"N\u00e1\u0161 z\u00e1vazek chr\u00e1nit va\u0161e soukrom\u00ed\">N\u00e1\u0161 z\u00e1vazek chr\u00e1nit va\u0161e soukrom\u00ed<\/a><\/li><li class='ez-toc-page-1 ez-toc-heading-level-2'><a class=\"ez-toc-link ez-toc-heading-2\" href=\"https:\/\/livecasinofinder.com\/cs\/privacy-policy\/#Data_Collection_Our_Practices\" title=\"Sb\u011br dat: Na\u0161e postupy\">Sb\u011br dat: Na\u0161e postupy<\/a><\/li><li class='ez-toc-page-1 ez-toc-heading-level-2'><a class=\"ez-toc-link ez-toc-heading-3\" href=\"https:\/\/livecasinofinder.com\/cs\/privacy-policy\/#The_Use_of_Your_Information\" title=\"Pou\u017eit\u00ed va\u0161ich informac\u00ed\">Pou\u017eit\u00ed va\u0161ich informac\u00ed<\/a><\/li><li class='ez-toc-page-1 ez-toc-heading-level-2'><a class=\"ez-toc-link ez-toc-heading-4\" href=\"https:\/\/livecasinofinder.com\/cs\/privacy-policy\/#Information_Disclosure_and_Sharing\" title=\"Zve\u0159ej\u0148ov\u00e1n\u00ed a sd\u00edlen\u00ed informac\u00ed\">Zve\u0159ej\u0148ov\u00e1n\u00ed a sd\u00edlen\u00ed informac\u00ed<\/a><\/li><li class='ez-toc-page-1 ez-toc-heading-level-2'><a class=\"ez-toc-link ez-toc-heading-5\" href=\"https:\/\/livecasinofinder.com\/cs\/privacy-policy\/#Our_Security_Measures\" title=\"Na\u0161e bezpe\u010dnostn\u00ed opat\u0159en\u00ed\">Na\u0161e bezpe\u010dnostn\u00ed opat\u0159en\u00ed<\/a><\/li><li class='ez-toc-page-1 ez-toc-heading-level-2'><a class=\"ez-toc-link ez-toc-heading-6\" href=\"https:\/\/livecasinofinder.com\/cs\/privacy-policy\/#The_Role_of_Cookies\" title=\"\u00daloha soubor\u016f cookie\">\u00daloha soubor\u016f cookie<\/a><\/li><li class='ez-toc-page-1 ez-toc-heading-level-2'><a class=\"ez-toc-link ez-toc-heading-7\" href=\"https:\/\/livecasinofinder.com\/cs\/privacy-policy\/#Third-Party_Links\" title=\"Odkazy t\u0159et\u00edch stran\">Odkazy t\u0159et\u00edch stran<\/a><\/li><li class='ez-toc-page-1 ez-toc-heading-level-2'><a class=\"ez-toc-link ez-toc-heading-8\" href=\"https:\/\/livecasinofinder.com\/cs\/privacy-policy\/#Policy_on_Childrens_Privacy\" title=\"Z\u00e1sady ochrany soukrom\u00ed d\u011bt\u00ed\">Z\u00e1sady ochrany soukrom\u00ed d\u011bt\u00ed<\/a><\/li><li class='ez-toc-page-1 ez-toc-heading-level-2'><a class=\"ez-toc-link ez-toc-heading-9\" href=\"https:\/\/livecasinofinder.com\/cs\/privacy-policy\/#Changes_to_This_Privacy_Policy\" title=\"Zm\u011bny t\u011bchto z\u00e1sad ochrany osobn\u00edch \u00fadaj\u016f\">Zm\u011bny t\u011bchto z\u00e1sad ochrany osobn\u00edch \u00fadaj\u016f<\/a><\/li><li class='ez-toc-page-1 ez-toc-heading-level-2'><a class=\"ez-toc-link ez-toc-heading-10\" href=\"https:\/\/livecasinofinder.com\/cs\/privacy-policy\/#Your_Rights_to_Your_Personal_Information\" title=\"Va\u0161e pr\u00e1va na osobn\u00ed \u00fadaje\">Va\u0161e pr\u00e1va na osobn\u00ed \u00fadaje<\/a><\/li><li class='ez-toc-page-1 ez-toc-heading-level-2'><a class=\"ez-toc-link ez-toc-heading-11\" href=\"https:\/\/livecasinofinder.com\/cs\/privacy-policy\/#Retention_of_Data\" title=\"Uchov\u00e1v\u00e1n\u00ed \u00fadaj\u016f\">Uchov\u00e1v\u00e1n\u00ed \u00fadaj\u016f<\/a><\/li><li class='ez-toc-page-1 ez-toc-heading-level-2'><a class=\"ez-toc-link ez-toc-heading-12\" href=\"https:\/\/livecasinofinder.com\/cs\/privacy-policy\/#International_Data_Transfers\" title=\"Mezin\u00e1rodn\u00ed p\u0159enosy dat\">Mezin\u00e1rodn\u00ed p\u0159enosy dat<\/a><\/li><\/ul><\/nav><\/div>\n\n<h2><span class=\"ez-toc-section\" id=\"Our_Pledge_to_Safeguard_Your_Privacy\"><\/span>N\u00e1\u0161 z\u00e1vazek chr\u00e1nit va\u0161e soukrom\u00ed<span class=\"ez-toc-section-end\"><\/span><\/h2>\n<p>V\u00e1\u017e\u00edme si va\u0161eho soukrom\u00ed a ochrana va\u0161ich osobn\u00edch \u00fadaj\u016f je pro n\u00e1s prioritou. Zavedli jsme p\u0159\u00edsn\u00e9 postupy ochrany osobn\u00edch \u00fadaj\u016f a dodr\u017eujeme platn\u00e9 z\u00e1kony o ochran\u011b osobn\u00edch \u00fadaj\u016f, abychom zajistili, \u017ee va\u0161e \u00fadaje z\u016fstanou v bezpe\u010d\u00ed a d\u016fv\u011brn\u00e9.<\/p>\n<h2><span class=\"ez-toc-section\" id=\"Data_Collection_Our_Practices\"><\/span>Sb\u011br dat: Na\u0161e postupy<span class=\"ez-toc-section-end\"><\/span><\/h2>\n<p>Abychom v\u00e1m mohli poskytnout bezprobl\u00e9mov\u00e9 a personalizovan\u00e9 slu\u017eby, m\u016f\u017eeme od v\u00e1s shroma\u017e\u010fovat ur\u010dit\u00e9 informace. Tyto informace mohou zahrnovat va\u0161e jm\u00e9no, kontaktn\u00ed \u00fadaje a chov\u00e1n\u00ed p\u0159i proch\u00e1zen\u00ed na\u0161\u00ed platformy. Uji\u0161\u0165ujeme v\u00e1s, \u017ee shroma\u017e\u010fujeme pouze \u00fadaje nezbytn\u00e9 pro zlep\u0161en\u00ed va\u0161ich zku\u0161enost\u00ed a zkvalitn\u011bn\u00ed na\u0161ich slu\u017eeb.<\/p>\n<h2><span class=\"ez-toc-section\" id=\"The_Use_of_Your_Information\"><\/span>Pou\u017eit\u00ed va\u0161ich informac\u00ed<span class=\"ez-toc-section-end\"><\/span><\/h2>\n<p>Informace, kter\u00e9 od v\u00e1s shroma\u017e\u010fujeme, vyu\u017e\u00edv\u00e1me k r\u016fzn\u00fdm \u00fa\u010del\u016fm, mimo jin\u00e9 k:<\/p>\n<ol>\n<li>P\u0159izp\u016fsoben\u00ed va\u0161ich zku\u0161enost\u00ed na LiveCasinoFinder.com<\/li>\n<li>Efektivn\u00ed zpracov\u00e1n\u00ed va\u0161ich po\u017eadavk\u016f a transakc\u00ed<\/li>\n<li>Sd\u011blov\u00e1n\u00ed d\u016fle\u017eit\u00fdch aktualizac\u00ed a propaga\u010dn\u00edch akc\u00ed<\/li>\n<li>Anal\u00fdza dat za \u00fa\u010delem vylep\u0161en\u00ed na\u0161ich slu\u017eeb a jejich p\u0159izp\u016fsoben\u00ed va\u0161im preferenc\u00edm.<\/li>\n<\/ol>\n<h2><span class=\"ez-toc-section\" id=\"Information_Disclosure_and_Sharing\"><\/span>Zve\u0159ej\u0148ov\u00e1n\u00ed a sd\u00edlen\u00ed informac\u00ed<span class=\"ez-toc-section-end\"><\/span><\/h2>\n<p>LiveCasinoFinder.com respektuje d\u016fv\u011brnost va\u0161ich informac\u00ed. Va\u0161e osobn\u00ed \u00fadaje neprod\u00e1v\u00e1me, neobchodujeme s nimi ani je nesd\u00edl\u00edme s t\u0159et\u00edmi stranami, pokud to nen\u00ed nutn\u00e9 k poskytov\u00e1n\u00ed na\u0161ich slu\u017eeb nebo pokud to nevy\u017eaduje z\u00e1kon. Va\u0161e \u00fadaje m\u016f\u017eeme sd\u00edlet s d\u016fv\u011bryhodn\u00fdmi partnery, jako jsou zpracovatel\u00e9 plateb, a to v\u00fdhradn\u011b za \u00fa\u010delem poskytov\u00e1n\u00ed na\u0161ich slu\u017eeb.<\/p>\n<h2><span class=\"ez-toc-section\" id=\"Our_Security_Measures\"><\/span>Na\u0161e bezpe\u010dnostn\u00ed opat\u0159en\u00ed<span class=\"ez-toc-section-end\"><\/span><\/h2>\n<p>Zavedli jsme d\u016fkladn\u00e1 bezpe\u010dnostn\u00ed opat\u0159en\u00ed na ochranu va\u0161ich osobn\u00edch \u00fadaj\u016f p\u0159ed neopr\u00e1vn\u011bn\u00fdm p\u0159\u00edstupem, zve\u0159ejn\u011bn\u00edm, zm\u011bnou nebo zni\u010den\u00edm. Na\u0161e pokro\u010dil\u00e9 bezpe\u010dnostn\u00ed syst\u00e9my, \u0161ifrovac\u00ed protokoly a p\u0159\u00edsn\u00e9 kontroly p\u0159\u00edstupu zaji\u0161\u0165uj\u00ed maxim\u00e1ln\u00ed ochranu va\u0161ich \u00fadaj\u016f. Pravideln\u011b revidujeme a aktualizujeme na\u0161e bezpe\u010dnostn\u00ed opat\u0159en\u00ed, abychom stay p\u0159edb\u011bhli vznikaj\u00edc\u00ed hrozby a zachovali bezpe\u010dn\u00e9 prost\u0159ed\u00ed pro na\u0161e u\u017eivatele.<\/p>\n<h2><span class=\"ez-toc-section\" id=\"The_Role_of_Cookies\"><\/span>\u00daloha soubor\u016f cookie<span class=\"ez-toc-section-end\"><\/span><\/h2>\n<p>LiveCasinoFinder.com vyu\u017e\u00edv\u00e1 soubory cookie ke zlep\u0161en\u00ed va\u0161eho z\u00e1\u017eitku z prohl\u00ed\u017een\u00ed na na\u0161\u00ed platform\u011b. Soubory cookie jsou mal\u00e9 textov\u00e9 soubory, kter\u00e9 se ukl\u00e1daj\u00ed ve va\u0161em za\u0159\u00edzen\u00ed a umo\u017e\u0148uj\u00ed n\u00e1m rozpoznat v\u00e1s a p\u0159izp\u016fsobit va\u0161i zku\u0161enost na z\u00e1klad\u011b va\u0161ich preferenc\u00ed. M\u00e1te mo\u017enost spravovat sv\u00e9 preference soubor\u016f cookie prost\u0159ednictv\u00edm nastaven\u00ed prohl\u00ed\u017ee\u010de. Upozor\u0148ujeme v\u0161ak, \u017ee vypnut\u00ed soubor\u016f cookie m\u016f\u017ee omezit n\u011bkter\u00e9 funkce nebo vlastnosti na\u0161ich webov\u00fdch str\u00e1nek.<\/p>\n<h2><span class=\"ez-toc-section\" id=\"Third-Party_Links\"><\/span>Odkazy t\u0159et\u00edch stran<span class=\"ez-toc-section-end\"><\/span><\/h2>\n<p>Na\u0161e platforma m\u016f\u017ee obsahovat odkazy na webov\u00e9 str\u00e1nky nebo slu\u017eby t\u0159et\u00edch stran. Doporu\u010dujeme v\u00e1m, abyste si uv\u011bdomili, \u017ee tyto webov\u00e9 str\u00e1nky maj\u00ed sv\u00e9 vlastn\u00ed z\u00e1sady ochrany osobn\u00edch \u00fadaj\u016f, kter\u00e9 se mohou li\u0161it od na\u0161ich. Doporu\u010dujeme v\u00e1m, abyste se sezn\u00e1mili se z\u00e1sadami ochrany osobn\u00edch \u00fadaj\u016f v\u0161ech webov\u00fdch str\u00e1nek t\u0159et\u00edch stran, kter\u00e9 nav\u0161t\u00edv\u00edte prost\u0159ednictv\u00edm na\u0161\u00ed platformy, proto\u017ee nem\u00e1me kontrolu nad jejich shroma\u017e\u010fov\u00e1n\u00edm nebo pou\u017e\u00edv\u00e1n\u00edm \u00fadaj\u016f.<\/p>\n<h2><span class=\"ez-toc-section\" id=\"Policy_on_Childrens_Privacy\"><\/span>Z\u00e1sady ochrany soukrom\u00ed d\u011bt\u00ed<span class=\"ez-toc-section-end\"><\/span><\/h2>\n<p>LiveCasinoFinder.com je ur\u010den pro osoby, kter\u00e9 dos\u00e1hly v\u011bku alespo\u0148 18 let nebo z\u00e1konn\u00e9ho v\u011bku pro online hazardn\u00ed hry v jejich jurisdikci. V\u011bdom\u011b neshroma\u017e\u010fujeme ani neukl\u00e1d\u00e1me osobn\u00ed \u00fadaje osob mlad\u0161\u00edch, ne\u017e je z\u00e1konem stanoven\u00fd v\u011bk. Pokud se o takov\u00fdch informac\u00edch dozv\u00edme, neprodlen\u011b je z na\u0161ich z\u00e1znam\u016f odstran\u00edme.<\/p>\n<h2><span class=\"ez-toc-section\" id=\"Changes_to_This_Privacy_Policy\"><\/span>Zm\u011bny t\u011bchto z\u00e1sad ochrany osobn\u00edch \u00fadaj\u016f<span class=\"ez-toc-section-end\"><\/span><\/h2>\n<p>Na\u0161e z\u00e1sady ochrany osobn\u00edch \u00fadaj\u016f m\u016f\u017eeme pravideln\u011b aktualizovat, aby odr\u00e1\u017eely zm\u011bny v na\u0161ich postupech, pr\u00e1vn\u00edch po\u017eadavc\u00edch nebo slu\u017eb\u00e1ch. O v\u0161ech zm\u011bn\u00e1ch t\u011bchto z\u00e1sad v\u00e1s budeme informovat prost\u0159ednictv\u00edm v\u00fdrazn\u00fdch ozn\u00e1men\u00ed na na\u0161\u00ed platform\u011b. Doporu\u010dujeme v\u00e1m, abyste na\u0161e Z\u00e1sady ochrany osobn\u00edch \u00fadaj\u016f pravideln\u011b kontrolovali a stay se informovali o tom, jak chr\u00e1n\u00edme va\u0161e soukrom\u00ed.<\/p>\n<h2><span class=\"ez-toc-section\" id=\"Your_Rights_to_Your_Personal_Information\"><\/span>Va\u0161e pr\u00e1va na osobn\u00ed \u00fadaje<span class=\"ez-toc-section-end\"><\/span><\/h2>\n<p>Jako u\u017eivatel LiveCasinoFinder.com m\u00e1te ur\u010dit\u00e1 pr\u00e1va t\u00fdkaj\u00edc\u00ed se va\u0161ich osobn\u00edch \u00fadaj\u016f. Tato pr\u00e1va mohou zahrnovat:<\/p>\n<ol>\n<li>P\u0159\u00edstup k osobn\u00edm \u00fadaj\u016fm, kter\u00e9 o v\u00e1s uchov\u00e1v\u00e1me<\/li>\n<li>mo\u017enost opravit nebo aktualizovat sv\u00e9 \u00fadaje<\/li>\n<li>Pr\u00e1vo po\u017eadovat za ur\u010dit\u00fdch okolnost\u00ed vymaz\u00e1n\u00ed va\u0161ich osobn\u00edch \u00fadaj\u016f.<\/li>\n<li>Pr\u00e1vo omezit zpracov\u00e1n\u00ed va\u0161ich \u00fadaj\u016f nebo proti n\u011bmu vzn\u00e9st n\u00e1mitku.<\/li>\n<li>pr\u00e1vo na p\u0159enositelnost \u00fadaj\u016f, kter\u00e9 v\u00e1m umo\u017e\u0148uje z\u00edskat kopii va\u0161ich \u00fadaj\u016f ve strukturovan\u00e9m, b\u011b\u017en\u011b pou\u017e\u00edvan\u00e9m a strojov\u011b \u010diteln\u00e9m form\u00e1tu.<\/li>\n<\/ol>\n<p>Chcete-li uplatnit sv\u00e1 pr\u00e1va nebo po\u017e\u00e1dat o vysv\u011btlen\u00ed jak\u00fdchkoli z\u00e1le\u017eitost\u00ed t\u00fdkaj\u00edc\u00edch se ochrany osobn\u00edch \u00fadaj\u016f, obra\u0165te se na n\u00e1\u0161 specializovan\u00fd t\u00fdm podpory. Jsme p\u0159ipraveni v\u00e1m okam\u017eit\u011b pomoci.<\/p>\n<h2><span class=\"ez-toc-section\" id=\"Retention_of_Data\"><\/span>Uchov\u00e1v\u00e1n\u00ed \u00fadaj\u016f<span class=\"ez-toc-section-end\"><\/span><\/h2>\n<p>Va\u0161e osobn\u00ed \u00fadaje uchov\u00e1v\u00e1me pouze po dobu nezbytn\u011b nutnou k napln\u011bn\u00ed \u00fa\u010del\u016f uveden\u00fdch v t\u011bchto Z\u00e1sad\u00e1ch ochrany osobn\u00edch \u00fadaj\u016f nebo v souladu se z\u00e1konem. Jakmile va\u0161e \u00fadaje ji\u017e nebudeme pot\u0159ebovat, bezpe\u010dn\u011b je zlikvidujeme v souladu s na\u0161imi postupy uchov\u00e1v\u00e1n\u00ed \u00fadaj\u016f.<\/p>\n<h2><span class=\"ez-toc-section\" id=\"International_Data_Transfers\"><\/span>Mezin\u00e1rodn\u00ed p\u0159enosy dat<span class=\"ez-toc-section-end\"><\/span><\/h2>\n<p>Jako glob\u00e1ln\u00ed platforma m\u016f\u017ee LiveCasinoFinder.com p\u0159en\u00e1\u0161et a zpracov\u00e1vat va\u0161e osobn\u00ed \u00fadaje na r\u016fzn\u00fdch m\u00edstech po cel\u00e9m sv\u011bt\u011b. Zaji\u0161\u0165ujeme, \u017ee jsou zavedena vhodn\u00e1 ochrann\u00e1 opat\u0159en\u00ed na ochranu va\u0161ich \u00fadaj\u016f p\u0159i mezin\u00e1rodn\u00edch p\u0159enosech a dodr\u017eujeme platn\u00e9 z\u00e1kony o ochran\u011b osobn\u00edch \u00fadaj\u016f.<\/p>\n<p>Na LiveCasinoFinder.com jsme se zav\u00e1zali poskytovat bezpe\u010dn\u00e9, transparentn\u00ed a p\u0159\u00edjemn\u00e9 hern\u00ed prost\u0159ed\u00ed a z\u00e1rove\u0148 chr\u00e1nit va\u0161e soukrom\u00ed. Va\u0161e d\u016fv\u011bra a spokojenost jsou na\u0161imi hlavn\u00edmi prioritami.<\/p>","protected":false},"excerpt":{"rendered":"<p>Na LiveCasinoFinder.com ch\u00e1peme d\u016fle\u017eitost ochrany va\u0161eho soukrom\u00ed a d\u016fv\u011brnosti va\u0161ich osobn\u00edch \u00fadaj\u016f. Tyto z\u00e1sady ochrany osobn\u00edch \u00fadaj\u016f popisuj\u00ed n\u00e1\u0161 neochv\u011bjn\u00fd z\u00e1vazek k ochran\u011b \u00fadaj\u016f a zaji\u0161\u0165uj\u00ed bezpe\u010dn\u00fd a p\u0159\u00edjemn\u00fd z\u00e1\u017eitek z na\u0161\u00ed platformy. N\u00e1\u0161 z\u00e1vazek chr\u00e1nit va\u0161e soukrom\u00ed V\u00e1\u017e\u00edme si va\u0161eho soukrom\u00ed a ochranu va\u0161ich osobn\u00edch \u00fadaj\u016f pova\u017eujeme za svou prioritu. [...]<\/p>","protected":false},"author":1,"featured_media":0,"parent":0,"menu_order":0,"comment_status":"closed","ping_status":"closed","template":"page-no-sidebar.php","meta":{"_lmt_disableupdate":"no","_lmt_disable":"no","footnotes":""},"class_list":["post-2109","page","type-page","status-publish","hentry"],"yoast_head":"<!-- This site is optimized with the Yoast SEO plugin v26.4 - https:\/\/yoast.com\/wordpress\/plugins\/seo\/ -->\n<title>Protecting Your Privacy | LiveCasinoFinder.com Privacy Policy<\/title>\n<meta name=\"description\" content=\"At LiveCasinoFinder.com, we prioritize the protection of your data. Our Privacy Policy outlines our commitment to safeguarding your personal information.\" \/>\n<meta name=\"robots\" content=\"index, follow, max-snippet:-1, max-image-preview:large, max-video-preview:-1\" \/>\n<link rel=\"canonical\" href=\"https:\/\/livecasinofinder.com\/wp-json\/wp\/v2\/pages\/2109\/\" \/>\n<meta property=\"og:locale\" content=\"cs_CZ\" \/>\n<meta property=\"og:type\" content=\"article\" \/>\n<meta property=\"og:title\" content=\"Protecting Your Privacy | LiveCasinoFinder.com Privacy Policy\" \/>\n<meta property=\"og:description\" content=\"At LiveCasinoFinder.com, we prioritize the protection of your data. Our Privacy Policy outlines our commitment to safeguarding your personal information.\" \/>\n<meta property=\"og:url\" content=\"https:\/\/livecasinofinder.com\/cs\/privacy-policy\/\" \/>\n<meta property=\"og:site_name\" content=\"livecasinofinder.com\" \/>\n<meta property=\"og:image\" content=\"https:\/\/livecasinofinder.com\/wp-content\/uploads\/2023\/03\/lucasoilraceway-logo-1.png\" \/>\n\t<meta property=\"og:image:width\" content=\"427\" \/>\n\t<meta property=\"og:image:height\" content=\"145\" \/>\n\t<meta property=\"og:image:type\" content=\"image\/png\" \/>\n<meta name=\"twitter:card\" content=\"summary_large_image\" \/>\n<meta name=\"twitter:label1\" content=\"Odhadovan\u00e1 doba \u010dten\u00ed\" \/>\n\t<meta name=\"twitter:data1\" content=\"4 minuty\" \/>\n<!-- \/ Yoast SEO plugin. -->","yoast_head_json":{"title":"Ochrana va\u0161eho soukrom\u00ed | LiveCasinoFinder.com Z\u00e1sady ochrany osobn\u00edch \u00fadaj\u016f","description":"Na LiveCasinoFinder.com je pro n\u00e1s ochrana va\u0161ich \u00fadaj\u016f prioritou. Na\u0161e z\u00e1sady ochrany osobn\u00edch \u00fadaj\u016f popisuj\u00ed n\u00e1\u0161 z\u00e1vazek chr\u00e1nit va\u0161e osobn\u00ed \u00fadaje.","robots":{"index":"index","follow":"follow","max-snippet":"max-snippet:-1","max-image-preview":"max-image-preview:large","max-video-preview":"max-video-preview:-1"},"canonical":"https:\/\/livecasinofinder.com\/wp-json\/wp\/v2\/pages\/2109\/","og_locale":"cs_CZ","og_type":"article","og_title":"Protecting Your Privacy | LiveCasinoFinder.com Privacy Policy","og_description":"At LiveCasinoFinder.com, we prioritize the protection of your data. Our Privacy Policy outlines our commitment to safeguarding your personal information.","og_url":"https:\/\/livecasinofinder.com\/cs\/privacy-policy\/","og_site_name":"livecasinofinder.com","og_image":[{"width":427,"height":145,"url":"https:\/\/livecasinofinder.com\/wp-content\/uploads\/2023\/03\/lucasoilraceway-logo-1.png","type":"image\/png"}],"twitter_card":"summary_large_image","twitter_misc":{"Odhadovan\u00e1 doba \u010dten\u00ed":"4 minuty"},"schema":{"@context":"https:\/\/schema.org","@graph":[{"@type":"WebPage","@id":"https:\/\/livecasinofinder.com\/privacy-policy\/","url":"https:\/\/livecasinofinder.com\/privacy-policy\/","name":"Ochrana va\u0161eho soukrom\u00ed | LiveCasinoFinder.com Z\u00e1sady ochrany osobn\u00edch \u00fadaj\u016f","isPartOf":{"@id":"https:\/\/livecasinofinder.com\/ja\/#website"},"datePublished":"2023-06-20T14:37:04+00:00","description":"Na LiveCasinoFinder.com je pro n\u00e1s ochrana va\u0161ich \u00fadaj\u016f prioritou. Na\u0161e z\u00e1sady ochrany osobn\u00edch \u00fadaj\u016f popisuj\u00ed n\u00e1\u0161 z\u00e1vazek chr\u00e1nit va\u0161e osobn\u00ed \u00fadaje.","breadcrumb":{"@id":"https:\/\/livecasinofinder.com\/privacy-policy\/#breadcrumb"},"inLanguage":"cs","potentialAction":[{"@type":"ReadAction","target":["https:\/\/livecasinofinder.com\/privacy-policy\/"]}]},{"@type":"BreadcrumbList","@id":"https:\/\/livecasinofinder.com\/privacy-policy\/#breadcrumb","itemListElement":[{"@type":"ListItem","position":1,"name":"LiveCasinoFinder.com","item":"https:\/\/livecasinofinder.com\/fr\/"},{"@type":"ListItem","position":2,"name":"Privacy Policy"}]},{"@type":"WebSite","@id":"https:\/\/livecasinofinder.com\/ja\/#website","url":"https:\/\/livecasinofinder.com\/ja\/","name":"livecasinofinder","description":"","publisher":{"@id":"https:\/\/livecasinofinder.com\/ja\/#organization"},"alternateName":"Lucas oil raceway live casino","potentialAction":[{"@type":"SearchAction","target":{"@type":"EntryPoint","urlTemplate":"https:\/\/livecasinofinder.com\/ja\/?s={search_term_string}"},"query-input":{"@type":"PropertyValueSpecification","valueRequired":true,"valueName":"search_term_string"}}],"inLanguage":"cs"},{"@type":"Organization","@id":"https:\/\/livecasinofinder.com\/ja\/#organization","name":"Vyhled\u00e1va\u010d \u017eiv\u00fdch kasin","alternateName":"Lucas oil raceway live casino","url":"https:\/\/livecasinofinder.com\/ja\/","logo":{"@type":"ImageObject","inLanguage":"cs","@id":"https:\/\/livecasinofinder.com\/ja\/#\/schema\/logo\/image\/","url":"https:\/\/livecasinofinder.com\/wp-content\/uploads\/2023\/04\/livecasinofinder-logo.png","contentUrl":"https:\/\/livecasinofinder.com\/wp-content\/uploads\/2023\/04\/livecasinofinder-logo.png","width":1600,"height":453,"caption":"Live Casino Finder"},"image":{"@id":"https:\/\/livecasinofinder.com\/ja\/#\/schema\/logo\/image\/"}}]}},"_links":{"self":[{"href":"https:\/\/livecasinofinder.com\/cs\/wp-json\/wp\/v2\/pages\/2109","targetHints":{"allow":["GET"]}}],"collection":[{"href":"https:\/\/livecasinofinder.com\/cs\/wp-json\/wp\/v2\/pages"}],"about":[{"href":"https:\/\/livecasinofinder.com\/cs\/wp-json\/wp\/v2\/types\/page"}],"author":[{"embeddable":true,"href":"https:\/\/livecasinofinder.com\/cs\/wp-json\/wp\/v2\/users\/1"}],"replies":[{"embeddable":true,"href":"https:\/\/livecasinofinder.com\/cs\/wp-json\/wp\/v2\/comments?post=2109"}],"version-history":[{"count":0,"href":"https:\/\/livecasinofinder.com\/cs\/wp-json\/wp\/v2\/pages\/2109\/revisions"}],"wp:attachment":[{"href":"https:\/\/livecasinofinder.com\/cs\/wp-json\/wp\/v2\/media?parent=2109"}],"curies":[{"name":"wp","href":"https:\/\/api.w.org\/{rel}","templated":true}]}}