{"id":2107,"date":"2023-06-20T14:36:44","date_gmt":"2023-06-20T14:36:44","guid":{"rendered":"https:\/\/livecasinofinder.com\/?page_id=2107"},"modified":"2025-06-03T11:09:24","modified_gmt":"2025-06-03T11:09:24","slug":"disclaimer","status":"publish","type":"page","link":"https:\/\/livecasinofinder.com\/cs\/disclaimer\/","title":{"rendered":"Odm\u00edtnut\u00ed odpov\u011bdnosti"},"content":{"rendered":"<p>LiveCasinoFinder.com je z\u00e1kladn\u00edm pr\u016fvodcem pro v\u0161echny nad\u0161ence hazardn\u00edch her!\u00a0<em>\u0158e\u0161ili jste n\u011bkdy hlavolam, kter\u00fd model live casino vyzkou\u0161et?<\/em>\u00a0Na\u0161e webov\u00e9 str\u00e1nky funguj\u00ed jako maj\u00e1k, kter\u00fd v\u00e1s provede tajemn\u00fdm sv\u011btem online kasin. LiveCasinoFinder.com v\u00e1m pom\u016f\u017ee naj\u00edt LiveCasinoFinder. <a href=\"\/cs\/live-casinos\/\">nejlep\u0161\u00ed live casinos<\/a>, porovnat funkce a dokonce z\u00edskat n\u011bkter\u00e9 sladk\u00e9 bonusy super.<\/p>\n<div id=\"ez-toc-container\" class=\"ez-toc-v2_0_63 counter-hierarchy ez-toc-counter ez-toc-grey ez-toc-container-direction\">\n<label for=\"ez-toc-cssicon-toggle-item-69dcb052009a8\" class=\"ez-toc-cssicon-toggle-label\"><span class=\"ez-toc-cssicon\"><span class=\"eztoc-hide\" style=\"display:none;\">P\u0159ep\u00edna\u010d<\/span><span class=\"ez-toc-icon-toggle-span\"><svg style=\"fill: #999;color:#999\" xmlns=\"http:\/\/www.w3.org\/2000\/svg\" class=\"list-377408\" width=\"20px\" height=\"20px\" viewbox=\"0 0 24 24\" fill=\"none\"><path d=\"M6 6H4v2h2V6zm14 0H8v2h12V6zM4 11h2v2H4v-2zm16 0H8v2h12v-2zM4 16h2v2H4v-2zm16 0H8v2h12v-2z\" fill=\"currentColor\"><\/path><\/svg><svg style=\"fill: #999;color:#999\" class=\"arrow-unsorted-368013\" xmlns=\"http:\/\/www.w3.org\/2000\/svg\" width=\"10px\" height=\"10px\" viewbox=\"0 0 24 24\" version=\"1.2\" baseprofile=\"tiny\"><path d=\"M18.2 9.3l-6.2-6.3-6.2 6.3c-.2.2-.3.4-.3.7s.1.5.3.7c.2.2.4.3.7.3h11c.3 0 .5-.1.7-.3.2-.2.3-.5.3-.7s-.1-.5-.3-.7zM5.8 14.7l6.2 6.3 6.2-6.3c.2-.2.3-.5.3-.7s-.1-.5-.3-.7c-.2-.2-.4-.3-.7-.3h-11c-.3 0-.5.1-.7.3-.2.2-.3.5-.3.7s.1.5.3.7z\"\/><\/svg><\/span><\/span><\/label><input type=\"checkbox\"  id=\"ez-toc-cssicon-toggle-item-69dcb052009a8\" checked aria-label=\"P\u0159ep\u00edna\u010d\" \/><nav><ul class='ez-toc-list ez-toc-list-level-1' ><li class='ez-toc-page-1 ez-toc-heading-level-2'><a class=\"ez-toc-link ez-toc-heading-1\" href=\"https:\/\/livecasinofinder.com\/cs\/disclaimer\/#Objective_of_LiveCasinoFindercom\" title=\"C\u00edl LiveCasinoFinder.com\">C\u00edl LiveCasinoFinder.com<\/a><\/li><li class='ez-toc-page-1 ez-toc-heading-level-2'><a class=\"ez-toc-link ez-toc-heading-2\" href=\"https:\/\/livecasinofinder.com\/cs\/disclaimer\/#Limitations_and_Liability\" title=\"Omezen\u00ed a odpov\u011bdnost\">Omezen\u00ed a odpov\u011bdnost<\/a><ul class='ez-toc-list-level-3' ><li class='ez-toc-heading-level-3'><a class=\"ez-toc-link ez-toc-heading-3\" href=\"https:\/\/livecasinofinder.com\/cs\/disclaimer\/#Validity_of_Information\" title=\"Platnost informac\u00ed\">Platnost informac\u00ed<\/a><\/li><li class='ez-toc-page-1 ez-toc-heading-level-3'><a class=\"ez-toc-link ez-toc-heading-4\" href=\"https:\/\/livecasinofinder.com\/cs\/disclaimer\/#User_Responsibilities\" title=\"Povinnosti u\u017eivatele\">Povinnosti u\u017eivatele<\/a><ul class='ez-toc-list-level-4' ><li class='ez-toc-heading-level-4'><a class=\"ez-toc-link ez-toc-heading-5\" href=\"https:\/\/livecasinofinder.com\/cs\/disclaimer\/#Age_Restrictions\" title=\"V\u011bkov\u00e1 omezen\u00ed\">V\u011bkov\u00e1 omezen\u00ed<\/a><\/li><li class='ez-toc-page-1 ez-toc-heading-level-4'><a class=\"ez-toc-link ez-toc-heading-6\" href=\"https:\/\/livecasinofinder.com\/cs\/disclaimer\/#Responsible_Gambling\" title=\"Zodpov\u011bdn\u00e9 hran\u00ed\">Zodpov\u011bdn\u00e9 hran\u00ed<\/a><\/li><\/ul><\/li><\/ul><\/li><li class='ez-toc-page-1 ez-toc-heading-level-2'><a class=\"ez-toc-link ez-toc-heading-7\" href=\"https:\/\/livecasinofinder.com\/cs\/disclaimer\/#Third-Party_Content_and_Links\" title=\"Obsah a odkazy t\u0159et\u00edch stran\">Obsah a odkazy t\u0159et\u00edch stran<\/a><ul class='ez-toc-list-level-3' ><li class='ez-toc-heading-level-3'><a class=\"ez-toc-link ez-toc-heading-8\" href=\"https:\/\/livecasinofinder.com\/cs\/disclaimer\/#External_Links\" title=\"Extern\u00ed odkazy\">Extern\u00ed odkazy<\/a><\/li><li class='ez-toc-page-1 ez-toc-heading-level-3'><a class=\"ez-toc-link ez-toc-heading-9\" href=\"https:\/\/livecasinofinder.com\/cs\/disclaimer\/#Affiliations_and_Partnerships\" title=\"Partnerstv\u00ed a afilace\">Partnerstv\u00ed a afilace<\/a><\/li><\/ul><\/li><li class='ez-toc-page-1 ez-toc-heading-level-2'><a class=\"ez-toc-link ez-toc-heading-10\" href=\"https:\/\/livecasinofinder.com\/cs\/disclaimer\/#Intellectual_Property\" title=\"Du\u0161evn\u00ed vlastnictv\u00ed\">Du\u0161evn\u00ed vlastnictv\u00ed<\/a><ul class='ez-toc-list-level-3' ><li class='ez-toc-heading-level-3'><a class=\"ez-toc-link ez-toc-heading-11\" href=\"https:\/\/livecasinofinder.com\/cs\/disclaimer\/#Copyrights\" title=\"Autorsk\u00e1 pr\u00e1va\">Autorsk\u00e1 pr\u00e1va<\/a><\/li><li class='ez-toc-page-1 ez-toc-heading-level-3'><a class=\"ez-toc-link ez-toc-heading-12\" href=\"https:\/\/livecasinofinder.com\/cs\/disclaimer\/#Use_of_Content\" title=\"Pou\u017eit\u00ed obsahu\">Pou\u017eit\u00ed obsahu<\/a><\/li><li class='ez-toc-page-1 ez-toc-heading-level-3'><a class=\"ez-toc-link ez-toc-heading-13\" href=\"https:\/\/livecasinofinder.com\/cs\/disclaimer\/#Indemnification\" title=\"Od\u0161kodn\u011bn\u00ed\">Od\u0161kodn\u011bn\u00ed<\/a><\/li><\/ul><\/li><li class='ez-toc-page-1 ez-toc-heading-level-2'><a class=\"ez-toc-link ez-toc-heading-14\" href=\"https:\/\/livecasinofinder.com\/cs\/disclaimer\/#Governing_Law_and_Jurisdiction\" title=\"Rozhodn\u00e9 pr\u00e1vo a soudn\u00ed p\u0159\u00edslu\u0161nost\">Rozhodn\u00e9 pr\u00e1vo a soudn\u00ed p\u0159\u00edslu\u0161nost<\/a><\/li><li class='ez-toc-page-1 ez-toc-heading-level-2'><a class=\"ez-toc-link ez-toc-heading-15\" href=\"https:\/\/livecasinofinder.com\/cs\/disclaimer\/#Updates_to_Disclaimer\" title=\"Aktualizace prohl\u00e1\u0161en\u00ed o vylou\u010den\u00ed odpov\u011bdnosti\">Aktualizace prohl\u00e1\u0161en\u00ed o vylou\u010den\u00ed odpov\u011bdnosti<\/a><\/li><li class='ez-toc-page-1 ez-toc-heading-level-2'><a class=\"ez-toc-link ez-toc-heading-16\" href=\"https:\/\/livecasinofinder.com\/cs\/disclaimer\/#Contact_Information\" title=\"Kontaktn\u00ed informace\">Kontaktn\u00ed informace<\/a><\/li><li class='ez-toc-page-1 ez-toc-heading-level-2'><a class=\"ez-toc-link ez-toc-heading-17\" href=\"https:\/\/livecasinofinder.com\/cs\/disclaimer\/#Conclusion\" title=\"Z\u00e1v\u011br\">Z\u00e1v\u011br<\/a><\/li><\/ul><\/nav><\/div>\n\n<h2><span class=\"ez-toc-section\" id=\"Objective_of_LiveCasinoFindercom\"><\/span>C\u00edl LiveCasinoFinder.com<span class=\"ez-toc-section-end\"><\/span><\/h2>\n<p>LiveCasinoFinder.com m\u00e1 jedin\u00fd c\u00edl:\u00a0<em>aby va\u0161e cesta k online hazardn\u00edm hr\u00e1m byla hlad\u0161\u00ed ne\u017e postupka.<\/em>. Poskytneme v\u00e1m spolehliv\u00e9 informace, odborn\u00e9 post\u0159ehy a \u0161pi\u010dkov\u00e9 strategie. Nezapome\u0148te v\u0161ak, \u017ee jsme Gandalfem pro va\u0161eho Froda; z\u00e1v\u011bre\u010dn\u00fd \u00fakol je na v\u00e1s.<\/p>\n<h2><span class=\"ez-toc-section\" id=\"Limitations_and_Liability\"><\/span>Omezen\u00ed a odpov\u011bdnost<span class=\"ez-toc-section-end\"><\/span><\/h2>\n<p>Stejn\u011b jako v p\u0159\u00edpad\u011b odv\u00e1\u017en\u00e9ho pir\u00e1tsk\u00e9ho dobrodru\u017estv\u00ed je va\u0161e cesta sem na vlastn\u00ed nebezpe\u010d\u00ed. Za p\u0159\u00edpadn\u00e9 ztr\u00e1ty nebo \u0161kody neru\u010d\u00edme. Na\u0161e mapy poklad\u016f jsou jen pr\u016fvodci, riziko je na v\u00e1s.<\/p>\n<h3><span class=\"ez-toc-section\" id=\"Validity_of_Information\"><\/span>Platnost informac\u00ed<span class=\"ez-toc-section-end\"><\/span><\/h3>\n<p>Vlo\u017eili jsme sv\u00e9 srdce a du\u0161i do toho, abychom v\u00e1m poskytli co nejp\u0159esn\u011bj\u0161\u00ed a nejaktu\u00e1ln\u011bj\u0161\u00ed informace. Stejn\u011b jako v pokeru se v\u0161ak n\u011bkdy v\u011bci nep\u0159edv\u00eddateln\u011b m\u011bn\u00ed. V d\u016fsledku toho nem\u016f\u017eeme zaru\u010dit, \u017ee v\u0161e, co zde najdete, bude v\u017edy \u010derstv\u00e9 jako stokoruna.<\/p>\n<h3><span class=\"ez-toc-section\" id=\"User_Responsibilities\"><\/span>Povinnosti u\u017eivatele<span class=\"ez-toc-section-end\"><\/span><\/h3>\n<h4><span class=\"ez-toc-section\" id=\"Age_Restrictions\"><\/span>V\u011bkov\u00e1 omezen\u00ed<span class=\"ez-toc-section-end\"><\/span><\/h4>\n<p>Jste dost sta\u0159\u00ed na to, abyste si mohli hodit kostkou? Ne\u017e vstoup\u00edte do vzru\u0161uj\u00edc\u00edho sv\u011bta LiveCasinoFinder.com, ujist\u011bte se, \u017ee jste plnolet\u00ed. Pokud ne, je \u010das odsud vypadnout!<\/p>\n<h4><span class=\"ez-toc-section\" id=\"Responsible_Gambling\"><\/span>Zodpov\u011bdn\u00e9 hran\u00ed<span class=\"ez-toc-section-end\"><\/span><\/h4>\n<p>Hran\u00ed hazardn\u00edch her by m\u011blo b\u00fdt jako pop\u00edjen\u00ed dobr\u00e9ho v\u00edna - m\u011blo by se prov\u00e1d\u011bt zodpov\u011bdn\u011b. V\u017edy m\u011bjte na pam\u011bti, \u017ee je t\u0159eba zachovat si zdrav\u00fd rozum a nikdy nehr\u00e1t v\u00edce, ne\u017e si m\u016f\u017eete dovolit prohr\u00e1t. Berte to jako p\u0159\u00e1telsk\u00fd hern\u00ed ve\u010der; jste tu pro z\u00e1bavu, ne proto, abyste vybrali sv\u00e9 \u017eivotn\u00ed \u00faspory!<\/p>\n<h2><span class=\"ez-toc-section\" id=\"Third-Party_Content_and_Links\"><\/span>Obsah a odkazy t\u0159et\u00edch stran<span class=\"ez-toc-section-end\"><\/span><\/h2>\n<h3><span class=\"ez-toc-section\" id=\"External_Links\"><\/span>Extern\u00ed odkazy<span class=\"ez-toc-section-end\"><\/span><\/h3>\n<p><em>M\u00e1te n\u011bkdy chu\u0165 prozkoumat nov\u00e9 oblasti?<\/em>\u00a0Poskytujeme odkazy na str\u00e1nky t\u0159et\u00edch stran. Postupuj v\u0161ak opatrn\u011b, mlad\u00fd pr\u016fzkumn\u00edku. Nejsme zodpov\u011bdn\u00ed za draky nebo obsah, na kter\u00fd tam m\u016f\u017ee\u0161 narazit.<\/p>\n<h3><span class=\"ez-toc-section\" id=\"Affiliations_and_Partnerships\"><\/span>Partnerstv\u00ed a afilace<span class=\"ez-toc-section-end\"><\/span><\/h3>\n<p>Jsme hrd\u00ed na to, \u017ee m\u016f\u017eeme b\u00fdt spojeni s n\u011bkter\u00fdmi z nejv\u00fdznamn\u011bj\u0161\u00edch osobnost\u00ed v oboru. P\u0159esto z\u016fst\u00e1v\u00e1 na\u0161e integrita nedot\u010dena a na\u0161e n\u00e1zory nezm\u011bn\u011bny. Partnerstv\u00ed nevl\u00e1dne n\u00e1m, my vl\u00e1dneme jim!<\/p>\n<h2><span class=\"ez-toc-section\" id=\"Intellectual_Property\"><\/span>Du\u0161evn\u00ed vlastnictv\u00ed<span class=\"ez-toc-section-end\"><\/span><\/h2>\n<h3><span class=\"ez-toc-section\" id=\"Copyrights\"><\/span>Autorsk\u00e1 pr\u00e1va<span class=\"ez-toc-section-end\"><\/span><\/h3>\n<p>N\u00e1\u0161 obsah je jedine\u010dn\u00fd jako jednoro\u017eec a je chr\u00e1n\u011bn kouzeln\u00fdm \u0161t\u00edtem autorsk\u00fdch pr\u00e1v. Respektujte tuto \u0159\u00ed\u0161i, nekupujte n\u00e1\u0161 obsah!<\/p>\n<h3><span class=\"ez-toc-section\" id=\"Use_of_Content\"><\/span>Pou\u017eit\u00ed obsahu<span class=\"ez-toc-section-end\"><\/span><\/h3>\n<p>Nev\u00e1hejte pou\u017e\u00edt n\u00e1\u0161 obsah, ale nezapome\u0148te uv\u00e9st kouzeln\u00fd zdroj, LiveCasinoFinder.com.\u00a0<em>Copak byste nedali kredit \u010darod\u011bji, kter\u00fd v\u00e1m p\u0159edal mapu pokladu?<\/em><\/p>\n<h3><span class=\"ez-toc-section\" id=\"Indemnification\"><\/span>Od\u0161kodn\u011bn\u00ed<span class=\"ez-toc-section-end\"><\/span><\/h3>\n<p>Pokud va\u0161e jedn\u00e1n\u00ed povede k pr\u00e1vn\u00edm pot\u00ed\u017e\u00edm, je to, jako byste \u0161li po prkn\u011b sami; o p\u00e1d se s v\u00e1mi d\u011blit nebudeme. Jste povinni n\u00e1s od\u0161kodnit za ve\u0161ker\u00e9 n\u00e1roky, kter\u00e9 vzniknou v d\u016fsledku va\u0161eho pou\u017e\u00edv\u00e1n\u00ed na\u0161ich map poklad\u016f.<\/p>\n<h2><span class=\"ez-toc-section\" id=\"Governing_Law_and_Jurisdiction\"><\/span>Rozhodn\u00e9 pr\u00e1vo a soudn\u00ed p\u0159\u00edslu\u0161nost<span class=\"ez-toc-section-end\"><\/span><\/h2>\n<p>Z\u00e1kony, kter\u00fdmi se \u0159\u00edd\u00ed zem\u011b LiveCasinoFinder.com, jsou p\u0159\u00edsn\u00e9 a z\u00e1vazn\u00e9. P\u0159\u00edpadn\u00e9 spory budou \u0159e\u0161eny pod bd\u011bl\u00fdm dohledem pr\u00e1vn\u00edch orl\u016f v souladu s platn\u00fdmi z\u00e1kony zem\u011b.<\/p>\n<h2><span class=\"ez-toc-section\" id=\"Updates_to_Disclaimer\"><\/span>Aktualizace prohl\u00e1\u0161en\u00ed o vylou\u010den\u00ed odpov\u011bdnosti<span class=\"ez-toc-section-end\"><\/span><\/h2>\n<p>Toto prohl\u00e1\u0161en\u00ed o vylou\u010den\u00ed odpov\u011bdnosti m\u016f\u017eeme aktualizovat jako lo\u010f, kter\u00e1 m\u011bn\u00ed kurz. Sledujte tuto str\u00e1nku, abyste byli stay informov\u00e1ni.<\/p>\n<h2><span class=\"ez-toc-section\" id=\"Contact_Information\"><\/span>Kontaktn\u00ed informace<span class=\"ez-toc-section-end\"><\/span><\/h2>\n<p>Pokud se pot\u0159ebujete spojit, po\u0161lete n\u00e1m zpr\u00e1vu v l\u00e1hvi nebo n\u00e1s kontaktujte prost\u0159ednictv\u00edm na\u0161ich webov\u00fdch str\u00e1nek. Zp\u011btn\u00e9 vazby si v\u00e1\u017e\u00edme jako pir\u00e1t zlata!<\/p>\n<h2><span class=\"ez-toc-section\" id=\"Conclusion\"><\/span>Z\u00e1v\u011br<span class=\"ez-toc-section-end\"><\/span><\/h2>\n<p>Tak\u017ee, kolegov\u00e9 dobrodruzi, t\u00edm kon\u010d\u00ed ofici\u00e1ln\u00ed svitek prohl\u00e1\u0161en\u00ed o vylou\u010den\u00ed odpov\u011bdnosti pro LiveCasinoFinder.com. Pamatujte, \u017ee s velkou moc\u00ed (nebo v tomto p\u0159\u00edpad\u011b s informacemi) p\u0159ich\u00e1z\u00ed i velk\u00e1 zodpov\u011bdnost. Pou\u017e\u00edvejte mapy poklad\u016f moud\u0159e a a\u0165 je va\u0161e v\u00fdprava pln\u00e1 bohatstv\u00ed!<\/p>","protected":false},"excerpt":{"rendered":"<p>LiveCasinoFinder.com je z\u00e1kladn\u00edm pr\u016fvodcem pro v\u0161echny nad\u0161ence hazardn\u00edch her! Byli jste n\u011bkdy na rozpac\u00edch, kter\u00e9 live casino vyzkou\u0161et? Na\u0161e webov\u00e9 str\u00e1nky funguj\u00ed jako maj\u00e1k, kter\u00fd v\u00e1s provede tajemn\u00fdm sv\u011btem online kasin. LiveCasinoFinder.com v\u00e1m pom\u016f\u017ee naj\u00edt nejlep\u0161\u00ed live casino, porovnat funkce a dokonce i urvat n\u011bjak\u00e9 super sladk\u00e9 bonusy. C\u00edlem [...]<\/p>","protected":false},"author":1,"featured_media":0,"parent":0,"menu_order":0,"comment_status":"closed","ping_status":"closed","template":"page-no-sidebar.php","meta":{"_lmt_disableupdate":"no","_lmt_disable":"no","footnotes":""},"class_list":["post-2107","page","type-page","status-publish","hentry"],"yoast_head":"<!-- This site is optimized with the Yoast SEO plugin v26.4 - https:\/\/yoast.com\/wordpress\/plugins\/seo\/ -->\n<title>Disclaimer and Important Information<\/title>\n<meta name=\"description\" content=\"Read Live Casino Finder\u2019s disclaimer to understand our policies and ensure a clear and transparent experience when using our live casino guides and reviews.\" \/>\n<meta name=\"robots\" content=\"index, follow, max-snippet:-1, max-image-preview:large, max-video-preview:-1\" \/>\n<link rel=\"canonical\" href=\"https:\/\/livecasinofinder.com\/wp-json\/wp\/v2\/pages\/2107\/\" \/>\n<meta property=\"og:locale\" content=\"cs_CZ\" \/>\n<meta property=\"og:type\" content=\"article\" \/>\n<meta property=\"og:title\" content=\"Disclaimer and Important Information\" \/>\n<meta property=\"og:description\" content=\"Read Live Casino Finder\u2019s disclaimer to understand our policies and ensure a clear and transparent experience when using our live casino guides and reviews.\" \/>\n<meta property=\"og:url\" content=\"https:\/\/livecasinofinder.com\/cs\/disclaimer\/\" \/>\n<meta property=\"og:site_name\" content=\"livecasinofinder.com\" \/>\n<meta property=\"article:modified_time\" content=\"2025-06-03T11:09:24+00:00\" \/>\n<meta property=\"og:image\" content=\"https:\/\/livecasinofinder.com\/wp-content\/uploads\/2023\/03\/lucasoilraceway-logo-1.png\" \/>\n\t<meta property=\"og:image:width\" content=\"427\" \/>\n\t<meta property=\"og:image:height\" content=\"145\" \/>\n\t<meta property=\"og:image:type\" content=\"image\/png\" \/>\n<meta name=\"twitter:card\" content=\"summary_large_image\" \/>\n<meta name=\"twitter:label1\" content=\"Odhadovan\u00e1 doba \u010dten\u00ed\" \/>\n\t<meta name=\"twitter:data1\" content=\"3 minuty\" \/>\n<!-- \/ Yoast SEO plugin. -->","yoast_head_json":{"title":"Disclaimer and Important Information","description":"Read Live Casino Finder\u2019s disclaimer to understand our policies and ensure a clear and transparent experience when using our live casino guides and reviews.","robots":{"index":"index","follow":"follow","max-snippet":"max-snippet:-1","max-image-preview":"max-image-preview:large","max-video-preview":"max-video-preview:-1"},"canonical":"https:\/\/livecasinofinder.com\/wp-json\/wp\/v2\/pages\/2107\/","og_locale":"cs_CZ","og_type":"article","og_title":"Disclaimer and Important Information","og_description":"Read Live Casino Finder\u2019s disclaimer to understand our policies and ensure a clear and transparent experience when using our live casino guides and reviews.","og_url":"https:\/\/livecasinofinder.com\/cs\/disclaimer\/","og_site_name":"livecasinofinder.com","article_modified_time":"2025-06-03T11:09:24+00:00","og_image":[{"width":427,"height":145,"url":"https:\/\/livecasinofinder.com\/wp-content\/uploads\/2023\/03\/lucasoilraceway-logo-1.png","type":"image\/png"}],"twitter_card":"summary_large_image","twitter_misc":{"Odhadovan\u00e1 doba \u010dten\u00ed":"3 minuty"},"schema":{"@context":"https:\/\/schema.org","@graph":[{"@type":"WebPage","@id":"https:\/\/livecasinofinder.com\/disclaimer\/","url":"https:\/\/livecasinofinder.com\/disclaimer\/","name":"Disclaimer and Important Information","isPartOf":{"@id":"https:\/\/livecasinofinder.com\/ja\/#website"},"datePublished":"2023-06-20T14:36:44+00:00","dateModified":"2025-06-03T11:09:24+00:00","description":"Read Live Casino Finder\u2019s disclaimer to understand our policies and ensure a clear and transparent experience when using our live casino guides and reviews.","breadcrumb":{"@id":"https:\/\/livecasinofinder.com\/disclaimer\/#breadcrumb"},"inLanguage":"cs","potentialAction":[{"@type":"ReadAction","target":["https:\/\/livecasinofinder.com\/disclaimer\/"]}]},{"@type":"BreadcrumbList","@id":"https:\/\/livecasinofinder.com\/disclaimer\/#breadcrumb","itemListElement":[{"@type":"ListItem","position":1,"name":"LiveCasinoFinder.com","item":"https:\/\/livecasinofinder.com\/fr\/"},{"@type":"ListItem","position":2,"name":"Disclaimer"}]},{"@type":"WebSite","@id":"https:\/\/livecasinofinder.com\/ja\/#website","url":"https:\/\/livecasinofinder.com\/ja\/","name":"livecasinofinder","description":"","publisher":{"@id":"https:\/\/livecasinofinder.com\/ja\/#organization"},"alternateName":"Lucas oil raceway live casino","potentialAction":[{"@type":"SearchAction","target":{"@type":"EntryPoint","urlTemplate":"https:\/\/livecasinofinder.com\/ja\/?s={search_term_string}"},"query-input":{"@type":"PropertyValueSpecification","valueRequired":true,"valueName":"search_term_string"}}],"inLanguage":"cs"},{"@type":"Organization","@id":"https:\/\/livecasinofinder.com\/ja\/#organization","name":"Vyhled\u00e1va\u010d \u017eiv\u00fdch kasin","alternateName":"Lucas oil raceway live casino","url":"https:\/\/livecasinofinder.com\/ja\/","logo":{"@type":"ImageObject","inLanguage":"cs","@id":"https:\/\/livecasinofinder.com\/ja\/#\/schema\/logo\/image\/","url":"https:\/\/livecasinofinder.com\/wp-content\/uploads\/2023\/04\/livecasinofinder-logo.png","contentUrl":"https:\/\/livecasinofinder.com\/wp-content\/uploads\/2023\/04\/livecasinofinder-logo.png","width":1600,"height":453,"caption":"Live Casino Finder"},"image":{"@id":"https:\/\/livecasinofinder.com\/ja\/#\/schema\/logo\/image\/"}}]}},"_links":{"self":[{"href":"https:\/\/livecasinofinder.com\/cs\/wp-json\/wp\/v2\/pages\/2107","targetHints":{"allow":["GET"]}}],"collection":[{"href":"https:\/\/livecasinofinder.com\/cs\/wp-json\/wp\/v2\/pages"}],"about":[{"href":"https:\/\/livecasinofinder.com\/cs\/wp-json\/wp\/v2\/types\/page"}],"author":[{"embeddable":true,"href":"https:\/\/livecasinofinder.com\/cs\/wp-json\/wp\/v2\/users\/1"}],"replies":[{"embeddable":true,"href":"https:\/\/livecasinofinder.com\/cs\/wp-json\/wp\/v2\/comments?post=2107"}],"version-history":[{"count":0,"href":"https:\/\/livecasinofinder.com\/cs\/wp-json\/wp\/v2\/pages\/2107\/revisions"}],"wp:attachment":[{"href":"https:\/\/livecasinofinder.com\/cs\/wp-json\/wp\/v2\/media?parent=2107"}],"curies":[{"name":"wp","href":"https:\/\/api.w.org\/{rel}","templated":true}]}}