{"id":2105,"date":"2023-06-20T14:36:13","date_gmt":"2023-06-20T14:36:13","guid":{"rendered":"https:\/\/livecasinofinder.com\/?page_id=2105"},"modified":"2025-06-03T11:10:21","modified_gmt":"2025-06-03T11:10:21","slug":"cookie-policy","status":"publish","type":"page","link":"https:\/\/livecasinofinder.com\/cs\/cookie-policy\/","title":{"rendered":"Z\u00e1sady pou\u017e\u00edv\u00e1n\u00ed soubor\u016f cookie"},"content":{"rendered":"<p>V\u00edtejte v <a href=\"\/cs\/\">Vyhled\u00e1va\u010d \u017eiv\u00fdch kasin<\/a>, v\u00e1\u0161 kone\u010dn\u00fd c\u00edl pro v\u0161e, co se t\u00fdk\u00e1 her live casino! Na\u0161\u00edm c\u00edlem je poskytnout v\u00e1m pohlcuj\u00edc\u00ed a vzru\u0161uj\u00edc\u00ed z\u00e1\u017eitek z online hran\u00ed jako nikdo jin\u00fd. Kdy\u017e se vyd\u00e1v\u00e1me na tuto vzru\u0161uj\u00edc\u00ed cestu dogether, chceme v\u00e1m osv\u011btlit na\u0161e komplexn\u00ed z\u00e1sady pou\u017e\u00edv\u00e1n\u00ed soubor\u016f cookie. N\u00e1\u0161 z\u00e1vazek k transparentnosti, ochran\u011b soukrom\u00ed a poskytov\u00e1n\u00ed v\u00fdjime\u010dn\u00e9ho u\u017eivatelsk\u00e9ho z\u00e1\u017eitku je v pop\u0159ed\u00ed v\u0161eho, co d\u011bl\u00e1me.<\/p>\n<div id=\"ez-toc-container\" class=\"ez-toc-v2_0_63 counter-hierarchy ez-toc-counter ez-toc-grey ez-toc-container-direction\">\n<label for=\"ez-toc-cssicon-toggle-item-69d79e91abb73\" class=\"ez-toc-cssicon-toggle-label\"><span class=\"ez-toc-cssicon\"><span class=\"eztoc-hide\" style=\"display:none;\">P\u0159ep\u00edna\u010d<\/span><span class=\"ez-toc-icon-toggle-span\"><svg style=\"fill: #999;color:#999\" xmlns=\"http:\/\/www.w3.org\/2000\/svg\" class=\"list-377408\" width=\"20px\" height=\"20px\" viewbox=\"0 0 24 24\" fill=\"none\"><path d=\"M6 6H4v2h2V6zm14 0H8v2h12V6zM4 11h2v2H4v-2zm16 0H8v2h12v-2zM4 16h2v2H4v-2zm16 0H8v2h12v-2z\" fill=\"currentColor\"><\/path><\/svg><svg style=\"fill: #999;color:#999\" class=\"arrow-unsorted-368013\" xmlns=\"http:\/\/www.w3.org\/2000\/svg\" width=\"10px\" height=\"10px\" viewbox=\"0 0 24 24\" version=\"1.2\" baseprofile=\"tiny\"><path d=\"M18.2 9.3l-6.2-6.3-6.2 6.3c-.2.2-.3.4-.3.7s.1.5.3.7c.2.2.4.3.7.3h11c.3 0 .5-.1.7-.3.2-.2.3-.5.3-.7s-.1-.5-.3-.7zM5.8 14.7l6.2 6.3 6.2-6.3c.2-.2.3-.5.3-.7s-.1-.5-.3-.7c-.2-.2-.4-.3-.7-.3h-11c-.3 0-.5.1-.7.3-.2.2-.3.5-.3.7s.1.5.3.7z\"\/><\/svg><\/span><\/span><\/label><input type=\"checkbox\"  id=\"ez-toc-cssicon-toggle-item-69d79e91abb73\" checked aria-label=\"P\u0159ep\u00edna\u010d\" \/><nav><ul class='ez-toc-list ez-toc-list-level-1' ><li class='ez-toc-page-1 ez-toc-heading-level-2'><a class=\"ez-toc-link ez-toc-heading-1\" href=\"https:\/\/livecasinofinder.com\/cs\/cookie-policy\/#Live_Casino_Finder_Comprehensive_Cookie_Policy\" title=\"Live Casino Finder Komplexn\u00ed z\u00e1sady pou\u017e\u00edv\u00e1n\u00ed soubor\u016f cookie\">Live Casino Finder Komplexn\u00ed z\u00e1sady pou\u017e\u00edv\u00e1n\u00ed soubor\u016f cookie<\/a><\/li><li class='ez-toc-page-1 ez-toc-heading-level-2'><a class=\"ez-toc-link ez-toc-heading-2\" href=\"https:\/\/livecasinofinder.com\/cs\/cookie-policy\/#Exploring_the_Concept_of_Cookies\" title=\"Zkoum\u00e1n\u00ed konceptu soubor\u016f cookie\">Zkoum\u00e1n\u00ed konceptu soubor\u016f cookie<\/a><\/li><li class='ez-toc-page-1 ez-toc-heading-level-2'><a class=\"ez-toc-link ez-toc-heading-3\" href=\"https:\/\/livecasinofinder.com\/cs\/cookie-policy\/#Our_Application_of_Cookies\" title=\"Na\u0161e pou\u017e\u00edv\u00e1n\u00ed soubor\u016f cookie\">Na\u0161e pou\u017e\u00edv\u00e1n\u00ed soubor\u016f cookie<\/a><\/li><li class='ez-toc-page-1 ez-toc-heading-level-2'><a class=\"ez-toc-link ez-toc-heading-4\" href=\"https:\/\/livecasinofinder.com\/cs\/cookie-policy\/#Categories_of_Cookies_We_Use\" title=\"Kategorie soubor\u016f cookie, kter\u00e9 pou\u017e\u00edv\u00e1me\">Kategorie soubor\u016f cookie, kter\u00e9 pou\u017e\u00edv\u00e1me<\/a><\/li><li class='ez-toc-page-1 ez-toc-heading-level-2'><a class=\"ez-toc-link ez-toc-heading-5\" href=\"https:\/\/livecasinofinder.com\/cs\/cookie-policy\/#Managing_Your_Cookie_Preferences\" title=\"Spr\u00e1va p\u0159edvoleb soubor\u016f cookie\">Spr\u00e1va p\u0159edvoleb soubor\u016f cookie<\/a><\/li><\/ul><\/nav><\/div>\n\n<h2><span class=\"ez-toc-section\" id=\"Live_Casino_Finder_Comprehensive_Cookie_Policy\"><\/span>Live Casino Finder Komplexn\u00ed z\u00e1sady pou\u017e\u00edv\u00e1n\u00ed soubor\u016f cookie<span class=\"ez-toc-section-end\"><\/span><\/h2>\n<p>Ve slu\u017eb\u011b Live Casino Finder klademe d\u016fraz na va\u0161e soukrom\u00ed a z\u00e1rove\u0148 nab\u00edz\u00edme personalizovan\u00e9 a bezprobl\u00e9mov\u00e9 proch\u00e1zen\u00ed. Na\u0161e komplexn\u00ed z\u00e1sady pou\u017e\u00edv\u00e1n\u00ed soubor\u016f cookie jsou navr\u017eeny tak, aby v\u00e1m poskytly jasnost a jistotu a zajistily, \u017ee va\u0161e soukrom\u00ed z\u016fstane p\u0159i objevov\u00e1n\u00ed podmaniv\u00e9ho sv\u011bta her live casino chr\u00e1n\u011bno.<\/p>\n<h2><span class=\"ez-toc-section\" id=\"Exploring_the_Concept_of_Cookies\"><\/span>Zkoum\u00e1n\u00ed konceptu soubor\u016f cookie<span class=\"ez-toc-section-end\"><\/span><\/h2>\n<p>Soubory cookie jsou mal\u00e9 textov\u00e9 soubory, kter\u00e9 se odes\u00edlaj\u00ed do va\u0161eho za\u0159\u00edzen\u00ed p\u0159i n\u00e1v\u0161t\u011bv\u011b na\u0161ich webov\u00fdch str\u00e1nek. Tyto digit\u00e1ln\u00ed z\u00e1zraky hraj\u00ed kl\u00ed\u010dovou roli p\u0159i optimalizaci va\u0161eho \u010dasu str\u00e1ven\u00e9ho u n\u00e1s. D\u00edky tomu, \u017ee n\u00e1m umo\u017e\u0148uj\u00ed rozpoznat a zapamatovat si v\u00e1s, umo\u017e\u0148uj\u00ed soubory cookie bezprobl\u00e9movou a personalizovanou cestu p\u0159izp\u016fsobenou va\u0161im preferenc\u00edm. Ve slu\u017eb\u011b Live Casino Finder vyu\u017e\u00edv\u00e1me s\u00edlu soubor\u016f cookie k tomu, aby byl v\u00e1\u0161 z\u00e1\u017eitek p\u0159\u00edjemn\u011bj\u0161\u00ed, efektivn\u011bj\u0161\u00ed a interaktivn\u011bj\u0161\u00ed.<\/p>\n<h2><span class=\"ez-toc-section\" id=\"Our_Application_of_Cookies\"><\/span>Na\u0161e pou\u017e\u00edv\u00e1n\u00ed soubor\u016f cookie<span class=\"ez-toc-section-end\"><\/span><\/h2>\n<p>Vyu\u017e\u00edv\u00e1me soubory cookie, abychom va\u0161e hern\u00ed dobrodru\u017estv\u00ed live casino pozvedli na novou \u00farove\u0148. Tyto v\u00fdkonn\u00e9 n\u00e1stroje n\u00e1m pom\u00e1haj\u00ed poskytovat p\u0159izp\u016fsoben\u00e9 a na u\u017eivatele zam\u011b\u0159en\u00e9 z\u00e1\u017eitky. Pomoc\u00ed soubor\u016f cookie si m\u016f\u017eeme zapamatovat va\u0161e preference a zajistit, aby ka\u017ed\u00e1 n\u00e1v\u0161t\u011bva byla jako na m\u00edru \u0161it\u00e1 pozv\u00e1nka do sv\u011bta vzru\u0161en\u00ed. A\u0165 u\u017e jde o personalizaci va\u0161ich hern\u00edch doporu\u010den\u00ed, zapamatov\u00e1n\u00ed va\u0161ich preferovan\u00fdch nastaven\u00ed nebo poskytov\u00e1n\u00ed exkluzivn\u00edch propaga\u010dn\u00edch akc\u00ed, soubory cookie n\u00e1m umo\u017e\u0148uj\u00ed vytvo\u0159it nezapomenuteln\u00fd z\u00e1\u017eitek jen pro v\u00e1s.<\/p>\n<h2><span class=\"ez-toc-section\" id=\"Categories_of_Cookies_We_Use\"><\/span>Kategorie soubor\u016f cookie, kter\u00e9 pou\u017e\u00edv\u00e1me<span class=\"ez-toc-section-end\"><\/span><\/h2>\n<ol>\n<li>Nezbytn\u00e9 soubory cookie: Tyto soubory cookie jsou nezbytn\u00e9 pro z\u00e1kladn\u00ed fungov\u00e1n\u00ed na\u0161ich webov\u00fdch str\u00e1nek. Umo\u017e\u0148uj\u00ed d\u016fle\u017eit\u00e9 funkce, jako je bezpe\u010dn\u00e9 p\u0159ihla\u0161ov\u00e1n\u00ed, spr\u00e1va \u00fa\u010dtu a bezprobl\u00e9mov\u00e9 transakce, a zaji\u0161\u0165uj\u00ed, \u017ee va\u0161e hran\u00ed z\u016fstane plynul\u00e9 a nep\u0159eru\u0161ovan\u00e9.<\/li>\n<li>V\u00fdkonnostn\u00ed soubory cookie: V Live Casino Finder se v\u00e1m sna\u017e\u00edme nab\u00eddnout co nejlep\u0161\u00ed hern\u00ed z\u00e1\u017eitek. V\u00fdkonnostn\u00ed soubory cookie n\u00e1m umo\u017e\u0148uj\u00ed shroma\u017e\u010fovat informace o tom, jak se pohybujete na na\u0161ich webov\u00fdch str\u00e1nk\u00e1ch, co\u017e n\u00e1m umo\u017e\u0148uje analyzovat a optimalizovat v\u00fdkon na\u0161\u00ed platformy. Neust\u00e1l\u00fdm vylep\u0161ov\u00e1n\u00edm na\u0161ich slu\u017eeb zaji\u0161\u0165ujeme, aby byl v\u00e1\u0161 hern\u00ed z\u00e1\u017eitek rychl\u00fd, spolehliv\u00fd a v\u00fdjime\u010dn\u00fd.<\/li>\n<li>Funk\u010dn\u00ed soubory cookie: N\u00e1\u0161 z\u00e1vazek k personalizaci se odr\u00e1\u017e\u00ed v pou\u017e\u00edv\u00e1n\u00ed funk\u010dn\u00edch soubor\u016f cookie. Tyto soubory cookie n\u00e1m umo\u017e\u0148uj\u00ed zapamatovat si va\u0161e preference a vytv\u00e1\u0159et tak hern\u00ed prost\u0159ed\u00ed p\u0159izp\u016fsoben\u00e9 na m\u00edru a pohlcuj\u00edc\u00ed pr\u00e1v\u011b v\u00e1s. D\u00edky soubor\u016fm cookie funkc\u00ed, od zapamatov\u00e1n\u00ed va\u0161ich jazykov\u00fdch preferenc\u00ed a\u017e po nab\u00eddku relevantn\u00edch hern\u00edch mo\u017enost\u00ed, se va\u0161e hern\u00ed dobrodru\u017estv\u00ed live casino stane nezapomenuteln\u00fdm.<\/li>\n<\/ol>\n<h2><span class=\"ez-toc-section\" id=\"Managing_Your_Cookie_Preferences\"><\/span>Spr\u00e1va p\u0159edvoleb soubor\u016f cookie<span class=\"ez-toc-section-end\"><\/span><\/h2>\n<p>Jsme p\u0159esv\u011bd\u010deni, \u017ee byste m\u011bli m\u00edt kontrolu nad sv\u00fdm soukrom\u00edm a proch\u00e1zen\u00edm str\u00e1nek. Slu\u017eba Live Casino Finder v\u00e1m nab\u00edz\u00ed snadn\u00e9 mo\u017enosti, jak spravovat p\u0159edvolby soubor\u016f cookie podle va\u0161ich preferenc\u00ed. Sv\u00e9 nastaven\u00ed m\u016f\u017eete upravit prost\u0159ednictv\u00edm prohl\u00ed\u017ee\u010de a zvolit si, zda chcete soubory cookie p\u0159ij\u00edmat, nebo odm\u00edtat. Upozor\u0148ujeme v\u0161ak, \u017ee vypnut\u00ed soubor\u016f cookie m\u016f\u017ee omezit n\u011bkter\u00e9 funkce a vlastnosti na\u0161ich webov\u00fdch str\u00e1nek. Sna\u017e\u00edme se dos\u00e1hnout dokonal\u00e9 rovnov\u00e1hy mezi personalizac\u00ed a ochranou soukrom\u00ed, abychom zajistili, \u017ee va\u0161e cesta s Live Casino Finder bude bezpe\u010dn\u00e1, bezprobl\u00e9mov\u00e1 a p\u0159izp\u016fsoben\u00e1 va\u0161im p\u0159\u00e1n\u00edm.<\/p>\n<p>Z\u00e1v\u011brem lze \u0159\u00edci, \u017ee komplexn\u00ed z\u00e1sady pou\u017e\u00edv\u00e1n\u00ed soubor\u016f cookie spole\u010dnosti Live Casino Finder ukazuj\u00ed n\u00e1\u0161 neochv\u011bjn\u00fd z\u00e1vazek k transparentnosti, ochran\u011b soukrom\u00ed a poskytov\u00e1n\u00ed mimo\u0159\u00e1dn\u00e9ho hern\u00edho z\u00e1\u017eitku live casino. D\u00edky s\u00edle soubor\u016f cookie se sna\u017e\u00edme vytvo\u0159it personalizovanou a pohlcuj\u00edc\u00ed cestu, kter\u00e1 je \u0161it\u00e1 na m\u00edru va\u0161im preferenc\u00edm. P\u0159ipojte se k n\u00e1m p\u0159i objevov\u00e1n\u00ed podmaniv\u00e9ho sv\u011bta her live casino s v\u011bdom\u00edm, \u017ee va\u0161e soukrom\u00ed je respektov\u00e1no, v\u00e1\u0161 z\u00e1\u017eitek je optimalizov\u00e1n a va\u0161e spokojenost je na\u0161\u00ed nejvy\u0161\u0161\u00ed prioritou. V\u00edtejte na str\u00e1nk\u00e1ch Live Casino Finder, kde na v\u00e1s \u010dek\u00e1 vzru\u0161en\u00ed z \u017eiv\u00fdch her!<\/p>","protected":false},"excerpt":{"rendered":"<p>V\u00edtejte na webu Live Casino Finder, kter\u00fd je va\u0161\u00edm nejlep\u0161\u00edm m\u00edstem pro v\u0161echny hry live casino! Jsme odhodl\u00e1ni poskytnout v\u00e1m pohlcuj\u00edc\u00ed a vzru\u0161uj\u00edc\u00ed z\u00e1\u017eitek z online hazardn\u00edch her, jako \u017e\u00e1dn\u00fd jin\u00fd. Kdy\u017e se vyd\u00e1v\u00e1me na tuto vzru\u0161uj\u00edc\u00ed cestu dogether, chceme v\u00e1m osv\u011btlit na\u0161e komplexn\u00ed z\u00e1sady pou\u017e\u00edv\u00e1n\u00ed soubor\u016f cookie. N\u00e1\u0161 z\u00e1vazek k transparentnosti, ochran\u011b soukrom\u00ed a [...]<\/p>","protected":false},"author":1,"featured_media":0,"parent":0,"menu_order":0,"comment_status":"closed","ping_status":"closed","template":"page-no-sidebar.php","meta":{"_lmt_disableupdate":"no","_lmt_disable":"no","footnotes":""},"class_list":["post-2105","page","type-page","status-publish","hentry"],"yoast_head":"<!-- This site is optimized with the Yoast SEO plugin v26.4 - https:\/\/yoast.com\/wordpress\/plugins\/seo\/ -->\n<title>Cookie Policy and Data Use<\/title>\n<meta name=\"description\" content=\"Understand how Live Casino Finder uses cookies to improve your experience and provide relevant content while protecting your privacy and data security.\" \/>\n<meta name=\"robots\" content=\"index, follow, max-snippet:-1, max-image-preview:large, max-video-preview:-1\" \/>\n<link rel=\"canonical\" href=\"https:\/\/livecasinofinder.com\/wp-json\/wp\/v2\/pages\/2105\/\" \/>\n<meta property=\"og:locale\" content=\"cs_CZ\" \/>\n<meta property=\"og:type\" content=\"article\" \/>\n<meta property=\"og:title\" content=\"Cookie Policy and Data Use\" \/>\n<meta property=\"og:description\" content=\"Understand how Live Casino Finder uses cookies to improve your experience and provide relevant content while protecting your privacy and data security.\" \/>\n<meta property=\"og:url\" content=\"https:\/\/livecasinofinder.com\/cs\/cookie-policy\/\" \/>\n<meta property=\"og:site_name\" content=\"livecasinofinder.com\" \/>\n<meta property=\"article:modified_time\" content=\"2025-06-03T11:10:21+00:00\" \/>\n<meta property=\"og:image\" content=\"https:\/\/livecasinofinder.com\/wp-content\/uploads\/2023\/03\/lucasoilraceway-logo-1.png\" \/>\n\t<meta property=\"og:image:width\" content=\"427\" \/>\n\t<meta property=\"og:image:height\" content=\"145\" \/>\n\t<meta property=\"og:image:type\" content=\"image\/png\" \/>\n<meta name=\"twitter:card\" content=\"summary_large_image\" \/>\n<meta name=\"twitter:label1\" content=\"Odhadovan\u00e1 doba \u010dten\u00ed\" \/>\n\t<meta name=\"twitter:data1\" content=\"3 minuty\" \/>\n<!-- \/ Yoast SEO plugin. -->","yoast_head_json":{"title":"Cookie Policy and Data Use","description":"Understand how Live Casino Finder uses cookies to improve your experience and provide relevant content while protecting your privacy and data security.","robots":{"index":"index","follow":"follow","max-snippet":"max-snippet:-1","max-image-preview":"max-image-preview:large","max-video-preview":"max-video-preview:-1"},"canonical":"https:\/\/livecasinofinder.com\/wp-json\/wp\/v2\/pages\/2105\/","og_locale":"cs_CZ","og_type":"article","og_title":"Cookie Policy and Data Use","og_description":"Understand how Live Casino Finder uses cookies to improve your experience and provide relevant content while protecting your privacy and data security.","og_url":"https:\/\/livecasinofinder.com\/cs\/cookie-policy\/","og_site_name":"livecasinofinder.com","article_modified_time":"2025-06-03T11:10:21+00:00","og_image":[{"width":427,"height":145,"url":"https:\/\/livecasinofinder.com\/wp-content\/uploads\/2023\/03\/lucasoilraceway-logo-1.png","type":"image\/png"}],"twitter_card":"summary_large_image","twitter_misc":{"Odhadovan\u00e1 doba \u010dten\u00ed":"3 minuty"},"schema":{"@context":"https:\/\/schema.org","@graph":[{"@type":"WebPage","@id":"https:\/\/livecasinofinder.com\/cookie-policy\/","url":"https:\/\/livecasinofinder.com\/cookie-policy\/","name":"Cookie Policy and Data Use","isPartOf":{"@id":"https:\/\/livecasinofinder.com\/ja\/#website"},"datePublished":"2023-06-20T14:36:13+00:00","dateModified":"2025-06-03T11:10:21+00:00","description":"Understand how Live Casino Finder uses cookies to improve your experience and provide relevant content while protecting your privacy and data security.","breadcrumb":{"@id":"https:\/\/livecasinofinder.com\/cookie-policy\/#breadcrumb"},"inLanguage":"cs","potentialAction":[{"@type":"ReadAction","target":["https:\/\/livecasinofinder.com\/cookie-policy\/"]}]},{"@type":"BreadcrumbList","@id":"https:\/\/livecasinofinder.com\/cookie-policy\/#breadcrumb","itemListElement":[{"@type":"ListItem","position":1,"name":"LiveCasinoFinder.com","item":"https:\/\/livecasinofinder.com\/fr\/"},{"@type":"ListItem","position":2,"name":"Cookie Policy"}]},{"@type":"WebSite","@id":"https:\/\/livecasinofinder.com\/ja\/#website","url":"https:\/\/livecasinofinder.com\/ja\/","name":"livecasinofinder","description":"","publisher":{"@id":"https:\/\/livecasinofinder.com\/ja\/#organization"},"alternateName":"Lucas oil raceway live casino","potentialAction":[{"@type":"SearchAction","target":{"@type":"EntryPoint","urlTemplate":"https:\/\/livecasinofinder.com\/ja\/?s={search_term_string}"},"query-input":{"@type":"PropertyValueSpecification","valueRequired":true,"valueName":"search_term_string"}}],"inLanguage":"cs"},{"@type":"Organization","@id":"https:\/\/livecasinofinder.com\/ja\/#organization","name":"Vyhled\u00e1va\u010d \u017eiv\u00fdch kasin","alternateName":"Lucas oil raceway live casino","url":"https:\/\/livecasinofinder.com\/ja\/","logo":{"@type":"ImageObject","inLanguage":"cs","@id":"https:\/\/livecasinofinder.com\/ja\/#\/schema\/logo\/image\/","url":"https:\/\/livecasinofinder.com\/wp-content\/uploads\/2023\/04\/livecasinofinder-logo.png","contentUrl":"https:\/\/livecasinofinder.com\/wp-content\/uploads\/2023\/04\/livecasinofinder-logo.png","width":1600,"height":453,"caption":"Live Casino Finder"},"image":{"@id":"https:\/\/livecasinofinder.com\/ja\/#\/schema\/logo\/image\/"}}]}},"_links":{"self":[{"href":"https:\/\/livecasinofinder.com\/cs\/wp-json\/wp\/v2\/pages\/2105","targetHints":{"allow":["GET"]}}],"collection":[{"href":"https:\/\/livecasinofinder.com\/cs\/wp-json\/wp\/v2\/pages"}],"about":[{"href":"https:\/\/livecasinofinder.com\/cs\/wp-json\/wp\/v2\/types\/page"}],"author":[{"embeddable":true,"href":"https:\/\/livecasinofinder.com\/cs\/wp-json\/wp\/v2\/users\/1"}],"replies":[{"embeddable":true,"href":"https:\/\/livecasinofinder.com\/cs\/wp-json\/wp\/v2\/comments?post=2105"}],"version-history":[{"count":0,"href":"https:\/\/livecasinofinder.com\/cs\/wp-json\/wp\/v2\/pages\/2105\/revisions"}],"wp:attachment":[{"href":"https:\/\/livecasinofinder.com\/cs\/wp-json\/wp\/v2\/media?parent=2105"}],"curies":[{"name":"wp","href":"https:\/\/api.w.org\/{rel}","templated":true}]}}